{"id":980,"date":"2011-06-17T22:35:54","date_gmt":"2011-06-17T22:35:54","guid":{"rendered":"http:\/\/www.pagodethienminh.fr\/?page_id=980"},"modified":"2013-03-13T15:01:51","modified_gmt":"2013-03-13T15:01:51","slug":"3-ngai-ma-ha-ca-di%e1%ba%bfp","status":"publish","type":"page","link":"https:\/\/www.pagodethienminh.fr\/?page_id=980","title":{"rendered":"Ng\u00e0i Ma-Ha Ca-Di\u1ebfp &#8211; Maha Kassapa"},"content":{"rendered":"<p style=\"text-align: center;\"><strong>Ng\u00e0i Ma-Ha Ca-Di\u1ebfp<\/strong><\/p>\n<p style=\"text-align: center;\"><strong><strong><strong><span style=\"color: #000080; font-family: Tahoma; font-size: medium;\">B\u1eadc Ch\u00e1nh <\/span><\/strong><strong><span style=\"color: #000080; font-family: Tahoma; font-size: medium;\">Thi\u1ec7n &#8211;<strong><span style=\"color: #000080; font-family: Tahoma; font-size: x-large;\">Thi\u1ebfu ni\u00ean<\/span><\/strong><\/span><\/strong><\/strong><br \/>\n<\/strong><\/p>\n<p style=\"text-align: justify;\"><strong>I.\u00a0\u00dd Ngh\u0129a T\u00ean Ng\u00e0i:<\/strong><\/p>\n<p style=\"text-align: justify;\">Ti\u1ebfng Ph\u1ea1n l\u00e0 Ma-Ha Ca Di\u1ebfp, hay Ca-Di\u1ebfp-Ba, d\u1ecbch l\u00e0 \u1ea8m-Quang. Do c\u00f4ng \u0111\u1ee9c th\u1ebfp t\u01b0\u1ee3ng trong m\u1ed9t \u0111\u1eddi tr\u01b0\u1edbc, th\u00e2n Ng\u00e0i \u0111\u01b0\u1ee3c ch\u00f3i s\u00e1ng s\u1eafc v\u00e0ng, l\u00e0m m\u1edd c\u00e1c s\u1eafc kh\u00e1c, n\u00ean g\u1ecdi l\u00e0 \u1ea8m-Quang. Ng\u00e0i l\u00e0 v\u1ecb T\u1ed5 \u0111\u1ea7u ti\u00ean \u0111\u01b0\u1ee3c \u0111\u1ee9c Ph\u1eadt truy\u1ec1n y b\u00e1t, n\u1ed1i truy\u1ec1n gi\u00e1o ph\u00e1p, n\u00ean c\u0169ng g\u1ecdi Ng\u00e0i l\u00e0 v\u1ecb T\u1ed5-s\u01b0 th\u1ee9 nh\u1ea5t.<\/p>\n<p style=\"text-align: justify;\"><strong>II. Th\u00e2n Th\u1ebf c\u1ee7a Ng\u00e0i:<\/strong><\/p>\n<p style=\"text-align: justify;\">Ng\u00e0i sanh \u1edf n\u01b0\u1edbc Ma-Ki\u1ec7t-\u0110\u00e0, d\u00f2ng B\u00e0-la-m\u00f4n, m\u1ed9t ch\u1ee7ng t\u1ed9c c\u00f3 quy\u1ec1n th\u1ebf \u1edf \u1ea4n \u0110\u1ed9. Ph\u1ee5 th\u00e2n Ng\u00e0i l\u00e0 \u1ea8m-Tr\u1ea1ch, m\u1eabu th\u00e2n l\u00e0 H\u01b0\u01a1ng-Chi. Ng\u00e0i r\u1ea5t gi\u00e0u, nh\u01b0ng Ng\u00e0i kh\u00f4ng tham nh\u1eefng s\u1ef1 sung s\u01b0\u1edbng v\u1ec1 v\u1eadt ch\u1ea5t d\u1ee5c v\u1ecdng. B\u1ecb \u00e9p l\u1eadp gia \u0111\u00ecnh v\u1edbi m\u1ed9t ng\u01b0\u1eddi \u0111\u00e0n b\u00e0 \u0111\u1eb9p \u1edf th\u00e0nh T\u1ef3-X\u00e1-L\u1ef5. Ng\u00e0i r\u1ea5t sung s\u01b0\u1edbng \u0111\u01b0\u1ee3c th\u1ea5y v\u1ee3 Ng\u00e0i c\u0169ng \u0111\u1ed3ng m\u1ed9t ni\u1ec7m ly d\u1ee5c nh\u01b0 Ng\u00e0i, v\u00e0 hai ng\u01b0\u1eddi chung s\u1ed1ng nh\u01b0ng th\u00e2n t\u00e2m v\u1eabn thanh t\u1ecbnh. Sau h\u01a1n 12 n\u0103m, hai ng\u01b0\u1eddi \u0111\u1ec1u \u0111i tu. Ng\u00e0i Ma-Ha Ca-Di\u1ebfp th\u1ecd gi\u00e1o l\u00e0m \u0111\u1ec7 t\u1eed \u0110\u1ee9c Ph\u1eadt Th\u00edch-Ca M\u00e2u-Ni.<\/p>\n<p style=\"text-align: justify;\"><strong>III.\u00a0 C\u00f4ng H\u1ea1nh C\u1ee7a Ng\u00e0i v\u00e0 L\u00f2ng Quy Ng\u01b0\u1ee1ng C\u1ee7a Ph\u1eadt T\u1eed:<\/strong><\/p>\n<p style=\"text-align: justify;\">Ng\u00e0i tu theo h\u1ea1nh \u0111\u1ea7u-\u0111\u00e0. L\u00fac gi\u00e0 y\u1ebfu, Ng\u00e0i kh\u00f4ng nh\u1eefng kh\u00f4ng th\u1ed1i chuy\u1ec3n m\u00e0 c\u00f2n si\u00eang tu b\u1ed9i ph\u1ea7n h\u01a1n. \u0110\u1ee9c Ph\u1eadt t\u00e1n th\u00e1n kh\u00edch l\u1ec7 r\u1eb1ng: &#8220;C\u00f3 h\u1ea1nh \u0111\u1ea7u-\u0111\u00e0, ph\u00e1p ta m\u1edbi tr\u01b0\u1eddng t\u1ed3n&#8221; (\u0110\u1ea7u \u0111\u00e0 ngh\u0129a l\u00e0 ph\u1ea3i r\u0169 s\u1ef1 tham tr\u01b0\u1edbc ba m\u00f3n: \u0103n, m\u1eb7c, ng\u1ee7). Ng\u00e0i \u0111\u01b0\u1ee3c t\u00f4n x\u01b0ng l\u00e0 \u0110\u1ea7u-\u0111\u00e0 \u0111\u1ec7 nh\u1ee9t, th\u01b0\u1eddng \u0111\u1ee9ng h\u1ea7u b\u00ean tay tr\u00e1i \u0110\u1ee9c Ph\u1eadt.<\/p>\n<p style=\"text-align: justify;\">Sau khi \u0110\u1ee9c Ph\u1eadt nh\u1eadp Ni\u1ebft-B\u00e0n, Ng\u00e0i h\u1ed9i h\u1ecdp T\u0103ng-ch\u00fang, g\u1ed3m nh\u1eefng v\u1ecb \u0111\u1ea1i \u0111\u1ee9c th\u00f4ng hi\u1ec3u kinh lu\u1eadt, t\u1ea1i n\u01b0\u1edbc Ma-ki\u1ec7t-\u0110\u00e0, th\u00e0nh V\u01b0\u01a1ng-x\u00e1, n\u00fai K\u1ef3-x\u00e0-Qu\u1eadt \u0111\u1ec3 k\u1ebft t\u1eadp kinh, lu\u1eadt, lu\u1eadn. H\u1ed9i ngh\u1ecb n\u1ea7y l\u00e0 l\u1ea7n k\u1ebft t\u1eadp \u0111\u1ea7u ti\u00ean. Ng\u00e0i l\u00e0 v\u1ecb T\u1ed5 s\u01b0 th\u1ee9 nh\u1ea5t \u0111\u01b0\u1ee3c \u0110\u1ee9c Ph\u1eadt truy\u1ec1n y b\u00e1t, c\u1ea7m \u0111\u1ea7u T\u0103ng ch\u00fang v\u00e0 truy\u1ec1n b\u00e1 gi\u00e1o ph\u00e1p. Ng\u00e0i l\u1ea1i t\u01b0\u1ee3ng tr\u01b0ng cho h\u1ea1nh ly d\u1ee5c ho\u00e0n to\u00e0n c\u1ee7a \u0111\u1ea1o Ph\u1eadt.<\/p>\n<p style=\"text-align: justify;\">Ph\u1eadt t\u1eed ch\u00fang ta lu\u00f4n lu\u00f4n ghi nh\u1edb \u00e2n Ng\u00e0i, b\u1eb1ng c\u00e1ch \u0111\u1ea3nh l\u1ec5 t\u00e1n th\u00e1n Ng\u00e0i, tu h\u1ecdc truy\u1ec1n b\u00e1 h\u00e0nh ph\u00e1p v\u00e0 t\u1eadp s\u1ed1ng theo h\u1ea1nh ly d\u1ee5c thanh t\u1ecbnh c\u1ee7a Ng\u00e0i.<\/p>\n","protected":false},"excerpt":{"rendered":"<p>Ng\u00e0i Ma-Ha Ca-Di\u1ebfp B\u1eadc Ch\u00e1nh Thi\u1ec7n &#8211;Thi\u1ebfu ni\u00ean I.\u00a0\u00dd Ngh\u0129a T\u00ean Ng\u00e0i: Ti\u1ebfng Ph\u1ea1n l\u00e0 Ma-Ha Ca Di\u1ebfp, hay Ca-Di\u1ebfp-Ba, d\u1ecbch l\u00e0 \u1ea8m-Quang. Do c\u00f4ng \u2026 <a class=\"continue-reading-link\" href=\"https:\/\/www.pagodethienminh.fr\/?page_id=980\">Continue \u00e0 lire <span class=\"meta-nav\">&rarr; <\/span><\/a><\/p>\n","protected":false},"author":1,"featured_media":0,"parent":2804,"menu_order":4,"comment_status":"closed","ping_status":"closed","template":"template-onecolumn.php","meta":{"_mc_calendar":[],"footnotes":""},"class_list":["post-980","page","type-page","status-publish","hentry"],"_links":{"self":[{"href":"https:\/\/www.pagodethienminh.fr\/index.php?rest_route=\/wp\/v2\/pages\/980","targetHints":{"allow":["GET"]}}],"collection":[{"href":"https:\/\/www.pagodethienminh.fr\/index.php?rest_route=\/wp\/v2\/pages"}],"about":[{"href":"https:\/\/www.pagodethienminh.fr\/index.php?rest_route=\/wp\/v2\/types\/page"}],"author":[{"embeddable":true,"href":"https:\/\/www.pagodethienminh.fr\/index.php?rest_route=\/wp\/v2\/users\/1"}],"replies":[{"embeddable":true,"href":"https:\/\/www.pagodethienminh.fr\/index.php?rest_route=%2Fwp%2Fv2%2Fcomments&post=980"}],"version-history":[{"count":6,"href":"https:\/\/www.pagodethienminh.fr\/index.php?rest_route=\/wp\/v2\/pages\/980\/revisions"}],"predecessor-version":[{"id":3247,"href":"https:\/\/www.pagodethienminh.fr\/index.php?rest_route=\/wp\/v2\/pages\/980\/revisions\/3247"}],"up":[{"embeddable":true,"href":"https:\/\/www.pagodethienminh.fr\/index.php?rest_route=\/wp\/v2\/pages\/2804"}],"wp:attachment":[{"href":"https:\/\/www.pagodethienminh.fr\/index.php?rest_route=%2Fwp%2Fv2%2Fmedia&parent=980"}],"curies":[{"name":"wp","href":"https:\/\/api.w.org\/{rel}","templated":true}]}}