{"id":918,"date":"2011-05-27T15:41:28","date_gmt":"2011-05-27T15:41:28","guid":{"rendered":"http:\/\/www.pagodethienminh.fr\/?page_id=918"},"modified":"2013-03-14T15:18:03","modified_gmt":"2013-03-14T15:18:03","slug":"3aw-bai-phap-c%e1%bb%a7a-d%e1%bb%a9c-d%e1%ba%a1t-lai-l%e1%ba%a1t-ma","status":"publish","type":"page","link":"https:\/\/www.pagodethienminh.fr\/?page_id=918","title":{"rendered":"B\u00e0i ph\u00e1p c\u1ee7a \u0111\u1ee9c \u0110\u1ea1t Lai L\u1ea1t Ma"},"content":{"rendered":"<p style=\"text-align: right;\"><em><strong>M\u1ed9t b\u00e0i ph\u00e1p tuy\u1ec7t v\u1eddi c\u1ee7a \u0111\u1ee9c \u0110\u1ea1t Lai L\u1ea1t Ma<\/strong><\/em><\/p>\n<p style=\"text-align: justify;\"><em>Nh\u00e2n l\u00fac ngh<\/em><em>\u1ec9<\/em><em> tr<\/em><em>\u01b0<\/em><em>a n<\/em><em>\u1eb1<\/em><em>m \u0111<\/em><em>\u1ecd<\/em><em>c t<\/em><em>\u1ea1<\/em><em>p ch\u00ed &#8220;S\u00f3ng Th<\/em><em>\u1ea7<\/em><em>n&#8221;, th<\/em><em>\u1ea5<\/em><em>y c\u00f3 m<\/em><em>\u1ed9<\/em><em>t b\u00e0i vi<\/em><em>\u1ebf<\/em><em>t r<\/em><em>\u1ea5<\/em><em>t ng<\/em><em>\u1eaf<\/em><em>n c<\/em><em>\u1ee7<\/em><em>a T\u00e2m Di<\/em><em>\u1ec7<\/em><em>u, th\u00e1p t\u00f9ng ph\u00e1i \u0111o\u00e0n Ph<\/em><em>\u1ead<\/em><em>t T<\/em><em>\u1eed<\/em><em> Vi<\/em><em>\u1ec7<\/em><em>t Nam h\u00e0nh h<\/em><em>\u01b0\u01a1<\/em><em>ng tr\u00ean \u0111<\/em><em>\u1ec9<\/em><em>nh n\u00fai Dharamsala t<\/em><em>\u1ea1<\/em><em>i <\/em><em>\u1ea4<\/em><em>n \u0110<\/em><em>\u1ed9<\/em><em>, \u0111<\/em><em>\u01b0\u1ee3<\/em><em>c h\u00e2n h<\/em><em>\u1ea1<\/em><em>nh nghe \u0111<\/em><em>\u1ee9<\/em><em>c \u0110<\/em><em>\u1ea1<\/em><em>t Lai L<\/em><em>\u1ea1<\/em><em>t Ma 14 thuy<\/em><em>\u1ebf<\/em><em>t ph\u00e1p trong n\u0103m ph\u00fat. Th<\/em><em>\u1ea5<\/em><em>y hay ha<\/em><em>y, t\u00f4i \u0111\u00e1nh m\u00e1y l<\/em><em>\u1ea1<\/em><em>i b\u00e0i vi<\/em><em>\u1ebf<\/em><em>t \u0111\u0103ng v\u00e0o chia s<\/em><em>\u1ebb<\/em><em> c\u00f9ng anh ch<\/em><em>\u1ecb<\/em><em> em. Trong b\u00e0i c\u00f3 k\u00e8m theo c\u00e1c h\u00ecnh <\/em><em>\u1ea3<\/em><em>nh tr<\/em><em>\u1eaf<\/em><em>ng \u0111en kh\u00f4ng \u0111<\/em><em>\u01b0\u1ee3<\/em><em>c \u0111<\/em><em>\u1eb9<\/em><em>p l<\/em><em>\u1eaf<\/em><em>m n\u00ean t\u00f4i kh\u00f4ng ch<\/em><em>\u1ee5<\/em><em>p l<\/em><em>\u1ea1<\/em><em>i. Trong b\u00e0i c\u00f3 hai ch<\/em><em>\u1ed7<\/em><em> \u0111\u00e1nh m\u00e1y sai &#8220;Dharamsala&#8221; th\u00e0nh &#8220;Dharmasala&#8221; v\u00e0 &#8220;tr<\/em><em>\u1edf<\/em><em>&#8221; th\u00e0nh &#8220;tr<\/em><em>\u1edd<\/em><em>&#8220;<\/em><em>.<\/em><em><\/em><\/p>\n<p style=\"text-align: justify;\"><span style=\"line-height: 22px; font-size: small;\"><strong>B\u00c0I PH\u00c1P TUY\u1ec6T V\u1edcI C\u1ee6A \u0110\u1ee8C \u0110\u1ea0T LAI L\u1ea0T MA <\/strong><\/span><\/p>\n<div><span style=\"font-size: small;\"><strong>D\u00c0NH CHO PH\u1eacT T\u1eec VI\u1ec6T NAM TR\u00caN \u0110\u1ec8NH DHARAMSALA<\/strong><\/span><br \/>\nT\u00e2m Di\u1ec7u<\/div>\n<p>Th\u1eadt l\u00e0 m\u1ed9t h\u1ea1nh ph\u00fac l\u1edbn lao v\u00e0 m\u1ed9t duy\u00ean l\u00e0nh \u0111\u1eb7c bi\u1ec7t cho \u0111o\u00e0n h\u00e0nh h\u01b0\u01a1ng chi\u00eam b\u00e1i c\u00e1c th\u00e1nh t\u00edch Ph\u1eadt Gi\u00e1o \u0111\u01b0\u1ee3c vinh d\u1ef1 g\u1eb7p \u0111\u1ee9c \u0110\u1ea1t Lai L\u1ea1t Ma v\u00e0 \u0111\u01b0\u1ee3c ng\u00e0i ban cho m\u1ed9t b\u00e0i ph\u00e1p v\u00f4 c\u00f9ng tuy\u1ec7t di\u1ec7u. H\u1ea1nh ph\u00fac v\u00ec \u0111\u01b0\u1ee3c nghe nh\u1eefng l\u1eddi ph\u00e1p nh\u0169 v\u00e0 c\u00f3 \u0111\u01b0\u1ee3c duy\u00ean l\u00e0nh v\u00ec \u0111o\u00e0n kh\u00f4ng h\u1eb9n tr\u01b0\u1edbc m\u00e0 l\u1ea1i \u0111\u01b0\u1ee3c g\u1eb7p ng\u00e0i trong l\u00fac ng\u00e0i v\u00f4 c\u00f9ng b\u1eadn r\u1ed9n Ph\u1eadt s\u1ef1 l\u1eabn ch\u00ednh s\u1ef1.<\/p>\n<p>\u0110o\u00e0n Ph\u1eadt t\u1eed Vi\u1ec7t Nam do th\u1ea7y Th\u00edch Th\u00f4ng H\u1ea1nh, ph\u00f3 vi\u1ec7n ch\u1ee7 Tr\u00fac L\u00e2m Thi\u1ec1n Vi\u1ec7n Th\u01b0\u1eddng Chi\u1ebfu t\u1ec9nh \u0110\u1ed3ng Nai \u0111i \u0111\u1ea7u, k\u1ebf ti\u1ebfp l\u00e0 th\u1ea7y Th\u00edch Tr\u00fac Th\u00f4ng Ph\u1ed5, ph\u00f3 vi\u1ec7n ch\u1ee7 Tr\u00fac L\u00e2m Thi\u1ec1n Vi\u1ec7n T\u00e2y Thi\u00ean t\u1ec9nh V\u0129nh Ph\u00fac v\u00e0 qu\u00fd t\u0103ng ni c\u00f9ng c\u01b0 s\u0129 Ph\u1eadt t\u1eed \u0111\u1ebfn t\u1eeb Vi\u1ec7t Nam, \u00dac, Canada v\u00e0 Hoa K\u1ef3. V\u00ec ng\u01b0\u1eddi t\u1ed5 ch\u1ee9c cu\u1ed9c h\u00e0nh h\u01b0\u01a1ng kh\u00f4ng l\u00e0m th\u1ee7 t\u1ee5c xin m\u1ed9t c\u00e1i h\u1eb9n tr\u01b0\u1edbc b\u1ed1n th\u00e1ng, n\u00ean khi xu\u1ea5t hi\u1ec7n m\u1ed9t c\u00e1ch \u0111\u1ed9t ng\u1ed9t, \u0111o\u00e0n \u0111\u00e3 b\u1ecb vi\u00ean ch\u1ee9c s\u1eafp x\u1ebfp l\u1ecbch tr\u00ecnh c\u1ee7a v\u0103n ph\u00f2ng \u0111\u1ee9c \u0110\u1ea1t Lai L\u1ea1t Ma\u00a0<em>(agenda officer)<\/em> t\u1eeb kh\u01b0\u1edbc \u0111\u1ebfn ba l\u1ea7n, nh\u01b0ng do s\u1ef1 kh\u00e9o l\u00e9o v\u00e0 ki\u00ean tr\u00ec c\u1ee7a s\u01b0 c\u00f4 Th\u00edch n\u1eef Li\u00ean Qu\u00fd, m\u1ed9t v\u1ecb h\u1ecdc ni \u0111ang h\u1ecdc ti\u1ebfn s\u0129 Ph\u1eadt h\u1ecdc \u1edf vi\u1ec7n \u0111\u1ea1i h\u1ecdc Delhi, h\u01b0\u1edbng d\u1eabn vi\u00ean ti\u1ebfng Vi\u1ec7t c\u1ee7a \u0111o\u00e0n, \u0111o\u00e0n \u0111\u00e3 d\u01b0\u1ee3c v\u0103n ph\u00f2ng c\u1ee7a \u0111\u1ee9c \u0110\u1ea1t Lai L\u1ea1t Ma \u0111\u1ed3ng \u00fd \u0111\u1ec3 Ng\u00e0i ti\u1ebfp v\u00e0o bu\u1ed5i tr\u01b0a.<\/p>\n<p>\u0110\u1ee9c \u0110\u1ea1t Lai L\u1ea1t Ma, ngo\u00e0i c\u01b0\u01a1ng v\u1ecb l\u00e3nh \u0111\u1ea1o tinh th\u1ea7n nh\u00e2n d\u00e2n T\u00e2y T\u1ea1ng, ng\u00e0i c\u00f2n l\u00e0 qu\u1ed1c tr\u01b0\u1edfng c\u1ee7a m\u1ed9t n\u01b0\u1edbc, n\u00ean mu\u1ed1n \u0111\u01b0\u1ee3c v\u00e0o t\u01b0 dinh g\u1eb7p ng\u00e0i, kh\u00e1ch ph\u1ea3i tr\u1ea3i qua th\u1ee7 t\u1ee5c kh\u00e1m x\u00e9t an ninh r\u1ea5t g\u1eaft gao c\u1ee7a c\u1ea3nh s\u00e1t li\u00ean bang C\u1ed9ng H\u00f2a \u1ea4n \u0110\u1ed9 v\u00e0 m\u1ea5t r\u1ea5t nhi\u1ec1u th\u1eddi gi\u1edd ch\u1edd \u0111\u1ee3i. M\u1eb7c d\u1ea7u v\u1eady, qu\u00fd th\u1ea7y c\u00f4 \u00e1o v\u00e0ng v\u00e0 c\u01b0 s\u0129 Ph\u1eadt t\u1eed \u00e1o lam ch\u00fang t\u00f4i c\u0169ng r\u1ea5t hoan h\u1ef7 s\u1eafp h\u00e0ng m\u1ed9t \u0111\u1ec3 t\u1eebng ng\u01b0\u1eddi b\u01b0\u1edbc qua c\u00e1c th\u1ee7 t\u1ee5c an ninh, kh\u00e1m x\u00e9t th\u00e2n th\u1ec3 v\u00e0 c\u00e1c v\u1eadt d\u1ee5ng t\u00f9y th\u00e2n nh\u01b0 khi v\u00e0o dinh nguy\u00ean th\u1ee7 c\u00e1c qu\u1ed1c gia kh\u00e1c hay nh\u01b0 \u0111i qua c\u00e1c phi tr\u01b0\u1eddng qu\u1ed1c t\u1ebf \u1edf Hoa K\u1ef3.<\/p>\n<p>Kho\u1ea3ng 12 gi\u1edd tr\u01b0a, ng\u00e0i ra tr\u01b0\u1edbc dinh \u0111\u00f3n g\u1eb7p v\u00e0 t\u1ef1 tay trao t\u1eb7ng cho t\u1eebng ng\u01b0\u1eddi, m\u1ed7i ng\u01b0\u1eddi m\u1ed9t b\u1ee9c h\u00ecnh t\u00f4n tr\u01b0\u1ee3ng \u0111\u1ee9c Ph\u1eadt th\u1edd t\u1ea1i \u0110\u1ea1i th\u00e1p B\u1ed3 \u0110\u1ec1 \u0110\u1ea1o Tr\u00e0ng. Sau \u0111\u00f3 ch\u1ee5p h\u00ecnh chung l\u01b0u ni\u1ec7m v\u1edbi t\u1eebng nh\u00f3m trong \u0111o\u00e0n do \u0111o\u00e0n qu\u00e1 \u0111\u00f4ng, v\u00e0 cu\u1ed1i c\u00f9ng ng\u00e0i n\u00f3i m\u1ed9t b\u00e0i ph\u00e1p ng\u1eafn kho\u1ea3ng n\u0103m ph\u00fat.<\/p>\n<p>Sau l\u1eddi ch\u00e0o m\u1eebng ng\u1eafn g\u1ecdn v\u1edbi \u0111o\u00e0n Ph\u1eadt t\u1eed Vi\u1ec7t Nam, ng\u00e0i n\u00f3i ngay r\u1eb1ng:\u00a0<em>&#8220;\u0110\u1ee9c Ph\u1eadt kh\u00f4ng ph\u1ea3i l\u00e0 \u0111\u1ea5ng t\u1ea1o h\u00f3a\u00a0<em>(Creator)<\/em>. Ng\u00e0i l\u00e0 m\u1ed9t con ng\u01b0\u1eddi b\u00ecnh th\u01b0\u1eddng, \u0111\u00e3 tu h\u00e0nh v\u00e0 \u0111\u00e3 gi\u00e1c ng\u1ed9 vi\u00ean m\u00e3n, v\u00e0 \u0111\u1ed1i v\u1edbi \u0111\u1ea1o Ph\u1eadt, m\u1ecdi s\u1ef1 m\u1ecdi v\u1eadt \u0111\u1ec1u do nh\u00e2n duy\u00ean sinh kh\u1edfi, do t\u00e1c \u0111\u1ed9ng c\u1ee7a \u0111\u1ecbnh lu\u1eadt nh\u00e2n qu\u1ea3: &#8220;Law of Cause and Effect&#8221;<\/em>.<\/p>\n<p>Ng\u00e0i n\u00f3i ti\u1ebfp r\u1eb1ng:\u00a0<em>&#8220;Mu\u1ed1n \u0111\u1ea1t \u0111\u01b0\u1ee3c h\u1ea1nh ph\u00fac ch\u00e2n th\u1eadt th\u00ec c\u1ea7n ph\u1ea3i c\u00f3 m\u1ed9t tinh th\u1ea7n an l\u1ea1c, v\u00e0 mu\u1ed1n c\u00f3 tinh th\u1ea7n an l\u1ea1c, c\u1ea7n ph\u1ea3i c\u00f3 t\u00ecnh th\u01b0\u01a1ng v\u00e0 l\u00f2ng t\u1eeb bi (love and compassion), l\u00e0m sao \u0111\u1ec3 ch\u00fang ta ph\u00e1t tri\u1ec3n \u0111\u01b0\u1ee3c t\u00ecnh th\u01b0\u01a1ng v\u00e0 l\u00f2ng t\u1eeb?<\/em><\/p>\n<p>Ch\u1ec9 ngh\u0129 \u0111\u1ebfn c\u0169ng ch\u01b0a \u0111\u1ee7, ch\u00fang ta c\u1ea7n ph\u1ea3i l\u00e0m sao \u0111\u1ec3 chuy\u1ec3n h\u00f3a t\u00e2m ni\u1ec7m v\u00e0 h\u00e0nh \u0111\u1ed9ng c\u1ee7a m\u00ecnh trong \u0111\u1eddi s\u1ed1ng h\u00e0ng ng\u00e0y. Ch\u00eca kh\u00f3a cho m\u1ed9t th\u1ebf gi\u1edbi h\u00f2a b\u00ecnh, h\u1ea1nh ph\u00fac v\u00e0 an l\u1ea1c b\u1ea3n th\u00e2n ch\u00ednh l\u00e0 ph\u00e1t tri\u1ec3n t\u00ecnh th\u01b0\u01a1ng v\u00e0 l\u00f2ng t\u1eeb bi&#8221;.<\/p>\n<p>Ng\u00e0i c\u0169ng nh\u1eafc nh\u1edf:\u00a0<em>&#8220;M\u1ed7i ng\u01b0\u1eddi ch\u00fang ta \u0111\u1ec1u c\u00f3 Ph\u1eadt t\u00e1nh v\u00e0 c\u1ea7n n\u1ed7 l\u1ef1c th\u1ef1c h\u00e0nh \u0111\u1ec3 tr\u1edf th\u00e0nh v\u1ecb gi\u00e1c ng\u1ed9 nh\u01b0 Ph\u1eadt \u0111\u00e3 th\u00e0nh&#8221;<\/em>. Ng\u00e0i c\u0169ng kh\u00f4ng qu\u00ean nh\u1eafc nh\u1edf Ph\u1eadt t\u1eed Vi\u1ec7t Nam:\u00a0<em>&#8220;N\u00ean \u0111\u1ecdc v\u00e0 th\u1ef1c h\u00e0nh kinh \u0110\u1ea1i B\u00e1t Nh\u00e3 (Mah\u00e0 Prajn\u00e0p\u00e0ramit\u00e0 S\u00f9tra), nh\u1ea5t l\u00e0 nh\u1eefng ph\u1ea9m n\u00f3i v\u1ec1 T\u1eeb Bi, Tr\u00ed Tu\u1ec7, Ba La M\u1eadt \u0110a (paramitas) v\u00e0 T\u00e1nh Kh\u00f4ng (emptiness)&#8230;&#8221;<\/em><\/p>\n<p>Ng\u01b0\u1eddi vi\u1ebft \u0111\u00e3 nhi\u1ec1u l\u1ea7n \u0111\u01b0\u1ee3c nghe tr\u1ef1c ti\u1ebfp c\u00e1c bu\u1ed5i thuy\u1ebft gi\u1ea3ng d\u00e0nh cho Ph\u1eadt t\u1eed Vi\u1ec7t Nam t\u1ea1i Hoa K\u1ef3, bao gi\u1edd ng\u00e0i c\u0169ng m\u1edf \u0111\u1ea7u b\u1eb1ng c\u00e1ch khuy\u00ean nh\u1ee7 Ph\u1eadt t\u1eed Vi\u1ec7t Nam h\u00e3y gi\u1eef truy\u1ec1n th\u1ed1ng tu t\u1eadp s\u1eb5n c\u00f3 c\u1ee7a m\u00ecnh m\u00e0 kh\u00f4ng n\u00ean ch\u1ea1y theo m\u1ed9t truy\u1ec1n th\u1ed1ng kh\u00e1c, nh\u01b0ng \u0111\u1eb7c bi\u1ec7t l\u1ea7n n\u00e0y ng\u00e0i kh\u00f4ng n\u00f3i nh\u01b0 v\u1eady m\u00e0 ng\u00e0i \u0111\u00e3 l\u1eadp l\u1ea1i \u0111\u1ebfn hai l\u1ea7n trong m\u1ed9t b\u00e0i ph\u00e1p ng\u1eafn r\u1eb1ng:\u00a0<em>&#8220;\u0110\u1ee9c Ph\u1eadt kh\u00f4ng ph\u1ea3i l\u00e0 m\u1ed9t \u0111\u1ea5ng t\u1ea1o h\u00f3a<\/em>&#8220;. C\u00f3 l\u1ebd \u0111\u00e2y l\u00e0 m\u1ed9t th\u00f4ng \u0111i\u1ec7p quan tr\u1ecdng v\u00e0 ng\u00e0i ch\u1ec9 mu\u1ed1n nh\u1eafc nh\u1edf Ph\u1eadt t\u1eed Vi\u1ec7t Nam \u0111\u1eebng xem \u00f4ng Ph\u1eadt nh\u01b0 m\u1ed9t \u0111\u1ea5ng th\u1ea7n quy\u1ec1n \u0111\u1ea7y quy\u1ec1n n\u0103ng s\u00e1ng t\u1ea1o, c\u00f3 quy\u1ec1n ban ph\u01b0\u1edbc gi\u00e1 h\u1ecda cho mu\u00f4n lo\u00e0i. \u0110\u1eebng c\u1ea7u xin van l\u1ea1y Ng\u00e0i (\u0110\u1ee9c Ph\u1eadt) m\u00e0 ph\u1ea3i n\u1ed7 l\u1ef1c tinh t\u1ea5n t\u1ef1 th\u00e2n tu t\u1eadp. Kh\u00f4ng bi\u1ebft \u0111\u1ee9c \u0110\u1ea1t Lai L\u1ea1t Ma c\u00f3 tha t\u00e2m th\u00f4ng kh\u00f4ng m\u00e0 h\u00ecnh nh\u01b0 ng\u00e0i bi\u1ebft r\u00f5 t\u00e2m c\u1ee7a ng\u01b0\u1eddi Ph\u1eadt t\u1eed Vi\u1ec7t Nam, \u0111a s\u1ed1 \u0111\u1ec1u \u0111\u1eb7t n\u1eb7ng l\u00f2ng tin, s\u00f9ng k\u00ednh l\u1ec5 l\u1ea1y v\u00e0 b\u00e1i s\u00e1m c\u1ea7u nguy\u1ec7n. Trong m\u1ed9t b\u00e0i ph\u00e1p ng\u1eafn kh\u00f4ng so\u1ea1n tr\u01b0\u1edbc m\u00e0 ng\u00e0i \u0111\u00e3 l\u1eadp l\u1ea1i hai l\u1ea7n v\u1ec1 m\u1ed7i t\u1eeb &#8220;T\u1ea1o H\u00f3a&#8221;, t\u1eeb &#8220;Nh\u00e2n Qu\u1ea3&#8221;, t\u1eeb &#8220;Th\u1ef1c H\u00e0nh&#8221; v\u00e0 nhi\u1ec1u l\u1ea7n v\u1ec1 t\u1eeb &#8220;T\u1eeb Bi&#8221;, l\u1ea1i nh\u1eafc nh\u1edf Ph\u1eadt t\u1eed Vi\u1ec7t Nam n\u00ean \u0111\u1ecdc v\u00e0 th\u1ef1c h\u00e0nh t\u1eeb bi, tr\u00ed tu\u1ec7, ba la m\u1eadt \u0111a\u00a0<em>(Paramitas)<\/em> v\u00e0 T\u00e1nh Kh\u00f4ng\u00a0<em>(Emptiness)<\/em> trong kinh \u0110\u1ea1i B\u00e1t Nh\u00e3. Ng\u00e0i kh\u00f4ng n\u00f3i chi ti\u1ebft nh\u01b0ng qua n\u1ed9i dung b\u00e0i ph\u00e1p, d\u01b0\u1eddng nh\u01b0 ng\u00e0i mu\u1ed1n nh\u1eafc nh\u1edf ng\u01b0\u1eddi Ph\u1eadt t\u1eed Vi\u1ec7t Nam ba \u0111i\u1ec1u:<\/p>\n<blockquote><p>1. \u0110\u1eebng xem \u0110\u1ee9c Ph\u1eadt nh\u01b0 l\u00e0 m\u1ed9t \u0111\u1ea5ng t\u1ea1o h\u00f3a, c\u00f3 quy\u1ec1n n\u0103ng ban ph\u01b0\u1edbc gi\u00e1 h\u1ecda.<\/p>\n<p>2. H\u00e3y tin s\u00e2u, tin b\u1ec1n v\u00e0 tin ch\u1eafc v\u1ec1 Ph\u1eadt t\u00ednh, v\u1ec1 m\u1ed7i ng\u01b0\u1eddi \u0111\u1ec1u c\u00f3 gi\u00e1c t\u00ednh, \u0111\u1ec1u c\u00f3 kh\u1ea3 n\u0103ng th\u00e0nh Ph\u1eadt v\u00e0 v\u1ec1 nh\u00e2n qu\u1ea3. Ch\u1ec9 c\u00f3 tinh t\u1ea5n tu t\u1eadp t\u1ef1 th\u00e2n m\u1edbi c\u00f3 th\u1ec3 chuy\u1ec3n h\u00f3a \u0111\u01b0\u1ee3c nghi\u1ec7p qu\u1ea3.<\/p>\n<p>3. N\u1ed7 l\u1ef1c th\u1ef1c h\u00e0nh Ph\u1eadt Ph\u00e1p trong \u0111\u1eddi s\u1ed1ng h\u00e0ng ng\u00e0y qua vi\u1ec7c ph\u00e1t tri\u1ec3n t\u00ecnh th\u01b0\u01a1ng v\u00e0 l\u00f2ng t\u1eeb bi, qua vi\u1ec7c th\u1ef1c h\u00e0nh Ba La M\u1eadt.<\/p><\/blockquote>\n<p>Ch\u1ec9 v\u1edbi n\u0103m ph\u00fat ng\u1eafn m\u00e0 ng\u00e0i \u0111\u00e3 ph\u00e1c h\u1ecda m\u1ed9t l\u1ed9 \u0111\u1ed3 tu t\u1eadp\u00a0<em>(road map)<\/em> cho ng\u01b0\u1eddi Ph\u1eadt t\u1eed, nh\u1ea5t l\u00e0 cho ng\u01b0\u1eddi Ph\u1eadt t\u1eed Vi\u1ec7t Nam \u0111\u1eb7t n\u1eb7ng l\u00f2ng tin, s\u00f9ng k\u00ednh l\u1ec5 b\u00e1i v\u00e0 c\u1ea7u nguy\u1ec7n. Sau khi d\u1ee9t l\u1eddi ng\u00e0i b\u1eaft tay t\u1eeb gi\u00e3 m\u1ed9t s\u1ed1 Ph\u1eadt t\u1eed \u0111\u1ee9ng g\u1ea7n ng\u00e0i. C\u00e1c c\u1eadn v\u1ec7 c\u1ee7a ng\u00e0i \u0111\u01b0a ng\u00e0i v\u00e0o t\u01b0 dinh, \u0111\u1ec3 l\u1ea1i cho \u0111o\u00e0n m\u1ed9t nu\u1ed1i ti\u1ebfc. Ch\u00fang t\u00f4i, nh\u1eefng ng\u01b0\u1eddi cu\u1ed1i c\u00f9ng \u0111i sau \u0111o\u00e0n, l\u1eefng th\u1eefng b\u01b0\u1edbc t\u1eebng b\u01b0\u1edbc tr\u00ean con \u0111\u01b0\u1eddng d\u1ed1c soai so\u1ea3i ra c\u1ed5ng. \u0110\u1ed3ng h\u1ed3 tay t\u00f4i ch\u1ec9 12 gi\u1edd 30 ph\u00fat tr\u01b0a ng\u00e0y 11-3-2011. \u0110i m\u1ed9t \u0111o\u1ea1n d\u01b0\u1eddng d\u00e0i 500 c\u00e2y s\u1ed1 t\u1eeb Delhi \u0111\u1ebfn \u0111\u00e2y v\u00e0 m\u1ea5t h\u01a1n b\u1ed1n ti\u1ebfng \u0111\u1ed3ng h\u1ed3 ch\u1edd \u0111\u1ee3i ch\u1ec9 \u0111\u1ec3 g\u1eb7p ng\u00e0i v\u00e0 nghe ng\u00e0i n\u00f3i trong n\u0103m ph\u00fat qu\u1ea3 l\u00e0 \u0111\u1eb7c bi\u1ec7t, kh\u00f3 c\u00f3 th\u1ec3 t\u01b0\u1edfng t\u01b0\u1ee3ng n\u1ed5i v\u1edbi m\u1ed9t ng\u01b0\u1eddi b\u00ecnh th\u01b0\u1eddng. N\u1ebfu kh\u00f4ng th\u1ef1c h\u00e0nh h\u00e0ng ng\u00e0y nh\u1eefng l\u1eddi d\u1ea1y c\u1ee7a Ng\u00e0i m\u00e0 xem nh\u01b0 c\u01a1n gi\u00f3 tho\u1ea3ng th\u00ec ti\u1ebfc l\u1eafm thay.<\/p>\n<p>Hai b\u00ean d\u1ed1c, hoa v\u00e0ng, hoa \u0111\u1ecf \u0111ang \u0111ua s\u1eafc b\u00e1o hi\u1ec7u m\u00f9a Xu\u00e2n \u0111ang tr\u1edf v\u1ec1 tr\u00ean \u0111\u1ec9nh Dharamsala. M\u00f9a Xu\u00e2n tr\u1edf v\u1ec1 c\u0169ng v\u1edbi l\u1ec5 h\u1ed9i Losar \u0111\u00f3n m\u1eebng n\u0103m m\u1edbi c\u1ee7a ng\u01b0\u1eddi T\u00e2y T\u1ea1ng, tr\u1edf v\u1ec1 c\u00f9ng v\u1edbi ng\u00e0y k\u1ef7 ni\u1ec7m 52 n\u0103m xa x\u1ee9.<\/p>\n<p>Happy Losar nh\u1eefng ng\u01b0\u1eddi b\u00e0 con, nh\u1eefng ng\u01b0\u1eddi anh em \u0111ang s\u1ed1ng tha h\u01b0\u01a1ng, \u0111ang mong ch\u1edd m\u1ed9t ng\u00e0y quy c\u1ed1 h\u01b0\u01a1ng.<\/p>\n<p style=\"text-align: right;\">T\u00e2m Di\u1ec7u<br \/>\n<em>(vi\u1ebft t\u1eeb Dharamsala 12-3-2011)<\/em><\/p>\n","protected":false},"excerpt":{"rendered":"<p>M\u1ed9t b\u00e0i ph\u00e1p tuy\u1ec7t v\u1eddi c\u1ee7a \u0111\u1ee9c \u0110\u1ea1t Lai L\u1ea1t Ma Nh\u00e2n l\u00fac ngh\u1ec9 tr\u01b0a n\u1eb1m \u0111\u1ecdc t\u1ea1p ch\u00ed &#8220;S\u00f3ng Th\u1ea7n&#8221;, th\u1ea5y c\u00f3 m\u1ed9t b\u00e0i \u2026 <a class=\"continue-reading-link\" href=\"https:\/\/www.pagodethienminh.fr\/?page_id=918\">Continue \u00e0 lire <span class=\"meta-nav\">&rarr; <\/span><\/a><\/p>\n","protected":false},"author":1,"featured_media":0,"parent":1599,"menu_order":23,"comment_status":"closed","ping_status":"closed","template":"template-onecolumn.php","meta":{"_mc_calendar":[],"footnotes":""},"class_list":["post-918","page","type-page","status-publish","hentry"],"_links":{"self":[{"href":"https:\/\/www.pagodethienminh.fr\/index.php?rest_route=\/wp\/v2\/pages\/918","targetHints":{"allow":["GET"]}}],"collection":[{"href":"https:\/\/www.pagodethienminh.fr\/index.php?rest_route=\/wp\/v2\/pages"}],"about":[{"href":"https:\/\/www.pagodethienminh.fr\/index.php?rest_route=\/wp\/v2\/types\/page"}],"author":[{"embeddable":true,"href":"https:\/\/www.pagodethienminh.fr\/index.php?rest_route=\/wp\/v2\/users\/1"}],"replies":[{"embeddable":true,"href":"https:\/\/www.pagodethienminh.fr\/index.php?rest_route=%2Fwp%2Fv2%2Fcomments&post=918"}],"version-history":[{"count":5,"href":"https:\/\/www.pagodethienminh.fr\/index.php?rest_route=\/wp\/v2\/pages\/918\/revisions"}],"predecessor-version":[{"id":920,"href":"https:\/\/www.pagodethienminh.fr\/index.php?rest_route=\/wp\/v2\/pages\/918\/revisions\/920"}],"up":[{"embeddable":true,"href":"https:\/\/www.pagodethienminh.fr\/index.php?rest_route=\/wp\/v2\/pages\/1599"}],"wp:attachment":[{"href":"https:\/\/www.pagodethienminh.fr\/index.php?rest_route=%2Fwp%2Fv2%2Fmedia&parent=918"}],"curies":[{"name":"wp","href":"https:\/\/api.w.org\/{rel}","templated":true}]}}