{"id":895,"date":"2011-05-21T07:49:26","date_gmt":"2011-05-21T07:49:26","guid":{"rendered":"http:\/\/www.pagodethienminh.fr\/?page_id=895"},"modified":"2013-03-14T15:38:34","modified_gmt":"2013-03-14T15:38:34","slug":"3ae-48-nguy%e1%bb%87n-c%e1%bb%a7a-ph%e1%ba%adt-a-di-da","status":"publish","type":"page","link":"https:\/\/www.pagodethienminh.fr\/?page_id=895","title":{"rendered":"48 Nguy\u1ec7n Ph\u1eadt A Di \u0110\u00e0"},"content":{"rendered":"<p style=\"text-align: justify;\"><a href=\"https:\/\/www.pagodethienminh.fr\/?attachment_id=629\" rel=\"attachment wp-att-629\"><img loading=\"lazy\" decoding=\"async\" class=\"aligncenter size-medium wp-image-629\" title=\"Amitabha Bouddha\" alt=\"\" src=\"https:\/\/www.pagodethienminh.fr\/wp-content\/uploads\/2011\/05\/G_M-Amitabha0-224x300.jpg\" width=\"224\" height=\"300\" srcset=\"https:\/\/www.pagodethienminh.fr\/wp-content\/uploads\/2011\/05\/G_M-Amitabha0-224x300.jpg 224w, https:\/\/www.pagodethienminh.fr\/wp-content\/uploads\/2011\/05\/G_M-Amitabha0-112x150.jpg 112w, https:\/\/www.pagodethienminh.fr\/wp-content\/uploads\/2011\/05\/G_M-Amitabha0.jpg 383w\" sizes=\"auto, (max-width: 224px) 100vw, 224px\" \/><\/a><\/p>\n<p style=\"text-align: justify;\"><em>Nguy\u1ec7n th\u1ee9 1: L\u00fac t\u00f4i th\u00e0nh Ph\u1eadt, n\u1ebfu trong c\u00f5i n\u01b0\u1edbc t\u00f4i, c\u00f3 \u0111\u1ecba ng\u1ee5c, ng\u1ea1 qu\u1ef7, s\u00fac sanh, th\u1eddi t\u00f4i kh\u00f4ng \u1edf ng\u00f4i Ch\u00e1nh gi\u00e1c.<\/em><\/p>\n<p style=\"text-align: justify;\"><em>Nguy\u1ec7n th\u1ee9 2: L\u00fac t\u00f4i th\u00e0nh Ph\u1eadt, n\u1ebfu h\u00e0ng nh\u01a1n thi\u00ean trong c\u00f5i n\u01b0\u1edbc t\u00f4i, sau khi th\u1ecd chung, c\u00f2n tr\u1edf l\u1ea1i sa v\u00e0o ba \u00e1c \u0111\u1ea1o, th\u1eddi t\u00f4i kh\u00f4ng \u1edf ng\u00f4i Ch\u00e1nh gi\u00e1c.<\/em><\/p>\n<p style=\"text-align: justify;\"><em>Nguy\u1ec7n th\u1ee9 3: L\u00fac t\u00f4i th\u00e0nh Ph\u1eadt, n\u1ebfu h\u00e0ng nh\u01a1n thi\u00ean trong c\u00f5i n\u01b0\u1edbc t\u00f4i, th\u00e2n ch\u1eb3ng m\u00e0u v\u00e0ng t\u1ea5t c\u1ea3, th\u1eddi t\u00f4i kh\u00f4ng \u1edf ng\u00f4i Ch\u00e1nh gi\u00e1c.<\/em><\/p>\n<p style=\"text-align: justify;\"><em>Nguy\u1ec7n th\u1ee9 4: L\u00fac t\u00f4i th\u00e0nh Ph\u1eadt, n\u1ebfu h\u00e0ng nh\u01a1n thi\u00ean trong c\u00f5i n\u01b0\u1edbc t\u00f4i, th\u00e2n h\u00ecnh c\u00f3 k\u1ebb t\u1ed1t ng\u01b0\u1eddi x\u1ea5u ch\u1eb3ng \u0111\u1ed3ng nhau, th\u1eddi t\u00f4i kh\u00f4ng \u1edf ng\u00f4i Ch\u00e1nh gi\u00e1c.<\/em><\/p>\n<p style=\"text-align: justify;\"><em>Nguy\u1ec7n th\u1ee9 5: L\u00fac t\u00f4i th\u00e0nh Ph\u1eadt, n\u1ebfu h\u00e0ng nh\u01a1n thi\u00ean trong c\u00f5i n\u01b0\u1edbc t\u00f4i ch\u1eb3ng c\u00f3 T\u00fac m\u1ea1ng th\u00f4ng, \u00edt nh\u1ea5t l\u00e0 bi\u1ebft r\u00f5 nh\u1eefng vi\u1ec7c tr\u0103m ngh\u00ecn \u1ee9c na do tha ki\u1ebfp (v\u00f4 s\u1ed1 ki\u1ebfp) th\u1eddi t\u00f4i kh\u00f4ng \u1edf ng\u00f4i Ch\u00e1ch gi\u00e1c.<\/em><\/p>\n<p style=\"text-align: justify;\"><em>Nguy\u1ec7n th\u1ee9 6: L\u00fac t\u00f4i th\u00e0nh Ph\u1eadt, n\u1ebfu h\u00e0ng nh\u01a1n thi\u00ean trong c\u00f5i n\u01b0\u1edbc t\u00f4i, ch\u1eb3ng \u0111\u1eb7ng Thi\u00ean nh\u00e3n th\u00f4ng, \u00edt nh\u1ea5t l\u00e0 th\u1ea5y r\u00f5 tr\u0103m ngh\u00ecn \u1ee9c na do tha th\u1ebf gi\u1edbi c\u1ee7a ch\u01b0 Ph\u1eadt, th\u1eddi t\u00f4i kh\u00f4ng \u1edf ng\u00f4i Ch\u00e1nh gi\u00e1c.<\/em><\/p>\n<p style=\"text-align: justify;\"><em>Nguy\u1ec7n th\u1ee9 7: L\u00fac t\u00f4i th\u00e0nh Ph\u1eadt, n\u1ebfu h\u00e0ng nh\u01a1n thi\u00ean trong c\u00f5i n\u01b0\u1edbc t\u00f4i, ch\u1eb3ng \u0111\u01b0\u1ee3c Thi\u00ean nh\u0129 th\u00f4ng, \u00edt nh\u1ea5t l\u00e0 nghe v\u00e0 th\u1ecd tr\u00ec t\u1ea5t c\u1ea3 l\u1eddi thuy\u1ebft ph\u00e1p c\u1ee7a tr\u0103m ngh\u00ecn \u1ee9c na do tha \u0111\u1ee9c Ph\u1eadt, th\u1eddi t\u00f4i kh\u00f4ng \u1edf ng\u00f4i Ch\u00e1nh gi\u00e1c.<\/em><\/p>\n<p style=\"text-align: justify;\"><em>Nguy\u1ec7n th\u1ee9 8: L\u00fac t\u00f4i th\u00e0nh Ph\u1eadt, n\u1ebfu h\u00e0ng nh\u01a1n thi\u00ean trong c\u00f5i n\u01b0\u1edbc t\u00f4i ch\u1eb3ng \u0111\u01b0\u1ee3c Tha t\u00e2m th\u00f4ng, \u00edt nh\u1ea5t l\u00e0 bi\u1ebft r\u00f5 nh\u1eefng t\u00e2m ni\u1ec7m c\u1ee7a t\u1ea5t c\u1ea3 ch\u00fang sanh, trong tr\u0103m ngh\u00ecn \u1ee9c na do tha th\u1ebf gi\u1edbi, th\u1eddi t\u00f4i kh\u00f4ng \u1edf ng\u00f4i Ch\u00e1nh gi\u00e1c.<\/em><\/p>\n<p style=\"text-align: justify;\"><em>Nguy\u1ec7n th\u1ee9 9: L\u00fac t\u00f4i th\u00e0nh Ph\u1eadt, n\u1ebfu h\u00e0ng nh\u01a1n thi\u00ean trong c\u00f5i n\u01b0\u1edbc t\u00f4i, ch\u1eb3ng \u0111\u1eb7ng th\u1ea7n t\u00fac th\u00f4ng, kho\u1ea3ng m\u1ed9t ni\u1ec7m, \u00edt nh\u1ea5t l\u00e0 \u0111i qua kh\u1ecfi tr\u0103m ngh\u00ecn \u1ee9c na do tha th\u1ebf gi\u1edbi, th\u1eddi t\u00f4i kh\u00f4ng \u1edf ng\u00f4i Ch\u00e1nh gi\u00e1c.<\/em><\/p>\n<p style=\"text-align: justify;\"><em>Nguy\u1ec7n th\u1ee9 10: L\u00fac t\u00f4i th\u00e0nh Ph\u1eadt, n\u1ebfu h\u00e0ng nh\u01a1n thi\u00ean trong c\u00f5i n\u01b0\u1edbc t\u00f4i, c\u00f2n c\u00f3 quan ni\u1ec7m tham ch\u1ea5p l\u1ea5y th\u00e2n, th\u1eddi t\u00f4i kh\u00f4ng \u1edf ng\u00f4i Ch\u00e1nh gi\u00e1c.<\/em><\/p>\n<p style=\"text-align: justify;\"><em>Nguy\u1ec7n th\u1ee9 11: L\u00fac t\u00f4i th\u00e0nh Ph\u1eadt, n\u1ebfu h\u00e0ng nh\u01a1n thi\u00ean trong c\u00f5i n\u01b0\u1edbc t\u00f4i, ch\u1eb3ng tr\u1ee5 \u0111\u1ecbnh tu, nh\u1eabn \u0111\u1ebfn tr\u1ecdn di\u1ec7t \u0111\u1ed9, th\u1eddi t\u00f4i kh\u00f4ng \u1edf ng\u00f4i Ch\u00e1nh gi\u00e1c.<\/em><\/p>\n<p style=\"text-align: justify;\"><em>Nguy\u1ec7n th\u1ee9 12: L\u00fac t\u00f4i th\u00e0nh Ph\u1eadt, n\u1ebfu quang minh c\u00f2n h\u1eefu h\u1ea1n, \u00edt nh\u1ea5t c\u0169ng chi\u1ebfu th\u1ea5u tr\u0103m ngh\u00ecn na do tha th\u1ebf gi\u1edbi, th\u1eddi t\u00f4i kh\u00f4ng \u1edf ng\u00f4i Ch\u00e1nh gi\u00e1c.<\/em><\/p>\n<p style=\"text-align: justify;\"><em>Nguy\u1ec7n th\u1ee9 13: L\u00fac t\u00f4i th\u00e0nh Ph\u1eadt, n\u1ebfu th\u1ecd m\u1ea1ng c\u00f2n h\u1eefu h\u1ea1n, \u00edt nh\u1ea5t c\u0169ng \u0111\u1ebfn tr\u0103m ngh\u00ecn na do tha ki\u1ebfp, th\u1eddi t\u00f4i kh\u00f4ng \u1edf ng\u00f4i Ch\u00e1nh gi\u00e1c.<\/em><\/p>\n<p style=\"text-align: justify;\"><em>Nguy\u1ec7n th\u1ee9 14: L\u00fac t\u00f4i th\u00e0nh Ph\u1eadt, ch\u00fang Thanh V\u0103n trong c\u00f5i n\u01b0\u1edbc t\u00f4i, n\u1ebfu c\u00f3 ai t\u00ednh \u0111\u1ebfm bi\u1ebft \u0111\u01b0\u1ee3c s\u1ed1 bao nhi\u00eau, d\u1ea7u \u0111\u00f3 l\u00e0 v\u00f4 l\u01b0\u1ee3ng B\u00edch Chi Ph\u1eadt \u0111\u1ed3ng t\u00ednh \u0111\u1ebfm trong tr\u0103m ngh\u00ecn ki\u1ebfp, th\u1eddi t\u00f4i kh\u00f4ng \u1edf ng\u00f4i Ch\u00e1nh gi\u00e1c.<\/em><\/p>\n<p style=\"text-align: justify;\"><em>Nguy\u1ec7n th\u1ee9 15: L\u00fac t\u00f4i th\u00e0nh Ph\u1eadt, n\u1ebfu h\u00e0ng nh\u01a1n thi\u00ean trong c\u00f5i n\u01b0\u1edbc t\u00f4i, th\u1ecd m\u1ea1ng c\u00f2n h\u1eefu h\u1ea1n, tr\u1eeb ng\u01b0\u1eddi c\u00f3 b\u1ed5n nguy\u1ec7n ri\u00eang, th\u1eddi t\u00f4i kh\u00f4ng \u1edf ng\u00f4i Ch\u00e1nh gi\u00e1c.<\/em><\/p>\n<p style=\"text-align: justify;\"><em>Nguy\u1ec7n th\u1ee9 16: L\u00fac t\u00f4i th\u00e0nh Ph\u1eadt, n\u1ebfu h\u00e0ng nh\u01a1n thi\u00ean trong c\u00f5i n\u01b0\u1edbc t\u00f4i, c\u00f2n c\u00f3 ng\u01b0\u1eddi nghe danh t\u1eeb b\u1ea5t thi\u1ec7n th\u1eddi t\u00f4i kh\u00f4ng \u1edf ngo\u00e0i Ch\u00e1nh gi\u00e1c.<\/em><\/p>\n<p style=\"text-align: justify;\"><em>Nguy\u1ec7n th\u1ee9 17: L\u00fac t\u00f4i th\u00e0nh Ph\u1eadt, n\u1ebfu v\u00f4 l\u01b0\u1ee3ng ch\u01b0 Ph\u1eadt th\u1eadp ph\u01b0\u01a1ng th\u1ebf gi\u1edbi, ch\u1eb3ng \u0111\u1ec1u ng\u1ee3i khen x\u01b0ng danh hi\u1ec7u t\u00f4i, th\u1eddi t\u00f4i kh\u00f4ng \u1edf ng\u00f4i Ch\u00e1nh gi\u00e1c.<\/em><\/p>\n<p style=\"text-align: justify;\"><em>Nguy\u1ec7n th\u1ee9 18: L\u00fac t\u00f4i th\u00e0nh Ph\u1eadt, th\u1eadp ph\u01b0\u01a1ng ch\u00fang sanh, ch\u00ed t\u00e2m t\u00edn m\u1ed9, mu\u1ed1n sanh v\u1ec1 c\u00f5i n\u01b0\u1edbc t\u00f4i, nh\u1eabn \u0111\u1ebfn 10 ni\u1ec7m, n\u1ebfu kh\u00f4ng \u0111\u01b0\u1ee3c sanh, th\u1eddi t\u00f4i kh\u00f4ng \u1edf ng\u00f4i Ch\u00e1nh gi\u00e1c; tr\u1eeb k\u1ebb t\u1ea1o t\u1ed9i ng\u0169 ngh\u1ecbch, c\u00f9ng h\u1ee7y b\u00e1ng Ch\u00e1nh ph\u00e1p.<\/em><\/p>\n<p style=\"text-align: justify;\"><em>Nguy\u1ec7n th\u1ee9 19: L\u00fac t\u00f4i th\u00e0nh Ph\u1eadt, th\u1eadp ph\u01b0\u01a1ng ch\u00fang sanh ph\u00e1p B\u1ed3 \u0111\u1ec1 t\u00e2m, tu c\u00e1c c\u00f4ng \u0111\u1ee9c, nguy\u1ec7n sanh v\u1ec1 c\u00f5i n\u01b0\u1edbc t\u00f4i, \u0111\u1ebfn l\u00fac l\u00e2m chung, n\u1ebfu t\u00f4i ch\u1eb3ng c\u00f9ng \u0111\u1ea1i ch\u00fang hi\u1ec7n th\u00e2n tr\u01b0\u1edbc ng\u01b0\u1eddi \u0111\u00f3, th\u1eddi t\u00f4i kh\u00f4ng \u1edf ng\u00f4i Ch\u00e1nh gi\u00e1c.<\/em><\/p>\n<p style=\"text-align: justify;\"><em>Nguy\u1ec7n th\u1ee9 20: L\u00fac t\u00f4i th\u00e0nh Ph\u1eadt, th\u1eadp ph\u01b0\u01a1ng ch\u00fang sanh nghe danh hi\u1ec7u t\u00f4i, chuy\u00ean nh\u1edb c\u00f5i n\u01b0\u1edbc t\u00f4i, v\u00e0 tu c\u00e1c c\u00f4ng \u0111\u1ee9c, ch\u00ed t\u00e2m h\u1ed3i h\u01b0\u1edbng, mu\u1ed1n sanh v\u1ec1 c\u00f5i n\u01b0\u1edbc t\u00f4i, n\u1ebfu ch\u1eb3ng \u0111\u01b0\u1ee3c to\u1ea1i nguy\u1ec7n, th\u1eddi t\u00f4i kh\u00f4ng \u1edf ng\u00f4i Ch\u00e1nh gi\u00e1c.<\/em><\/p>\n<p style=\"text-align: justify;\"><em>Nguy\u1ec7n th\u1ee9 21: L\u00fac t\u00f4i th\u00e0nh Ph\u1eadt, n\u1ebfu h\u00e0ng nh\u01a1n thi\u00ean trong c\u00f5i n\u01b0\u1edbc t\u00f4i, t\u1ea5t c\u1ea3 ch\u1eb3ng \u0111\u1ee7 ba m\u01b0\u01a1i hai t\u01b0\u1edbng \u0111\u1ea1i nh\u01a1n, th\u1eddi t\u00f4i kh\u00f4ng \u1edf ng\u00f4i Ch\u00e1nh gi\u00e1c.<\/em><\/p>\n<p style=\"text-align: justify;\"><em>Nguy\u1ec7n th\u1ee9 22: L\u00fac t\u00f4i th\u00e0nh Ph\u1eadt, ch\u00fang B\u1ed3 T\u00e1t \u1edf c\u00f5i kh\u00e1c sanh v\u1ec1 n\u01b0\u1edbc t\u00f4i, c\u1ee9u c\u00e1nh \u0111\u1ec1u quy\u1ebft \u0111\u1ebfn b\u1ef1c Nh\u1ee9t sanh b\u1ed5 x\u1ee9, tr\u1eeb ng\u01b0\u1eddi c\u00f3 b\u1ed5n nguy\u1ec7n ri\u00eang, t\u1ee5 t\u1ea1i h\u00f3a hi\u1ec7n, v\u00ec ch\u00fang sanh m\u00e0 tho\u00e1t ho\u1eb1ng th\u1ec7 nguy\u1ec7n, tu c\u00e1c c\u00f4ng \u0111\u1ee9c, \u0111\u1ed9 tho\u00e1t m\u1ecdi lo\u00e0i, \u0111i kh\u1eafp th\u1ebf gi\u1edbi, tu B\u1ed3 T\u00e1t h\u1ea1nh, c\u00fang d\u01b0\u1eddng th\u1eadp ph\u01b0\u01a1ng chu Ph\u1eadt, khai h\u00f3a v\u00f4 l\u01b0\u1ee3ng ch\u00fang sinh, l\u00e0m cho t\u1ea5t c\u1ea3 \u0111\u1ec1u \u0111\u1ee9ng v\u1eefng n\u01a1i \u0111\u1ea1o v\u00f4 th\u01b0\u1ee3ng ch\u00e1nh gi\u00e1c, si\u00eau xu\u1ea5t c\u00f4ng h\u1ea1nh c\u1ee7a c\u00e1c b\u1ef1c th\u00f4ng th\u01b0\u1eddng, hi\u1ec7n ti\u1ec1n tu t\u1eadp \u0110\u1ea1i nguy\u1ec7n c\u1ee7a Ph\u1ed5 Hi\u1ec1n, n\u1ebfu ch\u1eb3ng nh\u01b0 th\u1ebf, th\u1eddi t\u00f4i kh\u00f4ng \u1edf ng\u00f4i Ch\u00e1nh gi\u00e1c.<\/em><\/p>\n<p style=\"text-align: justify;\"><em>Nguy\u1ec7n th\u1ee9 23: L\u00fac t\u00f4i th\u00e0nh Ph\u1eadt, c\u00e1c B\u1ed3 T\u00e1t trong c\u00f5i n\u01b0\u1edbc t\u00f4i, th\u1eeba th\u1ea7n l\u1ef1c c\u1ee7a Ph\u1eadt, m\u00e0 \u0111i c\u00fang d\u01b0\u1eddng th\u1eadp ph\u01b0\u01a1ng ch\u01b0 Ph\u1eadt, trong kho\u1ea3ng th\u1eddi gian m\u1ed9t b\u1eefa \u0103n, n\u1ebfu kh\u00f4ng \u0111\u1ebfn kh\u1eafp v\u00f4 l\u01b0\u1ee3ng v\u00f4 s\u1ed1 \u1ee9c na do tha th\u1ebf gi\u1edbi, th\u1eddi t\u00f4i kh\u00f4ng \u1edf ng\u00f4i Ch\u00e1nh gi\u00e1c.<\/em><\/p>\n<p style=\"text-align: justify;\"><em>Nguy\u1ec7n th\u1ee9 24: L\u00fac t\u00f4i th\u00e0nh Ph\u1eadt, c\u00e1c B\u1ed3 T\u00e1t trong c\u00f5i n\u01b0\u1edbc t\u00f4i, khi \u1edf tr\u01b0\u1edbc th\u1eadp ph\u01b0\u01a1ng ch\u01b0 Ph\u1eadt, hi\u1ec7n c\u00f4ng \u0111\u1ee9c c\u1ee7a m\u00ecnh, mu\u1ed1n c\u00f3 nh\u1eefng v\u1eadt c\u00fang d\u01b0\u1eddng, n\u1ebfu kh\u00f4ng Ch\u00e1nh gi\u00e1c.<\/em><\/p>\n<p style=\"text-align: justify;\"><em>Nguy\u1ec7n th\u1ee9 25: L\u00fac t\u00f4i th\u00e0nh Ph\u1eadt, n\u1ebfu ch\u00fang B\u1ed3 T\u00e1t trong c\u00f5i n\u01b0\u1edbc t\u00f4i, kh\u00f4ng \u0111\u01b0\u1ee3c Nh\u1ee9t thi\u1ebft tr\u00ed, th\u1eddi t\u00f4i kh\u00f4ng \u1edf ng\u00f4i Ch\u00e1nh gi\u00e1c.<\/em><\/p>\n<p style=\"text-align: justify;\"><em>Nguy\u1ec7n th\u1ee9 26: L\u00fac t\u00f4i th\u00e0nh Ph\u1eadt, n\u1ebfu ch\u00fang B\u1ed3 T\u00e1t trong c\u00f5i n\u01b0\u1edbc t\u00f4i, ch\u1eb3ng \u0111\u1ec1u \u0111\u01b0\u1ee3c th\u00e2n kim c\u01b0\u01a1ng Na La Di\u00ean, th\u1eddi t\u00f4i kh\u00f4ng \u1edf ng\u00f4i Ch\u00e1nh gi\u00e1c.<\/em><\/p>\n<p style=\"text-align: justify;\"><em>Nguy\u1ec7n th\u1ee9 27: L\u00fac t\u00f4i th\u00e0nh Ph\u1eadt, th\u00ec trong c\u00f5i n\u01b0\u1edbc t\u00f4i, t\u1ea5t c\u1ea3 \u0111\u1ed3 d\u00f9ng c\u1ee7a nh\u01a1n thi\u00ean, h\u00ecnh s\u1eafc \u0111\u1ec1u s\u00e1ng \u0111\u1eb9p s\u1ea1ch s\u1ebd, r\u1ea5t t\u1ed9t vi di\u1ec7u, kh\u00f4ng c\u00f3 th\u1ec3 t\u00ednh bi\u1ebft, d\u1ea7u l\u00e0 ng\u01b0\u1eddi \u0111\u01b0\u1ee3c thi\u00ean nh\u00e3n. N\u1ebfu c\u00f3 ng\u01b0\u1eddi bi\u1ebft danh s\u1ed1 c\u00e1c \u0111\u1ed3 v\u1eadt \u1ea5y \u0111\u01b0\u1ee3c r\u00f5 r\u00e0ng, th\u1eddi t\u00f4i kh\u00f4ng \u1edf ng\u00f4i Ch\u00e1nh gi\u00e1c.<\/em><\/p>\n<p style=\"text-align: justify;\"><em>Nguy\u1ec7n th\u1ee9 28: L\u00fac t\u00f4i th\u00e0nh Ph\u1eadt, n\u1ebfu B\u1ed3 T\u00e1t trong c\u00f5i n\u01b0\u1edbc t\u00f4i, d\u1ea7u l\u00e0 ng\u01b0\u1eddi \u00edt c\u00f4ng \u0111\u1ee9c nh\u1ee9t, ch\u1eb3ng th\u1ea5y bi\u1ebft \u0111\u01b0\u1ee3c c\u1ed9i c\u00e2y \u0111\u1ea1o tr\u00e0ng cao b\u1ed1n tr\u0103m mu\u00f4n do tu\u1ea7n, v\u00f4 l\u01b0\u1ee3ng quang s\u1eafc, th\u1eddi t\u00f4i kh\u00f4ng \u1edf ng\u00f4i Ch\u00e1nh gi\u00e1c.<\/em><\/p>\n<p style=\"text-align: justify;\"><em>Nguy\u1ec7n th\u1ee9 29: L\u00fac t\u00f4i th\u00e0nh Ph\u1eadt, ch\u00fang B\u1ed3 T\u00e1t trong c\u00f5i n\u01b0\u1edbc t\u00f4i, n\u1ebfu th\u1ecd tr\u00ec, \u0111\u1ecdc t\u1ee5ng, gi\u1ea3ng thuy\u1ebft kinh ph\u00e1p m\u00e0 ch\u1eb3ng \u0111\u01b0\u1ee3c tr\u00ed hu\u1ec7 bi\u1ec7n t\u00e0i, th\u1eddi t\u00f4i kh\u00f4ng \u1edf ng\u00f4i Ch\u00e1nh gi\u00e1c.<\/em><\/p>\n<p style=\"text-align: justify;\"><em>Nguy\u1ec7n th\u1ee9 30: L\u00fac t\u00f4i th\u00e0nh Ph\u1eadt, n\u1ebfu c\u00f3 ai h\u1ea1n l\u01b0\u1ee3ng \u0111\u01b0\u1ee3c tr\u00ed tu\u1ec7 bi\u1ec7n t\u00e0i c\u1ee7a B\u1ed3 T\u00e1t trong c\u00f5i n\u01b0\u1edbc t\u00f4i, th\u1eddi t\u00f4i kh\u00f4ng \u1edf ng\u00f4i Ch\u00e1nh gi\u00e1c.<\/em><\/p>\n<p style=\"text-align: justify;\"><em>Nguy\u1ec7n th\u1ee9 31: L\u00fac t\u00f4i th\u00e0nh Ph\u1eadt, c\u00f5i n\u01b0\u1edbc t\u00f4i thanh t\u1ecbnh, c\u00e1c n\u01a1i \u0111\u1ec1u soi th\u1ea5y t\u1ea5t c\u1ea3 v\u00f4 l\u01b0\u1ee3ng v\u00f4 s\u1ed1 b\u1ea5t t\u01b0 ngh\u1ecb th\u1ebf gi\u1edbi \u1edf m\u01b0\u1eddi ph\u01b0\u01a1ng, nh\u01b0 l\u00e0 th\u1ea5y m\u1eb7t m\u00ecnh trong g\u01b0\u01a1ng s\u00e1ng. N\u1ebfu ch\u1eb3ng \u0111\u01b0\u1ee3c nh\u01b0 th\u1ebf, th\u1eddi t\u00f4i kh\u00f4ng \u1edf ng\u00f4i Ch\u00e1nh gi\u00e1c.<\/em><\/p>\n<p style=\"text-align: justify;\"><em>Nguy\u1ec7n th\u1ee9 32: L\u00fac t\u00f4i th\u00e0nh Ph\u1eadt, trong c\u00f5i n\u01b0\u1edbc t\u00f4i t\u1eeb m\u1eb7t \u0111\u1ea5t tr\u00e0n l\u00ean \u0111\u1ebfn h\u01b0 kh\u00f4ng, l\u1ea7u nh\u00e0 cung \u0111i\u1ec7n ao n\u01b0\u1edbc hoa c\u00e2y, t\u1ea5t c\u1ea3 v\u1ea1n v\u1eadt \u0111\u1ec1u l\u00e0 v\u00f4 l\u01b0\u1ee3ng ch\u1ea5t b\u00e1u v\u00e0 tr\u0103m ngh\u00ecn th\u1ee9 h\u01b0\u01a1ng, hi\u1ec7p chung l\u1ea1i m\u00e0 th\u00e0nh; v\u1ea1n v\u1eadt \u0111\u1ec1u xinh \u0111\u1eb9p k\u1ef3 di\u1ec7u, m\u00f9i th\u01a1m x\u00f4ng kh\u1eafp th\u1eadp ph\u01b0\u01a1ng th\u1ebf gi\u1edbi. B\u1ed3 T\u00e1t c\u00e1c n\u01a1i ng\u1eedi \u0111\u1ebfn m\u00f9i th\u01a1m \u1ea5y, th\u1eddi \u0111\u1ec1u tu h\u1ea1nh c\u1ee7a Ph\u1eadt. N\u1ebfu ch\u1eb3ng nh\u01b0 th\u1ebf, t\u00f4i kh\u00f4ng \u1edf ng\u00f4i Ch\u00e1nh gi\u00e1c.<\/em><\/p>\n<p style=\"text-align: justify;\"><em>Nguy\u1ec7n th\u1ee9 33: L\u00fac t\u00f4i th\u00e0nh Ph\u1eadt, c\u00e1c lo\u00e0i ch\u00fang sanh trong v\u00f4 l\u01b0\u1ee3ng b\u1ea5t t\u01b0 ngh\u1ecb th\u1ebf gi\u1edbi \u1edf m\u01b0\u1eddi ph\u01b0\u01a1ng, \u0111\u01b0\u1ee3c quang minh c\u1ee7a t\u00f4i chi\u1ebfu \u0111\u1ebfn nh\u1eb9 nh\u00e0ng h\u01a1n thi\u00ean nh\u01a1n, n\u1ebfu ch\u1eb3ng nh\u01b0 v\u1eady, th\u1eddi t\u00f4i kh\u00f4ng \u1edf ng\u00f4i Ch\u00e1nh gi\u00e1c.<\/em><\/p>\n<p style=\"text-align: justify;\"><em>Nguy\u1ec7n th\u1ee9 34: L\u00fac t\u00f4i th\u00e0nh Ph\u1eadt, c\u00e1c lo\u00e0i ch\u00fang sanh tong v\u00f4 l\u01b0\u1ee3ng b\u1ea5t t\u01b0 ngh\u1ecb th\u1ebf gi\u1edbi \u1edf m\u01b0\u1eddi ph\u01b0\u01a1ng, nghe danh hi\u1ec7u c\u1ee7a t\u00f4i m\u00e0 kh\u00f4ng \u0111\u01b0\u1ee3c v\u00f4 sanh ph\u00e1p nh\u1eabn, c\u00f9ng c\u00e1c m\u00f4n th\u00e2m t\u1ed5ng tr\u00ec, th\u1eddi t\u00f4i kh\u00f4ng \u1edf ng\u00f4i Ch\u00e1nh gi\u00e1c.<\/em><\/p>\n<p style=\"text-align: justify;\"><em>Nguy\u1ec7n th\u1ee9 35: L\u00fac t\u00f4i th\u00e0nh Ph\u1eadt, c\u00e1c ng\u01b0\u1eddi n\u1eef trong v\u00f4 l\u01b0\u1ee3ng b\u1ea5t t\u01b0 ngh\u1ecb th\u1ebf gi\u1edbi \u1edf m\u01b0\u1eddi ph\u01b0\u01a1ng, vui m\u1eebng tin m\u1ebfn ph\u00e1t B\u1ed3 \u0111\u1ec1 t\u00e2m, nh\u00e0n gh\u00e9t th\u00e2n g\u00e1i. N\u1ebfu sau khi m\u1ea1ng chung m\u00e0 c\u00f2n l\u00e0m th\u00e2n ng\u01b0\u1eddi n\u1eef n\u1eefa, th\u1eddi t\u00f4i kh\u00f4ng \u1edf ng\u00f4i Ch\u00e1nh gi\u00e1c.<\/em><\/p>\n<p style=\"text-align: justify;\"><em>Nguy\u1ec7n th\u1ee9 36: L\u00fac t\u00f4i th\u00e0nh Ph\u1eadt, ch\u00fang B\u1ed3 T\u00e1t trong v\u00f4 l\u01b0\u1ee3ng b\u1ea5t t\u01b0 ngh\u1ecb th\u1ebf gi\u1edbi \u1edf m\u01b0\u1eddi ph\u01b0\u01a1ng, nghe danh hi\u1ec7u t\u00f4i, v\u1eabn th\u01b0\u1eddng tu ph\u1ea1m h\u1ea1nh, m\u00e3i \u0111\u1ebfn th\u00e0nh Ph\u1eadt. N\u1ebfu ch\u1eb3ng \u0111\u01b0\u1ee3c nh\u01b0 th\u1ebf, th\u1eddi t\u00f4i kh\u00f4ng \u1edf ng\u00f4i Ch\u00e1nh gi\u00e1c.<\/em><\/p>\n<p style=\"text-align: justify;\"><em>Nguy\u1ec7n th\u1ee9 37: L\u00fac t\u00f4i th\u00e0nh Ph\u1eadt, h\u00e0ng nh\u01a1n thi\u00ean trong v\u00f4 l\u01b0\u1ee3ng b\u1ea5t t\u01b0 ngh\u1ecb th\u1ebf gi\u1edbi \u1edf m\u01b0\u1eddi ph\u01b0\u01a1ng, nghe danh hi\u1ec7u t\u00f4i, cu\u1ed1i \u0111\u1ea7u \u0111\u1ea3nh l\u1ec5, n\u0103m v\u00f3c gieo xu\u1ed1ng \u0111\u1ea5t, vui m\u1eebng tin m\u1ebfn tu B\u1ed3 T\u00e1t h\u1ea1nh, th\u1eddi ch\u01b0 Thi\u00ean v\u00e0 ng\u01b0\u1eddi \u0111\u1eddi \u0111\u1ec1u k\u00ednh tr\u1ecdng ng\u01b0\u1eddi \u0111\u00f3. N\u1ebfu ch\u1eb3ng nh\u01b0 th\u1ebf, th\u1eddi t\u00f4i kh\u00f4ng \u1edf ng\u00f4i Ch\u00e1nh gi\u00e1c.<\/em><\/p>\n<p style=\"text-align: justify;\"><em>Nguy\u1ec7n th\u1ee9 38: L\u00fac t\u00f4i th\u00e0nh Ph\u1eadt, h\u00e0ng nh\u01a1n thi\u00ean trong c\u00f5i n\u01b0\u1edbc t\u00f4i mu\u1ed1n c\u00f3 y ph\u1ee5c, th\u1eddi y ph\u1ee5c t\u1ed1t \u0111\u00fang ph\u00e1p li\u1ec1n theo t\u00e2m ni\u1ec7m c\u1ee7a ng\u01b0\u1eddi \u0111\u00f3 m\u00e0 \u0111\u1ebfn tr\u00ean th\u00e2n. N\u1ebfu c\u00f2n ph\u1ea3i c\u1eaft may nhu\u1ed9m gi\u1eb7t, th\u1eddi t\u00f4i kh\u00f4ng \u1edf ng\u00f4i Ch\u00e1nh gi\u00e1c.<\/em><\/p>\n<p style=\"text-align: justify;\"><em>Nguy\u1ec7n th\u1ee9 40: L\u00fac t\u00f4i th\u00e0nh Ph\u1eadt, n\u1ebfu h\u00e0ng nh\u01a1n thi\u00ean trong c\u00f5i n\u01b0\u1edbc t\u00f4i, t\u00f9y \u00fd mu\u1ed1n th\u1ea5y v\u00f4 l\u01b0\u1ee3ng th\u1ebf gi\u1edbi nghi\u00eam t\u1ecbnh c\u1ee7a ch\u01b0 Ph\u1eadt \u1edf m\u01b0\u1eddi ph\u01b0\u01a1ng, th\u1eddi li\u1ec1n \u0111\u01b0\u1ee3c th\u1ea5y r\u00f5 c\u1ea3 n\u01a1i trong c\u00e2y b\u00e1u, \u0111\u00fang theo \u00fd mu\u1ed1n, nh\u01b0 th\u1ea5y m\u1eb7t m\u00ecnh trong g\u01b0\u01a1ng s\u00e1ng. N\u1ebfu ch\u1eb3ng nh\u01b0 th\u1ebf, th\u1eddi t\u00f4i kh\u00f4ng \u1edf ng\u00f4i Ch\u00e1nh gi\u00e1c.<\/em><\/p>\n<p style=\"text-align: justify;\"><em>Nguy\u1ec7n th\u1ee9 41: L\u00fac t\u00f4i th\u00e0nh Ph\u1eadt, ch\u00fang B\u1ed3 T\u00e1t \u1edf th\u1ebf gi\u1edbi ph\u01b0\u01a1ng kh\u00e1c nghe danh hi\u1ec7u t\u00f4i, t\u1eeb \u0111\u00f3 nh\u1eabn \u0111\u1ebfn l\u00fac th\u00e0nh, m\u00e0 c\u00e1c c\u0103n c\u00f2n thi\u1ebfu x\u1ea5u, th\u1eddi t\u00f4i kh\u00f4ng \u1edf ng\u00f4i Ch\u00e1nh gi\u00e1c.<\/em><\/p>\n<p style=\"text-align: justify;\"><em>Nguy\u1ec7n th\u1ee9 42: L\u00fac t\u00f4i th\u00e0nh Ph\u1eadt, ch\u00fang B\u1ed3 T\u00e1t, \u1edf th\u1ebf gi\u1edbi ph\u01b0\u01a1ng kh\u00e1c nghe danh hi\u1ec7u t\u00f4i, th\u1ea3y \u0111\u1ec1u \u0111\u01b0\u1ee3c gi\u1ea3i tho\u00e1t tam mu\u1ed9i. Tr\u1ee5 tam mu\u1ed9i \u0111\u00f3, trong kho\u1ea3ng th\u1eddi gian m\u1ed9t ni\u1ec7m, c\u00fang d\u01b0\u1eddng v\u00f4 l\u01b0\u1ee3ng b\u1ea5t t\u01b0 ngh\u1ecb ch\u01b0 Ph\u1eadt Th\u1ebf T\u00f4n, m\u00e0 v\u1eabn kh\u00f4ng m\u1ea5t ch\u00e1nh ni\u1ec7m. N\u1ebfu ch\u1eb3ng nh\u01b0 th\u1ebf, th\u1eddi t\u00f4i kh\u00f4ng \u1edf ng\u00f4i Ch\u00e1nh gi\u00e1c.<\/em><\/p>\n<p style=\"text-align: justify;\"><em>Nguy\u1ec7n th\u1ee9 43: L\u00fac t\u00f4i th\u00e0nh Ph\u1eadt, ch\u00fang B\u1ed3 T\u00e1t \u1edf ph\u01b0\u01a1ng kh\u00e1c nghe danh hi\u1ec7u t\u00f4i, sau khi m\u1ea1ng chung \u0111\u1ec1u \u0111\u01b0\u1ee3c th\u00e1c sanh ch\u1ed1n T\u00f4n qu\u00ed, n\u1ebfu ch\u1eb3ng nh\u01b0 th\u1ebf, th\u1eddi t\u00f4i kh\u00f4ng \u1edf ng\u00f4i Ch\u00e1nh gi\u00e1c.<\/em><\/p>\n<p style=\"text-align: justify;\"><em>Nguy\u1ec7n th\u1ee9 44: L\u00fac t\u00f4i th\u00e0nh Ph\u1eadt, ch\u00fang B\u1ed3 T\u00e1t \u1edf ph\u01b0\u01a1ng kh\u00e1c nghe danh hi\u1ec7u t\u00f4i vui m\u1eebng h\u01a1n h\u1edf, tu B\u1ed3 T\u00e1t h\u1ea1nh, tr\u1ecdn \u0111\u1ee7 c\u00f4ng \u0111\u1ee9c, n\u1ebfu ch\u1eb3ng nh\u01b0 th\u1ebf, th\u1eddi t\u00f4i kh\u00f4ng \u1edf ng\u00f4i Ch\u00e1nh gi\u00e1c.<\/em><\/p>\n<p style=\"text-align: justify;\"><em>Nguy\u1ec7n th\u1ee9 45: L\u00fac t\u00f4i th\u00e0nh Ph\u1eadt, ch\u00fang B\u1ed3 T\u00e1t \u1edf ph\u01b0\u01a1ng kh\u00e1c nghe danh hi\u1ec7u t\u00f4i, \u0111\u1ec1u \u0111\u1eb7ng Ph\u1ed5 \u0111\u1eb3ng tam mu\u1ed9i, tr\u1ee5 tam mu\u1ed9i n\u00e0y m\u00e3i \u0111\u1ebfn l\u00fac th\u00e0nh Ph\u1eadt, th\u01b0\u1eddng \u0111\u01b0\u1ee3c th\u1ea5y V\u00f4 l\u01b0\u1ee3ng b\u1ea5t t\u01b0 ngh\u1ecb t\u1ea5t c\u1ea3 ch\u01b0 Ph\u1eadt. N\u1ebfu ch\u1eb3ng nh\u01b0 th\u1ebf th\u1eddi t\u00f4i kh\u00f4ng \u1edf ng\u00f4i Ch\u00e1nh gi\u00e1c.<\/em><\/p>\n<p style=\"text-align: justify;\"><em>Nguy\u1ec7n th\u1ee9 46: L\u00fac t\u00f4i th\u00e0nh Ph\u1eadt, ch\u00fang B\u1ed3 T\u00e1t \u1edf trong c\u00f5i n\u01b0\u1edbc t\u00f4i, mu\u1ed1n nghe ph\u00e1p g\u00ec, th\u1eddi li\u1ec1n t\u1ef1 nhi\u00ean \u0111\u1eb7ng nghe ph\u00e1p \u1ea5y. N\u1ebfu ch\u1eb3ng nh\u01b0 th\u1ebf th\u1eddi t\u00f4i kh\u00f4ng \u1edf ng\u00f4i Ch\u00e1nh gi\u00e1c.<\/em><\/p>\n<p style=\"text-align: justify;\"><em>Nguy\u1ec7n th\u1ee9 47: L\u00fac t\u00f4i th\u00e0nh Ph\u1eadt, n\u1ebfu ch\u00fang B\u1ed3 T\u00e1t \u1edf th\u1ebf gi\u1edbi ph\u01b0\u01a1ng kh\u00e1c, nghe danh hi\u1ec7u t\u00f4i m\u00e0 ch\u1eb3ng \u0111\u01b0\u1ee3c \u0111\u1ebfn b\u1ef1c b\u1ea5t th\u1ed1i chuy\u1ec3n, th\u1eddi t\u00f4i kh\u00f4ng \u1edf ng\u00f4i Ch\u00e1nh gi\u00e1c.<\/em><\/p>\n<p style=\"text-align: justify;\"><em>Nguy\u1ec7n th\u1ee9 48: L\u00fac t\u00f4i th\u00e0nh Ph\u1eadt, n\u1ebfu ch\u00fang B\u1ed3 T\u00e1t \u1edf th\u1ebf gi\u1edbi ph\u01b0\u01a1ng kh\u00e1c nghe danh hi\u1ec7u t\u00f4i, m\u00e0 ch\u1eb3ng li\u1ec1n \u0111\u01b0\u1ee3c \u0110\u1ec7 nh\u1ea5t \u00e2m h\u01b0\u1edfng nh\u1eabn, \u1edf n\u01a1i Ph\u1eadt ph\u00e1p ch\u1eb3ng li\u1ec1n \u0111\u01b0\u1ee3c b\u1ef1c b\u1ea5t th\u1ed1i chuy\u1ec3n, th\u1eddi t\u00f4i kh\u00f4ng \u1edf ng\u00f4i Ch\u00e1nh gi\u00e1c.<\/em><\/p>\n","protected":false},"excerpt":{"rendered":"<p>Nguy\u1ec7n th\u1ee9 1: L\u00fac t\u00f4i th\u00e0nh Ph\u1eadt, n\u1ebfu trong c\u00f5i n\u01b0\u1edbc t\u00f4i, c\u00f3 \u0111\u1ecba ng\u1ee5c, ng\u1ea1 qu\u1ef7, s\u00fac sanh, th\u1eddi t\u00f4i kh\u00f4ng \u1edf ng\u00f4i Ch\u00e1nh \u2026 <a class=\"continue-reading-link\" href=\"https:\/\/www.pagodethienminh.fr\/?page_id=895\">Continue \u00e0 lire <span class=\"meta-nav\">&rarr; <\/span><\/a><\/p>\n","protected":false},"author":1,"featured_media":0,"parent":836,"menu_order":5,"comment_status":"closed","ping_status":"closed","template":"template-onecolumn.php","meta":{"_mc_calendar":[],"footnotes":""},"class_list":["post-895","page","type-page","status-publish","hentry"],"_links":{"self":[{"href":"https:\/\/www.pagodethienminh.fr\/index.php?rest_route=\/wp\/v2\/pages\/895","targetHints":{"allow":["GET"]}}],"collection":[{"href":"https:\/\/www.pagodethienminh.fr\/index.php?rest_route=\/wp\/v2\/pages"}],"about":[{"href":"https:\/\/www.pagodethienminh.fr\/index.php?rest_route=\/wp\/v2\/types\/page"}],"author":[{"embeddable":true,"href":"https:\/\/www.pagodethienminh.fr\/index.php?rest_route=\/wp\/v2\/users\/1"}],"replies":[{"embeddable":true,"href":"https:\/\/www.pagodethienminh.fr\/index.php?rest_route=%2Fwp%2Fv2%2Fcomments&post=895"}],"version-history":[{"count":8,"href":"https:\/\/www.pagodethienminh.fr\/index.php?rest_route=\/wp\/v2\/pages\/895\/revisions"}],"predecessor-version":[{"id":3489,"href":"https:\/\/www.pagodethienminh.fr\/index.php?rest_route=\/wp\/v2\/pages\/895\/revisions\/3489"}],"up":[{"embeddable":true,"href":"https:\/\/www.pagodethienminh.fr\/index.php?rest_route=\/wp\/v2\/pages\/836"}],"wp:attachment":[{"href":"https:\/\/www.pagodethienminh.fr\/index.php?rest_route=%2Fwp%2Fv2%2Fmedia&parent=895"}],"curies":[{"name":"wp","href":"https:\/\/api.w.org\/{rel}","templated":true}]}}