{"id":88,"date":"2011-04-30T06:38:50","date_gmt":"2011-04-30T06:38:50","guid":{"rendered":"http:\/\/www.pagodethienminh.fr\/?page_id=88"},"modified":"2013-03-13T14:56:47","modified_gmt":"2013-03-13T14:56:47","slug":"2-la-paix-dans-le-monde","status":"publish","type":"page","link":"https:\/\/www.pagodethienminh.fr\/?page_id=88","title":{"rendered":"2.La Paix dans le monde"},"content":{"rendered":"<p><a rel=\"attachment wp-att-85\" href=\"https:\/\/www.pagodethienminh.fr\/?attachment_id=85\"><img loading=\"lazy\" decoding=\"async\" class=\"aligncenter\" title=\"La paix dans le monde\" src=\"https:\/\/www.pagodethienminh.fr\/wp-content\/uploads\/2011\/04\/Le-Phat-150x150.jpg\" alt=\"\" width=\"150\" height=\"150\" \/><\/a><\/p>\n<ul>\n<li style=\"text-align: justify;\"><strong><em>\u00ab\u00a0Nourrir une d\u00e9pendance karmique avec les \u00catres de Paix<\/em><\/strong><\/li>\n<li style=\"text-align: justify;\"><strong><em>Se rapprocher de la Bienveillance des \u00catres<\/em><\/strong><\/li>\n<li style=\"text-align: justify;\"><strong><em>S\u2019impr\u00e9gner de la Connaissance sage des \u00catres<\/em><\/strong><\/li>\n<li style=\"text-align: justify;\"><strong><em>Pour d\u00e9velopper la Bienveillance et s\u2019\u00e9carter de la Malveillance\u00a0\u00bb<\/em><\/strong><\/li>\n<\/ul>\n<p style=\"text-align: justify;\">Ces quelques vers en Pali r\u00e9sument l\u2019id\u00e9e fondamentale pour aborder la pratique du chemin de l\u2019Omniscient Bouddha, habitant \u00e0 cette \u00e9poque \u00e0 la montagne Linh Th\u1ee9u ou dans le village Jetavanna. Le Bouddha est apparu en Inde pour montrer aux \u00eatres la voie qui am\u00e8ne \u00e0 celui qui l\u2019emprunte l\u2019\u00e9tat de Bonheur ultime et de Paix int\u00e9rieure. Tous les \u00eatres de ce monde ainsi que des mondes sup\u00e9rieurs sont \u00e0 l\u2019\u00e9coute du Dharma (Enseignements) et se motivent mutuellement \u00e0 pratiquer les bonnes actions.<\/p>\n<p style=\"text-align: justify;\">Une importance fondamentale dans la fa\u00e7on de penser et de r\u00e9fl\u00e8chir en cette p\u00e9riode d\u2019agitations et de d\u00e9clin spirituels, est celle de s\u2019abriter sous l\u2019arbre des 3 Refuges (ou Joyaux), celle de conserver une V\u00e9rit\u00e9 de vie, de d\u00e9velopper la Sagesse, de pers\u00e9v\u00e9rer dans les pr\u00e9ceptes \u00e9thiques, d\u2019agir dans une direction bonne pour soi et pour autrui et de cr\u00e9er des m\u00e9rites spirituels pour les r\u00e9pandre dans les 3 sph\u00e8res mondaines.<\/p>\n<p style=\"text-align: justify;\">De multitudes soutras en Pali disent clairement que dans cette \u00e8re de d\u00e9cadence, des \u00eatres de diff\u00e9rentes sph\u00e8res, de celle sup\u00e9rieure \u00e0 celle inf\u00e9rieure, descendront pour pratiquer la G\u00e9n\u00e9rosit\u00e9, pour apprendre le Dharma du Bouddha par des Grands Ma\u00eetres, et en m\u00eame temps ils apporteront un mod\u00e8le d\u2019Etat et de Motivation dans la pratique de l\u2019action bienvaillante et b\u00e9n\u00e9fique. Ils appara\u00eetront \u00e0 diff\u00e9rents lieux sous diff\u00e9rentes formes dans un esprit d\u2019ouverture et de soutien \u00e0 la pratique du Dharma.<\/p>\n<p style=\"text-align: justify;\">Si cet esprit est maintenu en constance \u00e9volution, un jour le monde baignera dans cet oc\u00e9an de Paix, il sera le point d\u2019attraction et d\u2019accueil des \u00eatres d\u2019autres mondes, qui viendront pour l\u2019\u00e9coute et l\u2019apprentissage du Dharma pour la r\u00e9alisation de m\u00e9rites. Chacun pourra prendre conscience de la \u00ab\u00a0chance karmique\u00a0\u00bb pour suivre ce chemin offert \u00e0 tous les \u00eatres terrestres et c\u00e9lestres de cette \u00e9poque, et s\u2019adapter \u00e0 la vie de m\u00e9rites et de bonnes actions des \u00eatres. Le Soutra qui suit est le coeur fondamental dans le Bouddhisme sur le Bonheur et la Paix de notre Temps.<\/p>\n<p style=\"text-align: justify;\">Cela se passait \u00e0 l\u2019\u00e9poque du Bouddha, o\u00f9 il habita \u00e0 S\u00e0vatthi, Jetavanna au jardin d\u2019une personne d\u00e9nomm\u00e9e An\u00e0thapindika. Sous les premi\u00e8res lueurs du jour dans la r\u00e9gion de Jetavana, des \u00eatres du monde c\u00e9lestre Satullapa, s\u2019approch\u00e8rent du Grand Ma\u00eetre Bouddha. Apr\u00e8s \u00eatre arriv\u00e9s pr\u00e8s de lui, ils se prostern\u00e8rent et se mirent sur le c\u00f4t\u00e9. Debout \u00e0 c\u00f4t\u00e9 du Bouddha, un des \u00catres c\u00e9l\u00e9stres r\u00e9cita devant le Bouddha ces quatres vers:<\/p>\n<ul style=\"text-align: justify;\">\n<li><strong><em>\u00ab\u00a0Nourrir une d\u00e9pendance karmique avec les \u00catres de Paix<\/em><\/strong><\/li>\n<li><strong><em>Se rapprocher de la Bienveillance des \u00catres<\/em><\/strong><\/li>\n<li><strong><em>S\u2019impr\u00e9gner de la Connaissance sage des \u00catres<\/em><\/strong><\/li>\n<li><strong><em>Pour d\u00e9velopper la Bienveillance et s\u2019\u00e9carter de la Malveillance\u00a0\u00bb<\/em><\/strong><\/li>\n<\/ul>\n<p style=\"text-align: justify;\">Et un autre \u00catre c\u00e9lestre pronon\u00e7a ces quelques vers devant l\u2019Omniscient Bouddha\u00a0:<\/p>\n<ul style=\"text-align: justify;\">\n<li><strong><em>\u00ab\u00a0Nourrir une d\u00e9pendance karmique avec les \u00catres de Paix<\/em><\/strong><\/li>\n<li><strong><em>Se rapprocher de la Bienveillance des \u00catres<\/em><\/strong><\/li>\n<li><strong><em>S\u2019impr\u00e9gner de la Connaissance sage des \u00catres<\/em><\/strong><\/li>\n<li><strong><em>Pour d\u00e9velopper la Sagesse et rien d\u2019autre\u00a0\u00bb<\/em><\/strong><\/li>\n<\/ul>\n<p style=\"text-align: justify;\">Et un autre \u00catre c\u00e9lestre pronon\u00e7a ces quelques vers devant l\u2019Omniscient Bouddha\u00a0:<\/p>\n<ul style=\"text-align: justify;\">\n<li><strong><em>\u00ab\u00a0Nourrir une d\u00e9pendance karmique avec les \u00catres de Paix<\/em><\/strong><\/li>\n<li><strong><em>Se rapprocher de la Bienveillance des \u00catres<\/em><\/strong><\/li>\n<li><strong><em>S\u2019impr\u00e9gner de la Connaissance sage des \u00catres<\/em><\/strong><\/li>\n<li><strong><em>Pour ne plus d\u00e9velopper la peine dans des lieux remplis de peine\u00a0\u00bb<\/em><\/strong><\/li>\n<\/ul>\n<p style=\"text-align: justify;\">Et un autre \u00catre c\u00e9lestre pronon\u00e7a ces quelques vers devant l\u2019Omniscient Bouddha\u00a0:<em> <\/em><\/p>\n<ul style=\"text-align: justify;\">\n<li><strong><em>\u00ab\u00a0Nourrir une d\u00e9pendance karmique avec les \u00catres de Paix<\/em><\/strong><\/li>\n<li><strong><em>Se rapprocher de la Bienveillance des \u00catres<\/em><\/strong><\/li>\n<li><strong><em>S\u2019impr\u00e9gner de la Connaissance sage des \u00catres<\/em><\/strong><\/li>\n<li><strong><em>Les \u00eatres vivants b\u00e9n\u00e9ficieront de la Paix int\u00e9rieure\u00a0\u00bb<\/em><\/strong><\/li>\n<\/ul>\n<p style=\"text-align: justify;\">Et un autre \u00catre c\u00e9lestre demanda \u00e0 l\u2019Omniscient Bouddha\u00a0: \u00ab\u00a0<em>Grand Ma\u00eetre Bouddha, parmi ces \u00catres c\u00e9lestres, qui a prononc\u00e9 d\u2019une fa\u00e7on b\u00e9n\u00e9fique\u00a0?<\/em> \u00bb. Le Bouddha\u00a0r\u00e9pondit\u00a0: \u00ab\u00a0<em>Concernant cet \u00e9tat b\u00e9n\u00e9fique, chacun a prononc\u00e9 d\u2019une fa\u00e7on b\u00e9n\u00e9fique. Pour cette raison, veuillez \u00e9couter mes paroles<\/em> \u00bb\u00a0:<em><\/em><\/p>\n<ul style=\"text-align: justify;\">\n<li><strong><em>\u00ab\u00a0Nourrir une d\u00e9pendance karmique avec les \u00catres de Paix<\/em><\/strong><\/li>\n<li><strong><em>Se rapprocher de la Bienveillance des \u00catres<\/em><\/strong><\/li>\n<li><strong><em>S\u2019impr\u00e9gner de la Connaissance sage des \u00catres<\/em><\/strong><\/li>\n<li><strong><em>Vous serez lib\u00e9r\u00e9 de toute souffrance\u00a0\u00bb<\/em><\/strong><\/li>\n<\/ul>\n<p style=\"text-align: justify;\">L\u2019Omniscient Bouddha a enseign\u00e9 de telle sorte. Tous les \u00catres c\u00e9lestres furent ravis des paroles de Bouddha. Telle est la culture du Bouddhisme.<\/p>\n<p style=\"text-align: justify;\"><strong>Nam M\u00f4 L\u00e2m T\u1ef3 Vi\u00ean V\u00f4 \u01afu\u00a0 Th\u1ecb Hi\u1ec7n \u0110\u1ea3n Sanh B\u1ed5n S\u01b0 Th\u00edch Ca M\u00e2u Ni Ph\u1eadt.<\/strong><\/p>\n<p>&nbsp;<\/p>\n","protected":false},"excerpt":{"rendered":"<p>\u00ab\u00a0Nourrir une d\u00e9pendance karmique avec les \u00catres de Paix Se rapprocher de la Bienveillance des \u00catres S\u2019impr\u00e9gner de la Connaissance sage des \u00catres Pour d\u00e9velopper \u2026 <a class=\"continue-reading-link\" href=\"https:\/\/www.pagodethienminh.fr\/?page_id=88\">Continue \u00e0 lire <span class=\"meta-nav\">&rarr; <\/span><\/a><\/p>\n","protected":false},"author":1,"featured_media":0,"parent":69,"menu_order":0,"comment_status":"closed","ping_status":"closed","template":"template-onecolumn.php","meta":{"_mc_calendar":[],"footnotes":""},"class_list":["post-88","page","type-page","status-publish","hentry"],"_links":{"self":[{"href":"https:\/\/www.pagodethienminh.fr\/index.php?rest_route=\/wp\/v2\/pages\/88","targetHints":{"allow":["GET"]}}],"collection":[{"href":"https:\/\/www.pagodethienminh.fr\/index.php?rest_route=\/wp\/v2\/pages"}],"about":[{"href":"https:\/\/www.pagodethienminh.fr\/index.php?rest_route=\/wp\/v2\/types\/page"}],"author":[{"embeddable":true,"href":"https:\/\/www.pagodethienminh.fr\/index.php?rest_route=\/wp\/v2\/users\/1"}],"replies":[{"embeddable":true,"href":"https:\/\/www.pagodethienminh.fr\/index.php?rest_route=%2Fwp%2Fv2%2Fcomments&post=88"}],"version-history":[{"count":5,"href":"https:\/\/www.pagodethienminh.fr\/index.php?rest_route=\/wp\/v2\/pages\/88\/revisions"}],"predecessor-version":[{"id":3220,"href":"https:\/\/www.pagodethienminh.fr\/index.php?rest_route=\/wp\/v2\/pages\/88\/revisions\/3220"}],"up":[{"embeddable":true,"href":"https:\/\/www.pagodethienminh.fr\/index.php?rest_route=\/wp\/v2\/pages\/69"}],"wp:attachment":[{"href":"https:\/\/www.pagodethienminh.fr\/index.php?rest_route=%2Fwp%2Fv2%2Fmedia&parent=88"}],"curies":[{"name":"wp","href":"https:\/\/api.w.org\/{rel}","templated":true}]}}