{"id":870,"date":"2011-05-18T12:30:38","date_gmt":"2011-05-18T12:30:38","guid":{"rendered":"http:\/\/www.pagodethienminh.fr\/?page_id=870"},"modified":"2013-03-14T15:38:26","modified_gmt":"2013-03-14T15:38:26","slug":"3ad-t%e1%bb%ab-kinh-metta-sutta","status":"publish","type":"page","link":"https:\/\/www.pagodethienminh.fr\/?page_id=870","title":{"rendered":"Kinh T\u1eeb (Metta Sutta)"},"content":{"rendered":"<p style=\"text-align: justify;\"><strong>Kinh T\u1eeb (Metta Sutta)<\/strong> (pali. mett\u0101-sutta), c\u0169ng \u0111\u01b0\u1ee3c g\u1ecdi l\u00e0 T\u1eeb bi kinh, l\u00e0 m\u1ed9t b\u00e0i kinh v\u0103n h\u1ec7 Pali, gi\u00fap Ph\u1eadt t\u1eed ph\u00e1t huy l\u00f2ng t\u1eeb \u00e1i. Kinh n\u00e0y \u0111\u01b0\u1ee3c ph\u1ed5 bi\u1ebfn r\u1ea5t r\u1ed9ng r\u00e3i \u1edf c\u00e1c n\u01b0\u1edbc theo truy\u1ec1n th\u1ed1ng Th\u01b0\u1ee3ng to\u1ea1 b\u1ed9, \u0111\u01b0\u1ee3c t\u0103ng ni t\u1ee5ng ni\u1ec7m h\u00e0ng ng\u00e0y.<\/p>\n<p style=\"text-align: center;\"><iframe loading=\"lazy\" src=\"http:\/\/www.youtube.com\/embed\/IVmOV5NCHgo\" height=\"349\" width=\"425\" allowfullscreen=\"\" frameborder=\"0\"><\/iframe><\/p>\n<p><a href=\"https:\/\/www.pagodethienminh.fr\/?attachment_id=854\" rel=\"attachment wp-att-854\"><img loading=\"lazy\" decoding=\"async\" class=\"aligncenter size-medium wp-image-854\" title=\"Lord Maitreya Buddha\" alt=\"\" src=\"https:\/\/www.pagodethienminh.fr\/wp-content\/uploads\/2011\/05\/G_TM-Maitreya-224x300.jpg\" width=\"224\" height=\"300\" srcset=\"https:\/\/www.pagodethienminh.fr\/wp-content\/uploads\/2011\/05\/G_TM-Maitreya-224x300.jpg 224w, https:\/\/www.pagodethienminh.fr\/wp-content\/uploads\/2011\/05\/G_TM-Maitreya-112x150.jpg 112w, https:\/\/www.pagodethienminh.fr\/wp-content\/uploads\/2011\/05\/G_TM-Maitreya.jpg 383w\" sizes=\"auto, (max-width: 224px) 100vw, 224px\" \/><\/a><\/p>\n<p>To\u00e0n v\u0103n kinh T\u1eeb (b\u1ea3n d\u1ecbch c\u1ee7a <strong>Th\u00edch Thi\u1ec7n Ch\u00e2u<\/strong>) (Sutta-Nip\u0101ta, 143-152):<\/p>\n<p>Ai kh\u00f4n ngoan mu\u1ed1n t\u00ecm h\u1ea1nh ph\u00fac<br \/>\nV\u00e0 \u01b0\u1edbc mong s\u1ed1ng v\u1edbi an l\u00e0nh<br \/>\nPh\u1ea3i t\u00e0i n\u0103ng, ngay th\u1eb3ng, c\u00f4ng minh<br \/>\nNghe l\u1eddi ph\u1ea3i, d\u1ecbu d\u00e0ng khi\u00eam t\u1ed1n.<\/p>\n<p>\u01afa thanh b\u1ea7n, d\u1ec5 d\u00e0ng ch\u1ecbu \u0111\u1ef1ng<br \/>\n\u00cdt b\u1eadn r\u1ed9n, vui \u0111\u1eddi gi\u1ea3n d\u1ecb<br \/>\nCh\u1ebf ng\u1ef1 gi\u00e1c quan v\u00e0 th\u1eadn tr\u1ecdng<br \/>\nKh\u00f4ng li\u1ec1u l\u0129nh, ch\u1eb3ng m\u00ea t\u1ee5c lu\u1ef5.<\/p>\n<p>Kh\u00f4ng ch\u1ea1y theo \u0111i\u1ec1u qu\u1ea5y nh\u1ecf nhoi<br \/>\nM\u00e0 th\u00e1nh hi\u1ec1n c\u00f3 th\u1ec3 ch\u00ea bai<br \/>\n\u0110em an vui \u0111\u1ebfn cho mu\u00f4n lo\u00e0i<br \/>\nC\u1ea7u ch\u00fang sinh th\u1ea3y \u0111\u1ec1u an l\u1ea1c.<\/p>\n<p>Kh\u00f4ng b\u1ecf s\u00f3t m\u1ed9t h\u1eefu t\u00ecnh n\u00e0o<br \/>\nK\u1ebb \u1ed1m y\u1ebfu ho\u1eb7c ng\u01b0\u1eddi kh\u1ecfe m\u1ea1nh<br \/>\nGi\u1ed1ng l\u1edbn to ho\u1eb7c lo\u1ea1i d\u00e0i cao<br \/>\nTh\u00e2n trung b\u00ecnh ho\u1eb7c ng\u1eafn, nh\u1ecf, th\u00f4.<\/p>\n<p>C\u00f3 h\u00ecnh t\u01b0\u1edbng hay kh\u00f4ng h\u00ecnh t\u01b0\u1edbng<br \/>\n\u1ede g\u1ea7n ta ho\u1eb7c \u1edf n\u01a1i xa<br \/>\n\u0110\u00e3 sinh r\u1ed3i ho\u1eb7c s\u1eafp sinh ra<br \/>\nC\u1ea7u cho t\u1ea5t c\u1ea3 \u0111\u1ec1u an l\u1ea1c.<\/p>\n<p>V\u1edbi ai v\u00e0 b\u1ea5t lu\u1eadn \u1edf \u0111\u00e2u<br \/>\nKh\u00f4ng l\u1eeba d\u1ed1i, ch\u1eb3ng n\u00ean khinh d\u1ec3<br \/>\nL\u00fac c\u0103m h\u1eddn ho\u1eb7c khi gi\u1eadn d\u1eef<br \/>\n\u0110\u1eebng m\u01b0u toan g\u00e2y kh\u1ed5 cho nhau.<\/p>\n<p>Nh\u01b0 m\u1eb9 hi\u1ec1n th\u01b0\u01a1ng y\u00eau con m\u1ed9t<br \/>\nD\u00e1m hi sinh b\u1ea3o v\u1ec7 cho con<br \/>\nV\u1edbi mu\u00f4n lo\u00e0i \u00e2n c\u1ea7n kh\u00f4ng kh\u00e1c<br \/>\nL\u00f2ng \u00e1i t\u1eeb nh\u01b0 b\u1ec3 nh\u01b0 non.<\/p>\n<p>Tung r\u00e3i t\u1eeb t\u00e2m kh\u1eafp v\u0169 tr\u1ee5<br \/>\nM\u1edf r\u1ed9ng t\u00ecnh th\u01b0\u01a1ng kh\u00f4ng gi\u1edbi h\u1ea1n<br \/>\nT\u1eebng tr\u00ean, ph\u00eda d\u01b0\u1edbi v\u00e0 kho\u1ea3ng gi\u1eefa<br \/>\nKh\u00f4ng v\u01b0\u1edbng m\u1eafc o\u00e1n th\u00f9 gh\u00e9t b\u1ecf.<\/p>\n<p>Khi \u0111i, khi \u0111\u1ee9ng ho\u1eb7c n\u1eb1m ng\u1ed3i<br \/>\nH\u1ec5 l\u00fac n\u00e0o tinh th\u1ea7n t\u1ec9nh t\u00e1o<br \/>\nPh\u00e1t tri\u1ec3n lu\u00f4n d\u00f2ng ch\u00ednh ni\u1ec7m n\u00e0y<br \/>\nL\u00e0 \u0111\u1ea1o s\u1ed1ng \u0111\u1eb9p cao nh\u1ea5t \u0111\u1eddi.<\/p>\n<p>\u0110\u1eebng \u0111\u1ec3 l\u1ea1c v\u00e0o n\u01a1i m\u00ea t\u1ed1i<br \/>\n\u0110\u1ee7 gi\u1edbi \u0111\u1ee9c, tr\u00ed hu\u1ec7 cao v\u1eddi<br \/>\nV\u00e0 d\u1ee9t b\u1ecf l\u00f2ng tham d\u1ee5c l\u1ea1c<br \/>\n\u0110\u01b0\u1ee3c nh\u01b0 th\u1ebf tho\u00e1t kh\u1ecfi lu\u00e2n h\u1ed3i.<\/p>\n","protected":false},"excerpt":{"rendered":"<p>Kinh T\u1eeb (Metta Sutta) (pali. mett\u0101-sutta), c\u0169ng \u0111\u01b0\u1ee3c g\u1ecdi l\u00e0 T\u1eeb bi kinh, l\u00e0 m\u1ed9t b\u00e0i kinh v\u0103n h\u1ec7 Pali, gi\u00fap Ph\u1eadt t\u1eed ph\u00e1t huy \u2026 <a class=\"continue-reading-link\" href=\"https:\/\/www.pagodethienminh.fr\/?page_id=870\">Continue \u00e0 lire <span class=\"meta-nav\">&rarr; <\/span><\/a><\/p>\n","protected":false},"author":1,"featured_media":0,"parent":836,"menu_order":4,"comment_status":"closed","ping_status":"closed","template":"template-onecolumn.php","meta":{"_mc_calendar":[],"footnotes":""},"class_list":["post-870","page","type-page","status-publish","hentry"],"_links":{"self":[{"href":"https:\/\/www.pagodethienminh.fr\/index.php?rest_route=\/wp\/v2\/pages\/870","targetHints":{"allow":["GET"]}}],"collection":[{"href":"https:\/\/www.pagodethienminh.fr\/index.php?rest_route=\/wp\/v2\/pages"}],"about":[{"href":"https:\/\/www.pagodethienminh.fr\/index.php?rest_route=\/wp\/v2\/types\/page"}],"author":[{"embeddable":true,"href":"https:\/\/www.pagodethienminh.fr\/index.php?rest_route=\/wp\/v2\/users\/1"}],"replies":[{"embeddable":true,"href":"https:\/\/www.pagodethienminh.fr\/index.php?rest_route=%2Fwp%2Fv2%2Fcomments&post=870"}],"version-history":[{"count":11,"href":"https:\/\/www.pagodethienminh.fr\/index.php?rest_route=\/wp\/v2\/pages\/870\/revisions"}],"predecessor-version":[{"id":3488,"href":"https:\/\/www.pagodethienminh.fr\/index.php?rest_route=\/wp\/v2\/pages\/870\/revisions\/3488"}],"up":[{"embeddable":true,"href":"https:\/\/www.pagodethienminh.fr\/index.php?rest_route=\/wp\/v2\/pages\/836"}],"wp:attachment":[{"href":"https:\/\/www.pagodethienminh.fr\/index.php?rest_route=%2Fwp%2Fv2%2Fmedia&parent=870"}],"curies":[{"name":"wp","href":"https:\/\/api.w.org\/{rel}","templated":true}]}}