{"id":813,"date":"2011-05-16T14:40:07","date_gmt":"2011-05-16T14:40:07","guid":{"rendered":"http:\/\/www.pagodethienminh.fr\/?page_id=813"},"modified":"2011-05-16T15:48:13","modified_gmt":"2011-05-16T15:48:13","slug":"2005-2","status":"publish","type":"page","link":"https:\/\/www.pagodethienminh.fr\/?page_id=813","title":{"rendered":"2005"},"content":{"rendered":"<ul>\n<li>Lyon : Ch\u00f9a Thi\u1ec7n Minh Reliques 08-10\/07 \u00a0<a href=\"https:\/\/picasaweb.google.com\/caoilys\/XaLoiLyonRelics08Juil2005#\" target=\"_blank\">S\u00e9rie 1<\/a>&#8211; <a href=\"https:\/\/picasaweb.google.com\/caoilys\/XaLoiLyonRelics09Juil2005#\" target=\"_blank\">S\u00e9rie 2<\/a>&#8211;<a href=\"https:\/\/picasaweb.google.com\/caoilys\/XaLoiLyonRelics10Juil2005#\" target=\"_blank\"> S\u00e9rie 3<\/a><\/li>\n<p><embed type=\"application\/x-shockwave-flash\" src=\"https:\/\/picasaweb.google.com\/s\/c\/bin\/slideshow.swf\" width=\"400\" height=\"267\" flashvars=\"host=picasaweb.google.com&#038;hl=fr&#038;feat=flashalbum&#038;RGB=0x000000&#038;feed=https%3A%2F%2Fpicasaweb.google.com%2Fdata%2Ffeed%2Fapi%2Fuser%2Fcaoilys%2Falbumid%2F5346718577668679425%3Falt%3Drss%26kind%3Dphoto%26hl%3Dfr\" pluginspage=\"http:\/\/www.macromedia.com\/go\/getflashplayer\"><\/embed><\/p>\n<p><embed type=\"application\/x-shockwave-flash\" src=\"https:\/\/picasaweb.google.com\/s\/c\/bin\/slideshow.swf\" width=\"400\" height=\"267\" flashvars=\"host=picasaweb.google.com&#038;hl=fr&#038;feat=flashalbum&#038;RGB=0x000000&#038;feed=https%3A%2F%2Fpicasaweb.google.com%2Fdata%2Ffeed%2Fapi%2Fuser%2Fcaoilys%2Falbumid%2F5346718618013356289%3Falt%3Drss%26kind%3Dphoto%26hl%3Dfr\" pluginspage=\"http:\/\/www.macromedia.com\/go\/getflashplayer\"><\/embed><\/p>\n<p><embed type=\"application\/x-shockwave-flash\" src=\"https:\/\/picasaweb.google.com\/s\/c\/bin\/slideshow.swf\" width=\"400\" height=\"267\" flashvars=\"host=picasaweb.google.com&#038;hl=fr&#038;feat=flashalbum&#038;RGB=0x000000&#038;feed=https%3A%2F%2Fpicasaweb.google.com%2Fdata%2Ffeed%2Fapi%2Fuser%2Fcaoilys%2Falbumid%2F5346718684734079121%3Falt%3Drss%26kind%3Dphoto%26hl%3Dfr\" pluginspage=\"http:\/\/www.macromedia.com\/go\/getflashplayer\"><\/embed><\/p>\n<\/ul>\n","protected":false},"excerpt":{"rendered":"<p>Lyon : Ch\u00f9a Thi\u1ec7n Minh Reliques 08-10\/07 \u00a0S\u00e9rie 1&#8211; S\u00e9rie 2&#8211; S\u00e9rie 3<\/p>\n","protected":false},"author":1,"featured_media":0,"parent":304,"menu_order":0,"comment_status":"closed","ping_status":"closed","template":"","meta":{"_mc_calendar":[],"footnotes":""},"class_list":["post-813","page","type-page","status-publish","hentry"],"_links":{"self":[{"href":"https:\/\/www.pagodethienminh.fr\/index.php?rest_route=\/wp\/v2\/pages\/813","targetHints":{"allow":["GET"]}}],"collection":[{"href":"https:\/\/www.pagodethienminh.fr\/index.php?rest_route=\/wp\/v2\/pages"}],"about":[{"href":"https:\/\/www.pagodethienminh.fr\/index.php?rest_route=\/wp\/v2\/types\/page"}],"author":[{"embeddable":true,"href":"https:\/\/www.pagodethienminh.fr\/index.php?rest_route=\/wp\/v2\/users\/1"}],"replies":[{"embeddable":true,"href":"https:\/\/www.pagodethienminh.fr\/index.php?rest_route=%2Fwp%2Fv2%2Fcomments&post=813"}],"version-history":[{"count":4,"href":"https:\/\/www.pagodethienminh.fr\/index.php?rest_route=\/wp\/v2\/pages\/813\/revisions"}],"predecessor-version":[{"id":823,"href":"https:\/\/www.pagodethienminh.fr\/index.php?rest_route=\/wp\/v2\/pages\/813\/revisions\/823"}],"up":[{"embeddable":true,"href":"https:\/\/www.pagodethienminh.fr\/index.php?rest_route=\/wp\/v2\/pages\/304"}],"wp:attachment":[{"href":"https:\/\/www.pagodethienminh.fr\/index.php?rest_route=%2Fwp%2Fv2%2Fmedia&parent=813"}],"curies":[{"name":"wp","href":"https:\/\/api.w.org\/{rel}","templated":true}]}}