{"id":7597,"date":"2025-03-06T19:49:19","date_gmt":"2025-03-06T19:49:19","guid":{"rendered":"https:\/\/www.pagodethienminh.fr\/?page_id=7597"},"modified":"2025-03-06T19:49:20","modified_gmt":"2025-03-06T19:49:20","slug":"recitation-de-prise-de-refuge-et-des-cinq-preceptes","status":"publish","type":"page","link":"https:\/\/www.pagodethienminh.fr\/?page_id=7597","title":{"rendered":"R\u00e9citation de prise de refuge et des cinq pr\u00e9ceptes"},"content":{"rendered":"\n<p>Voici le fichier en pdf que vous pouvez t\u00e9l\u00e9charger pour commencer \u00e0 int\u00e9grer la prise de refuge et des cinq pr\u00e9ceptes devant l&#8217;autel de Bouddha : <\/p>\n\n\n\n<div data-wp-interactive=\"core\/file\" class=\"wp-block-file\"><object data-wp-bind--hidden=\"!state.hasPdfPreview\" hidden class=\"wp-block-file__embed\" data=\"https:\/\/www.pagodethienminh.fr\/wp-content\/uploads\/2025\/03\/Recitation-Prise-de-Refuge-et-des-Cinq-Preceptes-V3-2024.pdf\" type=\"application\/pdf\" style=\"width:100%;height:600px\" aria-label=\"Contenu embarqu\u00e9 Recitation Prise de Refuge et des Cinq Pr\u00e9ceptes V3 - 2024.\"><\/object><a id=\"wp-block-file--media-25eb96ae-c103-4c6d-9e90-9229fa2de24e\" href=\"https:\/\/www.pagodethienminh.fr\/wp-content\/uploads\/2025\/03\/Recitation-Prise-de-Refuge-et-des-Cinq-Preceptes-V3-2024.pdf\">Recitation Prise de Refuge et des Cinq Pr\u00e9ceptes V3 &#8211; 2024<\/a><a href=\"https:\/\/www.pagodethienminh.fr\/wp-content\/uploads\/2025\/03\/Recitation-Prise-de-Refuge-et-des-Cinq-Preceptes-V3-2024.pdf\" class=\"wp-block-file__button wp-element-button\" download aria-describedby=\"wp-block-file--media-25eb96ae-c103-4c6d-9e90-9229fa2de24e\">T\u00e9l\u00e9charger<\/a><\/div>\n","protected":false},"excerpt":{"rendered":"<p>Voici le fichier en pdf que vous pouvez t\u00e9l\u00e9charger pour commencer \u00e0 int\u00e9grer la prise de refuge et des cinq pr\u00e9ceptes devant l&#8217;autel de Bouddha \u2026 <a class=\"continue-reading-link\" href=\"https:\/\/www.pagodethienminh.fr\/?page_id=7597\">Continue \u00e0 lire <span class=\"meta-nav\">&rarr; <\/span><\/a><\/p>\n","protected":false},"author":1,"featured_media":0,"parent":7536,"menu_order":0,"comment_status":"closed","ping_status":"closed","template":"","meta":{"_mc_calendar":[],"footnotes":""},"class_list":["post-7597","page","type-page","status-publish","hentry"],"_links":{"self":[{"href":"https:\/\/www.pagodethienminh.fr\/index.php?rest_route=\/wp\/v2\/pages\/7597","targetHints":{"allow":["GET"]}}],"collection":[{"href":"https:\/\/www.pagodethienminh.fr\/index.php?rest_route=\/wp\/v2\/pages"}],"about":[{"href":"https:\/\/www.pagodethienminh.fr\/index.php?rest_route=\/wp\/v2\/types\/page"}],"author":[{"embeddable":true,"href":"https:\/\/www.pagodethienminh.fr\/index.php?rest_route=\/wp\/v2\/users\/1"}],"replies":[{"embeddable":true,"href":"https:\/\/www.pagodethienminh.fr\/index.php?rest_route=%2Fwp%2Fv2%2Fcomments&post=7597"}],"version-history":[{"count":1,"href":"https:\/\/www.pagodethienminh.fr\/index.php?rest_route=\/wp\/v2\/pages\/7597\/revisions"}],"predecessor-version":[{"id":7599,"href":"https:\/\/www.pagodethienminh.fr\/index.php?rest_route=\/wp\/v2\/pages\/7597\/revisions\/7599"}],"up":[{"embeddable":true,"href":"https:\/\/www.pagodethienminh.fr\/index.php?rest_route=\/wp\/v2\/pages\/7536"}],"wp:attachment":[{"href":"https:\/\/www.pagodethienminh.fr\/index.php?rest_route=%2Fwp%2Fv2%2Fmedia&parent=7597"}],"curies":[{"name":"wp","href":"https:\/\/api.w.org\/{rel}","templated":true}]}}