{"id":755,"date":"2011-05-14T10:58:01","date_gmt":"2011-05-14T10:58:01","guid":{"rendered":"http:\/\/www.pagodethienminh.fr\/?page_id=755"},"modified":"2011-10-06T15:27:13","modified_gmt":"2011-10-06T15:27:13","slug":"5-lettre-de-voeux-de-vesak","status":"publish","type":"page","link":"https:\/\/www.pagodethienminh.fr\/?page_id=755","title":{"rendered":"5.Lettre de V\u0153ux de V\u00e9sak"},"content":{"rendered":"<p style=\"text-align: justify;\"><strong>Lettre de V\u0153ux de V\u00e9sak du Secr\u00e9taire G\u00e9n\u00e9ral Ban Ki-Moon des Nations Unies adress\u00e9e \u00e0 tous les\u00a0 Bouddhistes des 5 continents<\/strong><\/p>\n<p style=\"text-align: justify;\">LTS: Durant cette p\u00e9riode de V\u00e9sak, des millions de Bouddhistes sont heureux de c\u00e9l\u00e9brer l\u2019arriv\u00e9e sur terre du Grand Maitre S\u00e2kyamuni. C\u2019est dans cette atmosph\u00e8re de joie que le Secr\u00e9taire G\u00e9n\u00e9ral des Nations Unies Ban Ki-moon a adress\u00e9 un message de meilleurs v\u0153ux \u00e0 tous les bouddhistes des 5 continents. Cette lettre a \u00e9t\u00e9 traduite en vietnamien par le V\u00e9n\u00e9rable <em><strong>Th\u00edch Qu\u1ea3ng Tr\u00ed et publi\u00e9 sur le site <\/strong><\/em>Internet <em><strong>Gi\u00e1c Ng\u1ed9 (Eveil).<\/strong><\/em><\/p>\n<p style=\"text-align: justify;\">Voici le message du Secr\u00e9taire g\u00e9n\u00e9ral\u00a0:<\/p>\n<p style=\"text-align: justify;\">Je suis rempli de joie et tr\u00e8s heureux d\u2019offrir ces v\u0153ux \u00e0 la communaut\u00e9 de la Sangha et aux bouddhistes du monde entier pour ce jour de V\u00e9sak, jour pour comm\u00e9morer la naissance du futur Bouddha, pour aussi comm\u00e9morer le jour de son illumination et pour enfin comm\u00e9morer le jour de son entr\u00e9e en parinirv\u00e2na. V\u00e9sak est\u00a0 aussi un moyen pour que tous les bouddhistes puissent prendre conscience des valeurs fondamentales enseign\u00e9es par le Bouddha sur la tol\u00e9rance, la compassion et l\u2019esprit d\u2019humanisme, valeurs aussi exprim\u00e9es dans son mod\u00e8le de vie et \u00e0 travers ses enseignements. On retrouve aussi ces valeurs dans la Chartre des Nations Unies, tels les accords mutuels entre les diff\u00e9rents pays membres \u00e0 travailler ensemble vers une seule direction, celle de l\u2019esprit d\u2019harmonie de ce monde, o\u00f9 chacun, homme ou femme, peut d\u00e9velopper et r\u00e9aliser l\u2019\u00e9tat de Paix ainsi que les actions b\u00e9n\u00e9fiques pour tous.<\/p>\n<p style=\"text-align: justify;\">Le th\u00e8me sur la c\u00e9l\u00e9bration de l\u2019\u00e9v\u00e9nement de V\u00e9sak de cette ann\u00e9e porte sur \u00ab\u00a0R\u00e9\u00e9quilibrer le monde sur les bases bouddhistes\u00a0\u00bb. Ce sujet parle de l&#8217;importance des pr\u00e9occupations mondiales \u00e9mises au moment o\u00f9 la crise \u00e9conomique s\u2019est produite. On constate fondamentalement que lorsque cette \u00e9pid\u00e9mie financi\u00e8re s\u2019est d\u00e9clench\u00e9e, les familles ou les personnes d\u00e9favoris\u00e9es sont les premi\u00e8res \u00e0 \u00eatre profond\u00e9ment touch\u00e9es. Ces personnes devront subir une longue p\u00e9riode de manque mat\u00e9riel jusqu\u2019\u00e0 revenir \u00e0 leur \u00e9tat initial. Durant cette p\u00e9riode, j\u2019ai convoqu\u00e9 les dirigeants du monde entier \u00e0 agir dans la solidarit\u00e9 et la g\u00e9n\u00e9rosit\u00e9 pour le bien commun de l\u2019humanit\u00e9 enti\u00e8re. Les actions men\u00e9es ainsi que les efforts provenant de l\u2019Organisation des Nations Unies ont frein\u00e9 l\u2019\u00e9volution de la crise. Les cons\u00e9quences n\u00e9gatives r\u00e9colt\u00e9es par les hommes sont des enseignements pr\u00e9cieux qu\u2019ils doivent m\u00e9diter et qu\u2019ils doivent mettre en pratique, sinon ils continueront \u00e0 renouveler leurs propres erreurs.<\/p>\n<p style=\"text-align: justify;\">L\u2019esprit de solidarit\u00e9 et d\u2019entraide est de plus en plus n\u00e9cessaire et essentiel dans ce monde interd\u00e9pendant. Et cet esprit est rappel\u00e9 pendant l\u2019\u00e9v\u00e9nement de V\u00e9sak. La pratique de l\u2019\u00e9tat de compassion et de g\u00e9n\u00e9rosit\u00e9 pour les plus d\u00e9munis est une action qui s\u2019inscrit dans le cadre de cette c\u00e9l\u00e9bration qui a lieu chaque ann\u00e9e. C\u2019est \u00e0 travers la voie de l\u2019\u00e9quilibre et de la stabilit\u00e9 entre les hommes que cette action d\u2019entraide est une solution et aussi une r\u00e9solution des \u00ab\u00a0probl\u00e8mes\u00a0\u00bb actuels\u00a0tels que l\u2019expansion de la pauvret\u00e9, la destruction de l\u2019environnement par exemple le d\u00e9r\u00e8glement du processus naturel climatique. Aucun \u00eatre n\u2019a le droit ou prend le droit d\u2019obliger autrui \u00e0 agir selon ses d\u00e9sirs, car l\u2019esprit de libert\u00e9, l\u2019esprit de paix et l\u2019esprit de sagesse appartiennent \u00e0 tous les \u00eatres. Si toutes les actions sont r\u00e9alis\u00e9es selon les pr\u00e9ceptes bouddhistes, alors tous les m\u00e9rites pourront \u00eatre b\u00e9n\u00e9fici\u00e9s.<\/p>\n<p style=\"text-align: justify;\">Sign\u00e9\u00a0: le Secr\u00e9taire G\u00e9n\u00e9ral des Nations Unies<\/p>\n<p style=\"text-align: justify;\"><strong>Ban Ki-moon<\/strong><\/p>\n<p style=\"text-align: justify;\"><strong><\/strong><\/p>\n","protected":false},"excerpt":{"rendered":"<p>Lettre de V\u0153ux de V\u00e9sak du Secr\u00e9taire G\u00e9n\u00e9ral Ban Ki-Moon des Nations Unies adress\u00e9e \u00e0 tous les\u00a0 Bouddhistes des 5 continents LTS: Durant cette p\u00e9riode \u2026 <a class=\"continue-reading-link\" href=\"https:\/\/www.pagodethienminh.fr\/?page_id=755\">Continue \u00e0 lire <span class=\"meta-nav\">&rarr; <\/span><\/a><\/p>\n","protected":false},"author":1,"featured_media":0,"parent":69,"menu_order":0,"comment_status":"closed","ping_status":"closed","template":"full-width-page.php","meta":{"_mc_calendar":[],"footnotes":""},"class_list":["post-755","page","type-page","status-publish","hentry"],"_links":{"self":[{"href":"https:\/\/www.pagodethienminh.fr\/index.php?rest_route=\/wp\/v2\/pages\/755","targetHints":{"allow":["GET"]}}],"collection":[{"href":"https:\/\/www.pagodethienminh.fr\/index.php?rest_route=\/wp\/v2\/pages"}],"about":[{"href":"https:\/\/www.pagodethienminh.fr\/index.php?rest_route=\/wp\/v2\/types\/page"}],"author":[{"embeddable":true,"href":"https:\/\/www.pagodethienminh.fr\/index.php?rest_route=\/wp\/v2\/users\/1"}],"replies":[{"embeddable":true,"href":"https:\/\/www.pagodethienminh.fr\/index.php?rest_route=%2Fwp%2Fv2%2Fcomments&post=755"}],"version-history":[{"count":2,"href":"https:\/\/www.pagodethienminh.fr\/index.php?rest_route=\/wp\/v2\/pages\/755\/revisions"}],"predecessor-version":[{"id":1302,"href":"https:\/\/www.pagodethienminh.fr\/index.php?rest_route=\/wp\/v2\/pages\/755\/revisions\/1302"}],"up":[{"embeddable":true,"href":"https:\/\/www.pagodethienminh.fr\/index.php?rest_route=\/wp\/v2\/pages\/69"}],"wp:attachment":[{"href":"https:\/\/www.pagodethienminh.fr\/index.php?rest_route=%2Fwp%2Fv2%2Fmedia&parent=755"}],"curies":[{"name":"wp","href":"https:\/\/api.w.org\/{rel}","templated":true}]}}