{"id":7536,"date":"2025-01-23T21:54:29","date_gmt":"2025-01-23T21:54:29","guid":{"rendered":"https:\/\/www.pagodethienminh.fr\/?page_id=7536"},"modified":"2026-03-06T21:39:32","modified_gmt":"2026-03-06T21:39:32","slug":"la-prise-de-refuge","status":"publish","type":"page","link":"https:\/\/www.pagodethienminh.fr\/?page_id=7536","title":{"rendered":"LA PRISE DE REFUGE"},"content":{"rendered":"\n<div data-wp-interactive=\"core\/file\" class=\"wp-block-file\"><object data-wp-bind--hidden=\"!state.hasPdfPreview\" hidden class=\"wp-block-file__embed\" data=\"https:\/\/www.pagodethienminh.fr\/wp-content\/uploads\/2025\/01\/Prise-de-refuge.pdf\" type=\"application\/pdf\" style=\"width:100%;height:200px\" aria-label=\"Contenu embarqu\u00e9 Prise de refuge.\"><\/object><a id=\"wp-block-file--media-1987d671-9ad2-4f37-8b88-d13c6129c400\" href=\"https:\/\/www.pagodethienminh.fr\/wp-content\/uploads\/2025\/01\/Prise-de-refuge.pdf\">Prise de refuge<\/a><a href=\"https:\/\/www.pagodethienminh.fr\/wp-content\/uploads\/2025\/01\/Prise-de-refuge.pdf\" class=\"wp-block-file__button wp-element-button\" download aria-describedby=\"wp-block-file--media-1987d671-9ad2-4f37-8b88-d13c6129c400\">T\u00e9l\u00e9charger<\/a><\/div>\n\n\n\n<hr class=\"wp-block-separator has-alpha-channel-opacity\"\/>\n\n\n\n<div data-wp-interactive=\"core\/file\" class=\"wp-block-file\"><object data-wp-bind--hidden=\"!state.hasPdfPreview\" hidden class=\"wp-block-file__embed\" data=\"https:\/\/www.pagodethienminh.fr\/wp-content\/uploads\/2025\/01\/Deroulement-de-la-ceremonie-de-Prise-de-refuge.pdf\" type=\"application\/pdf\" style=\"width:100%;height:200px\" aria-label=\"Contenu embarqu\u00e9 D\u00e9roulement de la c\u00e9r\u00e9monie de Prise de refuge.\"><\/object><a id=\"wp-block-file--media-d207fd88-a55c-4312-8b84-a51e3142553f\" href=\"https:\/\/www.pagodethienminh.fr\/wp-content\/uploads\/2025\/01\/Deroulement-de-la-ceremonie-de-Prise-de-refuge.pdf\">D\u00e9roulement de la c\u00e9r\u00e9monie de Prise de refuge<\/a><a href=\"https:\/\/www.pagodethienminh.fr\/wp-content\/uploads\/2025\/01\/Deroulement-de-la-ceremonie-de-Prise-de-refuge.pdf\" class=\"wp-block-file__button wp-element-button\" download aria-describedby=\"wp-block-file--media-d207fd88-a55c-4312-8b84-a51e3142553f\">T\u00e9l\u00e9charger<\/a><\/div>\n\n\n\n<hr class=\"wp-block-separator has-alpha-channel-opacity\"\/>\n\n\n\n<p class=\"has-vivid-cyan-blue-color has-text-color has-link-color wp-elements-dd2112a76d2a4427146d25b2a60cee65\">2026 : <strong>Visio de la s\u00e9ance sur la signification de la prise de refuge et des cinq pr\u00e9ceptes<\/strong><\/p>\n\n\n\n<figure class=\"wp-block-embed is-type-video is-provider-youtube wp-block-embed-youtube wp-embed-aspect-16-9 wp-has-aspect-ratio\"><div class=\"wp-block-embed__wrapper\">\n<iframe loading=\"lazy\" title=\"ZOOM Prise de refuge session 1\" width=\"1030\" height=\"579\" src=\"https:\/\/www.youtube.com\/embed\/y07wsezkk6Y?feature=oembed\" frameborder=\"0\" allow=\"accelerometer; autoplay; clipboard-write; encrypted-media; gyroscope; picture-in-picture; web-share\" referrerpolicy=\"strict-origin-when-cross-origin\" allowfullscreen><\/iframe>\n<\/div><\/figure>\n\n\n\n<p class=\"has-vivid-cyan-blue-color has-text-color has-link-color wp-elements-b85243ad03e2ea4a92866310401b718c\"><strong>2026 : D\u00e9roulement de la c\u00e9r\u00e9monie de prise de refuge<\/strong><\/p>\n\n\n\n<figure class=\"wp-block-embed is-type-video is-provider-youtube wp-block-embed-youtube wp-embed-aspect-4-3 wp-has-aspect-ratio\"><div class=\"wp-block-embed__wrapper\">\n<iframe loading=\"lazy\" title=\"D\u00e9roulement de la c\u00e9r\u00e9monie de prise de refuge 2026\" width=\"1030\" height=\"773\" src=\"https:\/\/www.youtube.com\/embed\/jXTkazGnWKY?feature=oembed\" frameborder=\"0\" allow=\"accelerometer; autoplay; clipboard-write; encrypted-media; gyroscope; picture-in-picture; web-share\" referrerpolicy=\"strict-origin-when-cross-origin\" allowfullscreen><\/iframe>\n<\/div><\/figure>\n\n\n\n<p class=\"has-vivid-cyan-blue-color has-text-color has-link-color wp-elements-4e88ef1d9305ae9ad71f3574d2885983\">2025 : <strong>Visio de la s\u00e9ance sur la signification de la prise de refuge et des cinq pr\u00e9ceptes<\/strong><\/p>\n\n\n\n<figure class=\"wp-block-embed is-type-video is-provider-youtube wp-block-embed-youtube wp-embed-aspect-16-9 wp-has-aspect-ratio\"><div class=\"wp-block-embed__wrapper\">\n<iframe loading=\"lazy\" title=\"Seance 1 Explication prise de refuge 20 01 25\" width=\"1030\" height=\"579\" src=\"https:\/\/www.youtube.com\/embed\/zJSDxTAKiuk?feature=oembed\" frameborder=\"0\" allow=\"accelerometer; autoplay; clipboard-write; encrypted-media; gyroscope; picture-in-picture; web-share\" referrerpolicy=\"strict-origin-when-cross-origin\" allowfullscreen><\/iframe>\n<\/div><\/figure>\n\n\n\n<hr class=\"wp-block-separator has-alpha-channel-opacity\"\/>\n\n\n\n<p class=\"has-vivid-cyan-blue-color has-text-color has-link-color wp-elements-392f17fd29d3d2bbd537a1bfcd582b9b\"><strong>Visio de la s\u00e9ance sur la c\u00e9r\u00e9monie de la prise de refuge et des voeux des cinq pr\u00e9ceptes<\/strong><\/p>\n\n\n\n<figure class=\"wp-block-embed is-type-video is-provider-youtube wp-block-embed-youtube wp-embed-aspect-16-9 wp-has-aspect-ratio\"><div class=\"wp-block-embed__wrapper\">\n<iframe loading=\"lazy\" title=\"D\u00e9roulement de la c\u00e9r\u00e9monie de prise de refuge et voeux des cinq disciplines\" width=\"1030\" height=\"579\" src=\"https:\/\/www.youtube.com\/embed\/Gjszt4ibmug?feature=oembed\" frameborder=\"0\" allow=\"accelerometer; autoplay; clipboard-write; encrypted-media; gyroscope; picture-in-picture; web-share\" referrerpolicy=\"strict-origin-when-cross-origin\" allowfullscreen><\/iframe>\n<\/div><\/figure>\n\n\n\n<hr class=\"wp-block-separator has-alpha-channel-opacity\"\/>\n\n\n\n<p class=\"has-vivid-purple-color has-text-color has-link-color wp-elements-4b9fca3b272172b8bf834abb51468696\"><strong>Voici les deux fichiers audio \u00e0 r\u00e9p\u00e9ter en vietnamien lors de la prise de&nbsp;refuge:<\/strong><\/p>\n\n\n\n<p><strong><em><a href=\"http:\/\/pagodethienminh.free.fr\/phap\/CHI_TAM_DANH_LE.m4a\">Nam m\u00f4&nbsp;C\u1ea7u&nbsp;S\u00e1m&nbsp;H\u1ed1i&nbsp;B\u1ed3 T\u00e1t Ma Ha t\u00e1t<\/a><\/em><\/strong><\/p>\n\n\n\n<p><strong><em><a href=\"http:\/\/pagodethienminh.free.fr\/phap\/NAMO_CAU_SAM_HOI_BO_TAT_MA_HA_TAT.m4a\">Ch\u00ed t\u00e2m \u0111\u1ea3nh l\u1ec5 C\u00f4ng \u0110\u1ee9c L\u00e2m B\u1ed3 T\u00e1t Ma ha t\u00e1t<\/a><\/em><\/strong><\/p>\n","protected":false},"excerpt":{"rendered":"<p>2026 : Visio de la s\u00e9ance sur la signification de la prise de refuge et des cinq pr\u00e9ceptes 2026 : D\u00e9roulement de la c\u00e9r\u00e9monie de \u2026 <a class=\"continue-reading-link\" href=\"https:\/\/www.pagodethienminh.fr\/?page_id=7536\">Continue \u00e0 lire <span class=\"meta-nav\">&rarr; <\/span><\/a><\/p>\n","protected":false},"author":1,"featured_media":0,"parent":0,"menu_order":0,"comment_status":"closed","ping_status":"closed","template":"","meta":{"_mc_calendar":[],"footnotes":""},"class_list":["post-7536","page","type-page","status-publish","hentry"],"_links":{"self":[{"href":"https:\/\/www.pagodethienminh.fr\/index.php?rest_route=\/wp\/v2\/pages\/7536","targetHints":{"allow":["GET"]}}],"collection":[{"href":"https:\/\/www.pagodethienminh.fr\/index.php?rest_route=\/wp\/v2\/pages"}],"about":[{"href":"https:\/\/www.pagodethienminh.fr\/index.php?rest_route=\/wp\/v2\/types\/page"}],"author":[{"embeddable":true,"href":"https:\/\/www.pagodethienminh.fr\/index.php?rest_route=\/wp\/v2\/users\/1"}],"replies":[{"embeddable":true,"href":"https:\/\/www.pagodethienminh.fr\/index.php?rest_route=%2Fwp%2Fv2%2Fcomments&post=7536"}],"version-history":[{"count":9,"href":"https:\/\/www.pagodethienminh.fr\/index.php?rest_route=\/wp\/v2\/pages\/7536\/revisions"}],"predecessor-version":[{"id":7846,"href":"https:\/\/www.pagodethienminh.fr\/index.php?rest_route=\/wp\/v2\/pages\/7536\/revisions\/7846"}],"wp:attachment":[{"href":"https:\/\/www.pagodethienminh.fr\/index.php?rest_route=%2Fwp%2Fv2%2Fmedia&parent=7536"}],"curies":[{"name":"wp","href":"https:\/\/api.w.org\/{rel}","templated":true}]}}