{"id":71,"date":"2011-04-30T06:27:39","date_gmt":"2011-04-30T06:27:39","guid":{"rendered":"http:\/\/www.pagodethienminh.fr\/?page_id=71"},"modified":"2013-03-13T14:56:37","modified_gmt":"2013-03-13T14:56:37","slug":"1-chuc-m%e1%bb%abng-ph%e1%ba%adt-d%e1%ba%a3n","status":"publish","type":"page","link":"https:\/\/www.pagodethienminh.fr\/?page_id=71","title":{"rendered":"1.Ch\u00fac m\u1eebng Ph\u1eadt \u0110\u1ea3n"},"content":{"rendered":"<p style=\"text-align: justify;\"><strong>T\u1ed5ng Th\u01b0 k\u00fd Li\u00ean Hi\u1ec7p Qu\u1ed1c Ban Ki-moon g\u1edfi l\u1eddi ch\u00fac m\u1eebng Vesak \u0111\u1ebfn Ph\u1eadt t\u1eed kh\u1eafp th\u1ebf gi\u1edbi<\/strong><\/p>\n<p style=\"text-align: justify;\"><strong><a rel=\"attachment wp-att-78\" href=\"https:\/\/www.pagodethienminh.fr\/?attachment_id=78\"><img loading=\"lazy\" decoding=\"async\" class=\"aligncenter size-full wp-image-78\" title=\"La naissance du Prince Siddharta\" src=\"https:\/\/www.pagodethienminh.fr\/wp-content\/uploads\/2011\/04\/Cuoc_Doi_Duc_Phat_03-250x300.jpg\" alt=\"\" width=\"250\" height=\"300\" srcset=\"https:\/\/www.pagodethienminh.fr\/wp-content\/uploads\/2011\/04\/Cuoc_Doi_Duc_Phat_03-250x300.jpg 250w, https:\/\/www.pagodethienminh.fr\/wp-content\/uploads\/2011\/04\/Cuoc_Doi_Duc_Phat_03-250x300-125x150.jpg 125w\" sizes=\"auto, (max-width: 250px) 100vw, 250px\" \/><\/a><\/strong><\/p>\n<p style=\"text-align: justify;\"><strong>LTS:<\/strong><strong> <\/strong><em><strong>Nh\u1eefng ng\u00e0y n\u00e0y, h\u00e0ng tri\u1ec7u Ph\u1eadt t\u1eed \u0111ang h\u00e2n hoan \u0111\u00f3n m\u1eebng ng\u00e0y \u0110\u1ea3n sanh c\u1ee7a \u0110\u1ee9c T\u1eeb ph\u1ee5 Th\u00edch Ca M\u00e2u Ni. H\u00f2a trong ni\u1ec1m vui \u0111\u00f3, T\u1ed5ng Th\u01b0 k\u00fd Li\u00ean Hi\u1ec7p Qu\u1ed1c Ban Ki-moon \u0111\u00e3 tr\u00e2n tr\u1ecdng g\u1edfi Th\u00f4ng \u0111i\u1ec7p\u00a0ch\u00fac m\u1eebng\u00a0L\u1ec5 Vesak \u0111\u1ebfn to\u00e0n th\u1ec3 ng\u01b0\u1eddi con Ph\u1eadt tr\u00ean kh\u1eafp h\u00e0nh tinh<\/strong><\/em><strong>.<\/strong><strong> <\/strong><em><strong>Gi\u00e1c Ng\u1ed9 Online<\/strong><\/em><strong> <\/strong><em><strong>xin \u0111\u0103ng to\u00e0n b\u1ed9 nguy\u00ean v\u0103n Th\u00f4ng \u0111i\u1ec7p n\u00e0y\u00a0do \u0110\u0110.Th\u00edch Qu\u1ea3ng Tr\u00ed chuy\u1ec3n ng\u1eef.<\/strong><\/em><\/p>\n<p style=\"text-align: justify;\">Th\u1eadt l\u00e0 h\u1ea1nh ph\u00fac cho t\u00f4i khi n\u00f3i l\u1eddi ch\u00fac m\u1eebng \u0111\u1ebfn to\u00e0n th\u1ec3 ch\u01b0 T\u0103ng Ni, Ph\u1eadt t\u1eed kh\u1eafp n\u01a1i tr\u00ean th\u1ebf gi\u1edbi nh\u00e2n ng\u00e0y L\u1ec5 Vesak, ng\u00e0y l\u1ec5 k\u1ef7 ni\u1ec7m s\u1ef1 \u0110\u1ea3n sinh, Th\u00e0nh \u0111\u1ea1o v\u00e0 nh\u1eadp Ni\u1ebft b\u00e0n c\u1ee7a \u0110\u1ee9c Th\u1ebf T\u00f4n. Vesak l\u00e0 th\u1eddi \u0111i\u1ec3m \u0111\u1ec3 cho t\u1ea5t c\u1ea3 nh\u1eefng ng\u01b0\u1eddi con Ph\u1eadt suy ng\u1eabm v\u1ec1 nh\u1eefng gi\u00e1 tr\u1ecb c\u0103n b\u1ea3n c\u1ee7a l\u00f2ng bao dung, t\u00e2m t\u1eeb bi v\u00e0 tinh th\u1ea7n ph\u1ee5ng s\u1ef1 nh\u00e2n lo\u1ea1i \u0111\u00e3 \u0111\u01b0\u1ee3c th\u1ec3 hi\u1ec7n sinh \u0111\u1ed9ng qua ch\u00ednh \u0111\u1eddi s\u1ed1ng c\u1ee7a \u0110\u1ee9c Ph\u1eadt v\u00e0 nh\u1eefng l\u1eddi gi\u00e1o hu\u1ea5n c\u1ee7a Ng\u00e0i. Nh\u1eefng gi\u00e1 tr\u1ecb n\u00e0y l\u1ea1i \u0111\u01b0\u1ee3c ph\u1ea3n \u00e1nh qua Hi\u1ebfn ch\u01b0\u01a1ng c\u1ee7a Li\u00ean Hi\u1ec7p Qu\u1ed1c, l\u1eddi h\u1ee9a c\u1ee7a c\u00e1c qu\u1ed1c gia th\u00e0nh vi\u00ean c\u00f9ng l\u00e0m vi\u1ec7c trong tinh th\u1ea7n h\u00f2a h\u1ee3p \u0111\u1ec3 cho th\u1ebf gi\u1edbi c\u1ee7a ch\u00fang ta, n\u01a1i m\u00e0 t\u1ea5t c\u1ea3 m\u1ecdi ng\u01b0\u1eddi, d\u00f9 nam hay n\u1eef, \u0111\u1ec1u c\u00f3 th\u1ec3 ph\u00e1t tri\u1ec3n v\u00e0 th\u00e0nh \u0111\u1ea1t trong h\u00f2a b\u00ecnh v\u00e0 th\u00e1nh thi\u1ec7n. Ch\u1ee7 \u0111\u1ec1 c\u1ee7a L\u1ec5 Vesak n\u0103m nay l\u00e0 \u201cKh\u00f4i ph\u1ee5c th\u1ebf gi\u1edbi d\u1ef1a theo quan \u0111i\u1ec3m c\u1ee7a Ph\u1eadt gi\u00e1o\u201d. Ch\u1ee7 \u0111\u1ec1 n\u00e0y n\u00f3i l\u00ean s\u1ef1 quan tr\u1ecdng c\u1ee7a nh\u1eefng m\u1ed1i quan t\u00e2m to\u00e0n c\u1ea7u t\u1ea1i th\u1eddi \u0111i\u1ec3m c\u00e1c cu\u1ed9c kh\u1ee7ng ho\u1ea3ng ph\u1ee9c t\u1ea1p \u0111ang x\u1ea3y ra. Khi m\u00e0 s\u1ef1 kh\u1ee7ng ho\u1ea3ng kinh t\u1ebf, t\u00e0i ch\u00ednh b\u00f9ng ph\u00e1t th\u00ec ng\u01b0\u1eddi ngh\u00e8o l\u00e0 nh\u1eefng ng\u01b0\u1eddi ch\u1ecbu \u1ea3nh h\u01b0\u1edfng \u0111\u1ea7u ti\u00ean v\u00e0 nghi\u00eam tr\u1ecdng nh\u1ea5t. H\u1ecd s\u1ebd ph\u1ea3i tr\u1ea3i qua m\u1ed9t th\u1eddi gian d\u00e0i m\u1edbi c\u00f3 th\u1ec3 kh\u00f4i ph\u1ee5c \u0111\u01b0\u1ee3c. V\u00e0o th\u1eddi \u0111i\u1ec3m \u0111\u00f3, t\u00f4i \u0111\u00e3 k\u00eau g\u1ecdi c\u00e1c nh\u00e0 l\u00e3nh \u0111\u1ea1o tr\u00ean th\u1ebf gi\u1edbi h\u00e3y h\u00e0nh \u0111\u1ed9ng trong tinh th\u1ea7n \u0111o\u00e0n k\u1ebft cho s\u1ef1 t\u1ed1t \u0111\u1eb9p chung c\u1ee7a to\u00e0n nh\u00e2n lo\u1ea1i. S\u1ef1 ph\u1ea3n \u1ee9ng \u0111\u1ed3ng b\u1ed9 c\u1ee7a h\u1ecd c\u00f9ng v\u1edbi nh\u1eefng n\u1ed7 l\u1ef1c c\u1ee7a Li\u00ean Hi\u1ec7p Qu\u1ed1c \u0111\u00e3 gi\u00fap tr\u00e1nh \u0111\u01b0\u1ee3c m\u1ed9t cu\u1ed9c kh\u1ee7ng ho\u1ea3ng tr\u1ea7m tr\u1ecdng. Nh\u1eefng b\u00e0i h\u1ecdc gi\u00e1 tr\u1ecb m\u00e0 nh\u00e2n lo\u1ea1i \u0111\u00e3 h\u1ecdc \u0111\u01b0\u1ee3c \u0111ang \u0111\u1ecbnh h\u01b0\u1edbng cho h\u00e0nh \u0111\u1ed9ng c\u1ee7a ch\u00fang ta khi m\u00e0 nh\u1eefng h\u1eadu qu\u1ea3 x\u1ea5u \u0111ang ti\u1ebfp t\u1ee5c x\u1ea3y ra.<\/p>\n<p style=\"text-align: justify;\">Nh\u1eefng bi\u1ec3u hi\u1ec7n c\u1ee7a tinh th\u1ea7n \u0111o\u00e0n k\u1ebft ch\u1eb7t ch\u1ebd \u1ea5y ng\u00e0y c\u00e0ng t\u1ecf ra thi\u1ebft y\u1ebfu h\u01a1n trong th\u1ebf gi\u1edbi ph\u1ee5 thu\u1ed9c l\u1eabn nhau c\u1ee7a nh\u00e2n lo\u1ea1i ng\u00e0y h\u00f4m nay. V\u00e0 ch\u00fang \u0111\u01b0\u1ee3c ph\u1ea3n \u00e1nh qua ng\u00e0y L\u1ec5 Vesak. Nh\u1eefng ngh\u0129a c\u1eed t\u1eeb bi \u0111\u1ed1i v\u1edbi nh\u1eefng ng\u01b0\u1eddi k\u00e9m may m\u1eafn l\u00e0 m\u1ed9t ph\u1ea7n trong vi\u1ec7c t\u1ed5 ch\u1ee9c l\u1ec5 k\u1ef7 ni\u1ec7m h\u00e0ng n\u0103m. Ch\u1ec9 c\u00f3 th\u00f4ng qua vi\u1ec7c b\u00e0y t\u1ecf s\u1ef1 quan t\u00e2m \u0111\u1ebfn ng\u01b0\u1eddi kh\u00e1c m\u1edbi gi\u00fap cho ch\u00fang ta th\u00e0nh c\u00f4ng trong qu\u00e1 tr\u00ecnh gi\u1ea3i quy\u1ebft nh\u1eefng v\u1ea5n n\u1ea1n trong th\u1eddi \u0111\u1ea1i ng\u00e0y nay: h\u1ea1n ch\u1ebf s\u1ef1 ngh\u00e8o \u0111\u00f3i, kh\u1eafc ph\u1ee5c s\u1ef1 xu\u1ed1ng c\u1ea5p c\u1ee7a m\u00f4i tr\u01b0\u1eddng, tr\u00e1nh s\u1ef1 bi\u1ebfn \u0111\u1ed5i theo chi\u1ec1u h\u01b0\u1edbng ng\u00e0y c\u00e0ng t\u1ed3i t\u1ec7 c\u1ee7a kh\u00ed h\u1eadu, thi\u1ebft l\u1eadp m\u1ed9t th\u1ebf gi\u1edbi t\u1ef1 do, h\u00f2a b\u00ecnh v\u00e0 c\u00f4ng b\u1eb1ng cho t\u1ea5t c\u1ea3 m\u1ecdi ng\u01b0\u1eddi. N\u1ebfu ch\u00fang ta th\u1ef1c h\u00e0nh theo ch\u00e2n tinh th\u1ea7n c\u1ee7a \u0111\u1ea1o Ph\u1eadt th\u00ec t\u1ea5t c\u1ea3 nh\u1eefng m\u1ee5c \u0111\u00edch cao qu\u00fd n\u00e0y \u0111\u1ec1u c\u00f3 th\u1ec3 \u0111\u1ea1t \u0111\u01b0\u1ee3c.<\/p>\n<p style=\"text-align: right;\">T\u1ed5ng Th\u01b0 k\u00fd LHQ<\/p>\n<p style=\"text-align: right;\"><strong>Ban Ki-moon<\/strong><\/p>\n","protected":false},"excerpt":{"rendered":"<p>T\u1ed5ng Th\u01b0 k\u00fd Li\u00ean Hi\u1ec7p Qu\u1ed1c Ban Ki-moon g\u1edfi l\u1eddi ch\u00fac m\u1eebng Vesak \u0111\u1ebfn Ph\u1eadt t\u1eed kh\u1eafp th\u1ebf gi\u1edbi LTS: Nh\u1eefng ng\u00e0y n\u00e0y, h\u00e0ng tri\u1ec7u \u2026 <a class=\"continue-reading-link\" href=\"https:\/\/www.pagodethienminh.fr\/?page_id=71\">Continue \u00e0 lire <span class=\"meta-nav\">&rarr; <\/span><\/a><\/p>\n","protected":false},"author":1,"featured_media":0,"parent":69,"menu_order":0,"comment_status":"closed","ping_status":"closed","template":"template-onecolumn.php","meta":{"_mc_calendar":[],"footnotes":""},"class_list":["post-71","page","type-page","status-publish","hentry"],"_links":{"self":[{"href":"https:\/\/www.pagodethienminh.fr\/index.php?rest_route=\/wp\/v2\/pages\/71","targetHints":{"allow":["GET"]}}],"collection":[{"href":"https:\/\/www.pagodethienminh.fr\/index.php?rest_route=\/wp\/v2\/pages"}],"about":[{"href":"https:\/\/www.pagodethienminh.fr\/index.php?rest_route=\/wp\/v2\/types\/page"}],"author":[{"embeddable":true,"href":"https:\/\/www.pagodethienminh.fr\/index.php?rest_route=\/wp\/v2\/users\/1"}],"replies":[{"embeddable":true,"href":"https:\/\/www.pagodethienminh.fr\/index.php?rest_route=%2Fwp%2Fv2%2Fcomments&post=71"}],"version-history":[{"count":9,"href":"https:\/\/www.pagodethienminh.fr\/index.php?rest_route=\/wp\/v2\/pages\/71\/revisions"}],"predecessor-version":[{"id":3218,"href":"https:\/\/www.pagodethienminh.fr\/index.php?rest_route=\/wp\/v2\/pages\/71\/revisions\/3218"}],"up":[{"embeddable":true,"href":"https:\/\/www.pagodethienminh.fr\/index.php?rest_route=\/wp\/v2\/pages\/69"}],"wp:attachment":[{"href":"https:\/\/www.pagodethienminh.fr\/index.php?rest_route=%2Fwp%2Fv2%2Fmedia&parent=71"}],"curies":[{"name":"wp","href":"https:\/\/api.w.org\/{rel}","templated":true}]}}