{"id":702,"date":"2011-05-09T19:07:50","date_gmt":"2011-05-09T19:07:50","guid":{"rendered":"http:\/\/www.pagodethienminh.fr\/?page_id=702"},"modified":"2012-04-11T07:25:58","modified_gmt":"2012-04-11T07:25:58","slug":"4a-chuy%e1%bb%87n-ph%e1%ba%adt-b%e1%bb%93-tat","status":"publish","type":"page","link":"https:\/\/www.pagodethienminh.fr\/?page_id=702","title":{"rendered":"Kinh &#8211; Sutra"},"content":{"rendered":"\n<li>Di\u1ec7u Ph\u00e1p Lien Hoa Kinh ph\u1ea7n phim 3D-Saddharma Pundarika Sutra<\/li>\n<p><iframe loading=\"lazy\" width=\"425\" height=\"349\" src=\"http:\/\/www.youtube.com\/embed\/heh7p_ja3QA\" frameborder=\"0\" allowfullscreen><\/iframe><\/p>\n<li>S\u1ef1 T\u00edch B\u1ea3o Khi\u1ebfp \u1ea4n \u0110\u00e0 La Ni<\/li>\n<p><iframe loading=\"lazy\" width=\"425\" height=\"349\" src=\"http:\/\/www.youtube.com\/embed\/hKEo3xJ-KlM\" frameborder=\"0\" allowfullscreen><\/iframe><\/p>\n<li>\u0110\u1ed2NG T\u1eec PH\u00c1P NGUY\u1ec6N (1)<\/li>\n<p><iframe loading=\"lazy\" width=\"425\" height=\"349\" src=\"http:\/\/www.youtube.com\/embed\/xC_-AeETatI\" frameborder=\"0\" allowfullscreen><\/iframe><\/p>\n<li>\u0110\u1ed2NG T\u1eec PH\u00c1P NGUY\u1ec6N (2)<\/li>\n<p><iframe loading=\"lazy\" width=\"425\" height=\"349\" src=\"http:\/\/www.youtube.com\/embed\/dXItWyf7RsE\" frameborder=\"0\" allowfullscreen><\/iframe><\/p>\n<li>Jade Buddha Ph\u1eadt Ng\u1ecdc H\u00f2a B\u00ecnh 2011 Tu Vi\u1ec7n An L\u1ea1c (18) &#8212; Thuy\u1ebft Ph\u00e1p<\/li>\n<p><iframe loading=\"lazy\" width=\"560\" height=\"349\" src=\"http:\/\/www.youtube.com\/embed\/kiXB4bKlb_A\" frameborder=\"0\" allowfullscreen><\/iframe><\/p>\n<li>NH\u1eeeNG C\u00c2U CHUY\u1ec6N V\u1ec0 NH\u00c2N QU\u1ea2 &#8211; T\u1eadp 1\/30<\/li>\n<p><iframe loading=\"lazy\" width=\"425\" height=\"349\" src=\"http:\/\/www.youtube.com\/embed\/IBWko6qjgrY\" frameborder=\"0\" allowfullscreen><\/iframe><\/p>\n","protected":false},"excerpt":{"rendered":"<p>Di\u1ec7u Ph\u00e1p Lien Hoa Kinh ph\u1ea7n phim 3D-Saddharma Pundarika Sutra S\u1ef1 T\u00edch B\u1ea3o Khi\u1ebfp \u1ea4n \u0110\u00e0 La Ni \u0110\u1ed2NG T\u1eec PH\u00c1P NGUY\u1ec6N (1) \u0110\u1ed2NG T\u1eec \u2026 <a class=\"continue-reading-link\" href=\"https:\/\/www.pagodethienminh.fr\/?page_id=702\">Continue \u00e0 lire <span class=\"meta-nav\">&rarr; <\/span><\/a><\/p>\n","protected":false},"author":1,"featured_media":0,"parent":292,"menu_order":5,"comment_status":"closed","ping_status":"closed","template":"full-width-page.php","meta":{"_mc_calendar":[],"footnotes":""},"class_list":["post-702","page","type-page","status-publish","hentry"],"_links":{"self":[{"href":"https:\/\/www.pagodethienminh.fr\/index.php?rest_route=\/wp\/v2\/pages\/702","targetHints":{"allow":["GET"]}}],"collection":[{"href":"https:\/\/www.pagodethienminh.fr\/index.php?rest_route=\/wp\/v2\/pages"}],"about":[{"href":"https:\/\/www.pagodethienminh.fr\/index.php?rest_route=\/wp\/v2\/types\/page"}],"author":[{"embeddable":true,"href":"https:\/\/www.pagodethienminh.fr\/index.php?rest_route=\/wp\/v2\/users\/1"}],"replies":[{"embeddable":true,"href":"https:\/\/www.pagodethienminh.fr\/index.php?rest_route=%2Fwp%2Fv2%2Fcomments&post=702"}],"version-history":[{"count":5,"href":"https:\/\/www.pagodethienminh.fr\/index.php?rest_route=\/wp\/v2\/pages\/702\/revisions"}],"predecessor-version":[{"id":2419,"href":"https:\/\/www.pagodethienminh.fr\/index.php?rest_route=\/wp\/v2\/pages\/702\/revisions\/2419"}],"up":[{"embeddable":true,"href":"https:\/\/www.pagodethienminh.fr\/index.php?rest_route=\/wp\/v2\/pages\/292"}],"wp:attachment":[{"href":"https:\/\/www.pagodethienminh.fr\/index.php?rest_route=%2Fwp%2Fv2%2Fmedia&parent=702"}],"curies":[{"name":"wp","href":"https:\/\/api.w.org\/{rel}","templated":true}]}}