{"id":6997,"date":"2023-04-21T17:36:25","date_gmt":"2023-04-21T17:36:25","guid":{"rendered":"http:\/\/www.pagodethienminh.fr\/?page_id=6997"},"modified":"2023-04-21T17:36:25","modified_gmt":"2023-04-21T17:36:25","slug":"soutra-de-la-mise-en-mouvement-de-la-roue-du-dharma","status":"publish","type":"page","link":"https:\/\/www.pagodethienminh.fr\/?page_id=6997","title":{"rendered":"Soutra de la mise en mouvement de la roue du Dharma"},"content":{"rendered":"<header class=\"entry-header\">\n<h1 class=\"entry-title\"><span style=\"font-size: 16px; color: #333333;\">Dhamma Cakka Pavattana Sutta<\/span><\/h1>\n<div id=\"attachment_6998\" style=\"width: 196px\" class=\"wp-caption aligncenter\"><img loading=\"lazy\" decoding=\"async\" aria-describedby=\"caption-attachment-6998\" class=\"size-full wp-image-6998\" src=\"https:\/\/www.pagodethienminh.fr\/wp-content\/uploads\/2023\/04\/telechargement.jpg\" alt=\"\" width=\"186\" height=\"186\" srcset=\"https:\/\/www.pagodethienminh.fr\/wp-content\/uploads\/2023\/04\/telechargement.jpg 186w, https:\/\/www.pagodethienminh.fr\/wp-content\/uploads\/2023\/04\/telechargement-150x150.jpg 150w\" sizes=\"auto, (max-width: 186px) 100vw, 186px\" \/><p id=\"caption-attachment-6998\" class=\"wp-caption-text\">Dharma Wheel, Dharmachakra. Symbol of Buddha&#8217;s teachings on the path to enlightenment, liberation from the karmic rebirth in samsara.\u00a0<\/p><\/div>\n<\/header>\n<div class=\"entry-content\">\n<p>Ainsi ai-je entendu. L\u2019Honor\u00e9 par le monde se trouvait au parc des Gazelles \u00e0 Isipatana, pr\u00e8s de Varanasi, lorsqu\u2019il s\u2019adressa au groupe de cinq asc\u00e8tes en leur disant:<br \/>\n\u00bb \u00a0\u00d4 moines, il y a deux extr\u00eames qu\u2019un moine doit \u00e9viter. Quels sont-ils?<br \/>\n\u00bb \u00a0Le premier est l\u2019attachement au d\u00e9sir des sens et aux plaisirs qui en r\u00e9sultent. Un tel attachement est bas, vulgaire, commun, sans noblesse ni profit.<br \/>\nLe second est l\u2019attachement \u00e0 l\u2019asc\u00e9tisme et aux mortifications. Un tel attachement est p\u00e9nible, sans noblesse ni profit. En se d\u00e9tournant de ces deux extr\u00eames, le Tathagata a r\u00e9alis\u00e9 la voie du milieu qui ouvre les yeux, donne la compr\u00e9hension, conduit \u00e0 la paix, \u00e0 la sagesse, \u00e0 l\u2019\u00e9veil parfait et au nirvana.<br \/>\n\u00bb \u00a0Quelle est, \u00f4 moines, la voie du milieu que le Tathagata a r\u00e9alis\u00e9e, qui ouvre les yeux, donne la compr\u00e9hension et conduit \u00e0 la paix, \u00e0 la sagesse, \u00e0 l\u2019\u00e9veil parfait et au nirvana?<br \/>\n\u00bb \u00a0C\u2019est le noble sentier des huit pratiques justes, \u00e0 savoir la vue juste, la pens\u00e9e juste, la parole juste, l\u2019action juste, les moyens d\u2019existence justes, l\u2019effort juste, la pleine conscience juste et la concentration juste. C\u2019est la voie du milieu, \u00f4 moines, que le Tathagata a r\u00e9alis\u00e9e, qui ouvre les yeux, donne la compr\u00e9hension et conduit \u00e0 la paix, \u00e0 la sagesse, \u00e0 l\u2019\u00e9veil parfait et au nirvana.<br \/>\n\u00bb \u00a0Voici, \u00f4 moines,\u00a0<strong>la noble v\u00e9rit\u00e9 sur la souffrance<\/strong>. La naissance est souffrance. La vieillesse est souffrance. La maladie est souffrance. La mort est souffrance. Le chagrin, la douleur, la tristesse et le d\u00e9sespoir sont souffrance. \u00catre uni \u00e0 ce que l\u2019on d\u00e9teste est souffrance. \u00catre s\u00e9par\u00e9 de ce que l\u2019on aime est souffrance. Ne pas obtenir ce que l\u2019on d\u00e9sire est souffrance. En un mot, l\u2019attachement aux cinq agr\u00e9gats est souffrance.<br \/>\n\u00bb \u00a0Voici, \u00f4 moines,\u00a0<strong>la noble v\u00e9rit\u00e9 sur l\u2019origine de la souffrance<\/strong>.<br \/>\nC\u2019est la soif de rena\u00eetre, avec son cort\u00e8ge d\u2019envies et de convoitises cherchant \u00e0 s\u2019assouvir tant\u00f4t ici tant\u00f4t l\u00e0. C\u2019est la soif des plaisirs des sens, la soif du devenir et la soif du non-devenir.<br \/>\n\u00bb \u00a0Voici, \u00f4 moines,\u00a0<strong>la noble v\u00e9rit\u00e9 sur la cessation de la souffrance<\/strong>. C\u2019est la cessation et l\u2019extinction compl\u00e8te de cette soif. C\u2019est pr\u00e9cis\u00e9ment l\u2019abandon, le renoncement, la d\u00e9livrance, le d\u00e9tachement complet de cette soif.<br \/>\n\u00bb \u00a0Voici, \u00f4 moines,\u00a0<strong>la noble v\u00e9rit\u00e9 sur le chemin qui m\u00e8ne \u00e0 la cessation de la souffrance<\/strong>. C\u2019est le noble sentier des huit pratiques justes, \u00e0 savoir la vue juste, la pens\u00e9e juste, la parole juste, l\u2019action juste, les moyens d\u2019existence justes, l\u2019effort juste, la pleine conscience juste et la concentration juste.<br \/>\n\u00bb Moines, lorsque j\u2019ai d\u00e9couvert\u00a0<strong>la noble v\u00e9rit\u00e9 de la souffrance<\/strong>, la vision, la compr\u00e9hension, la vision profonde, la sagesse et la lumi\u00e8re sont n\u00e9es en moi au sujet de choses qui n\u2019avaient jamais \u00e9t\u00e9 entendues auparavant.<br \/>\n\u00bb \u00a0Lorsque j\u2019ai compris que\u00a0<strong>la noble v\u00e9rit\u00e9 de la souffrance devait \u00eatre reconnue<\/strong>, la vision, la compr\u00e9hension, la vision profonde, la sagesse et la lumi\u00e8re sont n\u00e9es en moi au sujet de choses qui n\u2019avaient jamais \u00e9t\u00e9 entendues auparavant. \u201d<br \/>\n\u00bb \u00a0Lorsque j\u2019ai compris que\u00a0<strong>la noble v\u00e9rit\u00e9 de la souffrance\u00a0 a \u00e9t\u00e9 reconnue<\/strong>, la vision, la compr\u00e9hension, la vision profonde, la sagesse et la lumi\u00e8re sont n\u00e9es en moi au sujet de choses qui n\u2019avaient jamais \u00e9t\u00e9 entendues auparavant.<br \/>\n\u00bb\u00a0 Lorsque j\u2019ai compris\u00a0<strong>la noble v\u00e9rit\u00e9 sur l\u2019origine de la souffrance<\/strong>, la vision, la compr\u00e9hension, la vision profonde, la sagesse et la lumi\u00e8re\u00a0 sont n6el en moi au sujet de choses qui n\u2019avaient jamais \u00e9t\u00e9 entendues auparavant.<br \/>\n\u00bb \u00a0Lorsque j\u2019ai compris que\u00a0<strong>les causes de la souffrance devaient \u00eatre abandonn\u00e9es<\/strong>, la vision, la compr\u00e9hension, la vision profonde, la sagesse et la lumi\u00e8re sont n\u00e9es en moi au sujet de choses qui n\u2019avaient jamais \u00e9t\u00e9 entendues auparavant.<br \/>\n\u00bb \u00a0Lorsque j\u2019ai compris que\u00a0<strong>les causes de la souffrance ont \u00e9t\u00e9 abandonn\u00e9es<\/strong>, la vision, la compr\u00e9hension, la vision profonde, la sagesse et la lumi\u00e8re sont n\u00e9es en moi au sujet de choses qui n\u2019avaient jamais \u00e9t\u00e9 entendues auparavant.<br \/>\n\u00bb \u00a0Lorsque j\u2019ai compris\u00a0<strong>la noble v\u00e9rit\u00e9 sur la cessation de la souffrance<\/strong>, la vision, la compr\u00e9hension, la vision profonde, la sagesse et la lumi\u00e8re sont n\u00e9es en moi au sujet de choses qui n\u2019avaient jamais \u00e9t\u00e9 entendues auparavant.<br \/>\n\u00bb \u00a0Lorsque j\u2019ai compris que\u00a0<strong>la cessation de la souffrance devait \u00eatre v\u00e9cue<\/strong>, la vision, la compr\u00e9hension, la vision profonde, la sagesse et la lumi\u00e8re sont n\u00e9es en moi au sujet de choses qui n\u2019avaient jamais \u00e9t\u00e9 entendues auparavant.<br \/>\n\u00bb \u00a0Lorsque j\u2019ai compris que\u00a0<strong>la cessation de la souffrance a \u00e9t\u00e9 v\u00e9cue<\/strong>, la vision, la compr\u00e9hension, la vision profonde, la sagesse et la lumi\u00e8re sont n\u00e9es en moi au sujet de choses qui n\u2019avaient jamais \u00e9t\u00e9 entendues auparavant.<br \/>\n\u00bb \u00a0Lorsque j\u2019ai compris\u00a0<strong>la noble v\u00e9rit\u00e9 du chemin qui conduit \u00e0 la cessation de la souffrance<\/strong>, la vision, la compr\u00e9hension, la vision profonde, la sagesse et la lumi\u00e8re sont n\u00e9es en moi au sujet de choses qui n\u2019avaient jamais \u00e9t\u00e9 entendues auparavant.<br \/>\n\u00bb \u00a0Lorsque j\u2019ai compris que\u00a0<strong>le chemin qui conduit \u00e0 la cessation de la souffrance devait \u00eatre pratiqu\u00e9<\/strong>, la vision, la compr\u00e9hension, la vision profonde, la sagesse et la lumi\u00e8re sont n\u00e9es en moi au sujet de choses qui n\u2019avaient jamais \u00e9t\u00e9 entendues auparavant.<br \/>\n\u00bb \u00a0Lorsque j\u2019ai compris que\u00a0<strong>le chemin qui conduit \u00e0 la cessation de la souffrance a \u00e9t\u00e9 pratiqu\u00e9<\/strong>, la vision, la compr\u00e9hension, la vision profonde, la sagesse et la lumi\u00e8re sont n\u00e9es en moi au sujet de choses qui n\u2019avaient jamais \u00e9t\u00e9 entendues auparavant.<br \/>\n\u00bb \u00a0Tant que la vision profonde et la compr\u00e9hension des quatre nobles v\u00e9rit\u00e9s sous leurs trois aspects et dans leurs douze modalit\u00e9s, telles qu\u2019elles sont, n\u2019\u00e9taient pas absolument claires en moi, je ne pouvais pas proclamer qu\u2019en ce monde, avec ses dieux, Mara et Brahma, ses asc\u00e8tes et ses brahmanes, ses \u00eatres c\u00e9lestes et humains, j\u2019avais r\u00e9alis\u00e9 l\u2019\u00e9veil parfait.<br \/>\n\u00bb \u00a0Moines, d\u00e8s lors que la vision profonde et la compr\u00e9hension des quatre nobles v\u00e9rit\u00e9s sous leurs trois aspects et dans leurs douze modalit\u00e9s, telles qu\u2019elles sont, me sont devenues parfaitement claires, alors seulement j\u2019ai pu proclamer qu\u2019en ce monde, avec ses dieux, Mara et Brahma, ses asc\u00e8tes et ses brahmanes, ses \u00eatres c\u00e9lestes et humains, j\u2019avais r\u00e9alis\u00e9 l\u2019\u00e9veil parfait. Alors, la compr\u00e9hension et la vision profonde sont n\u00e9es en moi : la lib\u00e9ration \u00a0de mon esprit est in\u00e9branlable, ceci est ma derni\u00e8re naissance et il n\u2019y aura plus de devenir. \u00bb<br \/>\nLes cinq moines furent enchant\u00e9s. L\u2019un d\u2019eux, Konda\u00f1\u00f1a, en \u00e9coutant l\u2019Honor\u00e9 du monde proclamer les quatre nobles v\u00e9rit\u00e9s, acquit l\u2019\u0153il de la v\u00e9rit\u00e9 sans poussi\u00e8re et sans tache qui saisit le sens des enseignements. Ce moine venait de comprendre que tout ce ce qui a la nature de se manifester a aussi la nature de cesser de se manifester.<br \/>\n<em>Samyutta Nikaya\u00a0<\/em>V, 420.<\/p>\n<\/div>\n","protected":false},"excerpt":{"rendered":"<p>Dhamma Cakka Pavattana Sutta Ainsi ai-je entendu. L\u2019Honor\u00e9 par le monde se trouvait au parc des Gazelles \u00e0 Isipatana, pr\u00e8s de Varanasi, lorsqu\u2019il s\u2019adressa au \u2026 <a class=\"continue-reading-link\" href=\"https:\/\/www.pagodethienminh.fr\/?page_id=6997\">Continue \u00e0 lire <span class=\"meta-nav\">&rarr; <\/span><\/a><\/p>\n","protected":false},"author":1,"featured_media":0,"parent":6395,"menu_order":0,"comment_status":"closed","ping_status":"closed","template":"templates\/template-onecolumn.php","meta":{"_mc_calendar":[],"footnotes":""},"class_list":["post-6997","page","type-page","status-publish","hentry"],"_links":{"self":[{"href":"https:\/\/www.pagodethienminh.fr\/index.php?rest_route=\/wp\/v2\/pages\/6997","targetHints":{"allow":["GET"]}}],"collection":[{"href":"https:\/\/www.pagodethienminh.fr\/index.php?rest_route=\/wp\/v2\/pages"}],"about":[{"href":"https:\/\/www.pagodethienminh.fr\/index.php?rest_route=\/wp\/v2\/types\/page"}],"author":[{"embeddable":true,"href":"https:\/\/www.pagodethienminh.fr\/index.php?rest_route=\/wp\/v2\/users\/1"}],"replies":[{"embeddable":true,"href":"https:\/\/www.pagodethienminh.fr\/index.php?rest_route=%2Fwp%2Fv2%2Fcomments&post=6997"}],"version-history":[{"count":1,"href":"https:\/\/www.pagodethienminh.fr\/index.php?rest_route=\/wp\/v2\/pages\/6997\/revisions"}],"predecessor-version":[{"id":6999,"href":"https:\/\/www.pagodethienminh.fr\/index.php?rest_route=\/wp\/v2\/pages\/6997\/revisions\/6999"}],"up":[{"embeddable":true,"href":"https:\/\/www.pagodethienminh.fr\/index.php?rest_route=\/wp\/v2\/pages\/6395"}],"wp:attachment":[{"href":"https:\/\/www.pagodethienminh.fr\/index.php?rest_route=%2Fwp%2Fv2%2Fmedia&parent=6997"}],"curies":[{"name":"wp","href":"https:\/\/api.w.org\/{rel}","templated":true}]}}