{"id":6858,"date":"2022-06-22T08:36:05","date_gmt":"2022-06-22T08:36:05","guid":{"rendered":"http:\/\/www.pagodethienminh.fr\/?page_id=6858"},"modified":"2024-07-01T15:16:21","modified_gmt":"2024-07-01T15:16:21","slug":"annee-2022","status":"publish","type":"page","link":"https:\/\/www.pagodethienminh.fr\/?page_id=6858","title":{"rendered":"Ann\u00e9e 2022"},"content":{"rendered":"<h1 class=\"entry-title\"><strong>Rencontre et pratique dans le Bouddhisme &#8211; Ann\u00e9e 2022<\/strong><\/h1>\n<div class=\"entry-content\">\n<p>Pour tout renseignement, contactez :<\/p>\n<ul>\n<li>par mail\u00a0:\u00a0<strong><em><a href=\"mailto:huyencao2803@yahoo.fr\">pagodethienminh@gmail.com<\/a><\/em><\/strong><\/li>\n<\/ul>\n<p>&#8212;&#8212;&#8212;&#8212;&#8212;&#8212;&#8212;&#8212;&#8212;&#8212;&#8212;&#8212;&#8212;&#8212;&#8212;&#8212;&#8212;&#8212;&#8212;&#8212;&#8212;&#8212;&#8212;&#8212;&#8212;&#8212;&#8212;-<\/p>\n<p><strong>Samedi 26 Juin : Rencontre et pratique avec le Bouddhisme<\/strong><\/p>\n<ul>\n<li>13h45 : Accueil<\/li>\n<li>14h00 &#8211; 15h00 : <strong>M\u00e9ditation<\/strong><\/li>\n<li>15h00 &#8211; 16h15 \u00a0: <strong>Enseignement<\/strong><\/li>\n<li><strong>Participation :<\/strong> 5 \u20ac par personne<\/li>\n<\/ul>\n<p><strong>Samedi 02 Juillet : Rencontre et pratique avec le Bouddhisme<\/strong><\/p>\n<ul>\n<li>13h45 : Accueil<\/li>\n<li>14h00 &#8211; 15h00 : <strong>Tai chi<\/strong><\/li>\n<li>15h00 &#8211; 16h00 : <strong>M\u00e9ditation<\/strong><\/li>\n<li>15h00 &#8211;\u00a016h15 \u00a0: <strong>Enseignement<\/strong><\/li>\n<li><strong>Participation :<\/strong> 5 \u20ac par personne<\/li>\n<\/ul>\n<p><strong>Samedi 09 Juillet : Rencontre et pratique avec le Bouddhisme<\/strong><\/p>\n<ul>\n<li>13h45 : Accueil<\/li>\n<li>14h00 &#8211; 15h00 : <strong>M\u00e9ditation<\/strong><\/li>\n<li>15h00 &#8211; 16h15 \u00a0: <strong>Enseignement<\/strong><\/li>\n<li><strong>Participation :<\/strong> 5 \u20ac par personne<\/li>\n<\/ul>\n<p><strong>Samedi 23 Juillet : Rencontre et pratique avec le Bouddhisme<\/strong><\/p>\n<ul>\n<li>13h45 : Accueil<\/li>\n<li>14h00 &#8211; 15h00 : <strong>M\u00e9ditation<\/strong><\/li>\n<li>15h00 &#8211; 16h15 \u00a0: <strong>Enseignement<\/strong><\/li>\n<li><strong>Participation :<\/strong> 5 \u20ac par personne<\/li>\n<\/ul>\n<p><strong>Samedi 20 Ao\u00fbt : Rencontre et pratique avec le Bouddhisme<\/strong><\/p>\n<ul>\n<li>09h30 : Accueil<\/li>\n<li>09h45 &#8211; 10h45 : <strong>M\u00e9ditation<\/strong><\/li>\n<li>10h45 &#8211; 12h00\u00a0 : <strong>Enseignement<\/strong><\/li>\n<li><strong>Participation :<\/strong> 5 \u20ac par personne<\/li>\n<\/ul>\n<p><strong>Samedi 27 Ao\u00fbt<\/strong><\/p>\n<ul>\n<li>13h45 :\u00a0\u00a0<strong>Accueil<\/strong><\/li>\n<li>14h00 : \u00ab <strong>M\u00e9ditation\u00a0<\/strong>\u00bb<\/li>\n<li>15h00 \u2013 17h00 : <strong>Enseignement par le V\u00e9n\u00e9rable Thich Hoang Khai de Norv\u00e8ge<\/strong><\/li>\n<li><strong>Participation :<\/strong> 5 \u20ac par personne<\/li>\n<\/ul>\n<p><strong>Dimanche 28 Ao\u00fbt:\u00a0C\u00e9l\u00e9bration de Vu Lan (Ullumbana)<\/strong> : Comm\u00e9moration de la F\u00eate de Reconnaissance et de Gratitude envers les Anc\u00eatres (Issue du Soutra de Vu Lan sur la Pi\u00e9t\u00e9 Filiale du Bouddha)<\/p>\n<ul>\n<li><strong>10h00 <\/strong>: Accueil et pr\u00e9paration \u00e0 l\u2019office de Vu Lan<\/li>\n<li><strong>11h00 <\/strong>: C\u00e9r\u00e9monie officielle de Vu Lan et rituel d\u2019offrande de nourriture devant l\u2019autel des d\u00e9funts<\/li>\n<li><strong>12h00 <\/strong>: stands de sp\u00e9cialit\u00e9s en \u00a0vente<\/li>\n<li><strong>14h30\u00a0<\/strong>: Rituel sp\u00e9cifique de lib\u00e9ration et de protection spirituelle \/ Rituel de lib\u00e9ration des poissons<\/li>\n<li><strong>17h30<\/strong>\u00a0: Fin de la Journ\u00e9e<\/li>\n<\/ul>\n<p><strong>Samedi 03 Septembre<\/strong><\/p>\n<ul>\n<li>13h45 : Accueil<\/li>\n<li>14h00 &#8211; 15h00 : <strong>Tai chi<\/strong><\/li>\n<li><strong>Participation :<\/strong> 5 \u20ac par personne<\/li>\n<\/ul>\n<p><strong>Samedi 10 Septembre<\/strong><\/p>\n<ul>\n<li>13h45 : Accueil<\/li>\n<li>14h00 &#8211; 15h00 : <strong>M\u00e9ditation<\/strong><\/li>\n<li>15h00 &#8211;\u00a016h15 \u00a0: <strong>Enseignement<\/strong><\/li>\n<li><strong>Participation :<\/strong> 5 \u20ac par personne<\/li>\n<\/ul>\n<p>&#8212;&#8212;&#8212;&#8212;&#8212;&#8212;&#8212;&#8212;&#8212;&#8212;&#8212;&#8212;&#8212;&#8212;&#8212;&#8212;&#8212;&#8212;&#8212;&#8212;&#8212;&#8212;&#8212;&#8212;&#8212;&#8212;&#8212;&#8212;&#8212;&#8212;-<\/p>\n<p><span style=\"color: #0000ff;\"><strong>Week end 17-18 Septembre : Journ\u00e9e du Patrimoine<\/strong><\/span><\/p>\n<p><strong>Samedi 17 Septembre<\/strong><\/p>\n<ul>\n<li>09h30 &#8211; 09h45 : RDV devant le Bouddha couch\u00e9 en face du parking<\/li>\n<li>09h45 &#8211; 11h45 : Visite guid\u00e9e et initiation \u00e0 la m\u00e9ditation<\/li>\n<\/ul>\n<ul>\n<li>13h45 : Accueil<\/li>\n<li>14h00 &#8211; 15h00 : <strong>Tai chi<\/strong><\/li>\n<li>15h00 &#8211; 16h00 : <strong>M\u00e9ditation<\/strong><\/li>\n<li>16h00 &#8211; 17h15 \u00a0: <strong>Enseignement<\/strong><\/li>\n<\/ul>\n<p><strong>Dimanche 18 Septembre<\/strong><\/p>\n<ul>\n<li>15h15 &#8211; 15h30 : RDV devant le Bouddha couch\u00e9 en face du parking<\/li>\n<li>15h30 &#8211; 17h30 : Visite guid\u00e9e et initiation \u00e0 la m\u00e9ditation<\/li>\n<li>17h30 &#8211; 18h30 : M\u00e9ditation guid\u00e9e approfondie<\/li>\n<\/ul>\n<p>&#8212;&#8212;&#8212;&#8212;&#8212;&#8212;&#8212;&#8212;&#8212;&#8212;&#8212;&#8212;&#8212;&#8212;&#8212;&#8212;&#8212;&#8212;&#8212;&#8212;&#8212;&#8212;&#8212;&#8212;&#8212;&#8212;&#8212;&#8212;&#8212;&#8212;-<\/p>\n<p><strong>Samedi 24 Septembre<\/strong><\/p>\n<ul>\n<li>13h45 : Accueil<\/li>\n<li>14h00 &#8211; 15h00 : <strong>M\u00e9ditation<\/strong><\/li>\n<li>15h00 &#8211;\u00a016h15 \u00a0: <strong>Enseignement<\/strong><\/li>\n<li><strong>Participation :<\/strong> 5 \u20ac par personne<\/li>\n<\/ul>\n<p><strong>Samedi 01 Octobre<\/strong><\/p>\n<ul>\n<li>13h45 : Accueil<\/li>\n<li>14h00 &#8211; 15h00 : <strong>Tai chi<\/strong><\/li>\n<li>15h00 &#8211; 16h00 : <strong>M\u00e9ditation<\/strong><\/li>\n<li>16h00 &#8211; 17h15 \u00a0: <strong>Enseignement<\/strong><\/li>\n<li>17h15 &#8211; 18h00 : <strong>Go\u00fbter &#8211; Moment Convivial (Apporter vos gobelets)<\/strong><\/li>\n<li><strong>Participation : 5 \u20ac par personne<\/strong><\/li>\n<\/ul>\n<p><strong>Samedi 08 Octobre<\/strong><\/p>\n<ul>\n<li>9h15 : Accueil<\/li>\n<li>9h30 &#8211; 10h15 : <strong>Tai\u00a0<\/strong><span style=\"color: #000000;\"><span style=\"caret-color: #000000;\"><b>chi<\/b><\/span><\/span><\/li>\n<li>10h15 &#8211; 11h15 : <strong>M\u00e9ditation<\/strong><\/li>\n<li>11h15 &#8211;\u00a012h15 \u00a0: <strong>Enseignement<\/strong><\/li>\n<li><strong>Participation : 5 \u20ac par personne<\/strong><\/li>\n<\/ul>\n<\/div>\n<div class=\"entry-content\">\n<p><strong>Samedi 15 Octobre<\/strong><\/p>\n<ul>\n<li>13h45 : Accueil<\/li>\n<li>14h00 &#8211; 15h00 : <strong>Tai chi<\/strong><\/li>\n<li>15h00 &#8211; 16h00 : <strong>M\u00e9ditation<\/strong><\/li>\n<li>16h00 &#8211; 17h15 \u00a0: <strong>Enseignement<\/strong><\/li>\n<li>17h15 &#8211; 18h00 : <strong>Go\u00fbter &#8211; Moment Convivial (Apporter vos gobelets)<\/strong><\/li>\n<li><strong>Participation : 5 \u20ac par personne<\/strong><\/li>\n<\/ul>\n<p><strong>Samedi 22 Octobre<\/strong><\/p>\n<ul>\n<li>13h45 : Accueil<\/li>\n<li>14h00 &#8211; 15h00 : <strong>Tai chi<\/strong><\/li>\n<li>15h00 &#8211; 16h00 : <strong>M\u00e9ditation<\/strong><\/li>\n<li>16h00 &#8211; 17h15 \u00a0: <strong>Enseignement<\/strong><\/li>\n<li>17h15 &#8211; 18h00 : <strong>Go\u00fbter &#8211; Moment Convivial (Apporter vos gobelets)<\/strong><\/li>\n<li><strong>Participation : 5 \u20ac par personne<\/strong><\/li>\n<\/ul>\n<p><strong>Samedi 05 Novembre<\/strong><\/p>\n<ul>\n<li>13h45 : Accueil<\/li>\n<li>14h00 &#8211; 15h00 : <strong>Tai chi<\/strong><\/li>\n<li>15h00 &#8211; 16h00 : <strong>M\u00e9ditation<\/strong><\/li>\n<li>16h00 &#8211; 17h15 \u00a0: <strong>Enseignement<\/strong><\/li>\n<li>17h15 &#8211; 18h00 : <strong>Go\u00fbter &#8211; Moment Convivial (Apporter vos gobelets)<\/strong><\/li>\n<li><strong>Participation : 5 \u20ac par personne<\/strong><\/li>\n<\/ul>\n<p><strong>Dimanche 06 Novembre<\/strong>: <strong>\u00ab\u00a0C\u00e9r\u00e9monie\u00a0de la derni\u00e8re Pleine Lune, C\u00e9r\u00e9monie de souhaits\u00a0\u00bb<\/strong><\/p>\n<ul>\n<li>11h00 : C\u00e9r\u00e9monie de souhaits et rituels d\u2019offrandes pour les d\u00e9funts<\/li>\n<li>12h00 : Repas v\u00e9g\u00e9tarien offert<\/li>\n<li>14h00 : R\u00e9citation du Sutra de Souhaits<\/li>\n<li>15h30 : Fin de la c\u00e9r\u00e9monie<\/li>\n<\/ul>\n<p><strong>Samedi 12 Novembre<\/strong><\/p>\n<ul>\n<li>13h45 : Accueil<\/li>\n<li>14h00 &#8211; 15h00 : <strong>Tai chi<\/strong><\/li>\n<li>15h00 &#8211; 16h00 : <strong>M\u00e9ditation<\/strong><\/li>\n<li>16h00 &#8211; 17h15 \u00a0: <strong>Enseignement<\/strong><\/li>\n<li>17h15 &#8211; 18h00 : <strong>Go\u00fbter &#8211; Moment Convivial (Apporter vos gobelets)<\/strong><\/li>\n<li><strong>Participation : 5 \u20ac par personne<\/strong><\/li>\n<\/ul>\n<p><strong>Samedi 19 Novembre<\/strong><\/p>\n<ul>\n<li>13h45 : Accueil<\/li>\n<li>14h00 &#8211; 15h00 : <strong>Tai chi<\/strong><\/li>\n<li>15h00 &#8211; 16h00 : <strong>M\u00e9ditation<\/strong><\/li>\n<li>16h00 &#8211; 17h15 \u00a0: <strong>Enseignement<\/strong><\/li>\n<li>17h15 &#8211; 18h00 : <strong>Go\u00fbter &#8211; Moment Convivial (Apporter vos gobelets)<\/strong><\/li>\n<li><strong>Participation : 5 \u20ac par personne<\/strong><\/li>\n<\/ul>\n<p><strong>Samedi 26 Novembre<\/strong><\/p>\n<ul>\n<li><strong>15h \u2013 17h<\/strong>\u00a0:\u00a0<strong>Enseignement<\/strong>\u00a0donn\u00e9 par Lama Seunam Dorj\u00e9<\/li>\n<li><strong>17h00 &#8211; 18h00 :<\/strong> <strong>Go\u00fbter &#8211; Moment Convivial (Apporter vos gobelets)<\/strong><\/li>\n<li><strong>Participation : 5 \u20ac par personne<\/strong><\/li>\n<\/ul>\n<p><strong>Dimanche 27 Novembre<\/strong><\/p>\n<ul>\n<li><strong>15h \u2013 17h<\/strong>\u00a0:\u00a0Pratique de la m\u00e9ditation donn\u00e9 par Lama Seunam Dorj\u00e9<\/li>\n<li><strong>17h00 &#8211; 18h00 :<\/strong> <strong>Go\u00fbter &#8211; Moment Convivial (Apporter vos gobelets)<\/strong><\/li>\n<li><strong>Participation : 5 \u20ac par personne<\/strong><\/li>\n<\/ul>\n<p><strong>Samedi 03 D\u00e9cembre<\/strong><\/p>\n<ul>\n<li>13h45 : Accueil<\/li>\n<li>14h00 &#8211; 15h00 : <strong>Tai chi<\/strong><\/li>\n<li>15h00 &#8211; 16h00 : <strong>M\u00e9ditation<\/strong><\/li>\n<li>16h00 &#8211; 17h15 \u00a0: <strong>Enseignement<\/strong><\/li>\n<li>17h15 &#8211; 18h00 : <strong>Go\u00fbter &#8211; Moment Convivial (Apporter vos gobelets)<\/strong><\/li>\n<li><strong>Participation : 5 \u20ac par personne<\/strong><\/li>\n<\/ul>\n<p><strong>Samedi 10 D\u00e9cembre\u00a0<\/strong><\/p>\n<ul>\n<li>13h45 : Accueil<\/li>\n<li>14h00 &#8211; 15h00 : <strong>Tai chi<\/strong><\/li>\n<li>15h00 &#8211; 16h00 : <strong>M\u00e9ditation<\/strong><\/li>\n<li>16h00 &#8211; 17h15 \u00a0: <strong>Enseignement<\/strong><\/li>\n<li>17h15 &#8211; 18h00 : <strong>Go\u00fbter &#8211; Moment Convivial (Apporter vos gobelets)<\/strong><\/li>\n<li><strong>Participation : 5 \u20ac par personne<\/strong><\/li>\n<\/ul>\n<\/div>\n","protected":false},"excerpt":{"rendered":"<p>Rencontre et pratique dans le Bouddhisme &#8211; Ann\u00e9e 2022 Pour tout renseignement, contactez : par mail\u00a0:\u00a0pagodethienminh@gmail.com &#8212;&#8212;&#8212;&#8212;&#8212;&#8212;&#8212;&#8212;&#8212;&#8212;&#8212;&#8212;&#8212;&#8212;&#8212;&#8212;&#8212;&#8212;&#8212;&#8212;&#8212;&#8212;&#8212;&#8212;&#8212;&#8212;&#8212;- Samedi 26 Juin : Rencontre et pratique avec \u2026 <a class=\"continue-reading-link\" href=\"https:\/\/www.pagodethienminh.fr\/?page_id=6858\">Continue \u00e0 lire <span class=\"meta-nav\">&rarr; <\/span><\/a><\/p>\n","protected":false},"author":1,"featured_media":0,"parent":51,"menu_order":90,"comment_status":"closed","ping_status":"closed","template":"templates\/template-onecolumn.php","meta":{"_mc_calendar":[],"footnotes":""},"class_list":["post-6858","page","type-page","status-publish","hentry"],"_links":{"self":[{"href":"https:\/\/www.pagodethienminh.fr\/index.php?rest_route=\/wp\/v2\/pages\/6858","targetHints":{"allow":["GET"]}}],"collection":[{"href":"https:\/\/www.pagodethienminh.fr\/index.php?rest_route=\/wp\/v2\/pages"}],"about":[{"href":"https:\/\/www.pagodethienminh.fr\/index.php?rest_route=\/wp\/v2\/types\/page"}],"author":[{"embeddable":true,"href":"https:\/\/www.pagodethienminh.fr\/index.php?rest_route=\/wp\/v2\/users\/1"}],"replies":[{"embeddable":true,"href":"https:\/\/www.pagodethienminh.fr\/index.php?rest_route=%2Fwp%2Fv2%2Fcomments&post=6858"}],"version-history":[{"count":9,"href":"https:\/\/www.pagodethienminh.fr\/index.php?rest_route=\/wp\/v2\/pages\/6858\/revisions"}],"predecessor-version":[{"id":6908,"href":"https:\/\/www.pagodethienminh.fr\/index.php?rest_route=\/wp\/v2\/pages\/6858\/revisions\/6908"}],"up":[{"embeddable":true,"href":"https:\/\/www.pagodethienminh.fr\/index.php?rest_route=\/wp\/v2\/pages\/51"}],"wp:attachment":[{"href":"https:\/\/www.pagodethienminh.fr\/index.php?rest_route=%2Fwp%2Fv2%2Fmedia&parent=6858"}],"curies":[{"name":"wp","href":"https:\/\/api.w.org\/{rel}","templated":true}]}}