{"id":685,"date":"2011-05-09T09:05:48","date_gmt":"2011-05-09T09:05:48","guid":{"rendered":"http:\/\/www.pagodethienminh.fr\/?page_id=685"},"modified":"2013-03-14T15:02:50","modified_gmt":"2013-03-14T15:02:50","slug":"3an-tri-tu%e1%bb%87-trong-d%e1%ba%a1o-ph%e1%ba%adt","status":"publish","type":"page","link":"https:\/\/www.pagodethienminh.fr\/?page_id=685","title":{"rendered":"Tr\u00ed tu\u1ec7 trong \u0111\u1ea1o Ph\u1eadt"},"content":{"rendered":"<div style=\"text-align: justify;\"><strong><em><span style=\"font-size: small;\">Tr\u00ed tu\u1ec7 trong \u0111\u1ea1o Ph\u1eadt.<\/span><\/em><\/strong><\/div>\n<div style=\"text-align: justify;\"><strong><em><span style=\"font-size: small;\"><br \/>\n<\/span><\/em><\/strong><\/div>\n<div style=\"text-align: justify;\"><\/div>\n<div style=\"text-align: justify;\"><span style=\"font-size: small;\">Kh\u00e1i ni\u1ec7m tr\u00ed tu\u1ec7 l\u00e0 g\u00ec v\u00e0 vai tr\u00f2 c\u1ee7a tr\u00ed tu\u1ec7 trong \u0111\u1ea1o Ph\u1eadt nh\u01b0 th\u1ebf n\u00e0o l\u00e0 m\u1ed9t \u0111\u1ec1 t\u00e0i \u0111\u00e3 \u0111\u01b0\u1ee3c ch\u01b0 thi\u1ec1n \u0111\u1ee9c c\u1ee7a nhi\u1ec1u m\u00f4n ph\u00e1i, c\u00e1c lu\u1eadn s\u01b0, c\u0169ng nh\u01b0 c\u00e1c b\u1eadc thi\u1ec7n tri th\u1ee9c tu v\u00e0 h\u1ecdc Ph\u1eadt minh \u0111\u1ecbnh, lu\u1eadn b\u00e0n v\u00e0 l\u00fd gi\u1ea3i \u0111\u1ee7 m\u1ecdi chi\u1ec1u h\u01b0\u1edbng, nhi\u1ec1u g\u00f3c c\u1ea1nh x\u01b0a nay. <\/span><\/div>\n<div style=\"text-align: justify;\"><span style=\"font-size: small;\">T\u1eeb nh\u1eefng l\u00fd thuy\u1ebft cao xa cho \u0111\u1ebfn nh\u1eefng \u00fd ngh\u0129 g\u1ea7n g\u0169i v\u00e0 \u0111\u01a1n gi\u1ea3n nh\u1ea5t, tuy c\u00f3 kh\u00e1c nhau v\u1ec1 \u0111\u1ea1i th\u1ec3 nh\u01b0ng v\u1eabn c\u00f3 \u0111i\u1ec3m chung nh\u1ea5t g\u1eb7p nhau:\u00a0<em>Ph\u1ea3i c\u00f3 c\u00e1i h\u1ecdc r\u1ed1t r\u00e1o, tinh th\u00e2m tr\u01b0\u1edbc \u0111\u00e3 th\u00ec tr\u00ed tu\u1ec7 m\u1edbi ph\u00e1t sinh. B\u01b0\u1edbc v\u00e0o c\u1eeda Thi\u1ec1n th\u00ec ph\u1ea3i hi\u1ec3u kh\u00e1i ni\u1ec7m v\u1ec1 c\u00e1i h\u1ecdc theo m\u1ed9t ngh\u0129a tho\u00e1ng r\u1ed9ng v\u00e0 t\u00edch c\u1ef1c h\u01a1n l\u00e0 c\u00e1i h\u1ecdc ch\u1ec9 bi\u1ebft g\u00f3i tr\u1ecdn trong nh\u00e0 tr\u01b0\u1eddng v\u00e0 s\u00e1ch v\u1edf. X\u01b0a nay, ch\u1ec9 c\u00f3 \u0111\u1ea1o Ph\u1eadt m\u1edbi t\u00f4n x\u01b0ng c\u00e1c \u201cB\u1eadc V\u00f4 H\u1ecdc\u201d l\u00ean tr\u00ean h\u00e0ng \u201cH\u1eefu H\u1ecdc\u201d, ngang t\u1ea7m \u00e1 th\u00e1nh.<\/em><\/span><\/div>\n<div style=\"text-align: justify;\"><span style=\"font-size: small;\">H\u1ecdc c\u00f3 hai b\u1eadc:\u00a0B\u1eadc h\u1eefu h\u1ecdc v\u00e0 b\u1eadc v\u00f4 h\u1ecdc.<\/span><\/div>\n<div style=\"text-align: justify;\"><span style=\"font-size: small;\"><em>B\u1eadc h\u1eefu h\u1ecdc<\/em> c\u00f3 s\u1ef1 hi\u1ec3u bi\u1ebft nh\u1edd nghe, \u0111\u1ecdc v\u00e0 quan s\u00e1t l\u1eddi gi\u1ea3ng, b\u00e0i vi\u1ebft, ch\u0129 d\u1eabn t\u1eeb nh\u1eefng b\u1eadc th\u1ea7y, b\u1eadc thi\u1ec7n tri th\u1ee9c (v\u0103n).\u00a0Sau \u0111\u00f3 t\u1ef1 m\u00ecnh suy ngh\u0129, qu\u00e1n chi\u1ebfu (t\u01b0).\u00a0\u0110em hi\u1ec3u bi\u1ebft \u1ee9ng d\u1ee5ng v\u00e0o h\u00e0nh tr\u00ec (tu).\u00a0<em>V\u0103n-T\u01b0-Tu l\u00e0 tam hu\u1ec7 h\u1ecdc.<\/em><\/span><\/div>\n<div style=\"text-align: justify;\"><span style=\"font-size: small;\"><em>B\u1eadc v\u00f4 h\u1ecdc<\/em> l\u00e0 ng\u01b0\u1eddi \u201cv\u00f4 s\u01b0 t\u1ef1 ng\u1ed9\u201d, ngh\u0129a l\u00e0 t\u1ef1 ch\u00ednh m\u00ecnh h\u1ecdc, t\u01b0 duy, qu\u00e1n chi\u1ebfu b\u1eb1ng ph\u01b0\u01a1ng ti\u1ec7n t\u1ef1 th\u00e2n nh\u01b0 nghi\u00eam tr\u00ec gi\u1edbi lu\u1eadt (gi\u1edbi), c\u00f4ng phu thi\u1ec1n \u0111\u1ecbnh (\u0111\u1ecbnh), r\u1ed3i \u0111i s\u00e2u v\u00e0o qu\u00e1n ni\u1ec7m s\u1ef1 l\u00fd \u0111\u1ec3 ph\u00e1t sinh tr\u00ed tu\u1ec7 (hu\u1ec7).\u00a0<em>Gi\u1edbi-\u0110\u1ecbnh-Hu\u1ec7 l\u00e0 tam-v\u00f4-l\u1eadu h\u1ecdc.<\/em><\/span><\/div>\n<div style=\"text-align: justify;\"><span style=\"font-size: small;\">\u0110\u1ee9c Ph\u1eadt Th\u00edch Ca c\u0169ng \u0111\u00e3 t\u1eebng tr\u1ea3i nghi\u1ec7m c\u1ea3 hai b\u1eadc h\u1ecdc.\u00a0Khi c\u00f2n l\u00e0 th\u00e1i t\u1eed T\u1ea5t \u0110\u1ea1t \u0110a, ng\u00e0i \u0111\u00e3 \u0111\u01b0\u1ee3c h\u1ecdc v\u1edbi nh\u1eefng b\u1eadc danh s\u01b0 kh\u1eafp n\u01a1i \u0111\u01b0\u1ee3c m\u1eddi v\u1ec1 cung gi\u00e1o hu\u1ea5n. <\/span><\/div>\n<div style=\"text-align: justify;\"><span style=\"font-size: small;\">Khi xu\u1ea5t gia, sau n\u0103m n\u0103m h\u1ecdc \u0111\u1ea1o v\u1edbi c\u00e1c \u0111\u1ea1o s\u01b0 v\u00e0 s\u00e1u n\u0103m kh\u1ed5 h\u1ea1nh c\u00f4ng phu, tu s\u0129 C\u1ed3 \u0110\u00e0m v\u1eabn ch\u01b0a t\u00ecm ra ch\u00e2n l\u00fd li\u1ec5u tho\u00e1t sinh t\u1eed.\u00a0<em>C\u1ea7u b\u00ean ngo\u00e0i kh\u00f4ng t\u00ecm ra con \u0111\u01b0\u1eddng \u0111\u1ea1o, ng\u00e0i ph\u1ea3i quay l\u1ea1i nh\u00ecn B\u1ebfn T\u00e2m c\u1ee7a ch\u00ednh m\u00ecnh.<\/em> Bi v\u00e0 Tr\u00ed ch\u01b0a \u0111\u1ee7.\u00a0Ph\u1ea3i c\u1ea7n h\u1ea1nh D\u0169ng m\u1edbi b\u1ee9t ph\u00e1 \u0111\u01b0\u1ee3c tr\u00f9ng v\u00e2y c\u1ee7a v\u00f4 minh che khu\u1ea5t t\u1ef1 t\u00ednh.<\/span><\/div>\n<div style=\"text-align: justify;\"><span style=\"font-size: small;\">B\u1ed1n m\u01b0\u01a1i ch\u00edn ng\u00e0y \u0111\u00eam thi\u1ec1n \u0111\u1ecbnh d\u01b0\u1edbi g\u1ed1c c\u00e2y b\u1ed3 \u0111\u1ec1 trong r\u1eebng v\u1eafng, ng\u00e0i \u0111\u00e3 t\u1ef1 m\u00ecnh th\u1eafp \u0111u\u1ed1c l\u00ean m\u00e0 \u0111i.\u00a0Tr\u00ean tr\u1eddi, d\u01b0\u1edbi \u0111\u1ea5t ch\u1eb3ng c\u00f3 n\u01a1i n\u00e0o \u0111\u1ec3 d\u1ef1a.\u00a0Ch\u1ec9 c\u00f3 m\u00ecnh ta duy nh\u1ea5t (duy ng\u00e3 \u0111\u1ed9c t\u00f4n) ph\u1ea3i t\u1ef1 ch\u00ednh m\u00ecnh v\u01b0\u1ee3t c\u1eeda ng\u00f5 cu\u1ed1i c\u00f9ng \u0111i v\u00e0o n\u1ed9i t\u00e2m. <\/span><\/div>\n<div style=\"text-align: justify;\"><span style=\"font-size: small;\">M\u1ecdi kh\u1edfi ni\u1ec7m s\u01a1 x\u01b0a, m\u1ecdi v\u1ecdng t\u01b0\u1edfng mong c\u1ea7u, m\u1ecdi ch\u1ea5p tr\u01b0\u1edbc b\u1ec9 th\u1eed \u0111\u1ec1u v\u1eafng b\u1eb7t.\u00a0Ng\u00e0i t\u00ecm \u0111\u01b0\u1ee3c B\u1ebfn M\u00ecnh, B\u1ebfn T\u00e2m, B\u1ebfn Th\u1eadt nh\u01b0 nh\u00e1y m\u1eaft \u0111\u1ed9t ph\u00e1 long tr\u1eddi \u201cBig Bang\u201d c\u1ee7a v\u0169 tr\u1ee5 v\u00e0 h\u1ed1t nhi\u00ean \u0111\u1ea1i ng\u1ed9.\u00a0Ng\u01b0\u1eddi \u0111\u1eddi sau k\u1ec3 chuy\u1ec7n Ph\u1eadt gi\u00e1c ng\u1ed9 c\u0169ng gi\u00f4ng gi\u1ed1ng nh\u01b0 c\u00e1c nh\u00e0 khoa h\u1ecdc k\u1ec3 chuy\u1ec7n Big Bang x\u1ea9y ra 14 t\u1ef7 n\u0103m v\u1ec1 tr\u01b0\u1edbc\u2026<\/span><\/div>\n<div style=\"text-align: justify;\"><span style=\"font-size: small;\">Nh\u1eefng nh\u00e0 nghi\u00ean c\u1ee9u Ph\u1eadt h\u1ecdc v\u1eabn th\u01b0\u1eddng ph\u00e2n bi\u1ec7t hai th\u00e0nh ph\u1ea7n\u00a0<em>Tr\u00ed Th\u1ee9c<\/em> v\u00e0\u00a0<em>Tr\u00ed Tu\u1ec7<\/em>, t\u01b0\u01a1ng t\u1ef1 nh\u01b0 ng\u01b0\u1eddi \u0111\u1eddi th\u01b0\u1eddng ph\u00e2n bi\u1ec7t\u00a0<em>H\u1ecdc Th\u1ee9c<\/em> v\u00e0\u00a0<em>Tr\u00ed Th\u1ee9c<\/em>. Nh\u01b0\u00a0<em>m\u1ed9t h\u1ecdc gi\u1ea3 th\u00e2m uy\u00ean bi\u1ebft r\u1ed9ng kh\u1eafp m\u1ecdi kh\u00e1i ni\u1ec7m v\u1ec1 kh\u1ed5 v\u00e0 l\u00fd thuy\u1ebft di\u1ec7t kh\u1ed5 th\u00ec m\u1edbi ch\u1ec9 \u0111\u01b0\u1ee3c ph\u1ea7n tr\u00ed th\u1ee9c.\u00a0Nh\u01b0ng c\u00f3 \u0111\u1ea1t \u0111\u01b0\u1ee3c tr\u00ed tu\u1ec7 hay kh\u00f4ng l\u00e0 do c\u00f4ng h\u1ea1nh h\u00e0nh tr\u00ec th\u1ef1c ch\u1ee9ng.<\/em><\/span><\/div>\n<div style=\"text-align: justify;\"><span style=\"font-size: small;\">\u0110\u1ec9nh cao nh\u1ea5t c\u1ee7a\u00a0tr\u00ed th\u1ee9c thi\u1ec1n l\u00e2m l\u00e0 tr\u00ed tu\u1ec7.\u00a0Nh\u01b0ng c\u00f3 ch\u0103ng \u0111\u01b0\u1ee3c s\u1ef1 s\u1edf \u0111\u1eafc tr\u00ed tu\u1ec7 m\u00e0 kh\u00f4ng c\u1ea7n qua qu\u00e1 tr\u00ecnh h\u1ecdc v\u00e0 t\u1eadp v\u00e0 \u0111\u1ec3 khai m\u1edf tu\u1ec7 gi\u00e1c c\u1ee7a tri th\u1ee9c?<\/span><\/div>\n<div style=\"text-align: justify;\"><span style=\"font-size: small;\">Nh\u1eefng tr\u01b0\u1eddng h\u1ee3p kh\u00f4ng th\u00f4ng qua c\u00e1i s\u1edf h\u1ecdc b\u00ecnh th\u01b0\u1eddng m\u00e0 v\u1eabn \u0111\u1ea1t t\u1edbi \u0111\u01b0\u1ee3c tr\u00ed tu\u1ec7 vi\u00ean m\u00e3n nh\u01b0 bi\u1ec3u t\u01b0\u1ee3ng L\u1ee5c T\u1ed5 Hu\u1ec7 N\u0103ng hay \u1ea9n d\u1ee5 v\u1ec1 m\u1ed9t \u0111\u1ea1i \u0111\u1ec7 t\u1eed th\u1eddi \u0111\u1ee9c \u00a0Ph\u1eadt t\u1ea1i th\u1ebf l\u00e0 Ch\u00e2u L\u1ee3i B\u00e0n \u0110\u00e0, m\u1ed9t ng\u01b0\u1eddi ch\u1ecbu nghi\u1ec7p \u0111\u1ed9n c\u0103n t\u1eeb ti\u1ec1n ki\u1ebfp, \u0111i tu m\u00e0 h\u1ecdc ho\u00e0i kh\u00f4ng thu\u1ed9c m\u1ea5y c\u00e2u kinh n\u00ean \u0111\u1ee9c Ph\u1eadt ch\u1ec9 cho h\u1ecdc hai ch\u1eef \u201cc\u00e1i ch\u1ed5i\u201d.<\/span><\/div>\n<div style=\"text-align: justify;\"><span style=\"font-size: small;\">Nh\u01b0ng t\u1eeb c\u00e1i ch\u1ed5i \u0111\u00f3 m\u00e0 qu\u00e9t \u0111\u01b0\u1ee3c m\u00e0n v\u00f4 minh v\u00e0 ch\u1ee9ng ng\u1ed9.\u00a0T\u01b0\u1edfng c\u0169ng c\u1ea7n g\u1ed9t r\u1eeda b\u1edbt th\u00f3i quen \u01b0\u1edbc l\u1ec7 thi\u1ebfu ch\u00e2n x\u00e1c v\u1ec1 c\u00e1i s\u1edf h\u1ecdc th\u1ebf nh\u00e2n. \u00a0Kh\u00f4ng bi\u1ebft \u0111\u1ecdc nh\u1eefng k\u00fd hi\u1ec7u quy \u01b0\u1edbc c\u1ee7a m\u1ed9t nh\u00f3m ng\u01b0\u1eddi hay x\u00e3 h\u1ed9i n\u00e0o \u0111\u00f3 (nh\u01b0 h\u00ecnh th\u1ee9c k\u00fd hi\u1ec7u abc&#8230; \u0111\u01b0\u1ee3c t\u1ea1m g\u1ecdi l\u00e0 ch\u1eef vi\u1ebft ch\u1eb3ng h\u1ea1n) kh\u00f4ng c\u00f3 ngh\u0129a l\u00e0 \u201cm\u00f9 ch\u1eef\u201d.\u00a0Kh\u00f4ng h\u1ecdc nh\u1eefng m\u1edb hi\u1ec3u bi\u1ebft quy \u01b0\u1edbc c\u1ee7a m\u1ed9t qu\u1ea7n th\u1ec3 x\u00e3 h\u1ed9i n\u00e0o \u0111\u00f3 (t\u1ea1m g\u1ecdi l\u00e0 ki\u1ebfn th\u1ee9c) kh\u00f4ng c\u00f3 ngh\u0129a l\u00e0 \u201cv\u00f4 h\u1ecdc\u201d! <\/span><\/div>\n<div style=\"text-align: justify;\"><span style=\"font-size: small;\">H\u1ecdc l\u00e0 m\u1ed9t qu\u00e1 tr\u00ecnh \u0111\u1ed9ng n\u00e3o v\u00e0 \u0111\u1ed9ng t\u00e2m l\u00e2u d\u00e0i \u0111\u1ec3 t\u00ecm t\u00f2i v\u00e0 th\u1ea5y \u0111\u01b0\u1ee3c \u00fd ngh\u0129a th\u1eadt s\u1ef1 c\u1ee7a d\u00f2ng s\u1ed1ng b\u00ean trong \u0111\u1ed1i t\u00e1c v\u1edbi x\u00e3 h\u1ed9i v\u00e0 th\u1ebf gi\u1edbi b\u00ean ngo\u00e0i.\u00a0\u0110\u1ebfn tr\u01b0\u1eddng, h\u1ecdc th\u1ea7y, \u0111\u1ecdc s\u00e1ch&#8230; ch\u1ec9 m\u1edbi l\u00e0 m\u1ed9t h\u00ecnh th\u1ee9c ph\u01b0\u01a1ng ti\u1ec7n trong mu\u00f4n v\u00e0n ph\u01b0\u01a1ng ti\u1ec7n c\u1ee7a c\u00e1i h\u1ecdc.<\/span><\/div>\n<div style=\"text-align: justify;\"><\/div>\n<div style=\"text-align: justify;\"><span style=\"font-size: small;\">Tr\u01b0\u1eddng h\u1ee3p s\u01b0 c\u00f4 Tu\u1ec7 Nhi t\u1ef1 th\u00fa nh\u1eadn l\u00e0 C\u00f4 ch\u1ec9 c\u00f3 thu\u1ea7n tr\u00ed th\u1ee9c m\u00e0 kh\u00f4ng ph\u00e1t huy \u0111\u01b0\u1ee3c tr\u00ed tu\u1ec7.\u00a0Sau gi\u1ea5c ng\u1ee7 d\u00e0i 30 n\u0103m ch\u1ec9 bi\u1ebft b\u1eaft ch\u01b0\u1edbc v\u00e0 l\u00e0m theo th\u00f3i quen m\u00e0 c\u00f3 ng\u01b0\u1eddi d\u1eb9 nh\u1ea1 g\u1ecdi l\u00e0 \u201clu\u1eadt\u201d, s\u01b0 c\u00f4 Tu\u1ec7 Nhi tr\u0103n tr\u1edf t\u00ecm \u0111\u01b0\u1eddng tho\u00e1t ra kh\u1ecfi ng\u1ee5c t\u00f9 c\u1ee7a kh\u00e1i ni\u1ec7m v\u1ec1 tri th\u1ee9c.<\/span><\/div>\n<div style=\"text-align: justify;\"><span style=\"font-size: small;\">Nh\u01b0ng kh\u00f4ng sao \u0111\u00e2u, th\u01b0a S\u01b0 c\u00f4, ch\u01b0 t\u1ed5 thi\u1ec1n l\u00e2m \u0111\u1ec1u d\u1ea1y r\u1eb1ng, khi m\u1ed9t ng\u01b0\u1eddi\u00a0<strong><em>t\u1ef1 bi\u1ebft m\u00ecnh<\/em><\/strong> c\u00f3 tri th\u1ee9c m\u00e0 ch\u01b0a c\u00f3 \u0111\u01b0\u1ee3c tr\u00ed tu\u1ec7 th\u00ec \u0111\u00f3 l\u00e0 \u0111ang c\u00f3 \u0111\u01b0\u1ee3c \u00e1nh s\u00e1ng kh\u1edfi \u0111\u1ea7u c\u1ee7a tr\u00ed tu\u1ec7. \u00a0T\u1ef1 bi\u1ebft m\u00ecnh l\u00e0 s\u1ef1 kh\u00e1m ph\u00e1 khai t\u00e2m \u0111\u1ea7u ti\u00ean v\u00e0 quan tr\u1ecdng nh\u1ea5t tr\u00ean \u0111\u01b0\u1eddng t\u00ecm tr\u00ed tu\u1ec7.<\/span><\/div>\n<div style=\"text-align: justify;\"><span style=\"font-size: small;\">\u0110\u1ecbnh ngh\u0129a\u00a0<em>ng\u01b0\u1eddi c\u00f3 tr\u00ed th\u1ee9c<\/em> \u2013 \u0111\u1eb7c bi\u1ec7t l\u00e0 \u201ctr\u00ed th\u1ee9c Ph\u1eadt gi\u00e1o\u201d \u2013 nh\u01b0 th\u00f4ng th\u01b0\u1eddng \u0111\u01b0\u1ee3c hi\u1ec3u v\u00e0\u00a0<em>ng\u01b0\u1eddi c\u00f3 tr\u00ed tu\u1ec7 nh\u01b0<\/em> \u0111\u1ea1o Ph\u1eadt th\u01b0\u1eddng \u0111\u1ecbnh ngh\u0129a l\u00e0 m\u1ed9t c\u00e1ch c\u01b0\u1eddng \u0111i\u1ec7u h\u00f3a hay tuy\u1ec7t \u0111\u1ed1i h\u00f3a c\u0103n c\u1ee9 tr\u00ean nh\u1eefng ti\u00eau chu\u1ea9n v\u00e0 ph\u1ea1m tr\u00f9 ch\u1ec9 c\u00f3 v\u1ec1 m\u1eb7t l\u00fd thuy\u1ebft h\u01a1n l\u00e0 th\u1ef1c t\u1ebf. <\/span><\/div>\n<div style=\"text-align: justify;\"><span style=\"font-size: small;\">Trong x\u00e3 h\u1ed9i \u0111\u1eddi th\u01b0\u1eddng, nh\u1eefng ph\u1ea9m ch\u1ea5t bi\u1ebfn hi\u1ec7n v\u00e0 t\u01b0\u01a1ng t\u00e1c qua l\u1ea1i gi\u1eefa ng\u01b0\u1eddi c\u00f3 s\u1edf h\u1ecdc cao (h\u1ecdc th\u1ee9c) v\u00e0 k\u1ebb bi\u1ebft \u0111em t\u00e0i n\u0103ng h\u1ecdc v\u1ea5n gi\u00fap \u0111\u1eddi (tr\u00ed th\u1ee9c) c\u00f3 s\u1ef1 d\u1eabm ch\u00e2n v\u00e0 giao h\u01b0\u1edfng v\u1edbi nhau.\u00a0\u0110\u00f3ng nh\u1eefng c\u00e1i khung \u0111\u1ecbnh ngh\u0129a l\u00fd thuy\u1ebft c\u00f3 v\u1ebb nh\u01b0 l\u00e0 m\u1ed9t h\u00ecnh th\u1ee9c ch\u01a1i ch\u1eef mang t\u00ednh gi\u1ea3 \u0111\u1ecbnh.\u00a0Tr\u00ean th\u1ef1c t\u1ebf, s\u1ebd r\u1ea5t hi\u1ebfm m\u00e0 \u00a0t\u00ecm ra \u0111\u01b0\u1ee3c hai m\u1eabu \u201ckhu\u00f4n \u0111\u00fac\u201d h\u1ecdc th\u1ee9c v\u00e0 tr\u00ed th\u1ee9c r\u1ea1ch r\u00f2i t\u00e1ch bi\u1ec7t nhau gi\u1eefa \u0111\u1eddi n\u1ea7y. <\/span><\/div>\n<div style=\"text-align: justify;\"><span style=\"font-size: small;\">C\u0169ng t\u01b0\u01a1ng t\u1ef1 nh\u01b0 th\u1ebf,\u00a0<em>s\u1ef1 ph\u00e2n \u0111\u1ecbnh m\u1ed9t Ph\u1eadt t\u1eed thu\u1ea7n t\u00fay l\u00e0 h\u1ecdc gi\u1ea3, tr\u00ed th\u1ee9c \u0111\u1eddi th\u01b0\u1eddng v\u00e0 m\u1ed9t Ph\u1eadt t\u1eed ch\u1ec9 c\u00f3 r\u00f2ng tu\u1ec7 gi\u00e1c, tr\u00ed tu\u1ec7 thi\u1ec1n l\u00e2m t\u00e1ch bi\u1ec7t nhau r\u1ea1ch r\u00f2i gi\u1eefa hai bi\u00ean gi\u1edbi nh\u01b0 \u0111en v\u1edbi tr\u1eafng l\u00e0 \u0111i\u1ec1u kh\u00f4ng th\u1eadt c\u00f3 gi\u1eefa \u0111\u1eddi th\u01b0\u1eddng. <\/em><\/span><\/div>\n<div style=\"text-align: justify;\"><span style=\"font-size: small;\">Xu\u1ea5t ph\u00e1t t\u1eeb bi\u00ean ki\u1ebfn ph\u00e2n bi\u1ec7t \u0111\u1ea7y gi\u1ea3 \u0111\u1ecbnh \u0111\u00f3, trong m\u1ed9t qu\u00e1 kh\u1ee9 kh\u00f4ng xa v\u00e0 qu\u00e1n t\u00ednh c\u00f2n r\u01a1i r\u1edbt l\u1ea1i ng\u00e0y nay l\u00e0 khuynh h\u01b0\u1edbng h\u1ecdc Ph\u1eadt mang n\u1eb7ng t\u00ednh ch\u1ea5p tr\u01b0\u1edbc.\u00a0\u0110\u1ea5y l\u00e0 khuynh h\u01b0\u1edbng cho r\u1eb1ng, mu\u1ed1n tu h\u00e0nh \u0111oan nghi\u00eam v\u00e0 h\u00e0nh tr\u00ec gi\u1edbi lu\u1eadt nghi\u00eam c\u1ea9n th\u00ec k\u1ebb tu h\u00e0nh ph\u1ea3i tr\u00e1nh xa c\u00e1i h\u1ecdc c\u1ee7a th\u1ebf nh\u00e2n. <\/span><\/div>\n<div style=\"text-align: justify;\"><span style=\"font-size: small;\">Gay g\u1eaft h\u01a1n n\u1eefa l\u00e0 \u0111\u1ecbnh ki\u1ebfn kh\u01b0 kh\u01b0 v\u1ec1 t\u00e1c d\u1ee5ng ti\u00eau c\u1ef1c c\u1ee7a b\u1eb1ng c\u1ea5p, h\u1ecdc v\u1ecb \u0111\u1eddi th\u01b0\u1eddng ch\u1eb3ng nh\u1eefng \u0111\u00e3 kh\u00f4ng c\u00f3 l\u1ee3i m\u00e0 c\u00f2n l\u00e0m cho c\u00e1i h\u1ecdc kinh t\u1ea1ng, n\u1ed9i \u0111i\u1ec3n c\u1ee7a k\u1ebb tu h\u00e0nh b\u1ecb l\u1ec7ch h\u01b0\u1edbng, sai \u0111\u01b0\u1eddng. <\/span><\/div>\n<div style=\"text-align: justify;\"><span style=\"font-size: small;\">Nhi\u1ec1u v\u1ecb b\u1ed5n s\u01b0 tr\u00fa tr\u00ec ch\u00f9a vi\u1ec7n \u0111\u00e3 \u201cb\u1ebf m\u00f4n, t\u1ecfa chi\u1ebft\u201d kh\u00f4ng cho \u0111\u1ec7 t\u1eed m\u00ecnh theo h\u1ecdc tr\u01b0\u1eddng \u1ed1c b\u00ean ngo\u00e0i m\u00e0 b\u1eaft ph\u1ea3i \u1edf trong b\u1ed1n b\u1ee9c t\u01b0\u1eddng c\u1ee7a H\u00e1n t\u1ea1ng \u201cn\u1ed9i \u0111i\u1ec3n\u201d.<\/span><\/div>\n<div style=\"text-align: justify;\"><span style=\"font-size: small;\">Ho\u1eb7c gi\u1ea3 nh\u01b0 tr\u01b0\u1eddng h\u1ee3p s\u01b0 c\u00f4 Tu\u1ec7 Nhi \u0111\u00e3 n\u00eau d\u1eabn \u1edf tr\u00ean, ng\u01b0\u1eddi \u0111\u00e3 \u0111\u1ea1t \u201chai b\u1eb1ng ti\u1ebfn s\u0129\u201d v\u00e0 l\u00e0m gi\u1ea3ng s\u01b0 nh\u01b0ng l\u1ea1i t\u1ef1 th\u00fa nh\u1eadn l\u00e0 ch\u1eb3ng hi\u1ec3u g\u00ec v\u1ec1 Ph\u1eadt h\u1ecdc v\u00e0 con \u0111\u01b0\u1eddng tu h\u00e0nh thanh t\u1ecbnh c\u1ea3. <\/span><\/div>\n<div style=\"text-align: justify;\"><span style=\"font-size: small;\">C\u00f3 ch\u0103ng hi\u1ec7n t\u01b0\u1ee3ng ngh\u1ecbch l\u00fd khi m\u1ed9t \u201cgi\u1ea3ng s\u01b0 ti\u1ebfn s\u0129 tu s\u0129\u201d \u0111\u00e3 th\u1ecd \u0111\u1ea1i gi\u1edbi m\u00e0 l\u1ea1i \u0111i gi\u1ea3ng m\u00e2y, gi\u1ea3ng kh\u00f3i kh\u00f4ng bi\u1ebft m\u00ecnh n\u00f3i g\u00ec trong su\u1ed1t ba m\u01b0\u01a1i n\u0103m l\u00e0m gi\u00e1o th\u1ecd?!<\/span><\/div>\n<div style=\"text-align: justify;\"><span style=\"font-size: small;\">Trong c\u00e1i h\u1ecdc ph\u1ed5 th\u00f4ng, \u0110\u00f4ng c\u0169ng nh\u01b0 T\u00e2y, ti\u1ebfn s\u0129 l\u00e0 c\u1ea5p h\u1ecdc c\u1ee7a ng\u01b0\u1eddi nghi\u00ean c\u1ee9u t\u01b0\u01a1ng \u0111\u1ed1i \u0111\u1ed9c l\u1eadp theo nh\u1eefng ph\u01b0\u01a1ng ph\u00e1p lu\u1eadn (methodology) kh\u1ea3o ch\u1ee9ng, ph\u00e2n t\u00edch v\u00e0 t\u1ed5ng h\u1ee3p c\u00e1c d\u1eef ki\u1ec7n khoa h\u1ecdc v\u00e0 nh\u00e2n v\u0103n.\u00a0Kh\u00f4ng r\u00f5 s\u01b0 c\u00f4 Tu\u1ec7 Nhi \u0111\u00e3 \u0111i theo tr\u01b0\u1eddng ph\u00e1i h\u1ecdc thu\u1eadt n\u00e0o m\u00e0 c\u1ea5p h\u1ecdc cao nh\u1ea5t l\u1ea1i d\u1eabn \u0111\u1ebfn s\u1ef1 tr\u1ed1ng tr\u1ea3i c\u1ee7a tri th\u1ee9c khi\u1ebfn c\u00f4 ph\u1ea3i \u00e2n h\u1eadn mu\u1ed9n m\u00e0ng \u0111\u1ebfn nh\u01b0 th\u1ebf?<\/span><\/div>\n<div style=\"text-align: justify;\"><span style=\"font-size: small;\">Tr\u00ean th\u1ef1c t\u1ebf, n\u1ec1n h\u1ecdc thu\u1eadt kinh vi\u1ec7n n\u1ed9i \u0111i\u1ec3n c\u0169ng nh\u01b0 ngo\u1ea1i th\u01b0 c\u1ee7a Ph\u1eadt gi\u00e1o c\u00f3 s\u1ef1 g\u1eafn b\u00f3 h\u1ed7 t\u01b0\u01a1ng v\u1edbi n\u1ec1n h\u1ecdc thu\u1eadt h\u00e0n l\u00e2m \u1edf ngo\u00e0i \u0111\u1eddi. \u00a0\u0110\u1ea1i h\u1ecdc Ph\u1eadt gi\u00e1o Ananda \u0111\u01b0\u1ee3c x\u00e2y d\u1ef1ng t\u1eeb th\u1ebf k\u1ef7 th\u1ee9 2 t\u1ea1i \u1ea4n \u0110\u1ed9 v\u1edbi m\u1ed9t quy m\u00f4 l\u1edbn lao tr\u00ean 10.000 th\u00e0nh vi\u00ean theo h\u1ecdc \u0111\u00e3 \u0111\u00e0o t\u1ea1o ra nh\u1eefng nh\u00e0 Ph\u1eadt h\u1ecdc uy\u00ean b\u00e1c nh\u01b0 Long Th\u1ecd, Th\u1ebf Th\u00e2n, Huy\u1ec1n Trang\u2026 \u0111\u00e3 ph\u00e1t huy v\u0103n h\u00f3a Ph\u1eadt gi\u00e1o tr\u00ean \u0111\u01b0\u1eddng h\u1ecdc thu\u1eadt su\u1ed1t c\u1ea3 ngh\u00ecn n\u0103m.<\/span><\/div>\n<div style=\"text-align: justify;\"><span style=\"font-size: small;\">Tuy \u0111\u1ea1i h\u1ecdc Ananda b\u1ecb c\u00e1c th\u1ebf l\u1ef1c H\u1ed3i gi\u00e1o du m\u1ee5c c\u1ef1c \u0111oan ph\u00e1 h\u1ee7y n\u0103m 1197; nh\u01b0ng kho t\u00e0ng tri th\u1ee9c t\u1eeb ch\u1ed1n thi\u1ec1n l\u00e2m h\u1ecdc hi\u1ec7u n\u1ea7y v\u1eabn c\u00f2n lan t\u1ecfa m\u1ed7i ng\u00e0y c\u00e0ng xa v\u00e0 c\u00e0ng r\u1ed9ng cho \u0111\u1ebfn ng\u00e0y nay. <\/span><\/div>\n<div style=\"text-align: justify;\"><span style=\"font-size: small;\">Nh\u1eefng danh t\u0103ng trong su\u1ed1t chi\u1ec1u d\u00e0i l\u1ecbch s\u1eed Ph\u1eadt gi\u00e1o \u0111\u1ec1u l\u00e0 nh\u1eefng h\u1ecdc gi\u1ea3 th\u00e2m uy\u00ean.\u00a0<strong><em>Ng\u00e0y nay,<\/em><\/strong> <strong><em>vi\u1ec7c<\/em><\/strong> <strong><em>\u0111\u00e0o t\u1ea1o T\u0103ng, Ni l\u00e0 m\u1ed9t qu\u00e1 tr\u00ecnh tu v\u00e0 h\u1ecdc song song.<\/em><\/strong><\/span><\/div>\n<div style=\"text-align: justify;\"><span style=\"font-size: small;\"><strong><em><br \/>\n<\/em><\/strong><\/span><\/div>\n<div style=\"text-align: justify;\"><span style=\"font-size: small;\">\u1ede T\u00e2y T\u1ea1ng, mu\u1ed1n tr\u1edf th\u00e0nh m\u1ed9t nh\u00e0 s\u01b0 \u0111\u00fang ngh\u0129a ph\u1ea3i qua m\u1ed9t qu\u00e1 tr\u00ecnh h\u1ecdc t\u1eadp gian kh\u1ed5 su\u1ed1t 15 n\u0103m.\u00a0H\u1ea7u h\u1ebft c\u00e1c nh\u00e0 s\u01b0 T\u00e2y T\u1ea1ng \u0111\u1ec1u c\u00f3 b\u1eb1ng c\u1ea5p t\u01b0\u01a1ng \u0111\u01b0\u01a1ng v\u1edbi ti\u1ebfn s\u0129 Ph\u1eadt h\u1ecdc g\u1ecdi l\u00e0 Geshi. <\/span><\/div>\n<div style=\"text-align: justify;\"><span style=\"font-size: small;\">C\u00e1c tu s\u0129 thu\u1ed9c th\u1ebf h\u1ec7 tr\u1ebb \u1edf Vi\u1ec7t Nam, Th\u00e1i Lan, \u0110\u00e0i Loan, Nh\u1eadt B\u1ea3n ng\u00e0y nay \u0111a s\u1ed1 t\u1ed1t nghi\u1ec7p Cao \u0111\u1eb3ng Ph\u1eadt h\u1ecdc.\u00a0<em>\u0110\u1ea1o Ph\u1eadt l\u1ea5y tr\u00ed tu\u1ec7 l\u00e0m s\u1ef1 nghi\u1ec7p (duy tu\u1ec7 th\u1ecb nghi\u1ec7p) \u0111\u1ec3 tu c\u1ea7u gi\u00e1c ng\u1ed9.\u00a0Ngo\u1ea1i tr\u1eeb nh\u1eefng tr\u01b0\u1eddng h\u1ee3p bi\u1ec7t l\u1ec7 \u201cv\u00f4 s\u01b0 t\u1ef1 ng\u1ed9\u201d hi\u1ebfm hoi th\u00ec qu\u00e1 tr\u00ecnh h\u1ecdc h\u1ecfi (v\u0103n), suy t\u01b0 (t\u01b0) \u0111\u1ec3 h\u00e0nh \u0111\u1ea1o (tu) v\u1eabn l\u00e0 m\u1ed9t ti\u1ebfn tr\u00ecnh ph\u1ed5 bi\u1ebfn trong sinh ho\u1ea1t Ph\u1eadt gi\u00e1o t\u1eeb x\u01b0a \u0111\u1ebfn nay. B\u1edfi v\u1eady, ph\u1ee7 nh\u1eadn vai tr\u00f2 quan tr\u1ecdng c\u1ee7a tri th\u1ee9c v\u00e0 gi\u00e1o d\u1ee5c l\u00e0 ho\u00e0n to\u00e0n kh\u00f4ng kh\u1ebf h\u1ee3p v\u1edbi tinh th\u1ea7n T\u1eeb Bi, Tr\u00ed Tu\u1ec7 c\u0103n b\u1ea3n c\u1ee7a Ph\u1eadt gi\u00e1o.<\/em><\/span><\/div>\n","protected":false},"excerpt":{"rendered":"<p>Tr\u00ed tu\u1ec7 trong \u0111\u1ea1o Ph\u1eadt. Kh\u00e1i ni\u1ec7m tr\u00ed tu\u1ec7 l\u00e0 g\u00ec v\u00e0 vai tr\u00f2 c\u1ee7a tr\u00ed tu\u1ec7 trong \u0111\u1ea1o Ph\u1eadt nh\u01b0 th\u1ebf n\u00e0o l\u00e0 m\u1ed9t \u2026 <a class=\"continue-reading-link\" href=\"https:\/\/www.pagodethienminh.fr\/?page_id=685\">Continue \u00e0 lire <span class=\"meta-nav\">&rarr; <\/span><\/a><\/p>\n","protected":false},"author":1,"featured_media":0,"parent":1599,"menu_order":14,"comment_status":"closed","ping_status":"closed","template":"template-onecolumn.php","meta":{"_mc_calendar":[],"footnotes":""},"class_list":["post-685","page","type-page","status-publish","hentry"],"_links":{"self":[{"href":"https:\/\/www.pagodethienminh.fr\/index.php?rest_route=\/wp\/v2\/pages\/685","targetHints":{"allow":["GET"]}}],"collection":[{"href":"https:\/\/www.pagodethienminh.fr\/index.php?rest_route=\/wp\/v2\/pages"}],"about":[{"href":"https:\/\/www.pagodethienminh.fr\/index.php?rest_route=\/wp\/v2\/types\/page"}],"author":[{"embeddable":true,"href":"https:\/\/www.pagodethienminh.fr\/index.php?rest_route=\/wp\/v2\/users\/1"}],"replies":[{"embeddable":true,"href":"https:\/\/www.pagodethienminh.fr\/index.php?rest_route=%2Fwp%2Fv2%2Fcomments&post=685"}],"version-history":[{"count":5,"href":"https:\/\/www.pagodethienminh.fr\/index.php?rest_route=\/wp\/v2\/pages\/685\/revisions"}],"predecessor-version":[{"id":3393,"href":"https:\/\/www.pagodethienminh.fr\/index.php?rest_route=\/wp\/v2\/pages\/685\/revisions\/3393"}],"up":[{"embeddable":true,"href":"https:\/\/www.pagodethienminh.fr\/index.php?rest_route=\/wp\/v2\/pages\/1599"}],"wp:attachment":[{"href":"https:\/\/www.pagodethienminh.fr\/index.php?rest_route=%2Fwp%2Fv2%2Fmedia&parent=685"}],"curies":[{"name":"wp","href":"https:\/\/api.w.org\/{rel}","templated":true}]}}