{"id":6788,"date":"2021-03-26T11:05:16","date_gmt":"2021-03-26T11:05:16","guid":{"rendered":"http:\/\/www.pagodethienminh.fr\/?page_id=6788"},"modified":"2024-07-01T15:45:32","modified_gmt":"2024-07-01T15:45:32","slug":"themes-enseignes-dans-les-sessions-et-les-rencontres","status":"publish","type":"page","link":"https:\/\/www.pagodethienminh.fr\/?page_id=6788","title":{"rendered":"Th\u00e8mes"},"content":{"rendered":"\r\n<p>&nbsp;<\/p>\r\n\r\n\r\n\r\n<ol class=\"wp-block-list\" start=\"0\">\r\n<li><strong><span class=\"has-inline-color has-vivid-cyan-blue-color\">Voici les th\u00e8mes enseign\u00e9s dans les sessions et les rencontres<\/span><\/strong><\/li>\r\n<li>Les Septs facteurs d&#8217;Eveil (Des 37 \u00e9l\u00e9ments de l&#8217;Eveil)<\/li>\r\n<li>Le Karma<\/li>\r\n<li>Les quatre Nobles V\u00e9rit\u00e9s<\/li>\r\n<li>Les dix entrainements de l&#8217;Attention<\/li>\r\n<li>La g\u00e9n\u00e9rosit\u00e9<\/li>\r\n<li>La patience<\/li>\r\n<li>Introduction aux Trente Sept \u00e9l\u00e9ments de l&#8217;Eveil<\/li>\r\n<li>Les Cinq Facult\u00e9s (Les 37 \u00e9l\u00e9ments de l&#8217;Eveil)<\/li>\r\n<li>Les quatre formes de pers\u00e9v\u00e9rance (Les 37 \u00e9l\u00e9ments de l&#8217;Eveil)<\/li>\r\n<li>La m\u00e9ditation<\/li>\r\n<li>Les 10 formes d&#8217;accumulation des m\u00e9rites<\/li>\r\n<li>Comment all\u00e9ger les souffrances<\/li>\r\n<li>Comment prendre conscience des actes n\u00e9fastes pour arr\u00eater leurs fruits ? Est-il possible de savoir quand leurs fruits sont-ils consomm\u00e9s compl\u00e8tement<\/li>\r\n<li>La d\u00e9g\u00e9n\u00e9rescence du Dharma<\/li>\r\n<li>Les trois sceaux du bouddhisme<\/li>\r\n<li>Introduction \u00e0 la noble octuple voie (Les 37 \u00e9l\u00e9ments de l&#8217;Eveil)<\/li>\r\n<li>Les quatre formes de pratique au quotidien<\/li>\r\n<li>Les trois portes de lib\u00e9ration<\/li>\r\n<li>Transformer le karma<\/li>\r\n<li>Les cinq formes de peur<\/li>\r\n<li>Les Six actions d&#8217;harmonie<\/li>\r\n<li>Les quatre moyens de connexion \u00e0 la voie du Bodhisattva<\/li>\r\n<li>Les Quatre Vertus incommensurables<\/li>\r\n<li>Les Six v\u00e9hicules de la voie du Bodhisattva<\/li>\r\n<li>Les moyens pour \u00e9radiquer la souffrance<\/li>\r\n<li>Le d\u00e9sir \u00e9go\u00efste<\/li>\r\n<li>La col\u00e8re<\/li>\r\n<li>L&#8217;ignorance<\/li>\r\n<li>La mort dans le bouddhisme<\/li>\r\n<li>La loi de l&#8217;impermanence<\/li>\r\n<li>Les douze \u00e9tats interd\u00e9pendants<\/li>\r\n<li>La voie vers le bonheur<\/li>\r\n<li>La conduite \u00e9thique<\/li>\r\n<li>Bouddhisme et \u00e9motions<\/li>\r\n<li>La gestion du stress<\/li>\r\n<li>Comment d\u00e9velopper la Bodhicitta ?<\/li>\r\n<li>L&#8217;esprit d&#8217;\u00e9quanimit\u00e9<\/li>\r\n<li>Les questions pratiques du bouddhisme<\/li>\r\n<li>La &#8220;pendule&#8221; de l&#8217;esprit<\/li>\r\n<li>La souffrance<\/li>\r\n<li>La cause de la souffrance<\/li>\r\n<li>La fin de la souffrance : le Nirvana<\/li>\r\n<li>Le chemin de la cessation de la souffrance<\/li>\r\n<li>Comment d\u00e9velopper le Bonheur int\u00e9rieur ?<\/li>\r\n<li>Comment all\u00e9ger la souffrance mentale ?<\/li>\r\n<li>Mourrir et rena\u00eetre<\/li>\r\n<li>Vivre heureux, sur les traces du bonheur<\/li>\r\n<li>Vivre dans la V\u00e9rit\u00e9 ultime<\/li>\r\n<li>Le Karma au moment de la mort<\/li>\r\n<li>L&#8217;application des V\u00e9rit\u00e9s<\/li>\r\n<li>Que dit le bouddhisme sur la Peur ?<\/li>\r\n<li>La compassion, terre de la Sagesse<\/li>\r\n<li>La prise de refuge<\/li>\r\n<li>Les dix domaines du Dharma ou les dix \u00e9tats d&#8217;existence<\/li>\r\n<li>La pratique du corps et l&#8217;entrainement de l&#8217;esprit<\/li>\r\n<li>Le parfum du Karma individuel et du\u00a0Karma collectif<\/li>\r\n<li>Le terme de\u00a0v\u00e9hicule dans le bouddhisme<\/li>\r\n<li>La signification du mantra OM MANI PADME HUNG<\/li>\r\n<li>Les 7 mani\u00e8res d\u2019\u00e9radiquer les perturbations<\/li>\r\n<li>Les Cinq\u00a0visions erron\u00e9es<\/li>\r\n<li>Les dix actions b\u00e9n\u00e9fiques<\/li>\r\n<li>Les dix \u00e9l\u00e9ments de perturbation<\/li>\r\n<li>Les protections mondaines et spirituelles\u00a0<\/li>\r\n<li>Les Quatre Voies pour construire le Bonheur\u00a0<\/li>\r\n<li>La g\u00e9n\u00e9rosit\u00e9, don et offrande, est-ce indispensable dans la pratique?\u00a0<\/li>\r\n<li>Bouddhisme, voie de l\u2019auto-r\u00e9alisation de l\u2019Eveil<\/li>\r\n<li>Les quatre Grands Souhaits des Bodhisattvas<\/li>\r\n<li>Bouddhisme\u00a0et\u00a0quotidien<\/li>\r\n<li>Vivre dans l\u2019impermanence\u00a0<\/li>\r\n<li>Avancer vers la voie\u00a0\u2013 Le temple et les repr\u00e9sentations\u00a0du Mahayana<\/li>\r\n<li>Comment am\u00e9liorer son quotidien ?<\/li>\r\n<li>Le respect du sacr\u00e9 et le Corps des Sutras<\/li>\r\n<li>Les Huit Etats d\u2019Eveil des Bodhisattvas \u2013 7e \u00e9tat d\u2019Eveil,\u00a0Discipline<\/li>\r\n<li>Les Huit Etats d\u2019Eveil des Bodhisattvas \u2013 6e \u00e9tat d\u2019Eveil, pauvret\u00e9 et g\u00e9n\u00e9rosit\u00e9<\/li>\r\n<li>Les Huit Etats d\u2019Eveil des Bodhisattvas \u2013 5e \u00e9tat d\u2019Eveil, l\u2019ignorance et la Sagesse<\/li>\r\n<li>Les Huit Etats d\u2019Eveil des Bodhisattvas \u2013 4e \u00e9tat d\u2019Eveil, la\u00a0paresse et la pers\u00e9v\u00e9rance<\/li>\r\n<li>Les Huit Etats d\u2019Eveil des Bodhisattvas \u2013 Le 3e \u00e9tat d\u2019Eveil, le d\u00e9sir et la satisfaction<\/li>\r\n<li>La vision sur la r\u00e9alit\u00e9 du Dharma vers les Huit Etats d\u2019Eveil des Bodhisattvas<\/li>\r\n<li>Le Bouddhisme, chemin de lib\u00e9ration de la souffrance<\/li>\r\n<li>Le chemin de la discipline est le tr\u00e9sor du bouddhisme<\/li>\r\n<li>La confiance, la croyance et la Croyance \u201cJuste\u201d<\/li>\r\n<li>La condition humaine, le bonheur dans l\u2019action et dans la m\u00e9ditation\u00a0<\/li>\r\n<li>Conditions, m\u00e9rites et d\u00e9dicaces<\/li>\r\n<li>Comment faire face aux \u201cagressions\u201d venant de l\u2019environnement ?<\/li>\r\n<li>La discipline : coeur de la pratique<\/li>\r\n<li>Comment g\u00e9rer et gu\u00e9rir les conflits ?<\/li>\r\n<li>Comment le Dharma peut-t-il changer la \u201cvue\u201d des \u00eatres sur les \u00e9tats du monde\u00a0?<\/li>\r\n<li>Quelles sont les \u201cmenottes\u201d de l\u2019existence ?<\/li>\r\n<li>Le besoin est-il un \u00e9tat propre \u00e0 cette vie ?<\/li>\r\n<li>Les trois niveau du karma<\/li>\r\n<li>Comment pr\u00e9parer la mort et la prochaine renaissance ?<\/li>\r\n<li>Vivre heureux et partir en paix<\/li>\r\n<li>Etre responsable de la souffrance<\/li>\r\n<li>l\u2019Ego, ennemi de l\u2019Eveil<\/li>\r\n<li>La vacuit\u00e9<\/li>\r\n<li>Quelles sont les clefs du bonheur ?<\/li>\r\n<li>Les 4 m\u00e9thodes d\u2019actions b\u00e9n\u00e9fiques pour soi et pour les autres<\/li>\r\n<li>Quelles qualit\u00e9s doit-on nourrir pour \u00eatre sur la voie de la pratique ?<\/li>\r\n<li>Le temple, refuge de la pratique<\/li>\r\n<li>Loi du Karma<\/li>\r\n<li>Le devoir d&#8217;\u00eatre humain<\/li>\r\n<li>La parole sous diff\u00e9rentes formes<\/li>\r\n<li>Les \u00e9motions difficiles (16\/07\/21)<\/li>\r\n<li>Estime de soi, confiance en soi et \u00e9valuation (11\/07\/21)<\/li>\r\n<li>Semer et entretenir les graines de la gu\u00e9rison (17\/07\/21)<\/li>\r\n<li>La mort et la renaissance : accompagnement (31\/07\/21)<\/li>\r\n<\/ol>\r\n\r\n\r\n\r\n<p>&nbsp;<\/p>\r\n","protected":false},"excerpt":{"rendered":"<p>&nbsp; Voici les th\u00e8mes enseign\u00e9s dans les sessions et les rencontres Les Septs facteurs d&#8217;Eveil (Des 37 \u00e9l\u00e9ments de l&#8217;Eveil) Le Karma Les quatre Nobles \u2026 <a class=\"continue-reading-link\" href=\"https:\/\/www.pagodethienminh.fr\/?page_id=6788\">Continue \u00e0 lire <span class=\"meta-nav\">&rarr; <\/span><\/a><\/p>\n","protected":false},"author":1,"featured_media":0,"parent":7232,"menu_order":0,"comment_status":"closed","ping_status":"closed","template":"templates\/template-onecolumn.php","meta":{"_mc_calendar":[],"footnotes":""},"class_list":["post-6788","page","type-page","status-publish","hentry"],"_links":{"self":[{"href":"https:\/\/www.pagodethienminh.fr\/index.php?rest_route=\/wp\/v2\/pages\/6788","targetHints":{"allow":["GET"]}}],"collection":[{"href":"https:\/\/www.pagodethienminh.fr\/index.php?rest_route=\/wp\/v2\/pages"}],"about":[{"href":"https:\/\/www.pagodethienminh.fr\/index.php?rest_route=\/wp\/v2\/types\/page"}],"author":[{"embeddable":true,"href":"https:\/\/www.pagodethienminh.fr\/index.php?rest_route=\/wp\/v2\/users\/1"}],"replies":[{"embeddable":true,"href":"https:\/\/www.pagodethienminh.fr\/index.php?rest_route=%2Fwp%2Fv2%2Fcomments&post=6788"}],"version-history":[{"count":9,"href":"https:\/\/www.pagodethienminh.fr\/index.php?rest_route=\/wp\/v2\/pages\/6788\/revisions"}],"predecessor-version":[{"id":6828,"href":"https:\/\/www.pagodethienminh.fr\/index.php?rest_route=\/wp\/v2\/pages\/6788\/revisions\/6828"}],"up":[{"embeddable":true,"href":"https:\/\/www.pagodethienminh.fr\/index.php?rest_route=\/wp\/v2\/pages\/7232"}],"wp:attachment":[{"href":"https:\/\/www.pagodethienminh.fr\/index.php?rest_route=%2Fwp%2Fv2%2Fmedia&parent=6788"}],"curies":[{"name":"wp","href":"https:\/\/api.w.org\/{rel}","templated":true}]}}