{"id":6784,"date":"2021-03-21T19:09:05","date_gmt":"2021-03-21T19:09:05","guid":{"rendered":"http:\/\/www.pagodethienminh.fr\/?page_id=6784"},"modified":"2021-03-21T19:10:46","modified_gmt":"2021-03-21T19:10:46","slug":"10-entrainements-de-lattention","status":"publish","type":"page","link":"https:\/\/www.pagodethienminh.fr\/?page_id=6784","title":{"rendered":"10 ENTRA\u00ceNEMENTS DE L\u2019ATTENTION"},"content":{"rendered":"\n<p><strong>1<\/strong><strong><sup>er<\/sup><\/strong><strong> entra\u00eenement de l\u2019attention :<\/strong> Le premier <strong>entra\u00eenement de l\u2019attention<\/strong> enseigne que : \u00ab <strong><em>En pensant au corps, ne souhaitez pas pour qu\u2019il puisse ne pas souffrir de la maladie, car sans cette souffrance, les conditions du d\u00e9sir se d\u00e9veloppent. Et donc prenez la souffrance de la maladie comme un rem\u00e8de pour vous gu\u00e9rir <\/em><\/strong>\u00bb. <strong><em><\/em><\/strong><\/p>\n\n\n\n<p><strong>2<\/strong><strong><sup>\u00e8me<\/sup><\/strong><strong> entra\u00eenement de l\u2019attention<\/strong> : Le deuxi\u00e8me <strong>entra\u00eenement de l\u2019attention<\/strong> enseigne que : \u00ab <strong><em>Dans votre vie, ne souhaitez qu\u2019aucun obstacle ne survienne, car vivre sans obstacle facilite le d\u00e9veloppement de l&#8217;orgueil et de la non \u00e9volution vers l\u2019\u00e9veil. Prenez les obstacles comme support de pratique<\/em><\/strong> \u00bb.<\/p>\n\n\n\n<p><strong>3\u00e8me entra\u00eenement de l\u2019attention<\/strong> : Le troisi\u00e8me <strong>entra\u00eenement de l\u2019attention <\/strong>enseigne que : \u00ab&nbsp;<strong><em>Face \u00e0 vos facilit\u00e9s intellectuelles et face \u00e0 vos acquis, vous ne pourrez \u00e9largir l\u2019\u00e9tude et l\u2019approfondissement des ph\u00e9nom\u00e8nes pour en comprendre, de mani\u00e8re juste, leur sens. Donc interrogez-vous sur la science des r\u00e9sultats pour en d\u00e9velopper l\u2019exp\u00e9rience de leur sagesse <\/em><\/strong>\u00bb.<\/p>\n\n\n\n<p><strong>4<\/strong><strong><sup>\u00e8me<\/sup><\/strong><strong> entra\u00eenement de l\u2019attention <\/strong>: Le quatri\u00e8me <strong>entra\u00eenement de l\u2019attention<\/strong> enseigne que : \u00ab <strong><em>Sur le chemin de la pratique, ne souhaitez pas rencontrer des situations mal intentionn\u00e9es, car si votre chemin vit sans encombre et sans bouleversement, alors l\u2019\u00e9nergie de votre pers\u00e9v\u00e9rance ne pourrait se manifester et ni se r\u00e9aliser. Donc prenez les \u00e9pines du chemin pour en faire vos alli\u00e9es <\/em><\/strong>\u00bb.<\/p>\n\n\n\n<p><strong>5<\/strong><strong><sup>\u00e8me<\/sup><\/strong><strong> entra\u00eenement de l\u2019attention <\/strong>: Le cinqui\u00e8me <strong>entra\u00eenement de l\u2019attention<\/strong> enseigne que : \u00ab <strong><em>Ne vous souhaitez pas atteindre vos objectifs de vie sans effort et avoir des facilit\u00e9s d\u2019\u00e9volution, car ils vous entrainent \u00e0 la paresse, vous positionnent au-dessus des \u00eatres et vous rendent arrogant vis \u00e0 vis d\u2019autrui. Donc vivre \u00e0 la travers\u00e9e des difficult\u00e9s pour atteindre les objectifs, vous permet de d\u00e9velopper les efforts, de maintenir la diligence et de transformer vos d\u00e9fauts \u00e9go\u00efstes en valeurs de vie<\/em><\/strong> \u00bb.<\/p>\n\n\n\n<p><strong>6<\/strong><strong><sup>\u00e8me<\/sup><\/strong><strong> entra\u00eenement de l\u2019attention<\/strong> : Le sixi\u00e8me <strong>entra\u00eenement de l\u2019attention<\/strong> enseigne que : \u00ab <strong><em>Dans les relations avec autrui, ne vous tournez pas \u00e0 votre avantage pour un profit personnel, car en agissant ainsi vous perdrez votre vertu et votre sagesse. Donc prenez l\u2019ouverture comme l\u2019essence du d\u00e9veloppement de qualit\u00e9s <\/em><\/strong>\u00bb.<\/p>\n\n\n\n<p><strong>7<\/strong><strong><sup>\u00e8me<\/sup><\/strong><strong> entra\u00eenement de l\u2019attention : <\/strong>Le septi\u00e8me <strong>entra\u00eenement de l\u2019attention<\/strong> enseigne que : \u00ab <strong><em>Ne souhaitez pas que les \u00eatres suivent vos propres id\u00e9es, car s\u2019ils suivent vos propres id\u00e9es, votre renomm\u00e9e et votre fiert\u00e9 seront les rochers bloquant votre pratique. Donc prenez le dissident comme rem\u00e8de de l\u2019harmonie <\/em><\/strong>\u00bb.<\/p>\n\n\n\n<p><strong>8<\/strong><strong><sup>\u00e8me<\/sup><\/strong><strong> entra\u00eenement de l\u2019attention <\/strong>: Le huiti\u00e8me <strong>entra\u00eenement de l\u2019attention<\/strong> enseigne que : \u00ab <strong><em>En accordant une faveur ou une reconnaissance \u00e0 autrui par g\u00e9n\u00e9rosit\u00e9, n\u2019attendez pas \u00e0 ce que vous soyez r\u00e9compens\u00e9s, car dans cette attente, vous d\u00e9velopperez un esprit calculateur conduisant \u00e0 l\u2019avidit\u00e9. Consid\u00e9rez ce retour de r\u00e9compense comme une vieille pantoufle \u00e0 jeter<\/em><\/strong> \u00bb.<\/p>\n\n\n\n<p><strong>9<\/strong><strong><sup>\u00e8me<\/sup><\/strong><strong> entra\u00eenement de l\u2019attention<\/strong> : Le neuvi\u00e8me <strong>entra\u00eenement de l\u2019attention<\/strong> enseigne que : \u00ab <strong><em>En voyant des int\u00e9r\u00eats personnels, n\u2019en soyez pas envieux, car en \u00eatre d\u00e9sireux ouvrira les portes de l\u2019ignorance. Donc prenez le l\u00e2cher-prise comme l\u2019impermanence de la vie<\/em><\/strong> \u00bb.<\/p>\n\n\n\n<p><strong>10<\/strong><strong><sup>\u00e8me<\/sup><\/strong><strong> entra\u00eenement de l\u2019attention<\/strong> : Le dixi\u00e8me <strong>entra\u00eenement de l\u2019attention<\/strong> enseigne que : \u00ab <strong><em>Le sentiment d\u2019injustice n\u2019a pas besoin d&#8217;\u00eatre expos\u00e9, car s\u2019il est expos\u00e9, alors la racine de l&#8217;ego sera encore arros\u00e9e. Donc prenez la conscience comme la porte d&#8217;entr\u00e9e vers la voie de l\u2019acceptation <\/em><\/strong>\u00bb.<\/p>\n","protected":false},"excerpt":{"rendered":"<p>1er entra\u00eenement de l\u2019attention : Le premier entra\u00eenement de l\u2019attention enseigne que : \u00ab En pensant au corps, ne souhaitez pas pour qu\u2019il puisse ne \u2026 <a class=\"continue-reading-link\" href=\"https:\/\/www.pagodethienminh.fr\/?page_id=6784\">Continue \u00e0 lire <span class=\"meta-nav\">&rarr; <\/span><\/a><\/p>\n","protected":false},"author":1,"featured_media":0,"parent":6395,"menu_order":0,"comment_status":"closed","ping_status":"closed","template":"templates\/template-onecolumn.php","meta":{"_mc_calendar":[],"footnotes":""},"class_list":["post-6784","page","type-page","status-publish","hentry"],"_links":{"self":[{"href":"https:\/\/www.pagodethienminh.fr\/index.php?rest_route=\/wp\/v2\/pages\/6784","targetHints":{"allow":["GET"]}}],"collection":[{"href":"https:\/\/www.pagodethienminh.fr\/index.php?rest_route=\/wp\/v2\/pages"}],"about":[{"href":"https:\/\/www.pagodethienminh.fr\/index.php?rest_route=\/wp\/v2\/types\/page"}],"author":[{"embeddable":true,"href":"https:\/\/www.pagodethienminh.fr\/index.php?rest_route=\/wp\/v2\/users\/1"}],"replies":[{"embeddable":true,"href":"https:\/\/www.pagodethienminh.fr\/index.php?rest_route=%2Fwp%2Fv2%2Fcomments&post=6784"}],"version-history":[{"count":1,"href":"https:\/\/www.pagodethienminh.fr\/index.php?rest_route=\/wp\/v2\/pages\/6784\/revisions"}],"predecessor-version":[{"id":6786,"href":"https:\/\/www.pagodethienminh.fr\/index.php?rest_route=\/wp\/v2\/pages\/6784\/revisions\/6786"}],"up":[{"embeddable":true,"href":"https:\/\/www.pagodethienminh.fr\/index.php?rest_route=\/wp\/v2\/pages\/6395"}],"wp:attachment":[{"href":"https:\/\/www.pagodethienminh.fr\/index.php?rest_route=%2Fwp%2Fv2%2Fmedia&parent=6784"}],"curies":[{"name":"wp","href":"https:\/\/api.w.org\/{rel}","templated":true}]}}