{"id":6778,"date":"2021-03-12T22:25:42","date_gmt":"2021-03-12T22:25:42","guid":{"rendered":"http:\/\/www.pagodethienminh.fr\/?page_id=6778"},"modified":"2024-07-01T15:41:19","modified_gmt":"2024-07-01T15:41:19","slug":"mantras","status":"publish","type":"page","link":"https:\/\/www.pagodethienminh.fr\/?page_id=6778","title":{"rendered":"Mantras"},"content":{"rendered":"\n<h1 class=\"wp-block-heading\">Th\u1ea7n Ch\u00fa V\u00e3ng Sanh &#8211; Mantra de Renaissance sur la Terre Pure<\/h1>\n\n\n\n<p>Nam-m\u00f4 a di \u0111a b\u00e0 d\u1ea1<br>\u00d0a tha d\u00e0 \u0111a d\u1ea1<br>\u00d0a \u0111\u1ecba d\u1ea1 tha.<br>A di r\u1ecb \u0111\u00f4 b\u00e0 t\u1ef3<br>A di r\u1ecb \u0111a t\u1ea5t \u0111am b\u00e0 t\u1ef3<br>A di r\u1ecb \u0111a t\u00ec ca lan \u0111\u1ebf<br>A di r\u1ecb \u0111a, t\u00ec ca lan \u0111a<br>D\u00e0 di n\u1ecb d\u00e0 d\u00e0 na<br>Ch\u1ec9 \u0111a ca l\u1ec7 ta b\u00e0 ha.<\/p>\n\n\n\n<p><\/p>\n\n\n\n<h2 class=\"wp-block-heading\">\u00dd ngh\u0129a c\u1ee7a Ch\u00fa V\u00e3ng Sanh<\/h2>\n\n\n\n<p>V\u00e3ng sanh quy\u1ebft \u0111\u1ecbnh ch\u01a1n ng\u00f4n hay V\u00e3ng sanh T\u1ecbnh \u0111\u1ed9 th\u1ea7n ch\u00fa l\u00e0 m\u1eadt ng\u00f4n \u0111\u01b0\u1ee3c tr\u00ec ni\u1ec7m ph\u1ed5 bi\u1ebfn trong c\u00e1c kh\u00f3a l\u1ec5 T\u1ecbnh \u0111\u1ed9, c\u1ea7u si\u00eau. Th\u1ea7n ch\u00fa n\u00e0y c\u00f3 t\u00ean \u0111\u1ea7y \u0111\u1ee7 l\u00e0 B\u1ea1t nh\u1ea5t thi\u1ebft nghi\u1ec7p ch\u01b0\u1edbng c\u0103n b\u1ea3n \u0111\u1eafc sanh T\u1ecbnh \u0111\u1ed9 \u0110\u00e0 la ni. C\u1ee9 v\u00e0o t\u00ean c\u1ee7a \u0110\u00e0 la ni (T\u1ed5ng tr\u00ec, th\u00e2u nhi\u1ebfp v\u1ea1n ph\u00e1p, t\u1ea1m g\u1ecdi l\u00e0 ch\u01a1n ng\u00f4n ho\u1eb7c th\u1ea7n ch\u00fa) cho bi\u1ebft th\u1ea7n ch\u00fa n\u00e0y c\u00f3 c\u00f4ng n\u0103ng ph\u00e1 tr\u1eeb t\u1ea5t c\u1ea3 nghi\u1ec7p ch\u01b0\u1edbng c\u0103n b\u1ea3n, \u0111\u1ec3 \u0111\u01b0\u1ee3c v\u00e3ng sanh v\u1ec1 C\u1ef1c l\u1ea1c.<\/p>\n\n\n\n<p>Theo kinh Ni\u1ec7m Ph\u1eadt Ba la m\u1eadt, ph\u1ea9m th\u1ee9 7 (HT.Th\u00edch Thi\u1ec1n T\u00e2m d\u1ecbch), B\u1ed3 t\u00e1t Ph\u1ed5 Hi\u1ec1n v\u00ec th\u01b0\u01a1ng x\u00f3t ch\u00fang sanh th\u1eddi m\u1ea1t ph\u00e1p n\u00ean n\u00f3i \u0110\u00e0 la ni n\u00e0y \u0111\u1ec3 tr\u1ee3 duy\u00ean \u0111\u01b0\u1ee3c mau v\u00e3ng sanh v\u1ec1 T\u1ecbnh \u0111\u1ed9: \u201cL\u00fac b\u1ea5y gi\u1edd, Ng\u00e0i Ph\u1ed5 Hi\u1ec1n \u0110\u1ea1i B\u1ed3 t\u00e1t b\u1ea1ch Ph\u1eadt r\u1eb1ng: Th\u01b0a Th\u1ebf T\u00f4n! Con nay v\u00ec th\u01b0\u01a1ng t\u01b0\u1edfng ch\u00fang sanh n\u01a1i th\u1eddi m\u1ea1t ph\u00e1p, khi \u1ea5y ki\u1ebfp gi\u1ea3m th\u1ecd m\u1ea1ng ng\u1eafn ng\u1ee7i, ph\u01b0\u1edbc \u0111\u1ee9c k\u00e9m thi\u1ebfu, lo\u1ea1n tr\u01b0\u1ee3c t\u0103ng nhi\u1ec1u, k\u1ebb ch\u00e2n th\u1eadt tu h\u00e0nh r\u1ea5t \u00edt. Con s\u1ebd ban cho ng\u01b0\u1eddi ni\u1ec7m Ph\u1eadt th\u1ea7n ch\u00fa \u0110\u00e0 la ni n\u00e0y \u0111\u1ec3 th\u1ee7 h\u1ed9 th\u00e2n t\u00e2m, nh\u1ed5 t\u1eadn g\u1ed1c r\u1ec5 nghi\u1ec7p ch\u01b0\u1edbng, tr\u1eeb s\u1ea1ch phi\u1ec1n n\u00e3o, \u0111\u01b0\u1ee3c mau ch\u00f3ng sanh v\u1ec1 C\u1ef1c l\u1ea1c, g\u1ecdi l\u00e0 B\u1ea1t nh\u1ea5t thi\u1ebft nghi\u1ec7p ch\u01b0\u1edbng c\u0103n b\u1ea3n \u0111\u1eafc sanh T\u1ecbnh \u0111\u1ed9 \u0110\u00e0 la ni. Li\u1ec1n n\u00f3i ch\u00fa r\u1eb1ng: Nam m\u00f4 a di \u0111a b\u00e0 d\u1ea1, \u0111a tha gi\u00e0 \u0111a d\u1ea1, \u0111a \u0111i\u1ec7t d\u1ea1 tha, a di r\u1ecb \u0111\u00f4 b\u00e0 t\u1ef3, a di r\u1ecb \u0111a t\u1ea5t \u0111am b\u00e0 t\u1ef3, a di r\u1ecb \u0111a t\u1ef3 ca lan \u0111\u1ebf, a di r\u1ecb \u0111a t\u1ef3 ca lan \u0111a, gi\u00e0 di n\u1ecb, gi\u00e0 gi\u00e0 na, ch\u1ec9 \u0111a ca l\u1ec7, ta b\u00e0 ha.<\/p>\n\n\n\n<p>Ng\u01b0\u1eddi ni\u1ec7m Ph\u1eadt ph\u1ea3i gi\u1eef gi\u1edbi, \u0103n chay, th\u00e2n kh\u1ea9u \u00fd \u0111\u1ec1u ph\u1ea3i thanh t\u1ecbnh. Ng\u00e0y \u0111\u00eam s\u00e1u th\u1eddi, m\u1ed7i th\u1eddi t\u1ee5ng 21 bi\u1ebfn. Nh\u01b0 v\u1eady, di\u1ec7t \u0111\u01b0\u1ee3c c\u00e1c t\u1ed9i t\u1ee9 tr\u1ecdng, ng\u0169 ngh\u1ecbch, th\u1eadp \u00e1c v\u00e0 h\u1ee7y b\u00e1ng Ch\u00e1nh ph\u00e1p. Th\u01b0\u1eddng \u0111\u01b0\u1ee3c Ph\u1eadt A Di \u0110\u00e0 hi\u1ec7n tr\u00ean \u0111\u1ec9nh \u0111\u1ea7u. Hi\u1ec7n \u0111\u1eddi an \u1ed5n, ph\u01b0\u1edbc l\u1ea1c. Khi tr\u00fat h\u01a1i th\u1edf cu\u1ed1i c\u00f9ng \u0111\u01b0\u1ee3c t\u00f9y nguy\u1ec7n v\u00e3ng sanh. Tr\u00ec t\u1ee5ng \u0111\u1ebfn ba ch\u1ee5c ng\u00e0n bi\u1ebfn li\u1ec1n th\u1ea5y Ph\u1eadt ngay tr\u01b0\u1edbc m\u1eb7t\u201d.<\/p>\n\n\n\n<p>X\u01b0a nay, ph\u1ea7n l\u1edbn nh\u1eefng h\u00e0nh gi\u1ea3 tu t\u1eadp ph\u00e1p m\u00f4n T\u1ecbnh \u0111\u1ed9 th\u01b0\u1eddng tr\u00ec ni\u1ec7m th\u1ea7n ch\u00fa V\u00e3ng sanh theo phi\u00ean \u00e2m ti\u1ebfng H\u00e1n. Ch\u00fang ta c\u00f3 th\u1ec3 tr\u00ec ni\u1ec7m theo nguy\u00ean v\u0103n ti\u1ebfng Ph\u1ea1n (\u0111\u00e3 phi\u00ean \u00e2m) v\u00e0 t\u00ecm hi\u1ec3u \u0111\u00f4i ch\u00fat v\u1ec1 \u201c\u00fd ngh\u0129a\u201d c\u1ee7a th\u1ea7n ch\u00fa n\u00e0y.<\/p>\n\n\n\n<p>\u2013 Namo Amit\u00e0bh\u00e0ya<br>(Na-m\u00f4 A-mi-ta-pha-gia)<br>Nam m\u00f4 A di \u0111a b\u00e0 d\u1ea1<br>Quy m\u1ea1ng V\u00f4 L\u01b0\u1ee3ng Quang (A Di \u0110\u00e0)<br>\u2013 Tath\u00e0gat\u00e0ya<br>(Ta-tha-ga-ta-gia)<br>\u0110a tha gi\u00e0 \u0111a d\u1ea1<br>Nh\u01b0 Lai<br>\u2013 Tadyath\u00e0<br>(Ta-di-gia-tha)<br>\u0110a \u0111i\u1ec7t d\u1ea1 tha<br>N\u00ean n\u00f3i th\u1ea7n ch\u00fa<br>\u2013 Amrto dbhave<br>(A-m\u1edd-r\u1eadt-t\u00f4 \u0111\u1edd-pha-v\u00ea)<br>A di r\u1ecb \u0111\u00f4 b\u00e0 t\u1ef3<br>Cam l\u1ed9 hi\u1ec7n l\u00ean<br>\u2013 Amrta sambhave<br>(A-m\u1edd-r\u1eadt-ta sam-pha-v\u00ea)<br>A di r\u1ecb \u0111a t\u1ea5t \u0111am b\u00e0 t\u1ef3<br>Cam l\u1ed9 ph\u00e1t sinh<br>\u2013 Amrta vikr\u00e0nte<br>(A-m\u1edd-r\u1eadt-ta vi-k\u1edd-r\u0103m-t\u00ea)<br>A di r\u1ecb \u0111a t\u1ef3 ca lan \u0111\u1ebf<br>Cam l\u1ed9 d\u0169ng m\u00e3nh<br>\u2013 Amrta vikr\u00e0nta gamini<br>(A-m\u1edd-r\u1eadt-ta vi-k\u1edd-r\u0103m-ta ga-mi-ni)<br>A di r\u1ecb \u0111a t\u1ef3 ca lan \u0111a gi\u00e0 di n\u1ecb<br>\u0110\u1ea1t \u0111\u1ebfn Cam l\u1ed9 d\u0169ng m\u00e3nh<br>\u2013 Gagana k\u00ecrtti kare<br>(Ga-ga-na k\u00edt-ti ka-r\u00ea)<br>Gi\u00e0 gi\u00e0 na, ch\u1ec9 \u0111a ca l\u1ec7<br>R\u1ea3i \u0111\u1ea7y h\u01b0 kh\u00f4ng<br>\u2013 Sv\u00e0h\u00e0<br>(S\u1edd-va-ha)<br>Ta b\u00e0 ha<br>Th\u00e0nh t\u1ef1u c\u00e1t t\u01b0\u1eddng.<\/p>\n\n\n\n<p>Nh\u01b0 v\u1eady, B\u1ed3 t\u00e1t Ph\u1ed5 Hi\u1ec1n trong ph\u00e1p h\u1ed9i t\u1ea1i Linh S\u01a1n \u0111\u00e3 v\u00ec ch\u00fang sanh \u0111\u1eddi m\u1ea1t ph\u00e1p v\u1ec1 sau m\u00e0 xin ph\u00e9p Th\u1ebf T\u00f4n tuy\u00ean thuy\u1ebft th\u1ea7n ch\u00fa V\u00e3ng sanh. Theo l\u1eddi d\u1ea1y c\u1ee7a B\u1ed3 t\u00e1t, n\u1ebfu c\u00f3 ng\u01b0\u1eddi n\u00e0o ph\u00e1t nguy\u1ec7n sanh v\u1ec1 C\u1ef1c l\u1ea1c nh\u01b0ng v\u00ec ph\u01b0\u1edbc m\u1ecfng nghi\u1ec7p d\u00e0y, ni\u1ec7m Ph\u1eadt ch\u01b0a \u0111\u1ea1t \u0111\u1ebfn nh\u1ea5t t\u00e2m th\u00ec c\u00f3 th\u1ec3 n\u01b0\u01a1ng nh\u1edd c\u00f4ng \u0111\u1ee9c c\u1ee7a th\u1ea7n ch\u00fa V\u00e3ng sanh \u0111\u1ec3 \u0111\u01b0\u1ee3c nh\u01b0 nguy\u1ec7n. H\u00e0nh gi\u1ea3 th\u1ef1c h\u00e0nh trai gi\u1edbi, gi\u1eef ba nghi\u1ec7p: th\u00e2n, mi\u1ec7ng, \u00fd thanh t\u1ecbnh; m\u1ed7i ng\u00e0y tr\u00ec ni\u1ec7m 6 th\u1eddi, m\u1ed7i th\u1eddi 21 bi\u1ebfn th\u00ec ch\u1eafc ch\u1eafn ti\u00eau tr\u1eeb t\u1ea5t c\u1ea3 nghi\u1ec7p ch\u01b0\u1edbng, cho d\u00f9 l\u00e0 ng\u0169 ngh\u1ecbch hay th\u1eadp \u00e1c t\u1ed9i ch\u01b0\u1edbng.<\/p>\n\n\n\n<p>Th\u1ea7n ch\u00fa V\u00e3ng sanh c\u00f3 t\u1ea7m quan tr\u1ecdng nh\u01b0 th\u1ebf, n\u00ean ng\u01b0\u1eddi tu ph\u00e1p m\u00f4n T\u1ecbnh \u0111\u1ed9 lu\u00f4n tr\u00ec ni\u1ec7m nh\u1eb1m th\u00fa h\u01b0\u1edbng L\u1ea1c bang.<\/p>\n\n\n\n<p>* NAMO AMIT\u00c0BH\u00c0YA<br>Nam m\u00f4 a di \u0111a b\u00e0 d\u1ea1<br>Quy m\u1ec7nh V\u00f4 L\u01b0\u1ee3ng Quang (A Di \u0110\u00e0)<\/p>\n\n\n\n<p>* TATH\u00c0GAT\u00c0YA<br>\u0110a tha gi\u00e0 \u0111a d\u1ea1<br>Nh\u01b0 Lai<\/p>\n\n\n\n<p>* TADYATH\u00c0<br>\u0110a \u0111\u1ecba d\u1ea1 tha<br>Nh\u01b0 v\u1eady, li\u1ec1n n\u00f3i Ch\u00fa l\u00e0<\/p>\n\n\n\n<p>* AMRTODBHAVE ( AMR\u00cfTA UDBHAVE )<br>A di r\u1ecb \u0111\u00f4 b\u00e0 t\u1ef3<br>Cam L\u1ed9 hi\u1ec7n l\u00ean<\/p>\n\n\n\n<p>* AMRTA SAMBHAVE<br>A di r\u1ecb \u0111a t\u1ea5t \u0111am b\u00e0 t\u1ef3<br>Cam L\u1ed9 ph\u00e1t sinh<\/p>\n\n\n\n<p>* AMRTA VIKR\u00c0NTE<br>A di r\u1ecb \u0111a t\u1ef3 ca lan \u0111\u00e1<br>Cam L\u1ed9 d\u0169ng m\u00e3nh<\/p>\n\n\n\n<p>* AMRTA VIKR\u00c0NTA GAMINI<br>A di r\u1ecb \u0111a t\u1ef3 ca lan \u0111a gi\u00e0 di n\u1ecb<br>\u0110\u1ea1t \u0111\u1ebfn Cam L\u1ed9 D\u0169ng m\u00e3nh<\/p>\n\n\n\n<p>* GAGANA K\u00ccRTTI KARE<br>Gi\u00e0 gi\u00e0 na, ch\u1ec9 \u0111a ca l\u1ec7<br>R\u1ea3i \u0111\u1ea7y H\u01b0 Kh\u00f4ng<\/p>\n\n\n\n<p>* SV\u00c0H\u00c0<br>Ta b\u00e0 ha<br>Th\u00e0nh t\u1ef1u c\u00e1t t\u01b0\u1eddng<br>Ch\u00fa V\u00e3ng Sinh, g\u1ecdi \u0111\u1ea7y \u0111\u1ee7 l\u00e0 \u201db\u1ea1t nh\u1ee9t thi\u1ebft nghi\u1ec7p ch\u01b0\u1edbng c\u0103n b\u1ed5n \u0111\u1eafc sinh T\u1ecbnh \u0110\u1ed9 \u0110\u00e0 La Ni\u201d, \u0111\u01b0\u1ee3c l\u1ea5y t\u1eeb \u201dV\u00f4 L\u01b0\u1ee3ng Th\u1ecd Kinh\u201d (C\u1ea7u Na B\u1ea1t \u0110\u00e0 La \u0111\u1eddi nh\u00e0 T\u1ed1ng d\u1ecbch) c\u00f9ng v\u1edbi \u201dPh\u1eadt thuy\u1ebft A Di \u0110\u00e0 C\u0103n B\u1ed5n B\u00ed M\u1eadt Th\u1ea7n Ch\u00fa Kinh\u201d (Tam T\u1ea1ng B\u1ed3 \u0110\u1ec1 L\u01b0u Chi d\u1ecbch \u0111\u1eddi Ng\u1ee5y T\u1ea5n). \u201db\u1ea1t nh\u1ee9t thi\u1ebft nghi\u1ec7p ch\u01b0\u1edbng c\u0103n b\u1ed5n \u0111\u1eafc sinh T\u1ecbnh \u0110\u1ed9 \u0110\u00e0 La Ni\u201d c\u00f2n g\u1ecdi l\u00e0 \u201dA Di \u0110\u00e0 Ph\u1eadt C\u0103n B\u1ed5n B\u00ed M\u1eadt Th\u1ea7n Ch\u00fa\u201d, th\u00f4ng th\u01b0\u1eddng g\u1ecdi l\u00e0 \u201dV\u00e3ng Sinh Ch\u00fa\u201d<\/p>\n\n\n\n<p>B\u1ea1t nh\u1ee9t thi\u1ebft nghi\u1ec7p ch\u01b0\u1edbng c\u0103n b\u1ed5n \u0111\u1eafc sinh T\u1ecbnh \u0110\u1ed9: T\u1ea1i sao ch\u00fang sinh ph\u1ea3i l\u01b0u chuy\u1ec3n trong sinh t\u1eed, v\u00e0 \u1edf trong tam gi\u1edbi l\u1ee5c \u0111\u1ea1o lu\u00e2n h\u1ed3i kh\u00f4ng ng\u1eebng? L\u00e0 v\u00ec nghi\u1ec7p ch\u01b0\u1edbng n\u1eb7ng n\u1ec1, nghi\u1ec7p ch\u01b0\u1edbng n\u00e0y t\u1eeb \u0111\u00e2u \u0111\u1ebfn? L\u00e0 do n\u01a1i phi\u1ec1n n\u00e3o tham s\u00e2n si v.v., \u0111\u00e3 t\u1ea1o nh\u1eefng nghi\u1ec7p gi\u1ebft h\u1ea1i, tr\u1ed9m c\u1eafp, v\u00e0 n\u00f3i d\u1ed1i, nh\u1eefng ch\u1ee7ng t\u1eed \u00e1c nghi\u1ec7p n\u00e0y t\u1eeb t\u1eeb t\u0103ng tr\u01b0\u1edfng, h\u00ecnh th\u00e0nh s\u1ef1 th\u1ecd kh\u1ed5 c\u1ee7a ch\u00fang sinh, tu\u1ea7n ho\u00e0n kh\u00f4ng d\u1eebng, kh\u00f4ng c\u00f3 th\u1eddi gian ch\u1ea5m d\u1ee9t. Ch\u00fang ta mu\u1ed1n d\u1eb9p tr\u1eebng nh\u1eefng phi\u1ec1n n\u00e3o kh\u00f4ng cho sinh kh\u1edfi, kh\u00f4ng th\u1ecd lu\u00e2n h\u1ed3i kh\u1ed5 \u0111au, th\u00ec ch\u00fang ta ph\u1ea3i m\u1ed9t d\u1ea1 ch\u00ed th\u00e0nh tr\u00ec t\u1ee5ng ch\u00fa n\u00e0y. V\u00e3ng sinh th\u1ea7n ch\u00fa tr\u1ee3 gi\u00fap ch\u00fang ta b\u1ea1t tr\u1eeb nh\u1eefng nghi\u1ec7p c\u0103n b\u1ed5n, kh\u00f4ng cho phi\u1ec1n n\u00e3o sinh kh\u1edfi, hi\u1ec7n th\u1ebf \u0111\u01b0\u1ee3c nhi\u1ec1u an l\u1ea1c h\u1ea1nh ph\u00fac, t\u01b0\u01a1ng lai nh\u1ee9t \u0111\u1ecbnh \u0111\u01b0\u1ee3c v\u00e3ng sinh v\u1ec1 c\u00f5i T\u00e2y Ph\u01b0\u01a1ng C\u1ef1c L\u1ea1c.\u0110\u00e0 La Ni l\u00e0 ti\u1ebfng Ph\u1ea1n, d\u1ecbch th\u00e0nh l\u00e0 th\u1ea7n Ch\u00fa, c\u00f3 ngh\u0129a l\u00e0 \u201dt\u1ed5ng tr\u00ec\u201d. \u201dT\u1ed5ng\u201d l\u00e0 g\u00f4m th\u00e2u t\u1ea5t c\u1ea3 ph\u00e1p, \u201dTr\u00ec\u201d l\u00e0 v\u00f4 l\u01b0\u1ee3ng ngh\u0129a. C\u00f3 ngh\u0129a l\u00e0 th\u1ea7n ch\u00fa tuy ch\u1ec9 c\u00f3 v\u00e0i ch\u1eef, nh\u01b0ng c\u00f3 th\u1ec3 bao g\u1ed3m h\u1ebft th\u1ea3y \u00fd ngh\u0129a c\u1ee7a Ph\u1eadt Ph\u00e1p, cho n\u00ean Th\u1ea7n Ch\u00fa c\u00f3 c\u00f4ng \u0111\u1ee9c v\u00f4 l\u01b0\u1ee3ng.<\/p>\n\n\n\n<p>Vi\u00ean Ng\u1ed9 d\u1ecbch<\/p>\n","protected":false},"excerpt":{"rendered":"<p>Th\u1ea7n Ch\u00fa V\u00e3ng Sanh &#8211; Mantra de Renaissance sur la Terre Pure Nam-m\u00f4 a di \u0111a b\u00e0 d\u1ea1\u00d0a tha d\u00e0 \u0111a d\u1ea1\u00d0a \u0111\u1ecba d\u1ea1 tha.A \u2026 <a class=\"continue-reading-link\" href=\"https:\/\/www.pagodethienminh.fr\/?page_id=6778\">Continue \u00e0 lire <span class=\"meta-nav\">&rarr; <\/span><\/a><\/p>\n","protected":false},"author":1,"featured_media":0,"parent":7229,"menu_order":3,"comment_status":"closed","ping_status":"closed","template":"templates\/template-onecolumn.php","meta":{"_mc_calendar":[],"footnotes":""},"class_list":["post-6778","page","type-page","status-publish","hentry"],"_links":{"self":[{"href":"https:\/\/www.pagodethienminh.fr\/index.php?rest_route=\/wp\/v2\/pages\/6778","targetHints":{"allow":["GET"]}}],"collection":[{"href":"https:\/\/www.pagodethienminh.fr\/index.php?rest_route=\/wp\/v2\/pages"}],"about":[{"href":"https:\/\/www.pagodethienminh.fr\/index.php?rest_route=\/wp\/v2\/types\/page"}],"author":[{"embeddable":true,"href":"https:\/\/www.pagodethienminh.fr\/index.php?rest_route=\/wp\/v2\/users\/1"}],"replies":[{"embeddable":true,"href":"https:\/\/www.pagodethienminh.fr\/index.php?rest_route=%2Fwp%2Fv2%2Fcomments&post=6778"}],"version-history":[{"count":1,"href":"https:\/\/www.pagodethienminh.fr\/index.php?rest_route=\/wp\/v2\/pages\/6778\/revisions"}],"predecessor-version":[{"id":6780,"href":"https:\/\/www.pagodethienminh.fr\/index.php?rest_route=\/wp\/v2\/pages\/6778\/revisions\/6780"}],"up":[{"embeddable":true,"href":"https:\/\/www.pagodethienminh.fr\/index.php?rest_route=\/wp\/v2\/pages\/7229"}],"wp:attachment":[{"href":"https:\/\/www.pagodethienminh.fr\/index.php?rest_route=%2Fwp%2Fv2%2Fmedia&parent=6778"}],"curies":[{"name":"wp","href":"https:\/\/api.w.org\/{rel}","templated":true}]}}