{"id":67,"date":"2011-04-30T06:26:18","date_gmt":"2011-04-30T06:26:18","guid":{"rendered":"http:\/\/www.pagodethienminh.fr\/?page_id=67"},"modified":"2013-03-13T13:51:49","modified_gmt":"2013-03-13T13:51:49","slug":"1-nouvel-an-t%e1%ba%bft","status":"publish","type":"page","link":"https:\/\/www.pagodethienminh.fr\/?page_id=67","title":{"rendered":"Nouvel An &#8211; T\u1ebft"},"content":{"rendered":"<p style=\"text-align: justify;\"><strong>Nouveau Printemps 2012 sous le signe Dragon<\/strong><\/p>\n<p style=\"text-align: justify;\">A la venue du nouveau printemps, une personne de culture vietnamienne est toujours tr\u00e8s motiv\u00e9e et tr\u00e8s heureuse d&#8217;accueillir ce moment riche en traditions. C&#8217;est dans cet esprit que la pagode Thi\u1ec7n Minh organise cette p\u00e9riode de nouveau printemps, printemps sous le signe du Dragon (voir ci-joint le programme), pour que la communaut\u00e9 vietnamienne, qui se trouve loin de leur pays, puisse \u00e0 cette occasion se recueillir devant l&#8217;autel des Bouddhas, puisse recevoir les porte-bonheurs de la nouvelle ann\u00e9e, puisse r\u00e9aliser des souhaits pour la nouvelle ann\u00e9e et partager les moments de vicissitudes de l&#8217;ann\u00e9e pass\u00e9e. C&#8217;est au nom de l&#8217;association bouddhiste vietnamienne et de la pagode Thi\u1ec7n Minh de Lyon, que nous voudrions transmettre aux membres dela Sangha, aux bouddhistes, aux repr\u00e9sentants de la commune de Ste Foy-L\u00e8s-Lyon, aux religions amies, aux associations amies et aux responsables des m\u00e9dias une nouvelle ann\u00e9e remplie de paix, de prosp\u00e9rit\u00e9 et de r\u00e9alisation de souhaits.<\/p>\n<p style=\"text-align: justify;\">L&#8217;eau du temps a coul\u00e9 rapidement: 30 ann\u00e9es se sont d\u00e9j\u00e0 \u00e9coul\u00e9s depuis 1981, date \u00e0 laquelle l&#8217;Association Bouddhiste Vietnamienne et la pagode Thi\u1ec7n Minh ont mis les pieds sur les terres de la commune de Ste Foy-L\u00e8s-Lyon. Durant cette p\u00e9riode la pagode a \u00e9t\u00e9 inaugur\u00e9e avec &#8220;l&#8217;ordination de moines et de v\u00e9n\u00e9rables&#8221; en 1990, c&#8217;est \u00e0 dire 2534e ann\u00e9e selon le calendrier bouddhiste. Toute chose de ce monde est soumise \u00e0 la loi de l&#8217;impermanence: aujourd&#8217;hui ceci existe et demain il n&#8217;existera plus. C&#8217;est dans cette existence et cette non-existence que la pagode Thi\u1ec7n Minh n&#8217;a pas pu \u00e9chapper. Elle a \u00e9t\u00e9 transform\u00e9e en\u00a0 un tas de cendres par la flamme de l&#8217;impermanence le samedi 18 Juin 2006 vers 1 heure du matin.<\/p>\n<p style=\"text-align: justify;\">Mais gr\u00e2ce \u00e0 la compr\u00e9hension &#8220;profonde&#8221; de cette loi, gr\u00e2ce au support et le soutien spirituel des Bouddhas des dix directions, gr\u00e2ce \u00e0la Sanghaet la communaut\u00e9 bouddhiste du monde qui ont apport\u00e9 par leur pratique, par leur r\u00e9citation et par leurs souhaits une &#8220;forte&#8221; \u00e9nergie spirituelle, et aussi gr\u00e2ce \u00e0 l&#8217;indemnisation de la compagnie d&#8217;assurance, que apr\u00e8s 5 ans de reconstruction, la pagode a \u00e9t\u00e9 inaugur\u00e9e une deuxi\u00e8me fois du 03 au 05 Juin 2011. Cet \u00e9lan de m\u00e9rites a permis au temple d&#8217;organiser du 08 au 11 Septembre2011 l&#8217;ordination mondiale Qu\u1ea3ng \u0110\u1ee9c et la comm\u00e9moration des Grands Ma\u00eetres. Ces \u00e9v\u00e9nements ont r\u00e9uni les membres dela Sanghaet les bouddhistes des 5 continents, pour amener \u00e0 cette r\u00e9gion une atmosph\u00e8re de s\u00e9r\u00e9nit\u00e9 et de paix.<\/p>\n<p style=\"text-align: justify;\">La motivation des V\u00e9n\u00e9rables \u00e0 \u00e9difier une pagode sur une terre nouvelle est un grand m\u00e9rite pour \u00e9lever de la confiance chez les \u00eatres, pour d\u00e9velopper la compassion et l&#8217;amour de bienveillance envers autrui, pour offrir \u00e0 chacun l&#8217;opportunit\u00e9 de venir balayer les inqui\u00e9tudes et les angoisses du quotidien, pour \u00e9tudier et apprendre le dharma, pour se partager les exp\u00e9riences spirituelles en prenant conscience que ce qui na\u00eet du pr\u00e9sent est li\u00e9 \u00e0 l&#8217;impermanence, \u00e0 la souffrance, \u00e0 la &#8220;vacuit\u00e9&#8221; et au &#8220;non-soi&#8221;, et ceci afin d&#8217;\u00e9radiquer les conditions des \u00e9tats de souffrance. En ce sens, la pagode n&#8217;est pas uniquement un lieu spirituel mais c&#8217;est aussi une \u00e9cole de vie soumise \u00e0 un tr\u00e9sor culturel et traditionnel. Mais ce qui lui donne encore plus de valeur et de signification, c&#8217;est de retrouver toutes ces qualit\u00e9s spirituelles et traditionnelles sur cette terre d&#8217;accueil, anim\u00e9e d&#8217;une nouvelle culture. Cette valeur est illustr\u00e9e par :<\/p>\n<p style=\"text-align: justify;\">&#8220;<strong><em>La pagode est le refuge des traditions<\/em><\/strong><\/p>\n<p style=\"text-align: justify;\"><strong><em>Et elle refl\u00e8te le mode de vie de nos anc\u00eatres<\/em><\/strong>&#8220;<\/p>\n<p style=\"text-align: justify;\">\u00a0C&#8217;est dans cet \u00e9tat de r\u00e9alit\u00e9 qu&#8217;elle est la graine de la culture vietnamienne. Elle abrite les traditions du Vietnam, elle est le refuge des \u00e9tats spirituels, pour les personnes qui veulent prendre conscience de l&#8217;\u00e9tat de souffrance ou de l&#8217;\u00e9tat du bonheur du quotidien: c&#8217;est par elle que chacun y revient pour partager leur joie.<\/p>\n<p style=\"text-align: justify;\">\n<p style=\"text-align: justify;\">A l&#8217;occasion du nouveau &#8220;printemps&#8221;, en ce jour de nouvel an, \u00e9mettons des souhaits pour que le monde des \u00eatres retrouve la paix, que les \u00eatres soient arros\u00e9s par la pluie de la r\u00e9conciliation, que le vent de l&#8217;harmonie balaie les soci\u00e9t\u00e9s, que la doctrine dela Sagesseperdure, que cette pagode de jour en jour rayonne, que chaque famille s\u00e8me les graines de la joie et du bonheur sous les rayonnements des Bouddhas.<\/p>\n<p style=\"text-align: justify;\">\u00a0<strong>Namo Grand Honor\u00e9 Maitreya Bouddha du Futur<\/strong><\/p>\n<address style=\"text-align: justify;\">\u00a0<strong><em>Association Bouddhique Vietnamienne de la r\u00e9gion Rh\u00f4ne Alpes<\/em><\/strong><\/address>\n<address style=\"text-align: justify;\"><strong><em>Pagode Thi\u1ec7n Minh &#8211; Tr\u00e8s Grand V\u00e9n\u00e9rable Th\u00edch T\u00e1nh Thi\u1ec7t<\/em><\/strong><\/address>\n","protected":false},"excerpt":{"rendered":"<p>Nouveau Printemps 2012 sous le signe Dragon A la venue du nouveau printemps, une personne de culture vietnamienne est toujours tr\u00e8s motiv\u00e9e et tr\u00e8s heureuse \u2026 <a class=\"continue-reading-link\" href=\"https:\/\/www.pagodethienminh.fr\/?page_id=67\">Continue \u00e0 lire <span class=\"meta-nav\">&rarr; <\/span><\/a><\/p>\n","protected":false},"author":1,"featured_media":0,"parent":64,"menu_order":1,"comment_status":"closed","ping_status":"closed","template":"template-onecolumn.php","meta":{"_mc_calendar":[],"footnotes":""},"class_list":["post-67","page","type-page","status-publish","hentry"],"_links":{"self":[{"href":"https:\/\/www.pagodethienminh.fr\/index.php?rest_route=\/wp\/v2\/pages\/67","targetHints":{"allow":["GET"]}}],"collection":[{"href":"https:\/\/www.pagodethienminh.fr\/index.php?rest_route=\/wp\/v2\/pages"}],"about":[{"href":"https:\/\/www.pagodethienminh.fr\/index.php?rest_route=\/wp\/v2\/types\/page"}],"author":[{"embeddable":true,"href":"https:\/\/www.pagodethienminh.fr\/index.php?rest_route=\/wp\/v2\/users\/1"}],"replies":[{"embeddable":true,"href":"https:\/\/www.pagodethienminh.fr\/index.php?rest_route=%2Fwp%2Fv2%2Fcomments&post=67"}],"version-history":[{"count":5,"href":"https:\/\/www.pagodethienminh.fr\/index.php?rest_route=\/wp\/v2\/pages\/67\/revisions"}],"predecessor-version":[{"id":2078,"href":"https:\/\/www.pagodethienminh.fr\/index.php?rest_route=\/wp\/v2\/pages\/67\/revisions\/2078"}],"up":[{"embeddable":true,"href":"https:\/\/www.pagodethienminh.fr\/index.php?rest_route=\/wp\/v2\/pages\/64"}],"wp:attachment":[{"href":"https:\/\/www.pagodethienminh.fr\/index.php?rest_route=%2Fwp%2Fv2%2Fmedia&parent=67"}],"curies":[{"name":"wp","href":"https:\/\/api.w.org\/{rel}","templated":true}]}}