{"id":662,"date":"2011-05-09T07:35:25","date_gmt":"2011-05-09T07:35:25","guid":{"rendered":"http:\/\/www.pagodethienminh.fr\/?page_id=662"},"modified":"2013-03-14T08:12:41","modified_gmt":"2013-03-14T08:12:41","slug":"3ak-ph%e1%ba%adt-phap-m%e1%ba%a7u-nhi%e1%bb%87m","status":"publish","type":"page","link":"https:\/\/www.pagodethienminh.fr\/?page_id=662","title":{"rendered":"Ph\u1eadt Ph\u00e1p M\u1ea7u Nhi\u1ec7m"},"content":{"rendered":"<div style=\"text-align: justify;\"><strong>Ph\u1eadt Ph\u00e1p <\/strong><strong>M\u1ea7u Nhi\u1ec7m<\/strong><\/div>\n<div style=\"text-align: right;\"><strong>From: backieuphong<\/strong><\/div>\n<div style=\"text-align: justify;\"><a href=\"https:\/\/www.pagodethienminh.fr\/?attachment_id=663\" rel=\"attachment wp-att-663\"><img loading=\"lazy\" decoding=\"async\" class=\"alignleft size-medium wp-image-663\" title=\"Bouddha Sakyamuni\" alt=\"\" src=\"https:\/\/www.pagodethienminh.fr\/wp-content\/uploads\/2011\/05\/200851309368808-225x300.jpg\" width=\"225\" height=\"300\" srcset=\"https:\/\/www.pagodethienminh.fr\/wp-content\/uploads\/2011\/05\/200851309368808-225x300.jpg 225w, https:\/\/www.pagodethienminh.fr\/wp-content\/uploads\/2011\/05\/200851309368808-112x150.jpg 112w, https:\/\/www.pagodethienminh.fr\/wp-content\/uploads\/2011\/05\/200851309368808.jpg 403w\" sizes=\"auto, (max-width: 225px) 100vw, 225px\" \/><\/a>Th\u00edch Ca l\u00e0 ng\u01b0\u1eddi \u1ea4n \u0110\u1ed9 m\u00e0 ng\u01b0\u1eddi ta kh\u00f4ng t\u1ea1c h\u00ecnh \u0110\u1ee9c Ph\u1eadt m\u1ea7u \u0111en m\u00e0 l\u1ea1i t\u1ea1c m\u1ea7u tr\u1eafng, c\u00f3 ng\u01b0\u1eddi l\u1ea1i b\u1ea7y tr\u00f2 t\u1ea1c t\u01b0\u1ee3ng Ph\u1eadt b\u1eb1ng \u0111\u00e1 Ng\u1ecdc B\u00edch, c\u0169ng nh\u01b0 t\u01b0\u1ee3ng Ph\u1eadt B\u00e0 Quan \u00c2m c\u0169ng t\u1ea1c m\u1ea7u tr\u1eafng, l\u1ea1i tr\u00f4ng r\u1ea5t gi\u1ed1ng \u0110\u1ee9c M\u1eb9 Maria&#8230; l\u00e0 ng\u01b0\u1eddi da tr\u1eafng&#8230; C\u0169ng xin m\u1edf d\u1ea5u ngo\u1eb7c l\u00e0 t\u01b0\u1ee3ng Ph\u1eadt Ng\u1ecdc tr\u01b0\u1edbc khi \u0111em \u0111i di\u1ec5u h\u00e0nh t\u1ea1i M\u1ef9 th\u00ec l\u1ea1i \u0111\u01b0\u1ee3c \u0111\u01b0a v\u1ec1 Vi\u1ec7t Nam (m\u00e0 kh\u00f4ng \u0111\u01b0\u1ee3c \u0111\u01b0a v\u1ec1 \u1ea4n \u0110\u1ed9 hay T\u00edch Lan (Ceylon) \u0111\u1ec3 c\u1ea7u ch\u1ee9ng&#8230; C\u00e2u h\u1ecfi n\u00e0y \u0111\u00e3 \u0111\u01b0\u1ee3c nhi\u1ec1u Ph\u1eadt t\u1eed th\u1eafc m\u1eafc nh\u01b0ng ch\u01b0a ai d\u00e1m tr\u1ea3 l\u1eddi r\u00f5 r\u00e0ng. T\u00f3m l\u1ea1i, nh\u1eefng ng\u01b0\u1eddi &#8220;b\u1ea1n&#8221; Ph\u1eadt T\u1eed h\u00e3y \u0111\u1ecdc l\u1ea1i l\u1ecbch s\u1eed Ph\u1eadt Gi\u00e1o \u0111i v\u00e0 \u0111em nh\u1eefng \u0111i\u1ec1u \u1ea5y m\u00e0 d\u1eady b\u1ea3o l\u1eabn nhau, \u0111\u1eebng c\u00f3 &#8220;c\u00e3i l\u1ea1i \u0110\u1ee9c Ph\u1eadt v\u00e0 L\u1ecbch S\u1eed Ph\u1eadt Gi\u00e1o&#8221; m\u00e0 c\u00e3i g\u00e0n c\u00e3i b\u01b0\u1edbng theo ki\u1ec3u c\u1ee9 nh\u1eadn x\u1eb1ng 90% c\u00f4ng d\u00e2n l\u00e0 Ph\u1eadt Gi\u00e1o \u0111\u1ed3&#8230; Mong l\u1eafm thay&#8230; m\u1ecdi Ph\u1eadt T\u1eed tho\u00e1t \u0111\u01b0\u1ee3c l\u00f2ng u minh, t\u0103m t\u1ed1i \u0111\u1ec3 kh\u1ecfi su\u1ed1t ng\u00e0y \u0111\u1ea5m ng\u1ef1c ng\u01b0\u1eddi kh\u00e1c, kh\u00f4ng \u0111\u1ea5m ng\u1ef1c m\u00ecnh&#8230;<\/div>\n<div style=\"text-align: justify;\"><\/div>\n<div style=\"text-align: justify;\"><strong><span style=\"text-decoration: underline;\">L\u1eddi gi\u1ea3i \u0111\u00e1p<\/span><\/strong><strong>:<\/strong><\/div>\n<div style=\"text-align: justify;\">Tr\u00ean \u0111\u00e2y l\u00e0 l\u1eddi c\u1ee7a m\u1ed9t v\u1ecb theo \u0111\u1ea1o kh\u00e1c, qua email, kh\u00f4ng ph\u1ea3i Ph\u1eadt t\u1eed, cho n\u00ean kh\u00f4ng hi\u1ec3u s\u00e2u, kh\u00f4ng hi\u1ec3u th\u1ea5u \u0111\u00e1o gi\u00e1o l\u00fd \u0111\u1ea1o Ph\u1eadt. C\u0169ng v\u1eady, ng\u01b0\u1eddi tuy theo \u0111\u1ea1o Ph\u1eadt, nh\u01b0ng ch\u1ec9 bi\u1ebft \u0111i ch\u00f9a, h\u00f9a theo c\u00e1c ng\u01b0\u1eddi truy\u1ec1n b\u00e1 m\u00ea t\u00edn d\u1ecb \u0111oan trong c\u00e1c ch\u00f9a chi\u1ec1n, tu s\u0129 c\u0169ng nh\u01b0 c\u01b0 s\u0129, th\u00ec kh\u00f3 c\u1ea3m nh\u1eadn ph\u00e1p v\u1ecb an l\u1ea1c h\u1ea1nh ph\u00fac t\u1eeb n\u01a1i ch\u00e1nh ph\u00e1p.<\/div>\n<div style=\"text-align: justify;\">T\u01b0\u1ee3ng Ph\u1eadt hay t\u01b0\u1ee3ng B\u1ed3 t\u00e1t n\u1ebfu t\u1ea1c t\u1eeb \u0111\u1ed3ng \u0111en, s\u1ebd c\u00f3 m\u00e0u \u0111en, t\u1ea1c t\u1eeb v\u00e0ng hay \u0111\u1ed3ng s\u1ebd c\u00f3 m\u00e0u v\u00e0ng hay \u0111\u1ed3ng, t\u1ea1c t\u1eeb \u0111\u00e1 tr\u1eafng, \u0111\u00e1 xanh, s\u1ebd c\u00f3 m\u00e0u tr\u1eafng hay xanh. \u0110\u00f3 l\u00e0 \u0111i\u1ec1u hi\u1ec3n nhi\u00ean, c\u00f3 g\u00ec ph\u1ea3i tranh c\u00e3i.<\/div>\n<div style=\"text-align: justify;\">\u0110\u1ee9c Ph\u1eadt l\u1ecbch s\u1eed l\u00e0 con ng\u01b0\u1eddi c\u00f3 th\u1eadt, kh\u00f4ng hoang \u0111\u01b0\u1eddng, hoang t\u01b0\u1edfng, huy\u1ec5n ho\u1eb7c, huy\u1ec1n tho\u1ea1i, kh\u00f4ng n\u00f3i chuy\u1ec7n tr\u00ean tr\u1eddi d\u01b0\u1edbi bi\u1ec3n. Ng\u00e0i \u0111\u1ea3n sanh v\u00e0 s\u1ed1ng t\u1ea1i \u1ea4n \u0110\u1ed9 nh\u01b0 bao nhi\u00eau con ng\u01b0\u1eddi tr\u00ean th\u1ebf gian n\u00e0y. Ng\u00e0i tu h\u00e0nh gian kh\u1ed5 v\u00e0 \u0111\u1eafc \u0111\u1ea1o, c\u0169ng ngay tr\u00ean th\u1ebf gian n\u00e0y, ch\u1ee9 kh\u00f4ng \u0111\u1ee3i v\u00e3ng sanh v\u1ec1 c\u1ef1c l\u1ea1c m\u1edbi ch\u1ecbu tu, cho d\u1ec5, cho s\u01b0\u1edbng.<\/div>\n<div style=\"text-align: justify;\">C\u00e1c t\u00f4n gi\u00e1o kh\u00e1c th\u01b0\u1eddng ch\u1ec9 th\u1edd 1 v\u1ecb gi\u00e1o ch\u1ee7, g\u1ecdi l\u00e0 \u0111\u1ed9c th\u1ea7n, c\u00f2n t\u1ea5t c\u1ea3 con ng\u01b0\u1eddi tr\u00ean th\u1ebf gian n\u1ebfu thu\u1eadn theo gi\u00e1o ch\u1ee7, thu\u1eadn theo gi\u00e1o h\u1ed9i, th\u00ec s\u1ebd \u0111\u01b0\u1ee3c l\u00ean thi\u00ean \u0111\u00e0ng \u0111\u1ec3 l\u00e0m t\u00f4i t\u1edb, l\u00e0m \u0111\u1ea7y t\u1edb c\u1ee7a v\u1ecb gi\u00e1o ch\u1ee7, kh\u00f4ng bao gi\u1edd \u0111\u01b0\u1ee3c b\u00ecnh \u0111\u1eb3ng, \u0111\u00f3 l\u00e0 t\u01b0 t\u01b0\u1edfng n\u00f4 l\u1ec7, h\u00e8n y\u1ebfu, k\u00e9m c\u1ecfi.<\/div>\n<div style=\"text-align: justify;\">Ng\u00e0y nay nhi\u1ec1u ng\u01b0\u1eddi tuy mi\u1ec7ng ni\u1ec7m Ph\u1eadt, nh\u01b0ng kh\u00f4ng ch\u1ecbu h\u1ecdc hi\u1ec3u gi\u00e1o l\u00fd, cho\u00a0\u00a0n\u00ean kh\u00f4ng bi\u1ebft c\u00e1ch \u00e1p d\u1ee5ng v\u00e0o \u0111\u1eddi s\u1ed1ng h\u00e0ng ng\u00e0y \u0111\u1ec3 \u0111\u01b0\u1ee3c an l\u1ea1c h\u1ea1nh ph\u00fac hi\u1ec7n \u0111\u1eddi, v\u00e0 \u0111\u1ea1t gi\u00e1c ng\u1ed9 gi\u1ea3i tho\u00e1t sau n\u00e0y. H\u1ecd su\u1ed1t th\u00e1ng quanh n\u0103m c\u1ee9 n\u00f3i chuy\u1ec7n ch\u1edd v\u00e3ng sanh (ch\u1ebft), ch\u1edd Ph\u1eadt r\u01b0\u1edbc, kh\u00f4ng m\u00e0ng tu t\u00e2m d\u01b0\u1ee1ng t\u00e1nh, tu nh\u00e2n t\u00edch \u0111\u1ee9c, kh\u00f4ng t\u00ecm hi\u1ec3u r\u00f5 r\u00e0ng nh\u1eefng l\u1eddi \u0111\u1ee9c Ph\u1eadt d\u1ea1y, tin b\u1eeba tin c\u00e0ng nh\u1eefng ng\u01b0\u1eddi kho\u00e1c \u00e1o c\u00e0 sa, t\u1ea1i gia hay t\u1ea1i ch\u00f9a, tuy\u00ean truy\u1ec1n nh\u1eefng t\u00e0 ph\u00e1p v\u1ec1 vi\u1ec7c v\u00e3ng sanh, kh\u00f4ng c\u1ea7n tu h\u00e0nh, ch\u1ec9 c\u1ea7n ni\u1ec7m Ph\u1eadt 10 ti\u1ebfng th\u00f4i, c\u0169ng \u0111\u01b0\u1ee3c v\u00e3ng sanh! Nh\u01b0 v\u1eady, \u0111\u1ee9c tin n\u00e0y kh\u00e1c chi ngo\u1ea1i \u0111\u1ea1o, kh\u00e1c chi c\u1ea3i \u0111\u1ea1o?<\/div>\n<div style=\"text-align: justify;\"><strong>M\u00ea t\u00edn \u0111\u1ebfn m\u1ee9c \u0111\u00f3 ch\u1ec9 c\u00e1ch cu\u1ed3ng t\u00edn m\u1ed9t s\u1ee3i t\u01a1!<\/strong><\/div>\n<div style=\"text-align: justify;\">Gi\u00e1o l\u00fd \u0111\u1ea1o Ph\u1eadt d\u1ea1y r\u1ea5t r\u00f5 r\u00e0ng r\u1eb1ng:\u00a0<strong>\u0110\u1ee9c Ph\u1eadt Th\u00edch Ca M\u00e2u Ni l\u00e0 v\u1ecb Ph\u1eadt \u0111\u00e3 th\u00e0nh \u0111\u1ea1o ngay d\u01b0\u1edbi c\u1ed9i c\u00e2y b\u1ed3 \u0111\u1ec1 t\u1ea1i x\u1ee9 \u1ea4n \u0111\u1ed9, c\u00e1ch nay h\u01a1n 2600 n\u0103m.<\/strong><\/div>\n<div style=\"text-align: justify;\"><strong><br \/>\n<\/strong><\/div>\n<div style=\"text-align: justify;\">T\u1ea5t c\u1ea3 con ng\u01b0\u1eddi tr\u00ean th\u1ebf gian \u0111\u1ec1u c\u00f3 kh\u1ea3 n\u0103ng tr\u1edf th\u00e0nh m\u1ed9t v\u1ecb Ph\u1eadt, n\u1ebfu s\u1ed1ng v\u00e0 th\u1ef1c h\u00e0nh \u0111\u00fang b\u00e1t ch\u00e1nh \u0111\u1ea1o. Kh\u00f4ng c\u1ea7n ph\u1ea3i th\u1edd l\u1ea1y t\u01b0\u1ee3ng Ph\u1eadt, kh\u00f4ng c\u1ea7n ph\u1ea3i \u0111i ch\u00f9a, kh\u00f4ng c\u1ea7n ph\u1ea3i t\u1ef1 x\u01b0ng l\u00e0 Ph\u1eadt t\u1eed hay \u0110i\u1ec1u ng\u1ef1 t\u1eed. &#8211; T\u1ea1i sao v\u1eady?<\/div>\n<div style=\"text-align: justify;\">\u0110\u1ee9c Ph\u1eadt Th\u00edch Ca M\u00e2u Ni tu h\u00e0nh, \u0111\u1eafc \u0111\u1ea1o, t\u00ecm \u0111\u01b0\u1ee3c\u00a0<strong>ch\u00e2n l\u00fd t\u1ed1i th\u01b0\u1ee3ng<\/strong> l\u00e0: tr\u00ean th\u1ebf gian n\u00e0y, kh\u00f4ng ph\u00e2n bi\u1ec7t ch\u1ee7ng t\u1ed9c, giai c\u1ea5p, th\u00e0nh ph\u1ea7n, xu\u1ea5t x\u1ee9, \u0111\u1ecba ph\u01b0\u01a1ng, nam n\u1eef, gi\u00e0 tr\u1ebb, m\u1ecdi con ng\u01b0\u1eddi \u0111\u1ec1u c\u00f3 kh\u1ea3 n\u0103ng th\u00e0nh Ph\u1eadt, b\u1edfi v\u00ec ai ai c\u0169ng c\u00f3\u00a0<strong>b\u1ea3n t\u00e2m\u00a0s\u00e1ng su\u1ed1t, ch\u00e2n ch\u00e1nh v\u00e0 thanh t\u1ecbnh.<\/strong> N\u1ebfu d\u1eb9p tan tham s\u00e2n si,\u00a0<strong>b\u1ea3n t\u00e2m<\/strong> s\u1ebd hi\u1ec3n l\u1ed9, g\u1ecdi l\u00e0 th\u00e0nh Ph\u1eadt, c\u0169ng nh\u01b0 d\u1eb9p tan m\u00e2y \u0111en, m\u1eb7t tr\u1eddi s\u1ebd s\u00e1ng t\u1ecf. D\u1eb9p m\u1ed9t ph\u1ea7n, s\u00e1ng t\u1ecf m\u1ed9t ph\u1ea7n. D\u1eb9p to\u00e0n ph\u1ea7n, s\u00e1ng t\u1ecf to\u00e0n ph\u1ea7n.<\/div>\n<div style=\"text-align: justify;\">Ng\u01b0\u1eddi da tr\u1eafng, da \u0111en hay da m\u00e0u tu h\u00e0nh c\u0169ng th\u00e0nh Ph\u1eadt \u0111\u01b0\u1ee3c. Cho n\u00ean, ng\u01b0\u1eddi Vi\u1ec7t Nam t\u1ea1c t\u01b0\u1ee3ng Ph\u1eadt gi\u1ed1ng ng\u01b0\u1eddi Vi\u1ec7t Nam; ng\u01b0\u1eddi T\u00e0u, ng\u01b0\u1eddi T\u00e2y, ng\u01b0\u1eddi Th\u00e1i t\u1ea1c t\u01b0\u1ee3ng Ph\u1eadt gi\u1ed1ng ng\u01b0\u1eddi T\u00e0u, ng\u01b0\u1eddi T\u00e2y, ng\u01b0\u1eddi Th\u00e1i; \u0111i\u1ec1u n\u00e0y c\u00f3 th\u1ec3 hi\u1ec3u \u0111\u01b0\u1ee3c theo gi\u00e1o l\u00fd \u0111\u1ea1o Ph\u1eadt.<\/div>\n<div style=\"text-align: justify;\"><\/div>\n<div style=\"text-align: justify;\">Tuy nhi\u00ean, t\u01b0\u1ee3ng Ph\u1eadt c\u00f3 m\u1ee5c \u0111\u00edch trang nghi\u00eam \u0111\u1ea1o tr\u00e0ng, \u0111\u1ec3 ng\u01b0\u1eddi tu t\u1eadp \u0111\u1ea3nh l\u1ec5, c\u00f4ng phu, h\u00e0nh ph\u00e1p, suy ng\u1eabm, thi\u1ec1n qu\u00e1n, tr\u00ec ch\u00fa, ni\u1ec7m Ph\u1eadt, s\u1ed1ng noi theo c\u00f4ng h\u1ea1nh c\u1ee7a ch\u01b0 Ph\u1eadt, cho n\u00ean g\u1ecdi l\u00e0\u00a0<strong>t\u00f4n t\u01b0\u1ee3ng<\/strong> hay\u00a0<strong>b\u1ea3o t\u01b0\u1ee3ng.<\/strong><\/div>\n<div style=\"text-align: justify;\">Trong \u0111\u1ea1o Ph\u1eadt, ch\u1ec9 c\u00f3\u00a0<strong>gi\u00e1o l\u00fd l\u00e0 cao si\u00eau, nhi\u1ec7m m\u1ea7u,<\/strong> tr\u0103m ng\u00e0n mu\u00f4n ki\u1ebfp kh\u00f3 t\u00ecm c\u1ea7u, kh\u00f4ng c\u00f3 t\u01b0\u1ee3ng Ph\u1eadt n\u00e0o linh thi\u00eang huy\u1ec1n b\u00ed c\u1ea3. Ch\u1ec9 c\u00f3 s\u1ed1 ng\u01b0\u1eddi, bu\u00f4n th\u1ea7n b\u00e1n th\u00e1nh, kinh doanh t\u00f4n gi\u00e1o, n\u00fap b\u00f3ng thi\u1ec1n m\u00f4n, tuy\u00ean truy\u1ec1n t\u00e0 ph\u00e1p, ra s\u1ee9c ph\u1ed5 bi\u1ebfn, linh t\u01b0\u1ee3ng th\u00e1nh t\u01b0\u1ee3ng, hoa m\u1ea1n \u0111\u00e0 la, hoa m\u1ea1n th\u00f9 sa, hoa tr\u1eddi r\u1ea3i xu\u1ed1ng, linh thi\u00eang huy\u1ec1n b\u00ed, nh\u1ea5t l\u00e0 th\u1eddi gian, Ph\u1eadt Ng\u1ecdc \u0111\u1ea7u ti\u00ean, m\u1edbi \u0111em l\u01b0u h\u00e0nh, t\u1ea1i x\u1ee9 Hoa k\u1ef3. C\u0169ng may hi\u1ec7n nay, kh\u00f4ng c\u00f2n ai tin, linh thi\u00eang huy\u1ec1n b\u00ed, chuy\u1ec7n r\u1ea5t nh\u00e3m nh\u00ed, n\u01a1i t\u01b0\u1ee3ng Ph\u1eadt Ng\u1ecdc, cho n\u00ean c\u00e1c chuy\u1ec7n, hoa m\u1ea1n \u0111\u00e0 la, \u00e1nh s\u00e1ng chi\u1ebfu r\u1ecdi, kh\u00f4ng c\u00f2n ph\u1ed5 bi\u1ebfn, ch\u1eb3ng c\u00f2n ai tin.<\/div>\n<div style=\"text-align: justify;\"><\/div>\n<div style=\"text-align: justify;\">Ng\u01b0\u1eddi kh\u00e1c \u0111\u1ea1o c\u00f2n c\u00f3 t\u1eeb t\u00e2m ch\u00fac c\u00e1c Ph\u1eadt t\u1eed tho\u00e1t \u0111\u01b0\u1ee3c u minh t\u0103m t\u1ed1i. Cho n\u00ean m\u1ecdi ng\u01b0\u1eddi tu theo Ph\u1eadt ph\u1ea3i tr\u01b0\u1edfng d\u01b0\u1ee1ng t\u1eeb bi, khai m\u1edf tr\u00ed tu\u1ec7, ph\u1ea3i lu\u00f4n nh\u1edb r\u1eb1ng, m\u1ee5c \u0111\u00edch c\u1ee9u c\u00e1nh c\u1ee7a \u0111\u1ea1o Ph\u1eadt l\u00e0:\u00a0<strong>gi\u00e1c ng\u1ed9 v\u00e0 gi\u1ea3i tho\u00e1t.<\/strong><\/div>\n","protected":false},"excerpt":{"rendered":"<p>Ph\u1eadt Ph\u00e1p M\u1ea7u Nhi\u1ec7m From: backieuphong Th\u00edch Ca l\u00e0 ng\u01b0\u1eddi \u1ea4n \u0110\u1ed9 m\u00e0 ng\u01b0\u1eddi ta kh\u00f4ng t\u1ea1c h\u00ecnh \u0110\u1ee9c Ph\u1eadt m\u1ea7u \u0111en m\u00e0 l\u1ea1i t\u1ea1c \u2026 <a class=\"continue-reading-link\" href=\"https:\/\/www.pagodethienminh.fr\/?page_id=662\">Continue \u00e0 lire <span class=\"meta-nav\">&rarr; <\/span><\/a><\/p>\n","protected":false},"author":1,"featured_media":0,"parent":1599,"menu_order":11,"comment_status":"closed","ping_status":"closed","template":"template-onecolumn.php","meta":{"_mc_calendar":[],"footnotes":""},"class_list":["post-662","page","type-page","status-publish","hentry"],"_links":{"self":[{"href":"https:\/\/www.pagodethienminh.fr\/index.php?rest_route=\/wp\/v2\/pages\/662","targetHints":{"allow":["GET"]}}],"collection":[{"href":"https:\/\/www.pagodethienminh.fr\/index.php?rest_route=\/wp\/v2\/pages"}],"about":[{"href":"https:\/\/www.pagodethienminh.fr\/index.php?rest_route=\/wp\/v2\/types\/page"}],"author":[{"embeddable":true,"href":"https:\/\/www.pagodethienminh.fr\/index.php?rest_route=\/wp\/v2\/users\/1"}],"replies":[{"embeddable":true,"href":"https:\/\/www.pagodethienminh.fr\/index.php?rest_route=%2Fwp%2Fv2%2Fcomments&post=662"}],"version-history":[{"count":8,"href":"https:\/\/www.pagodethienminh.fr\/index.php?rest_route=\/wp\/v2\/pages\/662\/revisions"}],"predecessor-version":[{"id":3382,"href":"https:\/\/www.pagodethienminh.fr\/index.php?rest_route=\/wp\/v2\/pages\/662\/revisions\/3382"}],"up":[{"embeddable":true,"href":"https:\/\/www.pagodethienminh.fr\/index.php?rest_route=\/wp\/v2\/pages\/1599"}],"wp:attachment":[{"href":"https:\/\/www.pagodethienminh.fr\/index.php?rest_route=%2Fwp%2Fv2%2Fmedia&parent=662"}],"curies":[{"name":"wp","href":"https:\/\/api.w.org\/{rel}","templated":true}]}}