{"id":6593,"date":"2020-01-05T09:27:47","date_gmt":"2020-01-05T09:27:47","guid":{"rendered":"http:\/\/www.pagodethienminh.fr\/?page_id=6593"},"modified":"2020-09-22T12:43:10","modified_gmt":"2020-09-22T12:43:10","slug":"annee-2020","status":"publish","type":"page","link":"https:\/\/www.pagodethienminh.fr\/?page_id=6593","title":{"rendered":"Ann\u00e9e 2020"},"content":{"rendered":"\n<p>Pour tout renseignement, contactez :<\/p>\n\n\n\n<ul class=\"wp-block-list\"><li>par mail&nbsp;:&nbsp;<strong><em><a href=\"mailto:huyencao2803@yahoo.fr\">pagodethienminh@gmail.com<\/a><\/em><\/strong><\/li><\/ul>\n\n\n\n<p>Programme sur les \u00ab&nbsp;<strong>Rencontre et pratique dans le Bouddhisme<\/strong>&nbsp;\u00bb (Public et sans inscription)<\/p>\n\n\n\n<p><em>Participation de 5&nbsp;\u20ac par personne&nbsp;<\/em><\/p>\n\n\n\n<ul class=\"wp-block-list\"><li>14h00<\/li><li><strong>14h15 &#8211; 15h00<\/strong> : S\u00e9ance de \u00ab&nbsp;<strong>Tai chi &#8211; Yoga<\/strong>&nbsp;\u00bb<\/li><li> <strong>15h00 &#8211; 16h00 :<\/strong> S\u00e9ance de m\u00e9ditation guid\u00e9e par session de 10 mn<\/li><li><strong>16h00 &#8211; 17h15&nbsp;:<\/strong> Enseignement th\u00e9matique<\/li><li><strong>17h15 :<\/strong> Go\u00fbter convivial <\/li><\/ul>\n\n\n\n<hr class=\"wp-block-separator\"\/>\n\n\n\n<p><strong>Samedi 11 Janvier<\/strong><\/p>\n\n\n\n<ul class=\"wp-block-list\"><li>10h &#8211; 11h : Conf\u00e9rence sur la signification de la Prise de Refuge <\/li><li>\u00ab&nbsp;<strong>Rencontre et pratique dans le Bouddhisme<\/strong>&nbsp;\u00bb<\/li><li>14h30 \u00e0 17h15 &#8211;&nbsp;Participation : 5 \u20ac par personne<\/li><\/ul>\n\n\n\n<p>&nbsp;<strong>P\u00e9riode du Nouvel An Chinois : Ann\u00e9e de la Souris<\/strong><\/p>\n\n\n\n<p><strong>Vendredi 24 Janvier <\/strong>: \u00ab&nbsp;<strong>R\u00e9veillon du Jour de l&#8217;An<\/strong>&nbsp;\u00bb<\/p>\n\n\n\n<ul class=\"wp-block-list\"><li>21h30 : Accueil de la communaut\u00e9 catholique et v\u0153ux du V\u00e9n\u00e9rable<\/li><li>23h30 : C\u00e9r\u00e9monie de souhaits pour la nouvelle ann\u00e9e (Soutra du Bouddha Maitreya)<\/li><li>00h30 : V\u0153ux du V\u00e9n\u00e9rable et distribution de porte-bonheur par les V\u00e9n\u00e9rables<\/li><\/ul>\n\n\n\n<p><strong>Samedi 25 Janvier <\/strong>: \u00ab&nbsp;<strong>Jour de l&#8217;An<\/strong>&nbsp;:&nbsp;<strong>sous le signe de la Souris<\/strong>\u00bb<\/p>\n\n\n\n<ul class=\"wp-block-list\"><li>10h00 : Danse du Dragon<\/li><li>11h00 : C\u00e9r\u00e9monie de souhaits pour la nouvelle ann\u00e9e et rituels d&#8217;offrandes pour les d\u00e9funts<\/li><li>12h00 : Distribution de porte-bonheur par les V\u00e9n\u00e9rables et repas v\u00e9g\u00e9tarien offert<\/li><li>14h00 : Ouverture du Sutra du Bouddha de m\u00e9decine (Pendant une semaine)<\/li><\/ul>\n\n\n\n<p><strong>Dimanche 26 Janvier <\/strong>: \u00ab <strong>Pratique du Bouddha de M\u00e9decine<\/strong>\u00bb<\/p>\n\n\n\n<ul class=\"wp-block-list\"><li>11h00&nbsp;: Rituel pour la paix dans le monde et pour les d\u00e9funts<\/li><li>14h00&nbsp;: R\u00e9citation du Sutra Bhaishajyaguru (Bouddha de M\u00e9decine) <\/li><\/ul>\n\n\n\n<p><strong>Dimanche 02 F\u00e9vrier<\/strong>&nbsp;: \u00ab&nbsp;<strong>Spectacle traditionnel du Jour de l&#8217;An<\/strong>&nbsp;\u00bb<br>Salle Ir\u00e8ne Joliot-Curie, 68 boulevard Ir\u00e8ne Joliot-Curie, 69200 V\u00e9nissieux<\/p>\n\n\n\n<ul class=\"wp-block-list\"><li>10h30 : Accueil et Stand de plats vietnamiens<\/li><li>13h30 : Danse du Dragon et v\u0153ux du V\u00e9n\u00e9rable<\/li><li>14h15 : Spectacle de chants et de danses traditionnels pour accueillir le nouvel an.<\/li><li>17h00 : Fin du spectacle<\/li><\/ul>\n\n\n\n<p><strong>Dimanche&nbsp;09 F\u00e9vrier<\/strong>&nbsp;: \u00ab&nbsp;<strong>C\u00e9r\u00e9monie<\/strong>&nbsp;<strong>de la 1\u00e8re Pleine Lune, C\u00e9r\u00e9monie de souhaits<\/strong>, c\u00e9r\u00e9monie de Prise de Refuge \u00bb<\/p>\n\n\n\n<ul class=\"wp-block-list\"><li>11h00 : C\u00e9r\u00e9monie de souhaits et rituels d&#8217;offrandes pour les d\u00e9funts<\/li><li>12h00 : Repas v\u00e9g\u00e9tarien offert<\/li><li>14h00 : Enseignement et c\u00e9r\u00e9monie de prise de refuge (inscription obligatoire)<\/li><li>15h30 : Fin de la c\u00e9r\u00e9monie<\/li><\/ul>\n\n\n\n<p><strong>Samedi&nbsp;15 F\u00e9vrier<\/strong><\/p>\n\n\n\n<ul class=\"wp-block-list\"><li>\u00ab&nbsp;<strong>Rencontre et pratique dans le Bouddhisme<\/strong>&nbsp;\u00bb<\/li><li>14h00 \u00e0 17h15 &#8211; Participation : 5 \u20ac par personne<\/li><\/ul>\n\n\n\n<p><strong>Samedi 22 F\u00e9vrier<\/strong><\/p>\n\n\n\n<ul class=\"wp-block-list\"><li>13h45 :  Accueil<\/li><li>14h00 : \u00ab <strong>Tai chi ou M\u00e9ditation&nbsp;<\/strong>\u00bb<\/li><li>15h00 &#8211; 17h00 : <strong>Enseignement par le Grand V\u00e9n\u00e9rable Thich Nguyen Sieu d&#8217;Am\u00e9rique<\/strong><\/li><li> 17:00 Moment convivial <\/li><li><strong>Participation :<\/strong> 5 \u20ac par personne<\/li><\/ul>\n\n\n\n<p><strong>Samedi 07 Mars<\/strong><\/p>\n\n\n\n<ul class=\"wp-block-list\"><li>13h45 :&nbsp;&nbsp;<strong>Accueil<\/strong><\/li><li>14h00 :  \u00ab <strong>Tai chi ou M\u00e9ditation&nbsp;<\/strong>\u00bb <\/li><li>15h00 &#8211; 17h00 :&nbsp;&nbsp;<strong>Enseignement par le V\u00e9n\u00e9rable Thich Thong Tri <\/strong><\/li><li>Participation : 5 \u20ac par personne<\/li><li>17:00 Moment convivial<\/li><li> <strong>Participation :<\/strong> 5 \u20ac par personne <\/li><\/ul>\n\n\n\n<p><strong>Samedi 25 Avril<\/strong> <strong>(ANNULE)<\/strong><\/p>\n\n\n\n<ul class=\"wp-block-list\"><li>\u00ab&nbsp;<strong>Rencontre et pratique dans le Bouddhisme<\/strong>&nbsp;\u00bb<\/li><li>14h00 \u00e0 17h15 &#8211;&nbsp;Participation : 5 \u20ac par personne<\/li><\/ul>\n\n\n\n<p><strong>Samedi 23 Mai<\/strong>  <strong>(ANNULE)<\/strong> <\/p>\n\n\n\n<ul class=\"wp-block-list\"><li>\u00ab&nbsp;<strong>Rencontre et pratique dans le Bouddhisme<\/strong>&nbsp;\u00bb<\/li><li>14h00 \u00e0 17h15 &#8211;&nbsp;Participation : 5 \u20ac par personne<\/li><\/ul>\n\n\n\n<p><strong>Samedi 06 Juin<\/strong>  <strong>(<span class=\"has-inline-color has-vivid-red-color\">ANNULE<\/span>)<\/strong> <\/p>\n\n\n\n<ul class=\"wp-block-list\"><li>13h45 : Accueil<\/li><li>14h00 : \u00ab <strong>Tai chi &#8211; M\u00e9ditation&nbsp;<\/strong>\u00bb<\/li><li>15h00 &#8211; 17h00 : <strong>Enseignement par le Grand V\u00e9n\u00e9rable <\/strong> <strong>Thich Thong Tri de Hollande<\/strong> <\/li><li><strong>Participation :<\/strong> 5 \u20ac par personne<\/li><\/ul>\n\n\n\n<p><strong>Dimanche&nbsp;07&nbsp;Juin:&nbsp;<\/strong>\u00ab&nbsp;<strong>C\u00e9l\u00e9bration de V\u00e9sak<\/strong>&nbsp;\u00bb Anniversaire de naissance du Bouddha  <strong>(<span class=\"has-inline-color has-vivid-red-color\">ANNULE<\/span>)<\/strong> <\/p>\n\n\n\n<ul class=\"wp-block-list\"><li><strong>10h30<\/strong>&nbsp;: Accueil<\/li><li><strong>11h00<\/strong>&nbsp;:&nbsp;C\u00e9r\u00e9monie de V\u00e9sak (2561e)<\/li><li><strong>12h00<\/strong>&nbsp;: repas v\u00e9g\u00e9tarien offert (+ Stands de plats vietnamiens en vente)<\/li><li><strong>13h30<\/strong>&nbsp;:&nbsp;<strong>Enseignement bouddhiste<\/strong><\/li><li><strong>14h15<\/strong>&nbsp;: Spectacle en offrande \u00e0 V\u00e9sak<\/li><li><strong>17h00<\/strong>&nbsp;: &nbsp;Fin<\/li><\/ul>\n\n\n\n<p><strong>Samedi 13 Juin<\/strong>  <strong>(<span class=\"has-inline-color has-vivid-red-color\">ANNULE<\/span>)<\/strong> <\/p>\n\n\n\n<ul class=\"wp-block-list\"><li>13h45 : Accueil<\/li><li>14h00 : \u00ab <strong>Tai chi ou M\u00e9ditation&nbsp;<\/strong>\u00bb<\/li><li>15h00 : <strong>Enseignement par le Grand V\u00e9n\u00e9rable <\/strong> <strong>Thich Hanh Tan d&#8217;Allemagne<\/strong> <\/li><li> 17:00 : Moment convivial <\/li><li><strong>Participation :<\/strong> 5 \u20ac par personne<\/li><\/ul>\n\n\n\n<p><strong>Samedi 20 Juin<\/strong>  <strong>(<span class=\"has-inline-color has-vivid-red-color\">ANNULE<\/span>)<\/strong> <\/p>\n\n\n\n<ul class=\"wp-block-list\"><li>13h45 : Accueil <\/li><li><strong>14h00 : Tai Chi<\/strong><\/li><li><strong>15h &#8211; 17h<\/strong>&nbsp;: Un des th\u00e8mes sur <strong>Devenir un meilleur \u00eatre humain<\/strong>&nbsp;donn\u00e9 par Lama Seunam Dorj\u00e9<\/li><li><strong>Participation : 5 \u20ac par personne<\/strong><\/li><\/ul>\n\n\n\n<p><strong>Dimanche 21 Juin<\/strong>  <strong>(<strong><span class=\"has-inline-color has-vivid-red-color\">ANNULE<\/span><\/strong>)<\/strong> <\/p>\n\n\n\n<ul class=\"wp-block-list\"><li>Pratique de la m\u00e9ditation donn\u00e9 par Lama Seunam Dorj\u00e9<\/li><li><strong>15h &#8211; 17h<\/strong>&nbsp;:&nbsp;Participation : 5 \u20ac par personne<\/li><\/ul>\n\n\n\n<p><strong>Samedi 27 Juin (<strong><strong><span class=\"has-inline-color has-vivid-red-color\">ANNULE<\/span><\/strong><\/strong>)<\/strong><\/p>\n\n\n\n<ul class=\"wp-block-list\"><li>\u00ab&nbsp;<strong>Rencontre et pratique dans le Bouddhisme<\/strong>&nbsp;\u00bb<\/li><li>14h00 \u00e0 17h15 &#8211; Participation : 5 \u20ac par personne<\/li><\/ul>\n\n\n\n<p><strong>Dimanche 05 Juillet (<span class=\"has-inline-color has-vivid-red-color\">ANNULE<\/span>)<\/strong><\/p>\n\n\n\n<ul class=\"wp-block-list\"><li>11h00 : Accueil<\/li><li>\u00e0 partir de 11h30 : Stand de plats v\u00e9g\u00e9tariens mis \u00e0 disposition en self service (Table \u00e0 disposition \u00e0 l&#8217;ext\u00e9rieur)<\/li><li>Contact : pagodethienminh@gmail.com<\/li><\/ul>\n\n\n\n<p><strong>Samedi 29 Ao\u00fbt (<strong><span class=\"has-inline-color has-vivid-red-color\">ANNULE<\/span><\/strong>)<\/strong><\/p>\n\n\n\n<ul class=\"wp-block-list\"><li>13h45 : Accueil<\/li><li>14h00 : \u00ab <strong>Tai chi <\/strong>\u00bb<\/li><li>15h00 : <strong>Enseignement par le V\u00e9n\u00e9rable <\/strong> <strong>Thich Giac Tri d&#8217;Allemagne<\/strong> <\/li><li> 17:00 : Moment convivial  <\/li><li><strong>Participation :<\/strong> 5 \u20ac par personne<\/li><\/ul>\n\n\n\n<p><strong>Dimanche 30 Ao\u00fbt:&nbsp;C\u00e9l\u00e9bration de Vu Lan (Ullumbana)<\/strong> : Comm\u00e9moration de la F\u00eate de Reconnaissance et de Gratitude envers les Anc\u00eatres (Issue du Soutra de Vu Lan sur la Pi\u00e9t\u00e9 Filiale du Bouddha)<\/p>\n\n\n\n<ul class=\"wp-block-list\"><li><strong>10h00 <\/strong>: Accueil et pr\u00e9paration \u00e0 l&#8217;office de Vu Lan<\/li><li><strong>11h00 <\/strong>: C\u00e9r\u00e9monie officielle de Vu Lan et rituel d&#8217;offrande de nourriture devant l&#8217;autel des d\u00e9funts<\/li><li><strong>12h00 <\/strong>: stands de sp\u00e9cialit\u00e9s en &nbsp;vente<\/li><li><strong>13h30 <\/strong>: Enseignement (<strong><span class=\"has-inline-color has-vivid-red-color\">ANNULE<\/span><\/strong>)<\/li><li><strong>14h00 <\/strong>: Rituel de lib\u00e9ration des poissons<\/li><li><strong>16h00<\/strong>&nbsp;: Fin de la Journ\u00e9e<\/li><\/ul>\n\n\n\n<p><strong>Samedi 19 Septembre<\/strong> (<strong><span class=\"has-inline-color has-vivid-red-color\"><strong>ANNULE<\/strong><\/span><\/strong>)<\/p>\n\n\n\n<ul class=\"wp-block-list\"><li>\u00ab\u00a0<strong>Rencontre et pratique dans le Bouddhisme <\/strong>\u00bb<\/li><li>14h00 \u00e0 17h15 &#8211; Participation : 5 \u20ac par personne<\/li><\/ul>\n\n\n\n<p><strong>Samedi 26 Septembre<\/strong> (<strong><strong><span class=\"has-inline-color has-vivid-red-color\">ANNULE<\/span><\/strong><\/strong>)<\/p>\n\n\n\n<ul class=\"wp-block-list\"><li>13h45 :\u00a0\u00a0<strong>Accueil<\/strong><\/li><li>14h00 : \u00ab <strong>Tai chi &#8211; M\u00e9ditation\u00a0<\/strong>\u00bb<\/li><li>15h00 &#8211; 17h00 : <strong>Enseignement par le V\u00e9n\u00e9rable Thich Hoang Khai de Norv\u00e8ge<\/strong><\/li><li><strong>Participation :<\/strong> 5 \u20ac par personne<\/li><\/ul>\n\n\n\n<p><strong>Dimanche 27 Septembre : F\u00eate mi-automne ou F\u00eate des enfants<\/strong> (<strong><span class=\"has-inline-color has-vivid-red-color\"><strong>ANNULE<\/strong><\/span><\/strong>)<\/p>\n\n\n\n<ul class=\"wp-block-list\"><li><strong>10h30&nbsp;<\/strong>:&nbsp;Stands maquillages pour les enfants<\/li><li><strong>11h00&nbsp;<\/strong>: D\u00e9but des stands de sp\u00e9cialit\u00e9s vietnamiennes<\/li><li><strong>13h30&nbsp;<\/strong>:&nbsp;Jeux collectifs pour les enfants<\/li><li><strong>15h30&nbsp;<\/strong>:&nbsp;Danse du dragon et distribution des lampions et des bonbons<\/li><li><strong>16h30<\/strong>&nbsp;: Fin de la Journ\u00e9e<\/li><\/ul>\n\n\n\n<p><strong>Samedi &#8230;. Octobre<\/strong><\/p>\n\n\n\n<ul class=\"wp-block-list\"><li> \u00ab&nbsp;<strong>Rencontre et pratique dans le Bouddhisme<\/strong>&nbsp;\u00bb<\/li><li>14h30 \u00e0 17h15 &#8211;&nbsp;Participation : 5 \u20ac par personne <\/li><\/ul>\n\n\n\n<p><strong>Samedi &#8230;. Octobre<\/strong><\/p>\n\n\n\n<ul class=\"wp-block-list\"><li>13h45 :&nbsp;&nbsp;<strong>Accueil<\/strong><\/li><li><strong>14h00 : Tai Chi<\/strong><\/li><li><strong>15h &#8211; 17h<\/strong>&nbsp;: Un des th\u00e8mes sur <strong>Devenir un meilleur \u00eatre humain<\/strong>&nbsp;donn\u00e9 par Lama Seunam Dorj\u00e9<\/li><li><strong>Participation : 5 \u20ac par personne<\/strong><\/li><\/ul>\n\n\n\n<p><strong>Dimanche &#8230;. Octobre<\/strong><\/p>\n\n\n\n<ul class=\"wp-block-list\"><li>Pratique de la m\u00e9ditation donn\u00e9 par Lama Seunam Dorj\u00e9<\/li><li><strong>15h &#8211; 17h<\/strong>&nbsp;:&nbsp;Participation : 5 \u20ac par personne<\/li><\/ul>\n\n\n\n<p><strong>Samedi &#8230;. Novembre<\/strong><\/p>\n\n\n\n<ul class=\"wp-block-list\"><li>\u00ab&nbsp;<strong>Rencontre et pratique dans le Bouddhisme<\/strong>&nbsp;\u00bb<\/li><li>14h30 \u00e0 17h15 &#8211;&nbsp;Participation : 5 \u20ac par personne<\/li><\/ul>\n\n\n\n<p><strong>Dimanche &#8230;.  Novembre<\/strong>: <strong>\u00ab&nbsp;C\u00e9r\u00e9monie&nbsp;de la derni\u00e8re Pleine Lune, C\u00e9r\u00e9monie de souhaits&nbsp;\u00bb<\/strong><\/p>\n\n\n\n<ul class=\"wp-block-list\"><li>11h00 : C\u00e9r\u00e9monie de souhaits et rituels d\u2019offrandes pour les d\u00e9funts<\/li><li>12h00 : Repas v\u00e9g\u00e9tarien offert<\/li><li>14h00 : R\u00e9citation du Sutra de Souhaits<\/li><li>15h30 : Fin de la c\u00e9r\u00e9monie<\/li><\/ul>\n\n\n\n<p><strong>Samedi &#8230; D\u00e9cembre<\/strong><\/p>\n\n\n\n<ul class=\"wp-block-list\"><li><strong>14h00 : Tai Chi<\/strong><\/li><li><strong>15h &#8211; 17h<\/strong>&nbsp;: Un des th\u00e8mes sur <strong>Devenir un meilleur \u00eatre humain<\/strong>&nbsp;donn\u00e9 par Lama Seunam Dorj\u00e9<\/li><li><strong>Participation : 5 \u20ac par personne<\/strong><\/li><\/ul>\n\n\n\n<p><strong>Dimanche &#8230; D\u00e9cembre<\/strong><\/p>\n\n\n\n<ul class=\"wp-block-list\"><li>Pratique de la m\u00e9ditation donn\u00e9 par Lama Seunam Dorj\u00e9<\/li><li><strong>15h &#8211; 17h<\/strong>&nbsp;:&nbsp;Participation : 5 \u20ac par personne<\/li><\/ul>\n\n\n\n<p><strong>Samedi &#8230;. D\u00e9cembre<\/strong><\/p>\n\n\n\n<ul class=\"wp-block-list\"><li>13h45 :&nbsp;&nbsp;<strong>Accueil<\/strong><\/li><li>14h00 : Tai Chi<\/li><li>15h00 &#8211; 17h00 :&nbsp;&nbsp;<strong>Enseignement (V\u00e9n\u00e9rable Thich Thong Tri)<\/strong><\/li><li>Participation : 5 \u20ac par personne<\/li><li>17:00 Moment convivial<\/li><\/ul>\n\n\n\n<p><strong>Samedi &#8230; D\u00e9cembre&nbsp;<\/strong><\/p>\n\n\n\n<ul class=\"wp-block-list\"><li>\u00ab&nbsp;<strong>Rencontre et pratique dans le Bouddhisme<\/strong>&nbsp;\u00bb<\/li><li>14h30 \u00e0 17h15 &#8211;&nbsp;Participation : 5 \u20ac par personne<\/li><\/ul>\n","protected":false},"excerpt":{"rendered":"<p>Pour tout renseignement, contactez : par mail&nbsp;:&nbsp;pagodethienminh@gmail.com Programme sur les \u00ab&nbsp;Rencontre et pratique dans le Bouddhisme&nbsp;\u00bb (Public et sans inscription) Participation de 5&nbsp;\u20ac par personne&nbsp; \u2026 <a class=\"continue-reading-link\" href=\"https:\/\/www.pagodethienminh.fr\/?page_id=6593\">Continue \u00e0 lire <span class=\"meta-nav\">&rarr; <\/span><\/a><\/p>\n","protected":false},"author":1,"featured_media":0,"parent":51,"menu_order":91,"comment_status":"closed","ping_status":"closed","template":"templates\/template-onecolumn.php","meta":{"_mc_calendar":[],"footnotes":""},"class_list":["post-6593","page","type-page","status-publish","hentry"],"_links":{"self":[{"href":"https:\/\/www.pagodethienminh.fr\/index.php?rest_route=\/wp\/v2\/pages\/6593","targetHints":{"allow":["GET"]}}],"collection":[{"href":"https:\/\/www.pagodethienminh.fr\/index.php?rest_route=\/wp\/v2\/pages"}],"about":[{"href":"https:\/\/www.pagodethienminh.fr\/index.php?rest_route=\/wp\/v2\/types\/page"}],"author":[{"embeddable":true,"href":"https:\/\/www.pagodethienminh.fr\/index.php?rest_route=\/wp\/v2\/users\/1"}],"replies":[{"embeddable":true,"href":"https:\/\/www.pagodethienminh.fr\/index.php?rest_route=%2Fwp%2Fv2%2Fcomments&post=6593"}],"version-history":[{"count":22,"href":"https:\/\/www.pagodethienminh.fr\/index.php?rest_route=\/wp\/v2\/pages\/6593\/revisions"}],"predecessor-version":[{"id":6748,"href":"https:\/\/www.pagodethienminh.fr\/index.php?rest_route=\/wp\/v2\/pages\/6593\/revisions\/6748"}],"up":[{"embeddable":true,"href":"https:\/\/www.pagodethienminh.fr\/index.php?rest_route=\/wp\/v2\/pages\/51"}],"wp:attachment":[{"href":"https:\/\/www.pagodethienminh.fr\/index.php?rest_route=%2Fwp%2Fv2%2Fmedia&parent=6593"}],"curies":[{"name":"wp","href":"https:\/\/api.w.org\/{rel}","templated":true}]}}