{"id":642,"date":"2011-05-06T13:17:57","date_gmt":"2011-05-06T13:17:57","guid":{"rendered":"http:\/\/www.pagodethienminh.fr\/?page_id=642"},"modified":"2013-03-13T15:01:42","modified_gmt":"2013-03-13T15:01:42","slug":"1-y-nghia-hoa-sen","status":"publish","type":"page","link":"https:\/\/www.pagodethienminh.fr\/?page_id=642","title":{"rendered":"\u00dd ngh\u0129a Hoa Sen &#8211; Lotus"},"content":{"rendered":"<p style=\"text-align: center;\"><strong>\u00dd NGH\u0128A HUY HI\u1ec6U HOA SEN G\u0110PT<\/strong><\/p>\n<p style=\"text-align: justify;\"><strong><a rel=\"attachment wp-att-643\" href=\"https:\/\/www.pagodethienminh.fr\/?attachment_id=643\"><img loading=\"lazy\" decoding=\"async\" class=\"aligncenter size-full wp-image-643\" title=\"Le Lotus, symbole du Groupe de la famille des Jeunes Bouddhistes\" src=\"https:\/\/www.pagodethienminh.fr\/wp-content\/uploads\/2011\/05\/HHHS.jpg\" alt=\"\" width=\"226\" height=\"226\" srcset=\"https:\/\/www.pagodethienminh.fr\/wp-content\/uploads\/2011\/05\/HHHS.jpg 226w, https:\/\/www.pagodethienminh.fr\/wp-content\/uploads\/2011\/05\/HHHS-150x150.jpg 150w\" sizes=\"auto, (max-width: 226px) 100vw, 226px\" \/><\/a><br \/>\n<\/strong><\/p>\n<p style=\"text-align: justify;\"><strong> <\/strong><\/p>\n<p style=\"text-align: justify;\">Huy hi\u1ec7u c\u1ee7a Gia \u0110\u00ecnh Ph\u1eadt T\u1eed l\u00e0 d\u1ea5u hi\u1ec7u tr\u00f2n, Hoa sen tr\u1eafng, c\u00f3 t\u00e1m c\u00e1nh n\u1eb1m tr\u00ean n\u1ec1n m\u00e0u xanh l\u00e1 m\u1ea1.<\/p>\n<ul>\n<li style=\"text-align: justify;\"><strong><span style=\"text-decoration: underline;\">H\u00ecnh tr\u00f2n<\/span><\/strong>: t\u01b0\u1ee3ng tr\u01b0ng cho \u0111\u1ea1o Ph\u1eadt vi\u00ean dung, ho\u00e0n to\u00e0n, v\u00f4 ng\u1ea1i.<\/li>\n<li style=\"text-align: justify;\"><strong><span style=\"text-decoration: underline;\">Sen tr\u1eafng<\/span><\/strong>: t\u01b0\u1ee3ng tr\u01b0ng cho \u00e1nh s\u00e1ng c\u1ee7a Tr\u00ed hu\u1ec7 ho\u00e0n to\u00e0n (gi\u00e1c ng\u1ed9), v\u00e0 cho \u00e1nh s\u00e1ng c\u1ee7a h\u1ea1nh Thanh t\u1ecbnh ho\u00e0n to\u00e0n (gi\u1ea3i tho\u00e1t). Hoa sen l\u00e0 lo\u1ea1i hoa m\u1ecdc trong b\u00f9n d\u01a1 nh\u01b0ng v\u1eabn t\u1ecfa ng\u00e1t h\u01b0\u01a1ng th\u01a1m t\u01b0\u1ee3ng tr\u01b0ng cho s\u1ef1 kh\u00f4ng b\u1ecb sa \u0111\u1ecda c\u1ee7a ng\u01b0\u1eddi Ph\u1eadt T\u1eed d\u00f9 s\u1ed1ng v\u1edbi x\u00e3 h\u1ed9i \u0111\u1ed9c \u00e1c d\u01a1 b\u1ea9n.<\/li>\n<\/ul>\n<p style=\"text-align: justify;\"><strong><span style=\"text-decoration: underline;\">=&gt;\u00a0T\u00e1m c\u00e1nh sen<\/span><\/strong>: ch\u1ec9 r\u00f5 m\u1ee5c \u0111\u00edch Gia \u0110\u00ecnh Ph\u1eadt T\u1eed:<\/p>\n<ul>\n<li style=\"text-align: justify;\"> <strong>N\u0103m c\u00e1nh tr\u00ean<\/strong> c\u1ee7a Hoa sen t\u01b0\u1ee3ng tr\u01b0ng cho n\u0103m h\u1ea1nh c\u1ee7a ng\u01b0\u1eddi Ph\u1eadt T\u1eed, t\u1eeb ngo\u00e0i nh\u00ecn v\u00e0o:<\/li>\n<\/ul>\n<p style=\"text-align: justify;\">1.\u00a0<strong>C\u00e1nh gi\u1eefa<\/strong>: h\u1ea1nh <strong>Tinh T\u1ea5n<\/strong>.<\/p>\n<p style=\"text-align: justify;\">2.\u00a0<strong>B\u00ean tr\u00e1i c\u00e1nh gi\u1eefa<\/strong>: h\u1ea1nh <strong>H\u1ef7 X\u1ea3<\/strong>.<\/p>\n<p style=\"text-align: justify;\">3.\u00a0<strong>B\u00ean ph\u1ea3i c\u00e1nh gi\u1eefa<\/strong>: h\u1ea1nh <strong>Thanh T\u1ecbnh.<\/strong><\/p>\n<p style=\"text-align: justify;\">4.\u00a0<strong>B\u00ean tr\u00e1i c\u1ee7a H\u1ef7 X\u1ea3<\/strong>: h\u1ea1nh <strong>Tr\u00ed Hu\u1ec7<\/strong>.<\/p>\n<p style=\"text-align: justify;\">5.\u00a0<strong>B\u00ean ph\u1ea3i c\u1ee7a Thanh T\u1ecbnh<\/strong>: h\u1ea1nh <strong>T\u1eeb Bi<\/strong>.<\/p>\n<ul>\n<li style=\"text-align: justify;\"> <strong>Ba c\u00e1nh d\u01b0\u1edbi <\/strong>t\u01b0\u1ee3ng tr\u01b0ng cho ba ng\u00f4i b\u00e1u, t\u1eeb ngo\u00e0i nh\u00ecn v\u00e0o:<\/li>\n<\/ul>\n<ol>\n<li style=\"text-align: justify;\"> <strong>C\u00e1nh gi\u1eefa<\/strong>: <strong>Ph\u1eadt B\u1ea3o<\/strong>. Ph\u1eadt \u0110\u00e0 c\u00f3 ba ngh\u0129a: T\u1ef1 Gi\u00e1c, l\u00e0 t\u1ef1 m\u00ecnh gi\u00e1c ng\u1ed9. Gi\u00e1c Tha, c\u00f3 ngh\u0129a l\u00e0 gi\u00e1c ng\u1ed9 cho m\u1ecdi lo\u00e0i c\u0169ng \u0111\u1ed3ng gi\u00e1c ng\u1ed9 nh\u01b0 m\u00ecnh. Gi\u00e1c H\u1ea1nh Vi\u00ean M\u00e3n, c\u00f3 ngh\u0129a l\u00e0 hai c\u00f4ng h\u1ea1nh k\u1ec3 tr\u00ean ho\u00e0n to\u00e0n vi\u00ean m\u00e3n. T\u1eeb tr\u01b0\u1edbc t\u1edbi nay c\u00f3 nhi\u1ec1u v\u1ecb \u0111\u00e3 ch\u1ee9ng qu\u1ea3 Ph\u1eadt, nh\u01b0 \u0110\u1ee9c Ph\u1eadt Th\u00edch Ca, \u0110\u1ee9c Ph\u1eadt A Di \u0110\u00e0, \u0110\u1ee9c Ph\u1eadt D\u01b0\u1ee3c S\u01b0, \u0110\u1ee9c Ph\u1eadt Di L\u1eb7c v.v&#8230;<\/li>\n<li style=\"text-align: justify;\"> <strong>C\u00e1nh tr\u00e1i<\/strong>: <strong>Ph\u00e1p B\u1ea3o<\/strong>. Ph\u00e1p l\u00e0 l\u1eddi d\u1ea1y c\u1ee7a \u0110\u1ee9c Ph\u1eadt ho\u1eb7c c\u00e1c v\u1ecb B\u1ed3 T\u00e1t v\u00e2ng theo l\u1eddi Ph\u1eadt m\u00e0 n\u00f3i, ho\u1eb7c c\u00e1c v\u1ecb T\u1ed5 S\u01b0 l\u00e0m ra. L\u1eddi d\u1ea1y tuy\u00ean d\u01b0\u01a1ng ch\u01a1n l\u00fd, c\u00f3 th\u1ec3 \u0111\u01b0a m\u1ecdi lo\u00e0i tho\u00e1t kh\u1ed5 \u0111\u01b0\u1ee3c vui.<\/li>\n<li style=\"text-align: justify;\"><strong>C\u00e1nh ph\u1ea3i<\/strong>: <strong>T\u0103ng B<\/strong><strong>\u1ea3o<\/strong>. T\u0103ng B\u1ea3o l\u00e0 \u0111o\u00e0n th\u1ec3 xu\u1ea5t gia tu h\u00e0nh theo \u0110\u1ea1o Ph\u1eadt, g\u1ed3m b\u1ed1n ng\u01b0\u1eddi tr\u1edf l\u00ean, v\u00e0 s\u1ed1ng theo s\u00e1u ph\u00e9p h\u00f2a k\u00ednh.<\/li>\n<\/ol>\n<p style=\"text-align: justify;\"><span style=\"text-decoration: underline;\">=&gt; <\/span><span style=\"text-decoration: underline;\">M\u00e0u xanh l\u00e1 m\u1ea1<\/span>:\u00a0 l\u00e0 m\u00e0u t\u01b0\u01a1ng lai &#8211; ch\u1ec9 tu\u1ed5i tr\u1ebb \u0111ang v\u01b0\u01a1n l\u00ean \u0111\u1ea7y hy v\u1ecdng \u1edf t\u01b0\u01a1ng lai, m\u00e0u c\u1ee7a Thanh, Thi\u1ebfu, Nhi Ph\u1eadt T\u1eed.<\/p>\n","protected":false},"excerpt":{"rendered":"<p>\u00dd NGH\u0128A HUY HI\u1ec6U HOA SEN G\u0110PT Huy hi\u1ec7u c\u1ee7a Gia \u0110\u00ecnh Ph\u1eadt T\u1eed l\u00e0 d\u1ea5u hi\u1ec7u tr\u00f2n, Hoa sen tr\u1eafng, c\u00f3 t\u00e1m c\u00e1nh n\u1eb1m \u2026 <a class=\"continue-reading-link\" href=\"https:\/\/www.pagodethienminh.fr\/?page_id=642\">Continue \u00e0 lire <span class=\"meta-nav\">&rarr; <\/span><\/a><\/p>\n","protected":false},"author":1,"featured_media":0,"parent":2804,"menu_order":2,"comment_status":"closed","ping_status":"closed","template":"template-onecolumn.php","meta":{"_mc_calendar":[],"footnotes":""},"class_list":["post-642","page","type-page","status-publish","hentry"],"_links":{"self":[{"href":"https:\/\/www.pagodethienminh.fr\/index.php?rest_route=\/wp\/v2\/pages\/642","targetHints":{"allow":["GET"]}}],"collection":[{"href":"https:\/\/www.pagodethienminh.fr\/index.php?rest_route=\/wp\/v2\/pages"}],"about":[{"href":"https:\/\/www.pagodethienminh.fr\/index.php?rest_route=\/wp\/v2\/types\/page"}],"author":[{"embeddable":true,"href":"https:\/\/www.pagodethienminh.fr\/index.php?rest_route=\/wp\/v2\/users\/1"}],"replies":[{"embeddable":true,"href":"https:\/\/www.pagodethienminh.fr\/index.php?rest_route=%2Fwp%2Fv2%2Fcomments&post=642"}],"version-history":[{"count":7,"href":"https:\/\/www.pagodethienminh.fr\/index.php?rest_route=\/wp\/v2\/pages\/642\/revisions"}],"predecessor-version":[{"id":3245,"href":"https:\/\/www.pagodethienminh.fr\/index.php?rest_route=\/wp\/v2\/pages\/642\/revisions\/3245"}],"up":[{"embeddable":true,"href":"https:\/\/www.pagodethienminh.fr\/index.php?rest_route=\/wp\/v2\/pages\/2804"}],"wp:attachment":[{"href":"https:\/\/www.pagodethienminh.fr\/index.php?rest_route=%2Fwp%2Fv2%2Fmedia&parent=642"}],"curies":[{"name":"wp","href":"https:\/\/api.w.org\/{rel}","templated":true}]}}