{"id":6346,"date":"2019-01-30T13:22:28","date_gmt":"2019-01-30T13:22:28","guid":{"rendered":"http:\/\/www.pagodethienminh.fr\/?page_id=6346"},"modified":"2025-06-08T21:18:16","modified_gmt":"2025-06-08T21:18:16","slug":"visites-libre-et-visites-guidees","status":"publish","type":"page","link":"https:\/\/www.pagodethienminh.fr\/?page_id=6346","title":{"rendered":"Visites"},"content":{"rendered":"<p><span style=\"color: #ff0000;\"><strong>Consignes lors de la visite pour le respect du lieu de culte :\u00a0<\/strong><\/span><\/p>\n<ol>\n<li style=\"list-style-type: none;\">\n<ol>\n<li><span style=\"color: #0000ff;\"><strong>Jardins \u00a0:\u00a0<\/strong> <span style=\"color: #ff0000;\"><strong>pas de consigne particuli\u00e8re<\/strong><\/span><\/span><\/li>\n<li><strong><span style=\"color: #0000ff;\">A l&#8217;int\u00e9rieur du temple : <\/span><\/strong>\n<ul>\n<li><span style=\"color: #ff0000;\"><strong>Code vestimentaire :\u00a0<\/strong><\/span>\n<ul>\n<li><span style=\"color: #0000ff;\"><strong>Non autoris\u00e9s<\/strong> : habits courts (d\u00e9bardeurs, d\u00e9collet\u00e9, shorts &#8230; ), se recouvrir dans la salle du temple. <\/span><\/li>\n<li><span style=\"color: #0000ff;\"><strong>Autoris\u00e9s :<\/strong> habits recouvrant les \u00e9paules, habits descendant au minimum jusqu&#8217;aux genoux.<\/span><\/li>\n<li><span style=\"color: #ff0000;\"><strong>Apporter quelque chose pour recouvrir le bas et le haut pour rentrer dans la salle du temple.<\/strong><\/span><\/li>\n<\/ul>\n<\/li>\n<\/ul>\n<\/li>\n<\/ol>\n<\/li>\n<\/ol>\n<p><img loading=\"lazy\" decoding=\"async\" class=\"aligncenter wp-image-6135\" src=\"https:\/\/www.pagodethienminh.fr\/wp-content\/uploads\/2018\/05\/IMG_20180510_002735_014.jpg\" alt=\"\" width=\"355\" height=\"355\" \/><\/p>\n<p><span style=\"color: #0000ff;\"><strong>1.Visite libre des jardins<\/strong><\/span><\/p>\n<ul>\n<li>Samedi : 9h &#8211; 12h \/ 14h &#8211; 18h00<\/li>\n<li>Dimanche : 9h &#8211; 12h \/ 14h &#8211; 17h30<\/li>\n<li>En semaine : 9h30 &#8211; 11h30 \/ 14h &#8211; 17h30<\/li>\n<\/ul>\n<p><span style=\"color: #0000ff;\"><strong>Visite libre du temple<\/strong><\/span><\/p>\n<ul>\n<li>Samedi : 9h &#8211; 12h (Si le temple est disponible)<\/li>\n<li>Dimanche : 16h00 &#8211; 18h00 (Si le temple est disponible)<\/li>\n<li>En semaine : RDV par mail : thienminhpagode@gmail.com<\/li>\n<\/ul>\n<p><strong><span style=\"color: #0000ff;\">2.Visites guid\u00e9es jardin et temple avec initiation \u00e0 la m\u00e9ditation sur r\u00e9servation\u00a0<\/span><\/strong><\/p>\n<ul>\n<li>Samedi : Cr\u00e9neaux possibles de 10h00 \u00e0 12h00 (Selon disponibilit\u00e9s)<\/li>\n<li>Dimanche : 15h30 &#8211; 17h30 (Selon disponibilit\u00e9s)<\/li>\n<\/ul>\n<p>Les visites guid\u00e9es <strong>(***)<\/strong> sont programm\u00e9es soit \u00e0 l&#8217;initiative du temple,\u00a0 affich\u00e9es directement sur la page d&#8217;accueil du site, soit sur rendez-vous si vous \u00eates une famille, un groupe d&#8217;amis, des \u00e9coles, des associations, en contactant par mail <strong>pagodethienminh@gmail.com<\/strong>, ou par t\u00e9l\u00e9phone au <strong>06 21 39 05 43<\/strong>.<\/p>\n<p><strong>(***)<\/strong> Les visites guid\u00e9es peuvent \u00eatre suivies d&#8217;un d\u00e9jeuner v\u00e9g\u00e9tarien sur r\u00e9servation pour un nombre <span style=\"color: #0000ff;\"><strong>minimum de 25 personnes<\/strong><\/span>. Ces visites se d\u00e9roulent un samedi matin \u00e0 partir de 09h45, selon la disponibilit\u00e9 du temple.<\/p>\n<p>Une visite guid\u00e9e se d\u00e9roule en deux sessions : Les explications autour du jardin, une pr\u00e9sentation du temple et du bouddhisme dans la salle de c\u00e9r\u00e9monie avec une initiation \u00e0 la m\u00e9ditation.<\/p>\n<p><strong><span style=\"color: #0000ff;\">3.S\u00e9ance de rencontre et de pratique avec le bouddhisme<\/span><\/strong><\/p>\n<ul>\n<li>S\u00e9ances organis\u00e9es les Samedis apr\u00e8s midi selon le programme suivant envoy\u00e9 un mail \u00e0 pagodethienminh@gmail.com pour \u00eatre dans la liste de diffusion, selon le d\u00e9roulement suivant:\n<ul>\n<li>13h45 : Accueil des participants<\/li>\n<li>14h00 : Tai-chi sur le terrain ext\u00e9rieur au niveau du temple<\/li>\n<li>15h00 ou 14h00 (si pas de Tai Chi)\u00a0: M\u00e9ditation guid\u00e9e (par session de 10-15 minutes) dans la salle du temple<\/li>\n<li>16h00 ou 15h00 (si pas de Tai Chi) : Enseignement th\u00e9matique dans la salle du temple<\/li>\n<li>17h15 ou 16h15 (si pas de Tai Chi) : partage convivial &#8211; go\u00fbter (apporter vos verres, des g\u00e2teaux &#8230;)<\/li>\n<\/ul>\n<\/li>\n<\/ul>\n<p><span style=\"color: #0000ff;\"><strong>Question pratique pour les visites :<\/strong><\/span><\/p>\n<p>Veuillez vous garer sur le parking du temple. Le point de rendez-vous sera sur le parking \u00e0 10 minutes avant l&#8217;heure de la visite guid\u00e9e face au Bouddha couch\u00e9.<\/p>\n<p>Pour s&#8217;inscrire \u00e0 la mailing liste, veuillez envoyer un mail \u00e0 <strong>pagodethienminh@gmail.com<\/strong> pour les sessions de rencontre et pratique avec le bouddhisme.<\/p>\n<ul>\n<li><span style=\"color: #0000ff;\"><strong>Participation pour la visite guid\u00e9e avec initiation \u00e0 la m\u00e9ditation :<\/strong> 5 euros par adulte \/ Gratuit pour les \u00e9tudiants et moins de 18 ans.<\/span><\/li>\n<li><span style=\"color: #0000ff;\"><strong>Participation pour la\u00a0s\u00e9ance\u00a0de rencontre et de\u00a0pratique\u00a0:<\/strong><\/span> 5 euros par adulte \/ Gratuit pour les \u00e9tudiants et moins de 18 ans.<\/li>\n<\/ul>\n<p><span style=\"color: #ff0000;\">Une bo\u00eete de participation est mise \u00e0 disposition librement d\u00e8s l&#8217;entr\u00e9e dans la salle du temple.<\/span><\/p>\n<p><img loading=\"lazy\" decoding=\"async\" class=\"aligncenter size-full wp-image-5798\" src=\"https:\/\/www.pagodethienminh.fr\/wp-content\/uploads\/2017\/05\/IMG_9740.jpg\" alt=\"\" width=\"2048\" height=\"1365\" \/><\/p>\n<p><img loading=\"lazy\" decoding=\"async\" class=\"aligncenter size-full wp-image-6244\" src=\"https:\/\/www.pagodethienminh.fr\/wp-content\/uploads\/2018\/09\/IMG_9966_resultat.jpg\" alt=\"\" width=\"1800\" height=\"1200\" \/><\/p>\n<h2><span style=\"color: #ff0000;\">Adresse du site:<\/span><\/h2>\n<h3 style=\"text-align: center;\"><strong>51 Rue de Cuzieu<\/strong><\/h3>\n<h3 style=\"text-align: center;\"><strong>69110 Ste Foy-L\u00e8s-Lyon,\u00a0FRANCE<\/strong><\/h3>\n<h3 style=\"text-align: center;\"><strong>Mail : pagodethienminh@gmail.com<\/strong><\/h3>\n<address>\u00a0<\/address>\n<address style=\"text-align: center;\"><iframe loading=\"lazy\" src=\"http:\/\/maps.google.com\/maps?f=q&amp;source=s_q&amp;hl=fr&amp;geocode=&amp;q=51+Rue+de+Cuzieu,+Sainte-Foy-l%C3%A8s-Lyon,+France&amp;aq=0&amp;sll=37.0625,-95.677068&amp;sspn=55.455479,79.013672&amp;ie=UTF8&amp;hq=&amp;hnear=51+Rue+de+Cuzieu,+69110+Sainte-Foy-l%C3%A8s-Lyon,+Rh%C3%B4ne,+Rh%C3%B4ne-Alpes,+France&amp;ll=45.731558,4.782186&amp;spn=0.014379,0.027466&amp;z=15&amp;iwloc=A&amp;output=embed\" width=\"640\" height=\"480\" frameborder=\"0\" marginwidth=\"0\" marginheight=\"0\" scrolling=\"no\"><\/iframe><br \/>\n<small><a style=\"color: #0000ff; text-align: left;\" href=\"http:\/\/maps.google.com\/maps?f=q&amp;source=embed&amp;hl=fr&amp;geocode=&amp;q=51+Rue+de+Cuzieu,+Sainte-Foy-l%C3%A8s-Lyon,+France&amp;aq=0&amp;sll=37.0625,-95.677068&amp;sspn=55.455479,79.013672&amp;ie=UTF8&amp;hq=&amp;hnear=51+Rue+de+Cuzieu,+69110+Sainte-Foy-l%C3%A8s-Lyon,+Rh%C3%B4ne,+Rh%C3%B4ne-Alpes,+France&amp;ll=45.731558,4.782186&amp;spn=0.014379,0.027466&amp;z=15&amp;iwloc=A\">Agrandir le plan<\/a><\/small><\/address>\n","protected":false},"excerpt":{"rendered":"<p>Consignes lors de la visite pour le respect du lieu de culte :\u00a0 Jardins \u00a0:\u00a0 pas de consigne particuli\u00e8re A l&#8217;int\u00e9rieur du temple : Code \u2026 <a class=\"continue-reading-link\" href=\"https:\/\/www.pagodethienminh.fr\/?page_id=6346\">Continue \u00e0 lire <span class=\"meta-nav\">&rarr; <\/span><\/a><\/p>\n","protected":false},"author":1,"featured_media":0,"parent":0,"menu_order":2,"comment_status":"closed","ping_status":"closed","template":"","meta":{"_mc_calendar":[],"footnotes":""},"class_list":["post-6346","page","type-page","status-publish","hentry"],"_links":{"self":[{"href":"https:\/\/www.pagodethienminh.fr\/index.php?rest_route=\/wp\/v2\/pages\/6346","targetHints":{"allow":["GET"]}}],"collection":[{"href":"https:\/\/www.pagodethienminh.fr\/index.php?rest_route=\/wp\/v2\/pages"}],"about":[{"href":"https:\/\/www.pagodethienminh.fr\/index.php?rest_route=\/wp\/v2\/types\/page"}],"author":[{"embeddable":true,"href":"https:\/\/www.pagodethienminh.fr\/index.php?rest_route=\/wp\/v2\/users\/1"}],"replies":[{"embeddable":true,"href":"https:\/\/www.pagodethienminh.fr\/index.php?rest_route=%2Fwp%2Fv2%2Fcomments&post=6346"}],"version-history":[{"count":8,"href":"https:\/\/www.pagodethienminh.fr\/index.php?rest_route=\/wp\/v2\/pages\/6346\/revisions"}],"predecessor-version":[{"id":7690,"href":"https:\/\/www.pagodethienminh.fr\/index.php?rest_route=\/wp\/v2\/pages\/6346\/revisions\/7690"}],"wp:attachment":[{"href":"https:\/\/www.pagodethienminh.fr\/index.php?rest_route=%2Fwp%2Fv2%2Fmedia&parent=6346"}],"curies":[{"name":"wp","href":"https:\/\/api.w.org\/{rel}","templated":true}]}}