{"id":628,"date":"2011-05-06T12:59:31","date_gmt":"2011-05-06T12:59:31","guid":{"rendered":"http:\/\/www.pagodethienminh.fr\/?page_id=628"},"modified":"2013-03-14T08:02:48","modified_gmt":"2013-03-14T08:02:48","slug":"1ao-qualites-humaines","status":"publish","type":"page","link":"https:\/\/www.pagodethienminh.fr\/?page_id=628","title":{"rendered":"Les Qualit\u00e9s humaines"},"content":{"rendered":"<p style=\"text-align: center;\"><strong>Les qualit\u00e9s humaines : c\u0153ur de l&#8217;\u00e9quilibre et de l&#8217;harmonie<\/strong><\/p>\n<p style=\"text-align: justify;\"><a href=\"https:\/\/www.pagodethienminh.fr\/?attachment_id=629\" rel=\"attachment wp-att-629\"><img loading=\"lazy\" decoding=\"async\" class=\"alignleft size-medium wp-image-629\" title=\"Amitabha Bouddha\" alt=\"\" src=\"https:\/\/www.pagodethienminh.fr\/wp-content\/uploads\/2011\/05\/G_M-Amitabha0-224x300.jpg\" width=\"224\" height=\"300\" srcset=\"https:\/\/www.pagodethienminh.fr\/wp-content\/uploads\/2011\/05\/G_M-Amitabha0-224x300.jpg 224w, https:\/\/www.pagodethienminh.fr\/wp-content\/uploads\/2011\/05\/G_M-Amitabha0-112x150.jpg 112w, https:\/\/www.pagodethienminh.fr\/wp-content\/uploads\/2011\/05\/G_M-Amitabha0.jpg 383w\" sizes=\"auto, (max-width: 224px) 100vw, 224px\" \/><\/a>L&#8217;\u00e9quilibre et l&#8217;harmonie sont deux \u00e9tats de bien \u00eatre dont les hommes se battent pour les cultiver. L&#8217;\u00e9quilibre et l&#8217;harmonie se trouvent dans toute chose: dans la nature, dans les \u00eatres vivants, dans les v\u00e9g\u00e9taux, dans les relations entre les diff\u00e9rents \u00e9l\u00e9ments du monde. On pourra dire que le monde sera en \u00e9quilibre et en harmonie si les pays sont eux-m\u00eames en \u00e9quilibre et en harmonie, et que chaque pays se trouvera en harmonie si les soci\u00e9t\u00e9s elles-m\u00eames baignent dans l&#8217;harmonie et l&#8217;\u00e9quilibre, et que la soci\u00e9t\u00e9 sera en harmonie si chaque famille et chaque couple vivent eux-m\u00eames en harmonie en eux et entre eux. Telle est la loi d&#8217;interd\u00e9pendance!<br \/>\nL&#8217;\u00e9quilibre et l&#8217;harmonie du monde tient entre les mains de chaque personne, de chaque famille: chaque personne est la seule responsable de son \u00e9quilibre ou de son d\u00e9s\u00e9quilibre, ainsi elle sera la cause de l&#8217;\u00e9tat de son environnement. Elle poss\u00e8de en elle la graine de l&#8217;\u00e9quilibre et de l&#8217;harmonie. Elle peut d\u00e9cider de semer cette graine et la cultiver avec conscience dans le jardin de sa vie.<br \/>\nCette graine contient toute l&#8217;histoire du chemin de l&#8217;arbre qui donnera les fruits de l&#8217;\u00e9quilibre et de l&#8217;harmonie. Pour que cet arbre puisse pousser et grandir et que ses fruits puissent \u00eatre cueillis, chaque personne doit respecter des conditions :<\/p>\n<ul>\n<li style=\"text-align: justify;\">Condition de prendre soin r\u00e9guli\u00e8rement de l&#8217;arbre, telle une attention juste et une compr\u00e9hension juste de soi mais aussi d&#8217;autrui<\/li>\n<li style=\"text-align: justify;\">Condition de lui donner de la lumi\u00e8re, de l&#8217;\u00e9nergie, telle la Sagesse dans les r\u00e9flexions, dans les paroles et dans les actions<\/li>\n<li style=\"text-align: justify;\">Condition de lui apporter de l&#8217;eau douce et pure, telle la douceur de la Compassion et la puret\u00e9 de l&#8217;Amour<\/li>\n<li style=\"text-align: justify;\">Condition de l&#8217;entretenir avec une terre fertile et souple, telle une pers\u00e9v\u00e9rance bienveillante et une g\u00e9n\u00e9rosit\u00e9 venant du c\u0153ur<\/li>\n<\/ul>\n<p style=\"text-align: justify;\">C&#8217;est dans le d\u00e9veloppement des grandes qualit\u00e9s humaines, telles que la g\u00e9n\u00e9rosit\u00e9, la patience, la pers\u00e9v\u00e9rance, la compassion, l&#8217;amour bienveillant, la joie sympathisant, le respect, la tol\u00e9rance et la Sagesse que les fruits de l&#8217;\u00e9quilibre et de l&#8217;harmonie pourront m\u00fbrir et puissent-ils \u00eatre cueillis afin de nourrir les valeurs et les relations humaines.<\/p>\n<p style=\"text-align: justify;\">Vivre dans l&#8217;\u00e9quilibre et l&#8217;harmonie, c&#8217;est vivre dans la g\u00e9n\u00e9rosit\u00e9, c&#8217;est apprendre \u00e0 partager un savoir, une parole, un mat\u00e9riel et cela est le rem\u00e8de contre l&#8217;\u00e9go\u00efsme et le d\u00e9sir de poss\u00e9der les choses ou les personnes. Dans un monde d\u00e9s\u00e9quilibr\u00e9 mentalement, physiquement et mat\u00e9riellement, il faut apprendre \u00e0 donner avec le c\u0153ur pour ramener le bien \u00eatre, comme les parents pour leurs enfants. Le Bouddha a dit :<\/p>\n<p style=\"text-align: center;\"><em><strong>&#8221; Meilleur que mille mots sans utilit\u00e9, est un seul mot b\u00e9n\u00e9fique,<\/strong><\/em><br \/>\n<em><strong> qui pacifie celui qui l&#8217;entend.&#8221;<\/strong><\/em><\/p>\n<p style=\"text-align: justify;\">Vivre dans l&#8217;\u00e9quilibre et l&#8217;harmonie, c&#8217;est vivre dans la compassion, c&#8217;est savoir reconna\u00eetre la souffrance de l&#8217;autre, afin de l&#8217;aider \u00e0 se lib\u00e9rer de sa souffrance. La compassion est le rem\u00e8de contre la col\u00e8re et l&#8217;agressivit\u00e9. Une personne sans souffrance est une personne remplie de bonheur, essence du parfum de l&#8217;harmonie. Le Bouddha a dit :<\/p>\n<address style=\"text-align: center;\"><strong>\u00abOn peut allumer des dizaines de bougies \u00e0 partir d&#8217;une seule<\/strong><\/address>\n<address style=\"text-align: center;\"><strong> sans en abr\u00e9ger la vie.<\/strong><br \/>\n<strong> On ne diminue pas le bonheur en le partageant.\u00bb<\/strong><\/address>\n<p style=\"text-align: justify;\">Vivre dans l&#8217;\u00e9quilibre et l&#8217;harmonie, c&#8217;est aussi vivre dans la joie sympathisante, c&#8217;est agir pour le bien \u00eatre de l&#8217;autre, lui fournir un \u00e9tat stable. La joie sympathisante est le rem\u00e8de contre la jalousie et la haine, c&#8217;est \u00eatre heureux en voyant l&#8217;autre heureux.<\/p>\n<p style=\"text-align: justify;\">Vivre dans l&#8217;\u00e9quilibre et l&#8217;harmonie, c&#8217;est aussi vivre dans l&#8217;amour bienveillant, c&#8217;est aimer sans se faire souffrir et sans faire souffrir l&#8217;autre. L&#8217;amour par nature n&#8217;est pas source de souffrance : souffrir par amour ne peut se d\u00e9finir comme de l&#8217;amour. Comprendre cela permet de d\u00e9velopper de la bienveillance \u00e0 l&#8217;autre, source de bien \u00eatre et d&#8217;harmonie.<\/p>\n<p style=\"text-align: justify;\">Aimer, vivre avec l&#8217;autre, c&#8217;est apprendre \u00e0 \u00eatre un meilleur \u00eatre humain pour notre environnement, en d\u00e9veloppant le respect de toute chose: le respect des id\u00e9es, des mots, des actions, le respect des \u00eatres vivants, de l&#8217;environnement, de la soci\u00e9t\u00e9 et du monde et cela avec grande Sagesse par la pleine conscience.<\/p>\n<p style=\"text-align: justify;\">Aimer, vivre avec l&#8217;autre, c&#8217;est aussi apprendre \u00e0 pers\u00e9v\u00e9rer dans la cr\u00e9ation et le d\u00e9veloppement d&#8217;actions b\u00e9n\u00e9fiques pour l&#8217;autre et pour son environnement. Et cela pour construire solidement une base sur laquelle la vie de couple, de la famille pourra \u00eatre b\u00e2tie par une attention juste en sachant<\/p>\n<ul style=\"text-align: justify;\">\n<li>que d\u00e9truire est si simple et si rapide \u00e0 r\u00e9aliser<\/li>\n<li>et que construire demande beaucoup de temps, d&#8217;efforts et de patience.<\/li>\n<\/ul>\n<p style=\"text-align: justify;\">Comme dans un couple qui se construit, si la base est fragile, un tremblement d\u00fb \u00e0 la col\u00e8re ou \u00e0 la jalousie peut faire tomber l&#8217;\u00e9difice de la relation.<\/p>\n","protected":false},"excerpt":{"rendered":"<p>Les qualit\u00e9s humaines : c\u0153ur de l&#8217;\u00e9quilibre et de l&#8217;harmonie L&#8217;\u00e9quilibre et l&#8217;harmonie sont deux \u00e9tats de bien \u00eatre dont les hommes se battent pour \u2026 <a class=\"continue-reading-link\" href=\"https:\/\/www.pagodethienminh.fr\/?page_id=628\">Continue \u00e0 lire <span class=\"meta-nav\">&rarr; <\/span><\/a><\/p>\n","protected":false},"author":1,"featured_media":0,"parent":450,"menu_order":15,"comment_status":"closed","ping_status":"closed","template":"template-onecolumn.php","meta":{"_mc_calendar":[],"footnotes":""},"class_list":["post-628","page","type-page","status-publish","hentry"],"_links":{"self":[{"href":"https:\/\/www.pagodethienminh.fr\/index.php?rest_route=\/wp\/v2\/pages\/628","targetHints":{"allow":["GET"]}}],"collection":[{"href":"https:\/\/www.pagodethienminh.fr\/index.php?rest_route=\/wp\/v2\/pages"}],"about":[{"href":"https:\/\/www.pagodethienminh.fr\/index.php?rest_route=\/wp\/v2\/types\/page"}],"author":[{"embeddable":true,"href":"https:\/\/www.pagodethienminh.fr\/index.php?rest_route=\/wp\/v2\/users\/1"}],"replies":[{"embeddable":true,"href":"https:\/\/www.pagodethienminh.fr\/index.php?rest_route=%2Fwp%2Fv2%2Fcomments&post=628"}],"version-history":[{"count":6,"href":"https:\/\/www.pagodethienminh.fr\/index.php?rest_route=\/wp\/v2\/pages\/628\/revisions"}],"predecessor-version":[{"id":3341,"href":"https:\/\/www.pagodethienminh.fr\/index.php?rest_route=\/wp\/v2\/pages\/628\/revisions\/3341"}],"up":[{"embeddable":true,"href":"https:\/\/www.pagodethienminh.fr\/index.php?rest_route=\/wp\/v2\/pages\/450"}],"wp:attachment":[{"href":"https:\/\/www.pagodethienminh.fr\/index.php?rest_route=%2Fwp%2Fv2%2Fmedia&parent=628"}],"curies":[{"name":"wp","href":"https:\/\/api.w.org\/{rel}","templated":true}]}}