{"id":5713,"date":"2017-02-18T09:51:42","date_gmt":"2017-02-18T09:51:42","guid":{"rendered":"http:\/\/www.pagodethienminh.fr\/?page_id=5713"},"modified":"2017-02-18T10:11:44","modified_gmt":"2017-02-18T10:11:44","slug":"12-loi-dai-nguyen-cua-quan-the-am-bo-tat","status":"publish","type":"page","link":"https:\/\/www.pagodethienminh.fr\/?page_id=5713","title":{"rendered":"12 l\u1eddi \u0111\u1ea1i nguy\u1ec7n c\u1ee7a Qu\u00e1n Th\u1ebf \u00c2m B\u1ed3 T\u00e1t"},"content":{"rendered":"<p class=\"style15\"><img loading=\"lazy\" decoding=\"async\" title=\"12 l\u1eddi \u0111\u1ea1i nguy\u1ec7n c\u1ee7a Qu\u00e1n Th\u1ebf \u00c2m B\u1ed3 T\u00e1t\" src=\"http:\/\/data.inet.vn\/userfiles\/image\/12-dai-nguyen-cua-quan-the-am-bo-tat.jpg\" alt=\"12 dai nguyen cua quan the am bo tat\" width=\"280\" height=\"420\" \/><\/p>\n<p class=\"style15\"><em>\u0110\u1ee9c Qu\u00e1n Th\u1ebf \u00c2m B\u1ed3 T\u00e1t<\/em><\/p>\n<h2><strong>1. NGUY\u1ec6N TH\u1ee8 NH\u1ea4T C\u1ee6A \u0110\u1ee8C QU\u00c1N TH\u1ebe \u00c2M B\u1ed2 T\u00c1T<\/strong><\/h2>\n<p class=\"style15\">Khi th\u00e0nh B\u1ed3 T\u00e1t<br \/>\nDanh hi\u1ec7u t\u00f4i: T\u1ef1 T\u1ea1i Qu\u00e1n \u00c2m<br \/>\nM\u01b0\u1eddi hai l\u1eddi nguy\u1ec7n cao th\u00e2m<br \/>\n\u201cNghe ti\u1ebfng c\u1ee9u kh\u1ed5\u201d Qu\u00e1n \u00c2m th\u1ec1 nguy\u1ec1n.<\/p>\n<p class=\"style15\">2. Nguy\u1ec7n Th\u1ee9 Hai c\u1ee7a \u0110\u1ee9c Qu\u00e1n Th\u1ebf \u00c2m B\u1ed3 T\u00e1t<\/p>\n<p class=\"style15\">Kh\u00f4ng n\u00e0i gian kh\u1ed5<br \/>\nQuy\u1ebft m\u1ed9t l\u00f2ng c\u1ee9u \u0111\u1ed9 ch\u00fang sanh<br \/>\nLu\u00f4n lu\u00f4n th\u1ecb hi\u1ec7n bi\u1ec3n \u0111\u00f4ng<br \/>\nV\u1edbt ng\u01b0\u1eddi ch\u00ecm \u0111\u1eafm, khi d\u00f4ng gi\u00f3 nhi\u1ec1u.<\/p>\n<p class=\"style15\">3. Nguy\u1ec7n Th\u1ee9 Ba c\u1ee7a \u0110\u1ee9c Qu\u00e1n Th\u1ebf \u00c2m B\u1ed3 T\u00e1t<\/p>\n<p class=\"style15\">Ta B\u00e0 \u1ee9ng hi\u1ec7n<br \/>\nCh\u1ed1n U Minh nhi\u1ec1u chuy\u1ec7n kh\u1ed5 \u0111au<br \/>\nOan oan t\u01b0\u01a1ng b\u00e1o h\u1ea1i nhau<br \/>\nNghe ti\u1ebfng than th\u1edf, mau mau c\u1ee9u li\u1ec1n.<\/p>\n<p>4. Nguy\u1ec7n Th\u1ee9 T\u01b0 c\u1ee7a \u0110\u1ee9c Qu\u00e1n Th\u1ebf \u00c2m B\u1ed3 T\u00e1t<\/p>\n<p class=\"style15\">Hay tr\u1eeb y\u00eau qu\u00e1i<br \/>\nBao nhi\u00eau lo\u00e0i ma qu\u1ec9 g\u1edbm gh\u00ea<br \/>\n\u0110\u1ed9 cho ch\u00fang h\u1ebft u m\u00ea<br \/>\nD\u1ee9t tr\u1eeb nguy hi\u1ec3m, kh\u00f4ng h\u1ec1 nhi\u1ec5u nh\u01b0\u01a1ng.<\/p>\n<p>5. Nguy\u1ec7n Th\u1ee9 N\u0103m c\u1ee7a \u0110\u1ee9c Qu\u00e1n Th\u1ebf \u00c2m B\u1ed3 T\u00e1t<\/p>\n<p class=\"style15\">Tay c\u1ea7m D\u01b0\u01a1ng Li\u1ec5u<br \/>\nN\u01b0\u1edbc cam l\u1ed3 r\u01b0\u1edbi m\u00e1t nh\u00e2n thi\u00ean<br \/>\nCh\u00fang sanh \u0111i\u00ean \u0111\u1ea3o, \u0111\u1ea3o \u0111i\u00ean<br \/>\nAn vui m\u00e1t m\u1ebb, \u01b0u phi\u1ec1n ti\u00eau tan.<\/p>\n<p class=\"style15\">6. Nguy\u1ec7n Th\u1ee9 S\u00e1u c\u1ee7a \u0110\u1ee9c Qu\u00e1n Th\u1ebf \u00c2m B\u1ed3 T\u00e1t<\/p>\n<p class=\"style15\">Th\u01b0\u1eddng h\u00e0nh b\u00ecnh \u0111\u1eb3ng<br \/>\nL\u00f2ng t\u1eeb bi th\u01b0\u01a1ng x\u00f3t ch\u00fang sanh<br \/>\nH\u1ef7 x\u1ea3 t\u1ea5t c\u1ea3 l\u1ed7i l\u1ea7m<br \/>\nTh\u01b0\u1eddng h\u00e0nh b\u00ecnh \u0111\u1eb3ng, ch\u00fang sanh m\u1ecdi lo\u00e0i.<\/p>\n<p class=\"style15\">7. Nguy\u1ec7n Th\u1ee9 B\u1ea3y c\u1ee7a \u0110\u1ee9c Qu\u00e1n Th\u1ebf \u00c2m B\u1ed3 T\u00e1t<\/p>\n<p class=\"style15\">D\u1ee9t ba \u0111\u01b0\u1eddng d\u1eef<br \/>\nCh\u1ed1n ng\u1ee5c h\u00ecnh, ng\u1ea1 qu\u1ec9, s\u00fac sanh<br \/>\nC\u1ecdp beo&#8230;, th\u00fa d\u1eef v\u00e2y quanh<br \/>\nQu\u00e1n \u00c2m th\u1ecb hi\u1ec7n, ch\u00fang sanh tho\u00e1t n\u00e0n.<\/p>\n<p class=\"style15\">8. Nguy\u1ec7n Th\u1ee9 T\u00e1m c\u1ee7a \u0110\u1ee9c Qu\u00e1n Th\u1ebf \u00c2m B\u1ed3 T\u00e1t<\/p>\n<p class=\"style15\">Gi\u1ea3i tho\u00e1t c\u00f2ng la<br \/>\nN\u1ebfu t\u1ed9i nh\u00e2n s\u1eafp b\u1ecb kh\u1ea3o tra<br \/>\nTh\u00e0nh t\u00e2m l\u1ec5 b\u00e1i thi\u1ebft tha<br \/>\nQu\u00e1n \u00c2m ph\u00f2 h\u1ed9, tho\u00e1t ra nh\u1eb9 nh\u00e0ng.<\/p>\n<p class=\"style15\">9. Nguy\u1ec7n Th\u1ee9 Ch\u00edn c\u1ee7a \u0110\u1ee9c Qu\u00e1n Th\u1ebf \u00c2m B\u1ed3 T\u00e1t<\/p>\n<p class=\"style15\">C\u1ee9u v\u1edbt h\u00e0m linh<br \/>\nTr\u00ean con thuy\u1ec1n B\u00e1t Nh\u00e3 l\u00eanh \u0111\u00eanh<br \/>\nB\u1ed1n b\u1ec1 bi\u1ec3n kh\u1ed5 ch\u00f4ng ch\u00eanh<br \/>\nQu\u00e1n \u00c2m \u0111\u1ed9 h\u1ebft, \u0111\u01b0a l\u00ean Ni\u1ebft B\u00e0n.<\/p>\n<p class=\"style15\">10. Nguy\u1ec7n Th\u1ee9 M\u01b0\u1eddi c\u1ee7a \u0110\u1ee9c Qu\u00e1n Th\u1ebf \u00c2m B\u1ed3 T\u00e1t<\/p>\n<p class=\"style15\">T\u00e2y Ph\u01b0\u01a1ng ti\u1ebfp d\u1eabn<br \/>\nTr\u00e0ng hoa th\u01a1m, k\u1ef9 nh\u1ea1c, l\u1ed9ng t\u00e0n<br \/>\nTr\u00e0ng phan, b\u1ea3o c\u00e1i trang ho\u00e0ng<br \/>\nQu\u00e1n \u00c2m ti\u1ebfp d\u1eabn, \u0111\u01b0a \u0111\u00e0ng v\u1ec1 T\u00e2y.<\/p>\n<p class=\"style15\">11. Nguy\u1ec7n Th\u1ee9 M\u01b0\u1eddi M\u1ed9t c\u1ee7a \u0110\u1ee9c Qu\u00e1n Th\u1ebf \u00c2m B\u1ed3 T\u00e1t<\/p>\n<p class=\"style15\">Di \u0110\u00e0 th\u1ecd k\u00fd<br \/>\nC\u1ea3nh T\u00e2y Ph\u01b0\u01a1ng, tu\u1ed5i th\u1ecd kh\u00f4n l\u01b0\u1eddng<br \/>\nCh\u00fang sanh mu\u1ed1n s\u1ed1ng mi\u00ean tr\u01b0\u1eddng<br \/>\nQu\u00e1n \u00c2m nh\u1edb ni\u1ec7m, T\u00e2y Ph\u01b0\u01a1ng mau v\u1ec1.<\/p>\n<p class=\"style15\">12. Nguy\u1ec7n Th\u1ee9 M\u01b0\u1eddi Hai c\u1ee7a \u0110\u1ee9c Qu\u00e1n Th\u1ebf \u00c2m B\u1ed3 T\u00e1t<\/p>\n<p class=\"style15\">Tu h\u00e0nh tin t\u1ea5n<br \/>\nD\u00f9 th\u00e2n n\u1ea7y tan n\u00e1t c\u0169ng \u0111\u00e0nh<br \/>\nTh\u00e0nh t\u00e2m nghi\u00eam ch\u1ec9nh th\u1ef1c h\u00e0nh<br \/>\nM\u01b0\u1eddi hai c\u00e2u nguy\u1ec7n \u0111\u1ed9 sanh \u0111\u1eddi \u0111\u1eddi.<\/p>\n","protected":false},"excerpt":{"rendered":"<p>\u0110\u1ee9c Qu\u00e1n Th\u1ebf \u00c2m B\u1ed3 T\u00e1t 1. NGUY\u1ec6N TH\u1ee8 NH\u1ea4T C\u1ee6A \u0110\u1ee8C QU\u00c1N TH\u1ebe \u00c2M B\u1ed2 T\u00c1T Khi th\u00e0nh B\u1ed3 T\u00e1t Danh hi\u1ec7u t\u00f4i: T\u1ef1 \u2026 <a class=\"continue-reading-link\" href=\"https:\/\/www.pagodethienminh.fr\/?page_id=5713\">Continue \u00e0 lire <span class=\"meta-nav\">&rarr; <\/span><\/a><\/p>\n","protected":false},"author":1,"featured_media":0,"parent":4137,"menu_order":0,"comment_status":"closed","ping_status":"closed","template":"template-onecolumn.php","meta":{"_mc_calendar":[],"footnotes":""},"class_list":["post-5713","page","type-page","status-publish","hentry"],"_links":{"self":[{"href":"https:\/\/www.pagodethienminh.fr\/index.php?rest_route=\/wp\/v2\/pages\/5713","targetHints":{"allow":["GET"]}}],"collection":[{"href":"https:\/\/www.pagodethienminh.fr\/index.php?rest_route=\/wp\/v2\/pages"}],"about":[{"href":"https:\/\/www.pagodethienminh.fr\/index.php?rest_route=\/wp\/v2\/types\/page"}],"author":[{"embeddable":true,"href":"https:\/\/www.pagodethienminh.fr\/index.php?rest_route=\/wp\/v2\/users\/1"}],"replies":[{"embeddable":true,"href":"https:\/\/www.pagodethienminh.fr\/index.php?rest_route=%2Fwp%2Fv2%2Fcomments&post=5713"}],"version-history":[{"count":3,"href":"https:\/\/www.pagodethienminh.fr\/index.php?rest_route=\/wp\/v2\/pages\/5713\/revisions"}],"predecessor-version":[{"id":5716,"href":"https:\/\/www.pagodethienminh.fr\/index.php?rest_route=\/wp\/v2\/pages\/5713\/revisions\/5716"}],"up":[{"embeddable":true,"href":"https:\/\/www.pagodethienminh.fr\/index.php?rest_route=\/wp\/v2\/pages\/4137"}],"wp:attachment":[{"href":"https:\/\/www.pagodethienminh.fr\/index.php?rest_route=%2Fwp%2Fv2%2Fmedia&parent=5713"}],"curies":[{"name":"wp","href":"https:\/\/api.w.org\/{rel}","templated":true}]}}