{"id":5592,"date":"2016-08-08T16:28:52","date_gmt":"2016-08-08T16:28:52","guid":{"rendered":"http:\/\/www.pagodethienminh.fr\/?page_id=5592"},"modified":"2019-01-30T17:01:07","modified_gmt":"2019-01-30T17:01:07","slug":"annee-2017","status":"publish","type":"page","link":"https:\/\/www.pagodethienminh.fr\/?page_id=5592","title":{"rendered":"Ann\u00e9e 2017"},"content":{"rendered":"<p>Pour tout renseignement, contactez :<\/p>\n<ul>\n<li>par mail\u00a0:\u00a0<strong><em><a href=\"mailto:huyencao2803@yahoo.fr\">pagodethienminh@gmail.com<\/a><\/em><\/strong><\/li>\n<\/ul>\n<p style=\"text-align: center;\"><span style=\"text-decoration: underline;\">Programme sur les \u00ab\u00a0<strong>Rencontre et pratique dans le Bouddhisme<\/strong>\u00a0\u00bb (Public et sans inscription)<\/span><\/p>\n<p style=\"text-align: center;\"><em>Participation de 5\u00a0\u20ac par personne\u00a0<\/em><\/p>\n<ul>\n<li style=\"text-align: left;\"><strong>14h15 &#8211; 15h00<\/strong> : S\u00e9ance de \u00ab\u00a0<strong>Taichi &#8211; Yoga<\/strong>\u00a0\u00bb par Lucie<\/li>\n<li style=\"text-align: left;\"><strong>15h00 &#8211; 16h00 :<\/strong> S\u00e9ance de m\u00e9ditation guid\u00e9e par session de 10 minutes par Michel<\/li>\n<li style=\"text-align: left;\"><strong>16h00 &#8211; 17h15\u00a0:<\/strong>\u00a0Enseignement th\u00e9matique par Vincent<\/li>\n<li style=\"text-align: left;\"><strong>17h15 :<\/strong> Go\u00fbter conviviale<\/li>\n<\/ul>\n<hr \/>\n<p><strong>Samedi 07 Janvier<\/strong><\/p>\n<ul>\n<li>\u00ab\u00a0<strong>Rencontre et pratique dans le Bouddhisme<\/strong>\u00a0\u00bb<\/li>\n<li>14h30 \u00e0 17h15 &#8211;\u00a0Participation : 5 \u20ac par personne<\/li>\n<\/ul>\n<p style=\"text-align: center;\">\u00a0<strong>P\u00e9riode du Nouvel An Chinois : Ann\u00e9e du\u00a0Singe<\/strong><\/p>\n<p><strong>Vendredi\u00a027 Janvier<\/strong>\u00a0: \u00ab\u00a0<strong>R\u00e9veillon du Jour de l&#8217;An<\/strong>\u00a0\u00bb<\/p>\n<ul>\n<li>21h30 : Accueil de la communaut\u00e9 catholique et v\u0153ux du V\u00e9n\u00e9rable<\/li>\n<li>23h30 : C\u00e9r\u00e9monie de souhaits pour la nouvelle ann\u00e9e (Soutra du Bouddha Maitreya)<\/li>\n<li>00h30 : V\u0153ux du V\u00e9n\u00e9rable et distribution de porte-bonheur par les V\u00e9n\u00e9rables<\/li>\n<\/ul>\n<p><strong>Samedi 28 Janvier\u00a0<\/strong>\u00a0: \u00ab\u00a0<strong>Jour de l&#8217;An<\/strong>\u00a0:\u00a0<strong>sous le signe du Coq\u00a0<\/strong>\u00bb<\/p>\n<ul>\n<li>10h00 : Danse du Dragon<\/li>\n<li>11h00 : C\u00e9r\u00e9monie de souhaits pour la nouvelle ann\u00e9e et rituels d&#8217;offrandes pour les d\u00e9funts<\/li>\n<li>12h00 : Distribution de porte-bonheur par les V\u00e9n\u00e9rables et repas v\u00e9g\u00e9tarien offert<\/li>\n<li>14h00 : C\u00e9r\u00e9monie du Bouddha de m\u00e9decine pour la nouvelle ann\u00e9e<\/li>\n<\/ul>\n<p><strong>Dimanche\u00a029 Janvier\u00a0<\/strong>\u00a0: \u00ab <strong>Ouverture de la pratique du Bouddha de M\u00e9decine<\/strong><strong>\u00a0<\/strong>\u00bb<\/p>\n<ul>\n<li>14h00\u00a0: R\u00e9citation du Sutra Bhaishajyaguru (Bouddha de M\u00e9decine) pendant 2 semaines<\/li>\n<\/ul>\n<p><strong>Dimanche 05 F\u00e9vrier<\/strong>\u00a0: \u00ab\u00a0<strong>Spectacle traditionnel du Jour de l&#8217;An<\/strong>\u00a0\u00bb<br \/>\nSalle Ir\u00e8ne Joliot-Curie, 68 boulevard Ir\u00e8ne Joliot-Curie, 69200 V\u00e9nissieux<\/p>\n<ul>\n<li>10h30 : Accueil et Stand de plats vietnamiens<\/li>\n<li>13h30 : Danse du Dragon et v\u0153ux du V\u00e9n\u00e9rable<\/li>\n<li>14h15 : Spectacle de chants et de danses traditionnels pour accueillir le nouvel an.<\/li>\n<li>17h00 : Fin du spectacle<\/li>\n<\/ul>\n<p><strong>Dimanche 12 F\u00e9vrier<\/strong>\u00a0: \u00ab\u00a0<strong>C\u00e9r\u00e9monie<\/strong>\u00a0<strong>de la 1\u00e8re Pleine Lune, C\u00e9r\u00e9monie de souhaits<\/strong>\u00a0\u00bb<\/p>\n<ul>\n<li>11h00 : C\u00e9r\u00e9monie de souhaits et rituels d&#8217;offrandes pour les d\u00e9funts<\/li>\n<li>12h00 : Repas v\u00e9g\u00e9tarien offert<\/li>\n<li>14h00 : Enseignement et c\u00e9r\u00e9monie de prise de refuge (inscription obligatoire)<\/li>\n<li>15h30 : Fin de la c\u00e9r\u00e9monie<\/li>\n<\/ul>\n<p><strong>Samedi 18\u00a0F\u00e9vrier<\/strong><\/p>\n<ul>\n<li>\u00ab\u00a0<strong>Rencontre et pratique dans le Bouddhisme<\/strong>\u00a0\u00bb<\/li>\n<li>14h15 \u00e0 17h15 &#8211;\u00a0Participation : 5 \u20ac par personne<\/li>\n<\/ul>\n<p><strong>Samedi 11 Mars<\/strong><\/p>\n<ul>\n<li>\u00ab\u00a0<strong>Rencontre et pratique dans le Bouddhisme<\/strong>\u00a0\u00bb<\/li>\n<li>14h30 \u00e0 17h15 &#8211;\u00a0Participation : 5 \u20ac par personne<\/li>\n<\/ul>\n<p><strong>Samedi 18 Mars<\/strong><\/p>\n<ul>\n<li>\u00ab\u00a0<strong>Session d&#8217;approfondissement<\/strong>\u00a0\u00bb<\/li>\n<li>14h00 &#8211; 15h30 : \u00a0Th\u00e8me<\/li>\n<li>15h30 &#8211; 16h00 : Tai Chi<\/li>\n<\/ul>\n<p><strong>Samedi 08 Avril<\/strong><\/p>\n<ul>\n<li>\u00ab\u00a0<strong>Rencontre et pratique dans le Bouddhisme<\/strong>\u00a0\u00bb<\/li>\n<li>14h00 \u00e0 17h15 &#8211;\u00a0Participation : 5 \u20ac par personne<\/li>\n<\/ul>\n<p><strong>Samedi 29 Avril<\/strong><\/p>\n<ul>\n<li>\u00ab\u00a0<strong>Rencontre et pratique dans le Bouddhisme<\/strong>\u00a0\u00bb<\/li>\n<li>14h30 \u00e0 17h15 &#8211;\u00a0Participation : 5 \u20ac par personne<\/li>\n<\/ul>\n<p><strong>Dimanche 21 Mai:\u00a0<\/strong>\u00ab\u00a0<strong>C\u00e9l\u00e9bration de V\u00e9sak<\/strong>\u00a0\u00bb Anniversaire de naissance du Bouddha<\/p>\n<ul>\n<li>\n<address><strong>10h30<\/strong>\u00a0: Accueil<\/address>\n<\/li>\n<li>\n<address><strong>11h00<\/strong>\u00a0:\u00a0C\u00e9r\u00e9monie de V\u00e9sak (2561e)<\/address>\n<\/li>\n<li>\n<address><strong>12h00<\/strong>\u00a0: repas v\u00e9g\u00e9tarien offert (+ Stands de plats vietnamiens en vente)<\/address>\n<\/li>\n<li><strong>13h30<\/strong>\u00a0:\u00a0<strong>Enseignement bouddhiste<\/strong><\/li>\n<li><strong>14h15<\/strong>\u00a0: Spectacle en offrande \u00e0 V\u00e9sak<\/li>\n<li>\n<address><strong>17h00<\/strong>\u00a0: \u00a0Fin<\/address>\n<\/li>\n<\/ul>\n<p><strong>Samedi 10 Juin<\/strong><\/p>\n<ul>\n<li>\u00ab\u00a0<strong>Rencontre et pratique dans le Bouddhisme<\/strong>\u00a0\u00bb<\/li>\n<li>14h30 \u00e0 17h15 &#8211;\u00a0Participation : 5 \u20ac par personne<\/li>\n<\/ul>\n<p><strong>Samedi 08 Juillet<\/strong><\/p>\n<ul>\n<li>\u00ab\u00a0<strong>Rencontre et pratique dans le Bouddhisme<\/strong>\u00a0\u00bb<\/li>\n<li>14h30 \u00e0 17h15 &#8211;\u00a0Participation : 5 \u20ac par personne<\/li>\n<\/ul>\n<p><strong>Dimanche 03\u00a0Septembre :\u00a0<\/strong><strong>C\u00e9l\u00e9bration de Vu Lan (Ullumbana)<\/strong>: Comm\u00e9moration de la F\u00eate de Reconnaissance et de Gratitude envers les Anc\u00eatres (Issue du Soutra de Vu Lan sur la Pi\u00e9t\u00e9 Filiale du Bouddha)<\/p>\n<ul>\n<li><strong>10h00 <\/strong>: Accueil et pr\u00e9paration \u00e0 l&#8217;office de Vu Lan<\/li>\n<li><strong>11h00 <\/strong>: C\u00e9r\u00e9monie officielle de Vu Lan et rituel d&#8217;offrande de nourriture devant l&#8217;autel des d\u00e9funts<\/li>\n<li><strong>12h00 <\/strong>: repas v\u00e9g\u00e9tarien offert et stands de sp\u00e9cialit\u00e9s en \u00a0vente<\/li>\n<li><strong>13h30 <\/strong>: Enseignement<\/li>\n<li><strong>14h15 <\/strong>: Spectacle traditionnel en offrande \u00e0 l&#8217;\u00e9v\u00e9nement de Vu Lan<\/li>\n<li><strong>17h00<\/strong>\u00a0: Fin de la Journ\u00e9e de Vu Lan<\/li>\n<\/ul>\n<p><strong>Samedi 09\u00a0Septembre<\/strong><\/p>\n<ul>\n<li>\u00ab\u00a0<strong>Rencontre et pratique dans le Bouddhisme<\/strong>\u00a0\u00bb<\/li>\n<li>14h30 \u00e0 17h15 &#8211;\u00a0Participation : 5 \u20ac par personne<\/li>\n<\/ul>\n<p><strong>Dimanche 10\u00a0Septembre\u00a0:\u00a0<\/strong><strong>F\u00eate mi-automne ou F\u00eate des enfants<\/strong><\/p>\n<ul>\n<li><strong>10h30\u00a0<\/strong>:\u00a0Stands maquillages pour les enfants<\/li>\n<li><strong>11h00\u00a0<\/strong>: D\u00e9but des stands de sp\u00e9cialit\u00e9s vietnamiennes<\/li>\n<li><strong>13h30\u00a0<\/strong>:\u00a0Jeux collectifs pour les enfants<\/li>\n<li><strong>15h30\u00a0<\/strong>:\u00a0Danse du dragon et distribution des lampions et des bonbons<\/li>\n<li><strong>16h30<\/strong>\u00a0: Fin de la Journ\u00e9e<\/li>\n<\/ul>\n<p><strong>Vendredi\u00a015\u00a0Septembre : Enseignement\u00a0(V\u00e9n\u00e9rable Thich Nhu Tuong : Soeur du Grand V\u00e9n\u00e9rable)<\/strong><\/p>\n<p>Offrandes libres ou participation libre<\/p>\n<ul>\n<li>19h00 : Acueil<\/li>\n<li>19h30 : Enseignement<\/li>\n<\/ul>\n<p><strong>Samedi 07 Octobre<\/strong><\/p>\n<ul>\n<li>\u00ab\u00a0<strong>Rencontre et pratique dans le Bouddhisme<\/strong>\u00a0\u00bb<\/li>\n<li>14h30 \u00e0 17h15 &#8211;\u00a0Participation : 5 \u20ac par personne<\/li>\n<\/ul>\n<p><strong>Samedi 18 Novembre<\/strong><\/p>\n<ul>\n<li>\u00ab\u00a0<strong>Rencontre et pratique dans le Bouddhisme<\/strong>\u00a0\u00bb<\/li>\n<li>14h30 \u00e0 17h15 &#8211;\u00a0Participation : 5 \u20ac par personne<\/li>\n<\/ul>\n<p><strong>Samedi 02\u00a0D\u00e9cembre\u00a0<\/strong><\/p>\n<ul>\n<li>\u00ab\u00a0<strong>Rencontre et pratique dans le Bouddhisme<\/strong>\u00a0\u00bb<\/li>\n<li>14h30 \u00e0 17h15 &#8211;\u00a0Participation : 5 \u20ac par personne<\/li>\n<\/ul>\n<p><strong>Dimanche\u00a003 D\u00e9cembre<\/strong>: <strong>\u00ab\u00a0C\u00e9r\u00e9monie\u00a0de la derni\u00e8re Pleine Lune, C\u00e9r\u00e9monie de souhaits\u00a0\u00bb<\/strong><\/p>\n<ul>\n<li>11h00 : C\u00e9r\u00e9monie de souhaits et rituels d\u2019offrandes pour les d\u00e9funts<\/li>\n<li>12h00 : Repas v\u00e9g\u00e9tarien offert<\/li>\n<li>14h00 : R\u00e9citation du Sutra de Souhaits<\/li>\n<li>15h30 : Fin de la c\u00e9r\u00e9monie<\/li>\n<\/ul>\n","protected":false},"excerpt":{"rendered":"<p>Pour tout renseignement, contactez : par mail\u00a0:\u00a0pagodethienminh@gmail.com Programme sur les \u00ab\u00a0Rencontre et pratique dans le Bouddhisme\u00a0\u00bb (Public et sans inscription) Participation de 5\u00a0\u20ac par personne\u00a0 \u2026 <a class=\"continue-reading-link\" href=\"https:\/\/www.pagodethienminh.fr\/?page_id=5592\">Continue \u00e0 lire <span class=\"meta-nav\">&rarr; <\/span><\/a><\/p>\n","protected":false},"author":1,"featured_media":0,"parent":51,"menu_order":94,"comment_status":"closed","ping_status":"closed","template":"template-onecolumn.php","meta":{"_mc_calendar":[],"footnotes":""},"class_list":["post-5592","page","type-page","status-publish","hentry"],"_links":{"self":[{"href":"https:\/\/www.pagodethienminh.fr\/index.php?rest_route=\/wp\/v2\/pages\/5592","targetHints":{"allow":["GET"]}}],"collection":[{"href":"https:\/\/www.pagodethienminh.fr\/index.php?rest_route=\/wp\/v2\/pages"}],"about":[{"href":"https:\/\/www.pagodethienminh.fr\/index.php?rest_route=\/wp\/v2\/types\/page"}],"author":[{"embeddable":true,"href":"https:\/\/www.pagodethienminh.fr\/index.php?rest_route=\/wp\/v2\/users\/1"}],"replies":[{"embeddable":true,"href":"https:\/\/www.pagodethienminh.fr\/index.php?rest_route=%2Fwp%2Fv2%2Fcomments&post=5592"}],"version-history":[{"count":9,"href":"https:\/\/www.pagodethienminh.fr\/index.php?rest_route=\/wp\/v2\/pages\/5592\/revisions"}],"predecessor-version":[{"id":6004,"href":"https:\/\/www.pagodethienminh.fr\/index.php?rest_route=\/wp\/v2\/pages\/5592\/revisions\/6004"}],"up":[{"embeddable":true,"href":"https:\/\/www.pagodethienminh.fr\/index.php?rest_route=\/wp\/v2\/pages\/51"}],"wp:attachment":[{"href":"https:\/\/www.pagodethienminh.fr\/index.php?rest_route=%2Fwp%2Fv2%2Fmedia&parent=5592"}],"curies":[{"name":"wp","href":"https:\/\/api.w.org\/{rel}","templated":true}]}}