{"id":554,"date":"2011-05-04T13:50:48","date_gmt":"2011-05-04T13:50:48","guid":{"rendered":"http:\/\/www.pagodethienminh.fr\/?page_id=554"},"modified":"2012-08-05T13:06:40","modified_gmt":"2012-08-05T13:06:40","slug":"2-ph%e1%ba%adt-phap","status":"publish","type":"page","link":"https:\/\/www.pagodethienminh.fr\/?page_id=554","title":{"rendered":"Ph\u1eadt Ph\u00e1p"},"content":{"rendered":"<ul>\n<li>B\u00e1t Ch\u00e1nh \u0110\u1ea1o 3: Ch\u00e1nh Ng\u1eef &#8211; L\u1eddi n\u00f3i t\u1eeb \u00e1i v\u00e0 x\u00e2y d\u1ef1ng<\/li>\n<\/ul>\n<p><iframe loading=\"lazy\" width=\"425\" height=\"349\" src=\"http:\/\/www.youtube.com\/embed\/t70lKZDQqko\" frameborder=\"0\" allowfullscreen><\/iframe><\/p>\n<ul>\n<li>B\u00e1t Ch\u00e1nh \u0110\u1ea1o 7: Ch\u00e1nh ni\u1ec7m: N\u1ec1n t\u1ea3ng c\u00e1c ph\u00e1p m\u00f4n<\/li>\n<\/ul>\n<p><iframe loading=\"lazy\" width=\"425\" height=\"349\" src=\"http:\/\/www.youtube.com\/embed\/kt68lLX3YR8\" frameborder=\"0\" allowfullscreen><\/iframe><\/p>\n<ul>\n<li>B\u00c1T CH\u00c1NH \u0110\u1ea0O : CH\u00c1NH KI\u1ebeN<\/li>\n<\/ul>\n<p><iframe loading=\"lazy\" width=\"425\" height=\"349\" src=\"http:\/\/www.youtube.com\/embed\/KgPIvjSXGCs\" frameborder=\"0\" allowfullscreen><\/iframe><\/p>\n<ul>\n<li>B\u00c1T CH\u00c1NH \u0110\u1ea0O : CH\u00c1NH T\u01af DUY<\/li>\n<\/ul>\n<p><iframe loading=\"lazy\" width=\"425\" height=\"349\" src=\"http:\/\/www.youtube.com\/embed\/NyzPu_S98h8\" frameborder=\"0\" allowfullscreen><\/iframe><\/p>\n<ul>\n<li>B\u00c1T CH\u00c1NH \u0110\u1ea0O : CH\u00c1NH NG\u1eee<\/li>\n<\/ul>\n<p><iframe loading=\"lazy\" width=\"425\" height=\"349\" src=\"http:\/\/www.youtube.com\/embed\/tqxVmq2SDpo\" frameborder=\"0\" allowfullscreen><\/iframe><\/p>\n<ul>\n<li>B\u00c1T CH\u00c1NH \u0110\u1ea0O : CH\u00c1NH NGHI\u1ec6P<\/li>\n<\/ul>\n<p><iframe loading=\"lazy\" width=\"425\" height=\"349\" src=\"http:\/\/www.youtube.com\/embed\/tjOitdIQG-k\" frameborder=\"0\" allowfullscreen><\/iframe><\/p>\n<ul>\n<li>B\u00c1T CH\u00c1NH \u0110\u1ea0O : CH\u00c1NH M\u1ea0NG<\/li>\n<\/ul>\n<p><iframe loading=\"lazy\" width=\"425\" height=\"349\" src=\"http:\/\/www.youtube.com\/embed\/JQcMOh3N_hA\" frameborder=\"0\" allowfullscreen><\/iframe><\/p>\n<ul>\n<li>B\u00c1T CH\u00c1NH \u0110\u1ea0O : CH\u00c1NH TINH T\u1ea4N<\/li>\n<\/ul>\n<p><iframe loading=\"lazy\" width=\"425\" height=\"349\" src=\"http:\/\/www.youtube.com\/embed\/3fdoahfiYtU\" frameborder=\"0\" allowfullscreen><\/iframe><\/p>\n<ul>\n<li>B\u00c1T CH\u00c1NH \u0110\u1ea0O : CH\u00c1NH NI\u1ec6M<\/li>\n<\/ul>\n<p><iframe loading=\"lazy\" width=\"425\" height=\"349\" src=\"http:\/\/www.youtube.com\/embed\/ZejMj_7M4uY\" frameborder=\"0\" allowfullscreen><\/iframe><\/p>\n<ul>\n<li>B\u00c1T CH\u00c1NH \u0110\u1ea0O : CH\u00c1NH \u0110\u1ecaNH<\/li>\n<\/ul>\n<p><iframe loading=\"lazy\" width=\"425\" height=\"349\" src=\"http:\/\/www.youtube.com\/embed\/6ZkOLaoVj2o\" frameborder=\"0\" allowfullscreen><\/iframe><\/p>\n","protected":false},"excerpt":{"rendered":"<p>B\u00e1t Ch\u00e1nh \u0110\u1ea1o 3: Ch\u00e1nh Ng\u1eef &#8211; L\u1eddi n\u00f3i t\u1eeb \u00e1i v\u00e0 x\u00e2y d\u1ef1ng B\u00e1t Ch\u00e1nh \u0110\u1ea1o 7: Ch\u00e1nh ni\u1ec7m: N\u1ec1n t\u1ea3ng c\u00e1c ph\u00e1p m\u00f4n \u2026 <a class=\"continue-reading-link\" href=\"https:\/\/www.pagodethienminh.fr\/?page_id=554\">Continue \u00e0 lire <span class=\"meta-nav\">&rarr; <\/span><\/a><\/p>\n","protected":false},"author":1,"featured_media":0,"parent":2624,"menu_order":1,"comment_status":"closed","ping_status":"closed","template":"","meta":{"_mc_calendar":[],"footnotes":""},"class_list":["post-554","page","type-page","status-publish","hentry"],"_links":{"self":[{"href":"https:\/\/www.pagodethienminh.fr\/index.php?rest_route=\/wp\/v2\/pages\/554","targetHints":{"allow":["GET"]}}],"collection":[{"href":"https:\/\/www.pagodethienminh.fr\/index.php?rest_route=\/wp\/v2\/pages"}],"about":[{"href":"https:\/\/www.pagodethienminh.fr\/index.php?rest_route=\/wp\/v2\/types\/page"}],"author":[{"embeddable":true,"href":"https:\/\/www.pagodethienminh.fr\/index.php?rest_route=\/wp\/v2\/users\/1"}],"replies":[{"embeddable":true,"href":"https:\/\/www.pagodethienminh.fr\/index.php?rest_route=%2Fwp%2Fv2%2Fcomments&post=554"}],"version-history":[{"count":10,"href":"https:\/\/www.pagodethienminh.fr\/index.php?rest_route=\/wp\/v2\/pages\/554\/revisions"}],"predecessor-version":[{"id":2626,"href":"https:\/\/www.pagodethienminh.fr\/index.php?rest_route=\/wp\/v2\/pages\/554\/revisions\/2626"}],"up":[{"embeddable":true,"href":"https:\/\/www.pagodethienminh.fr\/index.php?rest_route=\/wp\/v2\/pages\/2624"}],"wp:attachment":[{"href":"https:\/\/www.pagodethienminh.fr\/index.php?rest_route=%2Fwp%2Fv2%2Fmedia&parent=554"}],"curies":[{"name":"wp","href":"https:\/\/api.w.org\/{rel}","templated":true}]}}