{"id":5502,"date":"2016-06-07T20:02:47","date_gmt":"2016-06-07T20:02:47","guid":{"rendered":"http:\/\/www.pagodethienminh.fr\/?page_id=5502"},"modified":"2016-06-07T20:02:47","modified_gmt":"2016-06-07T20:02:47","slug":"lay-sam-hoi-co-thuc-su-tieu-nghiep-khong","status":"publish","type":"page","link":"https:\/\/www.pagodethienminh.fr\/?page_id=5502","title":{"rendered":"L\u1ea1y s\u00e1m h\u1ed1i c\u00f3 th\u1ef1c s\u1ef1 ti\u00eau nghi\u1ec7p kh\u00f4ng?"},"content":{"rendered":"<p style=\"text-align: justify;\">H\u1ecfi: M\u1ed7i khi l\u1ea1y s\u00e1m h\u1ed1i, th\u00fa th\u1eadt ch\u00fang con ch\u01b0a hi\u1ec3u r\u00f5 vi\u1ec7c l\u1ea1y v\u00e0 \u0111\u00f4i khi kh\u00f4ng tin r\u1eb1ng l\u1ea1y s\u00e1m h\u1ed1i s\u1ebd \u0111\u01b0\u1ee3c ti\u00eau tan nghi\u1ec7p ch\u01b0\u1edbng. \u00d0a s\u1ed1 th\u01b0\u1eddng c\u00f3 t\u00e2m l\u00fd s\u1ee3 l\u1ea1y 108 l\u1ea1y, v\u00ec tu\u1ed5i gi\u00e0 y\u1ebfu nh\u01b0 ch\u00fang con m\u00e0 l\u1ea1y nh\u01b0 th\u1ebf th\u00ec qu\u00e1 m\u1ec7t. N\u1ebfu nh\u01b0 kh\u00f4ng l\u1ea1y \u0111\u1ee7 s\u1ed1 nh\u01b0 v\u1eady, th\u00ec kh\u00f4ng ti\u00eau \u0111\u01b0\u1ee3c nghi\u1ec7p ch\u01b0\u1edbng hay sao?<\/p>\n<p style=\"text-align: justify;\"><strong>\u00d0\u00e1p:<\/strong> Khi l\u00e0m m\u1ed9t \u0111i\u1ec1u g\u00ec, thi\u1ebft ngh\u0129, ng\u01b0\u1eddi Ph\u1eadt t\u1eed ch\u00fang ta c\u0169ng n\u00ean t\u00ecm hi\u1ec3u k\u1ef9 c\u00e0ng qua vi\u1ec7c l\u00e0m \u0111\u00f3. C\u00f3 th\u1ebf, th\u00ec ch\u00fang ta m\u1edbi c\u00f3 th\u1ec3 tr\u00e1nh \u0111\u01b0\u1ee3c nh\u1eefng tai h\u1ea1i b\u1ea5t l\u1ee3i cho m\u00ecnh trong hi\u1ec7n t\u1ea1i c\u0169ng nh\u01b0 mai sau. Nh\u01b0 Ph\u1eadt t\u1eed \u0111\u00e3 bi\u1ebft, l\u1ea1y s\u00e1m h\u1ed1i, l\u00e0 m\u1ed9t trong nhi\u1ec1u ph\u00e1p m\u00f4n Ph\u1eadt d\u1ea1y. \u0110\u00e3 l\u00e0 ph\u00e1p m\u00f4n, n\u1ebfu ch\u00fang ta ch\u1ecbu kh\u00f3 h\u00e0nh tr\u00ec \u0111\u00fang ph\u00e1p, t\u1ea5t nhi\u00ean l\u00e0 ch\u00fang ta s\u1ebd \u0111\u01b0\u1ee3c l\u1ee3i \u00edch r\u1ea5t l\u1edbn. Mu\u1ed1n th\u1ebf, tr\u01b0\u1edbc ti\u00ean, ch\u00fang ta ph\u1ea3i bi\u1ebft qua \u00fd ngh\u0129a c\u1ee7a hai ch\u1eef s\u00e1m h\u1ed1i. V\u00e0 s\u00e1m h\u1ed1i nh\u01b0 th\u1ebf n\u00e0o m\u1edbi \u0111\u00fang ph\u00e1p v\u00e0 ti\u00eau t\u1ed9i ch\u01b0\u1edbng? \u0110\u00f3 l\u00e0 nh\u1eefng v\u1ea5n \u0111\u1ec1 m\u00e0 ch\u00fang ta c\u1ea7n ph\u1ea3i t\u00ecm hi\u1ec3u.<\/p>\n<p style=\"text-align: justify;\">S\u00e1m nguy\u00ean ti\u1ebfng Ph\u1ea1n l\u00e0 Samma, Trung Hoa d\u1ecbch l\u00e0 h\u1ed1i h\u00f3a. C\u00f2n ch\u1eef h\u1ed1i l\u00e0 H\u00e1n ng\u1eef, gh\u00e9p hai t\u1eeb ng\u1eef Ph\u1ea1n v\u00e0 H\u00e1n l\u1ea1i th\u00e0nh hai ch\u1eef s\u00e1m h\u1ed1i. S\u00e1m ngh\u0129a l\u00e0 \u0103n n\u0103n l\u1ed7i tr\u01b0\u1edbc, c\u00f2n h\u1ed1i l\u00e0 ch\u1eeba b\u1ecf l\u1ed7i sau. N\u00f3i g\u1ecdn l\u00e0 \u0103n n\u0103n ch\u1eeba l\u1ed7i. H\u1ed3ng danh s\u00e1m h\u1ed1i l\u00e0 m\u1ed9t trong b\u1ed1n c\u00e1ch s\u00e1m h\u1ed1i. \u0110\u1ec3 Ph\u1eadt t\u1eed hi\u1ec3u r\u00f5 h\u01a1n, t\u00f4i xin d\u1eabn trong Kinh th\u01b0\u1eddng n\u00eau ra c\u00f3 b\u1ed1n c\u00e1ch s\u00e1m h\u1ed1i nh\u01b0 sau:<\/p>\n<p style=\"text-align: justify;\">1. T\u00e1c ph\u00e1p s\u00e1m h\u1ed1i.<br \/>\n2. Th\u1ee7 t\u01b0\u1edbng s\u00e1m h\u1ed1i.<br \/>\n3. H\u1ed3ng danh s\u00e1m h\u1ed1i.<br \/>\n4. V\u00f4 sanh s\u00e1m h\u1ed1i.<\/p>\n<p style=\"text-align: justify;\">T\u00e1c ph\u00e1p s\u00e1m h\u1ed1i:<\/p>\n<p style=\"text-align: justify;\">\u0111\u00e2y l\u00e0 ph\u00e1p s\u00e1m h\u1ed1i thu\u1ed9c ph\u1ea7n s\u1ef1 t\u01b0\u1edbng. Ngh\u0129a l\u00e0 ph\u1ea3i c\u00f3 l\u1eadp gi\u1edbi \u0111\u00e0n v\u00e0 cung th\u1ec9nh thanh t\u1ecbnh T\u0103ng ch\u1ee9ng minh. Ng\u01b0\u1eddi n\u00e0o t\u1ef1 th\u1ea5y m\u00ecnh c\u00f3 t\u1ed9i l\u1ed7i, th\u00ec ra tr\u01b0\u1edbc \u0111\u1ea1i ch\u00fang ho\u1eb7c m\u1ed9t v\u1ecb th\u1ea7y c\u00f3 \u0111\u1ea7y \u0111\u1ee7 gi\u1edbi \u0111\u1ee9c \u0111\u1ec3 t\u1ef1 ph\u00e1t l\u1ed3 b\u00e0y t\u1ecf nh\u1eefng l\u1ed7i l\u1ea7m m\u00e0 m\u00ecnh \u0111\u00e3 ph\u1ea1m ph\u1ea3i. Ph\u1ea3i b\u00e0y t\u1ecf m\u1ed9t c\u00e1ch ch\u00ed th\u00e0nh v\u00e0 h\u1ebft l\u00f2ng th\u00e0nh kh\u1ea9n \u0103n n\u0103n h\u1ed1i h\u1eadn nh\u1eefng l\u1ed7i l\u1ea7m m\u00ecnh \u0111\u00e3 g\u00e2y ra. \u0110\u1ed3ng th\u1eddi ph\u1ea3i ph\u00e1t nguy\u1ec7n t\u1eeb nay tr\u1edf \u0111i m\u00ecnh s\u1ebd kh\u00f4ng bao gi\u1edd t\u00e1i ph\u1ea1m n\u1eefa. M\u1ed9t l\u00f2ng th\u00e0nh k\u00ednh s\u00e1m h\u1ed1i nh\u01b0 v\u1eady, khi gi\u1edbi th\u1ec3 \u0111\u01b0\u1ee3c thanh t\u1ecbnh t\u1ee9c l\u00e0 h\u1ebft t\u1ed9i.<\/p>\n<p style=\"text-align: justify;\">Th\u1ee7 t\u01b0\u1edbng s\u00e1m h\u1ed1i:<\/p>\n<p style=\"text-align: justify;\">Ph\u00e1p n\u1ea7y c\u0169ng thu\u1ed9c v\u1ec1 ph\u1ea7n s\u1ef1 t\u01b0\u1edbng, nh\u01b0ng kh\u00f3 h\u01a1n ph\u00e1p tr\u01b0\u1edbc. Ph\u00e1p s\u00e1m h\u1ed1i n\u1ea7y ch\u1ec9 d\u00e0nh cho nh\u1eefng ng\u01b0\u1eddi c\u00f3 tr\u00ecnh \u0111\u1ed9 cao, ho\u1eb7c kh\u00f4ng c\u00f3 ch\u01b0 T\u0103ng Ni thanh t\u1ecbnh ch\u1ee9ng minh. \u0110\u00e2y l\u00e0 ph\u00e1p s\u00e1m h\u1ed1i thu\u1ed9c v\u1ec1 qu\u00e1n t\u01b0\u1edfng v\u00e0 khi s\u00e1m h\u1ed1i \u0111\u01b0\u01a1ng s\u1ef1 ph\u1ea3i \u0111\u1ebfn tr\u01b0\u1edbc t\u01b0\u1ee3ng Ph\u1eadt hay B\u1ed3 t\u00e1t th\u00e0nh t\u00e2m l\u1ec5 b\u00e1i, tr\u00ecnh b\u00e0y nh\u1eefng t\u1ed9i l\u1ed7i \u0111\u00e3 ph\u1ea1m v\u00e0 nguy\u1ec7n \u0103n n\u0103n ch\u1eeba b\u1ecf. C\u1ee9 th\u1eadt h\u00e0nh nh\u01b0 th\u1ebf cho \u0111\u1ebfn khi n\u00e0o th\u1ea5y \u0111\u01b0\u1ee3c h\u1ea3o t\u01b0\u1edbng nh\u01b0: th\u1ea5y h\u00e0o quang hay hoa sen b\u00e1u, th\u1ea5y Ph\u1eadt, B\u1ed3 t\u00e1t xoa \u0111\u1ea7u v.v\u2026 th\u00ec m\u1edbi th\u00f4i.<\/p>\n<p style=\"text-align: justify;\">H\u1ed3ng danh s\u00e1m h\u1ed1i:<\/p>\n<p style=\"text-align: justify;\">Ph\u00e1p s\u00e1m h\u1ed1i n\u1ea7y c\u0169ng thu\u1ed9c v\u1ec1 s\u1ef1 t\u01b0\u1edbng do ng\u00e0i B\u1ea5t \u0111\u1ed9ng ph\u00e1p s\u01b0 \u0111\u1eddi T\u1ed1ng b\u00ean Trung Hoa so\u1ea1n ra. \u0110\u00e2y l\u00e0 ph\u00e1p l\u1ea1y 108 l\u1ea1y, m\u00e0 qu\u00fd Ph\u1eadt t\u1eed th\u01b0\u1eddng l\u1ea1y \u1edf ch\u00f9a ho\u1eb7c \u1edf nh\u00e0. Ph\u00e1p l\u1ea1y s\u00e1m h\u1ed1i n\u1ea7y, \u0111\u1ed1i v\u1edbi ng\u01b0\u1eddi tr\u1ecdng tu\u1ed5i gi\u00e0 y\u1ebfu nh\u01b0 Ph\u1eadt t\u1eed th\u00ec kh\u00f4ng m\u1ea5y th\u00edch h\u1ee3p cho l\u1eafm. Tuy nhi\u00ean, \u0111\u1ed1i v\u1edbi nh\u1eefng ai m\u1ea1nh kh\u1ecfe, th\u00ec ph\u00e1p l\u1ea1y s\u00e1m h\u1ed1i n\u1ea7y r\u1ea5t c\u00f3 l\u1ee3i, v\u00ec v\u1eeba ti\u00eau tr\u1eeb t\u1ed9i ch\u01b0\u1edbng m\u00e0 c\u0169ng v\u1eeba c\u00f3 th\u00eam s\u1ee9c kh\u1ecfe. Nh\u01b0ng mu\u1ed1n ti\u00eau tr\u1eeb phi\u1ec1n n\u00e3o t\u1ed9i ch\u01b0\u1edbng, th\u00ec h\u00e0nh gi\u1ea3 khi l\u1ec5 b\u00e1i ph\u1ea3i ch\u00ed th\u00e0nh k\u00ednh l\u1ec5.<\/p>\n<p style=\"text-align: justify;\">Trong m\u01b0\u1eddi \u0111\u1ea1i nguy\u1ec7n c\u1ee7a B\u1ed3 t\u00e1t Ph\u1ed5 Hi\u1ec1n, nguy\u1ec7n tr\u01b0\u1edbc ti\u00ean l\u00e0 \u201cl\u1ec5 k\u00ednh ch\u01b0 Ph\u1eadt\u201d. Tuy h\u00ecnh th\u1ee9c l\u1ec5 b\u00e1i \u0111\u01a1n gi\u1ea3n, nh\u01b0ng c\u00f3 hi\u1ec7u qu\u1ea3 r\u1ea5t cao l\u00e0 di\u1ec7t tr\u1eeb \u0111\u01b0\u1ee3c \u0111\u1ed9ng c\u01a1 t\u1ea1o nghi\u1ec7p v\u00e0 hai th\u1ee9 phi\u1ec1n n\u00e3o g\u1ed1c. V\u00ec khi h\u00e0nh gi\u1ea3 l\u1ec5 b\u00e1i, th\u00ec \u0111\u1ed9ng c\u01a1 t\u1ea1o nghi\u1ec7p c\u1ee7a th\u00e2n b\u1ecb \u0111\u00ecnh ch\u1ec9. \u0110\u1ed3ng th\u1eddi khi l\u1ec5 l\u1ea1y, th\u00ec h\u00e0nh gi\u1ea3 d\u1eb9p tr\u1eeb \u0111\u01b0\u1ee3c t\u00e2m ng\u00e3 m\u1ea1n c\u1ed1ng cao v\u00e0 h\u01b0\u1edbng v\u1ec1 Ph\u1eadt v\u1edbi l\u00f2ng tin v\u1eefng ch\u1eafc kh\u00f4ng c\u00f2n nghi ng\u1edd.<\/p>\n<p style=\"text-align: justify;\">Nh\u01b0 v\u1eady, l\u00e0 ph\u00e1 tr\u1eeb \u0111\u01b0\u1ee3c hai th\u1ee9 phi\u1ec1n n\u00e3o g\u1ed1c \u201cm\u1ea1n\u201d v\u00e0 \u201cnghi\u201d. N\u00ean n\u00f3i l\u1ea1y Ph\u1eadt c\u00f3 ph\u01b0\u1edbc l\u00e0 \u1edf ch\u1ed7 \u0111\u00f3. V\u00e0 khi th\u00e2n l\u1ea1y, mi\u1ec7ng th\u00ec x\u01b0\u1edbng danh hi\u1ec7u Ph\u1eadt, th\u1ebf l\u00e0 kh\u1ea9u nghi\u1ec7p \u0111\u01b0\u1ee3c thanh t\u1ecbnh. Khi khen Ph\u1eadt \u0111\u00f3 l\u00e0 ch\u00e1nh ki\u1ebfn, t\u1ea5t nhi\u00ean t\u00e0 ki\u1ebfn kh\u00f4ng c\u00f3. V\u00e0 trong khi l\u1ec5 l\u1ea1y, th\u00ec t\u00e2m \u00fd n\u01b0\u01a1ng v\u00e0o c\u00e2u hi\u1ec7u Ph\u1eadt, th\u1ebf l\u00e0 t\u00e2m \u00fd \u0111\u01b0\u1ee3c thanh t\u1ecbnh. Ch\u1ec9 m\u1ed9t h\u00e0nh \u0111\u1ed9ng l\u1ea1y Ph\u1eadt \u0111\u01a1n gi\u1ea3n nh\u01b0 th\u1ebf m\u00e0 d\u1ee9t tr\u1eeb \u0111\u01b0\u1ee3c ba nghi\u1ec7p t\u1ea1o t\u1ed9i c\u1ee7a th\u00e2n, mi\u1ec7ng, \u00fd. V\u00ec th\u1ebf, n\u00ean n\u00f3i l\u1ea1y Ph\u1eadt s\u00e1m h\u1ed1i s\u1ebd \u0111\u01b0\u1ee3c ti\u00eau tr\u1eeb t\u1ed9i ch\u01b0\u1edbng. Tuy nhi\u00ean, trong tr\u01b0\u1eddng h\u1ee3p c\u1ee7a Ph\u1eadt t\u1eed v\u00ec tr\u1ecdng tu\u1ed5i y\u1ebfu \u0111u\u1ed1i, kh\u00f4ng th\u1ec3 \u0111\u1ee9ng l\u00ean l\u1ea1y xu\u1ed1ng \u0111\u01b0\u1ee3c. Theo t\u00f4i, t\u1ed1t h\u01a1n h\u1ebft l\u00e0 Ph\u1eadt t\u1eed ch\u1ec9 c\u1ea7n ch\u00ed th\u00e0nh ni\u1ec7m Ph\u1eadt th\u00ec c\u0169ng \u0111\u01b0\u1ee3c ti\u00eau tr\u1eeb t\u1ed9i ch\u01b0\u1edbng. Ph\u1eadt t\u1eed n\u00ean bi\u1ebft, gi\u00e1o ph\u00e1p Ph\u1eadt d\u1ea1y c\u00f3 v\u00f4 l\u01b0\u1ee3ng ph\u00e1p m\u00f4n, t\u00f9y theo c\u0103n c\u01a1, tu\u1ed5i t\u00e1c, v\u00e0 s\u1ee9c kh\u1ecfe c\u1ee7a m\u1ed7i ng\u01b0\u1eddi m\u00e0 c\u00f3 th\u1ec3 \u1ee9ng d\u1ee5ng h\u00e0nh tr\u00ec cho th\u00edch h\u1ee3p. N\u1ebfu th\u1eadt h\u00e0nh \u0111\u00fang ph\u00e1p theo l\u1eddi Ph\u1eadt T\u1ed5 d\u1ea1y, th\u00ec t\u1ea5t c\u1ea3 c\u0169ng \u0111\u1ec1u \u0111\u01b0\u1ee3c l\u1ee3i \u00edch. V\u1ec1 c\u00e1ch l\u1ec5 Ph\u1eadt, ngo\u00e0i S\u1ef1 l\u1ec5 ra, c\u00f2n c\u00f3 L\u00fd l\u1ec5 n\u1eefa. V\u1ec1 L\u00fd l\u1ec5, trong kinh th\u01b0\u1eddng n\u00eau ra c\u00f3 b\u1ed1n c\u00e1ch:<\/p>\n<div>Ph\u00e1t tr\u00ed thanh t\u1ecbnh l\u1ec5.<\/div>\n<div>Bi\u1ebfn nh\u1eadp ph\u00e1p gi\u1edbi l\u1ec5.<\/div>\n<div>Ch\u00e1nh qu\u00e1n l\u1ec5.<\/div>\n<div>Th\u1eadt t\u01b0\u1edbng b\u00ecnh \u0111\u1eb3ng l\u1ec5.<\/div>\n<p style=\"text-align: justify;\">4. V\u00f4 sanh s\u00e1m h\u1ed1i:<\/p>\n<p style=\"text-align: justify;\">ph\u00e1p s\u00e1m h\u1ed1i n\u1ea7y thu\u1ed9c v\u1ec1 l\u00fd s\u00e1m h\u1ed1i. Ph\u1ea3i l\u00e0 b\u1eadc th\u01b0\u1ee3ng c\u0103n m\u1edbi c\u00f3 th\u1ec3 th\u1eadt h\u00e0nh n\u1ed5i. C\u00f3 hai c\u00e1ch qu\u00e1n: \u201cqu\u00e1n t\u00e2m v\u00f4 sanh v\u00e0 qu\u00e1n ph\u00e1p v\u00f4 sanh\u201d. V\u00ec b\u1ea3n t\u00e2m c\u1ee7a ch\u00fang ta th\u01b0\u1eddng h\u1eb1ng v\u1eafng l\u1eb7ng s\u00e1ng su\u1ed1t, b\u1ea5t sanh b\u1ea5t di\u1ec7t. T\u1ed9i c\u00f3 ra l\u00e0 do t\u00e2m t\u1ea1o. \u0110\u00f3 l\u00e0 t\u00e2m v\u1ecdng t\u01b0\u1edfng. Do b\u1ea5t gi\u00e1c kh\u1edfi v\u1ecdng t\u1ea1o nghi\u1ec7p. T\u00e2m n\u1ea7y kh\u00f4ng th\u1eadt c\u00f3. T\u00e2m \u0111\u00e3 kh\u00f4ng th\u1eadt, th\u00ec t\u1ed9i l\u00e0m sao c\u00f3 th\u1eadt \u0111\u01b0\u1ee3c? V\u00ec t\u1ed9i do t\u00e2m sanh, m\u00e0 t\u00e2m v\u1ed1n kh\u00f4ng sanh, th\u00ec t\u1ed9i c\u0169ng kh\u00f4ng c\u00f3. \u0110\u00f3 l\u00e0 t\u00e1nh t\u1ed9i v\u1ed1n kh\u00f4ng. H\u1eb1ng s\u1ed1ng v\u1edbi th\u1ec3 t\u00e1nh n\u1ea7y, th\u00ec m\u1ecdi t\u1ed9i l\u1ed7i s\u1ebd kh\u00f4ng c\u00f2n. Th\u00ed nh\u01b0 b\u00f3ng t\u1ed1i d\u00f9 tr\u1ea3i qua h\u1eb1ng tri\u1ec7u t\u1ef7 n\u0103m, nh\u01b0ng khi c\u00f3 \u00e1nh s\u00e1ng c\u1ee7a ng\u1ecdn \u0111\u00e8n chi\u1ebfu v\u00e0o, th\u00ec b\u00f3ng t\u1ed1i kia s\u1ebd tan bi\u1ebfn ngay. V\u00ec th\u1ec3 c\u1ee7a b\u00f3ng t\u1ed1i v\u1ed1n kh\u00f4ng th\u1eadt. N\u00ean kinh n\u00f3i:<\/p>\n<p>T\u1ed9i t\u00f9ng t\u00e2m kh\u1edfi, t\u00f9ng t\u00e2m s\u00e1m.<br \/>\nT\u00e2m nh\u01b0\u1ee3c di\u1ec7t th\u1eddi, t\u1ed9i di\u1ec7t vong.<br \/>\nT\u1ed9i vong t\u1eadm di\u1ec7t l\u01b0\u1ee1ng c\u00e2u kh\u00f4ng,<br \/>\nTh\u1ecb t\u1eafc danh vi ch\u01a1n s\u00e1m h\u1ed1i.<\/p>\n<p style=\"text-align: justify;\">Ngh\u0129a l\u00e0 :<\/p>\n<p style=\"text-align: justify;\">T\u1ed9i t\u1eeb t\u00e2m kh\u1edfi th\u00ec c\u0169ng ph\u1ea3i t\u1eeb t\u00e2m m\u00e0 s\u00e1m. Khi t\u00e2m \u0111\u00e3 th\u1ef1c s\u1ef1 v\u1eafng l\u1eb7ng r\u1ed3i, th\u00ec t\u1ed9i kia c\u0169ng kh\u00f4ng c\u00f2n. T\u1ed9i kh\u00f4ng, t\u00e2m l\u1eb7ng, c\u1ea3 hai \u0111\u1ec1u kh\u00f4ng th\u1eadt c\u00f3, \u0111\u01b0\u1ee3c v\u1eady, m\u1edbi th\u1eadt l\u00e0 ch\u01a1n s\u00e1m h\u1ed1i. \u0110\u1ebfn \u0111\u00e2y, th\u00ec kh\u00f4ng c\u00f2n g\u00ec ph\u1ea3i b\u00e0n lu\u1eadn l\u00e0 t\u1ed9i hay kh\u00f4ng t\u1ed9i. V\u00ec \u0111\u00e3 v\u01b0\u1ee3t ngo\u00e0i hai ph\u1ea1m tr\u00f9 \u0111\u1ed1i \u0111\u00e3i nh\u1ecb nguy\u00ean : \u00ab b\u1eb7t d\u1ee9t ch\u1ee7 th\u1ec3 v\u00e0 kh\u00e1ch th\u1ec3 \u00bb. \u0110\u00f3 l\u00e0 h\u00ecnh \u1ea3nh c\u1ee7a m\u1ed9t con ng\u01b0\u1eddi si\u00eau vi\u1ec7t hi\u00ean ngang t\u1ef1 t\u1ea1i qua l\u1ea1i trong b\u1ea7u tr\u1eddi t\u1ef1 do gi\u1ea3i tho\u00e1t.<\/p>\n<p style=\"text-align: justify;\">B\u1ed1n c\u00e1ch l\u1ec5 tr\u00ean \u0111\u1ec1u thu\u1ed9c v\u1ec1 l\u00fd, n\u00ean r\u1ea5t kh\u00f3 cho h\u00e0nh gi\u1ea3 th\u1eadt h\u00e0nh. Tuy nhi\u00ean, n\u1ebfu ai th\u1eadt h\u00e0nh \u0111\u01b0\u1ee3c, th\u00ec l\u1ee3i \u00edch kh\u00f4ng th\u1ec3 ngh\u0129 b\u00e0n.<\/p>\n","protected":false},"excerpt":{"rendered":"<p>H\u1ecfi: M\u1ed7i khi l\u1ea1y s\u00e1m h\u1ed1i, th\u00fa th\u1eadt ch\u00fang con ch\u01b0a hi\u1ec3u r\u00f5 vi\u1ec7c l\u1ea1y v\u00e0 \u0111\u00f4i khi kh\u00f4ng tin r\u1eb1ng l\u1ea1y s\u00e1m h\u1ed1i s\u1ebd \u2026 <a class=\"continue-reading-link\" href=\"https:\/\/www.pagodethienminh.fr\/?page_id=5502\">Continue \u00e0 lire <span class=\"meta-nav\">&rarr; <\/span><\/a><\/p>\n","protected":false},"author":1,"featured_media":0,"parent":1599,"menu_order":0,"comment_status":"closed","ping_status":"closed","template":"template-onecolumn.php","meta":{"_mc_calendar":[],"footnotes":""},"class_list":["post-5502","page","type-page","status-publish","hentry"],"_links":{"self":[{"href":"https:\/\/www.pagodethienminh.fr\/index.php?rest_route=\/wp\/v2\/pages\/5502","targetHints":{"allow":["GET"]}}],"collection":[{"href":"https:\/\/www.pagodethienminh.fr\/index.php?rest_route=\/wp\/v2\/pages"}],"about":[{"href":"https:\/\/www.pagodethienminh.fr\/index.php?rest_route=\/wp\/v2\/types\/page"}],"author":[{"embeddable":true,"href":"https:\/\/www.pagodethienminh.fr\/index.php?rest_route=\/wp\/v2\/users\/1"}],"replies":[{"embeddable":true,"href":"https:\/\/www.pagodethienminh.fr\/index.php?rest_route=%2Fwp%2Fv2%2Fcomments&post=5502"}],"version-history":[{"count":1,"href":"https:\/\/www.pagodethienminh.fr\/index.php?rest_route=\/wp\/v2\/pages\/5502\/revisions"}],"predecessor-version":[{"id":5503,"href":"https:\/\/www.pagodethienminh.fr\/index.php?rest_route=\/wp\/v2\/pages\/5502\/revisions\/5503"}],"up":[{"embeddable":true,"href":"https:\/\/www.pagodethienminh.fr\/index.php?rest_route=\/wp\/v2\/pages\/1599"}],"wp:attachment":[{"href":"https:\/\/www.pagodethienminh.fr\/index.php?rest_route=%2Fwp%2Fv2%2Fmedia&parent=5502"}],"curies":[{"name":"wp","href":"https:\/\/api.w.org\/{rel}","templated":true}]}}