{"id":55,"date":"2011-04-29T23:02:16","date_gmt":"2011-04-29T23:02:16","guid":{"rendered":"http:\/\/www.pagodethienminh.fr\/?page_id=55"},"modified":"2013-03-13T13:50:48","modified_gmt":"2013-03-13T13:50:48","slug":"2-histoire","status":"publish","type":"page","link":"https:\/\/www.pagodethienminh.fr\/?page_id=55","title":{"rendered":"Histoire"},"content":{"rendered":"<p style=\"text-align: center;\"><strong>Histoire de la pagode Thi\u00ean Minh &#8211; lyon \u2013 France<\/strong><\/p>\n<div style=\"text-align: justify;\">\n<p><a href=\"https:\/\/www.pagodethienminh.fr\/wp-content\/uploads\/2011\/04\/pagode-ensemble1.jpg\"><img loading=\"lazy\" decoding=\"async\" class=\"aligncenter size-medium wp-image-60\" title=\"pagode-ensemble\" src=\"https:\/\/www.pagodethienminh.fr\/wp-content\/uploads\/2011\/04\/pagode-ensemble1-300x111.jpg\" alt=\"\" width=\"300\" height=\"111\" srcset=\"https:\/\/www.pagodethienminh.fr\/wp-content\/uploads\/2011\/04\/pagode-ensemble1-300x111.jpg 300w, https:\/\/www.pagodethienminh.fr\/wp-content\/uploads\/2011\/04\/pagode-ensemble1-1024x380.jpg 1024w, https:\/\/www.pagodethienminh.fr\/wp-content\/uploads\/2011\/04\/pagode-ensemble1.jpg 1936w\" sizes=\"auto, (max-width: 300px) 100vw, 300px\" \/><\/a><a href=\"https:\/\/www.pagodethienminh.fr\/wp-content\/uploads\/2011\/04\/dharma.jpg\"><br \/>\n<\/a>Fond\u00e9e suite \u00e0 une r\u00e9union dirig\u00e9e par le\u00a0<strong>V\u00e9n\u00e9rable Thich Minh T\u00e2m<\/strong>,\u00a0 l&#8217;Association Bouddhique de la r\u00e9gion Rh\u00f4ne Alpes f\u00fbt d\u00e9clar\u00e9e officiellement \u00e0 la Pr\u00e9fecture du Rh\u00f4ne sous le num\u00e9ro 16268, et appliqu\u00e9e \u00e0 la loi du 1er Juillet 1901. Elle f\u00fbt provisoirement install\u00e9e au 44 Boulevard L\u00e9nine \u00e0 V\u00e9nissieux, chez Monsieur\u00a0<strong>Cao Van Truong<\/strong>.<\/p>\n<\/div>\n<p style=\"text-align: justify;\">Un an plus tard, un local F4 f\u00fbt lou\u00e9\u00a0\u00bb au 37 rue Fontani\u00e8res \u00e0 Villeurbanne par l&#8217;Association. Il f\u00fbt officiellement pr\u00e9sent\u00e9 \u00e0 la communaut\u00e9 asiatique et inaugur\u00e9 le 15 Mai 1982 sous le nom symbolique de Pagode\u00a0<strong>Thi\u00ean Minh<\/strong>, en pr\u00e9sence du Conseiller\u00a0<strong>V\u00e9n\u00e9rable Thich Minh T\u00e2m<\/strong>, responsable de l\u2019Association Bouddhique \u00e0 Paris. Profitant de cette occasion, le\u00a0<strong>V\u00e9n\u00e9rable Thich Minh T\u00e2m<\/strong> d\u00e9signa le\u00a0<strong>V\u00e9n\u00e9rable Thich Tanh Thi\u00eat<\/strong> comme Pr\u00e9sident de l&#8217;Association de la r\u00e9gion Rh\u00f4ne Alpes. Il f\u00fbt enregistr\u00e9 \u00e0 la Pr\u00e9fecture sous le num\u00e9ro 16368 accord\u00e9 le 28 Ao\u00fbt 1984.<\/p>\n<p style=\"text-align: justify;\">A la date du 23 D\u00e9cembre 1982, l&#8217;Association acqu\u00e9rit un terrain de 1528m<sup>2<\/sup> appartenant aux propri\u00e9taires Mr et Mme Roche, en vue de la construction de la future pagode\u00a0<strong>Thi\u00ean Minh<\/strong> du haut de la colline de Sainte Foy-L\u00e8s-Lyon. La premi\u00e8re pierre f\u00fbt pos\u00e9e le 18 D\u00e9cembre 1983 et, en Avril 1984 les travaux de construction de la pagode commenc\u00e8rent. Profitant de la f\u00eate de Vu Lan \u00e0 la fin de l&#8217;\u00e9t\u00e9 1984, la statue de Bouddha de Villeurbanne f\u00fbt transf\u00e9r\u00e9e \u00e0 la nouvelle pagode de Ste Foy-L\u00e8s-Lyon. Et au cours de l&#8217;automne 1984, elle f\u00fbt inaugur\u00e9e par une journ\u00e9e m\u00e9morable.<\/p>\n<p style=\"text-align: justify;\">En 1989, offerte par une famille tha\u00eflandaise, une statue en bronze de Bouddha haut de 2m20 et rev\u00eatue de feuilles d&#8217;or f\u00fbt \u00e9difi\u00e9e. Au cours du mois de Mai de l&#8217;ann\u00e9e suivante, l&#8217;inauguration de la pagode\u00a0<strong>Thi\u00ean Minh<\/strong> et en m\u00eame temps l&#8217;ordination des jeunes moines furent officiellement organis\u00e9s, une grande Premi\u00e8re en Europe.<\/p>\n<p style=\"text-align: justify;\">En vue d\u2019agrandir la Pagode, une parcelle de terre de 1968m<sup>2<\/sup> f\u00fbt acquise \u00e0 la soci\u00e9t\u00e9 Rh\u00f4ne Sa\u00f4ne le 13 Mai 1992 pour la construction d\u2019un parking qui commen\u00e7a le 04 Ao\u00fbt 1993. Au m\u00eame moment, sur une autre parcelle de 641m<sup>2<\/sup> appartenant \u00e0 la soci\u00e9t\u00e9 de Saint-Louis, la statue &#8220;Avalokitecvara&#8221; en pierre taill\u00e9e rev\u00eatue de feuilles d&#8217;or f\u00fbt \u00e9difi\u00e9e. Cette statue pesait plus de 10 tonnes et mesurait plus de 6m de haut, elle \u00e9tait l\u2019\u0153uvre du grand sculpteur-architecte fran\u00e7ais\u00a0<strong>Gouvain<\/strong>.<\/p>\n<p style=\"text-align: justify;\">Quelques mois se sont \u00e9coul\u00e9s, et au cours de l\u2019Automne 2000, le jardin LUMBINI repr\u00e9sentant la naissance du Prince Siddh\u00e2rta Gautama et la statue du Bouddha \u00c7\u00e2kyamuni couch\u00e9, entrant dans le Nirvana ont vu le jour. Durant l\u2019\u00e9t\u00e9 2001, le Grand Portail repr\u00e9sentant la nouvelle entr\u00e9e au temple, fut inaugur\u00e9.<\/p>\n<p style=\"text-align: justify;\">La pagode est maintenant achev\u00e9e, entour\u00e9e de son jardin fleuri et de son merveilleux d\u00e9cor en m\u00e9moire de la vie de Bouddha. Elle est le fruit de dons et d\u2019immenses efforts physiques de personnes b\u00e9n\u00e9voles venant des quatre coins du monde. La Pagode est et sera la source de la culture vietnamienne, riche en traditions et en coutumes. Son \u00e9dification marque enfin le commencement de la propagation de l\u2019enseignement du Bouddha en Europe.<\/p>\n","protected":false},"excerpt":{"rendered":"<p>Histoire de la pagode Thi\u00ean Minh &#8211; lyon \u2013 France Fond\u00e9e suite \u00e0 une r\u00e9union dirig\u00e9e par le\u00a0V\u00e9n\u00e9rable Thich Minh T\u00e2m,\u00a0 l&#8217;Association Bouddhique de la \u2026 <a class=\"continue-reading-link\" href=\"https:\/\/www.pagodethienminh.fr\/?page_id=55\">Continue \u00e0 lire <span class=\"meta-nav\">&rarr; <\/span><\/a><\/p>\n","protected":false},"author":1,"featured_media":0,"parent":31,"menu_order":2,"comment_status":"closed","ping_status":"closed","template":"template-onecolumn.php","meta":{"_mc_calendar":[],"footnotes":""},"class_list":["post-55","page","type-page","status-publish","hentry"],"_links":{"self":[{"href":"https:\/\/www.pagodethienminh.fr\/index.php?rest_route=\/wp\/v2\/pages\/55","targetHints":{"allow":["GET"]}}],"collection":[{"href":"https:\/\/www.pagodethienminh.fr\/index.php?rest_route=\/wp\/v2\/pages"}],"about":[{"href":"https:\/\/www.pagodethienminh.fr\/index.php?rest_route=\/wp\/v2\/types\/page"}],"author":[{"embeddable":true,"href":"https:\/\/www.pagodethienminh.fr\/index.php?rest_route=\/wp\/v2\/users\/1"}],"replies":[{"embeddable":true,"href":"https:\/\/www.pagodethienminh.fr\/index.php?rest_route=%2Fwp%2Fv2%2Fcomments&post=55"}],"version-history":[{"count":9,"href":"https:\/\/www.pagodethienminh.fr\/index.php?rest_route=\/wp\/v2\/pages\/55\/revisions"}],"predecessor-version":[{"id":3198,"href":"https:\/\/www.pagodethienminh.fr\/index.php?rest_route=\/wp\/v2\/pages\/55\/revisions\/3198"}],"up":[{"embeddable":true,"href":"https:\/\/www.pagodethienminh.fr\/index.php?rest_route=\/wp\/v2\/pages\/31"}],"wp:attachment":[{"href":"https:\/\/www.pagodethienminh.fr\/index.php?rest_route=%2Fwp%2Fv2%2Fmedia&parent=55"}],"curies":[{"name":"wp","href":"https:\/\/api.w.org\/{rel}","templated":true}]}}