{"id":549,"date":"2011-05-04T13:46:17","date_gmt":"2011-05-04T13:46:17","guid":{"rendered":"http:\/\/www.pagodethienminh.fr\/?page_id=549"},"modified":"2013-03-14T08:12:33","modified_gmt":"2013-03-14T08:12:33","slug":"3ai-tu-kh%e1%ba%a9u-nghi%e1%bb%87p","status":"publish","type":"page","link":"https:\/\/www.pagodethienminh.fr\/?page_id=549","title":{"rendered":"Tu kh\u1ea9u nghi\u1ec7p"},"content":{"rendered":"<div>\n<div dir=\"ltr\">\n<p style=\"text-align: center;\"><strong><span style=\"font-family: 'Times New Roman';\">Tu kh\u1ea9u nghi\u1ec7p th\u00ec n\u00ean h\u1ecdc Ni\u1ec7m Ph\u1eadt.<\/span><\/strong><\/p>\n<p style=\"text-align: center;\"><strong><span style=\"font-family: 'Times New Roman';\">(B\u00e0i l\u00e0m s\u1ed1 02) H\u1ecdc\u00a0Tu T\u00e2m, S\u1eeda T\u00e1nh.<\/span><\/strong><\/p>\n<p><strong>I. M\u1edf \u0111\u1ec1:<\/strong><\/p>\n<p>&nbsp;<\/p>\n<p>H\u1ecdc Ni\u1ec7m Ph\u1eadt v\u1ec1 s\u1ef1 th\u00ec h\u1ecdc r\u1ea5t d\u1ec3 d\u00e0ng, ai h\u1ecdc c\u0169ng \u0111\u01b0\u1ee3c, kh\u00f4ng tu h\u1ecdc c\u0169ng \u0111\u01b0\u1ee3c, \u0111i, \u0111\u1ee9ng, n\u1eb1m, ng\u1ed3i Ni\u1ec7m Ph\u1eadt, cho t\u1edbi \u0103n, u\u1ed1ng, l\u00e0m vi\u1ec7c n\u1eb7ng nh\u1eb9 c\u0169ng Ni\u1ec7m Ph\u1eadt \u0111\u01b0\u1ee3c.<\/p>\n<p>Nh\u01b0ng v\u1ec1 l\u00fd th\u00ec c\u00f3 kh\u00e1c bi\u1ec7t nhi\u1ec1u. Ni\u1ec7m Ph\u1eadt c\u1ea7u th\u00e0nh Ph\u1eadt, Ni\u1ec7m Ph\u1eadt c\u1ea7u v\u00e3ng sanh T\u1ecbnh-\u0111\u1ed9, v\u00e0 Ni\u1ec7m Ph\u1eadt \u0111\u1ec3 cho t\u00e2m b\u00ecnh, c\u1ea3nh l\u1eb7ng.v.v.<\/p>\n<p><strong>II. Nh\u1eadp \u0111\u1ec1:<\/strong><\/p>\n<p>&nbsp;<\/p>\n<address><em><strong>\u0110\u1eebng gi\u1eadn h\u1eddn, gi\u1eef mi\u1ec7ng m\u00ecnh,<\/strong><\/em><\/address>\n<address><em><strong>Ch\u1edb v\u00ec cao c\u00f3 mi\u1ec7ng sanh c\u1ed9c c\u1ea7n.<\/strong><\/em><\/address>\n<address><em><strong>L\u1eddi th\u00f4 \u00e1c, mi\u1ec7ng h\u1eb1ng d\u1ee9t b\u1ecf,<\/strong><\/em><\/address>\n<address><em><strong>Ti\u1ebfng di\u1ec7u hi\u1ec1n, mi\u1ec7ng c\u1ed1 gi\u1eef g\u00ecn.<\/strong><\/em><\/address>\n<p>B\u00e0i v\u0103n n\u00e0y, \u0111\u1ecdc qua l\u00e0 hi\u1ec3u li\u1ec1n, d\u1ec3 qu\u00e1 m\u00e0, nh\u01b0ng th\u1eadt s\u1ef1 th\u00ec kh\u00f4ng d\u1ec3 \u0111\u00e2u c\u00e1c b\u1ea1n.<\/p>\n<p>N\u00f3i v\u1ec1 Ngo\u1ea1i-t\u00e2m (Trong b\u00e0i 01. Tu t\u00e2m, d\u01b0\u1ee1ng t\u00e1nh l\u00e0 gi\u1eef th\u00e2n t\u00e2m trong s\u1ea1ch, M\u00ecnh \u0111\u1ed1i v\u1edbi ng\u01b0\u1eddi, ng\u01b0\u1eddi \u0111\u1ed1i v\u1edbi m\u00ecnh, v\u00e0 ta \u0111\u1ed1i v\u1edbi ta). L\u00e0 \u0111\u01b0\u1ee3c r\u1ed3i, t\u1ed1t l\u1eafm r\u1ed3i.<\/p>\n<p>Nh\u01b0ng m\u1ed9t khi ta b\u1ecb t\u00e1m gi\u00f3 th\u1ed3i (L\u00e0 vui, bu\u1ed3n, th\u01b0\u01a1ng, gh\u00e9t, th\u1ecbnh, suy, vinh,nh\u1ee5c, th\u00ec t\u1ea5t nhi\u00ean ph\u1ea3i \u0111\u1ed9ng r\u1ed3i, (Xem b\u00e0i:<a href=\"http:\/\/diendan.daitangkinhvietnam.org\/viewtopic.php?f=29&amp;t=3037#p20787\" rel=\"nofollow\">http:\/\/diendan.daitangkinhvietnam.org\/viewtopic.php?f=29&amp;t=3037#p20787<\/a> ).<\/p>\n<p>Do \u0111\u00f3 mu\u1ed1n s\u1eeda t\u00e1nh, kh\u00f4ng ph\u1ea3i gi\u1eef Ngo\u1ea1i t\u00e2m l\u00e0 \u0111\u1ee7 (L\u00e0 v\u00ed nh\u01b0 c\u00e0nh, l\u00e1 hay xem kinh Ph\u00e1p C\u00fa cho l\u00e0 \u0111\u1ee7), m\u00e0 ph\u1ea3i s\u1eeda ngay t\u1eadn g\u1ed1c r\u1ec3 trong N\u1ed9i-t\u00e2m. Th\u00ec ph\u1ea3i l\u00e0m sao?<\/p>\n<p>&#8211; T\u1ea5t nhi\u00ean ch\u00fang ta ph\u1ea3i luy\u1ec7n t\u1eadp h\u00e0nh ng\u00e0y, tr\u1edf th\u00e0nh th\u00f3i quen, T\u00e1nh x\u1ea5u qu\u00ean v\u1ea7n, th\u00ec t\u1ed1t \u0111\u1ebfn, c\u00f2n t\u00e1nh \u0111\u00e3 t\u1ed1t th\u00ec c\u00e0ng t\u1ed1t th\u00eam.<\/p>\n<p>V\u00ec th\u1ebf h\u1ecdc Ni\u1ec7m Ph\u1eadt l\u00e0 d\u1ec3 nh\u1ea5t, ch\u1ec9 c\u00f3 \u0111\u01b0\u1eddng n\u00e0y, ch\u1eb3ng c\u00f3 \u0111\u01b0\u1eddng n\u00e0o kh\u00e1c, s\u1ebd \u0111\u01b0a ta \u0111\u1ebfn thanh t\u1ecbnh h\u00f3a ki\u1ebfn tri.<\/p>\n<p>Nh\u01b0ng ch\u00fang ta tu, s\u1eeda nh\u00e0 \u0111\u1eebng d\u1ed9t n\u00e1t. Tr\u01b0\u1edbc ta ph\u1ea3i h\u1ecdc c\u00e1ch s\u1eeda ch\u1eefa, ho\u1eb7c m\u01b0\u1edbn th\u1ee3 l\u00e0m.<\/p>\n<p>C\u00f2n Tu t\u00e2m s\u1eeda t\u00e1nh th\u00ec kh\u00f4ng th\u1ec3 m\u01b0\u1edbn th\u1ee3 \u0111\u01b0\u1ee3c! V\u00ec v\u1eady mu\u1ed1n h\u1ecdc Ni\u1ec7m Ph\u1eadt \u0111\u1ec3 thanh tr\u1eeb kh\u1ea9u nghi\u1ec7p, c\u1ea7n ph\u1ea3i c\u00f3 ph\u01b0\u01a1ng ph\u00e1p h\u1ecdc t\u1eeb th\u1ea5p t\u1edbi cao, th\u00ec m\u1edbi th\u1ea5y l\u00e0 d\u1ec3 d\u00e0ng, m\u1edbi th\u1ea5y tu s\u01b0\u1edbng l\u1eafm. (l\u00e0 b\u1edbt kh\u1ed5, gi\u1ea3m ba \u0111\u1ed9c.v.v.)<\/p>\n<p>Ngo\u00e0i \u0111\u1eddi h\u1ecdc nhi\u1ec1u r\u1ed3i, kh\u1ed5 nhi\u1ec1u r\u1ed3i, Tu m\u00e0 kh\u1ed5 n\u1eeda th\u00ec tu sao n\u1ed1i, ph\u1ea3i kh\u00f4ng c\u00e1c b\u1ea1n!<\/p>\n<p><strong>III. Ch\u00e1nh \u0111\u1ec1:<\/strong><\/p>\n<p>&nbsp;<\/p>\n<p>Ph\u01b0\u01a1ng ph\u00e1p tu N\u1ed9i-t\u00e2m (Thi\u1ec1n-\u0111\u1ecbnh) trong Ph\u1eadt-gi\u00e1o c\u1ee7a c\u00e1c Thi\u1ec1n-t\u00f4ng, T\u1ecbnh-\u0111\u1ed9-t\u00f4ng, M\u1eadt-t\u00f4ng, Duy-th\u1ee9c-T\u00f4ng.v.v. Nhi\u1ec1u l\u1eafm bi\u1ebft kh\u00f4ng h\u1ebft, tu kh\u00f4ng s\u1ec3.<\/p>\n<p>V\u1ecb th\u1ee9c c\u1ee7a b\u1ea1n (H\u00e0nh-gi\u1ea3) c\u1ee7a t\u00f4i hay c\u1ee7a ai kh\u00e1c th\u00ec c\u0169ng kh\u00e1c nhau. Cho n\u00ean t\u00f9y v\u00e0o s\u1edf th\u00edch c\u1ee7a m\u1ed7i ng\u01b0\u1eddi. Kh\u00f4ng ai d\u00e1m n\u00f3i ph\u00e1p n\u00e0y hay, ph\u00e1p kia kh\u00f3.<\/p>\n<p>V\u00e0 t\u00f4i c\u0169ng kh\u00f4ng ph\u1ea3i l\u00e0 th\u1ea7y, c\u0169ng kh\u00f4ng ph\u1ea3i l\u00e0 nh\u00e0 truy\u1ec1n-gi\u00e1o, ch\u1ec9 l\u00e0 m\u1ed9t C\u01b0 s\u0129 b\u00ecnh th\u01b0\u1eddng c\u0169ng nh\u01b0 b\u1ea1n. Ch\u1ec9 c\u00f3 Ng\u00e0i l\u00e0 Th\u1ea7y, Ng\u00e0i l\u00e0 \u0110\u1ee9c Ph\u1eadt Th\u00edch Ca, \u0111\u00e3 th\u1ecb hi\u1ec7n \u1edf c\u00f5i tr\u1ea7n, N\u00f3i l\u00ean s\u1ef1 th\u1eadt c\u1ee7a Ch\u00e2n l\u00fd tu h\u00e0nh.<\/p>\n<p>T\u00f4i l\u00e0 ng\u01b0\u1eddi h\u1ecdc l\u1ea1i, v\u00e0 \u0111\u00e3 th\u1ef1c h\u00e0nh ph\u01b0\u01a1ng ph\u00e1p Ni\u1ec7m Ph\u1eadt. Th\u00ec c\u1ea3m th\u1ea5y l\u00e0 Ph\u01b0\u01a1ng Ph\u00e1p Ni\u1ec7m Ph\u1eadt d\u1ec3 l\u1eafm. (l\u00e0 th\u00e0nh Ph\u1eadt th\u00ec kh\u00f3, c\u00f2n th\u00e0nh ng\u01b0\u1eddi thi\u1ec7n l\u01b0\u01a1ng th\u00ec d\u1ec3 l\u1eafm).<\/p>\n<p>V\u00e0 \u0111\u00e3 nhi\u1ec1u n\u0103m thu th\u1eadp t\u00e0i li\u1ec7u th\u00e0nh l\u1eadp ra d\u0129a CD th\u00f4 thi\u1ec3n n\u00e0y. C\u00f2n r\u1ea5t nhi\u1ec1u thi\u1ebfu s\u00f3t. Hy v\u1ecdng b\u1ea1n th\u00e0nh l\u1eadp m\u1ed9t d\u0129a CD kh\u00e1c, \u0111\u1ea7y \u0111\u1ee7 h\u01a1n, \u0111\u00f3 l\u00e0 \u0111i\u1ec1u mong \u0111\u1ee3i c\u1ee7a t\u00f4i \u0111\u00e3 nhi\u1ec1u n\u0103m nay. Th\u00e2n \u00e1i. TN.<\/p>\n<p><strong>Ph\u01b0\u01a1ng Ph\u00e1p Ni\u1ec7m Ph\u1eadt<\/strong>trong:\u00a0<a href=\"http:\/\/sites.google.com\/site\/layphat\/\">http:\/\/sites.google.com\/site\/layphat\/<\/a> L\u00e0 tr\u1ee3 duy\u00ean t\u1ea1m th\u1eddi, trong th\u1eddi gian ch\u1edd \u0111\u1ee3i, Th\u1ea7y, Thi\u1ec7n tri th\u1ee9c th\u00e0nh l\u1eadp d\u0129a CD m\u1edbi. Ho\u1eb7c H\u00e0nh-gi\u1ea3 hu\u00e2n t\u1eadp m\u1ed9t m\u00ecnh, hay cho ng\u01b0\u1eddi kh\u00f4ng c\u00f3 th\u1eddi gian.v.v.<\/p>\n<p><strong>Ngu\u1ed3n g\u1ed1c \u00e2m thanh<\/strong>: S\u01b0u t\u1eadp tr\u00ean Website. (Do \u0111\u00f3 kh\u00f4ng bi\u1ebft Ph\u00e1p-danh Th\u1ea7y, Nh\u01b0ng g\u1ed1c t\u1eeb n\u01a1i ch\u00f9a Ho\u1eb1ng Ph\u00e1p Vi\u1ec7t-nam, v\u00e0 \u00e2m thanh Ni\u1ec7m Ph\u1eadt n\u00e0y, ch\u00ednh l\u00e0 Kinh-h\u00e0nh Ni\u1ec7m Ph\u1eadt).<\/p>\n<p><strong>S\u1ef1 vi di\u1ec7u \u00e2m thanh<\/strong>: Kh\u00f4ng cao, kh\u00f4ng th\u1ea5p, kh\u00f4ng d\u00e0i, kh\u00f4ng ng\u1eafn, v\u00e0 r\u1ea5t \u0111\u1ec1u \u0111\u1eb7n. R\u1ea5t th\u00edch h\u1ee3p cho Ni\u1ec7m Ph\u1eadt, L\u1ea1y Ph\u1eadt, D\u01b0\u1ee1ng Sinh, Kinh H\u00e0nh.<\/p>\n<p>&nbsp;<\/p>\n<p><strong>N\u1ed9i dung<\/strong>: Tr\u01b0\u1edbc l\u00e0 d\u00e2ng h\u01b0\u01a1ng l\u1ec5 Ph\u1eadt, Sau l\u00e0 Ni\u1ec7m Ph\u1eadt, c\u00f2n Ph\u00e1p Nguy\u1ec7n v\u00e0 H\u1ed3i h\u01b0\u1edbng th\u00ec t\u00f9y thu\u1eadn H\u00e0nh-gi\u1ea3 ch\u1ecdn ri\u00eang cho m\u00ecnh.<\/p>\n<p><strong>Ni\u1ec7m Ph\u1eadt<\/strong> g\u1ed3m c\u00f3 240 c\u00e2u l\u1ee5c t\u1ef1 H\u1ed3ng-danh (M\u1ed9t chi l\u00e0 12 c\u00e2u, Th\u1ea7y ni\u1ec7m ch\u00edn c\u00e2u, \u0111\u1ea1i ch\u00fang ni\u1ec7m theo 3 c\u00e2u). V\u1ecb chi l\u00e0 1440 ch\u1eef.<\/p>\n<p><strong>Th\u1eddi gian<\/strong> hu\u00e2n tu kho\u00e3n: 27 Ph\u00fat.<\/p>\n<p><strong>IV. K\u1ebft Lu\u1eadn:<\/strong><\/p>\n<p>&nbsp;<\/p>\n<p>1. Tu Kh\u1ea9u nghi\u1ec7p ch\u1ec9 c\u00f3 ph\u00e1p m\u00f4n Ni\u1ec7m Ph\u1eadt l\u00e0 vi di\u1ec7u nh\u1ea5t, L\u00e0 Ni\u1ec7m Ph\u00e1p th\u00ec kh\u00f4ng Ni\u1ec7m ch\u00fang sanh. Th\u00ed d\u1ee5: B\u1ea1n th\u01b0\u1eddng hay n\u00f3i chuy\u1ec7n ng\u01b0\u1eddi. N\u1ebfu \u0111\u00e3 quen Ni\u1ec7m Ph\u1eadt r\u1ed3i, d\u00f9 b\u1ea1n mu\u1ed1n n\u00f3i, c\u0169ng kh\u00f4ng n\u00f3i \u0111\u01b0\u1ee3c. Th\u00ed d\u1ee5 2, b\u1ea1n \u0111ang \u0111au b\u1ee5ng, th\u00ec b\u1ea1n c\u0169ng Ni\u1ec7m Ph\u1eadt \u0111i, v\u00ec c\u00e1i \u0111au \u0111\u00f3, b\u1ea1n kh\u00f4ng ngh\u0129 t\u1edbi, th\u00ec s\u1ebd b\u1edbt \u0111au \u0111i.v.v.<\/p>\n<p>2. Hu\u00e2n tu c\u1ee9 ngh\u0129 l\u00e0 b\u1ed5n ph\u1eadn l\u00e0m ng\u01b0\u1eddi, tr\u00e1ch nhi\u1ec7m gi\u1ed1ng nh\u01b0 l\u00e0m ch\u1ee7, l\u00e0m th\u1ee3, Th\u00ec b\u1ea1n c\u1ea3m th\u1ea5y kh\u00f4ng c\u00f3 kh\u00f3. V\u00e0 c\u1ee9 ngh\u0129 \u0111i l\u00e0m \u0111\u1ec3 l\u1ea3nh l\u01b0\u01a1ng nh\u01b0ng khi th\u1ea5p nghi\u1ec7p, th\u00ec ti\u1ec1n c\u0169ng h\u1ebft. C\u00f2n hu\u00e2n tu Ni\u1ec7m Ph\u1eadt th\u00ec c\u00f2n ho\u00e0i.v.v.<\/p>\n<p>3. Ngo\u00e0i th\u1eddi gian hu\u00e2n t\u1eadp c\u0169ng ch\u01b0a \u0111\u1ee7, M\u00e0 trong t\u1ea5t c\u00e3 c\u1eed ch\u1ec9, h\u00e0nh \u0111\u1ed9ng, c\u00f4ng vi\u1ec7c c\u0169ng ph\u1ea3i ngh\u0129, t\u01b0\u1edfng, qu\u00e1n Ni\u1ec7m Ph\u1eadt.<\/p>\n<p>4. Ni\u1ec7m Ph\u1eadt thu\u1ea7n th\u1ee5c \u0111\u01b0\u1ee3c, th\u00ec khi ch\u00fang ta c\u00f3 duy\u00ean v\u1edbi Ph\u1eadt A Di \u0110\u00e0, th\u00ec c\u1ea7u v\u00e3ng sanh t\u1ecbnh \u0111\u1ed9. C\u0169ng d\u1ec3 d\u00e0ng, v\u00ec ta \u0111\u00e3 quen r\u1ed3i, th\u00ec qu\u00e1 d\u1ec3, (G\u1ecdi l\u00e0 Ni\u1ec7m Ph\u1eadt d\u1ef1 b\u1ecb).<\/p>\n<p><span style=\"font-size: 13px; line-height: 22px;\">5. B\u1ea1n c\u00f3 th\u1ec3 t\u1eeb Ni\u1ec7m Ph\u1eadt d\u1ef1 b\u1ecb ti\u1ebfn t\u1edbi T\u1ecbnh-\u0111\u1ed9 c\u0169ng d\u1ec3, ch\u1ec9 c\u1ea7n s\u01b0u t\u1eadp v\u00e0 am t\u01b0\u1eddng kinh \u0111i\u1ec3n T\u1ecbnh-\u0111\u1ed9 \u201cKinh A Di \u0110\u00e0\u201d, \u201cKinh Qu\u00e1n V\u00f4 L\u01b0\u1ee3ng Th\u1ecd.v.v.\u201d.<\/span><\/p>\n<p>6. Hu\u00e2n tu c\u1ea7n ph\u1ea3i l\u1eadp tr\u00ecnh th\u1eddi gian nh\u1ea5t \u0111\u1ecbnh, t\u1eeb \u00edt t\u1edbi nhi\u1ec1u, t\u1eeb ch\u1eadm t\u1edbi nhanh, t\u1eeb thu\u1ed9c l\u00f2ng cho t\u1edbi nh\u1ea5t t\u00e2m (G\u1ecdi l\u00e0 kh\u00f4ng ni\u1ec7m m\u00e0 ni\u1ec7m). Th\u00ec m\u1edbi kh\u00f4ng mau ch\u00e1n, v\u00e0 l\u1ee3i l\u1ea1c v\u00f4 c\u00f9ng t\u1eadn.<\/p>\n<\/div>\n<\/div>\n","protected":false},"excerpt":{"rendered":"<p>Tu kh\u1ea9u nghi\u1ec7p th\u00ec n\u00ean h\u1ecdc Ni\u1ec7m Ph\u1eadt. (B\u00e0i l\u00e0m s\u1ed1 02) H\u1ecdc\u00a0Tu T\u00e2m, S\u1eeda T\u00e1nh. I. M\u1edf \u0111\u1ec1: &nbsp; H\u1ecdc Ni\u1ec7m Ph\u1eadt v\u1ec1 s\u1ef1 \u2026 <a class=\"continue-reading-link\" href=\"https:\/\/www.pagodethienminh.fr\/?page_id=549\">Continue \u00e0 lire <span class=\"meta-nav\">&rarr; <\/span><\/a><\/p>\n","protected":false},"author":1,"featured_media":0,"parent":1599,"menu_order":9,"comment_status":"closed","ping_status":"closed","template":"template-onecolumn.php","meta":{"_mc_calendar":[],"footnotes":""},"class_list":["post-549","page","type-page","status-publish","hentry"],"_links":{"self":[{"href":"https:\/\/www.pagodethienminh.fr\/index.php?rest_route=\/wp\/v2\/pages\/549","targetHints":{"allow":["GET"]}}],"collection":[{"href":"https:\/\/www.pagodethienminh.fr\/index.php?rest_route=\/wp\/v2\/pages"}],"about":[{"href":"https:\/\/www.pagodethienminh.fr\/index.php?rest_route=\/wp\/v2\/types\/page"}],"author":[{"embeddable":true,"href":"https:\/\/www.pagodethienminh.fr\/index.php?rest_route=\/wp\/v2\/users\/1"}],"replies":[{"embeddable":true,"href":"https:\/\/www.pagodethienminh.fr\/index.php?rest_route=%2Fwp%2Fv2%2Fcomments&post=549"}],"version-history":[{"count":5,"href":"https:\/\/www.pagodethienminh.fr\/index.php?rest_route=\/wp\/v2\/pages\/549\/revisions"}],"predecessor-version":[{"id":3380,"href":"https:\/\/www.pagodethienminh.fr\/index.php?rest_route=\/wp\/v2\/pages\/549\/revisions\/3380"}],"up":[{"embeddable":true,"href":"https:\/\/www.pagodethienminh.fr\/index.php?rest_route=\/wp\/v2\/pages\/1599"}],"wp:attachment":[{"href":"https:\/\/www.pagodethienminh.fr\/index.php?rest_route=%2Fwp%2Fv2%2Fmedia&parent=549"}],"curies":[{"name":"wp","href":"https:\/\/api.w.org\/{rel}","templated":true}]}}