{"id":542,"date":"2011-05-04T11:54:27","date_gmt":"2011-05-04T11:54:27","guid":{"rendered":"http:\/\/www.pagodethienminh.fr\/?page_id=542"},"modified":"2013-03-14T08:12:28","modified_gmt":"2013-03-14T08:12:28","slug":"1ah-t%e1%bb%8bnh-kh%e1%ba%a9u","status":"publish","type":"page","link":"https:\/\/www.pagodethienminh.fr\/?page_id=542","title":{"rendered":"T\u1ecbnh kh\u1ea9u"},"content":{"rendered":"<div id=\"divctcHeadline\">\n<h1 id=\"ZoomContentHeadline\" style=\"text-align: center;\">T\u1ecbnh kh\u1ea9u<\/h1>\n<\/div>\n<div id=\"ContentOutter1b\" style=\"text-align: justify;\">\n<div id=\"ContentOutter2b\">\n<div id=\"ContentOutter3b\">\n<table border=\"0\" cellspacing=\"0\" cellpadding=\"0\" align=\"left\">\n<tbody>\n<tr>\n<td><img decoding=\"async\" alt=\"\" src=\"http:\/\/www.giacngo.vn\/UserImages\/1\/2008\/06\/07\/tinhkhau.gif\" \/><\/td>\n<\/tr>\n<\/tbody>\n<\/table>\n<p>H\u1eceI:\u00a0<em>T\u00f4i \u0111\u01b0\u1ee3c bi\u1ebft, trong c\u00e1c ph\u00e1p m\u00f4n tu t\u1eadp c\u1ee7a Ph\u1eadt gi\u00e1o c\u00f3 \u0111\u1ec1 c\u1eadp \u0111\u1ebfn t\u1ecbnh kh\u1ea9u. Tuy v\u1eady, trong \u0111\u1ea1o tr\u00e0ng an c\u01b0 c\u1ee7a ch\u00fang t\u00f4i c\u00f3 m\u1ed9t v\u1ecb l\u1eadp h\u1ea1nh kh\u00f4ng n\u00f3i ho\u00e0n to\u00e0n, c\u00f3 \u0111i\u1ec1u g\u00ec c\u1ea7n th\u00ec ra d\u1ea5u ho\u1eb7c ghi ra gi\u1ea5y m\u00e0 th\u00f4i. T\u00f4i nghe kh\u00e1 nhi\u1ec1u \u00fd ki\u1ebfn kh\u00e1c nhau v\u1ec1 v\u1ea5n \u0111\u1ec1 n\u00e0y. K\u00ednh h\u1ecfi, Ph\u1eadt gi\u00e1o quan ni\u1ec7m v\u1ec1 v\u1ea5n \u0111\u1ec1 n\u00e0y th\u1ebf n\u00e0o? C\u00f3 kinh lu\u1eadt n\u00e0o \u0111\u1ec1 c\u1eadp \u0111\u1ebfn vi\u1ec7c \u1ea5y kh\u00f4ng?<\/em><\/p>\n<p>T\u1ecbnh kh\u1ea9u c\u00f3 ngh\u0129a l\u00e0 thanh t\u1ecbnh kh\u1ea9u nghi\u1ec7p. Theo ngh\u0129a r\u1ed9ng, thanh t\u1ecbnh kh\u1ea9u nghi\u1ec7p l\u00e0 kh\u00f4ng n\u00f3i sai, n\u00f3i \u00e1c\u2026 m\u00e0 ch\u1ec9 n\u00f3i l\u1eddi ch\u00e2n th\u1eadt, thanh t\u1ecbnh; n\u00f3i l\u1eddi y\u00eau th\u01b0\u01a1ng, \u0111o\u00e0n k\u1ebft, x\u00e2y d\u1ef1ng, c\u00f3 l\u1ee3i \u00edch cho m\u00ecnh v\u00e0 ng\u01b0\u1eddi. Tuy nhi\u00ean, t\u1ecbnh kh\u1ea9u theo c\u00e1ch hi\u1ec3u c\u1ee7a nhi\u1ec1u ng\u01b0\u1eddi l\u00e0 kh\u00f4ng n\u00f3i g\u00ec c\u1ea3. Th\u1ef1c ra, t\u1ecbnh kh\u1ea9u kh\u00f4ng c\u00f3 ngh\u0129a l\u00e0 c\u00e2m l\u1eb7ng ho\u00e0n to\u00e0n (\u00e1 kh\u1ea9u) m\u00e0 h\u1ea1n ch\u1ebf t\u1ed1i \u0111a n\u00f3i n\u0103ng, ch\u1ec9 n\u00f3i khi c\u1ea7n thi\u1ebft v\u00e0 lu\u00f4n \u0111i li\u1ec1n v\u1edbi ch\u00e1nh ni\u1ec7m. Theo Thi\u1ec1n s\u01b0 Nh\u1ea5t H\u1ea1nh, \u201cT\u1ecbnh kh\u1ea9u l\u00e0 m\u1ed9t ph\u01b0\u01a1ng ph\u00e1p th\u1ef1c t\u1eadp r\u1ea5t s\u00e2u s\u1eafc ch\u1ee9 kh\u00f4ng ph\u1ea3i l\u00e0 chuy\u1ec7n c\u1ea5m n\u00f3i. T\u1ecbnh kh\u1ea9u kh\u00f4ng c\u00f3 ngh\u0129a l\u00e0 kh\u00f4ng n\u00f3i m\u00e0 th\u00f4i. N\u00f3 c\u00f3 ngh\u0129a l\u00e0 qu\u00e1n chi\u1ebfu b\u1eb1ng ch\u00e1nh ni\u1ec7m c\u1ee7a m\u00ecnh nh\u1eefng \u0111i\u1ec1u g\u00ec m\u00ecnh \u0111\u1ecbnh n\u00f3i\u201d.<\/p>\n<p>Kinh Ph\u1eadt \u0111\u1ec1 c\u1eadp \u0111\u1ebfn v\u1ea5n \u0111\u1ec1 tu t\u1eadp t\u1ecbnh kh\u1ea9u kh\u00e1 nhi\u1ec1u, t\u00f9y theo m\u1ed7i t\u00ecnh hu\u1ed1ng m\u00e0 \u0110\u1ee9c Ph\u1eadt c\u00f3 th\u00e1i \u0111\u1ed9 kh\u00e1c nhau. Trung A h\u00e0m 18, kinh Sa-k\u00ea-\u0111\u1ebf tam m\u1ed9c t\u00e1nh t\u1eed, ghi: \u201cM\u1ed9t th\u1eddi \u0110\u1ee9c Ph\u1eadt du h\u00f3a t\u1ea1i Sa-k\u00ea-\u0111\u1ebf trong r\u1eebng Thanh. B\u1ea5y gi\u1edd \u1edf Sa-k\u00ea-\u0111\u1ebf c\u00f3 ba thi\u1ec7n nam t\u1eed l\u00e0 T\u00f4n gi\u1ea3 A-na-lu\u1eadt-\u0111\u00e0, Nan-\u0111\u1ec1 v\u00e0 Kim-t\u00ec-la \u0111\u1ec1u l\u00e0 thi\u1ebfu ni\u00ean m\u1edbi xu\u1ea5t gia h\u1ecdc \u0111\u1ea1o, c\u00f9ng \u0111\u1ebfn nh\u1eadp Ch\u00e1nh ph\u00e1p n\u00e0y kh\u00f4ng l\u00e2u. L\u00fac \u1ea5y \u0110\u1ee9c Th\u1ebf T\u00f4n h\u1ecfi c\u00e1c T\u1ef3 kheo: \u2018Ba thi\u1ec7n gia nam t\u1eed n\u00e0y \u0111\u1ec1u l\u00e0 thi\u1ebfu ni\u00ean m\u1edbi xu\u1ea5t gia h\u1ecdc \u0111\u1ea1o, c\u00f9ng \u0111\u1ebfn nh\u1eadp Ch\u00e1nh ph\u00e1p n\u00e0y kh\u00f4ng l\u00e2u; ba thi\u1ec7n nam t\u1eed \u1ea5y c\u00f3 vui th\u00edch \u1edf trong Ch\u00e1nh ph\u00e1p lu\u1eadt n\u00e0y h\u00e0nh ph\u1ea1m h\u1ea1nh ch\u0103ng?\u2019. Khi \u0111\u00f3 c\u00e1c v\u1ecb T\u1ef3-kheo im l\u1eb7ng, kh\u00f4ng tr\u1ea3 l\u1eddi. \u0110\u1ee9c Th\u1ebf T\u00f4n ba l\u1ea7n h\u1ecfi c\u00e1c T\u1ef3 kheo, c\u00e1c T\u1ef3 kheo c\u0169ng ba l\u1ea7n im l\u1eb7ng, kh\u00f4ng \u0111\u00e1p\u201d. V\u00ec tu t\u1eadp t\u1ecbnh kh\u1ea9u n\u00ean c\u00e1c T\u1ef3 kheo \u1edf Sa-k\u00ea-\u0111\u1ebf kh\u00f4ng tr\u1ea3 l\u1eddi Th\u1ebf T\u00f4n, d\u00f9 Ng\u00e0i h\u1ecfi \u0111\u1ebfn ba l\u1ea7n. \u1ede m\u1ed9t kinh kh\u00e1c, \u0111\u1eddi s\u1ed1ng tu t\u1eadp c\u1ee7a c\u00e1c T\u1ef3 kheo \u0111\u01b0\u1ee3c ghi nh\u1eadn nh\u01b0 sau: \u201cB\u1ea5y gi\u1edd c\u00f3 ba thi\u1ec7n nam t\u1eed tr\u00fa trong r\u1eebng Ban-na-m\u1ea1n-x\u00e0-t\u1ef1, l\u00e0: T\u00f4n gi\u1ea3 A-na-lu\u1eadt-\u0111\u00e0, Nan-\u0111\u1ec1 v\u00e0 Kim-t\u00ec-la. C\u00e1c T\u00f4n gi\u1ea3 \u1ea5y s\u1ed1ng nh\u01b0 v\u1ea7y: N\u1ebfu ai kh\u1ea5t th\u1ef1c tr\u1edf v\u1ec1 tr\u01b0\u1edbc, th\u00ec tr\u1ea3i gi\u01b0\u1eddng, m\u00fac n\u01b0\u1edbc \u0111\u1ec3 r\u1eeda ch\u00e2n. N\u1ebfu nh\u1eefng g\u00ec kh\u1ea5t th\u1ef1c c\u00f3 th\u1ec3 d\u00f9ng h\u1ebft th\u00ec d\u00f9ng h\u1ebft, n\u1ebfu c\u00f2n d\u01b0 th\u00ec \u0111\u1ed5 v\u00e0o h\u1ee7 \u0111\u1eady k\u00edn c\u1ea5t. \u0102n xong, d\u1ecdn b\u00e1t, c\u1ea5t, r\u1eeda tay ch\u00e2n, l\u1ea5y t\u1ecda c\u1ee5 v\u1eaft l\u00ean vai, v\u00e0o th\u1ea5t t\u0129nh t\u1ecda. Ai kh\u1ea5t th\u1ef1c v\u1ec1 sau, d\u00f9ng sau\u2026 Sau khi thu x\u1ebfp y b\u00e1t, r\u1eeda tay ch\u00e2n, l\u1ea5y t\u1ecda c\u1ee5 v\u1eaft l\u00ean vai, v\u00e0o th\u1ea5t t\u0129nh t\u1ecda. \u0110\u1ebfn l\u00fac x\u1ebf, c\u00e1c T\u00f4n gi\u1ea3 \u1ea5y, n\u1ebfu c\u00f3 v\u1ecb n\u00e0o t\u1eeb ch\u1ed7 t\u0129nh t\u1ecda d\u1eady tr\u01b0\u1edbc, th\u1ea5y lu n\u01b0\u1edbc u\u1ed1ng v\u00e0 gh\u00e8 n\u01b0\u1edbc r\u1eeda tay tr\u1ed1ng r\u1ed7ng, kh\u00f4ng c\u00f3 n\u01b0\u1edbc, th\u00ec mang \u0111i l\u1ea5y. N\u1ebfu x\u00e1ch v\u1ec1 n\u1ed5i th\u00ec x\u00e1ch \u0111\u1ebfn \u0111\u1ec3 m\u1ed9t g\u00f3c, n\u1ebfu x\u00e1ch kh\u00f4ng n\u1ed5i th\u00ec l\u1ea5y tay v\u1eaby m\u1ed9t T\u1ef3-kheo n\u1eefa, m\u1ed7i ng\u01b0\u1eddi khi\u00eang m\u1ed9t b\u00ean, kh\u00f4ng ai n\u00f3i chuy\u1ec7n v\u1edbi nhau. C\u00e1c T\u00f4n gi\u1ea3 \u1ea5y c\u1ee9 n\u0103m ng\u00e0y t\u1ee5 t\u1eadp l\u1ea1i m\u1ed9t l\u1ea7n, c\u00f9ng nhau b\u00e0n v\u1ec1 ph\u00e1p v\u00e0 im l\u1eb7ng theo ph\u00e1p b\u1eadc Th\u00e1nh\u201d (Trung A h\u00e0m 17, Tr\u01b0\u1eddng Th\u1ecd v\u01b0\u01a1ng b\u1ea3n kh\u1edfi). V\u00e0 \u0110\u1ee9c Th\u1ebf T\u00f4n t\u00e1n th\u00e1n: \u201cL\u00e0nh thay! L\u00e0nh thay! A-na-lu\u1eadt-\u0111\u00e0, nh\u01b0 th\u1ebf c\u00e1c ng\u01b0\u01a1i th\u01b0\u1eddng c\u00f9ng nhau h\u00f2a h\u1ee3p, an l\u1ea1c, kh\u00f4ng tranh, c\u00f9ng hi\u1ec7p nh\u1ea5t trong m\u1ed9t t\u00e2m, m\u1ed9t Th\u1ea7y, nh\u01b0 n\u01b0\u1edbc v\u1edbi s\u1eefa\u201d. R\u00f5 r\u00e0ng, trong tr\u01b0\u1eddng h\u1ee3p n\u00e0y, c\u00e1c T\u1ef3 kheo tu t\u1eadp t\u1ecbnh kh\u1ea9u \u0111\u01b0\u1ee3c Th\u1ebf T\u00f4n t\u00e1n th\u00e1n.<\/p>\n<p>Tuy nhi\u00ean, trong tr\u01b0\u1eddng h\u1ee3p kh\u00e1c, tu t\u1eadp t\u1ecbnh kh\u1ea9u l\u1ea1i b\u1ecb Ph\u1eadt qu\u1edf tr\u00e1ch n\u1eb7ng n\u1ec1: \u201cM\u1ed9t th\u1eddi, \u0111\u1ee9c Ph\u1eadt \u1edf t\u1ea1i v\u01b0\u1eddn C\u1ea5p-c\u00f4-\u0111\u1ed9c, r\u1eebng c\u00e2y K\u1ef3- \u0111\u00e0, n\u01b0\u1edbc X\u00e1-v\u1ec7. B\u1ea5y gi\u1edd c\u00f3 s\u1ed1 \u0111\u00f4ng T\u1ef3 kheo \u1edf n\u01b0\u1edbc C\u00e2u-t\u00e1t-la, h\u1ea1 an c\u01b0 n\u01a1i tr\u00fa x\u1ee9 n\u1ecd, suy ngh\u0129 r\u1eb1ng, \u2018L\u00e0m c\u00e1ch n\u00e0o ch\u00fang ta s\u1ed1ng an l\u1ea1c, kh\u00f4ng v\u1ea5t v\u1ea3 v\u00ec s\u1ef1 \u0103n u\u1ed1ng?\u2019. R\u1ed3i h\u1ecd b\u1ea3o nhau, \u2018Ch\u00fang ta n\u00ean l\u1eadp quy ch\u1ebf an c\u01b0, kh\u00f4ng n\u00f3i chuy\u1ec7n v\u1edbi nhau, kh\u00f4ng l\u1ec5 b\u00e1i, h\u1ecfi ch\u00e0o nhau. Ai v\u00e0o t\u1ee5 l\u1ea1c kh\u1ea5t th\u1ef1c tr\u01b0\u1edbc v\u00e0 v\u1ec1 tr\u01b0\u1edbc, th\u00ec d\u1ecdn d\u1eb9p ch\u1ed7 ng\u1ed3i \u0103n, tr\u1ea3i t\u1ecda c\u1ee5, s\u1eeda so\u1ea1n \u0111\u1ed3 \u0111\u1ef1ng n\u01b0\u1edbc, \u0111\u1ed3 r\u1eeda ch\u00e2n, \u0111\u1ed3 \u0111\u1ef1ng th\u1ee9c \u0103n. M\u1ed7i ng\u01b0\u1eddi t\u1ef1 \u0111em th\u1ee9c \u0103n \u0111\u1ebfn \u0111\u1ec3 ch\u1ed7 ng\u1ed3i \u0103n. N\u1ebfu ai nh\u1eadn \u0111\u01b0\u1ee3c th\u1ee9c \u0103n nhi\u1ec1u, tr\u01b0\u1edbc h\u1ebft n\u00ean s\u1edbt b\u1edbt \u0111\u1ec3 l\u1ea1i, nh\u1eadn \u0111\u1ee7 th\u00ec \u0103n. \u0102n xong, im l\u1eb7ng tr\u1edf v\u1ec1 ph\u00f2ng. Ng\u01b0\u1eddi k\u1ebf ti\u1ebfp v\u00e0o t\u1ee5 l\u1ea1c kh\u1ea5t th\u1ef1c; nh\u1eadn \u0111\u01b0\u1ee3c th\u1ee9c \u0103n r\u1ed3i tr\u1edf v\u1ec1, \u0111em th\u1ee9c \u0103n \u0111\u1ebfn ch\u1ed7 ng\u1ed3i \u0103n\u2026 V\u1ecb \u1ea5y d\u1ecdn qu\u00e9t ch\u1ed7 ng\u1ed3i \u0103n. N\u1ebfu th\u1ea5y \u0111\u1ed3 \u0111\u1ef1ng n\u01b0\u1edbc, \u0111\u1ed3 r\u1eeda ch\u00e2n tr\u1ed1ng kh\u00f4ng, th\u00ec \u0111i x\u00e1ch. N\u1ebfu t\u1ef1 m\u00ecnh c\u00f3 th\u1ec3 khi\u00eang tr\u1edf v\u1ec1 th\u00ec t\u1ed1t. B\u1eb1ng kh\u00f4ng, d\u00f9ng tay ngo\u1eaft b\u1ea1n \u0111\u1ec3 c\u00f9ng khi\u00eang v\u1ec1 ch\u1ed7 c\u0169. R\u1ed3i im l\u1eb7ng tr\u1edf v\u1ec1 ph\u00f2ng. Ch\u1ee9 kh\u00f4ng v\u00ec l\u00ed do n\u00e0o m\u00e0 n\u00f3i b\u1eb1ng l\u1eddi. Ch\u00fang ta l\u1eadp quy ch\u1ebf nh\u01b0 v\u1eady, c\u00f3 th\u1ec3 s\u1ed1ng an l\u1ea1c, kh\u00f4ng v\u00ec s\u1ef1 \u0103n u\u1ed1ng m\u00e0 kh\u1ed5 s\u1edf\u2019.<\/p>\n<p>C\u00e1c T\u1ef3 kheo \u00e1p d\u1ee5ng quy ch\u1ebf tr\u00ean trong th\u1eddi gian an c\u01b0. T\u1ef1 t\u1ee9 xong, h\u1ecd \u0111\u1ebfn ch\u1ed7 \u0110\u1ee9c Ph\u1eadt trong K\u1ef3-ho\u00e0n, n\u01b0\u1edbc X\u00e1-v\u1ec7, \u0111\u1ea3nh l\u1ec5 s\u00e1t ch\u00e2n, r\u1ed3i ng\u1ed3i qua m\u1ed9t b\u00ean. C\u00e1c T\u1ef3 kheo \u0111em nh\u00e2n duy\u00ean tr\u00ean thu\u1eadt l\u1ea1i m\u1ed9t c\u00e1ch \u0111\u1ea7y \u0111\u1ee7, \u0110\u1ee9c Ph\u1eadt b\u1ea3o c\u00e1c T\u1ef3 kheo: \u2018C\u00e1c \u00f4ng l\u00e0 nh\u1eefng ng\u01b0\u1eddi si, t\u1ef1 cho \u0111\u00f3 l\u00e0 vui m\u00e0 th\u1eadt s\u1ef1 l\u00e0 kh\u1ed5. C\u00e1c \u00f4ng l\u00e0 nh\u1eefng ng\u01b0\u1eddi ngu si, t\u1ef1 cho \u0111\u00f3 l\u00e0 \u0111i\u1ec1u kh\u00f4ng tai ho\u1ea1n, m\u00e0 th\u1eadt s\u1ef1 l\u00e0 \u0111\u1ea1i ho\u1ea1n. C\u00e1c \u00f4ng l\u00e0 nh\u1eefng ng\u01b0\u1eddi ngu si, c\u00f9ng \u1edf v\u1edbi nhau nh\u01b0 oan gia, nh\u01b0 nh\u1eefng con c\u1eebu. T\u1ea1i sao v\u1eady? Ta \u0111\u00e3 d\u00f9ng v\u00f4 s\u1ed1 ph\u01b0\u01a1ng ti\u1ec7n d\u1ea1y b\u1ea3o c\u00e1c T\u1ef3 kheo, c\u00f9ng d\u1ea1y b\u1ea3o nhau, c\u00f9ng nhau trao \u0111\u1ed5i, gi\u00e1c ng\u1ed9 cho nhau. C\u00e1c \u00f4ng l\u00e0 nh\u1eefng ng\u01b0\u1eddi ngu si, \u0111\u1ed3ng nh\u01b0 ngo\u1ea1i \u0111\u1ea1o th\u1ecd ph\u00e1p c\u00e2m. C\u00e1c \u00f4ng kh\u00f4ng \u0111\u01b0\u1ee3c l\u00e0m theo ph\u00e1p c\u00e2m nh\u01b0 v\u1eady. N\u1ebfu l\u00e0m theo ph\u00e1p c\u00e2m, ph\u1ea1m \u0110\u1ed9t-k\u1ebft-la\u201d (T\u1ee9 ph\u1ea7n lu\u1eadt, T\u1ef1 t\u1ee9).<\/p>\n<p>\u0110\u1ebfn \u0111\u00e2y, ch\u00fang ta th\u1ea5y r\u1ea5t r\u00f5 quan \u0111i\u1ec3m c\u1ee7a \u0110\u1ee9c Ph\u1eadt v\u1ec1 t\u1ecbnh kh\u1ea9u theo c\u00e1ch l\u1eb7ng c\u00e2m ho\u00e0n to\u00e0n: \u201cPh\u00e1p c\u00e2m\u201d \u1ea5y l\u00e0 c\u00e1ch tu t\u1eadp c\u1ee7a ngo\u1ea1i \u0111\u1ea1o, phi Ch\u00e1nh ph\u00e1p. Do v\u1eady, t\u1ecbnh kh\u1ea9u nh\u1eb1m tr\u00e1nh duy\u00ean \u0111\u1ec3 chuy\u1ec3n h\u00f3a, thanh t\u1ecbnh tam nghi\u1ec7p l\u00e0 \u0111i\u1ec1u \u0111\u00e1ng ca ng\u1ee3i. Nh\u01b0ng t\u1ecbnh kh\u1ea9u c\u1ef1c \u0111oan ki\u1ec3u \u201cth\u1ecd tr\u00ec ph\u00e1p c\u00e2m\u201d th\u00ec kh\u00f4ng n\u00ean v\u00ec \u201ctrao \u0111\u1ed5i, gi\u00e1c ng\u1ed9 cho nhau\u201d v\u1ed1n r\u1ea5t quan tr\u1ecdng v\u00e0 c\u1ea7n thi\u1ebft trong \u0111\u1eddi s\u1ed1ng T\u0103ng \u0111o\u00e0n \u0111\u1ec3 c\u00f9ng tr\u1ee3 duy\u00ean cho nhau th\u0103ng hoa v\u00e0 ch\u1ee9ng \u0111\u1ea1t.<br \/>\nCh\u00fac b\u1ea1n tinh t\u1ea5n!<\/p>\n<p style=\"text-align: right;\"><strong>T\u1ed5 c\u00f4ng t\u00e1c \u00a0b\u1ea1n \u0111\u1ecdc<\/strong><\/p>\n<\/div>\n<\/div>\n<\/div>\n","protected":false},"excerpt":{"rendered":"<p>T\u1ecbnh kh\u1ea9u H\u1eceI:\u00a0T\u00f4i \u0111\u01b0\u1ee3c bi\u1ebft, trong c\u00e1c ph\u00e1p m\u00f4n tu t\u1eadp c\u1ee7a Ph\u1eadt gi\u00e1o c\u00f3 \u0111\u1ec1 c\u1eadp \u0111\u1ebfn t\u1ecbnh kh\u1ea9u. Tuy v\u1eady, trong \u0111\u1ea1o tr\u00e0ng \u2026 <a class=\"continue-reading-link\" href=\"https:\/\/www.pagodethienminh.fr\/?page_id=542\">Continue \u00e0 lire <span class=\"meta-nav\">&rarr; <\/span><\/a><\/p>\n","protected":false},"author":1,"featured_media":0,"parent":1599,"menu_order":8,"comment_status":"closed","ping_status":"closed","template":"template-onecolumn.php","meta":{"_mc_calendar":[],"footnotes":""},"class_list":["post-542","page","type-page","status-publish","hentry"],"_links":{"self":[{"href":"https:\/\/www.pagodethienminh.fr\/index.php?rest_route=\/wp\/v2\/pages\/542","targetHints":{"allow":["GET"]}}],"collection":[{"href":"https:\/\/www.pagodethienminh.fr\/index.php?rest_route=\/wp\/v2\/pages"}],"about":[{"href":"https:\/\/www.pagodethienminh.fr\/index.php?rest_route=\/wp\/v2\/types\/page"}],"author":[{"embeddable":true,"href":"https:\/\/www.pagodethienminh.fr\/index.php?rest_route=\/wp\/v2\/users\/1"}],"replies":[{"embeddable":true,"href":"https:\/\/www.pagodethienminh.fr\/index.php?rest_route=%2Fwp%2Fv2%2Fcomments&post=542"}],"version-history":[{"count":8,"href":"https:\/\/www.pagodethienminh.fr\/index.php?rest_route=\/wp\/v2\/pages\/542\/revisions"}],"predecessor-version":[{"id":3379,"href":"https:\/\/www.pagodethienminh.fr\/index.php?rest_route=\/wp\/v2\/pages\/542\/revisions\/3379"}],"up":[{"embeddable":true,"href":"https:\/\/www.pagodethienminh.fr\/index.php?rest_route=\/wp\/v2\/pages\/1599"}],"wp:attachment":[{"href":"https:\/\/www.pagodethienminh.fr\/index.php?rest_route=%2Fwp%2Fv2%2Fmedia&parent=542"}],"curies":[{"name":"wp","href":"https:\/\/api.w.org\/{rel}","templated":true}]}}