{"id":537,"date":"2011-05-04T11:47:51","date_gmt":"2011-05-04T11:47:51","guid":{"rendered":"http:\/\/www.pagodethienminh.fr\/?page_id=537"},"modified":"2013-03-14T08:12:22","modified_gmt":"2013-03-14T08:12:22","slug":"1ag-d%e1%ba%a1o-phap-d%e1%bb%83-t%e1%ba%a9y-nghi%e1%bb%87p","status":"publish","type":"page","link":"https:\/\/www.pagodethienminh.fr\/?page_id=537","title":{"rendered":"Ph\u00e1p \u0111\u1ec3 t\u1ea3y nghi\u1ec7p"},"content":{"rendered":"<h2 style=\"text-align: center;\"><strong>\u0110\u1ea1o\u00a0Ph\u00e1p \u0111\u1ec3 t\u1ea3y nghi\u1ec7p<\/strong><\/h2>\n<p style=\"text-align: justify;\"><strong><span id=\"LMS3\">N<\/span><\/strong>ghi\u1ec7p n\u1ebfu n\u00f3i \u0111\u1ea1i kh\u00e1i th\u00ec c\u00f3 hai l\u00e0:<\/p>\n<blockquote><p><strong><span>1<\/span><\/strong>.- Thi\u1ec7n nghi\u1ec7p.<br \/>\n<strong><span>2<\/span><\/strong>.- \u00c1c nghi\u1ec7p.<\/p><\/blockquote>\n<p style=\"text-align: justify;\">Chia theo c\u1eeda t\u1ee9c l\u00e0 l\u1ed1i t\u1ea1o nghi\u1ec7p th\u00ec c\u00f3 ba, l\u00e0:<\/p>\n<blockquote><p><strong><span>1<\/span><\/strong>.-\u00a0<em>Kaayakamma<\/em>: Th\u00e2n nghi\u1ec7p.<br \/>\n<strong><span>2<\/span><\/strong>.-\u00a0<em>Vaciikamma<\/em>: Kh\u1ea9u nghi\u1ec7p.<br \/>\n<strong><span>3<\/span><\/strong>.-\u00a0<em>Manokamma<\/em>: \u00dd nghi\u1ec7p.<\/p><\/blockquote>\n<p style=\"text-align: justify;\">C\u00f3 l\u1eddi h\u1ecfi r\u1eb1ng: ph\u01b0\u01a1ng ph\u00e1p n\u00e0o gi\u00fap ta c\u1ea3i h\u00f3a \u00e1c nghi\u1ec7p v\u00e0 ch\u1ec9 t\u1ea1o \u0111\u01b0\u1ee3c thi\u1ec7n nghi\u1ec7p m\u00e3i m\u00e3i?<\/p>\n<p style=\"text-align: justify;\">\u00d0\u1ee9c Th\u1ebf T\u00f4n t\u00f9y l\u1eddi h\u1ecfi \u1ea5y, c\u00f3 gi\u1ea3ng ghi trong Kinh\u00a0<em>Cuularuukulavadasuutra Majjhima-nikaaya Majjhimapa.n.nsaka<\/em> b\u1eb1ng c\u00e1ch quan s\u00e1t t\u1ea9y nghi\u1ec7p. Ph\u1eadt ng\u00f4n \u0111\u00f3 l\u00e0 \u0111\u1ea1o ph\u00e1p \u0111\u1ec3 r\u1eeda nghi\u1ec7p m\u00e0 ch\u01b0 Ph\u1eadt \u0111\u00e3 gi\u00e1o hu\u1ea5n r\u1ed3i, d\u00f9 ti\u1ebfp theo c\u0169ng s\u1ebd d\u1ea1y nh\u01b0 th\u1ebf.<\/p>\n<p style=\"text-align: justify;\">Nh\u00e2n \u0111\u00f3, \u0111\u1ea1o ph\u00e1p \u0111\u1ec3 r\u1eeda nghi\u1ec7p, v\u00e0 cho ch\u00fang ta ch\u1ec9 t\u1ea1o nghi\u1ec7p l\u00e0nh, v\u1eady ch\u00fang ta n\u00ean d\u00f2 x\u00e9t theo t\u00edch s\u1ebd ph\u00e1t bi\u1ec3u d\u01b0\u1edbi \u0111\u00e2y:<\/p>\n<p style=\"text-align: justify;\">T\u1ea1i th\u00e0nh\u00a0<em>Raajagaha<\/em>, \u0110\u1ee9c\u00a0<em>Raahula<\/em> b\u1ed5 t\u00fac\u00a0<a href=\"http:\/\/www.lotusmedia.net\/unicode\/trietlyvenghiep\/thien09.htm#_edn3\" name=\"_ednref3\">[3] <\/a>, Sa m\u00f4n ph\u00e1p t\u1ea1i\u00a0<em>Bala.t.thi Kaapraasaada<\/em> (dinh th\u1ef1) v\u00e0 \u00d0\u1ee9c Th\u1ebf T\u00f4n ng\u1ee5 t\u1ea1i Tr\u00fac L\u00e2m t\u1ecbnh x\u00e1 (<em>Ve.luvana<\/em>). Khi \u1ea5y \u00d0\u1ee9c Th\u1ebf T\u00f4n ng\u1ef1 \u0111\u1ebfn ch\u1ed7 ng\u1ee5 c\u1ee7a \u0110\u1ee9c R\u00e0hula. Th\u1ea5y Ph\u1eadt t\u1edbi, \u0110\u1ee9c R\u00e0hula b\u00e8n tr\u1ea3i ch\u1ed7 v\u00e0 n\u01b0\u1edbc r\u1eeda ch\u00e2n. \u0110\u1ee9c Ph\u1eadt khi t\u1ecda xong, Ph\u1eadt ph\u00e1n r\u1eb1ng:<\/p>\n<p style=\"text-align: justify;\">&#8211; N\u00e0y R\u00e0hula ! Ng\u01b0\u01a1i th\u1ea5y ch\u00fat \u00edt n\u01b0\u1edbc trong \u0111\u1ed3 \u0111\u1ef1ng n\u00e0y ch\u0103ng?<\/p>\n<p style=\"text-align: justify;\">&#8211; B\u1ea1ch Ph\u1eadt, t\u00f4i th\u1ea5y.<\/p>\n<p style=\"text-align: justify;\">&#8211; N\u00e0y\u00a0<em>Raahula<\/em>! R\u1ea5t hi\u1ebfm c\u00f3, v\u1eady.<\/p>\n<p style=\"text-align: justify;\">R\u1ed3i \u00d0\u1ee9c Th\u1ebf T\u00f4n \u0111\u1ed5 b\u1ecf n\u01b0\u1edbc \u1ea5y, ph\u00e1n h\u1ecfi \u0110\u1ee9c\u00a0<em>Raahula<\/em> n\u1eefa r\u1eb1ng:<\/p>\n<p style=\"text-align: justify;\">&#8211; N\u00e0y\u00a0<em>Raahula<\/em>! Ng\u01b0\u01a1i th\u1ea5y n\u01b0\u1edbc c\u00f2n d\u01b0 \u0111\u00e3 \u0111\u1ed5 b\u1ecf \u1ea5y ch\u0103ng?<\/p>\n<p style=\"text-align: justify;\">&#8211; B\u1ea1ch Ph\u1eadt, t\u00f4i th\u1ea5y.<\/p>\n<p style=\"text-align: justify;\">\u00d0\u1ee9c Th\u1ebf T\u00f4n b\u00e8n \u00fap \u0111\u1ed3 \u0111\u1ef1ng n\u01b0\u1edbc \u1ea5y, r\u1ed3i ph\u00e1n h\u1ecfi n\u1eefa r\u1eb1ng:<\/p>\n<p style=\"text-align: justify;\">&#8211; N\u00e0y\u00a0<em>Raahula<\/em>! Ng\u01b0\u01a1i th\u1ea5y \u0111\u1ed3 \u0111\u1ef1ng n\u01b0\u1edbc \u00fap r\u1ed3i \u1ea5y ch\u0103ng?<\/p>\n<p style=\"text-align: justify;\">&#8211; B\u1ea1ch Ph\u1eadt, t\u00f4i th\u1ea5y.<\/p>\n<p style=\"text-align: justify;\"><a name=\"OLE_LINK2\"><\/a>&#8211; N\u00e0y\u00a0<em>Raahula<\/em>! <a name=\"OLE_LINK1\"><\/a>Sa m\u00f4n ph\u00e1p l\u00e0 s\u1ef1 kh\u00f4ng h\u1ed5 th\u1eb9n trong l\u1eddi n\u00f3i d\u1ed1i c\u1ee7a ng\u01b0\u1eddi l\u00e0 v\u1eadt \u0111\u00e3 \u00fap r\u1ed3i, nh\u01b0 v\u1eady.<\/p>\n<p style=\"text-align: justify;\">Th\u1ebf T\u00f4n b\u00e8n l\u1eadt ng\u1eeda \u0111\u1ed3 \u0111\u1ef1ng n\u01b0\u1edbc, xong ph\u00e1n h\u1ecfi n\u1eefa r\u1eb1ng:<\/p>\n<p style=\"text-align: justify;\">&#8211; N\u00e0y\u00a0<em>Raahula<\/em>! Ng\u01b0\u01a1i th\u1ea5y \u0111\u1ed3 \u0111\u1ef1ng n\u01b0\u1edbc tr\u1ed1ng r\u1ed5ng n\u00e0y ch\u0103ng?<\/p>\n<p style=\"text-align: justify;\">&#8211; B\u1ea1ch Ph\u1eadt, t\u00f4i th\u1ea5y.<\/p>\n<p style=\"text-align: justify;\">&#8211; N\u00e0y\u00a0<em>Raahula<\/em>! Sa m\u00f4n ph\u00e1p l\u00e0 s\u1ef1 kh\u00f4ng h\u1ed5 th\u1eb9n trong l\u1eddi n\u00f3i d\u1ed1i c\u1ee7a ng\u01b0\u1eddi l\u00e0 v\u1eadt tr\u1ed1ng r\u1ed7ng nh\u01b0 v\u1eady.<\/p>\n<p style=\"text-align: justify;\">&#8211; N\u00e0y\u00a0<em>Raahula<\/em>! Nh\u01b0 Lai ph\u00e1t bi\u1ec3u r\u1eb1ng \u00e1c nghi\u1ec7p ch\u00fat \u00edt m\u00e0 ng\u01b0\u1eddi kh\u00f4ng h\u1ed5 th\u1eb9n, c\u1ed1 t\u00e2m n\u00f3i d\u1ed1i, kh\u00f4ng th\u1ec3 ch\u1eeba \u0111\u01b0\u1ee3c, (ngh\u0129a l\u00e0 k\u1ebb kh\u00f4ng h\u1ed5 th\u1eb9n), c\u1ed1 \u00fd n\u00f3i d\u1ed1i r\u1ed3i, h\u1ecd kh\u00f4ng l\u00e0m nghi\u1ec7p \u00e1c \u1ea5y n\u1eefa kh\u00f4ng \u0111\u01b0\u1ee3c .<\/p>\n<p style=\"text-align: justify;\">&#8211; N\u00e0y\u00a0<em>Raahula<\/em>! V\u00ed nh\u01b0 t\u01b0\u1ee3ng m\u00e0 n\u00e0i voi \u0111\u00e3 luy\u1ec7n t\u1eadp thu\u1ea7n th\u1ee5c quen v\u00e0o chi\u1ebfn \u0111\u1ecba. Voi \u1ea5y ra tr\u1eadn h\u1eb1ng qu\u1ea5y nhi\u1ec5u qu\u00e2n \u0111\u1ecbch, b\u1eb1ng hai ch\u00e2n tr\u01b0\u1edbc, hai ch\u00e2n sau, b\u1eb1ng th\u00e2n tr\u01b0\u1edbc, th\u00e2n sau, b\u1eb1ng \u0111\u1ea7u, b\u1eb1ng hai ng\u00e0, b\u1eb1ng hai tai, b\u1eb1ng \u0111u\u00f4i ch\u1ec9 gi\u1eef th\u00e2n m\u00e0 th\u00f4i, b\u1eb1ng th\u00e1i \u0111\u1ed9 nh\u01b0 v\u1eady. N\u00e0i voi th\u1ea5y r\u1eb1ng voi ch\u01b0a hy sinh t\u00ednh m\u1ea1ng v\u1edbi \u0110\u1ee9c Vua \u0111\u00e2u.<\/p>\n<p style=\"text-align: justify;\">&#8211; N\u00e0y\u00a0<em>Raahula<\/em>! Tr\u1eeb khi voi chi\u1ebfn v\u00e0o tr\u1eadn b\u1eb1ng c\u00e1ch d\u00f9ng t\u1ea5t c\u1ea3 t\u1ee9 chi cho \u0111\u1ebfn to\u00e0n th\u00e2n th\u1ec3, n\u00e0i voi m\u1edbi h\u00e0i l\u00f2ng r\u1eb1ng, voi chi\u1ebfn \u0111\u00e3 hy sinh v\u1edbi \u0110\u1ee9c Vua.<\/p>\n<p style=\"text-align: justify;\">&#8211; N\u00e0y\u00a0<em>Raahula<\/em>! \u0110\u00e3 g\u1ecdi l\u00e0 t\u1ed9i r\u1ed3i m\u00e0 ng\u01b0\u1eddi c\u00f3 t\u00ednh ch\u1ea5t hay c\u1ed1 t\u00e2m n\u00f3i d\u1ed1i th\u00ec kh\u00f4ng th\u1ec3 b\u1ecf \u0111\u01b0\u1ee3c. &#8220;\u0110\u00f3 l\u00e0 nh\u00e2n m\u00e3nh li\u1ec7t c\u1ee7a ng\u01b0\u01a1i, ng\u01b0\u01a1i n\u00ean t\u1ef1 h\u00f3a r\u1eb1ng&#8221; ta s\u1ebd kh\u00f4ng n\u00f3i d\u1ed1i, d\u00f9 l\u00e0 n\u00f3i gi\u1ee1n. N\u00e0y\u00a0<em>Raahula<\/em>! Ng\u01b0\u01a1i h\u00e3y t\u1ef1 ch\u1ebf nh\u01b0 th\u1ebf, cho k\u1ef3 \u0111\u01b0\u1ee3c.<\/p>\n<p style=\"text-align: justify;\">&#8211; N\u00e0y\u00a0<em>Raahula<\/em>! Ng\u01b0\u01a1i n\u00ean hi\u1ec3u y\u1ebfu \u0111i\u1ec3m c\u1ee7a \u0111i\u1ec1u n\u00e0y, nh\u01b0 th\u1ebf n\u00e0o &#8220;k\u00ednh&#8221;\u00a0<a href=\"http:\/\/www.lotusmedia.net\/unicode\/trietlyvenghiep\/thien09.htm#_edn4\" name=\"_ednref4\">[4 ] <\/a>c\u00f3 l\u1ee3i \u00edch g\u00ec?<\/p>\n<p style=\"text-align: justify;\">&#8211; B\u1ea1ch Ph\u1eadt, c\u00f3 l\u1ee3i \u0111\u1ec3 soi, tr\u00f4ng nom.<\/p>\n<p style=\"text-align: justify;\">&#8211; N\u00e0y\u00a0<em>Raahula<\/em>! Nghi\u1ec7p \u0111\u00e1ng cho ng\u01b0\u1eddi ch\u00fa \u00fd, \u0111i\u1ec1u tra r\u1ed3i m\u1edbi n\u00ean th\u1ef1c h\u00e0nh b\u1eb1ng th\u00e2n, b\u1eb1ng kh\u1ea9u, b\u1eb1ng \u00fd, nh\u01b0 th\u1ebf.<\/p>\n<p style=\"text-align: justify;\"><strong><a name=\"2\"><\/a>1-\u00a0<em>Kaayakamma<\/em> (th\u00e2n nghi\u1ec7p)<\/strong><\/p>\n<p style=\"text-align: justify;\">&#8211; N\u00e0y\u00a0<em>Raahula<\/em>! Th\u00e2n nghi\u1ec7p c\u1ee7a ng\u01b0\u01a1i ngh\u0129a l\u00e0 ng\u01b0\u01a1i mong s\u1ebd t\u1ea1o nghi\u1ec7p n\u00e0o b\u1eb1ng th\u00e2n, ng\u01b0\u01a1i h\u00e3y d\u00f2 x\u00e9t k\u1ef7 r\u1eb1ng b\u1eb1ng th\u00e2n nghi\u1ec7p c\u1ee7a ta t\u1ee9c l\u00e0 ta mu\u1ed1n s\u1ebd l\u00e0m vi\u1ec7c \u1ea5y b\u1eb1ng th\u00e2n, n\u1ebfu th\u1ef1c h\u00e0nh \u0111\u1ec3 h\u1ea1i m\u00ecnh, ho\u1eb7c h\u1ea1i k\u1ebb kh\u00e1c hay h\u1ea1i c\u1ea3 m\u00ecnh v\u00e0 ng\u01b0\u1eddi, th\u00e2n nghi\u1ec7p \u1ea5y l\u00e0 \u00e1c, c\u00f3 kh\u1ed5 l\u00e0 chung k\u1ebft\u00a0<a href=\"http:\/\/www.lotusmedia.net\/unicode\/trietlyvenghiep\/thien09.htm#_edn5\" name=\"_ednref5\">[5] <\/a>c\u00f3 kh\u1ed5 l\u00e0 qu\u1ea3, nh\u01b0 v\u1eady.<\/p>\n<p style=\"text-align: justify;\">&#8211; N\u00e0y\u00a0<em>Raahula<\/em>! N\u1ebfu ng\u01b0\u01a1i \u0111\u00e3 xem x\u00e9t k\u1ef7, \u0111\u01b0\u1ee3c bi\u1ebft nh\u01b0 v\u1eady r\u1eb1ng:<\/p>\n<p style=\"text-align: justify;\">&#8211; N\u00e0y\u00a0<em>Raahula<\/em>! nghi\u1ec7p th\u1ea5y \u0111\u01b0\u1ee3c nh\u01b0 v\u1eady, tuy\u1ec7t nhi\u00ean ng\u01b0\u01a1i kh\u00f4ng n\u00ean h\u00e0nh b\u1eb1ng th\u00e2n.<\/p>\n<p style=\"text-align: justify;\">&#8211; N\u00e0y\u00a0<em>Raahula<\/em>! N\u1ebfu ng\u01b0\u01a1i \u0111\u00e3 kh\u1ea3o s\u00e1t \u0111\u01b0\u1ee3c bi\u1ebft r\u1eb1ng, th\u00e2n nghi\u1ec7p c\u1ee7a ta t\u1ee9c l\u00e0 ta mong m\u1ecfi t\u1ea1o nghi\u1ec7p n\u00e0o b\u1eb1ng th\u00e2n, s\u1ebd th\u1ef1c h\u00e0nh \u0111\u1ec3 kh\u00f4ng h\u1ea1i m\u00ecnh ho\u1eb7c h\u1ea1i ng\u01b0\u1eddi hay h\u1ea1i c\u1ea3 m\u00ecnh v\u00e0 ng\u01b0\u1eddi, th\u00e2n nghi\u1ec7p \u1ea5y l\u00e0 l\u00e0nh, c\u00f3 vui l\u00e0 chung k\u1ebft, c\u00f3 vui l\u00e0 k\u1ebft qu\u1ea3 nh\u01b0 v\u1eady.<\/p>\n<p style=\"text-align: justify;\">&#8211; N\u00e0y\u00a0<em>Raahula<\/em>! nghi\u1ec7p nh\u01b0 v\u1eady, ng\u01b0\u1eddi n\u00ean h\u00e0nh b\u1eb1ng th\u00e2n n\u00e0y! t h\u00e2n nghi\u1ec7p c\u1ee7a ng\u01b0\u01a1i , d \u00f9 ng\u01b0\u01a1i \u0111ang l\u00e0m b\u1eb1ng th\u00e2n, ng\u01b0\u01a1i h\u00e3y \u0111i\u1ec1u tra r\u1eb1ng, th\u00e2n c\u1ee7a ta t\u1ee9c l\u00e0 ta \u0111ang t\u1ea1o nghi\u1ec7p n\u00e0y b\u1eb1ng th\u00e2n th\u1ef1c h\u00e0nh \u0111\u1ec3 h\u1ea1i m\u00ecnh ho\u1eb7c h\u1ea1i ng\u01b0\u1eddi hay h\u1ea1i c\u1ea3 m\u00ecnh v\u00e0 ng\u01b0\u1eddi, th\u00e2n nghi\u1ec7p l\u00e0 d\u1eef c\u00f3 kh\u1ed5 l\u00e0 chung k\u1ebft, c\u00f3 kh\u1ed5 l\u00e0 k\u1ebft qu\u1ea3.<\/p>\n<p style=\"text-align: justify;\">&#8211; N\u00e0y\u00a0<em>Raahula<\/em>! N\u1ebfu ng\u01b0\u01a1i kh\u1ea3o c\u1ee9u v\u00e0 nh\u1eadn r\u1eb1ng: Th\u00e2n nghi\u1ec7p c\u1ee7a ta t\u1ee9c l\u00e0 t\u1ea1o nghi\u1ec7p \u1ea5y b\u1eb1ng th\u00e2n, ta kh\u00f4ng th\u1ef1c h\u00e0nh theo \u0111\u1ec3 h\u1ea1i m\u00ecnh ho\u1eb7c h\u1ea1i ng\u01b0\u1eddi hay c\u1ea3 m\u00ecnh l\u1eabn ng\u01b0\u1eddi, th\u00e2n nghi\u1ec7p \u1ea5y l\u00e0 l\u00e0nh s\u1ebd \u0111em \u0111\u1ebfn k\u1ebft qu\u1ea3 vui.<\/p>\n<p style=\"text-align: justify;\">&#8211; N\u00e0y\u00a0<em>Raahula<\/em>! ng\u01b0\u01a1i n\u00ean b\u1ed5 sung\u00a0<a href=\"http:\/\/www.lotusmedia.net\/unicode\/trietlyvenghiep\/thien09.htm#_edn6\" name=\"_ednref6\">[ 6 ] <\/a>th\u00e2n nghi\u1ec7p \u1ea5y.<\/p>\n<p style=\"text-align: justify;\">N\u1ebfu ta th\u1ef1c h\u00e0nh \u0111\u1ec3 h\u1ea1i ng\u01b0\u1eddi, ho\u1eb7c h\u1ea1i m\u00ecnh hay h\u1ea1i c\u1ea3 m\u00ecnh l\u1eabn ng\u01b0\u1eddi, th\u00e2n nghi\u1ec7p \u1ea5y l\u00e0 d\u1eef s\u1ebd \u0111\u01b0a \u0111\u1ebfn qu\u1ea3 kh\u1ed5.<\/p>\n<p style=\"text-align: justify;\">&#8211; N\u00e0y\u00a0<em>Raahula<\/em>! ng\u01b0\u01a1i n\u00ean ph\u1ed5 c\u1eadp gi\u00e1o ph\u00e1p trong ph\u1ea1m h\u1ea1nh, b\u1eadc hi\u1ec3u bi\u1ebft cao si\u00eau. khi \u0111\u00e3 thuy\u1ebft r\u1ed9ng \u0111\u1ec3 \u0111\u00e1nh th\u1ee9c qu\u1ea7n ch\u00fang r\u1ed3i ng\u01b0\u01a1i n\u00ean thu th\u00fac t\u1ef1 ch\u1ebf \u0111i.<\/p>\n<p style=\"text-align: justify;\">&#8211; N\u00e0y\u00a0<em>Raahula<\/em>! N\u1ebfu ng\u01b0\u01a1i nh\u1eadn r\u1eb1ng, th\u00e2n nghi\u1ec7p l\u00e0nh s\u1ebd \u0111\u01b0a \u0111\u1ebfn qu\u1ea3 vui l\u00e0 \u0111\u00fang; ng\u01b0\u01a1i n\u00ean ph\u00e1t t\u00e2m ph\u1ec9 l\u1ea1c, an vui v\u00e0 h\u1ed3i t\u01b0\u1edfng trong thi\u1ec7n ph\u00e1p \u1ea5y c\u1ea3 ng\u00e0y l\u1eabn \u0111\u00eam.<\/p>\n<p style=\"text-align: justify;\"><strong><a name=\"3\"><\/a>2-\u00a0<em>Vaciikamma<\/em> (kh\u1ea9u nghi\u1ec7p)<\/strong><\/p>\n<p style=\"text-align: justify;\">&#8211; N\u00e0y\u00a0<em>Raahula<\/em>! Kh\u1ea9u nghi\u1ec7p c\u1ee7a ng\u01b0\u01a1i ngh\u0129a l\u00e0 ng\u01b0\u01a1i t\u1ea1o nghi\u1ec7p b\u1eb1ng kh\u1ea9u; ng\u01b0\u01a1i ph\u1ea3i t\u00ecm x\u00e9t r\u1eb1ng: Ta t\u1ea1o nghi\u1ec7p th\u1ef1c h\u00e0nh \u0111\u1ec3 h\u1ea1i ng\u01b0\u1eddi, ho\u1eb7c h\u1ea1i m\u00ecnh hay h\u1ea1i c\u1ea3 m\u00ecnh l\u1eabn ng\u01b0\u1eddi; kh\u1ea9u nghi\u1ec7p \u1ea5y l\u00e0 d\u1eef s\u1ebd \u0111\u01b0a \u0111\u1ebfn qu\u1ea3 kh\u1ed5.<\/p>\n<p style=\"text-align: justify;\">&#8211; N\u00e0y\u00a0<em>Raahula<\/em>! N\u1ebfu ng\u01b0\u01a1i nh\u1eadn th\u1ea5y \u0111i\u1ec1u tr\u00ean l\u00e0 \u0111\u00fang, tuy\u1ec7t nhi\u00ean, ng\u01b0\u01a1i ch\u1eb3ng n\u00ean h\u00e0nh kh\u1ea9u nghi\u1ec7p d\u1eef \u1ea5y.<\/p>\n<p style=\"text-align: justify;\">&#8211; N\u00e0y\u00a0<em>Raahula<\/em>! N\u1ebfu ng\u01b0\u01a1i quan s\u00e1t bi\u1ebft r\u1eb1ng: Ta kh\u00f4ng th\u1ef1c h\u00e0nh b\u1eb1ng kh\u1ea9u \u0111\u1ec3 h\u1ea1i ng\u01b0\u1eddi, ho\u1eb7c h\u1ea1i m\u00ecnh hay h\u1ea1i c\u1ea3 m\u00ecnh l\u1eabn ng\u01b0\u1eddi, kh\u1ea9u nghi\u1ec7p \u1ea5y l\u00e0 l\u00e0nh s\u1ebd \u0111\u01b0a \u0111\u1ebfn qu\u1ea3 vui.<\/p>\n<p style=\"text-align: justify;\"><em>&#8211; N\u00e0y Raahula ! <\/em>ng\u01b0\u01a1i n\u00ean h\u00e0nh kh\u1ea9u nghi\u1ec7p l\u00e0nh \u1ea5y \u0111i. ng\u01b0\u01a1i ph\u1ea3i b\u1ed5 sung kh\u1ea9u nghi\u1ec7p \u1ea5y nh\u01b0 th\u1ebf.<\/p>\n<p style=\"text-align: justify;\"><em>&#8211; N\u00e0y Raahula ! <\/em>ng\u01b0\u01a1i n\u00ean thuy\u1ebft r\u1ed9ng kh\u1ea9u nghi\u1ec7p l\u00e0nh \u0111\u1ec3 \u0111\u00e1nh th\u1ee9c c\u00e1c h\u00e0ng ph\u1ea1m h\u1ea1nh, b\u1eadc hi\u1ec3u bi\u1ebft cao si\u00eau. Khi \u0111\u00e3 ph\u1ed5 c\u1eadp \u0111\u1ec3 \u0111\u00e1nh th\u1ee9c r\u1ed3i, ng\u01b0\u01a1i ph\u1ea3i thu th\u00fac, t\u1ef1 ch\u1ebf \u0111i.<\/p>\n<p style=\"text-align: justify;\"><em>&#8211; N\u00e0y R Raahula ! <\/em>t o\u00e0n nhi\u00ean, ng\u01b0\u01a1i ph\u1ea3i ph\u00e1t t\u00e2m ph\u1ec9 l\u1ea1c, an vui v\u00e0 h\u1ed3i t\u01b0\u1edfng trong c\u00e1c thi\u1ec7n ph\u00e1p c\u1ea3 ng\u00e0y l\u1eabn \u0111\u00eam theo kh\u1ea9u nghi\u1ec7p \u1ea5y.<\/p>\n<p style=\"text-align: justify;\"><strong><a name=\"4\"><\/a>3-\u00a0<em>Manokamma<\/em> (\u00fd nghi\u1ec7p)<\/strong><\/p>\n<p style=\"text-align: justify;\">C\u0169ng nh\u01b0 tr\u00ean, ch\u1ec9 \u0111\u1ed5i th\u00e2n nghi\u1ec7p hay kh\u1ea9u nghi\u1ec7p th\u00e0nh \u00fd nghi\u1ec7p.<\/p>\n<p style=\"text-align: justify;\"><em>&#8211; N\u00e0y Raahula ! <\/em>ch\u01b0 sa m\u00f4n hay B\u00e0-la-m\u00f4n sinh ra l\u00e2u trong qu\u00e1 kh\u1ee9 \u0111\u00e3 t\u1ea9y th\u00e2n nghi\u1ec7p, kh\u1ea9u nghi\u1ec7p, \u00fd nghi\u1ec7p v.v. r\u1ed3i, nh\u1eefng Sa m\u00f4n v\u00e0 B\u00e0-la-m\u00f4n \u1ea5y c\u0169ng \u0111\u01b0\u1ee3c quan s\u00e1t r\u1ed3i m\u1edbi t\u1ea9y th\u00e2n nghi\u1ec7p, kh\u1ea9u nghi\u1ec7p, v\u00e0 \u00fd nghi\u1ec7p nh\u01b0 th\u1ebf th\u1eadt.<\/p>\n<p style=\"text-align: justify;\"><em>&#8211; N\u00e0y Raahula! <\/em>D\u00f9 ch\u01b0 Sa m\u00f4n hay c\u00e1c B\u00e0-la-m\u00f4n n\u00e0o s\u1ebd sinh ra trong t\u01b0\u01a1ng lai c\u0169ng s\u1ebd t\u1ea9y th\u00e2n nghi\u1ec7p, kh\u1ea9u nghi\u1ec7p, \u00fd nghi\u1ec7p v.v. ch\u01b0 Sa m\u00f4n v\u00e0 B\u00e0-la-m\u00f4n \u1ea5y c\u0169ng \u0111\u00e3 kh\u1ea3o s\u00e1t r\u1ed3i v\u00e0 s\u1ebd t\u1ea9y th\u00e2n nghi\u1ec7p, kh\u1ea9u nghi\u1ec7p v\u00e0 \u00fd nghi\u1ec7p v.v. nh\u01b0 v\u1eady th\u1eadt.<\/p>\n<p style=\"text-align: justify;\"><em>&#8211; N\u00e0y Raahula! <\/em>D\u00f9 nh\u1eefng Sa m\u00f4n v\u00e0 B\u00e0-la-m\u00f4n \u0111\u00e3 c\u00f2n trong hi\u1ec7n t\u1ea1i c\u0169ng \u0111ang t\u1ea9y th\u00e2n nghi\u1ec7p, kh\u1ea9u nghi\u1ec7p, \u00fd nghi\u1ec7p v.v. ch\u01b0 Sa m\u00f4n v\u00e0 B\u00e0-la-m\u00f4n v\u1eabn t\u00ecm x\u00e9t r\u1ed3i \u0111ang t\u1ea9y th\u00e2n nghi\u1ec7p, kh\u1ea9u nghi\u1ec7p v\u00e0 \u00fd nghi\u1ec7p nh\u01b0 v\u1eady th\u1eadt.<\/p>\n<p style=\"text-align: justify;\"><em>&#8211; N\u00e0y Raahula! <\/em>V\u00ec th\u1ebf ng\u01b0\u01a1i ph\u1ea3i tu h\u1ecdc h\u1ed3i t\u01b0\u1edfng r\u1eb1ng, ta \u0111\u00e3 d\u00f2 x\u00e9t r\u1ed3i t\u1ea9y th\u00e2n nghi\u1ec7p, kh\u1ea9u nghi\u1ec7p v\u00e0 \u00fd nghi\u1ec7p nh\u01b0 th\u1ebf cho \u0111\u01b0\u1ee3c.<\/p>\n<p style=\"text-align: justify;\"><span style=\"color: #888888; font-size: 17px; font-style: italic; line-height: 28px;\"><em>Ch\u00fa th\u00edch:<\/em><\/span><\/p>\n<dl>\n<dt><em><a href=\"http:\/\/www.lotusmedia.net\/unicode\/trietlyvenghiep\/thien09.htm#_ednref1\" name=\"_edn1\"><\/a>[1] \u0110\u1ea1o ph\u00e1p: ph\u00e9p c\u1ee7a \u0111\u1ea1o.<br \/>\n<a href=\"http:\/\/www.lotusmedia.net\/unicode\/trietlyvenghiep\/thien09.htm#_ednref2\" name=\"_edn2\"><\/a>[2] T\u1ea9y: r\u1eeda.<br \/>\n<a href=\"http:\/\/www.lotusmedia.net\/unicode\/trietlyvenghiep\/thien09.htm#_ednref3\" name=\"_edn3\"><\/a>[3] B\u1ed5 t\u00fac: th\u00eam v\u00e0o cho \u0111\u1ee7.<br \/>\n<a href=\"http:\/\/www.lotusmedia.net\/unicode\/trietlyvenghiep\/thien09.htm#_ednref4\" name=\"_edn4\"><\/a>[4] K\u00ednh: g\u01b0\u01a1ng soi.<br \/>\n<a href=\"http:\/\/www.lotusmedia.net\/unicode\/trietlyvenghiep\/thien09.htm#_ednref5\" name=\"_edn5\"><\/a>[5] Chung k\u1ebft: k\u1ebft th\u00fac.<br \/>\n<a href=\"http:\/\/www.lotusmedia.net\/unicode\/trietlyvenghiep\/thien09.htm#_ednref6\" name=\"_edn6\"><\/a>[6] B\u1ed5 sung: l\u00e0m v\u00e0o cho \u0111\u1ee7.<\/em><\/dt>\n<\/dl>\n","protected":false},"excerpt":{"rendered":"<p>\u0110\u1ea1o\u00a0Ph\u00e1p \u0111\u1ec3 t\u1ea3y nghi\u1ec7p Nghi\u1ec7p n\u1ebfu n\u00f3i \u0111\u1ea1i kh\u00e1i th\u00ec c\u00f3 hai l\u00e0: 1.- Thi\u1ec7n nghi\u1ec7p. 2.- \u00c1c nghi\u1ec7p. Chia theo c\u1eeda t\u1ee9c l\u00e0 l\u1ed1i \u2026 <a class=\"continue-reading-link\" href=\"https:\/\/www.pagodethienminh.fr\/?page_id=537\">Continue \u00e0 lire <span class=\"meta-nav\">&rarr; <\/span><\/a><\/p>\n","protected":false},"author":1,"featured_media":0,"parent":1599,"menu_order":7,"comment_status":"closed","ping_status":"closed","template":"template-onecolumn.php","meta":{"_mc_calendar":[],"footnotes":""},"class_list":["post-537","page","type-page","status-publish","hentry"],"_links":{"self":[{"href":"https:\/\/www.pagodethienminh.fr\/index.php?rest_route=\/wp\/v2\/pages\/537","targetHints":{"allow":["GET"]}}],"collection":[{"href":"https:\/\/www.pagodethienminh.fr\/index.php?rest_route=\/wp\/v2\/pages"}],"about":[{"href":"https:\/\/www.pagodethienminh.fr\/index.php?rest_route=\/wp\/v2\/types\/page"}],"author":[{"embeddable":true,"href":"https:\/\/www.pagodethienminh.fr\/index.php?rest_route=\/wp\/v2\/users\/1"}],"replies":[{"embeddable":true,"href":"https:\/\/www.pagodethienminh.fr\/index.php?rest_route=%2Fwp%2Fv2%2Fcomments&post=537"}],"version-history":[{"count":8,"href":"https:\/\/www.pagodethienminh.fr\/index.php?rest_route=\/wp\/v2\/pages\/537\/revisions"}],"predecessor-version":[{"id":3378,"href":"https:\/\/www.pagodethienminh.fr\/index.php?rest_route=\/wp\/v2\/pages\/537\/revisions\/3378"}],"up":[{"embeddable":true,"href":"https:\/\/www.pagodethienminh.fr\/index.php?rest_route=\/wp\/v2\/pages\/1599"}],"wp:attachment":[{"href":"https:\/\/www.pagodethienminh.fr\/index.php?rest_route=%2Fwp%2Fv2%2Fmedia&parent=537"}],"curies":[{"name":"wp","href":"https:\/\/api.w.org\/{rel}","templated":true}]}}