{"id":5366,"date":"2016-02-15T09:48:51","date_gmt":"2016-02-15T09:48:51","guid":{"rendered":"http:\/\/www.pagodethienminh.fr\/?page_id=5366"},"modified":"2016-02-15T09:48:51","modified_gmt":"2016-02-15T09:48:51","slug":"ba-cong-dung-cua-dao-phat","status":"publish","type":"page","link":"https:\/\/www.pagodethienminh.fr\/?page_id=5366","title":{"rendered":"Ba C\u00f4ng D\u1ee5ng C\u1ee7a \u0110\u1ea1o Ph\u1eadt"},"content":{"rendered":"<div class=\"clearfix\">\n<p class=\"hometext m-bottom\" style=\"text-align: justify;\">\u0110\u1ea1o Ph\u1eadt c\u00f3 ba c\u00f4ng d\u1ee5ng. N\u1ebfu ch\u00fang ta th\u1eadt s\u1ef1 hi\u1ec3u \u0111\u1ea1o Ph\u1eadt v\u00e0 h\u00e0nh \u0111\u1ea1o Ph\u1eadt th\u00ec ba c\u00f4ng d\u1ee5ng n\u00e0y nh\u1ea5t \u0111\u1ecbnh s\u1ebd b\u1ed9c l\u1ed9 trong cu\u1ed9c s\u1ed1ng ch\u00fang ta, tr\u00ean con ng\u01b0\u1eddi ch\u00fang ta, c\u0169ng nh\u01b0 \u0111\u01b0\u1ee3c c\u1ea3m nh\u1eadn s\u00e2u s\u1eafc trong n\u1ed9i t\u00e2m ch\u00fang ta. C\u00f2n n\u1ebfu kh\u00f4ng, th\u00ec t\u1ee9c l\u00e0 ch\u00fang ta kh\u00f4ng hi\u1ec3u bi\u1ebft th\u1eadt s\u1ef1, hay g\u1ecdi l\u00e0 hi\u1ec3u nh\u01b0ng kh\u00f4ng c\u00f3 th\u1ef1c h\u00e0nh. Th\u1eadt ra, hi\u1ec3u m\u00e0 kh\u00f4ng h\u00e0nh c\u00f3 ngh\u0129a l\u00e0 ch\u01b0a hi\u1ec3u th\u1eadt s\u1ef1, ch\u1ec9 l\u00e0 hi\u1ec3u n\u1eeda v\u1eddi.<\/p>\n<figure class=\"article center\" style=\"text-align: justify;\"><img decoding=\"async\" class=\"img-thumbnail\" src=\"http:\/\/gdptkiengiang.vn\/uploads\/news\/2015_12\/1554466_189668417907434_116115049_n.jpg\" alt=\"Ba C\u00f4ng D\u1ee5ng C\u1ee7a \u0110\u1ea1o Ph\u1eadt\" width=\"514\" \/><\/figure>\n<\/div>\n<div id=\"news-bodyhtml\" class=\"bodytext margin-bottom-lg\">Ba c\u00f4ng d\u1ee5ng \u0111\u00f3 l\u00e0 :<\/p>\n<p style=\"text-align: justify;\">M\u1ed9t, nh\u00e2n c\u00e1ch ch\u00fang ta ph\u1ea3i ng\u00e0y c\u00e0ng \u0111\u01b0\u1ee3c ho\u00e0n thi\u1ec7n.<\/p>\n<p style=\"text-align: justify;\">Hai, cu\u1ed9c s\u1ed1ng ch\u00fang ta ph\u1ea3i ng\u00e0y c\u00e0ng \u0111\u01b0\u1ee3c th\u00eam h\u1ea1nh ph\u00fac, vui t\u01b0\u01a1i, v\u00e0 k\u00e8m theo, ch\u00fang ta s\u1ebd th\u00eam s\u1ee9c kh\u1ecfe, \u0111\u1ee1 b\u1ec7nh t\u1eadt.<\/p>\n<p style=\"text-align: justify;\">Ba, c\u1ed1ng hi\u1ebfn c\u1ee7a ch\u00fang ta cho x\u00e3 h\u1ed9i, gia \u0111\u00ecnh v\u00e0 cho s\u1ef1 nghi\u1ec7p b\u1ea3n th\u00e2n ng\u00e0y c\u00e0ng nhi\u1ec1u, c\u1ee5 th\u1ec3 v\u00e0 phong ph\u00fa.<\/p>\n<p style=\"text-align: justify;\">T\u1ea5t nhi\u00ean, ba c\u00f4ng d\u1ee5ng tr\u00ean b\u1ed5 sung cho nhau v\u00e0 c\u00f3 li\u00ean quan v\u1edbi nhau. Nh\u01b0ng, m\u1ed9t \u0111i\u1ec1u quan tr\u1ecdng l\u00e0 ch\u00fang ta ph\u1ea3i lu\u00f4n lu\u00f4n t\u1ec9nh t\u00e1o. S\u00e1ch Ph\u1eadt hay d\u00f9ng t\u1eeb <strong><em>t\u1ec9nh gi\u00e1c. <\/em><\/strong>\u0110\u00fang v\u1eady, ng\u01b0\u1eddi Ph\u1eadt t\u1eed kh\u00f4ng \u0111\u01b0\u1ee3c m\u01a1 m\u00e0ng, m\u00e0 ph\u1ea3i lu\u00f4n lu\u00f4n t\u1ec9nh t\u00e1o, hay t\u1ec9nh gi\u00e1c. H\u00e3y bi\u1ebft l\u1ea5y con ng\u01b0\u1eddi ch\u00fang ta, k\u1ec3 c\u1ea3 th\u00e2n v\u00e0 t\u00e2m l\u00e0m \u0111\u1ed1i t\u01b0\u1ee3ng th\u1ef1c nghi\u1ec7m, \u0111\u1ed3ng th\u1eddi c\u0169ng ph\u1ea3i bi\u1ebft xem cu\u1ed9c s\u1ed1ng m\u00e0 ch\u00fang ta \u0111ang s\u1ed1ng, l\u00e0 m\u00f4i tr\u01b0\u1eddng th\u1ef1c nghi\u1ec7m. Theo kinh nghi\u1ec7m v\u00e0 nh\u1eadn th\u1ee9c c\u1ee7a b\u1ea3n th\u00e2n t\u00f4i, m\u1ed9t cu\u1ed9c s\u1ed1ng nh\u01b0 v\u1eady th\u1eadt l\u00e0 tuy\u1ec7t v\u1eddi v\u00e0 \u0111\u1ea7y \u00fd ngh\u0129a. \u0110i\u1ec1u quan tr\u1ecdng th\u1ee9 hai l\u00e0 ch\u00fang ta ph\u1ea3i h\u1ebft s\u1ee9c th\u00e0nh th\u1eadt v\u1edbi b\u1ea3n th\u00e2n m\u00ecnh. Nh\u01b0 l\u1eddi Ph\u1eadt d\u1ea1y, n\u1ebfu trong t\u00e2m ta c\u00f3 tham th\u00ec bi\u1ebft l\u00e0 t\u00e2m c\u00f3 tham, trong t\u00e2m c\u00f3 s\u00e2n th\u00ec bi\u1ebft l\u00e0 c\u00f3 s\u00e2n\u2026 Ch\u1ec9 khi n\u00e0o bi\u1ebft r\u00f5 trong t\u00e2m m\u00ecnh \u0111ang c\u00f3 tham th\u00ec m\u1edbi bi\u1ebft ph\u00e2n t\u00edch t\u1ea1i sao m\u00ecnh tham, v\u00e0 tham nh\u01b0 v\u1eady l\u00e0 \u0111\u00fang hay kh\u00f4ng \u0111\u00fang, c\u00f3 l\u1ee3i hay l\u00e0 c\u00f3 h\u1ea1i \u0111\u1ed1i v\u1edbi m\u00ecnh, v\u00e0 \u0111\u1ec3 \u0111\u1ed1i tr\u1ecb l\u00f2ng tham \u0111\u00f3 th\u00ec ph\u1ea3i l\u00e0m g\u00ec v.v\u2026<\/p>\n<p style=\"text-align: justify;\">\u0110\u1ed1i v\u1edbi t\u1ea5t c\u1ea3 m\u1ecdi \u00fd ngh\u0129 v\u00e0 c\u1ea3m x\u00fac kh\u00e1c, xu\u1ea5t hi\u1ec7n trong n\u1ed9i t\u00e2m ch\u00fang ta c\u0169ng \u0111\u1ec1u ph\u1ea3i t\u1ecf ra t\u1ec9nh gi\u00e1c nh\u01b0 v\u1eady v\u00e0 ti\u1ebfn h\u00e0nh ph\u00e2n t\u00edch s\u00e2u s\u00e1t nh\u01b0 v\u1eady. \u0110\u00f3 l\u00e0 \u0111i\u1ec1u ki\u1ec7n c\u01a1 b\u1ea3n \u0111\u1ec3 cho nh\u00e2n c\u00e1ch ch\u00fang ta ng\u00e0y c\u00e0ng tr\u1edf n\u00ean ho\u00e0n thi\u1ec7n. \u0110\u00f3 l\u00e0 c\u00f4ng d\u1ee5ng th\u1ee9 nh\u1ea5t c\u1ee7a \u0111\u1ea1o Ph\u1eadt. Ch\u00fang ta kh\u00f4ng th\u1ec3 n\u00e0o ch\u1ea5p nh\u1eadn m\u1ed9t ng\u01b0\u1eddi t\u1ef1 x\u01b0ng l\u00e0 Ph\u1eadt t\u1eed m\u00e0 nh\u00e2n c\u00e1ch ng\u00e0y c\u00e0ng t\u1ed3i t\u1ec7, ti\u1ebfng x\u1ea5u \u0111\u1ed3n xa, ng\u01b0\u1eddi c\u00f3 tr\u00ed th\u00ec xa l\u00e1nh, qu\u1ea7n ch\u00fang th\u00ec gh\u00e9t b\u1ecf. L\u00e0 Ph\u1eadt t\u1eed, anh c\u00f3 th\u1ec3 b\u1ecb ch\u00ea l\u00e0 tr\u00ecnh \u0111\u1ed9 Ph\u1eadt h\u1ecdc k\u00e9m, nh\u01b0ng kh\u00f4ng th\u1ec3 b\u1ecb ch\u00ea l\u00e0 ng\u01b0\u1eddi thi\u1ebfu nh\u00e2n c\u00e1ch, m\u1ed9t con ng\u01b0\u1eddi x\u1ea5u. Kh\u00f4ng th\u1ec3 c\u00f3 m\u1ed9t Ph\u1eadt t\u1eed m\u00e0 l\u1ea1i l\u00e0 con ng\u01b0\u1eddi x\u1ea3o tr\u00e1, n\u00f3i l\u1eddi kh\u00f4ng th\u1eadt, kh\u00f4ng \u0111\u01b0\u1ee3c ai tin c\u1eady.<\/p>\n<p style=\"text-align: justify;\"><img decoding=\"async\" src=\"http:\/\/gdptkiengiang.vn\/uploads\/news\/2015_12\/phapphuc_001_129343131.jpg\" alt=\"\" \/><\/p>\n<p style=\"text-align: justify;\">C\u00f4ng d\u1ee5ng th\u1ee9 hai c\u1ee7a \u0111\u1ea1o Ph\u1eadt l\u00e0 cu\u1ed9c s\u1ed1ng c\u1ee7a ng\u01b0\u1eddi Ph\u1eadt t\u1eed ph\u1ea3i ng\u00e0y c\u00e0ng h\u1ea1nh ph\u00fac, t\u01b0\u01a1i vui. \u0110\u00e3 l\u00e0m ng\u01b0\u1eddi, ai c\u0169ng mu\u1ed1n c\u00f3 h\u1ea1nh ph\u00fac v\u00e0 tr\u00e1nh \u0111au kh\u1ed5. \u0110\u1ea1o Ph\u1eadt \u0111\u00e1p \u1ee9ng l\u00f2ng mong mu\u1ed1n b\u00ecnh th\u01b0\u1eddng v\u00e0 tha thi\u1ebft \u0111\u00f3 c\u1ee7a con ng\u01b0\u1eddi, b\u1eb1ng c\u00e1ch ch\u1ec9 b\u00e0y cho con ng\u01b0\u1eddi ngu\u1ed3n g\u1ed1c c\u1ee7a h\u1ea1nh ph\u00fac ch\u00e2n ch\u00e1nh v\u00e0 v\u1eefng b\u1ec1n l\u00e0 \u1edf n\u1ed9i t\u00e2m, \u1edf n\u01a1i b\u1ea3n th\u00e2n m\u00ecnh, ch\u1ee9 kh\u00f4ng ph\u1ea3i l\u00e0 t\u00f9y thu\u1ed9c \u1edf b\u00ean ngo\u00e0i. N\u00f3i c\u00f4ng d\u1ee5ng th\u1ee9 hai g\u1eafn li\u1ec1n v\u1edbi c\u00f4ng d\u1ee5ng th\u1ee9 nh\u1ea5t l\u00e0 v\u00ec nh\u01b0 v\u1eady. Ch\u00ednh cu\u1ed9c s\u1ed1ng c\u00f3 \u0111\u1ee9c h\u1ea1nh \u0111em l\u1ea1i cho con ng\u01b0\u1eddi ni\u1ec1m vui l\u1edbn nh\u1ea5t, h\u1ea1nh ph\u00fac \u0111ich th\u1ef1c v\u00e0 l\u00e2u b\u1ec1n nh\u1ea5t. Tr\u01b0\u1edbc h\u1ebft, ng\u01b0\u1eddi Ph\u1eadt t\u1eed vui v\u00ec c\u00f3 \u0111\u01b0\u1ee3c c\u00e1i th\u00e2n l\u00e0m ng\u01b0\u1eddi. \u0110i\u1ec1u n\u00e0y ch\u1ee9ng t\u1ecf trong c\u00e1c \u0111\u1eddi s\u1ed1ng tr\u01b0\u1edbc, ch\u00fang ta \u0111\u00e3 s\u1ed1ng m\u1ed9t cu\u1ed9c s\u1ed1ng x\u1ee9ng \u0111\u00e1ng v\u1edbi c\u00e1i th\u00e2n l\u00e0m ng\u01b0\u1eddi h\u00f4m nay. Hai n\u1eefa, ng\u01b0\u1eddi Ph\u1eadt t\u1eed vui v\u00ec cu\u1ed9c s\u1ed1ng hi\u1ec7n t\u1ea1i v\u00e0 t\u01b0\u01a1ng lai, k\u1ec3 c\u1ea3 cu\u1ed9c s\u1ed1ng ki\u1ebfp sau, \u0111\u1ec1u do b\u1ea3n th\u00e2n m\u00ecnh quy\u1ebft \u0111\u1ecbnh, \u0111\u1ec1u do \u1edf m\u1ed7i \u00fd ngh\u0129, l\u1eddi n\u00f3i v\u00e0 h\u00e0nh \u0111\u1ed9ng c\u1ee7a m\u00ecnh trong cu\u1ed9c s\u1ed1ng hi\u1ec7n t\u1ea1i, m\u1ed9t cu\u1ed9c s\u1ed1ng m\u00e0 ch\u00fang ta c\u1ea3m nh\u1eadn m\u1ed9t c\u00e1ch r\u1ea5t vui v\u1ebb l\u00e0 t\u01b0\u01a1i s\u00e1ng, trong s\u1ea1ch, h\u01b0\u1edbng th\u01b0\u1ee3ng.<\/p>\n<p style=\"text-align: justify;\">\n<p style=\"text-align: justify;\">H\u1ef7 l\u00e0 m\u1ed9t trong b\u1ed1n v\u00f4 l\u01b0\u1ee3ng t\u00e2m c\u1ee7a nh\u00e0 Ph\u1eadt. H\u1ef7 l\u00e0 hoan h\u1ef7, vui v\u1ebb. L\u00f2ng ng\u01b0\u1eddi Ph\u1eadt t\u1eed bao gi\u1edd c\u0169ng hoan h\u1ef7, v\u00e0 s\u1eb5n s\u00e0ng san s\u1ebb ni\u1ec1m hoan h\u1ef7 \u0111\u00f3 cho m\u1ecdi ng\u01b0\u1eddi. Ni\u1ec1m vui c\u1ee7a ng\u01b0\u1eddi Ph\u1eadt t\u1eed c\u00f3 t\u00e1c d\u1ee5ng t\u1ecfa s\u00e1ng. Kh\u00f4ng nh\u1eefng t\u1ef1 b\u1ea3n th\u00e2n m\u00ecnh vui, m\u00e0 c\u00f2n l\u00e0m cho m\u1ecdi ng\u01b0\u1eddi c\u00f9ng vui. M\u1ed9t ng\u01b0\u1eddi Ph\u1eadt t\u1eed m\u00e0 l\u1ea1i cau c\u00f3, bu\u1ed3n ch\u00e1n s\u1ebd l\u00e0 m\u1ed9t m\u00e2u thu\u1ea9n, m\u1ed9t v\u00f4 l\u00fd, m\u1ed9t c\u00e1i g\u00ec \u0111\u00f3 tr\u00e1i v\u1edbi quy lu\u1eadt.<\/p>\n<p style=\"text-align: justify;\">V\u00e0 ch\u00ednh ni\u1ec1m vui n\u1ed9i t\u00e2m \u0111\u00f3 \u0111em l\u1ea1i cho ch\u00fang ta s\u1ee9c kh\u1ecfe, l\u00e0 k\u1ebft qu\u1ea3 l\u00f4-gich c\u1ee7a m\u1ed9t t\u00e2m h\u1ed3n trong s\u00e1ng, c\u1ee7a s\u1ef1 h\u00e0i h\u00f2a gi\u1eefa t\u00e2m v\u00e0 th\u00e2n, gi\u1eefa b\u1ea3n th\u00e2n m\u00ecnh v\u00e0 ngo\u1ea1i c\u1ea3nh. N\u00ean lu\u00f4n lu\u00f4n nh\u1edb r\u1eb1ng \u0111au \u1ed1m l\u00e0 do b\u1ed1n \u0111\u1ea1i kh\u00f4ng \u0111\u01b0\u1ee3c \u0111i\u1ec1u h\u00f2a, do m\u1ed9t n\u1ed9i t\u00e2m \u0111\u1ea7y m\u00e2u thu\u1ea9n, kh\u00f4ng h\u00e0i h\u00f2a, do v\u1eady m\u00e0 c\u0169ng kh\u00f4ng \u0111i\u1ec1u h\u00f2a \u0111\u01b0\u1ee3c b\u1ed1n \u0111\u1ea1i<\/p>\n<p style=\"text-align: justify;\"><img decoding=\"async\" src=\"http:\/\/gdptkiengiang.vn\/uploads\/news\/2015_12\/tusi-6.jpg\" alt=\"\" \/><\/p>\n<p style=\"text-align: justify;\">C\u00f4ng d\u1ee5ng th\u1ee9 ba c\u1ee7a \u0111\u1ea1o Ph\u1eadt l\u00e0 \u0111\u1ea3m b\u1ea3o m\u1ed9t s\u1ef1 c\u1ed1ng hi\u1ebfn t\u1ed1i \u0111a c\u1ee7a ng\u01b0\u1eddi Ph\u1eadt t\u1eed \u0111\u1ed1i v\u1edbi x\u00e3 h\u1ed9i, gia \u0111\u00ecnh v\u00e0 s\u1ef1 nghi\u1ec7p b\u1ea3n th\u00e2n.<\/p>\n<p style=\"text-align: justify;\">\u0110\u1ea1o Ph\u1eadt cho r\u1eb1ng, \u0111i\u1ec1u tr\u1edf ng\u1ea1i l\u1edbn nh\u1ea5t, h\u1ea1n ch\u1ebf, th\u1eadm ch\u00ed tri\u1ec7t ti\u00eau m\u1ecdi c\u1ed1ng hi\u1ebfn c\u1ee7a ch\u00fang ta l\u00e0ng l\u00f2ng <strong><em>\u00a0v\u1ecb k\u1ef7<\/em><\/strong> . \u201cC\u00e1i Ta\u201d c\u1ee7a ch\u00fang ta qu\u00e1 l\u1edbn, \u201cdanh c\u1ee7a ta\u201d, \u201cl\u1ee3i c\u1ee7a ta\u201d \u00e1t h\u1eb3n m\u1ecdi \u00fd ngh\u0129 v\u00e0 t\u00ecnh c\u1ea3m \u0111\u1ed1i v\u1edbi ng\u01b0\u1eddi kh\u00e1c, \u0111\u1ed1i v\u1edbi x\u00e3 h\u1ed9i. M\u1ea5u ch\u1ed1t th\u1ea5t b\u1ea1i c\u1ee7a m\u1ecdi s\u1ef1 nghi\u1ec7p ch\u00ednh l\u00e0 \u1edf ch\u1ed7 \u0111\u00f3. \u0110\u1ea1o Ph\u1eadt d\u1ea1y thuy\u1ebft V\u00f4 Ng\u00e3 ch\u00ednh l\u00e0 cho ch\u00fang ta chi\u1ebfc ch\u00eca kh\u00f3a th\u1ea7n di\u1ec7u, gi\u00fap cho s\u1ef1 nghi\u1ec7p ch\u00fang ta th\u00e0nh t\u1ef1u vi\u00ean m\u00e3n, gi\u00fap cho c\u1ed1ng hi\u1ebfn c\u1ee7a ch\u00fang ta \u0111\u1ea1t t\u1edbi m\u1ee9c t\u1ed1i \u0111a. \u0110\u00e2y kh\u00f4ng ph\u1ea3i l\u00e0 v\u1ea5n \u0111\u1ec1 l\u00fd thuy\u1ebft m\u00e0 l\u00e0 m\u1ed9t v\u1ea5n \u0111\u1ec1 r\u1ea5t th\u1ef1c ti\u1ec5n m\u00e0 ch\u00fang ta c\u00f3 th\u1ec3 c\u1ea3m nh\u1eadn h\u1eb1ng ng\u00e0y trong m\u1ecdi c\u00f4ng vi\u1ec7c l\u1edbn nh\u1ecf c\u1ee7a ch\u00fang ta.<\/p>\n<p style=\"text-align: justify;\">Tri\u1ebft gia ng\u01b0\u1eddi Ph\u00e1p Blaise Pascal n\u00f3i l\u00ean c\u00e2u th\u1eddi danh <strong><em>\u201cC\u00e1i ta l\u00e0 \u0111\u00e1ng gh\u00e9t\u201d<\/em><\/strong>. Nh\u01b0ng c\u00e1i ta \u0111\u00e1ng gh\u00e9t ch\u00ednh l\u00e0 \u1edf ch\u1ed7 n\u00f3 h\u1ea1n ch\u1ebf, th\u1eadm ch\u00ed tri\u1ec7t ti\u00eau s\u1ef1 c\u1ed1ng hi\u1ebfn \u0111\u00edch th\u1ef1c c\u1ee7a ch\u00fang ta cho x\u00e3 h\u00f4i, cho m\u1ecdi ng\u01b0\u1eddi. N\u00ean nh\u1edb r\u1eb1ng m\u1ecdi c\u1ed1ng hi\u1ebfn \u0111\u00edch th\u1ef1c cho s\u1ef1 nghi\u1ec7p b\u1ea3n th\u00e2n \u0111\u1ec1u ph\u1ea3i th\u00f4ng qua v\u00e0 \u0111\u01b0\u1ee3c ch\u1ee9ng minh b\u1edfi s\u1ef1 c\u1ed1ng hi\u1ebfn c\u1ee7a ch\u00fang ta cho x\u00e3 h\u1ed9i.<\/p>\n<p style=\"text-align: justify;\">M\u1ed9t tr\u1edf ng\u1ea1i th\u1ee9 hai cho s\u1ef1 c\u1ed1ng hi\u1ebfn l\u00e0 do thi\u1ebfu <strong><em>\u0111\u1ecbnh t\u00e2m<\/em><\/strong> .<\/p>\n<p style=\"text-align: justify;\">M\u1ed9t l\u00fac m\u00e0 l\u00e0m hai ba vi\u1ec7c th\u00ec s\u1ebd kh\u00f4ng c\u00f3 vi\u1ec7c n\u00e0o th\u00e0nh c\u00f4ng t\u1ed1t \u0111\u1eb9p. \u0110\u00f3 l\u00e0 b\u00e0i h\u1ecdc c\u1ee7a th\u1ef1c t\u1ebf. L\u00e0m b\u1ea5t c\u1ee9 vi\u1ec7c g\u00ec c\u0169ng ph\u1ea3i \u0111\u1ec3 t\u00e2m chuy\u00ean nh\u1ea5t v\u00e0o vi\u1ec7c \u0111\u00f3. Thi\u1ec1n h\u1ecdc Ph\u1eadt Gi\u00e1o g\u1ecdi \u0111\u00f3 l\u00e0 \u0110\u1ecbnh T\u00e2m T\u00edch C\u1ef1c (positive samadhi).<\/p>\n<p style=\"text-align: justify;\">M\u1ed9t ng\u01b0\u1eddi c\u00f3 th\u1ec3 ki\u00eam m\u1ed9t s\u1ed1 ch\u1ee9c v\u1ee5. Nh\u01b0ng l\u00e0m b\u1ea5t c\u1ee9 vi\u1ec7c g\u00ec \u0111\u1ec1u ph\u1ea3i chuy\u00ean nh\u1ea5t, t\u1eadp trung to\u00e0n b\u1ed9 t\u01b0 t\u01b0\u1edfng v\u00e0 suy ngh\u0129 c\u1ee7a m\u00ecnh v\u00e0o vi\u1ec7c \u1ea5y. Ch\u00ednh \u0111\u1ea1o Ph\u1eadt d\u1ea1y ch\u00fang ta ph\u01b0\u01a1ng ph\u00e1p c\u1ee5 th\u1ec3 \u0111\u1ec3 th\u00e0nh t\u1ef1u m\u1ed9t s\u1ef1 \u0111\u1ecbnh t\u00e2m cao \u0111\u1ed9 trong m\u1ecdi c\u00f4ng vi\u1ec7c.<\/p>\n<p style=\"text-align: justify;\">\n<p style=\"text-align: justify;\">Ba c\u00f4ng d\u1ee5ng tr\u00ean c\u1ee7a \u0111\u1ea1o Ph\u1eadt, n\u1ebfu \u0111\u01b0\u1ee3c m\u1ecdi ng\u01b0\u1eddi Ph\u1eadt t\u1eed ch\u00fang ta ch\u1ea5p nh\u1eadn, th\u1ea5u hi\u1ec3u v\u00e0 th\u1ef1c h\u00e0nh h\u1eb1ng ng\u00e0y, h\u1eb1ng gi\u1edd th\u00ec cu\u1ed9c s\u1ed1ng c\u1ee7a m\u1ecdi ng\u01b0\u1eddi ch\u00fang ta s\u1ebd t\u1ed1t \u0111\u1eb9p bi\u1ebft bao, x\u00e3 h\u1ed9i v\u00e0 \u0111\u1ea5t n\u01b0\u1edbc Vi\u1ec7t Nam s\u1ebd c\u00f3 kh\u00e1c g\u00ec T\u1ecbnh \u0110\u1ed9, b\u1edfi v\u00ec nh\u01b0 Vua Tr\u1ea7n Nh\u00e2n T\u00f4ng \u0111\u00e3 n\u00f3i :<\/p>\n<p style=\"text-align: justify;\"><strong><em>\u201cT\u1ecbnh \u0111\u1ed9 l\u00e0 l\u00f2ng trong s\u1ea1ch, ch\u1edb c\u00f2n ng\u1edd h\u1ecfi \u0111\u1ebfn T\u00e2y ph\u01b0\u01a1ng\u201d<\/em><\/strong> \u00a0(C\u01b0 Tr\u1ea7n L\u1ea1c \u0110\u1ea1o ph\u00fa)<\/p>\n<p style=\"text-align: justify;\">\n<strong>M.C.<\/strong><br \/>\n<em>(C\u1ef1u huynh tr\u01b0\u1edfng G\u0110PTVN)<\/em><br \/>\n<em>(Nha Trang \u2013 Kh\u00e1nh H\u00f2a)<\/em><\/p>\n<\/div>\n","protected":false},"excerpt":{"rendered":"<p>\u0110\u1ea1o Ph\u1eadt c\u00f3 ba c\u00f4ng d\u1ee5ng. N\u1ebfu ch\u00fang ta th\u1eadt s\u1ef1 hi\u1ec3u \u0111\u1ea1o Ph\u1eadt v\u00e0 h\u00e0nh \u0111\u1ea1o Ph\u1eadt th\u00ec ba c\u00f4ng d\u1ee5ng n\u00e0y nh\u1ea5t \u0111\u1ecbnh \u2026 <a class=\"continue-reading-link\" href=\"https:\/\/www.pagodethienminh.fr\/?page_id=5366\">Continue \u00e0 lire <span class=\"meta-nav\">&rarr; <\/span><\/a><\/p>\n","protected":false},"author":1,"featured_media":0,"parent":1599,"menu_order":0,"comment_status":"closed","ping_status":"closed","template":"template-onecolumn.php","meta":{"_mc_calendar":[],"footnotes":""},"class_list":["post-5366","page","type-page","status-publish","hentry"],"_links":{"self":[{"href":"https:\/\/www.pagodethienminh.fr\/index.php?rest_route=\/wp\/v2\/pages\/5366","targetHints":{"allow":["GET"]}}],"collection":[{"href":"https:\/\/www.pagodethienminh.fr\/index.php?rest_route=\/wp\/v2\/pages"}],"about":[{"href":"https:\/\/www.pagodethienminh.fr\/index.php?rest_route=\/wp\/v2\/types\/page"}],"author":[{"embeddable":true,"href":"https:\/\/www.pagodethienminh.fr\/index.php?rest_route=\/wp\/v2\/users\/1"}],"replies":[{"embeddable":true,"href":"https:\/\/www.pagodethienminh.fr\/index.php?rest_route=%2Fwp%2Fv2%2Fcomments&post=5366"}],"version-history":[{"count":1,"href":"https:\/\/www.pagodethienminh.fr\/index.php?rest_route=\/wp\/v2\/pages\/5366\/revisions"}],"predecessor-version":[{"id":5367,"href":"https:\/\/www.pagodethienminh.fr\/index.php?rest_route=\/wp\/v2\/pages\/5366\/revisions\/5367"}],"up":[{"embeddable":true,"href":"https:\/\/www.pagodethienminh.fr\/index.php?rest_route=\/wp\/v2\/pages\/1599"}],"wp:attachment":[{"href":"https:\/\/www.pagodethienminh.fr\/index.php?rest_route=%2Fwp%2Fv2%2Fmedia&parent=5366"}],"curies":[{"name":"wp","href":"https:\/\/api.w.org\/{rel}","templated":true}]}}