{"id":534,"date":"2011-05-04T11:40:40","date_gmt":"2011-05-04T11:40:40","guid":{"rendered":"http:\/\/www.pagodethienminh.fr\/?page_id=534"},"modified":"2013-03-14T08:12:17","modified_gmt":"2013-03-14T08:12:17","slug":"3af-ai-ng%e1%bb%af-nhi%e1%ba%bfp","status":"publish","type":"page","link":"https:\/\/www.pagodethienminh.fr\/?page_id=534","title":{"rendered":"\u00c1I NG\u1eee NHI\u1ebeP"},"content":{"rendered":"<p style=\"text-align: justify;\"><strong>\u00c1i ng\u1eef nhi\u1ebfp<\/strong>:\u00a0 L\u00e0 d\u00f9ng ng\u00f4n ng\u1eef khoan h\u00f2a, ch\u00e2n th\u1eadt, t\u1eeb \u00e1i v\u00e0 th\u00e2n m\u1eadt \u0111\u1ec3 nhi\u1ebfp \u0111\u1ed9 ng\u01b0\u1eddi.\u00a0 C\u0103n b\u1ea3n c\u1ee7a \u00e1i ng\u1eef nhi\u1ebfp thu\u1ed9c v\u1ec1 b\u1ed1n nghi\u1ec7p thi\u1ec7n v\u1ec1 kh\u1ea9u trong th\u1eadp thi\u1ec7n nghi\u1ec7p, chung quy \u00e1i ng\u1eef c\u00f3 3 c\u00e1ch:<\/p>\n<ul>\n<li style=\"text-align: justify;\">N\u00f3i l\u1eddi trong s\u00e1ng, \u0111\u1ea7y l\u00fd tr\u00ed kh\u1ebf h\u1ee3p v\u1edbi ch\u00e2n l\u00fd gi\u00fap ng\u01b0\u1eddi th\u0103ng hoa tr\u00ed hu\u1ec7.<\/li>\n<li style=\"text-align: justify;\">N\u00f3i l\u1eddi h\u00f2a nh\u00e3, l\u1ecbch thi\u1ec7p, t\u1eeb \u00e1i, bao dung \u0111\u1ec3 c\u1ea3m h\u00f3a khuy\u1ebfn t\u1ea5n ng\u01b0\u1eddi.<\/li>\n<li style=\"text-align: justify;\">N\u00f3i l\u1eddi ch\u00e2n th\u1eadt kh\u00f4ng x\u1ea3o ng\u00f4n m\u1ef9 t\u1eeb \u0111\u1ec3 g\u00e2y t\u00edn t\u00e2m cho ng\u01b0\u1eddi \u0111\u1ed1i v\u1edbi Tam B\u1ea3o<\/li>\n<\/ul>\n<p style=\"text-align: justify;\">Trong kinh Trung B\u1ed9 I, b\u00e0i kinh s\u1ed1 21 v\u00ed d\u1ee5 c\u00e1i c\u01b0a, \u0110\u1ee9c Ph\u1eadt c\u00f3 d\u1ea1y v\u1ec1 5 h\u00e0nh ng\u1eef m\u00e0 m\u00f4t\u00a0 ng\u01b0\u1eddi xu\u1ea5t gia c\u1ea7n ph\u1ea3i c\u00f3 tr\u00ean b\u01b0\u1edbc \u0111\u01b0\u1eddng nhi\u1ebfp h\u00f3a ch\u00fang sanh:<\/p>\n<ul>\n<li>N\u00f3i \u0111\u00fang th\u1eddi, kh\u00f4ng n\u00f3i phi th\u1eddi<\/li>\n<li>N\u00f3i l\u1eddi ch\u00e2n th\u1eadt kh\u00f4ng n\u00f3i l\u1eddi h\u01b0 ng\u1ee5y<\/li>\n<li>n\u00f3i l\u1eddi nhu h\u00f2a, kh\u00f4ng n\u00f3i l\u1eddi th\u00f4 b\u1ea1o<\/li>\n<li>N\u00f3i \u0111i\u1ec1u l\u1ee3i \u00edch, kh\u00f4ng n\u00f3i \u0111i\u1ec1u v\u00f4 \u00edch.<\/li>\n<li>N\u00f3i l\u1eddi xu\u1ea5t ph\u00e1t t\u1eeb l\u00f2ng t\u1eeb, kh\u00f4ng n\u00ean n\u00f3i l\u1eddi t\u1eeb l\u00f2ng s\u00e2n<\/li>\n<\/ul>\n<p style=\"text-align: justify;\">\n<p>&nbsp;<\/p>\n","protected":false},"excerpt":{"rendered":"<p>\u00c1i ng\u1eef nhi\u1ebfp:\u00a0 L\u00e0 d\u00f9ng ng\u00f4n ng\u1eef khoan h\u00f2a, ch\u00e2n th\u1eadt, t\u1eeb \u00e1i v\u00e0 th\u00e2n m\u1eadt \u0111\u1ec3 nhi\u1ebfp \u0111\u1ed9 ng\u01b0\u1eddi.\u00a0 C\u0103n b\u1ea3n c\u1ee7a \u00e1i ng\u1eef \u2026 <a class=\"continue-reading-link\" href=\"https:\/\/www.pagodethienminh.fr\/?page_id=534\">Continue \u00e0 lire <span class=\"meta-nav\">&rarr; <\/span><\/a><\/p>\n","protected":false},"author":1,"featured_media":0,"parent":1599,"menu_order":6,"comment_status":"closed","ping_status":"closed","template":"template-onecolumn.php","meta":{"_mc_calendar":[],"footnotes":""},"class_list":["post-534","page","type-page","status-publish","hentry"],"_links":{"self":[{"href":"https:\/\/www.pagodethienminh.fr\/index.php?rest_route=\/wp\/v2\/pages\/534","targetHints":{"allow":["GET"]}}],"collection":[{"href":"https:\/\/www.pagodethienminh.fr\/index.php?rest_route=\/wp\/v2\/pages"}],"about":[{"href":"https:\/\/www.pagodethienminh.fr\/index.php?rest_route=\/wp\/v2\/types\/page"}],"author":[{"embeddable":true,"href":"https:\/\/www.pagodethienminh.fr\/index.php?rest_route=\/wp\/v2\/users\/1"}],"replies":[{"embeddable":true,"href":"https:\/\/www.pagodethienminh.fr\/index.php?rest_route=%2Fwp%2Fv2%2Fcomments&post=534"}],"version-history":[{"count":5,"href":"https:\/\/www.pagodethienminh.fr\/index.php?rest_route=\/wp\/v2\/pages\/534\/revisions"}],"predecessor-version":[{"id":3377,"href":"https:\/\/www.pagodethienminh.fr\/index.php?rest_route=\/wp\/v2\/pages\/534\/revisions\/3377"}],"up":[{"embeddable":true,"href":"https:\/\/www.pagodethienminh.fr\/index.php?rest_route=\/wp\/v2\/pages\/1599"}],"wp:attachment":[{"href":"https:\/\/www.pagodethienminh.fr\/index.php?rest_route=%2Fwp%2Fv2%2Fmedia&parent=534"}],"curies":[{"name":"wp","href":"https:\/\/api.w.org\/{rel}","templated":true}]}}