{"id":5275,"date":"2015-12-23T14:46:32","date_gmt":"2015-12-23T14:46:32","guid":{"rendered":"http:\/\/www.pagodethienminh.fr\/?page_id=5275"},"modified":"2015-12-23T14:46:32","modified_gmt":"2015-12-23T14:46:32","slug":"ten-goi-va-hinh-tuong-phat-bo-tat-thuong-gap","status":"publish","type":"page","link":"https:\/\/www.pagodethienminh.fr\/?page_id=5275","title":{"rendered":"T\u00ean g\u1ecdi v\u00e0 h\u00ecnh t\u01b0\u1ee3ng Ph\u1eadt, B\u1ed3 t\u00e1t th\u01b0\u1eddng g\u1eb7p"},"content":{"rendered":"<div class=\"description_box\">\n<h2 id=\"detail_content\">M\u1ed7i v\u1ecb Ph\u1eadt, B\u1ed3 t\u00e1t \u0111\u1ec1u c\u00f3 m\u1ed9t h\u00ecnh t\u01b0\u1edbng, h\u1ea1nh nguy\u1ec7n ri\u00eang, nh\u01b0ng t\u1ea5t c\u1ea3 c\u00e1c Ng\u00e0i \u0111\u1ec1u c\u00f3 l\u00f2ng th\u01b0\u01a1ng ch\u00fang sinh v\u00f4 h\u1ea1n v\u00e0 l\u00e0m l\u1ee3i \u00edch cho h\u1ebft th\u1ea3y<\/h2>\n<\/div>\n<div id=\"post_body\">\n<ul id=\"list_order\">\n<li id=\"11048\"><a tabindex=\"0\" href=\"http:\/\/phatgiao.org.vn\/nghien-cuu\/201306\/Gioi-Bo-tat-cua-nguoi-tai-gia-11048\/\">Gi\u1edbi B\u1ed3 t\u00e1t c\u1ee7a ng\u01b0\u1eddi t\u1ea1i gia<\/a><\/li>\n<li id=\"9973\"><a tabindex=\"0\" href=\"http:\/\/phatgiao.org.vn\/tu-lieu\/201303\/Cac-ton-hieu-cua-duc-Phat-Thich-Ca-Mau-Ni-9973\/\">C\u00e1c t\u00f4n hi\u1ec7u c\u1ee7a \u0110\u1ee9c Ph\u1eadt Th\u00edch Ca M\u00e2u Ni<\/a><\/li>\n<\/ul>\n<div>T\u00ecm hi\u1ec3u v\u1ec1 <a tabindex=\"0\" href=\"http:\/\/phatgiao.org.vn\/phong-su-anh\/201305\/Nhung-hinh-anh-dep-ve-nghi-le-tam-Phat-10904\/\">h\u00ecnh t\u01b0\u1ee3ng<\/a> Ph\u1eadt &#8211; B\u1ed3 t\u00e1t, ch\u00fang ta th\u00eam qu\u00fd k\u00ednh c\u00e1c Ng\u00e0i, nguy\u1ec7n tu h\u1ecdc theo g\u01b0\u01a1ng h\u1ea1nh c\u1ee7a Qu\u00fd Ng\u00e0i h\u1ea7u tho\u00e1t ly sinh t\u1eed, \u0111\u1ea1t \u0111\u1ebfn Ni\u1ebft B\u00e0n.<\/div>\n<p><strong><br \/>\n1. Ph\u1eadt Th\u00edch Ca M\u00e2u Ni<\/strong><\/p>\n<div>Th\u00edch Ca: Trung Hoa d\u1ecbch l\u00e0 N\u0103ng Nh\u01a1n, M\u00e2u Ni l\u00e0 T\u1ecbch M\u1eb7c. <a tabindex=\"0\" href=\"http:\/\/phatgiao.org.vn\/tu-lieu\/201303\/Cac-ton-hieu-cua-duc-Phat-Thich-Ca-Mau-Ni-9973\/\">Th\u00edch Ca M\u00e2u Ni<\/a>ngh\u0129a l\u00e0 ng\u01b0\u1eddi hay ph\u00e1t kh\u1edfi l\u00f2ng nh\u00e2n t\u1eeb m\u00e0 t\u00e2m h\u1ed3n lu\u00f4n lu\u00f4n an t\u0129nh, v\u1eafng l\u1eb7ng. \u0110\u1ee9c Ph\u1eadt Th\u00edch Ca M\u00e2u Ni l\u00e0 ng\u01b0\u1eddi khai s\u00e1ng ra <a href=\"http:\/\/phatgiao.org.vn\/tham-luan-sach\/201305\/Phat-giao-chong-ai-chong-gi-10992\/\">\u0111\u1ea1o Ph\u1eadt<\/a>, Ng\u00e0i \u0111\u01b0\u1ee3c th\u1edd ngay gi\u1eefa ch\u00ednh \u0111i\u1ec7n, ng\u1ef1 tr\u00ean \u0111\u00e0i sen v\u1edbi t\u01b0 th\u1ebf ng\u1ed3i ki\u1ebft gi\u00e0, ho\u1eb7c ng\u1ed3i ki\u1ebft gi\u00e0 v\u1edbi tay ph\u1ea3i c\u1ea7m hoa sen \u0111\u01b0a l\u00ean.<\/div>\n<p><center><\/p>\n<table>\n<tbody>\n<tr>\n<td><img decoding=\"async\" src=\"http:\/\/phatgiao.org.vn\/Images\/Contents\/tamduchau\/20130608\/Phat-Thich-Ca-Mau-ni.jpg\" alt=\"\" \/><\/td>\n<\/tr>\n<tr>\n<td><\/td>\n<\/tr>\n<\/tbody>\n<\/table>\n<p><\/center><br \/>\n<strong>2. Ph\u1eadt A Di \u0110\u00e0<\/strong><\/p>\n<div><a tabindex=\"0\" href=\"http:\/\/phatgiao.org.vn\/hoi-dap\/201305\/y-nghia-Phat-buoc-di-bay-buoc-10636\/\">A Di \u0110\u00e0<\/a> c\u00f2n g\u1ecdi l\u00e0 V\u00f4 L\u01b0\u1ee3ng Th\u1ecd, V\u00f4 L\u01b0\u1ee3ng Quang v\u00e0 V\u00f4 L\u01b0\u1ee3ng C\u00f4ng \u0110\u1ee9c. Ngh\u0129a l\u00e0 tu\u1ed5i th\u1ecd, h\u00e0o quang v\u00e0 c\u00f4ng \u0111\u1ee9c c\u1ee7a Ng\u00e0i kh\u00f4ng th\u1ec3 l\u01b0\u1eddng \u0111\u01b0\u1ee3c.Ta th\u01b0\u1eddng th\u1ea5y h\u00ecnh t\u01b0\u1ee3ng Ph\u1eadt A Di \u0110\u00e0 \u0111\u1ee9ng tr\u00ean t\u00f2a sen, tay tr\u00e1i c\u1ea7m \u0111\u00e0i sen, tay ph\u1ea3i du\u1ed7i xu\u1ed1ng \u0111\u1ec3 ti\u1ebfp d\u1eabn ch\u00fang sanh. C\u00e1c ch\u00f9a hay th\u1edd t\u01b0\u1ee3ng Ng\u00e0i \u0111\u1ee9ng gi\u1eefa, b\u00ean ph\u1ea3i l\u00e0 B\u1ed3 t\u00e1t Qu\u00e1n Th\u1ebf \u00c2m, b\u00ean tr\u00e1i Ng\u00e0i l\u00e0 B\u1ed3 t\u00e1t \u0110\u1ea1i Th\u1ebf Ch\u00ed. \u0110\u00e2y g\u1ecdi l\u00e0 T\u00e2y Ph\u01b0\u01a1ng Tam Th\u00e1nh.<\/div>\n<p><center><\/p>\n<table>\n<tbody>\n<tr>\n<td><img decoding=\"async\" src=\"http:\/\/phatgiao.org.vn\/Images\/Contents\/tamduchau\/20130608\/Phat-a-di-da.jpg\" alt=\"\" \/><\/td>\n<\/tr>\n<tr align=\"center\">\n<td>\u00a0 \u0110\u1ee9c Ph\u1eadt A Di \u0110\u00e0 ph\u00e1t 48 l\u1eddi nguy\u1ec7n \u0111\u1ec3 ti\u1ebfp d\u1eabn ch\u00fang sanh v\u1ec1 n\u01b0\u1edbc C\u1ef1c L\u1ea1c<\/td>\n<\/tr>\n<\/tbody>\n<\/table>\n<p><\/center><strong>3. Ph\u1eadt Di l\u1eb7c<\/strong><\/p>\n<div>Di L\u1eb7c hay Di L\u1ea1c, t\u1ee9c vui v\u1ebb v\u00e0 hoan h\u1ef7, Ng\u00e0i l\u00e0 v\u1ecb Ph\u1eadt \u1edf \u0111\u1eddi t\u01b0\u01a1ng lai. T\u01b0\u1ee3ng Ph\u1eadt Di L\u1eb7c m\u1eadp m\u1ea1p, b\u1ee5ng to, mi\u1ec7ng c\u01b0\u1eddi r\u1ea5t t\u01b0\u01a1i. B\u1ee5ng to l\u00e0 ch\u1ec9 cho s\u1ef1 bao dung r\u1ed9ng l\u01b0\u1ee3ng, mi\u1ec7ng c\u01b0\u1eddi l\u00e0 ch\u1ec9 cho l\u00f2ng h\u1ef7 x\u1ea3, kh\u00f4ng v\u01b0\u1edbng m\u1eafc. C\u00f3 n\u01a1i th\u1edd t\u01b0\u1ee3ng Ph\u1eadt Di L\u1eb7c c\u00f3 th\u00eam s\u00e1u ch\u00fa ti\u1ec3u b\u00e1m \u1edf quanh m\u00ecnh, bi\u1ec3u tr\u01b0ng s\u00e1u c\u0103n c\u1ee7a m\u1ed9t con ng\u01b0\u1eddi.<\/div>\n<p><center><\/p>\n<table>\n<tbody>\n<tr>\n<td><img decoding=\"async\" src=\"http:\/\/phatgiao.org.vn\/Images\/Contents\/tamduchau\/20130608\/Phat-di-Lac.jpg\" alt=\"\" \/><\/td>\n<\/tr>\n<tr>\n<td><\/td>\n<\/tr>\n<\/tbody>\n<\/table>\n<p><\/center><strong>4. B\u1ed3 T\u00e1t Qu\u00e1n Th\u1ebf \u00c2m<\/strong><\/p>\n<div>Qu\u00e1n l\u00e0 qu\u00e1n s\u00e1t, l\u1eafng nghe; Th\u1ebf l\u00e0 th\u1ebf gian; \u00c2m l\u00e0 \u00e2m thanh. B\u1ed3 T\u00e1t Qu\u00e1n (Quan) Th\u1ebf \u00c2m l\u00e0 v\u1ecb B\u1ed3 T\u00e1t qu\u00e1n s\u00e1t, l\u1eafng nghe ti\u1ebfng k\u00eau than c\u1ee7a ch\u00fang sanh trong th\u1ebf gian \u0111\u1ec3 k\u1ecbp th\u1eddi c\u1ee9u gi\u00fap h\u1ecd tho\u00e1t kh\u1ed5. Tay ph\u1ea3i Ng\u00e0i c\u1ea7m nh\u00e0nh d\u01b0\u01a1ng li\u1ec5u, tay tr\u00e1i c\u1ea7m b\u00ecnh n\u01b0\u1edbc Cam L\u1ed3 \u0111\u1ec3 t\u01b0\u1edbi m\u00e1t ch\u00fang sanh, tr\u00ean \u0111\u1ec9nh \u0111\u1ea7u c\u00f3 h\u00ecnh \u0110\u1ee9c Ph\u1eadt A Di \u0110\u00e0. C\u00f3 r\u1ea5t nhi\u1ec1u h\u00ecnh t\u01b0\u1ee3ng Qu\u00e1n Th\u1ebf \u00c2m nh\u01b0: Quan \u00c2m L\u1ed9 Thi\u00ean, Quan \u00c2m Th\u1ecb K\u00ednh, Quan \u00c2m Nam H\u1ea3i, Quan \u00c2m Thi\u00ean Th\u1ee7 Thi\u00ean Nh\u00e3n,\u2026<\/div>\n<p><center><\/p>\n<table>\n<tbody>\n<tr>\n<td><img decoding=\"async\" src=\"http:\/\/phatgiao.org.vn\/Images\/Contents\/tamduchau\/20130608\/Quan-The-am-Bo-Tat.jpg\" alt=\"\" \/><\/td>\n<\/tr>\n<tr>\n<td>Ng\u00e0i th\u01b0\u01a1ng ch\u00fang sanh nh\u01b0 m\u1eb9 th\u01b0\u01a1ng con n\u00ean ng\u01b0\u1eddi ta th\u01b0\u1eddng t\u1ea1c t\u01b0\u1ee3ng Ng\u00e0i mang h\u00ecnh d\u00e1ng ng\u01b0\u1eddi n\u1eef. C\u00f3 n\u01a1i g\u1ecdi Ng\u00e0i l\u00e0 M\u1eb9 Hi\u1ec1n Qu\u00e1n Th\u1ebf \u00c2m<\/td>\n<\/tr>\n<\/tbody>\n<\/table>\n<p><\/center><strong>5. B\u1ed3 T\u00e1t \u0110\u1ea1i Th\u1ebf Ch\u00ed<\/strong><\/p>\n<div>V\u1ecb B\u1ed3 T\u00e1t mang nguy\u1ec7n l\u1ef1c v\u00e0 \u00fd ch\u00ed l\u1edbn, ti\u1ebfp d\u1eabn ch\u00fang sanh v\u1ec1 c\u00f5i T\u1ecbnh \u0110\u1ed9.<\/div>\n<p><center><\/p>\n<table>\n<tbody>\n<tr>\n<td><img decoding=\"async\" src=\"http:\/\/phatgiao.org.vn\/Images\/Contents\/tamduchau\/20130608\/dai-The-Chi-Bo-Tat.jpg\" alt=\"\" \/><\/td>\n<\/tr>\n<tr>\n<td><\/td>\n<\/tr>\n<\/tbody>\n<\/table>\n<p><\/center><\/p>\n<div>\n<div><strong>6. B\u1ed3 t\u00e1t \u0110\u1ecba T\u1ea1ng<\/strong><\/div>\n<\/div>\n<div>\u0110\u1ecba T\u1ea1ng c\u00f3 ngh\u0129a l\u00e0 An Nh\u1eabn, b\u1ea5t \u0111\u1ed9ng nh\u01b0 \u0111\u1ea1i \u0111\u1ecba; t\u01b0 duy s\u00e2u xa k\u00edn \u0111\u00e1o nh\u01b0 kho t\u00e0ng b\u00ed m\u1eadt. Ng\u00e0i m\u1eb7c \u00e1o c\u00e0 sa, \u0111\u1ed9i m\u0169 t\u1ef3 l\u00f4, tay ph\u1ea3i c\u1ea7m t\u00edch tr\u01b0\u1ee3ng c\u00f3 m\u01b0\u1eddi hai khoen, tay tr\u00e1i n\u1eafm vi\u00ean minh ch\u00e2u. Ng\u00e0i th\u01b0\u1eddng \u0111\u01b0\u1ee3c th\u1edd trong Ch\u00e1nh \u0110i\u1ec7n b\u00ean ph\u1ea3i \u0110\u1ee9c Ph\u1eadt Th\u00edch Ca, ho\u1eb7c n\u01a1i nh\u00e0 th\u1edd c\u00e1c vong linh.<\/div>\n<p><center><\/p>\n<table>\n<tbody>\n<tr>\n<td><img decoding=\"async\" src=\"http:\/\/phatgiao.org.vn\/Images\/Contents\/tamduchau\/20130608\/dia-tang.jpg\" alt=\"\" \/><\/td>\n<\/tr>\n<tr>\n<td>\u00a0 H\u1ea1nh nguy\u1ec7n c\u1ee7a B\u1ed3 T\u00e1t \u0110\u1ecba T\u1ea1ng l\u00e0: \u0111\u1ed9 h\u1ebft ch\u00fang sanh trong \u0110\u1ecba Ng\u1ee5c th\u00e0nh Ph\u1eadt th\u00ec Ng\u00e0i m\u1edbi ch\u1ee9ng qu\u1ea3 V\u00f4 Th\u01b0\u1ee3ng B\u1ed3 \u0110\u1ec1<\/td>\n<\/tr>\n<\/tbody>\n<\/table>\n<p><\/center><br \/>\n<strong>7. Ph\u1eadt D\u01b0\u1ee3c S\u01b0<\/strong><\/p>\n<p><center><\/p>\n<table>\n<tbody>\n<tr>\n<td><img decoding=\"async\" src=\"http:\/\/phatgiao.org.vn\/Images\/Contents\/tamduchau\/20130608\/Phat-duoc-su.jpg\" alt=\"\" \/><\/td>\n<\/tr>\n<tr align=\"center\">\n<td>\u00a0V\u1ecb Ph\u1eadt ban thu\u1ed1c tr\u1ecb b\u1ec7nh th\u00e2n v\u00e0 b\u1ec7nh t\u00e2m cho ch\u00fang sanh.<\/td>\n<\/tr>\n<\/tbody>\n<\/table>\n<p><\/center><strong>8. Ph\u1eadt M\u1eabu Chu\u1ea9n \u0110\u1ec1<\/strong><br \/>\n<center><\/p>\n<table>\n<tbody>\n<tr>\n<td><img decoding=\"async\" src=\"http:\/\/phatgiao.org.vn\/Images\/Contents\/tamduchau\/20130608\/Botat-Chuande.jpg\" alt=\"\" \/><\/td>\n<\/tr>\n<tr>\n<td>\u00a0V\u1ecb Ph\u1eadt th\u01b0\u01a1ng ch\u00fang sanh nh\u01b0 m\u1eb9 th\u01b0\u01a1ng con. Ng\u00e0i th\u01b0\u1eddng c\u00f3 h\u00ecnh t\u01b0\u1ee3ng 4 tay, 6 tay, 12 tay, 18 tay,\u2026<\/td>\n<\/tr>\n<\/tbody>\n<\/table>\n<p><\/center><strong>9. B\u1ed3 T\u00e1t Thi\u00ean Th\u1ee7 Thi\u00ean Nh\u00e3n<\/strong><br \/>\n<center><\/p>\n<table>\n<tbody>\n<tr>\n<td><img decoding=\"async\" src=\"http:\/\/phatgiao.org.vn\/Images\/Contents\/tamduchau\/20130608\/Thien-thu-thien-nhan.jpg\" alt=\"\" \/><\/td>\n<\/tr>\n<tr>\n<td>\u00a0V\u1ecb B\u1ed3 T\u00e1t c\u00f3 ng\u00e0n m\u1eaft \u0111\u1ec3 nh\u00ecn h\u1ebft n\u1ed7i kh\u1ed5 ch\u00fang sanh, c\u00f3 ng\u00e0n tay \u0111\u1ec3 c\u1ee9u v\u1edbt ch\u00fang sanh kh\u1ecfi bi\u1ec3n kh\u1ed5.<\/td>\n<\/tr>\n<\/tbody>\n<\/table>\n<p><\/center><strong>10. B\u1ed3 t\u00e1t V\u0103n Th\u00f9 S\u01b0 L\u1ee3i<\/strong><br \/>\n<center><\/p>\n<table>\n<tbody>\n<tr>\n<td><img decoding=\"async\" src=\"http:\/\/phatgiao.org.vn\/Images\/Contents\/tamduchau\/20130608\/Van-thu-su-loi.jpg\" alt=\"\" \/><\/td>\n<\/tr>\n<tr align=\"center\">\n<td>\u00a0V\u1ecb B\u1ed3 T\u00e1t c\u00f3 tr\u00ed tu\u1ec7 si\u00eau vi\u1ec7t<\/td>\n<\/tr>\n<\/tbody>\n<\/table>\n<p><\/center><br \/>\n<strong>12. B\u1ed3 T\u00e1t Ph\u1ed5 Hi\u1ec1n<\/strong><\/p>\n<div><center><\/p>\n<table>\n<tbody>\n<tr>\n<td><img decoding=\"async\" src=\"http:\/\/phatgiao.org.vn\/Images\/Contents\/tamduchau\/20130608\/Bo-Tat-Pho-Hien.jpg\" alt=\"\" \/><\/td>\n<\/tr>\n<tr align=\"center\">\n<td>\u00a0V\u1ecb B\u1ed3 T\u00e1t ph\u00e1t m\u01b0\u1eddi h\u1ea1nh nguy\u1ec7n l\u1edbn \u0111\u1ec3 \u0111\u1ed9 ch\u00fang sanh<\/td>\n<\/tr>\n<\/tbody>\n<\/table>\n<p><\/center>M\u1ed7i v\u1ecb Ph\u1eadt, B\u1ed3 T\u00e1t \u0111\u1ec1u c\u00f3 m\u1ed9t h\u00ecnh t\u01b0\u1edbng, h\u1ea1nh nguy\u1ec7n ri\u00eang, nh\u01b0ng t\u1ea5t c\u1ea3 c\u00e1c Ng\u00e0i \u0111\u1ec1u c\u00f3 l\u00f2ng th\u01b0\u01a1ng ch\u00fang sanh v\u00f4 h\u1ea1n v\u00e0 l\u00e0m l\u1ee3i \u00edch cho h\u1ebft th\u1ea3y.\u1ed3 sen n\u00e0y \u0111\u1ec3 ng\u1ed3i Thi\u1ec1n.<\/div>\n<p><strong>TIN LI\u00caN QUAN<\/strong><\/div>\n","protected":false},"excerpt":{"rendered":"<p>M\u1ed7i v\u1ecb Ph\u1eadt, B\u1ed3 t\u00e1t \u0111\u1ec1u c\u00f3 m\u1ed9t h\u00ecnh t\u01b0\u1edbng, h\u1ea1nh nguy\u1ec7n ri\u00eang, nh\u01b0ng t\u1ea5t c\u1ea3 c\u00e1c Ng\u00e0i \u0111\u1ec1u c\u00f3 l\u00f2ng th\u01b0\u01a1ng ch\u00fang sinh v\u00f4 \u2026 <a class=\"continue-reading-link\" href=\"https:\/\/www.pagodethienminh.fr\/?page_id=5275\">Continue \u00e0 lire <span class=\"meta-nav\">&rarr; <\/span><\/a><\/p>\n","protected":false},"author":1,"featured_media":0,"parent":4137,"menu_order":0,"comment_status":"closed","ping_status":"closed","template":"template-onecolumn.php","meta":{"_mc_calendar":[],"footnotes":""},"class_list":["post-5275","page","type-page","status-publish","hentry"],"_links":{"self":[{"href":"https:\/\/www.pagodethienminh.fr\/index.php?rest_route=\/wp\/v2\/pages\/5275","targetHints":{"allow":["GET"]}}],"collection":[{"href":"https:\/\/www.pagodethienminh.fr\/index.php?rest_route=\/wp\/v2\/pages"}],"about":[{"href":"https:\/\/www.pagodethienminh.fr\/index.php?rest_route=\/wp\/v2\/types\/page"}],"author":[{"embeddable":true,"href":"https:\/\/www.pagodethienminh.fr\/index.php?rest_route=\/wp\/v2\/users\/1"}],"replies":[{"embeddable":true,"href":"https:\/\/www.pagodethienminh.fr\/index.php?rest_route=%2Fwp%2Fv2%2Fcomments&post=5275"}],"version-history":[{"count":1,"href":"https:\/\/www.pagodethienminh.fr\/index.php?rest_route=\/wp\/v2\/pages\/5275\/revisions"}],"predecessor-version":[{"id":5276,"href":"https:\/\/www.pagodethienminh.fr\/index.php?rest_route=\/wp\/v2\/pages\/5275\/revisions\/5276"}],"up":[{"embeddable":true,"href":"https:\/\/www.pagodethienminh.fr\/index.php?rest_route=\/wp\/v2\/pages\/4137"}],"wp:attachment":[{"href":"https:\/\/www.pagodethienminh.fr\/index.php?rest_route=%2Fwp%2Fv2%2Fmedia&parent=5275"}],"curies":[{"name":"wp","href":"https:\/\/api.w.org\/{rel}","templated":true}]}}