{"id":522,"date":"2011-05-03T21:42:00","date_gmt":"2011-05-03T21:42:00","guid":{"rendered":"http:\/\/www.pagodethienminh.fr\/?page_id=522"},"modified":"2013-03-14T08:02:21","modified_gmt":"2013-03-14T08:02:21","slug":"1an-karma","status":"publish","type":"page","link":"https:\/\/www.pagodethienminh.fr\/?page_id=522","title":{"rendered":"Le Karma"},"content":{"rendered":"<p style=\"text-align: justify;\"><a href=\"https:\/\/www.pagodethienminh.fr\/wp-content\/uploads\/2011\/12\/Phat-thich-ca-crayon1.jpg\"><img loading=\"lazy\" decoding=\"async\" class=\"alignleft  wp-image-1937\" title=\"Phat thich ca crayon\" alt=\"Phat thich ca crayon\" src=\"https:\/\/www.pagodethienminh.fr\/wp-content\/uploads\/2011\/12\/Phat-thich-ca-crayon1-1024x680.jpg\" width=\"600\" height=\"398\" srcset=\"https:\/\/www.pagodethienminh.fr\/wp-content\/uploads\/2011\/12\/Phat-thich-ca-crayon1-1024x680.jpg 1024w, https:\/\/www.pagodethienminh.fr\/wp-content\/uploads\/2011\/12\/Phat-thich-ca-crayon1-150x99.jpg 150w, https:\/\/www.pagodethienminh.fr\/wp-content\/uploads\/2011\/12\/Phat-thich-ca-crayon1-300x199.jpg 300w, https:\/\/www.pagodethienminh.fr\/wp-content\/uploads\/2011\/12\/Phat-thich-ca-crayon1.jpg 2048w\" sizes=\"auto, (max-width: 600px) 100vw, 600px\" \/><\/a>Parmi les th\u00e8mes enseign\u00e9s dans le bouddhisme, la notion de &#8220;Karma ou Kama&#8221; (Nghi\u1ec7p en VN) est souvent cit\u00e9e voir expliqu\u00e9e. Le bouddhisme parle aussi de la &#8220;Loi du Karma&#8221; (Lu\u1eadt nh\u00e2n qu\u1ea3 en VN), ou parfois &#8220;Loi de causalit\u1ebb&#8221; ou &#8220;Loi de cause \u00e0 effet&#8221; ou &#8220;Loi de la graine et du fruit&#8221; ou &#8220;Loi d\u2019action et de r\u00e9action&#8221;. &#8220;Karm\u1ea3&#8221; se traduit litt\u00e9ralement par &#8220;Action&#8221;. Cette loi est en soi la m\u00eame loi de causalit\u00e9 \u00e9mise par les grands scientifiques de notre temps. Elle n\u2019est pas un concept, voir une cr\u00e9ation de l\u2019esprit, ni un &#8220;concept&#8221; venant de la nature. Les scientifiques affirment que toute chose de l\u2019environnement est r\u00e9gie par cette loi, qu\u2019on veuille ou non l\u2019accepter. Le Bouddha, par son omniscience, a tout simplement rappel\u00e9 que cette loi est applicable dans toute chose, aussi bien de l\u2019environnement que des \u00e9tats &#8220;spirituels&#8221;. De cette mani\u00e8re, la notion de &#8220;hasard&#8221; n\u2019a plus de sens, dans les r\u00e9sultats, ou les cons\u00e9quences des \u00e9v\u00e9nements de ce monde et aussi des autres &#8220;mondes&#8221;. Le Bouddha parle de 3 &#8220;Karma&#8221;, si on le prend comme &#8220;Action&#8221;, donc 3 &#8220;Actions&#8221; :<\/p>\n<ol>\n<li>Le Karma li\u00e9 \u00e0 l\u2019esprit<\/li>\n<li>Le Karma li\u00e9 \u00e0 la parole<\/li>\n<li>Le Karma li\u00e9 aux corps<\/li>\n<\/ol>\n<p style=\"text-align: justify;\">En un sens, ces trois actions impliquent trois r\u00e9actions. Et en appliquant simplement la loi du Karma, on pourrait en d\u00e9duire que par simple logique :<\/p>\n<ul>\n<li>une mauvaise action va engendrer une mauvaise cons\u00e9quence<\/li>\n<li>une bonne action va engendrer \u00e0 son tour une bonne cons\u00e9quence<\/li>\n<\/ul>\n<p style=\"text-align: justify;\">Au sens de la pratique bouddhiste, une mauvaise action est une action qui va soit engendrer de la souffrance \u00e0 l\u2019\u00eatre qui le cr\u00e9e, soit \u00e0 son environnement, soit aux deux, et une bonne action est une action qui n\u2019apporte de souffrance ni \u00e0 l\u2019\u00eatre qui le cr\u00e9e, ni \u00e0 son environnement, c\u2019est \u00e0 dire qui apporte un \u00e9tat d\u2019\u00e9veil et de bien \u00eatre aux deux environnements. Si cette loi est prise en consid\u00e9ration constamment, on ne devrait pas avoir de surprise sur l\u2019\u00e9tat du r\u00e9sultat, bien \u00e9videmment, la prise de conscience de l\u2019action doit \u00eatre appliqu\u00e9e pour comprendre la r\u00e9action qu\u2019elle g\u00e9n\u00e8re. Mais souvent dans la soci\u00e9t\u00e9 actuelle, les actions dues aux 3 portes, celle de l\u2019esprit, de la parole et du corps agissent constamment par tendances, voir par habitudes : tendances dues au Karma des vies pr\u00e9c\u00e9dentes et habitudes dues au r\u00e9p\u00e9tition des actions de cette vie, sans l\u2019application de l\u2019\u00e9tat m\u00e9ditatif et conscient de celles-ci.<br \/>\nLa loi du Karma peut \u00eatre repr\u00e9sent\u00e9e dans le cycle des existences (Terme Skr. Samsara) par un grand tableau, les dimensions de ce tableau d\u00e9pendront du nombre de vies &#8220;con\u00e7ues&#8221; par la &#8220;personne&#8221;, et chaque cycle de &#8220;vie&#8221; est repr\u00e9sent\u00e9 par un morceau de puzzle, qui par le processus de renaissance et de mort, se pose d\u2019une fa\u00e7on logique et karmique pour remplir le tableau. Lorsque ce tableau sera compl\u00e8tement rempli, il repr\u00e9sentera le paysage du samsara de la &#8220;personne&#8221; et \u00e0 ce moment pr\u00e9cis, elle aura atteint l\u2019\u00e9tat d\u2019Eveil et deviendra un Bouddha. Il est vrai que la complexit\u00e9 des conceptions des \u00eatres, dues \u00e0 l\u2019ignorance (Si m\u00ea en VN) fait grandir continuellement les dimensions. Et de plus les autres conceptions \u00e9motionnelles contribuent \u00e0 prolonger le cycle, un genre d\u2019&#8221;empilement&#8221; de couches \u00e9motionnelles sur la base des qualit\u00e9s fondamentales composant l\u2019\u00eatre. D\u2019o\u00f9 souvent dans les enseignements, les mots &#8220;aveuglement&#8221; ou &#8220;voiles&#8221; sont employ\u00e9s.<br \/>\nUne deuxi\u00e8me repr\u00e9sentation imag\u00e9e est de prendre l\u2019image de l\u2019utilisation d\u2019un v\u00e9hicule : le v\u00e9hicule symbolise le corps physique d\u2019une personne et le corps spirituel, cette personne. Quand un v\u00e9hicule est utilis\u00e9 un certain temps, il est soumis au facteur temps, au facteur usure m\u00e9canique jusqu\u2019au moment o\u00f9 il tombera en panne et ne pourra plus \u00eatre utilis\u00e9, comme le corps humain qui lui est soumis aux conditions de la maladie, de la vieillesse et au bout \u00e0 la mort, cycle naturel d\u2019une vie terrestre. Revenons au v\u00e9hicule, pour pouvoir continuer \u00e0 \u00eatre transporter, la personne devra trouver un autre v\u00e9hicule, un autre moyen. Le nouveau v\u00e9hicule repr\u00e9sentera alors le nouveau corps de la personne \u00e0 sa prochaine renaissance. Le v\u00e9hicule est nouveau mais c\u2019est toujours la m\u00eame personne qui le conduit, c\u2019est comme une nouvelle renaissance dans un nouveau corps physique mais avec le m\u00eame corps spirituel. Bien s\u00fbr la loi karmique rentre dans ce cas dans un concept tr\u00e8s sch\u00e9matique, mais la proc\u00e9dure karmique est ainsi fond\u00e9e.<\/p>\n<p style=\"text-align: justify;\">Il existe de multitudes exemples issus de l\u2019exp\u00e9rience de cette vie pour d\u00e9montrer l\u2019existence universelle de cette loi. On pourrait prendre des exemples concrets pour comprendre cette loi. Par exemple les cons\u00e9quences conscientes issues des \u00e9tats de conceptions \u00e9motionnelles, telle que \u00e0 partir d\u2019un \u00e9tat de non-patience peut impliquer un d\u00e9s\u00e9quilibre \u00e9motionnel en cr\u00e9ant un \u00e9tat de col\u00e8re, qui a son tour propulse vers des paroles ou des actions irr\u00e9fl\u00e9chies. Chaque action li\u00e9e \u00e0 un \u00e9tat de conception spirituel engendre un &#8220;\u00e9boulement&#8221; d\u2019actions et de r\u00e9actions contr\u00f4l\u00e9es ou non, provoquant de la souffrance ou non.C\u2019est pour cette raison une action r\u00e9alis\u00e9e au pr\u00e9sent doit \u00eatre r\u00e9fl\u00e9chi, prise dans la conscience avec Sagesse pour \u00e9viter de cr\u00e9er un d\u00e9s\u00e9quilibre dans l\u2019\u00e9tat de l\u2019environnement, et risquerait de d\u00e9truire l\u2019harmonie de celui-ci.<\/p>\n","protected":false},"excerpt":{"rendered":"<p>Parmi les th\u00e8mes enseign\u00e9s dans le bouddhisme, la notion de &#8220;Karma ou Kama&#8221; (Nghi\u1ec7p en VN) est souvent cit\u00e9e voir expliqu\u00e9e. Le bouddhisme parle aussi \u2026 <a class=\"continue-reading-link\" href=\"https:\/\/www.pagodethienminh.fr\/?page_id=522\">Continue \u00e0 lire <span class=\"meta-nav\">&rarr; <\/span><\/a><\/p>\n","protected":false},"author":1,"featured_media":0,"parent":450,"menu_order":14,"comment_status":"closed","ping_status":"closed","template":"template-onecolumn.php","meta":{"_mc_calendar":[],"footnotes":""},"class_list":["post-522","page","type-page","status-publish","hentry"],"_links":{"self":[{"href":"https:\/\/www.pagodethienminh.fr\/index.php?rest_route=\/wp\/v2\/pages\/522","targetHints":{"allow":["GET"]}}],"collection":[{"href":"https:\/\/www.pagodethienminh.fr\/index.php?rest_route=\/wp\/v2\/pages"}],"about":[{"href":"https:\/\/www.pagodethienminh.fr\/index.php?rest_route=\/wp\/v2\/types\/page"}],"author":[{"embeddable":true,"href":"https:\/\/www.pagodethienminh.fr\/index.php?rest_route=\/wp\/v2\/users\/1"}],"replies":[{"embeddable":true,"href":"https:\/\/www.pagodethienminh.fr\/index.php?rest_route=%2Fwp%2Fv2%2Fcomments&post=522"}],"version-history":[{"count":5,"href":"https:\/\/www.pagodethienminh.fr\/index.php?rest_route=\/wp\/v2\/pages\/522\/revisions"}],"predecessor-version":[{"id":3343,"href":"https:\/\/www.pagodethienminh.fr\/index.php?rest_route=\/wp\/v2\/pages\/522\/revisions\/3343"}],"up":[{"embeddable":true,"href":"https:\/\/www.pagodethienminh.fr\/index.php?rest_route=\/wp\/v2\/pages\/450"}],"wp:attachment":[{"href":"https:\/\/www.pagodethienminh.fr\/index.php?rest_route=%2Fwp%2Fv2%2Fmedia&parent=522"}],"curies":[{"name":"wp","href":"https:\/\/api.w.org\/{rel}","templated":true}]}}