{"id":5195,"date":"2015-11-24T16:00:27","date_gmt":"2015-11-24T16:00:27","guid":{"rendered":"http:\/\/www.pagodethienminh.fr\/?page_id=5195"},"modified":"2017-06-10T09:32:28","modified_gmt":"2017-06-10T09:32:28","slug":"interventions","status":"publish","type":"page","link":"https:\/\/www.pagodethienminh.fr\/?page_id=5195","title":{"rendered":"Interventions"},"content":{"rendered":"<p style=\"text-align: justify;\">Chaque ann\u00e9e, la tradition bouddhiste est demand\u00e9e\u00a0pour des enseignements th\u00e9matiques, des conf\u00e9rences publiques ou priv\u00e9es de pr\u00e9sentation ou de sp\u00e9cialisation du bouddhisme. Ces interventions sont demand\u00e9es par des associations, des \u00e9coles, des coll\u00e8ges, des lyc\u00e9es, des universit\u00e9s, des organismes &#8230; Cela est un pont pour pr\u00e9senter de mani\u00e8re g\u00e9n\u00e9rale ou approfondie le bouddhisme.<\/p>\n<p>Ann\u00e9e 2016<\/p>\n<ol>\n<li>13:30-16:30 06 Janvier : Visite du Lyc\u00e9e Belmont Classe de Terminale<\/li>\n<li>10:30-12:00 07 Janvier : Visite classe de BTS de l&#8217;institut Marc Perrot<\/li>\n<li>14:30-15:30 13 Janvier : Visite d&#8217;un Groupe de personnes Handicap\u00e9es<\/li>\n<li>14:00-16:00 27 Janvier : Visite de l&#8217;Hopital de Vinatier<\/li>\n<li>18:30-20:30 28 Janvier : Intervention &#8211; Conf\u00e9rence Manufacture des Tabacs organis\u00e9e par Coexister<\/li>\n<li>14:30-16:00 29 Janvier : Visite Lyc\u00e9e Professionnelle AFEP de St Etienne<\/li>\n<li>10:30-12:00 04\u00a0F\u00e9vrier : Visite classe de BTS de l&#8217;institut Marc Perrot<\/li>\n<li>10:30-12:00 13\u00a0F\u00e9vrier : Visite Mairie de Ste Foy<\/li>\n<li>13:30-16:30 08 Mars : Intervention sur Gestion de conflit Ecole Aide Soignante Lyc\u00e9e Jacquard<\/li>\n<li>14:30-16:00 17\u00a0Mars : Visite Association IBM CARA<\/li>\n<li>15:30-17:30 04 Avril : Visite\u00a0Guid\u00e9e + Asso des Citoyennet\u00e9s<\/li>\n<li>10:00-12:00 14 Avril : Visite\u00a0Guid\u00e9e<\/li>\n<li>14:30-15:30 20\u00a0Avril : Visite Association Olivier des Sages Emma<\/li>\n<li>14:00-16:00 29 Avril : Visite Association\u00a0CMCV<\/li>\n<li>08:30-16:00 09 Mai : Visite &#8211; Conf\u00e9rence et Intervention UCL de Lyon<\/li>\n<li>13:30-16:30 24\u00a0Mai : Intervention sur La col\u00e8re et le Stress\u00a0Ecole Aide Soignante Lyc\u00e9e Jacquard<\/li>\n<li>14:00-16:00 26 Mai :\u00a0Visite Ecole Bellegarde<\/li>\n<li>14:00-16:00 28\u00a0\u00a0Mai : Visite\u00a0Guid\u00e9e<\/li>\n<li>13:30-15:30 04\u00a0Juin : Visite ECAM<\/li>\n<li>18:00-21:00 08 Juin : Intervention et Colloque\u00a0ESSSE Vaise<\/li>\n<li><\/li>\n<\/ol>\n<p>Ann\u00e9e 2015<\/p>\n<ol>\n<li>10:00-13:30 12 D\u00e9cembre : Visite Association Chinoise<\/li>\n<li>10:30-12:00 03 D\u00e9cembre : Visite sur le Bouddhisme de l&#8217;Institut Marc Perrot BTS<\/li>\n<li>14:00-16:00 02 D\u00e9cembre : Visite de l&#8217;Institut F\u00e9n\u00e9lon &#8211; Grasse<\/li>\n<li>09:00-11:00 02 D\u00e9cembre : Intervention sur le Bouddhisme Institut Marc Perrot BTS<\/li>\n<li>14:00-16:00 13 Novembre : Visite Temple Association Hospices (Colette)<\/li>\n<li>13:30-16:30 10 Novembre : Intervention Bouddhisme &amp; Mort, Ecole Aide Soignante Lyc\u00e9e Jacquard et Don Bosco<\/li>\n<li>14:30-16:00 08 Septembre : Visite<\/li>\n<li>13:30-15:30 05 Juin : Visite Association Villes de France (AVF)<\/li>\n<li>16:00-17:30 30 Mai : Visite groupe Scout de France<\/li>\n<li>14:30-15:30 28 Mai : Visite groupe Secours catholique<\/li>\n<li>14:00-16:00 22 Mai : Visite Association socio culturel Gerland Mme M\u00e9nard<\/li>\n<li>14:30-16:00 19 Mai : Visite \u00e9cole Bellegarde Mme Redon Fontaine sur Saone<\/li>\n<li>15:30-17:30 11 Mai : Intervention Institut m\u00e9dical<\/li>\n<li>15:30-17:30 28 Avril : Visite Association Les Mosaics<\/li>\n<li>14:00-16:00 15 Avril : Visite Association Les Lutins<\/li>\n<li>14:00-16:00 09 Avril : Visite Association Art Culture et Loisir<\/li>\n<li>14:00-16:00 08 Avril : Visite Association Perron<\/li>\n<li>14:00-16:00 25 Mars : Visite Association<\/li>\n<li>10:30-12:30 21 Mars : Visite Association Mme Viviane<\/li>\n<li>10-11 Mars : Intervention Institut F\u00e9n\u00e9lon, Grasse<\/li>\n<li>09:30-11:30 07 Mars : RDV ATTL &#8211; Video Interview<\/li>\n<li>09:30-11:30 04 Janvier : Lyc\u00e9e de Roanne (Reportage Video)<\/li>\n<\/ol>\n<p>&nbsp;<\/p>\n<p>&nbsp;<\/p>\n","protected":false},"excerpt":{"rendered":"<p>Chaque ann\u00e9e, la tradition bouddhiste est demand\u00e9e\u00a0pour des enseignements th\u00e9matiques, des conf\u00e9rences publiques ou priv\u00e9es de pr\u00e9sentation ou de sp\u00e9cialisation du bouddhisme. Ces interventions sont \u2026 <a class=\"continue-reading-link\" href=\"https:\/\/www.pagodethienminh.fr\/?page_id=5195\">Continue \u00e0 lire <span class=\"meta-nav\">&rarr; <\/span><\/a><\/p>\n","protected":false},"author":1,"featured_media":0,"parent":31,"menu_order":0,"comment_status":"closed","ping_status":"closed","template":"template-onecolumn.php","meta":{"_mc_calendar":[],"footnotes":""},"class_list":["post-5195","page","type-page","status-publish","hentry"],"_links":{"self":[{"href":"https:\/\/www.pagodethienminh.fr\/index.php?rest_route=\/wp\/v2\/pages\/5195","targetHints":{"allow":["GET"]}}],"collection":[{"href":"https:\/\/www.pagodethienminh.fr\/index.php?rest_route=\/wp\/v2\/pages"}],"about":[{"href":"https:\/\/www.pagodethienminh.fr\/index.php?rest_route=\/wp\/v2\/types\/page"}],"author":[{"embeddable":true,"href":"https:\/\/www.pagodethienminh.fr\/index.php?rest_route=\/wp\/v2\/users\/1"}],"replies":[{"embeddable":true,"href":"https:\/\/www.pagodethienminh.fr\/index.php?rest_route=%2Fwp%2Fv2%2Fcomments&post=5195"}],"version-history":[{"count":20,"href":"https:\/\/www.pagodethienminh.fr\/index.php?rest_route=\/wp\/v2\/pages\/5195\/revisions"}],"predecessor-version":[{"id":5883,"href":"https:\/\/www.pagodethienminh.fr\/index.php?rest_route=\/wp\/v2\/pages\/5195\/revisions\/5883"}],"up":[{"embeddable":true,"href":"https:\/\/www.pagodethienminh.fr\/index.php?rest_route=\/wp\/v2\/pages\/31"}],"wp:attachment":[{"href":"https:\/\/www.pagodethienminh.fr\/index.php?rest_route=%2Fwp%2Fv2%2Fmedia&parent=5195"}],"curies":[{"name":"wp","href":"https:\/\/api.w.org\/{rel}","templated":true}]}}