{"id":51,"date":"2011-04-29T20:04:44","date_gmt":"2011-04-29T20:04:44","guid":{"rendered":"http:\/\/www.pagodethienminh.fr\/?page_id=51"},"modified":"2024-07-01T15:46:36","modified_gmt":"2024-07-01T15:46:36","slug":"4-programme","status":"publish","type":"page","link":"https:\/\/www.pagodethienminh.fr\/?page_id=51","title":{"rendered":"Programme"},"content":{"rendered":"<p style=\"text-align: justify;\">Toute l&#8217;ann\u00e9e, la pagode organise des \u00e9v\u00e8nements en rapport avec le bouddhisme et la culture vietnamienne. Cette partie du site retrace chronologiquement les \u00e9v\u00e8nements publiques dans lesquels toute personne bouddhiste ou non peut venir y assister ou y participer.<br \/>\nOn y trouve les dates des enseignements, des pratiques ou des grandes c\u00e9r\u00e9monies et rituels qui oeuvrent pour le bien \u00eatre de tous. Ces exp\u00e9riences, lorsqu&#8217;elles sont comprises et int\u00e9gr\u00e9es, deviennent les causes principales du fruit des m\u00e9rites.<br \/>\nCe programme \u00e9volue dans l&#8217;impermanence des \u00e9tats des \u00eatres, du temps et de l&#8217;espace. Il avance comme un \u00e9l\u00e9ment parmi tant d&#8217;autres, du samsara.<\/p>\n<p>Pour tout renseignement, contactez-le\u00a0:<\/p>\n<div>\n<ul>\n<li><strong>06.22.53.10.86\u00a0<\/strong>ou<\/li>\n<li>par mail\u00a0:\u00a0<strong><em><a href=\"mailto:huyencao2803@yahoo.fr\">huyencao2803@yahoo.fr<\/a><\/em><\/strong><\/li>\n<\/ul>\n<\/div>\n<p>&#8212;&#8212;&#8212;&#8212;&#8212;&#8212;&#8212;&#8212;&#8212;&#8212;&#8212;&#8212;&#8212;&#8212;&#8212;&#8212;&#8212;&#8212;&#8212;&#8212;&#8212;&#8212;&#8212;&#8212;&#8212;&#8212;&#8212;&#8212;&#8212;&#8212;&#8212;&#8212;&#8212;<\/p>\n","protected":false},"excerpt":{"rendered":"<p>Toute l&#8217;ann\u00e9e, la pagode organise des \u00e9v\u00e8nements en rapport avec le bouddhisme et la culture vietnamienne. Cette partie du site retrace chronologiquement les \u00e9v\u00e8nements publiques \u2026 <a class=\"continue-reading-link\" href=\"https:\/\/www.pagodethienminh.fr\/?page_id=51\">Continue \u00e0 lire <span class=\"meta-nav\">&rarr; <\/span><\/a><\/p>\n","protected":false},"author":1,"featured_media":0,"parent":0,"menu_order":20,"comment_status":"closed","ping_status":"closed","template":"","meta":{"_mc_calendar":[],"footnotes":""},"class_list":["post-51","page","type-page","status-publish","hentry"],"_links":{"self":[{"href":"https:\/\/www.pagodethienminh.fr\/index.php?rest_route=\/wp\/v2\/pages\/51","targetHints":{"allow":["GET"]}}],"collection":[{"href":"https:\/\/www.pagodethienminh.fr\/index.php?rest_route=\/wp\/v2\/pages"}],"about":[{"href":"https:\/\/www.pagodethienminh.fr\/index.php?rest_route=\/wp\/v2\/types\/page"}],"author":[{"embeddable":true,"href":"https:\/\/www.pagodethienminh.fr\/index.php?rest_route=\/wp\/v2\/users\/1"}],"replies":[{"embeddable":true,"href":"https:\/\/www.pagodethienminh.fr\/index.php?rest_route=%2Fwp%2Fv2%2Fcomments&post=51"}],"version-history":[{"count":31,"href":"https:\/\/www.pagodethienminh.fr\/index.php?rest_route=\/wp\/v2\/pages\/51\/revisions"}],"predecessor-version":[{"id":6353,"href":"https:\/\/www.pagodethienminh.fr\/index.php?rest_route=\/wp\/v2\/pages\/51\/revisions\/6353"}],"wp:attachment":[{"href":"https:\/\/www.pagodethienminh.fr\/index.php?rest_route=%2Fwp%2Fv2%2Fmedia&parent=51"}],"curies":[{"name":"wp","href":"https:\/\/api.w.org\/{rel}","templated":true}]}}