{"id":4564,"date":"2014-12-12T10:15:28","date_gmt":"2014-12-12T10:15:28","guid":{"rendered":"http:\/\/www.pagodethienminh.fr\/?page_id=4564"},"modified":"2015-02-25T13:14:01","modified_gmt":"2015-02-25T13:14:01","slug":"loi-khan-nguye%cc%a3n","status":"publish","type":"page","link":"https:\/\/www.pagodethienminh.fr\/?page_id=4564","title":{"rendered":"L\u1edcI KH\u1ea4N NGUY\u1ec6N"},"content":{"rendered":"<h2 class=\"wsite-content-title\" style=\"text-align: center;\">L\u1edcI KH\u1ea4N NGUY\u1ec6N<\/h2>\n<div class=\"paragraph\" style=\"text-align: center;\"><span style=\"font-size: large;\"><em>Th\u01b0\u01a1\u0323ng T\u1ecda Thi\u0301ch Minh Nh\u1eadt (Ba\u0300i na\u0300y nh\u1eadn \u0111\u01b0\u01a1\u0323c do s\u01b0\u0323 chuy\u00ea\u0300n tay nhau)<\/em><\/span><\/div>\n<div class=\"paragraph\" style=\"text-align: center;\"><\/div>\n<p class=\"paragraph\" style=\"text-align: left;\">K\u00ednh l\u1ea1y m\u01b0\u01a1\u0300i ph\u01b0\u01a1ng Ph\u1eadt<br \/>\nKi\u0301nh l\u1ea1y m\u01b0\u01a1\u0300i ph\u01b0\u01a1ng Pha\u0301p<br \/>\nKi\u0301nh l\u1ea1y m\u01b0\u01a1\u0300i ph\u01b0\u01a1ng T\u0103ng<br \/>\nXin ch\u01b0\u0301ng gia\u0301m lo\u0300ng con<br \/>\nV\u01a1\u0301i t\u1ea5t c\u1ea3 t\u00e2m tha\u0300nh<br \/>\nD\u00e2ng l\u00ean l\u01a1\u0300i kh\u1ea5n nguy\u1ec7n<br \/>\nXin cho con ma\u0303i ma\u0303i<br \/>\nLo\u0300ng t\u00f4n ki\u0301nh v\u00f4 bi\u00ean<br \/>\nH\u01a1n nu\u0301i bi\u00ea\u0309n m\u00f4ng m\u00eanh<br \/>\nD\u00e2ng l\u00ean m\u01b0\u01a1\u0300i ph\u01b0\u01a1ng Ph\u00e2\u0323t<br \/>\nXin cho con ma\u0303i ma\u0303i<br \/>\nLo\u0300ng th\u01b0\u01a1ng y\u00eau kh\u00f4ng cu\u0300ng<br \/>\nTra\u0309i th\u00ea\u0301 gi\u01a1\u0301i Tam Thi\u00ean<br \/>\n\u0110\u00ea\u0301n chu\u0301ng sinh v\u00f4 t\u00e2\u0323n<br \/>\nXin cho kh\u0103\u0301p mu\u00f4n loa\u0300i<br \/>\nS\u00f4\u0301ng y\u00ean la\u0300nh b\u00ean nhau<br \/>\nKh\u00f4ng ganh ghe\u0301t oa\u0301n thu\u0300<br \/>\nKh\u00f4ng chi\u00ea\u0301n tranh ch\u00ea\u0301t cho\u0301c<br \/>\nXin cho ke\u0303 b\u00e2\u0301t thi\u00ea\u0323n<br \/>\nBi\u00ea\u0301t tin co\u0301 lu\u00e2n h\u00f4\u0300i<br \/>\nCo\u0301 nghi\u00ea\u0323p ba\u0301o tra\u0309 vay<br \/>\n\u0110\u00ea\u0309 h\u00f4\u0300i \u0111\u00e2\u0300u h\u01b0\u01a1\u0301ng thi\u00ea\u0323n<br \/>\nXin ke\u0303 mu\u0300 \u0111\u01b0\u01a1\u0323c sa\u0301ng<br \/>\nKe\u0303 \u0111i\u00ea\u0301c la\u0323i \u0111\u01b0\u01a1\u0323c nghe<br \/>\nKe\u0303 nghe\u0300o \u0111\u01b0\u01a1\u0323c \u00e2\u0301m no<br \/>\nKe\u0303 \u00f4\u0301m \u0111au bi\u0300nh phu\u0323c<br \/>\nXin cho loa\u0300i c\u00e2\u0300m thu\u0301<br \/>\nThoa\u0301t \u0111\u01b0\u01a1\u0323c nghi\u00ea\u0323p ngu si<br \/>\nTa\u0301i sinh va\u0300o co\u0303i ng\u01b0\u01a1\u0300i<br \/>\nBi\u00ea\u0301t tu theo phe\u0301p Ph\u00e2\u0323t<br \/>\nCa\u0301c vong linh v\u00e2\u0301t v\u01b0\u01a1\u0309ng<br \/>\nTrong co\u0303i gi\u01a1\u0301i u huy\u00ea\u0300n<br \/>\nThoa\u0301t nghi\u00ea\u0323p \u0111o\u0301i tri\u00ea\u0300n mi\u00ean<br \/>\nQuy y va\u0300 si\u00eau thoa\u0301t<br \/>\nXin cho n\u01a1i \u0111i\u0323a ngu\u0323c<br \/>\nChu\u0301ng sinh \u0111ang \u0111o\u0323a \u0111a\u0300y<br \/>\nKh\u01a1\u0309i \u0111\u01b0\u01a1\u0323c t\u00e2m t\u01b0\u0300 bi<br \/>\n\u0110\u00ea\u0309 xa li\u0300a ca\u0309nh kh\u00f4\u0309<br \/>\nCu\u0301i xin m\u01b0\u01a1\u0300i ph\u01b0\u01a1ng Ph\u00e2\u0323t<br \/>\nCh\u01b0 B\u00f4\u0300 Ta\u0301t Tha\u0301nh Hi\u00ea\u0300n<br \/>\n\u0110em cha\u0301nh pha\u0301p thi\u00eang li\u00eang<br \/>\nSa\u0301ng soi nghi\u0300n th\u00ea\u0301 gi\u01a1\u0301i<br \/>\nCho chu\u0301ng con ma\u0303i ma\u0303i<br \/>\nDu\u0300 sinh v\u00ea\u0300 n\u01a1i \u0111\u00e2u<br \/>\n\u0110\u00ea\u0300u g\u0103\u0323p Pha\u0301p nhi\u00ea\u0323m m\u00e2\u0300u<br \/>\n\u0110\u00ea\u0309 n\u01b0\u01a1ng theo tu t\u00e2\u0323p<br \/>\nCho con bi\u00ea\u0301t khi\u00eam ha\u0323<br \/>\nBi\u00ea\u0301t t\u00f4n tro\u0323ng mo\u0323i ng\u01b0\u01a1\u0300i<br \/>\nT\u01b0\u0323 th\u00e2\u0301y mi\u0300nh nho\u0309 th\u00f4i<br \/>\nVi\u00ea\u0323c tu co\u0300n ke\u0301m co\u0309i<br \/>\nCho tay con r\u00f4\u0323ng m\u01a1\u0309<br \/>\nBi\u00ea\u0301t san se\u0309 cu\u0301ng d\u01b0\u01a1\u0300ng<br \/>\nBi\u00ea\u0301t giu\u0301p \u0111\u01a1\u0309 y\u00eau th\u01b0\u01a1ng<br \/>\n\u0110\u00ea\u0301n nh\u01b0\u0303ng ng\u01b0\u01a1\u0300i kh\u00f4\u0301n kho\u0301<br \/>\nXin cho con bi\u0300nh tha\u0309n<br \/>\nTr\u01b0\u01a1\u0301c nghi\u0323ch ca\u0309nh cu\u00f4\u0323c \u0111\u01a1\u0300i<br \/>\nDu\u0300 bi\u0323 m\u0103\u0301ng b\u0103\u0300ng l\u01a1\u0300i<br \/>\nHay b\u0103\u0300ng \u0111i\u00ea\u0300u m\u01b0u ha\u0323i<br \/>\nXin t\u00e2m con sung s\u01b0\u01a1\u0301ng<br \/>\nKhi th\u00e2\u0301y ng\u01b0\u01a1\u0300i tha\u0300nh c\u00f4ng<br \/>\nHo\u0103\u0323c g\u00e2y ta\u0323o ph\u01b0\u01a1\u0301c la\u0300nh<br \/>\nNh\u01b0 chi\u0301nh con la\u0300m \u0111\u01b0\u01a1\u0323c<br \/>\nCho con bi\u00ea\u0301t im l\u0103\u0323ng<br \/>\nKh\u00f4ng no\u0301i l\u00f4\u0303i cu\u0309a ng\u01b0\u01a1\u0300i<br \/>\nChi\u0309 l\u0103\u0323ng le\u0303 du\u0300ng l\u01a1\u0300i<br \/>\nC\u00e2\u0300u cho ng\u01b0\u01a1\u0300i h\u00ea\u0301t l\u00f4\u0303i<br \/>\nXin vo\u0300ng d\u00e2y tham a\u0301i<br \/>\nR\u01a1\u0300i kho\u0309i cu\u00f4\u0323c \u0111\u01a1\u0300i con<br \/>\n\u0110\u00ea\u0309 cho tra\u0301i tim con<br \/>\nBi\u00ea\u0301t y\u00eau th\u01b0\u01a1ng t\u00e2\u0301t ca\u0309<br \/>\nCu\u0301i la\u0323y m\u01b0\u01a1\u0300i ph\u01b0\u01a1ng Ph\u00e2\u0323t<br \/>\n\u0110au kh\u00f4\u0309 \u0111a\u0303 nhi\u00ea\u0300u r\u00f4\u0300i<br \/>\nV\u00f4 l\u01b0\u01a1\u0323ng ki\u00ea\u0301p lu\u00e2n h\u00f4\u0300i<br \/>\n\u0110\u0103\u0301ng cay va\u0300 mo\u0309i m\u00ea\u0323t<br \/>\nNay con d\u00e2ng l\u01a1\u0300i nguy\u00ea\u0323n<br \/>\nGia\u0309i thoa\u0301t, quy\u00ea\u0301t ti\u0300m v\u00ea\u0300<br \/>\nGia\u0301c ng\u00f4\u0323, bi\u00ea\u0301t li\u0300a m\u00ea<br \/>\n\u0110\u00f4\u0323 sinh, \u0111\u00ea\u0300n \u01a1n Ph\u00e2\u0323t<br \/>\nXin cho con gi\u01b0\u0303 v\u01b0\u0303ng<br \/>\n\u0110\u01b0\u01a1\u0323c chi\u0301 nguy\u00ea\u0323n tu ha\u0300nh<br \/>\nKh\u00f4ng m\u00f4\u0323t phu\u0301t bu\u00f4ng l\u01a1i<br \/>\nKh\u00f4ng m\u00f4\u0323t gi\u01a1\u0300 xao la\u0303ng<br \/>\nXin ve\u0323n toa\u0300n gi\u01a1\u0301i ha\u0323nh<br \/>\nV\u01a1\u0301i Thi\u00ea\u0300n \u0111i\u0323nh l\u0103\u0301ng s\u00e2u<br \/>\nV\u01a1\u0301i tri\u0301 tu\u00ea\u0323 nhi\u00ea\u0323m m\u00e2\u0300u<br \/>\nXo\u0301a tan d\u00e2\u0300n ch\u00e2\u0301p nga\u0303<br \/>\nXin cho con ti\u0309nh ta\u0301o<br \/>\nKh\u00f4ng ki\u00eau ma\u0323ng t\u01b0\u0323 ha\u0300o<br \/>\nDu\u0300 tu ti\u00ea\u0301n \u0111\u00ea\u0301n \u0111\u00e2u<br \/>\nV\u00e2\u0303n t\u01b0\u0323 ti\u0300m ch\u00f4\u0303 d\u01a1\u0309<br \/>\nNguy\u00ea\u0323n cho con \u0111i ma\u0303i<br \/>\nKh\u00f4ng \u0111\u01b0\u0301ng la\u0323i gi\u01b0\u0303a \u0111\u01b0\u01a1\u0300ng<br \/>\n\u0110\u00ea\u0301n tuy\u00ea\u0323t \u0111\u00f4\u0301i v\u00f4 bi\u00ean<br \/>\nT\u00e2m \u0111\u00f4\u0300ng t\u00e2m ch\u01b0 Ph\u00e2\u0323t<br \/>\nR\u00f4\u0300i trong mu\u00f4n va\u0323n ne\u0309o<br \/>\nCu\u0309a sinh t\u01b0\u0309 lu\u00e2n h\u00f4\u0300i<br \/>\nCon ma\u0303i ma\u0303i kh\u00f4ng th\u00f4i<br \/>\n\u0110\u00f4\u0323 sinh kh\u00f4ng d\u01b0\u0300ng nghi\u0309<br \/>\nCu\u0301i la\u0323y m\u01b0\u01a1\u0300i ph\u01b0\u01a1ng Ph\u00e2\u0323t<br \/>\nXin ch\u01b0\u0301ng gia\u0301m lo\u0300ng con<br \/>\nL\u01a1\u0300i kh\u00e2\u0301n nguy\u00ea\u0323n s\u0103\u0301t son<br \/>\nD\u00e2ng l\u00ean ng\u00f4i Tam Ba\u0309o.<\/p>\n<p>Nam M\u00f4 B\u00f4\u0309n S\u01b0 Thi\u0301ch Ca M\u00e2u Ni Ph\u00e2\u0323t \u00a0<em>(3 l\u00e2\u0300n)<\/em><\/p>\n<div class=\"paragraph\" style=\"text-align: left;\"><\/div>\n<p><strong>HO\u0323C TU<\/strong><\/p>\n<p>HO\u0323C L\u01a0\u0300I GIA\u0309NG DA\u0323Y \u0110\u01af\u0301C NH\u01af LAI<br \/>\nV\u01af\u0300A HO\u0323C V\u01af\u0300A TU\u00a0L\u01a0\u0323I CA\u0309 HAI<br \/>\nHO\u0323C RO\u0303 H\u01af\u01a0\u0301NG TU TH\u00caM CH\u0102\u0301C CH\u0102\u0301N<br \/>\nHO\u0323C RA\u0300NH CH\u01af\u01a0\u0301NG NGA\u0323I V\u01af\u01a0\u0323T CH\u00d4NG GAI<br \/>\nBU\u00d4\u0300N PHI\u00ca\u0300N H\u01a0\u0300N GI\u00c2\u0323N KH\u00d4NG CO\u0300N N\u01af\u0303A<br \/>\nNI\u00ca\u0300M VUI THANH THOA\u0301T HI\u00ca\u0323N RA NGAY<br \/>\nCH\u0102\u0309NG CH\u01a0\u0300 GIA\u0309I THOA\u0301T SAU KHI CH\u00ca\u0301T<br \/>\n\u0110OA\u0323T \u0110\u01af\u01a0\u0323C Y\u00caN VUI TA\u0323I KI\u00ca\u0301P NA\u0300Y.<\/p>\n<p><strong><strong>TA\u0301NH PH\u00c2\u0323T<\/strong><\/strong><\/p>\n<p>TA\u0301NH PH\u00c2\u0323T CHI\u00ca\u0301U SOI V\u00d4\u0301N S\u0102\u0309N DA\u0300NH<br \/>\nKH\u00d4NG H\u01a0\u0300N KH\u00d4NG GI\u00c2\u0323N CH\u0102\u0309NG H\u00ca\u0300 GANH<br \/>\nL\u01a0\u0300I TRA\u0301I TAI NGHE KHOAN V\u01af\u01a0\u0301NG B\u00c2\u0323N<br \/>\n\u0110I\u00ca\u0300U GAI M\u0102\u0301T TH\u00c2\u0301Y CH\u01a0\u0301 \u0110UA TRANH<br \/>\nVI\u0300 NG\u01af\u01a0\u0300I KH\u01a0\u0309I NI\u00ca\u0323M KHI LA\u0300M VI\u00ca\u0323C<br \/>\nRA\u0309NH RANG T\u01af\u0323 XE\u0301T LUY\u00ca\u0323N T\u00c2M THANH<br \/>\nKHOAN DUNG HY\u0303 XA\u0303 LO\u0300NG THANH THA\u0309N<br \/>\nV\u01af\u01a0\u0323T B\u01af\u0323C TI\u00ca\u0301N TU CHI\u0301 NGUY\u00ca\u0323N THA\u0300NH<\/p>\n","protected":false},"excerpt":{"rendered":"<p>L\u1edcI KH\u1ea4N NGUY\u1ec6N Th\u01b0\u01a1\u0323ng T\u1ecda Thi\u0301ch Minh Nh\u1eadt (Ba\u0300i na\u0300y nh\u1eadn \u0111\u01b0\u01a1\u0323c do s\u01b0\u0323 chuy\u00ea\u0300n tay nhau) K\u00ednh l\u1ea1y m\u01b0\u01a1\u0300i ph\u01b0\u01a1ng Ph\u1eadt Ki\u0301nh l\u1ea1y m\u01b0\u01a1\u0300i \u2026 <a class=\"continue-reading-link\" href=\"https:\/\/www.pagodethienminh.fr\/?page_id=4564\">Continue \u00e0 lire <span class=\"meta-nav\">&rarr; <\/span><\/a><\/p>\n","protected":false},"author":1,"featured_media":0,"parent":4519,"menu_order":0,"comment_status":"closed","ping_status":"closed","template":"template-onecolumn.php","meta":{"_mc_calendar":[],"footnotes":""},"class_list":["post-4564","page","type-page","status-publish","hentry"],"_links":{"self":[{"href":"https:\/\/www.pagodethienminh.fr\/index.php?rest_route=\/wp\/v2\/pages\/4564","targetHints":{"allow":["GET"]}}],"collection":[{"href":"https:\/\/www.pagodethienminh.fr\/index.php?rest_route=\/wp\/v2\/pages"}],"about":[{"href":"https:\/\/www.pagodethienminh.fr\/index.php?rest_route=\/wp\/v2\/types\/page"}],"author":[{"embeddable":true,"href":"https:\/\/www.pagodethienminh.fr\/index.php?rest_route=\/wp\/v2\/users\/1"}],"replies":[{"embeddable":true,"href":"https:\/\/www.pagodethienminh.fr\/index.php?rest_route=%2Fwp%2Fv2%2Fcomments&post=4564"}],"version-history":[{"count":3,"href":"https:\/\/www.pagodethienminh.fr\/index.php?rest_route=\/wp\/v2\/pages\/4564\/revisions"}],"predecessor-version":[{"id":4737,"href":"https:\/\/www.pagodethienminh.fr\/index.php?rest_route=\/wp\/v2\/pages\/4564\/revisions\/4737"}],"up":[{"embeddable":true,"href":"https:\/\/www.pagodethienminh.fr\/index.php?rest_route=\/wp\/v2\/pages\/4519"}],"wp:attachment":[{"href":"https:\/\/www.pagodethienminh.fr\/index.php?rest_route=%2Fwp%2Fv2%2Fmedia&parent=4564"}],"curies":[{"name":"wp","href":"https:\/\/api.w.org\/{rel}","templated":true}]}}