{"id":4562,"date":"2014-12-12T10:11:21","date_gmt":"2014-12-12T10:11:21","guid":{"rendered":"http:\/\/www.pagodethienminh.fr\/?page_id=4562"},"modified":"2015-01-23T10:15:35","modified_gmt":"2015-01-23T10:15:35","slug":"cac-ngay-via-le%cc%83-an-chay","status":"publish","type":"page","link":"https:\/\/www.pagodethienminh.fr\/?page_id=4562","title":{"rendered":"Ng\u00e0y v\u00eda &#8211; \u0102n chay \/ Jours importants et v\u00e9g\u00e9tariens"},"content":{"rendered":"<h2 style=\"text-align: center;\"><strong>C\u00e1c ng\u00e0y v\u00eda &#8211; L\u1ec5 &#8211; \u0102n chay<\/strong><\/h2>\n<h2 style=\"text-align: center;\"><strong>Jours de comm\u00e9moration &#8211; de c\u00e9l\u00e9bration &#8211; Journ\u00e9es v\u00e9g\u00e9tariennes<\/strong><\/h2>\n<p><span style=\"text-decoration: underline; color: #0000ff;\"><strong>Ng\u00e0y\u00a0\u00e2m L\u1ecbch &#8211; Jour du calendrier lunaire (Bouddhiste)<\/strong><\/span><\/p>\n<p>01\/01\u00a0 \u00a0<strong> V\u00eda\u00a0\u0110\u1ee9c Di L\u1eb7c<\/strong> &#8211; Comm\u00e9moration du Bodhisattva Maitreya (Amour et Bienveillance)<\/p>\n<p><a href=\"https:\/\/www.pagodethienminh.fr\/wp-content\/uploads\/2014\/12\/Maitreya-statue.jpg\"><img loading=\"lazy\" decoding=\"async\" class=\"aligncenter  wp-image-4622\" src=\"https:\/\/www.pagodethienminh.fr\/wp-content\/uploads\/2014\/12\/Maitreya-statue.jpg\" alt=\"Maitreya-statue\" width=\"308\" height=\"206\" \/><\/a><\/p>\n<p>&nbsp;<\/p>\n<p><a href=\"https:\/\/www.pagodethienminh.fr\/wp-content\/uploads\/2014\/12\/namo84000wordpresscom_dilacbotat92.jpg\"><img loading=\"lazy\" decoding=\"async\" class=\"aligncenter  wp-image-4624\" src=\"https:\/\/www.pagodethienminh.fr\/wp-content\/uploads\/2014\/12\/namo84000wordpresscom_dilacbotat92.jpg\" alt=\"namo84000wordpresscom_dilacbotat92\" width=\"320\" height=\"240\" \/><\/a><\/p>\n<p>08\/02\u00a0\u00a0 \u00a0<strong>Ph\u1eadt Th\u00edch Ca Xu\u1ea5t Gia<\/strong> &#8211;\u00a0\u00a0Entr\u00e9e dans la voie du Bouddha Sakyamuni<\/p>\n<p><a href=\"https:\/\/www.pagodethienminh.fr\/wp-content\/uploads\/2014\/12\/cattoc-xuatgia.jpg\"><img loading=\"lazy\" decoding=\"async\" class=\"aligncenter  wp-image-4653\" src=\"https:\/\/www.pagodethienminh.fr\/wp-content\/uploads\/2014\/12\/cattoc-xuatgia.jpg\" alt=\"cattoc-xuatgia\" width=\"319\" height=\"438\" \/><\/a><\/p>\n<p><a href=\"https:\/\/www.pagodethienminh.fr\/wp-content\/uploads\/2014\/12\/CuocDoiDucPhat13.jpg\"><img loading=\"lazy\" decoding=\"async\" class=\"aligncenter  wp-image-4654\" src=\"https:\/\/www.pagodethienminh.fr\/wp-content\/uploads\/2014\/12\/CuocDoiDucPhat13.jpg\" alt=\"CuocDoiDucPhat13\" width=\"304\" height=\"364\" \/><\/a><\/p>\n<p>15\/02\u00a0\u00a0 \u00a0<strong>Ph\u1eadt Th\u00edch Ca nh\u1eadp Ni\u1ebft B\u00e0n<\/strong> &#8211; Entr\u00e9e en Paranibbana\u00a0du Bouddha Sakyamuni<\/p>\n<p><a href=\"https:\/\/www.pagodethienminh.fr\/wp-content\/uploads\/2014\/12\/p34.jpg\"><img loading=\"lazy\" decoding=\"async\" class=\"aligncenter size-full wp-image-4647\" src=\"https:\/\/www.pagodethienminh.fr\/wp-content\/uploads\/2014\/12\/p34.jpg\" alt=\"p34\" width=\"458\" height=\"550\" \/><\/a><\/p>\n<p><a href=\"https:\/\/www.pagodethienminh.fr\/wp-content\/uploads\/2014\/12\/IMG_6889.jpg\"><img loading=\"lazy\" decoding=\"async\" class=\"aligncenter  wp-image-4648\" src=\"https:\/\/www.pagodethienminh.fr\/wp-content\/uploads\/2014\/12\/IMG_6889.jpg\" alt=\"IMG_6889\" width=\"505\" height=\"257\" \/><\/a><\/p>\n<p>19\/02\u00a0 \u00a0 <strong>V\u00eda\u00a0\u0110\u1ee9c Quan Th\u1ebf\u00a0\u00c2m B\u1ed3 T\u00e1t<\/strong> &#8211; Comm\u00e9moration du Bodhisattva\u00a0Avalokite\u015bvara\u00a0(Compassion)<\/p>\n<p><a href=\"https:\/\/www.pagodethienminh.fr\/wp-content\/uploads\/2014\/12\/260px-Khasarpana_Lokesvara.jpg\"><img loading=\"lazy\" decoding=\"async\" class=\"aligncenter  wp-image-4614\" src=\"https:\/\/www.pagodethienminh.fr\/wp-content\/uploads\/2014\/12\/quan-the-am-1.jpg\" alt=\"quan the am bo tat\" width=\"273\" height=\"383\" \/><img loading=\"lazy\" decoding=\"async\" class=\"aligncenter size-full wp-image-4613\" src=\"https:\/\/www.pagodethienminh.fr\/wp-content\/uploads\/2014\/12\/260px-Khasarpana_Lokesvara.jpg\" alt=\"260px-Khasarpana_Lokesvara\" width=\"260\" height=\"388\" \/><\/a><\/p>\n<p style=\"text-align: center;\"><em>T\u01b0\u1ee3ng B\u1ed3 t\u00e1t Qu\u00e1n Th\u1ebf \u00c2m tay c\u1ea7m hoa sen t\u1ea1i &#8211;\u00a0N\u0101land\u0101, Bihar, \u1ea4n \u0110\u1ed9, th\u1ebf k\u1ef7 9.<\/em><\/p>\n<p style=\"text-align: center;\"><em>Statue du Bodhisattva Avalokitesvara tenant une fleur de lotus &#8211; Nalanda, Bihar, Inde, IXe Si\u00e8cle.<\/em><\/p>\n<p>21\/02 \u00a0\u00a0<strong>V\u00eda\u00a0\u0110\u1ee9c Ph\u1ed5 Hi\u1ec1n B\u1ed3 T\u00e1t<\/strong> &#8211;\u00a0\u00a0Comm\u00e9moration du Bodhisattva S<i>amantabhadra<\/i><\/p>\n<p><a href=\"https:\/\/www.pagodethienminh.fr\/wp-content\/uploads\/2014\/12\/phohien1.jpg\"><img loading=\"lazy\" decoding=\"async\" class=\"aligncenter  wp-image-4610\" src=\"https:\/\/www.pagodethienminh.fr\/wp-content\/uploads\/2014\/12\/phohien1.jpg\" alt=\"phohien1\" width=\"240\" height=\"355\" \/><\/a><\/p>\n<p><a href=\"https:\/\/www.pagodethienminh.fr\/wp-content\/uploads\/2014\/12\/a-1.jpg\"><img loading=\"lazy\" decoding=\"async\" class=\"aligncenter  wp-image-4656\" src=\"https:\/\/www.pagodethienminh.fr\/wp-content\/uploads\/2014\/12\/a-1.jpg\" alt=\"a-1\" width=\"256\" height=\"383\" \/><\/a><\/p>\n<p>16\/03 \u00a0\u00a0<strong>V\u00eda\u00a0\u0110\u1ee9c Chu\u1eabn \u0110\u1ec1 B\u1ed3 T\u00e1t<\/strong> &#8211;\u00a0Comm\u00e9moration du Bodhisattva\u00a0Cund\u00ec<\/p>\n<p><a href=\"https:\/\/www.pagodethienminh.fr\/wp-content\/uploads\/2014\/12\/2007102920186753_2-1.jpg\"><img loading=\"lazy\" decoding=\"async\" class=\"aligncenter  wp-image-4617\" src=\"https:\/\/www.pagodethienminh.fr\/wp-content\/uploads\/2014\/12\/2007102920186753_2-1.jpg\" alt=\"2007102920186753_2-1\" width=\"358\" height=\"404\" \/><\/a><\/p>\n<p><a href=\"https:\/\/www.pagodethienminh.fr\/wp-content\/uploads\/2014\/12\/Cundi-02.jpg\"><img loading=\"lazy\" decoding=\"async\" class=\"aligncenter  wp-image-4623\" src=\"https:\/\/www.pagodethienminh.fr\/wp-content\/uploads\/2014\/12\/Cundi-02.jpg\" alt=\"Cundi-02\" width=\"462\" height=\"289\" \/><\/a><\/p>\n<p>04\/04 \u00a0\u00a0<strong>V\u00eda\u00a0\u0110\u1ee9c V\u0103n Th\u00f9 S\u01b0 L\u1ee3i\u00a0B\u1ed3 T\u00e1t<\/strong> &#8211;\u00a0Comm\u00e9moration du Bodhisattva\u00a0M<i>a\u00f1ju\u015br\u012b (Sagesse)<\/i><\/p>\n<p><a href=\"https:\/\/www.pagodethienminh.fr\/wp-content\/uploads\/2014\/12\/Van-thu-su-loi-bo-tat.jpg\"><img loading=\"lazy\" decoding=\"async\" class=\"aligncenter  wp-image-4611\" src=\"https:\/\/www.pagodethienminh.fr\/wp-content\/uploads\/2014\/12\/Van-thu-su-loi-bo-tat.jpg\" alt=\"Van thu su loi bo tat\" width=\"351\" height=\"524\" \/><img loading=\"lazy\" decoding=\"async\" class=\"aligncenter size-full wp-image-4612\" src=\"https:\/\/www.pagodethienminh.fr\/wp-content\/uploads\/2014\/12\/260px-Manjusri_Kumara_bodhisattva_of_wisdom_India_Pala_dynesty_9th_century_stone_Honolulu_Academy_of_Arts.jpg\" alt=\"260px-Manjusri_Kumara_(bodhisattva_of_wisdom),_India,_Pala_dynesty,_9th_century,_stone,_Honolulu_Academy_of_Arts\" width=\"260\" height=\"385\" \/><\/a><\/p>\n<p style=\"text-align: center;\"><em>T\u01b0\u1ee3ng B\u1ed3 t\u00e1t <strong>V\u0103n Th\u00f9 S\u01b0 L\u1ee3i<\/strong>\u00a0&#8211; Pala Dynasty, \u1ea4n \u0110\u1ed9, th\u1ebf k\u1ef7 9.<\/em><\/p>\n<p style=\"text-align: center;\"><em>Statue du Bodhisattva M<i>a\u00f1ju\u015br\u012b\u00a0<\/i>&#8211; Pala Dynasty, Inde, IXe Si\u00e8cle.<\/em><\/p>\n<p>15\/04 \u00a0\u00a0<strong>Ph\u1eadt Th\u00edch Ca\u00a0\u0110\u1ea3n Sanh <\/strong>&#8211; Naissance du Bouddha Sakyamuni (Pers\u00e9v\u00e9rance)<\/p>\n<p><a href=\"https:\/\/www.pagodethienminh.fr\/wp-content\/uploads\/2014\/12\/phat-dan-sanh.jpg\"><img loading=\"lazy\" decoding=\"async\" class=\"aligncenter  wp-image-4619\" src=\"https:\/\/www.pagodethienminh.fr\/wp-content\/uploads\/2014\/12\/phat-dan-sanh.jpg\" alt=\"phat-dan-sanh\" width=\"654\" height=\"372\" \/><\/a><\/p>\n<p>19\/06 \u00a0 \u00a0<strong>V\u00eda\u00a0\u0110\u1ee9c Quan Th\u1ebf\u00a0\u00c2m B\u1ed3 T\u00e1t<\/strong> &#8211; Comm\u00e9moration du Bodhisattva\u00a0Avalokite\u015bvara (Compassion)<\/p>\n<p><a href=\"https:\/\/www.pagodethienminh.fr\/wp-content\/uploads\/2014\/12\/QuanTheAmBoTat0033_jpg.jpg\"><img loading=\"lazy\" decoding=\"async\" class=\"aligncenter  wp-image-4640\" src=\"https:\/\/www.pagodethienminh.fr\/wp-content\/uploads\/2014\/12\/QuanTheAmBoTat0033_jpg.jpg\" alt=\"QuanTheAmBoTat0033_jpg\" width=\"299\" height=\"401\" \/><\/a><a href=\"https:\/\/www.pagodethienminh.fr\/wp-content\/uploads\/2014\/12\/QuanTheAmBoTat0030_jpg.jpg\"><img loading=\"lazy\" decoding=\"async\" class=\"aligncenter  wp-image-4641\" src=\"https:\/\/www.pagodethienminh.fr\/wp-content\/uploads\/2014\/12\/QuanTheAmBoTat0030_jpg.jpg\" alt=\"QuanTheAmBoTat0030_jpg\" width=\"376\" height=\"533\" \/><\/a><\/p>\n<p>&nbsp;<\/p>\n<p>13\/07\u00a0\u00a0 \u00a0<strong>V\u00eda \u0110\u1ea1i Th\u1ebf Ch\u00ed B\u1ed3\u00a0Ta\u0301t<\/strong> &#8211;\u00a0Comm\u00e9moration du Bodhisattva Mahasthanapr\u00e0ta<\/p>\n<p><a href=\"https:\/\/www.pagodethienminh.fr\/wp-content\/uploads\/2014\/12\/1269226976.nv_.jpg\"><img loading=\"lazy\" decoding=\"async\" class=\"aligncenter  wp-image-4634\" src=\"https:\/\/www.pagodethienminh.fr\/wp-content\/uploads\/2014\/12\/1269226976.nv_.jpg\" alt=\"1269226976.nv\" width=\"254\" height=\"453\" \/><\/a><img loading=\"lazy\" decoding=\"async\" class=\"aligncenter size-full wp-image-4635\" src=\"https:\/\/www.pagodethienminh.fr\/wp-content\/uploads\/2014\/12\/Dai-The-Chi-Bo-Tat.jpg\" alt=\"Dai The Chi Bo Tat\" width=\"250\" height=\"406\" \/><\/p>\n<p>15\/07\u00a0\u00a0 \u00a0<strong>Vu Lan (\u0110\u1ea1i Hi\u1ebfu M\u1ee5c Ki\u1ec1n Li\u00ean B\u1ed3 T\u00e1t)<\/strong> &#8211; C\u00e9l\u00e9bration Ullumbana (Bodhisattva Maudgalyayana)<\/p>\n<p><a href=\"https:\/\/www.pagodethienminh.fr\/wp-content\/uploads\/2014\/12\/Ducmuckienlien.jpg\"><img loading=\"lazy\" decoding=\"async\" class=\"aligncenter  wp-image-4627\" src=\"https:\/\/www.pagodethienminh.fr\/wp-content\/uploads\/2014\/12\/Ducmuckienlien.jpg\" alt=\"Ducmuckienlien\" width=\"186\" height=\"264\" \/><\/a><\/p>\n<p><a href=\"https:\/\/www.pagodethienminh.fr\/wp-content\/uploads\/2014\/12\/db56.jpg\"><img loading=\"lazy\" decoding=\"async\" class=\"aligncenter  wp-image-4628\" src=\"https:\/\/www.pagodethienminh.fr\/wp-content\/uploads\/2014\/12\/db56.jpg\" alt=\"db56\" width=\"276\" height=\"412\" \/><\/a><\/p>\n<p>30\/07\u00a0\u00a0 \u00a0<strong>V\u00eda \u0110\u1ecba T\u1ea1ng V\u01b0\u01a1ng B\u1ed3 T\u00e1t<\/strong> &#8211;\u00a0Comm\u00e9moration du Bodhisattva <i>K\u1e63itigarbha\u00a0<\/i>(Bodhisattva des Mondes Inf\u00e9rieurs)<\/p>\n<p><a href=\"https:\/\/www.pagodethienminh.fr\/wp-content\/uploads\/2014\/12\/1234861_524116151005771_1399161138_n.jpg\"><img loading=\"lazy\" decoding=\"async\" class=\"aligncenter  wp-image-4626\" src=\"https:\/\/www.pagodethienminh.fr\/wp-content\/uploads\/2014\/12\/diatangbotat-13mb-wWw.ChuaQuangDuc.Net-Phan-1.jpg\" alt=\"diatangbotat-13mb-wWw.ChuaQuangDuc.Net-Phan-1\" width=\"251\" height=\"376\" \/><img loading=\"lazy\" decoding=\"async\" class=\"aligncenter  wp-image-4625\" src=\"https:\/\/www.pagodethienminh.fr\/wp-content\/uploads\/2014\/12\/1234861_524116151005771_1399161138_n.jpg\" alt=\"1234861_524116151005771_1399161138_n\" width=\"248\" height=\"371\" \/><\/a><\/p>\n<p>19\/09\u00a0\u00a0 \u00a0<strong>V\u00eda \u0110\u01b0\u0301c Quan Th\u1ebf \u00c2m B\u1ed3\u00a0Ta\u0301t<\/strong> &#8211;\u00a0Comm\u00e9moration du Bodhisattva\u00a0Avalokite\u015bvara (Compassion)<\/p>\n<p><a href=\"https:\/\/www.pagodethienminh.fr\/wp-content\/uploads\/2014\/12\/huangyiren20090416084031013.jpg\"><img loading=\"lazy\" decoding=\"async\" class=\"aligncenter  wp-image-4642\" src=\"https:\/\/www.pagodethienminh.fr\/wp-content\/uploads\/2014\/12\/huangyiren20090416084031013.jpg\" alt=\"huangyiren20090416084031013\" width=\"299\" height=\"397\" \/><\/a><\/p>\n<p><a href=\"https:\/\/www.pagodethienminh.fr\/wp-content\/uploads\/2014\/12\/QuanTheAmBoTat0023_jpg.jpg\"><img loading=\"lazy\" decoding=\"async\" class=\"aligncenter  wp-image-4643\" src=\"https:\/\/www.pagodethienminh.fr\/wp-content\/uploads\/2014\/12\/QuanTheAmBoTat0023_jpg.jpg\" alt=\"QuanTheAmBoTat0023_jpg\" width=\"290\" height=\"400\" \/><\/a><\/p>\n<p>29\/09\u00a0\u00a0 <strong>\u00a0V\u00eda \u0110\u01b0\u0301c Ph\u1eadt D\u01b0\u1ee3c S\u01b0<\/strong> &#8211; Comm\u00e9moration du Bouddha\u00a0<i>bhai\u1e63ajyaguru (M\u00e9decine)<\/i><\/p>\n<p><a href=\"https:\/\/www.pagodethienminh.fr\/wp-content\/uploads\/2014\/12\/MPMedicineBuddha.jpg\"><img loading=\"lazy\" decoding=\"async\" class=\"aligncenter  wp-image-4621\" src=\"https:\/\/www.pagodethienminh.fr\/wp-content\/uploads\/2014\/12\/MPMedicineBuddha.jpg\" alt=\"MPMedicineBuddha\" width=\"421\" height=\"526\" \/><\/a><\/p>\n<p><a href=\"https:\/\/www.pagodethienminh.fr\/wp-content\/uploads\/2014\/12\/phatduocsu-01.gif\"><img loading=\"lazy\" decoding=\"async\" class=\"aligncenter  wp-image-4657\" src=\"https:\/\/www.pagodethienminh.fr\/wp-content\/uploads\/2014\/12\/phatduocsu-01.gif\" alt=\"phatduocsu-01\" width=\"373\" height=\"484\" \/><\/a><\/p>\n<p>17\/11\u00a0\u00a0 \u00a0<strong>V\u00eda \u0110\u01b0\u0301c Ph\u1eadt A Di \u0110\u00e0<\/strong> &#8211; Comm\u00e9moration du Bouddha Amitabha<\/p>\n<p><a href=\"https:\/\/www.pagodethienminh.fr\/wp-content\/uploads\/2014\/12\/tay-phuong-cuc-lac-phan-giai-cao-4.jpg\"><img loading=\"lazy\" decoding=\"async\" class=\"aligncenter  wp-image-4639\" src=\"https:\/\/www.pagodethienminh.fr\/wp-content\/uploads\/2014\/12\/tay-phuong-cuc-lac-phan-giai-cao-4.jpg\" alt=\"tay phuong cuc lac phan giai cao 4\" width=\"648\" height=\"464\" \/><\/a><\/p>\n<p>8\/12\u00a0\u00a0 \u00a0\u00a0\u00a0<strong>Vi\u0301a Ph\u1eadt Th\u00edch Ca Th\u00e0nh \u0110\u1ea1o<\/strong> &#8211; Comm\u00e9moration de l&#8217;Eveil du Bouddha Sakyamuni<\/p>\n<p><a href=\"https:\/\/www.pagodethienminh.fr\/wp-content\/uploads\/2014\/12\/duc_phat_150727009.jpg\"><img loading=\"lazy\" decoding=\"async\" class=\"aligncenter size-full wp-image-4644\" src=\"https:\/\/www.pagodethienminh.fr\/wp-content\/uploads\/2014\/12\/duc_phat_150727009.jpg\" alt=\"duc_phat_150727009\" width=\"350\" height=\"293\" \/><\/a><a href=\"https:\/\/www.pagodethienminh.fr\/wp-content\/uploads\/2014\/12\/lordbuddha19.jpg\"><img loading=\"lazy\" decoding=\"async\" class=\"aligncenter  wp-image-4645\" src=\"https:\/\/www.pagodethienminh.fr\/wp-content\/uploads\/2014\/12\/lordbuddha19.jpg\" alt=\"lordbuddha19\" width=\"297\" height=\"356\" \/><\/a><\/p>\n<p><strong>CA\u0301C NGA\u0300Y \u0102N CHAY &#8211; Journ\u00e9es v\u00e9g\u00e9tariennes (Calendrier lunaire &#8211; bouddhiste) selon\u00a0les conditions<\/strong><\/p>\n<p><strong>Nh\u1ecb trai<\/strong>: m\u1ed3ng 1 va\u0300 15 \/<strong>\u00a02 jours par mois<\/strong> : le 1er et le 15<\/p>\n<p><strong>T\u01b0\u0301 tra<\/strong>i:\u00a0m\u1ed3ng 1, 14, 15 va\u0300 30 \/ <strong>4\u00a0jours par mois<\/strong> : le 1er, le 14, le 15 et le 30<\/p>\n<p><strong>L\u1ee5c trai<\/strong>:\u00a0m\u1ed3ng 1, 8, 14, 15, 23 va\u0300 30 \/<strong> 6\u00a0jours par mois :<\/strong> le 1er, le 14, le 15 et le 30<\/p>\n<p><strong>Th\u1eadp trai<\/strong>:\u00a0m\u1ed3ng 1, 8, 14, 15, 18, 23, 24, 28, 29 va\u0300 30 \/ <strong>10\u00a0jours par mois :<\/strong> le 1er, le 8, le 14, le 15, le 18, le 23, le 24, le 28, le 29 et le 30<\/p>\n<p style=\"text-align: center;\"><strong><em>(Tha\u0301ng thi\u1ebfu thi\u0300 \u0103n nga\u0300y 29 th\u00ea\u1ebf\u00a0nga\u0300y 30 cho T\u01b0\u0301 va\u0300 L\u1ee5c Trai. Nga\u0300y 27 th\u1ebf\u00a0nga\u0300y 30 cho Th\u1eadp Trai)<\/em><\/strong><\/p>\n<p style=\"text-align: center;\"><em>(Pour les jours manquants dans le mois, remplacer le 30 par le 29 pour 4 et 6 journ\u00e9es v\u00e9g\u00e9tariennes par mois, <\/em><\/p>\n<p style=\"text-align: center;\"><em>et remplacer le 30 par le 27 pour 10 journ\u00e9es v\u00e9g\u00e9tariennes par mois)<\/em><\/p>\n","protected":false},"excerpt":{"rendered":"<p>C\u00e1c ng\u00e0y v\u00eda &#8211; L\u1ec5 &#8211; \u0102n chay Jours de comm\u00e9moration &#8211; de c\u00e9l\u00e9bration &#8211; Journ\u00e9es v\u00e9g\u00e9tariennes Ng\u00e0y\u00a0\u00e2m L\u1ecbch &#8211; Jour du calendrier lunaire (Bouddhiste) \u2026 <a class=\"continue-reading-link\" href=\"https:\/\/www.pagodethienminh.fr\/?page_id=4562\">Continue \u00e0 lire <span class=\"meta-nav\">&rarr; <\/span><\/a><\/p>\n","protected":false},"author":1,"featured_media":0,"parent":37,"menu_order":0,"comment_status":"closed","ping_status":"closed","template":"template-onecolumn.php","meta":{"_mc_calendar":[],"footnotes":""},"class_list":["post-4562","page","type-page","status-publish","hentry"],"_links":{"self":[{"href":"https:\/\/www.pagodethienminh.fr\/index.php?rest_route=\/wp\/v2\/pages\/4562","targetHints":{"allow":["GET"]}}],"collection":[{"href":"https:\/\/www.pagodethienminh.fr\/index.php?rest_route=\/wp\/v2\/pages"}],"about":[{"href":"https:\/\/www.pagodethienminh.fr\/index.php?rest_route=\/wp\/v2\/types\/page"}],"author":[{"embeddable":true,"href":"https:\/\/www.pagodethienminh.fr\/index.php?rest_route=\/wp\/v2\/users\/1"}],"replies":[{"embeddable":true,"href":"https:\/\/www.pagodethienminh.fr\/index.php?rest_route=%2Fwp%2Fv2%2Fcomments&post=4562"}],"version-history":[{"count":15,"href":"https:\/\/www.pagodethienminh.fr\/index.php?rest_route=\/wp\/v2\/pages\/4562\/revisions"}],"predecessor-version":[{"id":4662,"href":"https:\/\/www.pagodethienminh.fr\/index.php?rest_route=\/wp\/v2\/pages\/4562\/revisions\/4662"}],"up":[{"embeddable":true,"href":"https:\/\/www.pagodethienminh.fr\/index.php?rest_route=\/wp\/v2\/pages\/37"}],"wp:attachment":[{"href":"https:\/\/www.pagodethienminh.fr\/index.php?rest_route=%2Fwp%2Fv2%2Fmedia&parent=4562"}],"curies":[{"name":"wp","href":"https:\/\/api.w.org\/{rel}","templated":true}]}}