{"id":4558,"date":"2014-12-12T10:08:09","date_gmt":"2014-12-12T10:08:09","guid":{"rendered":"http:\/\/www.pagodethienminh.fr\/?page_id=4558"},"modified":"2014-12-12T10:08:09","modified_gmt":"2014-12-12T10:08:09","slug":"bon-muoi-tam-da%cc%a3i-nguye%cc%a3n-cu%cc%89a-duc-a-di-da","status":"publish","type":"page","link":"https:\/\/www.pagodethienminh.fr\/?page_id=4558","title":{"rendered":"B\u00d4\u0301N M\u01af\u01a0I TA\u0301M \u0110A\u0323I NGUY\u00ca\u0323N CU\u0309A \u0110\u01af\u0301C A DI \u0110A\u0300"},"content":{"rendered":"<h2 class=\"wsite-content-title\" style=\"text-align: center;\"><span style=\"font-size: x-large;\">B\u00d4\u0301N M\u01af\u01a0I TA\u0301M \u0110A\u0323I NGUY\u00ca\u0323N CU\u0309A \u0110\u01af\u0301C\u00a0A DI \u0110A\u0300<\/span><\/h2>\n<div>\n<div class=\"wsite-image wsite-image-border-none \"><a><img decoding=\"async\" class=\"aligncenter\" src=\"http:\/\/thanhnhung2.weebly.com\/uploads\/8\/7\/8\/2\/8782298\/9716671.png?1382942041\" alt=\"Picture\" \/><\/a><\/p>\n<div style=\"text-align: center;\">\u0110\u01af\u0301C A DI \u0110A\u0300<\/div>\n<div><\/div>\n<\/div>\n<\/div>\n<div>\n<div class=\"wsite-multicol\">\n<div class=\"wsite-multicol-table-wrap\">\n<table class=\"wsite-multicol-table\">\n<tbody class=\"wsite-multicol-tbody\">\n<tr class=\"wsite-multicol-tr\">\n<td class=\"wsite-multicol-col\"><\/td>\n<td class=\"wsite-multicol-col\">\n<div class=\"paragraph\">NGUY\u00ca\u0323N TH\u01af\u0301 NH\u01af\u0301T &#8211; khi t\u00f4i tha\u0300nh Ph\u00e2\u0323t<br \/>\nTrong n\u01b0\u01a1\u0301c t\u00f4i, kh\u00f4ng co\u0301 ngu\u0323c hi\u0300nh<br \/>\nhay loa\u0300i nga\u0323 qui\u0309, su\u0301c sanh<br \/>\nKh\u00f4ng bao gi\u01a1\u0300 co\u0301 sanh tha\u0300nh n\u01a1i \u0111\u00e2y<br \/>\nT\u00f4i nguy\u00ea\u0323n kh\u00f4ng \u0111\u01b0\u01a1\u0323c nh\u01b0 v\u00e2\u0300y<br \/>\nTh\u00ea\u0300 kh\u00f4ng tha\u0300nh Ph\u00e2\u0323t, l\u01a1\u0300i na\u0300y kh\u00f4ng sai.<\/p>\n<p>NGUY\u00ca\u0323N TH\u01af\u0301 HAI &#8211; nh\u00e2n d\u00e2n trong n\u01b0\u01a1\u0301c<br \/>\n\u0110\u00ea\u0300u ho\u0301a sanh t\u01b0\u0300 &#8220;Chi\u0301n Ph\u00e2\u0309m Li\u00ean&#8221;<br \/>\nN\u01b0\u01a1ng theo nguy\u00ea\u0323n l\u01b0\u0323c tinh chuy\u00ean<br \/>\n\u0110\u00ea\u0301n khi tho\u0323 ma\u0323ng sen li\u00ea\u0300n n\u01a1\u0309 hoa.<\/p>\n<p>NGUY\u00ca\u0323N TH\u01af\u0301 BA &#8211; ho\u0301a ra v\u00e2\u0323t th\u01b0\u0323c<br \/>\nNhi\u00ea\u0300u th\u01b0\u0301 ngon, kho\u0309i pha\u0309i ti\u0300m c\u00e2\u0300u<br \/>\nDu\u0300ng xong, v\u00e2\u0323t du\u0323ng li\u00ea\u0300n th\u00e2u<br \/>\nKh\u00f4ng c\u00e2\u0300n pha\u0309i r\u01b0\u0309a, pha\u0309i lau nho\u0323c nh\u0103\u0300n.<\/p>\n<p>NGUY\u00ca\u0323N TH\u01af\u0301 T\u01af &#8211; y phu\u0323c m\u00f4\u0303i nga\u0300y<br \/>\nMu\u00f4\u0301n bao nhi\u00eau: a\u0301o mu\u0303 de\u0301p gi\u00e2\u0300y<br \/>\nTha\u0309y \u0111\u00ea\u0300u ho\u0301a \u0111u\u0309 tr\u01b0ng ba\u0300y<br \/>\nKho\u0309i mua kho\u0309i gi\u0103\u0323t, kho\u0309i may c\u01b0\u0323c lo\u0300ng.<\/p>\n<p>NGUY\u00ca\u0323NT TH\u01af\u0301 N\u0102M &#8211; tha\u0300nh tri\u0300 ba\u0301t nga\u0301t<br \/>\nNhi\u00ea\u0300u l\u00e2u \u0111a\u0300i, cung \u0111i\u00ea\u0323n nguy nga<br \/>\nBa\u0309y ha\u0300ng c\u00e2y ba\u0301u \u0111\u01a1m hao<br \/>\nH\u01b0\u01a1ng th\u01a1m nga\u0300o nga\u0323t, to\u0309a ra nhe\u0323 nha\u0300ng.<\/p>\n<p>NGUY\u00ca\u0323N TH\u01af\u0301 SA\u0301U &#8211; ki\u0301nh m\u00ea\u0301n t\u01b0\u01a1ng giao<br \/>\nKh\u00f4ng sang tham, giu\u0301p \u0111\u01a1\u0309 l\u00e2\u0303n nhau<br \/>\nKh\u00f4ng l\u01a1\u0300i qua la\u0323i tr\u01b0\u01a1\u0301c sau<br \/>\nKh\u00f4ng ganh, kh\u00f4ng ghe\u0301t, th\u01b0\u01a1ng nhau v\u00f4 va\u0300n.<\/p>\n<p>NGUY\u00ca\u0323N TH\u01af\u0301 BA\u0309Y &#8211; nh\u00e2n d\u00e2n trong n\u01b0\u01a1\u0301c<br \/>\nKh\u00f4ng co\u0301 lo\u0300ng u\u00ea\u0301 tr\u01b0\u01a1\u0323c, d\u00e2m \u00f4<br \/>\nCu\u0303ng kh\u00f4ng co\u0301 ti\u00ea\u0301ng tu\u0323c th\u00f4<br \/>\nCu\u0300ng la\u0300 no\u0301ng gi\u00e2\u0323n, h\u00f4\u0300 \u0111\u00f4\u0300 ngu si.<\/p>\n<p>NGUY\u00ca\u0323N TH\u01af\u0301 TA\u0301M &#8211; chuy\u00ean tri\u0300 cha\u0301nh ni\u00ea\u0323m<br \/>\nNh\u01a1\u0301 \u0111i\u00ea\u0300u hay, \u0111i\u00ea\u0300u d\u01a1\u0309 bo\u0309 \u0111i<br \/>\nN\u00ea\u0301u ai mu\u00f4\u0301n no\u0301i chuy\u00ea\u0323n gi\u0300<br \/>\nNg\u01b0\u01a1\u0300i kia hi\u00ea\u0309u y\u0301 t\u01b0\u0301c thi\u0300, kho\u0309i ph\u00e2n.<\/p>\n<p>NGUY\u00ca\u0323N TH\u01af\u0301 CHI\u0301N &#8211; chi\u0309 nghe \u0111i\u00ea\u0300u thi\u00ea\u0323n<br \/>\nCo\u0301 h\u01a1i \u0111\u00e2u, nghi\u0303 chuy\u00ea\u0323n d\u00f4ng da\u0300i<br \/>\nChuy\u00ean t\u00e2m tu ni\u00ea\u0323m h\u0103\u0300ng nga\u0300y<br \/>\nR\u00f4\u0300i ra nghi\u00ea\u0323p ch\u01b0\u01a1\u0301ng d\u01b0\u0301t ngay kh\u00f4ng co\u0300n.<\/p>\n<p>NGUY\u00ca\u0323N TH\u01af\u0301 M\u01af\u01a0\u0300I &#8211; bi\u00ea\u0301t th\u00e2n na\u0300y huy\u00ea\u0309n<br \/>\nThi\u0300 kh\u00f4ng n\u00ean tham luy\u00ea\u0301n th\u00ea\u0301 gian<br \/>\nKh\u00f4\u0309 thay tr\u00e2\u0300n th\u00ea\u0301 kh\u00f4ng an<br \/>\nXin \u0111\u01b0\u0300ng tham \u0111\u0103\u0301m, v\u00f4 va\u0300n \u0111i\u00eau linh.<\/p>\n<p>NGUY\u00ca\u0323N M\u01af\u01a0\u0300I M\u00d4\u0323T &#8211; tr\u01a1\u0300i, ng\u01b0\u01a1\u0300i tuy kha\u0301c<br \/>\nHi\u0300nh dung \u0111\u00f4\u0300ng m\u00f4\u0323t s\u0103\u0301c va\u0300ng y<br \/>\nNg\u01b0\u01a1\u0300i ng\u01b0\u01a1\u0300i nghi\u00eam chi\u0309nh ph\u01b0\u01a1ng phi<br \/>\nM\u0103\u0323t ma\u0300y \u0111e\u0323p \u0111e\u0303, kh\u00f4ng chi sa\u0301nh b\u0103\u0300ng.<\/p>\n<p>NGUY\u00ca\u0323N M\u01af\u01a0\u0300I HAI &#8211; Thinh V\u0103n, Duy\u00ean Gia\u0301c<br \/>\nNh\u01a1\u0300 chuy\u00ean c\u00e2\u0300n tu t\u00e2\u0323p ha\u0300nh thi\u00ea\u0300n<br \/>\nCho \u0111\u00ea\u0301n \u0111\u00f4\u0323ng v\u00e2\u0323t&#8230; nh\u00e2n thi\u00ean<br \/>\nCh\u01b0\u0301ng qua\u0309 Duy\u00ean Gia\u0301c, Thinh V\u0103n kh\u00f4ng l\u01b0\u01a1\u0300ng.<\/p>\n<p>NGUY\u00ca\u0323N M\u01af\u01a0\u0300I BA &#8211; d\u00e2n s\u00f4\u0301 Ph\u00e2\u0323t \u0110a\u0300<br \/>\nKh\u00f4ng co\u0300n co\u0301 s\u00f4\u0301 ti\u0301nh ra cho b\u0103\u0300ng<br \/>\nNhi\u00ea\u0300u nh\u01b0 s\u00f4\u0301 ca\u0301t s\u00f4ng H\u0103\u0300ng<br \/>\nTa\u0323i An D\u01b0\u01a1\u0303ng Qu\u00f4\u0301c, kho\u0301 ph\u00e2n kho\u0301 l\u01b0\u01a1\u0300ng.<\/p>\n<p>NGUY\u00ca\u0323N M\u01af\u01a0\u0300I B\u00d4\u0301N &#8211; s\u00f4\u0301ng \u0111\u01a1\u0300i tr\u01b0\u01a1\u0300ng tho\u0323<br \/>\nCa\u0309nh thanh nha\u0300n h\u01b0\u01a1\u0309ng tho\u0323 t\u01b0\u0323 nhi\u00ean<br \/>\nKh\u00f4ng sao ti\u0301nh \u0111\u01b0\u01a1\u0323c v\u00e2\u0323n ni\u00ean<br \/>\nS\u00f4\u0301ng l\u00e2u v\u00f4 l\u01b0\u01a1\u0323ng, v\u00f4 bi\u00ean \u0111\u01a1\u0300i \u0111\u01a1\u0300i.<\/p>\n<p>NGUY\u00ca\u0323N M\u01af\u01a0\u0300I L\u0102M &#8211; h\u01b0\u01a1\u0309ng la\u0323c an nha\u0300n<br \/>\nTro\u0323n s\u00f4\u0301ng \u0111\u01a1\u0300i C\u01b0\u0323c La\u0323c, cao sang<br \/>\nNh\u01b0 ng\u01b0\u01a1\u0300i v\u01b0\u01a1\u0323t thoa\u0301t tr\u00e2\u0300n gian<br \/>\nL\u00e2\u0323u ho\u0103\u0323c d\u01b0\u0301t h\u00ea\u0301t, La\u0323c Bang vui v\u00e2\u0300y.<\/p>\n<p>NGUY\u00ca\u0323N M\u01af\u01a0\u0300I SA\u0301U &#8211; thanh ti\u0323nh trang nghi\u00eam<br \/>\nH\u0103\u0309n xa li\u0300a vo\u0323ng t\u01b0\u01a1\u0309ng tri\u00ea\u0300n mi\u00ean<br \/>\nS\u00f4\u0301ng \u0111\u01a1\u0300i ti\u0323ch ti\u0323nh an nhi\u00ean<br \/>\nNi\u00ea\u0301t Ba\u0300n hi\u00ea\u0309n hi\u00ea\u0323n, Ch\u00e2n Nguy\u00ean to\u0309 ba\u0300y.<\/p>\n<p>NGIY\u00ca\u0323N M\u01af\u01a0\u0300I BA\u0309Y &#8211; th\u01b0\u0323c ha\u0300nh \u0110a\u0323o Ca\u0309<br \/>\nSu\u00f4\u0301t \u0111\u00eam nga\u0300y ro\u0300ng ra\u0303 \u0111\u00f4\u0323 sinh<br \/>\nThi\u00ea\u0301t tha no\u0301i Pha\u0301p tu\u0323ng kinh<br \/>\nHo\u0103\u0300ng khai Ph\u00e2\u0323t \u0110a\u0323o, c\u00f4ng tri\u0300nh h\u01a1n ai.<\/p>\n<p>NGUY\u00ca\u0323N M\u01af\u01a0\u0300I TA\u0301M &#8211; bi\u00ea\u0301t \u0111\u01b0\u01a1\u0323c ki\u00ea\u0301p tr\u01b0\u01a1\u0301c<br \/>\nH\u00ea\u0303 v\u01b0\u0300a sanh va\u0300o co\u0303i n\u01b0\u01a1\u0301c t\u00f4i<br \/>\nNg\u01b0\u01a1\u0300i ng\u01b0\u01a1\u0300i ro\u0303 chuy\u00ea\u0323n xa x\u00f4i<br \/>\nTr\u0103m, nga\u0300n, mu\u00f4n ki\u00ea\u0301p qua r\u00f4\u0300i \u0111\u00ea\u0300u th\u00f4ng.<\/p>\n<p>NGUY\u00ca\u0323N M\u01af\u01a0\u0300I CHI\u0301N &#8211; &#8220;ca\u0301i th\u00e2\u0301y&#8221; th\u00f4ng su\u00f4\u0301t<br \/>\nD\u00e2n chu\u0301ng t\u00f4i co\u0301 th\u00ea\u0309 xa tr\u00f4ng<br \/>\nToa\u0300n th\u00ea\u0309 vu\u0303 tru\u0323 m\u00eanh m\u00f4ng<br \/>\nRo\u0303 ra\u0300ng tr\u01b0\u01a1\u0301c m\u0103\u0323t, \u0111\u00ea\u0300u kh\u00f4ng tr\u01a1\u0309 nga\u0323i.<\/p>\n<p>NGUY\u00ca\u0323N HAI M\u01af\u01a0I &#8211; &#8220;ca\u0301i nghe&#8221; ro\u0303 ra\u0300ng<br \/>\n\u01a0\u0309 ph\u01b0\u01a1ng xa, ch\u01b0 Ph\u00e2\u0323t no\u0301i kinh<br \/>\nTha\u0309y \u0111\u00ea\u0300u nghe ro\u0303 \u00e2m thinh<br \/>\nNghi\u0300n mu\u00f4n \u01b0\u0301c co\u0303i, nh\u01b0 hi\u0300nh \u0111\u00e2u \u0111\u00e2y.<\/p>\n<p>NGUY\u00ca\u0323N H\u0102M M\u00d4\u0301T &#8211; bi\u00ea\u0301t ro\u0303 t\u00e2m ng\u01b0\u01a1\u0300i<br \/>\nCa\u0301ch tr\u0103m nga\u0300n th\u00ea\u0301 gi\u01a1\u0301i xa x\u0103m<br \/>\nChu\u0301ng sanh v\u01b0\u0300a m\u01a1\u0301i m\u00f4\u0301ng t\u00e2m<br \/>\nD\u00e2n t\u00f4i \u0111\u00ea\u0300u bi\u00ea\u0301t, kh\u00f4ng nh\u00e2\u0300m ma\u0303y may.<\/p>\n<p>NGUY\u00ca\u0323N H\u0102M HAI &#8211; thong dong t\u01b0\u0323 ta\u0323i<br \/>\nNh\u01b0\u0303ng t\u00e2\u0323n \u0111\u00e2u, ch\u0103\u0309ng na\u0323i \u0111\u01b0\u01a1\u0300ng xa<br \/>\nChi\u0309 trong khoa\u0309ng kh\u0103\u0301c v\u01b0\u01a1\u0323t qua<br \/>\nM\u01b0\u01a1\u0300i ph\u01b0\u01a1ng ca\u0301c co\u0303i nh\u01b0 la\u0300 da\u0323o ch\u01a1i.<\/p>\n<p>NGUY\u00ca\u0323N H\u0102M BA &#8211; c\u00f4ng \u0111\u01b0\u0301c vui m\u01b0\u0300ng<br \/>\nKhen ng\u01a1\u0323i t\u00f4i, \u0111a\u0323i chu\u0301ng \u0111\u00f4\u0300ng thanh<br \/>\nPha\u0301t t\u00e2m vui ve\u0309 hi\u00ea\u0300n la\u0300nh<br \/>\nL\u00e2m chung se\u0303 \u0111\u01b0\u01a1\u0323c ho\u0301a sanh Sen Va\u0300ng.<\/p>\n<p>NGUY\u00ca\u0323N H\u0102M B\u00d4\u0301N &#8211; quang minh chi\u00ea\u0301u di\u0323u<br \/>\nN\u01a1i \u0111a\u0309nh t\u00f4i r\u01b0\u0323c r\u01a1\u0303 v\u00f4 ng\u00e2\u0300n<br \/>\nSa\u0301ng h\u01a1n nh\u00e2\u0323t nguy\u00ea\u0323t mu\u00f4n l\u00e2\u0300n<br \/>\nLu\u00f4n lu\u00f4n to\u0309 ra\u0323ng, kho\u0301 ph\u00e2n \u0111\u00eam nga\u0300y.<\/p>\n<p>NGUY\u00ca\u0323N H\u0102M L\u0102M &#8211; ha\u0300o quang cho\u0301i lo\u0323i<br \/>\n\u0110\u00ea\u0301n t\u00e2\u0323n n\u01a1i ca\u0301c co\u0303i U Minh<br \/>\nCh\u01b0 Thi\u00ean cho \u0111\u00ea\u0301n ba\u0300ng sinh<br \/>\nTh\u00e2\u0301y ha\u0300o quang sa\u0301ng, t\u01b0\u0323 mi\u0300nh quy y.<\/p>\n<p>NGUY\u00ca\u0323N H\u0102M SA\u0301U &#8211; quang minh ca\u0309m ho\u0301a<br \/>\nKh\u0103\u0301p m\u01b0\u01a1\u0300i ph\u01b0\u01a1ng ca\u0301c co\u0303i nh\u00e2n d\u00e2n<br \/>\nHa\u0300o quang chi\u00ea\u0301u \u0111\u00ea\u0301n ba\u0309n th\u00e2n<br \/>\nT\u01b0\u0300 ha\u0300o t\u00e2m ta\u0301nh h\u01a1n d\u00e2n co\u0303i tr\u01a1\u0300i.<\/p>\n<p>NGUY\u00ca\u0323N H\u0102M BA\u0309Y &#8211; va\u0303ng sanh Ti\u0323nh \u0110\u00f4\u0323<br \/>\nCho nh\u01b0\u0303ng ng\u01b0\u01a1\u0300i gi\u01b0\u0303 gi\u01a1\u0301i, \u0103n chay<br \/>\n\u0110\u00ea\u0301n nh\u01b0\u0303ng ai thi\u00ea\u0300n \u0111i\u0323nh \u0111\u00eam nga\u0300y<br \/>\nKhi na\u0300o ma\u0303n ba\u0301o th\u00e2n na\u0300y<br \/>\nT\u00f4i va\u0300 Tha\u0301nh chu\u0301ng \u0111\u00f4ng d\u00e2\u0300y<br \/>\nPho\u0301ng quang ti\u00ea\u0301p d\u00e2\u0303n, l\u00ean ngay sen va\u0300ng.<\/p>\n<p>NGUY\u00ca\u0323N H\u0102M TA\u0301M &#8211; tr\u01a1\u0300i, ng\u01b0\u01a1\u0300i ca\u0301c co\u0303i<br \/>\nNghe danh t\u00f4i, tr\u00e2\u0300n thi\u00ea\u0301t huy hoa\u0300ng<br \/>\nNga\u0300y \u0111\u00eam t\u01b0\u01a1\u0309ng ni\u00ea\u0323m va\u0301i van<br \/>\nNg\u01b0\u01a1\u0300i \u00e2\u0301y se\u0303 \u0111\u01b0\u01a1\u0323c, La\u0323c Bang sanh v\u00ea\u0300.<\/p>\n<p>NGUY\u00ca\u0323N H\u0102M CHI\u0301N &#8211; chu\u0301ng sanh ca\u0301c co\u0303i<br \/>\nN\u00ea\u0301u d\u00f4\u0301c lo\u0300ng ra kho\u0309i b\u00ea\u0301n m\u00ea<br \/>\nT\u00ean t\u00f4i m\u01b0\u01a1\u0300i ni\u00ea\u0323m, kh\u00f4ng h\u00ea\u0300<br \/>\nXao la\u0303ng cha\u0301nh ni\u00ea\u0323m, \u0111\u01b0\u01a1\u0323c v\u00ea\u0300 T\u00e2y Ph\u01b0\u01a1ng<br \/>\nTr\u01b0\u0300 nh\u01b0\u0303ng ke\u0303 ta\u0301nh ti\u0300nh ng\u00f4\u0303 nghi\u0323ch<br \/>\nCu\u0300ng nh\u01b0\u0303ng ng\u01b0\u01a1\u0300i ba\u0301ng Ph\u00e2\u0323t, Pha\u0301p, T\u0103ng<br \/>\nRa va\u0300o t\u00e2\u0323p ta\u0301nh hung h\u0103ng<br \/>\nCh\u0103\u0301c \u0111o\u0323a \u0111i\u0323a ngu\u0323c, mu\u00f4n n\u0103m tho\u0323 hi\u0300nh.<\/p>\n<p>NGUY\u00ca\u0323N BA M\u01af\u01a0I &#8211; mo\u0323i \u0111i\u00ea\u0300u nh\u01b0 y\u0301<br \/>\nKi\u00ea\u0301p tr\u01b0\u01a1\u0301c \u0111\u00e2y ta\u0323o nghi\u00ea\u0323p kh\u00f4ng la\u0300nh<br \/>\nH\u00f4m nay, pha\u0301t nguy\u00ea\u0323n tu ha\u0300nh<br \/>\nT\u00e2y Ph\u01b0\u01a1ng C\u01b0\u0323c La\u0323c, c\u00e2\u0300u sanh d\u00ea\u0303 da\u0300ng.<\/p>\n<p>NGUY\u00ca\u0323N B\u0102M M\u00d4\u0301T &#8211; mo\u0323i ng\u01b0\u01a1\u0300i cung ki\u0301nh<br \/>\nNghe t\u00ean t\u00f4i, \u0111a\u0309nh l\u00ea\u0303 cu\u0301ng \u0111a\u0300n<br \/>\nNg\u01b0\u01a1\u0300i \u0111o\u0301 se\u0303 \u0111\u01b0\u01a1\u0323c d\u00ea\u0303 da\u0300ng<br \/>\nTr\u01a1\u0300i, ng\u01b0\u01a1\u0300i, ki\u0301nh n\u00ea\u0309, quy ha\u0300ng, ta\u0301n d\u01b0\u01a1ng.<\/p>\n<p>NGUY\u00ca\u0323N B\u0102M HAI &#8211; sanh la\u0300m nam gi\u01a1\u0301i<br \/>\nNh\u01b0\u0303ng \u0111a\u0300n ba\u0300 con ga\u0301i cha\u0301n \u0111\u01a1\u0300i<br \/>\nPha\u0301t t\u00e2m ti\u0301n ni\u00ea\u0323m danh t\u00f4i<br \/>\nTh\u00e2n sau se\u0303 kho\u0309i lu\u00e2n h\u00f4\u0300i n\u01b0\u0303 nhi.<\/p>\n<p>NGUY\u00ca\u0323N B\u0102M BA &#8211; ch\u01b0\u0301ng li\u00ea\u0300n \u0110a\u0323o Qua\u0309<br \/>\nB\u00e2\u0323c &#8220;Nh\u00e2\u0301t Sanh B\u00f4\u0309 X\u01b0\u0301&#8221; ch\u01b0\u0301ng li\u00ea\u0300n<br \/>\nLa\u0323i co\u0300n nh\u01b0\u0303ng vi\u0323 si\u00eau nhi\u00ean<br \/>\nMu\u00f4\u0301n sanh co\u0303i kha\u0301c t\u00f4i li\u00ea\u0300n giu\u0301p cho.<br \/>\nGiu\u0301p cho ha\u0323nh nguy\u00ea\u0323n Ph\u00f4\u0309 Hi\u00ea\u0300n,<br \/>\n&#8220;Ti\u0323ch Di\u00ea\u0323t&#8221;, &#8220;Pha\u0323m Ha\u0323nh&#8221; c\u00e2\u0300n chuy\u00ean thi ha\u0300nh<br \/>\nR\u00f4\u0300i ra gia\u0301o ho\u0301a chu\u0301ng sanh<br \/>\nCh\u01b0\u0301ng n\u00ean Ph\u00e2\u0323t qua\u0309, vi\u00ean tha\u0300nh nguy\u00ea\u0300n x\u01b0a.<\/p>\n<p>NGUY\u00ca\u0323N B\u0102M B\u00d4\u0301N &#8211; nh\u00e2n d\u00e2n trong n\u01b0\u01a1\u0301c<br \/>\nMu\u00f4\u0301n sanh v\u00ea\u0300 co\u0303i kha\u0301c \u0111\u00f4\u0323 sanh<br \/>\nN\u00ea\u0301u kh\u00f4ng nh\u01b0 nguy\u00ea\u0323n, cu\u0303ng kh\u00f4ng<br \/>\n\u0110o\u0323a ba \u0111\u01b0\u01a1\u0300ng d\u01b0\u0303, thoa\u0301t vo\u0300ng tr\u00e2\u0300m lu\u00e2n.<\/p>\n<p>NGUY\u00ca\u0323N B\u0102M L\u0102M &#8211; ca\u0301c ha\u0300ng B\u00f4\u0300 Ta\u0301t<br \/>\nMu\u00f4\u0301n cu\u0301ng d\u01b0\u01a1\u0300ng ch\u01b0 Ph\u00e2\u0323t nh\u01b0\u0303ng \u0111\u00e2u<br \/>\nH\u01b0\u01a1ng, hoa, anh la\u0323c, tr\u00e2n ch\u00e2u<br \/>\nMang \u0111i kh\u0103\u0301p ca\u0309, v\u01b0\u0300a h\u00e2\u0300u b\u01b0\u0309a \u0103n.<\/p>\n<p>NGUY\u00ca\u0323N B\u0102M SA\u0301U &#8211; \u0111\u01b0\u01a1\u0323c nh\u01b0 y\u0301 nguy\u00ea\u0323n<br \/>\nN\u00ea\u0301u \u01b0\u01a1\u0301c mu\u00f4\u0301n mo\u0323i v\u00e2\u0323t co\u0301 li\u00ea\u0300n<br \/>\n\u0110\u01b0a \u0111i kh\u0103\u0301p ca\u0309 ca\u0301c mi\u00ea\u0300n<br \/>\nCu\u0301ng d\u01b0\u01a1\u0300ng ch\u01b0 Ph\u00e2\u0323t, v\u00ea\u0300 li\u00ea\u0300n ch\u01b0a tr\u01b0a.<\/p>\n<p>NGUY\u00ca\u0323N B\u0102M BA\u0309Y &#8211; th\u00f4ng minh tri\u0301 hu\u00ea\u0323<br \/>\nHa\u0300ng B\u00f4\u0300 Ta\u0301t phu\u0301ng tu\u0323ng ca\u0301c kinh<br \/>\nLi\u00ea\u0300n \u0111\u01b0\u01a1\u0323c tri\u0301 hu\u00ea\u0323 th\u00f4ng minh<br \/>\nDi\u00ea\u0303n d\u01b0\u01a1ng Cha\u0301nh Pha\u0301p, ta\u0300i ti\u0300nh cao si\u00eau.<\/p>\n<p>NGUY\u00ca\u0323N B\u0102M TA\u0301M &#8211; bi\u00ea\u0323n ta\u0300i v\u00f4 nga\u0323i<br \/>\nCh\u01b0 T\u00f4n B\u00f4\u0300 Ta\u0301t hu\u00ea\u0323 sa\u0301ng ng\u01a1\u0300i<br \/>\nGia\u0309ng kinh thuy\u00ea\u0301t Pha\u0301p kh\u0103\u0301p n\u01a1i<br \/>\nBi\u00ea\u0323n ta\u0300i v\u00f4 nga\u0323i, kh\u00f4ng ng\u01b0\u01a1\u0300i sa\u0301nh ph\u00e2n.<\/p>\n<p>NGUY\u00ca\u0323N B\u0102M CHI\u0301N &#8211; nh\u00e2n d\u00e2n trong n\u01b0\u01a1\u0301c<br \/>\nBa m\u01b0\u01a1i hai t\u01b0\u01a1\u0301ng t\u00f4\u0301t trang nghi\u00eam<br \/>\nKim cang th\u00e2\u0300n l\u01b0\u0323c v\u00f4 bi\u00ean<br \/>\nIn nh\u01b0 ch\u01b0 Ph\u00e2\u0323t, kim th\u00e2n sa\u0301ng ng\u01a1\u0300i.<\/p>\n<p>NGUY\u00ca\u0323N B\u00d4\u0301N M\u01af\u01a0I &#8211; qu\u00f4\u0301c \u0111\u00f4\u0323 trang nghi\u00eam<br \/>\nTrong c\u00e2y ba\u0301u, mu\u00f4\u0301n xem ch\u01b0 Ph\u00e2\u0323t<br \/>\nM\u01b0\u01a1\u0300i ph\u01b0\u01a1ng ca\u0301c co\u0303i \u01a1\u0309 xa<br \/>\nHi\u00ea\u0323n hi\u00ea\u0323n tr\u01b0\u01a1\u0301c m\u0103\u0323t nh\u01b0 la\u0300 soi g\u01b0\u01a1ng.<\/p>\n<p>NGUY\u00ca\u0323N B\u00d4\u0301N M\u00d4\u0301T &#8211; mo\u0323i \u0111\u01b0\u01a1\u0300ng c\u00f4ng \u0111\u01b0\u0301c<br \/>\nB\u00f4\u0300 ta\u0301t na\u0300o ch\u01b0a \u0111\u01b0\u01a1\u0323c hoa\u0300n toa\u0300n<br \/>\nCo\u0301 th\u00ea\u0309 bi\u00ea\u0301t \u0111\u01b0\u01a1\u0323c \u0110a\u0323o Tra\u0300ng<br \/>\nB\u00ea\u0300 cao cho \u0111\u00ea\u0301n b\u00f4\u0301n nga\u0300n do tha.<\/p>\n<p>NGUY\u00ca\u0323N B\u00d4\u0301N HAI &#8211; ng\u01b0\u01a1\u0300i, v\u00e2\u0323t kh\u00f4n l\u01b0\u01a1\u0300ng<br \/>\nQu\u00f4\u0301c \u0111\u00f4\u0323 t\u00f4i, \u0111\u00f4\u0300 v\u00e2\u0323t chu\u0301ng sinh&#8230;<br \/>\nM\u00f4\u0303i ng\u01b0\u01a1\u0300i, m\u00f4\u0303i v\u00e2\u0323t ti\u0323nh minh<br \/>\nDu\u0300 ch\u01b0\u0301ng thi\u00ean nha\u0303n, ch\u0103\u0309ng nhi\u0300n h\u00ea\u0301t \u0111\u00e2u.<\/p>\n<p>NGUY\u00ca\u0323N B\u01a0\u0301N BA &#8211; mo\u0323i ng\u01b0\u01a1\u0300i trong n\u01b0\u01a1\u0301c<br \/>\nChi\u0301 mong c\u00e2\u0300u nghe \u0111\u01b0\u01a1\u0323c Pha\u0301p, Kinh<br \/>\nT\u01b0\u0323 nhi\u00ean co\u0301 s\u0103\u0309n \u00e2m thinh<br \/>\nKh\u00f4ng c\u00e2\u0300n m\u01a1\u0300i thi\u0309nh, theo ti\u0300nh th\u00ea\u0301 gian.<\/p>\n<p>NGUY\u00ca\u0323N B\u00d4\u0301N B\u00d4\u0301N &#8211; B\u00f4\u0300 Ta\u0301t, Thinh V\u0103n<br \/>\nTrong n\u01b0\u01a1\u0301c t\u00f4i, tri\u0301 hu\u00ea\u0323 oai linh<br \/>\nTr\u00ean \u0111a\u0309nh co\u0301 a\u0301nh quang minh<br \/>\nBi\u00ea\u0323n ta\u0300i no\u0301i Pha\u0301p, in hi\u0300nh Th\u00ea\u0301 T\u00f4n.<\/p>\n<p>NGUY\u00ca\u0323N B\u00d4\u0301N L\u0102M &#8211; m\u01b0\u01a1\u0300i ph\u01b0\u01a1ng b\u00f4\u0300 ta\u0301t<br \/>\nNghe t\u00ean t\u00f4i pha\u0301t nguy\u00ea\u0323n quy y<br \/>\nLa\u0323i th\u00eam thi\u00ea\u0300n \u0111i\u0323nh ha\u0300nh tri\u0300nh<br \/>\nLi\u00ea\u0300n \u0111\u01b0\u01a1\u0323c gia\u0309i thoa\u0301t kh\u00f4ng gi\u0300 v\u01b0\u01a1\u0301ng ng\u0103n.<br \/>\nN\u00ea\u0301u chi\u0301 mu\u00f4\u0301n cu\u0301ng d\u01b0\u01a1\u0300ng ch\u01b0 Ph\u00e2\u0323t<br \/>\nTrong khoa\u0309nh kh\u0103\u0301c kh\u0103\u0301p ca\u0309 m\u01b0\u01a1\u0300i ph\u01b0\u01a1ng<br \/>\n\u0110\u01b0\u01a1\u0300ng xa tuy kho\u0301 \u0111o l\u01b0\u01a1\u0300ng<br \/>\nN\u01b0\u01a1ng nh\u01a1\u0300 th\u00e2\u0300n l\u01b0\u0323c, tr\u00ean \u0111\u01b0\u01a1\u0300ng thong dong.<\/p>\n<p>NGUY\u00ca\u0323N B\u00d4\u0301N SA\u0301U &#8211; Ch\u01b0 T\u00f4n B\u00f4\u0300 Ta\u0301t<br \/>\n\u01a0\u0309 ph\u01b0\u01a1ng xa tinh t\u00e2\u0301n tu ha\u0300nh<br \/>\nTam mu\u00f4\u0323i, gia\u0309i thoa\u0301t chu\u0301ng xong<br \/>\nTh\u01b0\u01a1\u0300ng th\u00e2\u0301y ch\u01b0 Ph\u00e2\u0323t s\u00f4\u0301 \u0111\u00f4ng kh\u00f4ng l\u01b0\u01a1\u0300ng.<\/p>\n<p>NGUY\u00ca\u0323N B\u00d4\u0301N BA\u0309Y &#8211; d\u00e2n s\u00f4\u0301 \u0111\u00f4ng d\u00e2\u0300y<br \/>\nHa\u0300ng ha\u0300ng l\u01a1\u0301p l\u01a1\u0301p v\u00ea\u0300 \u0111\u00e2y tu ha\u0300nh<br \/>\nNg\u01b0\u01a1\u0300i ng\u01b0\u01a1\u0300i nguy\u00ea\u0323n tho\u0309a v\u00f4 sanh<br \/>\nVa\u0300o ha\u0300ng B\u00e2\u0301t Th\u00f4\u0301i, vi\u00ean tha\u0300nh n\u01a1i \u0111\u00e2y.<\/p>\n<p>NGUY\u00ca\u0323N B\u00d4\u0301N TA\u0301M &#8211; hoa\u0300n tha\u0300nh Pha\u0301p Nh\u00e2\u0303n<br \/>\nNg\u01b0\u01a1\u0300i ng\u01b0\u01a1\u0300i \u0111\u00ea\u0300u tha\u0300nh kh\u00e2\u0309n quy y<br \/>\nHoa\u0300n tha\u0300nh nguy\u00ea\u0323n l\u01a1\u0301n m\u00f4\u0323t khi<br \/>\nNh\u00e2\u0301t, nhi\u0323, tam nh\u00e2\u0303n ha\u0300nh tri\u0300 lu\u00f4n lu\u00f4n.<br \/>\nPha\u0301p Ta\u0323ng pha\u0301t nguy\u00ea\u0323n v\u01b0\u0300a xong<br \/>\nM\u01b0\u01a1\u0300i ph\u01b0\u01a1ng ca\u0301c co\u0303i tha\u0309y \u0111\u00f4\u0300ng h\u00e2n hoan<br \/>\nH\u01b0\u01a1ng, hoa, ky\u0303 nha\u0323c, l\u00f4\u0323ng ta\u0300n<br \/>\nCu\u0301ng d\u01b0\u01a1\u0300ng Gia\u0301o Chu\u0309 La\u0323c Bang Di \u0110a\u0300.<\/p><\/div>\n<\/td>\n<\/tr>\n<\/tbody>\n<\/table>\n<\/div>\n<\/div>\n<\/div>\n","protected":false},"excerpt":{"rendered":"<p>B\u00d4\u0301N M\u01af\u01a0I TA\u0301M \u0110A\u0323I NGUY\u00ca\u0323N CU\u0309A \u0110\u01af\u0301C\u00a0A DI \u0110A\u0300 \u0110\u01af\u0301C A DI \u0110A\u0300 NGUY\u00ca\u0323N TH\u01af\u0301 NH\u01af\u0301T &#8211; khi t\u00f4i tha\u0300nh Ph\u00e2\u0323t Trong n\u01b0\u01a1\u0301c t\u00f4i, kh\u00f4ng \u2026 <a class=\"continue-reading-link\" href=\"https:\/\/www.pagodethienminh.fr\/?page_id=4558\">Continue \u00e0 lire <span class=\"meta-nav\">&rarr; <\/span><\/a><\/p>\n","protected":false},"author":1,"featured_media":0,"parent":4519,"menu_order":0,"comment_status":"closed","ping_status":"closed","template":"template-onecolumn.php","meta":{"_mc_calendar":[],"footnotes":""},"class_list":["post-4558","page","type-page","status-publish","hentry"],"_links":{"self":[{"href":"https:\/\/www.pagodethienminh.fr\/index.php?rest_route=\/wp\/v2\/pages\/4558","targetHints":{"allow":["GET"]}}],"collection":[{"href":"https:\/\/www.pagodethienminh.fr\/index.php?rest_route=\/wp\/v2\/pages"}],"about":[{"href":"https:\/\/www.pagodethienminh.fr\/index.php?rest_route=\/wp\/v2\/types\/page"}],"author":[{"embeddable":true,"href":"https:\/\/www.pagodethienminh.fr\/index.php?rest_route=\/wp\/v2\/users\/1"}],"replies":[{"embeddable":true,"href":"https:\/\/www.pagodethienminh.fr\/index.php?rest_route=%2Fwp%2Fv2%2Fcomments&post=4558"}],"version-history":[{"count":1,"href":"https:\/\/www.pagodethienminh.fr\/index.php?rest_route=\/wp\/v2\/pages\/4558\/revisions"}],"predecessor-version":[{"id":4559,"href":"https:\/\/www.pagodethienminh.fr\/index.php?rest_route=\/wp\/v2\/pages\/4558\/revisions\/4559"}],"up":[{"embeddable":true,"href":"https:\/\/www.pagodethienminh.fr\/index.php?rest_route=\/wp\/v2\/pages\/4519"}],"wp:attachment":[{"href":"https:\/\/www.pagodethienminh.fr\/index.php?rest_route=%2Fwp%2Fv2%2Fmedia&parent=4558"}],"curies":[{"name":"wp","href":"https:\/\/api.w.org\/{rel}","templated":true}]}}