{"id":4546,"date":"2014-12-12T10:02:29","date_gmt":"2014-12-12T10:02:29","guid":{"rendered":"http:\/\/www.pagodethienminh.fr\/?page_id=4546"},"modified":"2015-02-17T08:02:24","modified_gmt":"2015-02-17T08:02:24","slug":"nghi-thuc-le%cc%83-pha%cc%a3t-da%cc%89n","status":"publish","type":"page","link":"https:\/\/www.pagodethienminh.fr\/?page_id=4546","title":{"rendered":"NGHI TH\u1ee8C L\u1ec4 PH\u1eacT-\u0110\u1ea2N"},"content":{"rendered":"<h2 class=\"wsite-content-title\" style=\"text-align: center;\"><span style=\"font-size: x-large;\">NGHI TH\u01af\u0301C L\u1ec4\u00a0PH\u1eacT \u0110\u1ea2N<\/span><\/h2>\n<div>\n<div class=\"wsite-image wsite-image-border-none \"><a><img decoding=\"async\" class=\"aligncenter\" src=\"http:\/\/thanhnhung2.weebly.com\/uploads\/8\/7\/8\/2\/8782298\/5520299.png?1382723369\" alt=\"Picture\" \/><\/a><\/p>\n<div style=\"text-align: center;\">\u0110\u01af\u0301C THI\u0301CH CA S\u01a0 SANH<\/div>\n<div><\/div>\n<\/div>\n<\/div>\n<div>\n<div class=\"wsite-multicol\">\n<div class=\"wsite-multicol-table-wrap\">\n<table class=\"wsite-multicol-table\">\n<tbody class=\"wsite-multicol-tbody\">\n<tr class=\"wsite-multicol-tr\">\n<td class=\"wsite-multicol-col\"><\/td>\n<td class=\"wsite-multicol-col\">\n<div class=\"paragraph\"><span style=\"color: #ae40a5;\"><span style=\"text-decoration: underline;\">G\u00f4\u0300m co\u0301<\/span>:<br \/>\n<\/span><\/p>\n<ul>\n<li><span style=\"color: #ae40a5;\">Cu\u0301ng H\u01b0\u01a1ng<\/span><\/li>\n<li><span style=\"color: #ae40a5;\">C\u00e2\u0300u Nguy\u00ea\u0323n<\/span><\/li>\n<li><span style=\"color: #ae40a5;\">Khen Ng\u01a1\u0323i Ph\u00e2\u0323t<\/span><\/li>\n<li><span style=\"color: #ae40a5;\">Qua\u0301n T\u01b0\u01a1\u0309ng<\/span><\/li>\n<li><span style=\"color: #ae40a5;\">\u0110a\u0309nh L\u00ea\u0303<\/span><\/li>\n<li><span style=\"color: #ae40a5;\">Ba\u0300i Tu\u0323ng Kha\u0301nh \u0110a\u0309n<\/span><\/li>\n<li><span style=\"color: #ae40a5;\">X\u01b0ng Ta\u0301n H\u00f4\u0300ng Danh<\/span><\/li>\n<li><span style=\"color: #ae40a5;\">Kinh Ba\u0301t Nha\u0303 Ba La M\u00e2\u0323t<\/span><\/li>\n<li><span style=\"color: #ae40a5;\">Tam Quy<\/span><\/li>\n<li><span style=\"color: #ae40a5;\">H\u00f4\u0300i H\u01b0\u01a1\u0301ng<\/span><\/li>\n<\/ul>\n<p><span style=\"color: #ae40a5;\"><span style=\"text-decoration: underline;\">Du\u0300ng \u0111\u00ea\u0309<\/span>:<br \/>\nC\u01b0\u0309 ha\u0300nh \u0111a\u0323i l\u00ea\u0303 Ph\u00e2\u0323t \u0110a\u0309n h\u0103\u0300ng n\u0103m.<\/span><\/p>\n<\/div>\n<\/td>\n<td class=\"wsite-multicol-col\"><\/td>\n<\/tr>\n<\/tbody>\n<\/table>\n<\/div>\n<\/div>\n<\/div>\n<div class=\"paragraph\"><strong>CU\u0301NG H\u01af\u01a0NG<\/strong><br \/>\nNguy\u00ea\u0323n \u0111em lo\u0300ng tha\u0300nh ki\u0301nh<br \/>\nG\u01a1\u0309i theo \u0111a\u0301m m\u00e2y h\u01b0\u01a1ng<br \/>\nPha\u0309ng ph\u00e2\u0301t kh\u0103\u0301p m\u01b0\u01a1\u0300i ph\u01b0\u01a1ng<br \/>\nCu\u0301ng d\u01b0\u01a1\u0300ng ng\u00f4i Tam Ba\u0309o<br \/>\nTh\u00ea\u0300 tro\u0323n \u0111\u01a1\u0300i gi\u01b0\u0303 \u0110a\u0323o<br \/>\nTheo t\u01b0\u0323 ta\u0301nh la\u0300m la\u0300nh<br \/>\nCu\u0300ng pha\u0301p gi\u01a1\u0301i chu\u0301ng sanh<br \/>\nC\u00e2\u0300u Ph\u00e2\u0323t t\u01b0\u0300 gia h\u00f4\u0323<br \/>\nT\u00e2m B\u00f4\u0300 \u0110\u00ea\u0300 ki\u00ean c\u00f4\u0301<br \/>\nXa b\u00ea\u0309 kh\u00f4\u0309 ngu\u00f4\u0300n m\u00ea<br \/>\nCho\u0301ng quay v\u00ea\u0300 B\u01a1\u0300 Gia\u0301c \u00a0<em>(1 ti\u00ea\u0301ng chu\u00f4ng, xa\u0301 1 xa\u0301)<\/em>Nam M\u00f4 H\u01b0\u01a1ng Cu\u0301ng D\u01b0\u01a1\u0300ng,<br \/>\nL\u00e2m Ti\u0300 Ni Thi\u0323 Hi\u00ea\u0323n,<br \/>\nTa Ba\u0300 Gia\u0301o Chu\u0309\u00a0B\u00f4\u0309n S\u01b0 Thi\u0301ch Ca M\u00e2u Ni Ph\u00e2\u0323t. <em>(3 l\u00e2\u0300n, 1 ti\u00ea\u0301ng chu\u00f4ng, xa\u0301 1 xa\u0301)<\/em><strong>C\u00c2\u0300U NGUY\u00ca\u0323N<\/strong><br \/>\nNay chi\u0301nh la\u0300 nga\u0300y,<br \/>\n\u0110\u01b0\u0301c Thi\u0301ch T\u00f4n gia\u0301ng th\u00ea\u0301 \u0111\u00ea\u0309 ho\u0301a \u0111\u00f4\u0323 chu\u0301ng sanh.<br \/>\nChu\u0301ng con m\u00f4\u0323t da\u0323 vui m\u01b0\u0300ng,<br \/>\ncu\u0301ng d\u01b0\u01a1\u0300ng ky\u0309 ni\u00ea\u0323m.<br \/>\nKi\u0301nh d\u00e2ng m\u00f4\u0323t ne\u0301n t\u00e2m h\u01b0\u01a1ng,<br \/>\nba nghi\u00ea\u0323p tin c\u00e2\u0300n,<br \/>\ncu\u0301i \u0111\u00e2\u0300u \u0111a\u0309nh l\u00ea\u0303,<br \/>\nnguy\u00ea\u0323n y l\u01a1\u0300i Ph\u00e2\u0323t da\u0323y,<br \/>\ntu\u0323ng kinh ni\u00ea\u0323m Ph\u00e2\u0323t chuy\u00ean c\u00e2\u0300n,<br \/>\nquy\u00ea\u0301t theo Ph\u00e2\u0323t pha\u0301p la\u0300m la\u0300nh,<br \/>\nba\u0301o \u0111\u00ea\u0300n c\u00f4ng \u01a1n ho\u0301a \u0111\u00f4\u0323,<br \/>\nt\u00e2m B\u00f4\u0300 \u0110\u00ea\u0300 ki\u00ean c\u00f4\u0301,<br \/>\nchi\u0301 tu ho\u0323c v\u01b0\u0303ng b\u00ea\u0300n,<br \/>\ncu\u0300ng pha\u0301p gi\u01a1\u0301i chu\u0301ng sanh,<br \/>\nnghi\u00ea\u0323p ch\u01b0\u01a1\u0301ng ti\u00eau tr\u01b0\u0300,<br \/>\nc\u0103n la\u0300nh vi\u00ean ma\u0303n,<br \/>\nmau ch\u01b0\u0301ng qua\u0309 V\u00f4 Th\u01b0\u01a1\u0323ng B\u00f4\u0300 \u0110\u00ea\u0300.<br \/>\nNg\u01b0\u01a1\u0303ng mong Ph\u00e2\u0323t T\u00f4\u0309 cao v\u01a1\u0300i t\u01b0\u0300 bi gia h\u00f4\u0323.<br \/>\nNam M\u00f4 B\u00f4\u0309n S\u01b0 Thi\u0301ch Ca M\u00e2u Ni Ph\u00e2\u0323t <em>(1 ti\u00ea\u0301ng chu\u00f4ng, xa\u0301 1 xa\u0301, \u0111\u01b0\u0301ng d\u00e2\u0323y)<\/em><\/p>\n<p><strong>KHEN NG\u01a0\u0323I PH\u00c2\u0323T<\/strong><br \/>\n\u0110\u00e2\u0301ng Pha\u0301p V\u01b0\u01a1ng v\u00f4 th\u01b0\u01a1\u0323ng<br \/>\nBa co\u0303i ch\u0103\u0309ng ai b\u0103\u0300ng<br \/>\nTh\u00e2\u0300y da\u0323y kh\u0103\u0301p tr\u01a1\u0300i, ng\u01b0\u01a1\u0300i<br \/>\nCha la\u0300nh chung b\u00f4\u0301n loa\u0300i<br \/>\nQuy y tro\u0300n m\u00f4\u0323t ni\u00ea\u0323m<br \/>\nD\u01b0\u0301t sa\u0323ch nghi\u00ea\u0323p ba ky\u0300<br \/>\nX\u01b0ng d\u01b0\u01a1ng cu\u0300ng ta\u0301n tha\u0301n<br \/>\n\u01af\u0301c ki\u00ea\u0301p kh\u00f4ng cu\u0300ng t\u00e2\u0323n <em>\u00a0(1 ti\u00ea\u0301ng chu\u00f4ng, xa\u0301 1 xa\u0301)<\/em><\/p>\n<p><strong>QUA\u0301N T\u01af\u01a0\u0309NG PH\u00c2\u0323T<\/strong><br \/>\nPh\u00e2\u0323t, chu\u0301ng sanh ta\u0301nh th\u01b0\u01a1\u0300ng r\u00f4\u0303ng l\u0103\u0323ng<br \/>\n\u0110a\u0323o ca\u0309m th\u00f4ng kh\u00f4ng th\u00ea\u0309 nghi\u0303 ba\u0300n<br \/>\nL\u01b0\u01a1\u0301i \u0111\u00ea\u0301 ch\u00e2u vi\u0301 \u0111a\u0323o tra\u0300ng<br \/>\nM\u01b0\u01a1\u0300i ph\u01b0\u01a1ng Ph\u00e2\u0323t hi\u00ea\u0323n ha\u0300o quang sa\u0301ng ng\u01a1\u0300i<br \/>\nTr\u01b0\u01a1\u0301c ba\u0309o to\u0323a th\u00e2n con a\u0309nh hi\u00ea\u0323n<br \/>\nCu\u0301i \u0111\u00e2\u0300u xin th\u00ea\u0323 nguy\u00ea\u0323n quy y. \u00a0<em>(1ti\u00ea\u0301ng chu\u00f4ng, xa\u0301 1 xa\u0301)<\/em><\/p>\n<p><strong>\u0110A\u0309NH L\u00ca\u0303<\/strong><br \/>\nChi\u0301 t\u00e2m \u0111a\u0309nh l\u00ea\u0303:<br \/>\nNam M\u00f4 t\u00e2\u0323n h\u01b0 kh\u00f4ng bi\u00ea\u0301n pha\u0301p gi\u01a1\u0301i<br \/>\nqua\u0301, hi\u00ea\u0323n, vi\u0323 lai th\u00e2\u0323p ph\u01b0\u01a1ng ch\u01b0 Ph\u00e2\u0323t,<br \/>\nT\u00f4n Pha\u0301p Hi\u00ea\u0300n Tha\u0301nh T\u0103ng th\u01b0\u01a1\u0300ng tru\u0323 Tam Ba\u0309o. <em>(1 ti\u00ea\u0301ng chu\u00f4ng, la\u0323y 1 la\u0323y)<\/em><\/p>\n<p>Chi\u0301 t\u00e2m \u0111a\u0309nh l\u00ea\u0303:<br \/>\nNam M\u00f4 Ta Ba\u0300 Gia\u0301o Chu\u0309 B\u00f4\u0309n S\u01b0 Thi\u0301ch Ca M\u00e2u Ni Ph\u00e2\u0323t,<br \/>\n\u0110\u01b0\u01a1ng Lai Ha\u0323 Sinh Di L\u0103\u0323c T\u00f4n Ph\u00e2\u0323t,<br \/>\n\u0110a\u0323i Tri\u0301 V\u0103n Thu\u0300 S\u01b0 L\u01a1\u0323i B\u00f4\u0300 Ta\u0301t,<br \/>\n\u0110a\u0323i Ha\u0323nh Ph\u00f4\u0309 Hi\u00ea\u0300n B\u00f4\u0300 Ta\u0301t,<br \/>\nH\u00f4\u0323 Pha\u0301p Ch\u01b0 T\u00f4n B\u00f4\u0300 Ta\u0301t,<br \/>\nLinh S\u01a1n H\u00f4\u0323i Th\u01b0\u01a1\u0323ng Ph\u00e2\u0323t B\u00f4\u0300 Ta\u0301t. <em>(1 ti\u00ea\u0301ng chu\u00f4ng, la\u0323y 1 la\u0323y)<\/em><\/p>\n<p>Chi\u0301 t\u00e2m \u0111a\u0309nh l\u00ea\u0303:<br \/>\nNam M\u00f4 T\u00e2y Ph\u01b0\u01a1ng C\u01b0\u0323c La\u0323c Th\u00ea\u0301 Gi\u01a1\u0301i \u0110a\u0323i T\u01b0\u0300 \u0110a\u0323i Bi A Di \u0110a\u0300 Ph\u00e2\u0323t,<br \/>\n\u0110a\u0323i Bi Qua\u0301n Th\u00ea\u0301 \u00c2m B\u00f4\u0300 Ta\u0301t,<br \/>\n\u0110a\u0323i Th\u00ea\u0301 Chi\u0301 B\u00f4\u0300 Ta\u0301t,<br \/>\n\u0110a\u0323i Nguy\u00ea\u0323n \u0110i\u0323a Ta\u0323ng V\u01b0\u01a1ng B\u00f4\u0300 Ta\u0301t,<br \/>\nThanh Ti\u0323nh \u0110a\u0323i Ha\u0309i Chu\u0301ng B\u00f4\u0300 Ta\u0301t. <em>(1 ti\u00ea\u0301ng chu\u00f4ng, la\u0323y 1 la\u0323y)<\/em><\/p>\n<p><strong>BA\u0300I TU\u0323NG<\/strong><br \/>\n\u0110\u00ea\u0323 t\u01b0\u0309 h\u00f4m nay<br \/>\nG\u0103\u0323p nga\u0300y Ph\u00e2\u0323t \u0110a\u0309n<br \/>\nM\u00f4\u0323t da\u0323 vui m\u01b0\u0300ng<br \/>\nCu\u0301i \u0111\u00e2\u0300u \u0111a\u0309nh l\u00ea\u0303<br \/>\nTh\u00e2\u0323p ph\u01b0\u01a1ng Tam Th\u00ea\u0301<br \/>\n\u0110i\u00ea\u0300u Ng\u01b0\u0323 Nh\u01b0 Lai<br \/>\nCu\u0300ng Tha\u0301nh, Hi\u00ea\u0300n, T\u0103ng <em>\u00a0(1 ti\u00ea\u0301ng chu\u00f4ng)<\/em><br \/>\nChu\u0301ng con cu\u0300ng pha\u0301p gi\u01a1\u0301i chu\u0301ng sanh<br \/>\nB\u01a1\u0309i thi\u00ea\u0301u c\u0103n la\u0300nh<br \/>\nTha\u0309y \u0111\u00ea\u0300u sa \u0111o\u0323a<br \/>\nTham, s\u00e2n ch\u00e2\u0301p nga\u0303<br \/>\nQu\u00ean h\u0103\u0309n \u0111\u01b0\u01a1\u0300ng v\u00ea\u0300<br \/>\nTi\u0300nh a\u0301i si m\u00ea<br \/>\nTu\u0300 trong lu\u0323c \u0111a\u0323o<br \/>\nTr\u0103m d\u00e2y phi\u00ea\u0300n na\u0303o<br \/>\nNghi\u00ea\u0323p ba\u0301o kh\u00f4ng cu\u0300ng.<br \/>\nNay nh\u01a1\u0300 Ph\u00e2\u0323t T\u00f4\u0309 N\u0103ng Nh\u01a1n<br \/>\nRu\u0303 lo\u0300ng l\u00e2n m\u00e2\u0303n<br \/>\nKh\u00f4ng n\u01a1\u0303 sinh linh thi\u00ea\u0301u ph\u01b0\u01a1\u0301c<br \/>\nN\u0103\u0323ng ki\u00ea\u0301p lu\u00e2n h\u00f4\u0300i<br \/>\n\u0110\u00eam da\u0300i t\u00e2m t\u00f4\u0301i<br \/>\n\u0110u\u00f4\u0301c tu\u00ea\u0323 ra\u0323ng soi<br \/>\nNguy\u00ea\u0323n c\u01b0\u0301u mu\u00f4n loa\u0300i<br \/>\nPha\u0301p du\u0300ng ph\u01b0\u01a1ng ti\u00ea\u0323n<br \/>\nTa Ba\u0300 thi\u0323 hi\u00ea\u0323n<br \/>\nThi\u0301ch chu\u0309ng tho\u0323 sanh<br \/>\nTha\u0301nh Ma Gia m\u00f4\u0323ng \u01b0\u0301ng \u0111i\u00ea\u0300m la\u0300nh<br \/>\nVua Ti\u0323nh Pha\u0323n ph\u01b0\u01a1\u0301c sinh con tha\u0309o<br \/>\nBa m\u01b0\u01a1i hai t\u01b0\u01a1\u0301ng t\u00f4\u0301t<br \/>\nV\u01b0\u0300a m\u01b0\u01a1\u0300i chi\u0301n tu\u00f4\u0309i xu\u00e2n<br \/>\nLo\u0300ng t\u01b0\u0300 a\u0301i c\u01b0\u0323c thu\u00e2\u0300n<br \/>\nChi\u0301 xu\u00e2\u0301t tr\u00e2\u0300n qua\u0301 ma\u0323nh<br \/>\nNgai va\u0300ng quy\u00ea\u0301t tra\u0301nh<br \/>\nSa\u0301u n\u0103m kh\u00f4\u0309 ha\u0323nh r\u01b0\u0300ng gia\u0300<br \/>\nBa\u0309y th\u00e2\u0301t nghi\u00eam tin thi\u00ea\u0300n to\u0323a<br \/>\nCh\u01b0\u0301ng tha\u0300nh \u0111a\u0323o qua\u0309<br \/>\nHa\u0300ng phu\u0323c ma binh<br \/>\nBa co\u0303i \u0111\u00ea\u0300u d\u00e2\u0323y ti\u00ea\u0301ng hoan ngh\u00eanh<br \/>\nMu\u00f4n v\u00e2\u0323t tha\u0309y nh\u01a1\u0300 \u01a1n t\u00ea\u0301 \u0111\u00f4\u0323.<br \/>\nChu\u0301ng con nguy\u00ea\u0300n<br \/>\nD\u01b0\u0301t bo\u0309 du\u0323c ti\u0300nh ngoan c\u00f4\u0301<br \/>\nHo\u0323c \u0111o\u0300i \u0111\u01b0\u0301c ta\u0301nh quang minh<br \/>\nCu\u0301i xin Ph\u00e2\u0323t T\u00f4\u0309 gia\u0301m tha\u0300nh<br \/>\nT\u01b0\u0300 Bi gia h\u00f4\u0323<br \/>\nChu\u0301ng con cu\u0300ng pha\u0301p gi\u01a1\u0301i chu\u0301ng sanh<br \/>\nCho\u0301ng tha\u0300nh \u0110a\u0323o Ca\u0309. \u00a0<em>(1 ti\u00ea\u0301ng chu\u00f4ng)<\/em><\/p>\n<p><em>(Chi\u0309 chu\u0309 l\u00ea\u0303 x\u01b0\u01a1\u0301ng)<\/em><\/p>\n<p><strong>X\u01afNG TA\u0301N H\u00d4\u0300NG DANH<\/strong><br \/>\nThi\u0301ch Ca thi\u0323 hi\u00ea\u0323n Ta Ba\u0300<br \/>\nTr\u01a1\u0300i, ng\u01b0\u01a1\u0300i h\u01a1\u0301n h\u01a1\u0309 d\u00e2ng hoa cu\u0301ng d\u01b0\u01a1\u0300ng<br \/>\nBa\u0301u th\u00e2n r\u01b0\u0323c r\u01a1\u0303 phi th\u01b0\u01a1\u0300ng<br \/>\nM\u00e2u Ni la\u0300 \u0111\u00e2\u0301ng Pha\u0301p V\u01b0\u01a1ng c\u01b0\u0301u \u0111\u01a1\u0300i. \u00a0<em>(1 ti\u00ea\u0301ng chu\u00f4ng)<\/em><\/p>\n<p><em>(\u0110a\u0323i chu\u0301ng \u0111\u00f4\u0300ng tu\u0323ng)<\/em><br \/>\nNam M\u00f4 Ta Ba Th\u00ea\u0301 Gi\u01a1\u0301i,<br \/>\nTam Gi\u01a1\u0301i \u0110a\u0323o s\u01b0,<br \/>\nT\u01b0\u0301 Sinh T\u01b0\u0300 Phu\u0323,<br \/>\nNh\u01a1n Thi\u00ean Gia\u0301o Chu\u0309,<br \/>\nThi\u00ean Ba\u0301 \u01af\u0301c Ho\u0301a Th\u00e2n,<br \/>\nB\u00f4\u0309n S\u01b0 Thi\u0301ch Ca M\u00e2u Ni Ph\u00e2\u0323t.<br \/>\n<em>(Ni\u00ea\u0323m H\u00f4\u0300ng Danh \u0110\u01b0\u0301c B\u00f4\u0309n S\u01b0 nhi\u00ea\u0300u hay i\u0301t tu\u0300y theo s\u00f4\u0301 ng\u01b0\u01a1\u0300i t\u0103\u0301m Ph\u00e2\u0323t.)<\/em><\/p>\n<p><em>(Ni\u00ea\u0323m ca\u0301c H\u00f4\u0300ng danh sau \u0111\u00e2y ni\u00ea\u0323m 3 l\u00e2\u0300n, 1 ti\u00ea\u0301ng chu\u00f4ng)<\/em><br \/>\nNam M\u00f4 \u0110a\u0323i Tri\u0301 V\u0103n Thu\u0300 S\u01b0 L\u01a1\u0323i B\u00f4\u0300 Ta\u0301t<br \/>\nNam M\u00f4 \u0110a\u0323i Ha\u0323nh Ph\u00f4\u0309 Hi\u00ea\u0300n B\u00f4\u0300 Ta\u0301t<br \/>\nNam M\u00f4 \u0110a\u0323i Bi Qua\u0301n Th\u00ea\u0301 \u00c2m B\u00f4\u0300 Ta\u0301t<br \/>\nNam M\u00f4 \u0110a\u0323i Th\u00ea\u0301 Chi\u0301 B\u00f4\u0300 Ta\u0301t<br \/>\nNam M\u00f4 \u0110a\u0323o Tra\u0300ng H\u00f4\u0323i Th\u01b0\u01a1\u0323ng Ph\u00e2\u0323t B\u00f4\u0300 Ta\u0301t<\/p>\n<p><strong>KINH BA\u0301T NHA\u0303 BA LA M\u00c2\u0323T<\/strong><br \/>\nKhi Nga\u0300i Qua\u0301n T\u01b0\u0323 Ta\u0323i B\u00f4\u0300 Ta\u0301t th\u01b0\u0323c ha\u0300nh s\u00e2u xa pha\u0301p Ba\u0301t Nha\u0303 Ba La M\u00e2\u0323t \u0110a,<br \/>\nNga\u0300i soi th\u00e2\u0301y n\u0103m u\u00e2\u0309n \u0111\u00ea\u0300u kh\u00f4ng, qua h\u00ea\u0301t tha\u0309y kh\u00f4\u0309 a\u0301ch.<br \/>\n&#8220;Na\u0300y \u00d4ng Xa\u0301 L\u01a1\u0323i Ph\u00e2\u0301t, s\u0103\u0301c ch\u0103\u0309ng kha\u0301c kh\u00f4ng, kh\u00f4ng ch\u0103\u0309ng kha\u0301c s\u0103\u0301c,\u00a0s\u0103\u0301c t\u01b0\u0301c la\u0300 kh\u00f4ng, kh\u00f4ng t\u01b0\u0301c la\u0300 s\u0103\u0301c. Tho\u0323, T\u01b0\u01a1\u0309ng, Ha\u0300nh, Th\u01b0\u0301c cu\u0303ng \u0111\u00ea\u0300u nh\u01b0 th\u00ea\u0301&#8221;.<br \/>\n&#8220;Na\u0300y \u00d4ng Xa\u0301 L\u01a1\u0323i Ph\u00e2\u0301t, &#8216;t\u01b0\u01a1\u0301ng kh\u00f4ng cu\u0309a mo\u0323i pha\u0301p&#8217; kh\u00f4ng sanh, kh\u00f4ng di\u00ea\u0323t,\u00a0kh\u00f4ng d\u01a1, kh\u00f4ng sa\u0323ch, kh\u00f4ng th\u00eam, kh\u00f4ng b\u01a1\u0301t,\u00a0n\u00ean trong &#8216;ch\u00e2n kh\u00f4ng&#8217;, kh\u00f4ng co\u0301 s\u0103\u0301c, kh\u00f4ng co\u0301 tho\u0323, t\u01b0\u01a1\u0309ng, ha\u0300nh, th\u01b0\u0301c,\u00a0kh\u00f4ng co\u0301 m\u0103\u0301t, tai, mu\u0303i, l\u01b0\u01a1\u0303i, th\u00e2n, y\u0301,\u00a0kh\u00f4ng co\u0301 s\u0103\u0301c, thinh, h\u01b0\u01a1ng, vi\u0323, xu\u0301c, pha\u0301p,\u00a0kh\u00f4ng co\u0301 nha\u0303n gi\u01a1\u0301i, cho \u0111\u00ea\u0301n kh\u00f4ng co\u0301 y\u0301 th\u01b0\u0301c gi\u01a1\u0301i,\u00a0kh\u00f4ng co\u0301 v\u00f4 minh, cu\u0303ng kh\u00f4ng co\u0301 ca\u0301i h\u00ea\u0301t v\u00f4 minh,\u00a0cho \u0111\u00ea\u0301n kh\u00f4ng co\u0301 gia\u0300 ch\u00ea\u0301t, cu\u0303ng kh\u00f4ng co\u0301 ca\u0301i h\u00ea\u0301t gia\u0300 ch\u00ea\u0301t,\u00a0kh\u00f4ng co\u0301 kh\u00f4\u0309, t\u00e2\u0323p, di\u00ea\u0323t, \u0111a\u0323o, kh\u00f4ng co\u0301 tri\u0301 hu\u00ea\u0323, cu\u0303ng kh\u00f4ng co\u0301 ch\u01b0\u0301ng \u0111\u0103\u0301c.<br \/>\nVi\u0300 kh\u00f4ng co\u0301 ch\u00f4\u0303 ch\u01b0\u0301ng \u0111\u0103\u0301c, n\u00ean B\u00f4\u0300 Ta\u0301t y theo Ba\u0301t Nha\u0303 Ba La M\u00e2\u0323t \u0110a, t\u00e2m kh\u00f4ng ng\u0103n nga\u0323i.\u00a0Vi\u0300 kh\u00f4ng ng\u0103n nga\u0323i, n\u00ean kh\u00f4ng s\u01a1\u0323 ha\u0303i, xa h\u0103\u0309n \u0111i\u00ean \u0111a\u0309o, m\u00f4\u0323ng t\u01b0\u01a1\u0309ng, \u0111a\u0323t t\u01a1\u0301i c\u01b0\u0301u ca\u0301nh Ni\u00ea\u0301t Ba\u0300n.<br \/>\nCh\u01b0 Ph\u00e2\u0323t trong ba \u0111\u01a1\u0300i cu\u0303ng y theo Ba\u0301t Nha\u0303 Ba La M\u00e2\u0323t \u0110a,\u00a0\u0111\u01b0\u01a1\u0323c \u0111a\u0323o qua\u0309 v\u00f4 th\u01b0\u01a1\u0323ng cha\u0301nh \u0111\u0103\u0309ng cha\u0301nh gia\u0301c.<br \/>\nN\u00ean bi\u00ea\u0301t Ba\u0301t Nha\u0303 Ba La M\u00e2\u0323t \u0110a la\u0300 \u0110a\u0323i Th\u00e2\u0300n Chu\u0301, la\u0300 \u0110a\u0323i Minh Chu\u0301, la\u0300 V\u00f4 Thu\u01a1\u0323ng Chu\u0301, la\u0300 V\u00f4 \u0110\u0103\u0309ng \u0110\u0103\u0309ng Chu\u0301,\u00a0tr\u01b0\u0300 \u0111\u01b0\u01a1\u0323c h\u00ea\u0301t tha\u0309y kh\u00f4\u0309, ch\u00e2n th\u00e2\u0323t kh\u00f4ng h\u01b0&#8221;.<br \/>\nVi\u0300 v\u00e2\u0323y, li\u00ea\u0300n no\u0301i Chu\u0301 Ba\u0301t Nha\u0303 Ba La M\u00e2\u0323t \u0110a:<br \/>\n&#8220;Y\u00ea\u0301t \u0111\u00ea\u0301, y\u00ea\u0301t \u0111\u00ea\u0301, ba la y\u00ea\u0301t \u0111\u00ea\u0301, ba la t\u0103ng y\u00ea\u0301t \u0111\u00ea\u0301, b\u00f4\u0300 \u0111\u00ea\u0300 ta\u0301t ba\u0300 ha&#8221;. <em>(1 ti\u00ea\u0301ng chu\u00f4ng)<\/em><\/p>\n<p><strong>TAM QUY<\/strong><br \/>\nCon n\u01b0\u01a1ng theo Ph\u00e2\u0323t, c\u00e2\u0300u cho chu\u0301ng sanh<br \/>\nTin ch\u0103\u0301c \u0110a\u0323o ca\u0309, pha\u0301t lo\u0300ng v\u00f4 th\u01b0\u01a1\u0323ng. <em>\u00a0(1 ti\u00ea\u0301ng chu\u00f4ng, la\u0323y 1 la\u0323y)<\/em><\/p>\n<p>Con n\u01b0\u01a1ng theo Pha\u0301p, c\u00e2\u0300u cho chu\u0301ng sanh<br \/>\nTh\u00e2\u0301u ro\u0303 kinh ta\u0323ng, tri\u0301 hu\u00ea\u0323 nh\u01b0 bi\u00ea\u0309n. \u00a0<em>(1 ti\u00ea\u0301ng chu\u00f4ng, la\u0323y 1 la\u0323y)<\/em><\/p>\n<p>Con n\u01b0\u01a1ng theo T\u0103ng, c\u00e2\u0300u cho chu\u0301ng sanh<br \/>\nKi\u0301nh ti\u0301n ho\u0300a h\u01a1\u0323p, t\u00e2\u0301t ca\u0309 kh\u00f4ng nga\u0323i. \u00a0<em>(3 ti\u00ea\u0301ng chu\u00f4ng, la\u0323y 1 la\u0323y)<\/em><\/p>\n<p><strong>H\u00d4\u0300I H\u01af\u01a0\u0301NG<\/strong><br \/>\nNguy\u00ea\u0323n \u0111em c\u00f4ng \u0111\u01b0\u0301c na\u0300y<br \/>\n\u0110\u00ea\u0323 t\u01b0\u0309 h\u01b0\u01a1\u0301ng t\u00e2m tha\u0300nh<br \/>\nC\u00e2\u0300u cho kh\u0103\u0301p chu\u0301ng sanh<br \/>\n\u0110\u00ea\u0300u ch\u01b0\u0301ng tha\u0300nh Ph\u00e2\u0323t qua\u0309 \u00a0<em>(1 ti\u00ea\u0301ng chu\u00f4ng, xa\u0301 1 xa\u0301)<\/em><\/p>\n<\/div>\n","protected":false},"excerpt":{"rendered":"<p>NGHI TH\u01af\u0301C L\u1ec4\u00a0PH\u1eacT \u0110\u1ea2N \u0110\u01af\u0301C THI\u0301CH CA S\u01a0 SANH G\u00f4\u0300m co\u0301: Cu\u0301ng H\u01b0\u01a1ng C\u00e2\u0300u Nguy\u00ea\u0323n Khen Ng\u01a1\u0323i Ph\u00e2\u0323t Qua\u0301n T\u01b0\u01a1\u0309ng \u0110a\u0309nh L\u00ea\u0303 Ba\u0300i Tu\u0323ng Kha\u0301nh \u2026 <a class=\"continue-reading-link\" href=\"https:\/\/www.pagodethienminh.fr\/?page_id=4546\">Continue \u00e0 lire <span class=\"meta-nav\">&rarr; <\/span><\/a><\/p>\n","protected":false},"author":1,"featured_media":0,"parent":4519,"menu_order":0,"comment_status":"closed","ping_status":"closed","template":"template-onecolumn.php","meta":{"_mc_calendar":[],"footnotes":""},"class_list":["post-4546","page","type-page","status-publish","hentry"],"_links":{"self":[{"href":"https:\/\/www.pagodethienminh.fr\/index.php?rest_route=\/wp\/v2\/pages\/4546","targetHints":{"allow":["GET"]}}],"collection":[{"href":"https:\/\/www.pagodethienminh.fr\/index.php?rest_route=\/wp\/v2\/pages"}],"about":[{"href":"https:\/\/www.pagodethienminh.fr\/index.php?rest_route=\/wp\/v2\/types\/page"}],"author":[{"embeddable":true,"href":"https:\/\/www.pagodethienminh.fr\/index.php?rest_route=\/wp\/v2\/users\/1"}],"replies":[{"embeddable":true,"href":"https:\/\/www.pagodethienminh.fr\/index.php?rest_route=%2Fwp%2Fv2%2Fcomments&post=4546"}],"version-history":[{"count":3,"href":"https:\/\/www.pagodethienminh.fr\/index.php?rest_route=\/wp\/v2\/pages\/4546\/revisions"}],"predecessor-version":[{"id":4723,"href":"https:\/\/www.pagodethienminh.fr\/index.php?rest_route=\/wp\/v2\/pages\/4546\/revisions\/4723"}],"up":[{"embeddable":true,"href":"https:\/\/www.pagodethienminh.fr\/index.php?rest_route=\/wp\/v2\/pages\/4519"}],"wp:attachment":[{"href":"https:\/\/www.pagodethienminh.fr\/index.php?rest_route=%2Fwp%2Fv2%2Fmedia&parent=4546"}],"curies":[{"name":"wp","href":"https:\/\/api.w.org\/{rel}","templated":true}]}}