{"id":4542,"date":"2014-12-12T09:59:58","date_gmt":"2014-12-12T09:59:58","guid":{"rendered":"http:\/\/www.pagodethienminh.fr\/?page_id=4542"},"modified":"2015-02-25T13:18:20","modified_gmt":"2015-02-25T13:18:20","slug":"nghi-thuc-cung-duong-duc-pha%cc%a3t","status":"publish","type":"page","link":"https:\/\/www.pagodethienminh.fr\/?page_id=4542","title":{"rendered":"NGHI TH\u1ee8C CU\u0301NG D\u01af\u1edcNG \u0110\u1ee8C PH\u1eacT"},"content":{"rendered":"<h2 class=\"wsite-content-title\" style=\"text-align: center;\"><span style=\"font-size: x-large;\">NGHI TH\u01af\u0301C CU\u0301NG D\u01af\u01a0\u0300NG \u0110\u01af\u0301C PH\u00c2\u0323T<\/span><\/h2>\n<div>\n<div class=\"wsite-image wsite-image-border-none \"><a><img decoding=\"async\" class=\"aligncenter\" src=\"http:\/\/thanhnhung2.weebly.com\/uploads\/8\/7\/8\/2\/8782298\/1382711911.png\" alt=\"Picture\" \/><\/a><\/p>\n<div style=\"text-align: center;\">CU\u0301NG D\u01af\u01a0\u0300NG \u0110\u01af\u0301C PH\u00c2\u0323T<\/div>\n<div><\/div>\n<div><\/div>\n<\/div>\n<\/div>\n<div>\n<div class=\"wsite-multicol\">\n<div class=\"wsite-multicol-table-wrap\">\n<table class=\"wsite-multicol-table\">\n<tbody class=\"wsite-multicol-tbody\">\n<tr class=\"wsite-multicol-tr\">\n<td class=\"wsite-multicol-col\"><\/td>\n<td class=\"wsite-multicol-col\">\n<div class=\"paragraph\"><span style=\"color: #ae40a5;\"><span style=\"text-decoration: underline;\">G\u00f4\u0300m co\u0301<\/span>:<br \/>\n<\/span><\/p>\n<ul>\n<li><span style=\"color: #ae40a5;\">Chu\u0301 Ti\u0323nh Pha\u0301p Gi\u01a1\u0301i<\/span><\/li>\n<li><span style=\"color: #ae40a5;\">Ti\u0323nh Tam Nghi\u00ea\u0323p<\/span><\/li>\n<li><span style=\"color: #ae40a5;\">Cu\u0301ng H\u01b0\u01a1ng<\/span><\/li>\n<li><span style=\"color: #ae40a5;\">C\u00e2\u0300u Nguy\u00ea\u0323n<\/span><\/li>\n<li><span style=\"color: #ae40a5;\">Khen Ng\u01a1\u0323i Ph\u00e2\u0323t<\/span><\/li>\n<li><span style=\"color: #ae40a5;\">Qua\u0301n T\u01b0\u01a1\u0309ng Ph\u00e2\u0323t<\/span><\/li>\n<li><span style=\"color: #ae40a5;\">\u0110a\u0309nh L\u00ea\u0303<\/span><\/li>\n<li><span style=\"color: #ae40a5;\">Ta\u0301n H\u01b0\u01a1ng Cu\u0301ng Ph\u00e2\u0323t<\/span><\/li>\n<li><span style=\"color: #ae40a5;\">Kinh Ba\u0301t Nha\u0303 Ba La M\u00e2\u0323t<\/span><\/li>\n<li><span style=\"color: #ae40a5;\">Cu\u0301ng D\u01b0\u01a1\u0300ng<\/span><\/li>\n<li><span style=\"color: #ae40a5;\">Pha\u0301p Ng\u01b0\u0303 Cu\u0301ng Ph\u00e2\u0323t<\/span><\/li>\n<li><span style=\"color: #ae40a5;\">Phu\u0323c Nguy\u00ea\u0323n<\/span><\/li>\n<li><span style=\"color: #ae40a5;\">Tam Quy<\/span><\/li>\n<\/ul>\n<p><span style=\"color: #ae40a5;\"><span style=\"text-decoration: underline;\">Du\u0300ng cho<\/span>:<br \/>\nCu\u0301ng d\u01b0\u01a1\u0300ng ch\u01b0 Ph\u00e2\u0323t, ch\u01b0 T\u00f4n Pha\u0301p, va\u0300 ch\u01b0 Hi\u00ea\u0300n Tha\u0301nh T\u0103ng.<\/span><\/p>\n<\/div>\n<\/td>\n<td class=\"wsite-multicol-col\"><\/td>\n<\/tr>\n<\/tbody>\n<\/table>\n<\/div>\n<\/div>\n<\/div>\n<div class=\"paragraph\"><em>(Th\u0103\u0301p \u0111e\u0300n \u0111\u00f4\u0301t h\u01b0\u01a1ng, \u0111\u01b0\u0301ng ngay ng\u0103\u0301n, ch\u0103\u0301p tay ngang ng\u01b0\u0323c, chu\u0309 l\u00ea\u0303 m\u00e2\u0323t ni\u00ea\u0323m)<\/em><strong>CHU\u0301 TI\u0323NH PHA\u0301P GI\u01a0\u0301I<\/strong><br \/>\nA\u0301n lam xoa ha. \u00a0<em>(3 l\u00e2\u0300n)<\/em><\/p>\n<p><strong>CHU\u0301 TI\u0323NH TAM NGHI\u00ca\u0323P<\/strong><br \/>\nA\u0301n ta pha\u0323 ba\u0300 pha\u0323,<br \/>\ntru\u00e2\u0323t \u0111a\u0300 ta pha\u0323,<br \/>\n\u0111a\u0323t ma\u0323 ta pha\u0323,<br \/>\nba\u0300 pha\u0323 tru\u00e2\u0323t \u0111\u00f4\u0323 ha\u0301m. <em>(3 l\u00e2\u0300n)<\/em><\/p>\n<p><em>(Th\u0103\u0301p 3 c\u00e2y h\u01b0\u01a1ng, qui\u0300 ngay th\u0103\u0309ng, d\u00e2ng h\u01b0\u01a1ng ngang tra\u0301n, chu\u0309 l\u00ea\u0303 ni\u00ea\u0323m)<\/em><\/p>\n<p><strong>CU\u0301NG H\u01af\u01a0NG<\/strong><br \/>\nNguy\u00ea\u0323n \u0111em lo\u0300ng tha\u0300nh ki\u0301nh<br \/>\nG\u01a1\u0309i theo \u0111a\u0301m m\u00e2y h\u01b0\u01a1ng<br \/>\nPha\u0309ng ph\u00e2\u0301t kh\u0103\u0301p m\u01b0\u01a1\u0300i ph\u01b0\u01a1ng<br \/>\nCu\u0301ng d\u01b0\u01a1\u0300ng ng\u00f4i Tam Ba\u0309o<br \/>\nTh\u00ea\u0300 tro\u0323n \u0111\u01a1\u0300i gi\u01b0\u0303 \u0110a\u0323o<br \/>\nTheo t\u01b0\u0323 ta\u0301nh la\u0300m la\u0300nh<br \/>\nCu\u0300ng pha\u0301p gi\u01a1\u0301i chu\u0301ng sanh<br \/>\nC\u00e2\u0300u Ph\u00e2\u0323t t\u01b0\u0300 gia h\u00f4\u0323<br \/>\nT\u00e2m B\u00f4\u0300 \u0110\u00ea\u0300 ki\u00ean c\u00f4\u0301<br \/>\nXa b\u00ea\u0309 kh\u00f4\u0309 ngu\u00f4\u0300n m\u00ea<br \/>\nCho\u0301ng quay v\u00ea\u0300 B\u01a1\u0300 Gia\u0301c \u00a0<em>(1 ti\u00ea\u0301ng chu\u00f4ng, xa\u0301 1 xa\u0301)<\/em><\/p>\n<p><strong>C\u00c2\u0300U NGUY\u00ca\u0323N<\/strong><br \/>\nH\u00f4m nay \u0111\u00ea\u0323 t\u01b0\u0309 chu\u0301ng con<br \/>\nphu\u0323ng tri\u0300 di gia\u0301o \u0110\u01b0\u0301c B\u00f4\u0309n S\u01b0 Thi\u0301ch Ca M\u00e2u Ni Ph\u00e2\u0323t,<br \/>\nm\u00f4\u0323t da\u0323 chi\u0301 tha\u0300nh, thi\u00ea\u0301t l\u00ea\u0303 CU\u0301NG NGO\u0323,<br \/>\nng\u01b0\u01a1\u0303ng mong Tam Ba\u0309o ch\u01b0\u0301ng minh va\u0300 gia h\u00f4\u0323 cho chu\u0301ng con,<br \/>\n\u0111\u01b0\u01a1ng \u0111\u01a1\u0300i phi\u00ea\u0300n na\u0303o d\u01b0\u0301t sa\u0323ch, nghi\u00ea\u0323p ch\u01b0\u01a1\u0301ng ti\u00eau tan,<br \/>\nma\u0323ng vi\u0323 bi\u0300nh an, th\u00e2n t\u00e2m th\u01b0\u01a1\u0300ng la\u0323c,<br \/>\nva\u0300 t\u00e2\u0301t ca\u0309 chu\u0301ng sanh m\u00f4\u0323t th\u01a1\u0300i \u0111\u00f4\u0300ng ch\u01b0\u0301ng V\u00f4 Th\u01b0\u01a1\u0323ng Cha\u0301nh \u0110\u0103\u0309ng Gia\u0301c.<\/p>\n<p>Nam M\u00f4 Ti\u00eau Tai Gia\u0301ng Ki\u00ea\u0301t T\u01b0\u01a1\u0300ng B\u00f4\u0300 Ta\u0301t. \u00a0<em>(3 l\u00e2\u0300n, 1 ti\u00ea\u0301ng chu\u00f4ng, xa\u0301 1 xa\u0301)<\/em><\/p>\n<p><em>(Cho C\u00e2\u0300u Si\u00eau)<\/em><\/p>\n<p>Nay co\u0301 Ph\u00e2\u0323t t\u01b0\u0309 t\u00ean la\u0300&#8230;&#8230;&#8230;&#8230;&#8230;&#8230;&#8230;&#8230;..<br \/>\nth\u00ea\u0323 th\u00ea\u0301 nga\u0300y&#8230;&#8230;&#8230;&#8230;&#8230;&#8230;&#8230;&#8230;&#8230;&#8230;&#8230;&#8230;&#8230;<br \/>\nchu\u0301ng con m\u00f4\u0323t da\u0323 chi\u0301 tha\u0300nh, ng\u01b0\u01a1\u0303ng c\u00e2\u0300u Tam Ba\u0309o,<br \/>\nT\u01b0\u0300 Bi gia h\u00f4\u0323 cho h\u01b0\u01a1ng linh, pha\u0301t t\u00e2m B\u00f4\u0300 \u0110\u00ea\u0300 r\u00f4\u0323ng l\u01a1\u0301n,<br \/>\nd\u01b0\u0301t sa\u0323ch nghi\u00ea\u0323p ch\u01b0\u01a1\u0301ng s\u00e2u da\u0300y, \u0111\u01b0\u01a1\u0323c sanh v\u00ea\u0300 th\u00ea\u0301 gi\u01a1\u0301i an la\u0300nh.<br \/>\nNam M\u00f4 Ti\u00ea\u0301p D\u00e2\u0303n H\u01b0\u01a1ng Linh A Di \u0110a\u0300 Ph\u00e2\u0323t ta\u0301c \u0111a\u0323i ch\u01b0\u0301ng minh.<br \/>\n<em>(1 ti\u00ea\u0301ng chu\u00f4ng, xa\u0301 1 xa\u0301, \u0111\u01b0\u0301ng d\u00e2\u0323y)<\/em><\/p>\n<p><strong>KHEN NG\u01a0\u0323I PH\u00c2\u0323T<\/strong><br \/>\n\u0110\u00e2\u0301ng Pha\u0301p V\u01b0\u01a1ng v\u00f4 th\u01b0\u01a1\u0323ng<br \/>\nBa co\u0303i ch\u0103\u0309ng ai b\u0103\u0300ng<br \/>\nTh\u00e2\u0300y da\u0323y kh\u0103\u0301p tr\u01a1\u0300i, ng\u01b0\u01a1\u0300i<br \/>\nCha la\u0300nh chung b\u00f4\u0301n loa\u0300i<br \/>\nQuy y tro\u0300n m\u00f4\u0323t ni\u00ea\u0323m<br \/>\nD\u01b0\u0301t sa\u0323ch nghi\u00ea\u0323p ba ky\u0300<br \/>\nX\u01b0ng d\u01b0\u01a1ng cu\u0300ng ta\u0301n tha\u0301n<br \/>\n\u01af\u0301c ki\u00ea\u0301p kh\u00f4ng cu\u0300ng t\u00e2\u0323n \u00a0<em>(1 ti\u00ea\u0301ng chu\u00f4ng, xa\u0301 1 xa\u0301)<\/em><\/p>\n<p><strong>QUA\u0301N T\u01af\u01a0\u0309NG PH\u00c2\u0323T<\/strong><br \/>\nPh\u00e2\u0323t, chu\u0301ng sanh ta\u0301nh th\u01b0\u01a1\u0300ng r\u00f4\u0303ng l\u0103\u0323ng<br \/>\n\u0110a\u0323o ca\u0309m th\u00f4ng kh\u00f4ng th\u00ea\u0309 nghi\u0303 ba\u0300n<br \/>\nL\u01b0\u01a1\u0301i \u0111\u00ea\u0301 ch\u00e2u vi\u0301 \u0111a\u0323o tra\u0300ng<br \/>\nM\u01b0\u01a1\u0300i ph\u01b0\u01a1ng Ph\u00e2\u0323t hi\u00ea\u0323n ha\u0300o quang sa\u0301ng ng\u01a1\u0300i<br \/>\nTr\u01b0\u01a1\u0301c ba\u0309o to\u0323a th\u00e2n con a\u0309nh hi\u00ea\u0323n<br \/>\nCu\u0301i \u0111\u00e2\u0300u xin th\u00ea\u0323 nguy\u00ea\u0323n quy y. <em>\u00a0(1 ti\u00ea\u0301ng chu\u00f4ng, xa\u0301 1 xa\u0301)<\/em><\/p>\n<p><strong>\u0110A\u0309NH L\u00ca\u0303<\/strong><br \/>\nChi\u0301 t\u00e2m \u0111a\u0309nh l\u00ea\u0303:<br \/>\nNam M\u00f4 t\u00e2\u0323n h\u01b0 kh\u00f4ng bi\u00ea\u0301n pha\u0301p gi\u01a1\u0301i<br \/>\nqua\u0301, hi\u00ea\u0323n, vi\u0323 lai th\u00e2\u0323p ph\u01b0\u01a1ng ch\u01b0 Ph\u00e2\u0323t,<br \/>\nT\u00f4n Pha\u0301p Hi\u00ea\u0300n Tha\u0301nh T\u0103ng th\u01b0\u01a1\u0300ng tru\u0323 Tam Ba\u0309o. <em>(1 ti\u00ea\u0301ng chu\u00f4ng, la\u0323y 1 la\u0323y)<\/em><\/p>\n<p>Chi\u0301 t\u00e2m \u0111a\u0309nh l\u00ea\u0303:<br \/>\nNam M\u00f4 Ta Ba\u0300 Gia\u0301o Chu\u0309 B\u00f4\u0309n S\u01b0 Thi\u0301ch Ca M\u00e2u Ni Ph\u00e2\u0323t,<br \/>\n\u0110\u01b0\u01a1ng Lai Ha\u0323 Sinh Di L\u0103\u0323c T\u00f4n Ph\u00e2\u0323t,<br \/>\n\u0110a\u0323i Tri\u0301 V\u0103n Thu\u0300 S\u01b0 L\u01a1\u0323i B\u00f4\u0300 Ta\u0301t,<br \/>\n\u0110a\u0323i Ha\u0323nh Ph\u00f4\u0309 Hi\u00ea\u0300n B\u00f4\u0300 Ta\u0301t,<br \/>\nH\u00f4\u0323 Pha\u0301p Ch\u01b0 T\u00f4n B\u00f4\u0300 Ta\u0301t,<br \/>\nLinh S\u01a1n H\u00f4\u0323i Th\u01b0\u01a1\u0323ng Ph\u00e2\u0323t B\u00f4\u0300 Ta\u0301t. <em>(1 ti\u00ea\u0301ng chu\u00f4ng, la\u0323y 1 la\u0323y)<\/em><\/p>\n<p>Chi\u0301 t\u00e2m \u0111a\u0309nh l\u00ea\u0303:<br \/>\nNam M\u00f4 T\u00e2y Ph\u01b0\u01a1ng C\u01b0\u0323c La\u0323c Th\u00ea\u0301 Gi\u01a1\u0301i \u0110a\u0323i T\u01b0\u0300 \u0110a\u0323i Bi A Di \u0110a\u0300 Ph\u00e2\u0323t,<br \/>\n\u0110a\u0323i Bi Qua\u0301n Th\u00ea\u0301 \u00c2m B\u00f4\u0300 Ta\u0301t,<br \/>\n\u0110a\u0323i Th\u00ea\u0301 Chi\u0301 B\u00f4\u0300 Ta\u0301t,<br \/>\n\u0110a\u0323i Nguy\u00ea\u0323n \u0110i\u0323a Ta\u0323ng V\u01b0\u01a1ng B\u00f4\u0300 Ta\u0301t,<br \/>\nThanh Ti\u0323nh \u0110a\u0323i Ha\u0309i Chu\u0301ng B\u00f4\u0300 Ta\u0301t. <em>(1 ti\u00ea\u0301ng chu\u00f4ng, la\u0323y 1 la\u0323y)<\/em><\/p>\n<p><strong>TAN H\u01af\u01a0NG CU\u0301NG PH\u00c2\u0323T<\/strong><br \/>\nH\u01b0\u01a1ng tr\u00e2\u0300m v\u01b0\u0300a \u0111\u00f4\u0301t<br \/>\nTh\u01a1m nga\u0301t m\u01b0\u01a1\u0300i ph\u01b0\u01a1ng<br \/>\nTha\u0300nh ki\u0301nh cu\u0301ng d\u01b0\u01a1\u0300ng<br \/>\nM\u01b0\u01a1\u0300i ph\u01b0\u01a1ng Tam Ba\u0309o.<\/p>\n<p>Nam M\u00f4 H\u01b0\u01a1ng Cu\u0301ng D\u01b0\u01a1\u0300ng B\u00f4\u0300 Ta\u0301t Ma Ha Ta\u0301t. \u00a0<em>(3 l\u00e2\u0300n, 1 ti\u00ea\u0301ng chu\u00f4ng, xa\u0301 1 xa\u0301)<\/em><\/p>\n<p><strong>KINH BA\u0301T NHA\u0303 BA LA M\u00c2\u0323T<\/strong><br \/>\n<span style=\"font-size: large;\">NAM M\u00d4 BA\u0301T NHA\u0303 H\u00d4\u0323I TH\u01af\u01a0\u0323NG PH\u00c2\u0323T B\u00d4\u0300 TA\u0301T<\/span> \u00a0<em>(3 l\u00e2\u0300n, 1 ti\u00ea\u0301ng chu\u00f4ng)<\/em><\/p>\n<p>Khi Nga\u0300i Qua\u0301n T\u01b0\u0323 Ta\u0323i B\u00f4\u0300 Ta\u0301t th\u01b0\u0323c ha\u0300nh s\u00e2u xa pha\u0301p Ba\u0301t Nha\u0303 Ba La M\u00e2\u0323t \u0110a,<br \/>\nNga\u0300i soi th\u00e2\u0301y n\u0103m u\u00e2\u0309n \u0111\u00ea\u0300u kh\u00f4ng, qua h\u00ea\u0301t tha\u0309y kh\u00f4\u0309 a\u0301ch.<br \/>\n&#8220;Na\u0300y \u00d4ng Xa\u0301 L\u01a1\u0323i Ph\u00e2\u0301t, s\u0103\u0301c ch\u0103\u0309ng kha\u0301c kh\u00f4ng, kh\u00f4ng ch\u0103\u0309ng kha\u0301c s\u0103\u0301c,\u00a0s\u0103\u0301c t\u01b0\u0301c la\u0300 kh\u00f4ng, kh\u00f4ng t\u01b0\u0301c la\u0300 s\u0103\u0301c. Tho\u0323, T\u01b0\u01a1\u0309ng, Ha\u0300nh, Th\u01b0\u0301c cu\u0303ng \u0111\u00ea\u0300u nh\u01b0 th\u00ea\u0301&#8221;.<br \/>\n&#8220;Na\u0300y \u00d4ng Xa\u0301 L\u01a1\u0323i Ph\u00e2\u0301t, &#8216;t\u01b0\u01a1\u0301ng kh\u00f4ng cu\u0309a mo\u0323i pha\u0301p&#8217; kh\u00f4ng sanh, kh\u00f4ng di\u00ea\u0323t,\u00a0kh\u00f4ng d\u01a1, kh\u00f4ng sa\u0323ch, kh\u00f4ng th\u00eam, kh\u00f4ng b\u01a1\u0301t,\u00a0n\u00ean trong &#8216;ch\u00e2n kh\u00f4ng&#8217;, kh\u00f4ng co\u0301 s\u0103\u0301c, kh\u00f4ng co\u0301 tho\u0323, t\u01b0\u01a1\u0309ng, ha\u0300nh, th\u01b0\u0301c,\u00a0kh\u00f4ng co\u0301 m\u0103\u0301t, tai, mu\u0303i, l\u01b0\u01a1\u0303i, th\u00e2n, y\u0301,\u00a0kh\u00f4ng co\u0301 s\u0103\u0301c, thinh, h\u01b0\u01a1ng, vi\u0323, xu\u0301c, pha\u0301p,\u00a0kh\u00f4ng co\u0301 nha\u0303n gi\u01a1\u0301i, cho \u0111\u00ea\u0301n kh\u00f4ng co\u0301 y\u0301 th\u01b0\u0301c gi\u01a1\u0301i,\u00a0kh\u00f4ng co\u0301 v\u00f4 minh, cu\u0303ng kh\u00f4ng co\u0301 ca\u0301i h\u00ea\u0301t v\u00f4 minh,\u00a0cho \u0111\u00ea\u0301n kh\u00f4ng co\u0301 gia\u0300 ch\u00ea\u0301t, cu\u0303ng kh\u00f4ng co\u0301 ca\u0301i h\u00ea\u0301t gia\u0300 ch\u00ea\u0301t,\u00a0kh\u00f4ng co\u0301 kh\u00f4\u0309, t\u00e2\u0323p, di\u00ea\u0323t, \u0111a\u0323o, kh\u00f4ng co\u0301 tri\u0301 hu\u00ea\u0323, cu\u0303ng kh\u00f4ng co\u0301 ch\u01b0\u0301ng \u0111\u0103\u0301c.<br \/>\nVi\u0300 kh\u00f4ng co\u0301 ch\u00f4\u0303 ch\u01b0\u0301ng \u0111\u0103\u0301c, n\u00ean B\u00f4\u0300 Ta\u0301t y theo Ba\u0301t Nha\u0303 Ba La M\u00e2\u0323t \u0110a, t\u00e2m kh\u00f4ng ng\u0103n nga\u0323i.\u00a0Vi\u0300 kh\u00f4ng ng\u0103n nga\u0323i, n\u00ean kh\u00f4ng s\u01a1\u0323 ha\u0303i, xa h\u0103\u0309n \u0111i\u00ean \u0111a\u0309o, m\u00f4\u0323ng t\u01b0\u01a1\u0309ng, \u0111a\u0323t t\u01a1\u0301i c\u01b0\u0301u ca\u0301nh Ni\u00ea\u0301t Ba\u0300n.<br \/>\nCh\u01b0 Ph\u00e2\u0323t trong ba \u0111\u01a1\u0300i cu\u0303ng y theo Ba\u0301t Nha\u0303 Ba La M\u00e2\u0323t \u0110a,\u00a0\u0111\u01b0\u01a1\u0323c \u0111a\u0323o qua\u0309 v\u00f4 th\u01b0\u01a1\u0323ng cha\u0301nh \u0111\u0103\u0309ng cha\u0301nh gia\u0301c.<br \/>\nN\u00ean bi\u00ea\u0301t Ba\u0301t Nha\u0303 Ba La M\u00e2\u0323t \u0110a la\u0300 \u0110a\u0323i Th\u00e2\u0300n Chu\u0301, la\u0300 \u0110a\u0323i Minh Chu\u0301, la\u0300 V\u00f4 Thu\u01a1\u0323ng Chu\u0301, la\u0300 V\u00f4 \u0110\u0103\u0309ng \u0110\u0103\u0309ng Chu\u0301,\u00a0tr\u01b0\u0300 \u0111\u01b0\u01a1\u0323c h\u00ea\u0301t tha\u0309y kh\u00f4\u0309, ch\u00e2n th\u00e2\u0323t kh\u00f4ng h\u01b0&#8221;.<br \/>\nVi\u0300 v\u00e2\u0323y, li\u00ea\u0300n no\u0301i Chu\u0301 Ba\u0301t Nha\u0303 Ba La M\u00e2\u0323t \u0110a:<br \/>\n&#8220;Y\u00ea\u0301t \u0111\u00ea\u0301, y\u00ea\u0301t \u0111\u00ea\u0301, ba la y\u00ea\u0301t \u0111\u00ea\u0301, ba la t\u0103ng y\u00ea\u0301t \u0111\u00ea\u0301, b\u00f4\u0300 \u0111\u00ea\u0300 ta\u0301t ba\u0300 ha&#8221;. <em>(1 ti\u00ea\u0301ng chu\u00f4ng)<\/em><\/p>\n<p><em>(\u0110a\u0323i chu\u0301ng \u0111\u00f4\u0300ng qui\u0300 \u0111\u00ea\u0309 tu\u0323ng Cu\u0301ng D\u01b0\u01a1\u0300ng)<\/em><\/p>\n<p><strong>CU\u0301NG D\u01af\u01a0\u0300NG<\/strong><br \/>\nNam M\u00f4 Th\u01b0\u01a1\u0300ng Tru\u0323 Th\u00e2\u0323p Ph\u01b0\u01a1ng Ph\u00e2\u0323t<br \/>\nNam M\u00f4 Th\u01b0\u01a1\u0300ng Tru\u0323 Th\u00e2\u0323p Ph\u01b0\u01a1ng Pha\u0301p<br \/>\nNam M\u00f4 Th\u01b0\u01a1\u0300ng Tru\u0323 Th\u00e2\u0323p Ph\u01b0\u01a1ng T\u0103ng<br \/>\nNam M\u00f4 B\u00f4\u0309n S\u01b0 Thi\u0301ch Ca M\u00e2u Ni Ph\u00e2\u0323t<br \/>\nNam M\u00f4 C\u01b0\u0323c La\u0323c Th\u00ea\u0301 Gi\u01a1\u0301i A Di \u0110a\u0300 Ph\u00e2\u0323t<br \/>\nNam M\u00f4 \u0110\u01b0\u01a1ng Lai Ha\u0323 Sinh Di L\u0103\u0323c T\u00f4n Ph\u00e2\u0323t<br \/>\nNam M\u00f4 Th\u00e2\u0323p Ph\u01b0\u01a1ng Tam Th\u00ea\u0301 Nh\u01b0\u0301t Thi\u00ea\u0301t Ch\u01b0 Ph\u00e2\u0323t<br \/>\nNam M\u00f4 \u0110a\u0323i Tri\u0301 V\u0103n Thu\u0300 S\u01b0 L\u01a1\u0323i B\u00f4\u0300 Ta\u0301t<br \/>\nNam M\u00f4 \u0110a\u0323i Ha\u0323nh Ph\u00f4\u0309 Hi\u00ea\u0300n B\u00f4\u0300 Ta\u0301t<br \/>\nNam M\u00f4 \u0110a\u0323i Bi Qua\u0301n Th\u00ea\u0301 \u00c2m B\u00f4\u0300 Ta\u0301t<br \/>\nNam M\u00f4 \u0110a\u0323i Th\u00ea\u0301 Chi\u0301 B\u00f4\u0300 Ta\u0301t<br \/>\nNam M\u00f4 \u0110i\u0323a Ta\u0323ng V\u01b0\u01a1ng B\u00f4\u0300 Ta\u0301t<br \/>\nNam M\u00f4 H\u00f4\u0323 Pha\u0301p Ch\u01b0 T\u00f4n B\u00f4\u0300 Ta\u0301t<br \/>\nNam M\u00f4 Gia\u0300 Lam Tha\u0301nh Chu\u0301ng B\u00f4\u0300 Ta\u0301t<br \/>\nNam M\u00f4 Li\u0323ch \u0110a\u0323i T\u00f4\u0309 S\u01b0 B\u00f4\u0300 Ta\u0301t<br \/>\nNam M\u00f4 \u0110a\u0323o Tra\u0300ng H\u00f4\u0323i Th\u01b0\u01a1\u0323ng Ph\u00e2\u0323t B\u00f4\u0300 Ta\u0301t. \u00a0<em>(1 ti\u00ea\u0301ng chu\u00f4ng)<\/em><\/p>\n<p>Nam m\u00f4 ta\u0301t pha\u0323 \u0111a\u0301t tha,<br \/>\nnga \u0111a pha\u0323 l\u00f4\u0300 chi\u0309 \u0111\u00ea\u0301,<br \/>\na\u0301n tam ba\u0323t ra,<br \/>\ntam ba\u0323t ra h\u00f4\u0300ng. <em>(3 l\u00e2\u0300n, 1 ti\u00ea\u0301ng chu\u00f4ng)<\/em><\/p>\n<p>Nam m\u00f4 t\u00f4 r\u00f4 ba\u0300 da,<br \/>\n\u0111a\u0301t tha nga \u0111a da,<br \/>\n\u0111a\u0301t \u0111i\u00ea\u0323t tha,<br \/>\na\u0301n t\u00f4 r\u00f4 t\u00f4 r\u00f4,\u00a0ba\u0301t ra t\u00f4 r\u00f4,<br \/>\nba\u0301t ra t\u00f4 r\u00f4, ta ba\u0300 ha.<em> (3 l\u00e2\u0300n, 1 ti\u00ea\u0301ng chu\u00f4ng)<\/em><\/p>\n<p>Th\u01b0\u0301c \u0103n t\u01b0\u01a1i t\u00f4\u0301t n\u00e2\u0300y<br \/>\nTr\u00ean, cu\u0301ng d\u01b0\u01a1\u0300ng ch\u01b0 Ph\u00e2\u0323t<br \/>\nCu\u0300ng ca\u0301c Hi\u00ea\u0300n Tha\u0301nh T\u0103ng.<br \/>\nD\u01b0\u01a1\u0301i, t\u00e2\u0301t ca\u0309 chu\u0301ng sanh<br \/>\nTrong sa\u0301u ne\u0309o ba \u0111\u01b0\u01a1\u0300ng<br \/>\nV\u01a1\u0301i t\u00e2m tha\u0300nh hi\u00ea\u0301n d\u00e2ng<br \/>\nC\u00e2\u0300u mong \u0111\u01b0\u01a1\u0323c ba\u0309o ma\u0303n. \u00a0<em>(1 ti\u00ea\u0301ng chu\u00f4ng)<\/em><\/p>\n<p>A\u0301n, nga nga n\u0103\u0309ng tam ba\u0300,<br \/>\npha\u0323 phi\u00ea\u0323t nh\u01b0\u0323t ra h\u00f4\u0300ng. <em>(3 l\u00e2\u0300n, 1 ti\u00ea\u0301ng chu\u00f4ng)<\/em><\/p>\n<p><strong>PHA\u0301P NG\u01af\u0303 CU\u0301NG PH\u00c2\u0323T<\/strong><br \/>\nCon nay d\u00e2ng cu\u0301ng Cam L\u00f4\u0300<br \/>\nS\u0103\u0301c h\u01b0\u01a1ng my\u0303 vi\u0323 bi\u00ea\u0301n \u0111\u00e2\u0300y h\u01b0 kh\u00f4ng<br \/>\nTha\u0300nh t\u00e2m tha thi\u00ea\u0301t ng\u01b0\u01a1\u0303ng mong<br \/>\n\u0110\u01b0\u0301c T\u01b0\u0300 na\u0323p tho\u0323 t\u00e2\u0301c lo\u0300ng ki\u0301nh d\u00e2ng.<\/p>\n<p><em>(\u0110\u01b0\u0301ng l\u00ean, \u0111\u00f4\u0300ng ni\u00ea\u0323m c\u00e2u d\u01b0\u01a1\u0301i \u0111\u00e2y, 1 ti\u00ea\u0301ng chu\u00f4ng, \u0111\u00f4\u0300ng la\u0323y 3 l\u00e2\u0300n)<\/em><br \/>\nNam M\u00f4 Ph\u00f4\u0309 cu\u0301ng d\u01b0\u01a1\u0300ng B\u00f4\u0300 Ta\u0301t.<\/p>\n<p>Cu\u0301ng Ph\u00e2\u0323t \u0111a\u0303 xong<br \/>\nC\u00e2\u0300u cho chu\u0301ng sanh<br \/>\nTro\u0323n nh\u01a1\u0300 Pha\u0301p Ph\u00e2\u0323t<br \/>\nTh\u00ea\u0309 nh\u00e2\u0323p Ch\u00e2n Nh\u01b0 \u00a0<em>(1 ti\u00ea\u0301ng chu\u00f4ng)<\/em><\/p>\n<p><em>(Chi\u0309 chu\u0309 l\u00ea\u0303 phu\u0323c nguy\u00ea\u0323n)<\/em><\/p>\n<p><strong>PHU\u0323C NGUY\u00ca\u0323N<\/strong><br \/>\n<em>(N\u00ea\u0301u cu\u0301ng Ngo\u0323 trong di\u0323p l\u00ea\u0303 C\u00e2\u0300u An, n\u00ean phu\u0323c nguy\u00ea\u0323n C\u00e2\u0300u An, trong di\u0323p l\u00ea\u0303 C\u00e2\u0300u Si\u00eau n\u00ean phu\u0323c nguy\u00ea\u0323n C\u00e2\u0300u Si\u00eau, hay tu\u0300y m\u00f4\u0303i tr\u01b0\u01a1\u0300ng h\u01a1\u0323p)<\/em><br \/>\n<em><br \/>\n(Cho C\u00e2\u0300u An)<\/em><br \/>\nNam m\u00f4 D\u01b0\u01a1\u0323c S\u01b0 L\u01b0u Ly Quang V\u01b0\u01a1ng Ph\u00e2\u0323t ta\u0301c \u0111a\u0323i ch\u01b0\u0301ng minh. <em>\u00a0(1 ti\u00ea\u0301ng chu\u00f4ng)<\/em><br \/>\nH\u00f4m nay chu\u0301ng con m\u00f4\u0323t da\u0323 chi\u0301 tha\u0300nh,<br \/>\ntri\u0300 tu\u0323ng Kinh, Chu\u0301, ni\u00ea\u0323m Ph\u00e2\u0323t c\u00f4ng \u0111\u01b0\u0301c,<br \/>\nc\u00e2\u0300u nguy\u00ea\u0323n cho Ph\u00e2\u0323t t\u01b0\u0309 &#8230;&#8230;&#8230;&#8230;&#8230;<br \/>\nPha\u0301p danh:&#8230;&#8230;&#8230;&#8230;&#8230;.<br \/>\n\u0111\u01b0\u01a1ng \u0111\u01a1\u0300i phi\u00ea\u0300n na\u0303o d\u01b0\u0301t sa\u0323ch,\u00a0nghi\u00ea\u0323p ch\u01b0\u01a1\u0301ng ti\u00eau tan,<br \/>\nt\u00e2\u0323t bi\u0323nh bi\u0300nh an, th\u00e2n t\u00e2m th\u01b0\u01a1\u0300ng la\u0323c,<br \/>\ngia \u0111i\u0300nh thi\u0323nh \u0111a\u0323t, h\u01b0\u01a1\u0309ng ca\u0309nh an nha\u0300n,<br \/>\nthi\u00ean th\u01b0\u01a1\u0323ng nh\u00e2n gian, \u0111\u00ea\u0300u tha\u0300nh Ph\u00e2\u0323t qua\u0309.\u00a0<em>(1 ti\u00ea\u0301ng chu\u00f4ng)<\/em><\/p>\n<p><em>(\u0110\u00f4\u0300ng ni\u00ea\u0323m)<\/em><br \/>\nNam M\u00f4 A Di \u0110a\u0300 Ph\u00e2\u0323t.<\/p>\n<p><em>(Cho C\u00e2\u0300u Si\u00eau)<\/em><br \/>\nXe Tam Th\u01b0\u0300a l\u00f4\u0323ng l\u00e2\u0303y, Thuy\u00ea\u0300n Ba\u0301t Nha\u0303 th\u00eanh thang,<br \/>\nsa\u0301u \u0111\u01b0\u01a1\u0300ng d\u00f4\u0301c ng\u01b0\u01a1\u0323c \u0111e\u0300o ngang, ba co\u0303i s\u00f4ng m\u00ea l\u0103\u0323n hu\u0323p,<br \/>\ntha\u0309m n\u00f4\u0303i oan khi\u00ean l\u0103\u0301m lu\u0301c, h\u01b0\u01a1ng linh kh\u00f4ng \u0111u\u0309 s\u01b0\u0301c va\u0303ng sanh.<br \/>\nNguy\u00ea\u0323n h\u01b0\u01a1ng linh:&#8230;&#8230;&#8230;&#8230;&#8230;<br \/>\nnay \u0111\u01b0\u01a1\u0323c an la\u0300nh, nghe kinh k\u00ea\u0323 si\u00eau th\u0103ng Ti\u0323nh \u0110\u00f4\u0323,<br \/>\nv\u01b0\u01a1\u0323t qua b\u00ea\u0309 kh\u00f4\u0309, thoa\u0301t kho\u0309i Ta Ba\u0300,<br \/>\nsen va\u0300ng chi\u0301n ph\u00e2\u0309m n\u01a1\u0309 hoa, pha\u0301p th\u00e2n hi\u00ea\u0323n Di \u0110a\u0300 tho\u0323 ky\u0301.<br \/>\n\u00c2m si\u00eau d\u01b0\u01a1ng th\u01a1\u0301i, pha\u0301p gi\u01a1\u0301i chu\u0301ng sanh \u0111\u00f4\u0300ng tha\u0300nh Ph\u00e2\u0323t qua\u0309. <em>(1 ti\u00ea\u0301ng chu\u00f4ng)<\/em><\/p>\n<p><em>(\u0110\u00f4\u0300ng ni\u00ea\u0323m)<\/em><br \/>\nNam M\u00f4 A Di \u0110a\u0300 Ph\u00e2\u0323t.<\/p>\n<p><strong>TAM QUY<\/strong><br \/>\nCon n\u01b0\u01a1ng theo Ph\u00e2\u0323t, c\u00e2\u0300u cho chu\u0301ng sanh<br \/>\nTin ch\u0103\u0301c \u0110a\u0323o ca\u0309, pha\u0301t lo\u0300ng v\u00f4 th\u01b0\u01a1\u0323ng. <em>\u00a0(1 ti\u00ea\u0301ng chu\u00f4ng, la\u0323y 1 la\u0323y)<\/em><\/p>\n<p>Con n\u01b0\u01a1ng theo Pha\u0301p, c\u00e2\u0300u cho chu\u0301ng sanh<br \/>\nTh\u00e2\u0301u ro\u0303 kinh ta\u0323ng, tri\u0301 hu\u00ea\u0323 nh\u01b0 bi\u00ea\u0309n. <em>\u00a0(1 ti\u00ea\u0301ng chu\u00f4ng, la\u0323y 1 la\u0323y)<\/em><\/p>\n<p>Con n\u01b0\u01a1ng theo T\u0103ng, c\u00e2\u0300u cho chu\u0301ng sanh<br \/>\nKi\u0301nh ti\u0301n ho\u0300a h\u01a1\u0323p, t\u00e2\u0301t ca\u0309 kh\u00f4ng nga\u0323i. \u00a0<em>(1 ti\u00ea\u0301ng chu\u00f4ng, la\u0323y 1 la\u0323y)<\/em><\/p>\n<\/div>\n","protected":false},"excerpt":{"rendered":"<p>NGHI TH\u01af\u0301C CU\u0301NG D\u01af\u01a0\u0300NG \u0110\u01af\u0301C PH\u00c2\u0323T CU\u0301NG D\u01af\u01a0\u0300NG \u0110\u01af\u0301C PH\u00c2\u0323T G\u00f4\u0300m co\u0301: Chu\u0301 Ti\u0323nh Pha\u0301p Gi\u01a1\u0301i Ti\u0323nh Tam Nghi\u00ea\u0323p Cu\u0301ng H\u01b0\u01a1ng C\u00e2\u0300u Nguy\u00ea\u0323n Khen Ng\u01a1\u0323i \u2026 <a class=\"continue-reading-link\" href=\"https:\/\/www.pagodethienminh.fr\/?page_id=4542\">Continue \u00e0 lire <span class=\"meta-nav\">&rarr; <\/span><\/a><\/p>\n","protected":false},"author":1,"featured_media":0,"parent":4519,"menu_order":0,"comment_status":"closed","ping_status":"closed","template":"template-onecolumn.php","meta":{"_mc_calendar":[],"footnotes":""},"class_list":["post-4542","page","type-page","status-publish","hentry"],"_links":{"self":[{"href":"https:\/\/www.pagodethienminh.fr\/index.php?rest_route=\/wp\/v2\/pages\/4542","targetHints":{"allow":["GET"]}}],"collection":[{"href":"https:\/\/www.pagodethienminh.fr\/index.php?rest_route=\/wp\/v2\/pages"}],"about":[{"href":"https:\/\/www.pagodethienminh.fr\/index.php?rest_route=\/wp\/v2\/types\/page"}],"author":[{"embeddable":true,"href":"https:\/\/www.pagodethienminh.fr\/index.php?rest_route=\/wp\/v2\/users\/1"}],"replies":[{"embeddable":true,"href":"https:\/\/www.pagodethienminh.fr\/index.php?rest_route=%2Fwp%2Fv2%2Fcomments&post=4542"}],"version-history":[{"count":2,"href":"https:\/\/www.pagodethienminh.fr\/index.php?rest_route=\/wp\/v2\/pages\/4542\/revisions"}],"predecessor-version":[{"id":4746,"href":"https:\/\/www.pagodethienminh.fr\/index.php?rest_route=\/wp\/v2\/pages\/4542\/revisions\/4746"}],"up":[{"embeddable":true,"href":"https:\/\/www.pagodethienminh.fr\/index.php?rest_route=\/wp\/v2\/pages\/4519"}],"wp:attachment":[{"href":"https:\/\/www.pagodethienminh.fr\/index.php?rest_route=%2Fwp%2Fv2%2Fmedia&parent=4542"}],"curies":[{"name":"wp","href":"https:\/\/api.w.org\/{rel}","templated":true}]}}