{"id":4534,"date":"2014-12-12T09:54:06","date_gmt":"2014-12-12T09:54:06","guid":{"rendered":"http:\/\/www.pagodethienminh.fr\/?page_id=4534"},"modified":"2015-02-25T13:15:12","modified_gmt":"2015-02-25T13:15:12","slug":"lo%cc%a3i-ich-cu%cc%89a-tu%cc%a3ng-kinh-nie%cc%a3m-pha%cc%a3t","status":"publish","type":"page","link":"https:\/\/www.pagodethienminh.fr\/?page_id=4534","title":{"rendered":"L\u1ee2I I\u0301CH C\u1ee6A T\u1ee4NG KINH NI\u1ec6M PH\u1eacT"},"content":{"rendered":"<p class=\"wsite-content-title\">Tu\u0323ng Kinh Ni\u00ea\u0323m Ph\u00e2\u0323t (Tu\u0323ng la\u0300 \u0111o\u0323c, Ni\u00ea\u0323m la\u0300 nh\u01a1\u0301) la\u0300 mi\u00ea\u0323ng \u0111o\u0323c t\u00e2m nh\u01a1\u0301, t\u00e2m va\u0300 mi\u00ea\u0323ng h\u01a1\u0323p nh\u00e2\u0301t, nh\u00e2\u0301t t\u00e2m \u0111o\u0323c va\u0300 nh\u01a1\u0301 l\u01a1\u0300i Kinh va\u0300 Danh Hi\u00ea\u0323u cu\u0309a Ph\u00e2\u0323t.<\/p>\n<p class=\"paragraph\">Tu\u0323ng Kinh Ni\u00ea\u0323m Ph\u00e2\u0323t cu\u0309a ha\u0300ng xu\u00e2\u0301t gia hay ta\u0323i gia \u0111\u00ea\u0309 ti\u0309nh th\u01b0\u0301c t\u00e2m linh, va\u0300 ki\u00ea\u0301n ta\u0323o cho chi\u0301nh mi\u0300nh m\u00f4\u0323t cu\u00f4\u0323c s\u00f4\u0301ng \u00f4n ho\u0300a. L\u01a1\u0323i i\u0301ch cu\u0309a s\u01b0\u0323 Tu\u0323ng Kinh Ni\u00ea\u0323m Ph\u00e2\u0323t, ngoa\u0300i c\u00f4ng \u0111\u01b0\u0301c cho ke\u0303 co\u0300n ng\u01b0\u01a1\u0300i m\u00e2\u0301t, co\u0300n no\u0301i l\u00ean N\u00ca\u0301P S\u00d4\u0301NG \u0110A\u0323O. N\u00ea\u0301p s\u00f4\u0301ng c\u00f4\u0301 h\u01b0\u0303u cu\u0309a t\u00f4\u0309 ti\u00ean chu\u0301ng ta la\u0300 Tu\u0323ng Kinh Ni\u00ea\u0323m Ph\u00e2\u0323t \u0111\u00ea\u0309 ti\u0301ch ph\u01b0\u01a1\u0301c \u0111\u01b0\u0301c cho con cha\u0301u, mai na\u0300y chu\u0301ng se\u0303 \u0111\u01b0\u01a1\u0323c phu\u0301 quy\u0301 vinh hoa. H\u01a1n n\u01b0\u0303a, s\u01b0\u0323 Tu\u0323ng Kinh Ni\u00ea\u0323m Ph\u00e2\u0323t co\u0300n \u0111em la\u0323i nhi\u00ea\u0300u l\u01a1\u0323i i\u0301ch thi\u00ea\u0301t th\u01b0\u0323c nh\u01b0 sau:<\/p>\n<p>* Tu\u0323ng Kinh Ni\u00ea\u0323m Ph\u00e2\u0323t gi\u01b0\u0303 cho t\u00e2m \u0111\u01b0\u01a1\u0323c an la\u0300nh, \u0111\u00ea\u0309 d\u00ea\u0303 ca\u0309m th\u00f4ng v\u01a1\u0301i ca\u0301c \u0110\u00e2\u0301ng Thi\u00eang Li\u00eang. Tu\u0323ng Ni\u00ea\u0323m r\u00e2\u0301t d\u00ea\u0303 da\u0300ng hu\u00e2n t\u00e2\u0323p ca\u0301c \u0111i\u00ea\u0300u suy nghi\u0303 t\u00f4\u0301t va\u0300o t\u00e2m th\u01b0\u0301c.<\/p>\n<p>* Tu\u0323ng Kinh Ni\u00ea\u0323m Ph\u00e2\u0323t \u0111\u00ea\u0309 \u00f4n la\u0323i nh\u01b0\u0303ng l\u01a1\u0300i da\u0323y cu\u0309a Ph\u00e2\u0323t. L\u00e2\u0301y \u0111o\u0301, la\u0300m kim chi\u0309 nam cho n\u00ea\u0301p s\u00f4\u0301ng \u0111a\u0323o.<\/p>\n<p>* Tu\u0323ng Kinh Ni\u00ea\u0323m Ph\u00e2\u0323t \u0111\u00ea\u0309 gi\u01b0\u0303 cho th\u00e2n, mi\u00ea\u0323ng, va\u0300 y\u0301 \u0111\u01b0\u01a1\u0323c thanh ti\u0323nh, trang nghi\u00eam va\u0300 chi\u0301nh \u0111a\u0301ng.<\/p>\n<p>* Tu\u0323ng Kinh Ni\u00ea\u0323m Ph\u00e2\u0323t \u0111\u00ea\u0309 c\u00e2\u0300u an, thi\u0300 nghi\u00ea\u0323p ch\u01b0\u01a1\u0301ng ti\u0301ch lu\u0303y trong nhi\u00ea\u0300u \u0111\u01a1\u0300i, nhi\u00ea\u0300u ki\u00ea\u0301p se\u0303 d\u01b0\u0301t tr\u01b0\u0300, va\u0300 tra\u0301nh \u0111\u01b0\u01a1\u0323c nh\u01b0\u0303ng tai \u01b0\u01a1ng ha\u0323n a\u0301ch co\u0301 th\u00ea\u0309 xa\u0309y ra trong b\u00e2\u0301t c\u01b0\u0301 lu\u0301c na\u0300o.<\/p>\n<p>* Tu\u0323ng Kinh Ni\u00ea\u0323m Ph\u00e2\u0323t \u0111\u00ea\u0309 c\u00e2\u0300u si\u00eau, nh\u01a1\u0300 s\u01b0\u0301c chu\u0301 nguy\u00ea\u0323n thanh ti\u0323nh, hoa\u0301n \u0111\u00f4\u0309i t\u00e2m ni\u00ea\u0323m x\u00e2\u0301u cu\u0309a ng\u01b0\u01a1\u0300i ch\u00ea\u0301t \u0111a\u0303 ta\u0323o, giu\u0301p ho\u0323 xa li\u0300a ca\u0309nh gi\u01a1\u0301i t\u00f4\u0301i t\u0103m, va\u0300 \u0111\u01b0\u01a1\u0323c sanh v\u00ea\u0300 th\u00ea\u0301 gi\u01a1\u0301i An La\u0323c.<\/p>\n<p>* Tu\u0323ng Kinh Ni\u00ea\u0323m Ph\u00e2\u0323t \u0111\u00ea\u0309 to\u0309 lo\u0300ng \u0103n n\u0103n sa\u0301m h\u00f4\u0301i tr\u01b0\u01a1\u0301c Ph\u00e2\u0323t \u0111a\u0300i, va\u0300 k\u00ea\u0309 t\u01b0\u0300 nay, t\u00e2m ni\u00ea\u0323m cu\u0309a mi\u0300nh \u0111\u01b0\u01a1\u0323c thanh ti\u0323nh, nghi\u00ea\u0323p ch\u01b0\u01a1\u0301ng kh\u00f4\u0309 \u0111au kh\u00f4ng co\u0300n n\u01b0\u0303a.<\/p>\n<p>* Tu\u0323ng Kinh Ni\u00ea\u0323m Ph\u00e2\u0323t \u0111\u00ea\u0309 Pha\u0301p \u00c2m ng\u00e2n vang, \u0111\u00ea\u0309 ca\u0309nh ti\u0309nh tr\u00e2\u0300n th\u00ea\u0301 m\u00ea ho\u0103\u0323c, va\u0300 ca\u0309m ho\u0301a mo\u0323i ng\u01b0\u01a1\u0300i \u0111ang s\u00f4\u0301ng trong ca\u0309nh u t\u00f4\u0301i l\u00e2\u0300m than.<\/p>\n<p>Vi\u0300 nh\u01b0\u0303ng l\u01a1\u0323i i\u0301ch tr\u00ean, ng\u01b0\u01a1\u0300i \u0111a\u0303 tin Ph\u00e2\u0323t pha\u0309i Tu\u0323ng Kinh Ni\u00ea\u0323m Ph\u00e2\u0323t, va\u0300 Tu\u0323ng Ni\u00ea\u0323m cho \u0111u\u0301ng ca\u0301ch. Khi Tu\u0323ng Ni\u00ea\u0323m n\u00ean gi\u01b0\u0303 cho trang nghi\u00eam, tra\u0301nh mo\u0323i s\u01b0\u0323 \u00f4\u0300n a\u0300o ph\u01b0\u0301c ta\u0323p, tra\u0301nh mo\u0323i \u0111i\u00ea\u0300u la\u0300m ki\u0301ch \u0111\u00f4\u0323ng t\u00e2m y\u0301, \u0111\u0103\u0301m l\u01a1\u0323i m\u00ea danh, tham luy\u00ea\u0301n tr\u00e2\u0300n tu\u0323c. Chi\u0309 Tu\u0323ng Ni\u00ea\u0323m tr\u01b0\u01a1\u0301c ba\u0300n Tam Ba\u0309o, trong \u0110a\u0323o Tra\u0300ng thanh ti\u0323nh, ho\u0103\u0323c n\u01a1i trang nghi\u00eam, ho\u0103\u0323c n\u01a1i thi\u0301ch h\u01a1\u0323p chi\u0301nh \u0111a\u0301ng, kh\u00f4ng n\u00ean Tu\u0323ng Ni\u00ea\u0323m tr\u01b0\u01a1\u0301c ch\u00f4\u0303 th\u01a1\u0300 qui\u0309 th\u00e2\u0300n, cu\u0301ng ca\u0301 thi\u0323t, \u0111\u00f4\u0301t va\u0300ng ma\u0303 theo tu\u0323c l\u00ea\u0323 m\u00ea ti\u0301n di\u0323 \u0111oan, kh\u00f4ng thi\u0301ch h\u01a1\u0323p v\u01a1\u0301i Ph\u00e2\u0323t Pha\u0301p.<\/p>\n","protected":false},"excerpt":{"rendered":"<p>Tu\u0323ng Kinh Ni\u00ea\u0323m Ph\u00e2\u0323t (Tu\u0323ng la\u0300 \u0111o\u0323c, Ni\u00ea\u0323m la\u0300 nh\u01a1\u0301) la\u0300 mi\u00ea\u0323ng \u0111o\u0323c t\u00e2m nh\u01a1\u0301, t\u00e2m va\u0300 mi\u00ea\u0323ng h\u01a1\u0323p nh\u00e2\u0301t, nh\u00e2\u0301t t\u00e2m \u0111o\u0323c va\u0300 nh\u01a1\u0301 \u2026 <a class=\"continue-reading-link\" href=\"https:\/\/www.pagodethienminh.fr\/?page_id=4534\">Continue \u00e0 lire <span class=\"meta-nav\">&rarr; <\/span><\/a><\/p>\n","protected":false},"author":1,"featured_media":0,"parent":4519,"menu_order":0,"comment_status":"closed","ping_status":"closed","template":"template-onecolumn.php","meta":{"_mc_calendar":[],"footnotes":""},"class_list":["post-4534","page","type-page","status-publish","hentry"],"_links":{"self":[{"href":"https:\/\/www.pagodethienminh.fr\/index.php?rest_route=\/wp\/v2\/pages\/4534","targetHints":{"allow":["GET"]}}],"collection":[{"href":"https:\/\/www.pagodethienminh.fr\/index.php?rest_route=\/wp\/v2\/pages"}],"about":[{"href":"https:\/\/www.pagodethienminh.fr\/index.php?rest_route=\/wp\/v2\/types\/page"}],"author":[{"embeddable":true,"href":"https:\/\/www.pagodethienminh.fr\/index.php?rest_route=\/wp\/v2\/users\/1"}],"replies":[{"embeddable":true,"href":"https:\/\/www.pagodethienminh.fr\/index.php?rest_route=%2Fwp%2Fv2%2Fcomments&post=4534"}],"version-history":[{"count":3,"href":"https:\/\/www.pagodethienminh.fr\/index.php?rest_route=\/wp\/v2\/pages\/4534\/revisions"}],"predecessor-version":[{"id":4739,"href":"https:\/\/www.pagodethienminh.fr\/index.php?rest_route=\/wp\/v2\/pages\/4534\/revisions\/4739"}],"up":[{"embeddable":true,"href":"https:\/\/www.pagodethienminh.fr\/index.php?rest_route=\/wp\/v2\/pages\/4519"}],"wp:attachment":[{"href":"https:\/\/www.pagodethienminh.fr\/index.php?rest_route=%2Fwp%2Fv2%2Fmedia&parent=4534"}],"curies":[{"name":"wp","href":"https:\/\/api.w.org\/{rel}","templated":true}]}}