{"id":45,"date":"2011-04-29T20:00:42","date_gmt":"2011-04-29T20:00:42","guid":{"rendered":"http:\/\/www.pagodethienminh.fr\/?page_id=45"},"modified":"2017-02-25T17:51:42","modified_gmt":"2017-02-25T17:51:42","slug":"1-presentation","status":"publish","type":"page","link":"https:\/\/www.pagodethienminh.fr\/?page_id=45","title":{"rendered":"Pr\u00e9sentation"},"content":{"rendered":"<p style=\"text-align: center;\"><object width=\"600\" height=\"400\" classid=\"clsid:d27cdb6e-ae6d-11cf-96b8-444553540000\" codebase=\"http:\/\/download.macromedia.com\/pub\/shockwave\/cabs\/flash\/swflash.cab#version=6,0,40,0\"><param name=\"src\" value=\"https:\/\/picasaweb.google.com\/s\/c\/bin\/slideshow.swf\" \/><param name=\"flashvars\" value=\"host=picasaweb.google.com&amp;hl=fr&amp;feat=flashalbum&amp;RGB=0x000000&amp;feed=https%3A%2F%2Fpicasaweb.google.com%2Fdata%2Ffeed%2Fapi%2Fuser%2Fgdptthienminh2009%2Falbumid%2F5457751434083364913%3Falt%3Drss%26kind%3Dphoto%26hl%3Dfr\" \/><param name=\"pluginspage\" value=\"http:\/\/www.macromedia.com\/go\/getflashplayer\" \/><embed width=\"600\" height=\"400\" type=\"application\/x-shockwave-flash\" src=\"https:\/\/picasaweb.google.com\/s\/c\/bin\/slideshow.swf\" flashvars=\"host=picasaweb.google.com&amp;hl=fr&amp;feat=flashalbum&amp;RGB=0x000000&amp;feed=https%3A%2F%2Fpicasaweb.google.com%2Fdata%2Ffeed%2Fapi%2Fuser%2Fgdptthienminh2009%2Falbumid%2F5457751434083364913%3Falt%3Drss%26kind%3Dphoto%26hl%3Dfr\" pluginspage=\"http:\/\/www.macromedia.com\/go\/getflashplayer\" \/><\/object><\/p>\n<address style=\"text-align: center;\"><strong>51 Rue de Cuzieu<\/strong><\/address>\n<address style=\"text-align: center;\"><strong>69110 Ste Foy-L\u00e8s-Lyon,\u00a0FRANCE<\/strong><\/address>\n<address style=\"text-align: center;\"><strong>Mail :\u00a0<strong>pagodethienminh@gmail.com<\/strong><\/strong><\/address>\n<address style=\"text-align: center;\">BUS : C19 (\u00e0 Perrache) ou 14 (Gare d&#8217;Oullins) arr\u00eat &#8220;la gravi\u00e8re&#8221;<\/address>\n<address style=\"text-align: center;\">\u00a0<\/address>\n<address style=\"text-align: center;\"><iframe loading=\"lazy\" src=\"http:\/\/maps.google.com\/maps?f=q&amp;source=s_q&amp;hl=fr&amp;geocode=&amp;q=51+Rue+de+Cuzieu,+Sainte-Foy-l%C3%A8s-Lyon,+France&amp;aq=0&amp;sll=37.0625,-95.677068&amp;sspn=55.455479,79.013672&amp;ie=UTF8&amp;hq=&amp;hnear=51+Rue+de+Cuzieu,+69110+Sainte-Foy-l%C3%A8s-Lyon,+Rh%C3%B4ne,+Rh%C3%B4ne-Alpes,+France&amp;ll=45.731558,4.782186&amp;spn=0.014379,0.027466&amp;z=15&amp;iwloc=A&amp;output=embed\" width=\"640\" height=\"480\" frameborder=\"0\" marginwidth=\"0\" marginheight=\"0\" scrolling=\"no\"><\/iframe><br \/>\n<small><a style=\"color: #0000ff; text-align: left;\" href=\"http:\/\/maps.google.com\/maps?f=q&amp;source=embed&amp;hl=fr&amp;geocode=&amp;q=51+Rue+de+Cuzieu,+Sainte-Foy-l%C3%A8s-Lyon,+France&amp;aq=0&amp;sll=37.0625,-95.677068&amp;sspn=55.455479,79.013672&amp;ie=UTF8&amp;hq=&amp;hnear=51+Rue+de+Cuzieu,+69110+Sainte-Foy-l%C3%A8s-Lyon,+Rh%C3%B4ne,+Rh%C3%B4ne-Alpes,+France&amp;ll=45.731558,4.782186&amp;spn=0.014379,0.027466&amp;z=15&amp;iwloc=A\">Agrandir le plan<\/a><\/small>\u00a0<\/address>\n<p style=\"text-align: justify;\"><span class=\"color_11\">Le\u00a0temple, situ\u00e9\u00a0sur\u00a0les hauteurs de la Gravi\u00e8re de\u00a0Sainte Foy-L\u00e8s-Lyon, est construit en 1982. Il est aussi appel\u00e9 pagode, de son architecture asiatique et pr\u00e9serve en son coeur une double cultures celle du Vietnam et celle de la tradition\u00a0Mahayana du bouddhisme\u00a0bas\u00e9es sur\u00a0les valeurs artistiques, humaines et spirituelles. La pagode est aussi un &#8220;refuge&#8221; pour les personnes qui s&#8217;ouvrent vers la\u00a0Sagesse et de l&#8217;Eveil. Entour\u00e9\u00a0d\u2019un grand jardin, ce lieu marque les traces des \u00e9tapes importantes de l\u2019histoire du Bouddha et du bouddhisme.<\/span>\u00a0On retrouve les 6 formes de repr\u00e9sentation :<\/p>\n<ol>\n<li>La repr\u00e9sentation du Bouddha couch\u00e9 ou d\u00e9tachement de la roue des existences : &#8220;le Bouddha s&#8217;\u00e9teint en parinibb\u00e1na (Nirvana)&#8221;<\/li>\n<li>La repr\u00e9sentation de la statue du Bodhisattva de la Compassion (Bodhisattva Avalokite\u00e7vara) sous la forme f\u00e9minine : Statue dor\u00e9e \u00e0 la mont\u00e9e de la pagode, entour\u00e9e d&#8217;un bassin de fleurs de Lotus<\/li>\n<li>La repr\u00e9sentation de la naissance du Prince (Futur Bouddha) Siddharta entour\u00e9 par les servantes et la Reine Mayadevi (M\u00e8re biologique du Prince)<\/li>\n<li>La repr\u00e9sentation du Meurtrier notoire qui devint un fid\u00e8le de Shakyamuni : Angulimala<\/li>\n<li>La repr\u00e9sentation du Bouddha Sakyamauni, donnant son premier sermon au parc des Gazelles, pr\u00e9s de Sanarth \u00e0 B\u00e9nar\u00e8s sur les 4 Nobles V\u00e9rit\u00e9s aux cinq premiers disciples.<\/li>\n<li>La repr\u00e9sentation d&#8217;un cadre de pratique qui est l&#8217;ensemble du temple: lieu d&#8217;\u00e9coute et d&#8217;application du bouddhisme<\/li>\n<\/ol>\n<p style=\"text-align: justify;\">Son lieu de culte, situ\u00e9 au 1er \u00e9tage du temple, est une salle o\u00f9 est r\u00e9alis\u00e9e la pratique du bouddhisme, en particuliers les principales actions sont:<\/p>\n<ul>\n<li>La r\u00e9citation ou lecture de s\u00fbtras (C\u00e9r\u00e9monies quotidiennes : 6h et 15h)<\/li>\n<li>Les Grandes c\u00e9r\u00e9monies : s\u00fbtra du Bouddha Maitreya, C\u00e9r\u00e9monie de V\u00e9sak, Vu Lan, Rituels pour les d\u00e9funts, c\u00e9r\u00e9monie de Prise de refuge, de mariage &#8230;<\/li>\n<li>L&#8217;Exposition des Reliques de Bouddha et des Grands Ma\u00eetres<\/li>\n<li>Les enseignements et conf\u00e9rences sur le bouddhisme<\/li>\n<li>La m\u00e9ditation et prise de conscience<\/li>\n<\/ul>\n<p>La pagode se visite et des explications peuvent \u00eatre donn\u00e9es: elle re\u00e7oit des \u00e9coles d&#8217;infirmi\u00e8res, d&#8217;aide soignante, des lyc\u00e9es, des \u00e9coles primaires, diverses associations &#8230;<\/p>\n<p>La pagode, par sa nature et sa structure reste un lieu de pratique et surtout d&#8217;ouverture vers la curiosit\u00e9 des personnes, dans le respect et la tol\u00e9rance d&#8217;autrui.<\/p>\n<p>Pour des visites guid\u00e9es sur rendez-vous et les interventions ponctuelles sur des th\u00e8mes g\u00e9n\u00e9raux ou sp\u00e9cifiques, veuillez contacter<\/p>\n<p>par mail : <strong>pagodethienminh@gmail.com<\/strong><\/p>\n<address>Heures d&#8217;ouverture, visite libre :<\/address>\n<ul>\n<li>9h-11h00 \/ 13h30-16h en semaine<\/li>\n<li>9h-11h30 \/ 13h30-17h30 le week end<\/li>\n<\/ul>\n<p style=\"text-align: justify;\">\u00a0Une biblioth\u00e8que regroupant des collections de livres de sutras, des \u00e9claircissements sur le bouddhisme dans la langue vietnamienne, chinoise, anglaise et fran\u00e7aise, permet \u00e0 chacun de mieux approcher ce courant. Cette biblioth\u00e8que se situe au rez-de-chauss\u00e9e du temple, les livres peuvent \u00eatre consult\u00e9s sur place pendant le week-end.<\/p>\n<p style=\"text-align: justify;\">Pour conserver la pratique du lieu, des v\u00e9n\u00e9rables, des moines y habitent en permanence. Ces personnes font partie d&#8217;une communaut\u00e9 de pratiquants qui \u0153uvrent leurs actions pour le bien des \u00eatres. Un choix de vie vou\u00e9 \u00e0 \u00e9tudier le bouddhisme, \u00e0 enseigner le bouddhisme, \u00e0 donner des rem\u00e8des &#8220;sages&#8221; aux \u00eatres pour les gu\u00e9rir de maux dus \u00e0 l&#8217;ignorance.<\/p>\n","protected":false},"excerpt":{"rendered":"<p>51 Rue de Cuzieu 69110 Ste Foy-L\u00e8s-Lyon,\u00a0FRANCE Mail :\u00a0pagodethienminh@gmail.com BUS : C19 (\u00e0 Perrache) ou 14 (Gare d&#8217;Oullins) arr\u00eat &#8220;la gravi\u00e8re&#8221; \u00a0 Agrandir le plan\u00a0 \u2026 <a class=\"continue-reading-link\" href=\"https:\/\/www.pagodethienminh.fr\/?page_id=45\">Continue \u00e0 lire <span class=\"meta-nav\">&rarr; <\/span><\/a><\/p>\n","protected":false},"author":1,"featured_media":0,"parent":31,"menu_order":1,"comment_status":"closed","ping_status":"closed","template":"template-onecolumn.php","meta":{"_mc_calendar":[],"footnotes":""},"class_list":["post-45","page","type-page","status-publish","hentry"],"_links":{"self":[{"href":"https:\/\/www.pagodethienminh.fr\/index.php?rest_route=\/wp\/v2\/pages\/45","targetHints":{"allow":["GET"]}}],"collection":[{"href":"https:\/\/www.pagodethienminh.fr\/index.php?rest_route=\/wp\/v2\/pages"}],"about":[{"href":"https:\/\/www.pagodethienminh.fr\/index.php?rest_route=\/wp\/v2\/types\/page"}],"author":[{"embeddable":true,"href":"https:\/\/www.pagodethienminh.fr\/index.php?rest_route=\/wp\/v2\/users\/1"}],"replies":[{"embeddable":true,"href":"https:\/\/www.pagodethienminh.fr\/index.php?rest_route=%2Fwp%2Fv2%2Fcomments&post=45"}],"version-history":[{"count":14,"href":"https:\/\/www.pagodethienminh.fr\/index.php?rest_route=\/wp\/v2\/pages\/45\/revisions"}],"predecessor-version":[{"id":5724,"href":"https:\/\/www.pagodethienminh.fr\/index.php?rest_route=\/wp\/v2\/pages\/45\/revisions\/5724"}],"up":[{"embeddable":true,"href":"https:\/\/www.pagodethienminh.fr\/index.php?rest_route=\/wp\/v2\/pages\/31"}],"wp:attachment":[{"href":"https:\/\/www.pagodethienminh.fr\/index.php?rest_route=%2Fwp%2Fv2%2Fmedia&parent=45"}],"curies":[{"name":"wp","href":"https:\/\/api.w.org\/{rel}","templated":true}]}}