{"id":4493,"date":"2014-11-24T13:33:23","date_gmt":"2014-11-24T13:33:23","guid":{"rendered":"http:\/\/www.pagodethienminh.fr\/?page_id=4493"},"modified":"2015-04-30T17:17:45","modified_gmt":"2015-04-30T17:17:45","slug":"annee-2015","status":"publish","type":"page","link":"https:\/\/www.pagodethienminh.fr\/?page_id=4493","title":{"rendered":"Ann\u00e9e 2015"},"content":{"rendered":"<div>\n<p align=\"center\"><strong>Ch\u01b0\u01a1ng tr\u00ecnh sinh ho\u1ea1t : 13h30 -&gt; 17h15<\/strong><\/p>\n<\/div>\n<address>\u00a0<strong>13g30<\/strong>\u00a0: l\u1ec5 Ph\u1eadt \u2013 c\u00e9r\u00e9monie g\u0111pt, m\u00e9ditation<\/address>\n<address><strong>14g00<\/strong>\u00a0: Ph\u1eadt Ph\u00e1p (Th\u1ea7y QVi\u00ean &#8211; Ch\u00fa Long &#8211; Anh Vincent) &#8211; enseignt<\/address>\n<address><strong>15g00<\/strong>\u00a0: gi\u00e3i lao &#8211; pause<\/address>\n<address><strong>15g10<\/strong>\u00a0: chuy\u00ean m\u00f4n (sous groupe : s\u00e9curit\u00e9, d\u00e9bat, thuy\u1ebft tr\u00ecnh &#8230;)<\/address>\n<address><strong>16g00<\/strong>\u00a0: b\u1ea3n sinh h\u1ecdat G\u0110PT, t\u1ef1 tr\u1ecb &#8211; auto gestion<\/address>\n<address><strong>16g30<\/strong>\u00a0: sinh h\u1ecdat t\u1eadp th\u1ec3 (tai chi &#8211; tr\u00f2 ch\u01a1i) \u2013 jeux en groupe<\/address>\n<address><strong>17g15<\/strong>\u00a0: k\u1ebft gi\u00e2y<\/address>\n<p>&#8212;&#8212;&#8212;&#8212;&#8212;&#8212;&#8212;&#8212;&#8212;&#8212;&#8212;&#8212;&#8212;&#8212;&#8212;&#8212;&#8212;&#8212;&#8212;&#8212;&#8212;&#8212;&#8212;&#8212;&#8212;&#8212;&#8212;&#8212;&#8212;&#8212;-<\/p>\n<p>Dim 04\/01: 13h15-17h Sinh Ho\u1ea1t &#8211; Ch\u00f9a\/Pagode Thi\u1ec7n Minh<\/p>\n<p>Dim 18\/01: 13h15-17h Sinh Ho\u1ea1t &#8211; Ch\u00f9a\/Pagode Thi\u1ec7n Minh<\/p>\n<p>Dim 01\/02: 13h15-17h Sinh Ho\u1ea1t &#8211; Ch\u00f9a\/Pagode Thi\u1ec7n Minh<\/p>\n<p>Dim 15\/02: 13h15-17h Sinh Ho\u1ea1t &#8211; Ch\u00f9a\/Pagode Thi\u1ec7n Minh<\/p>\n<p><strong>Mer 18\/02: 21h30 R\u00e9veillon T\u00eat &#8211; Ch\u00f9a\/Pagode Thi\u1ec7n Minh <\/strong><\/p>\n<p><strong>Jeu 19\/02: 09h30 Ng\u00e0y\/Jour T\u00eat &#8211; Ch\u00f9a\/Pagode Thi\u1ec7n Minh <\/strong><\/p>\n<p><strong>Dim 01\/03: 08h30 T\u00eat Salle Juliot Curie V\u00e9nissieux <\/strong><\/p>\n<p><strong>Dim 08\/03: 10h30 R\u0103m th\u00e1ng 1 &#8211; Ch\u00f9a\/Pagode Thi\u1ec7n Minh <\/strong><\/p>\n<p><strong>Dim 15\/03: 10h00 H\u1ed9i C\u00e2u Ni\u00ean &#8211; Ch\u00f9a\/Pagode Thi\u1ec7n Minh <\/strong><\/p>\n<p>WE 04-06\/04 Tr\u1ea1i H\u1ecdp B\u1ea1n &#8211; Ch\u00f9a\/Pagode Thi\u1ec7n Minh<\/p>\n<p>Dim 19\/04: 13h15-17h Sinh Ho\u1ea1t &#8211; Ch\u00f9a\/Pagode Thi\u1ec7n Minh<\/p>\n<p>Dim 08\/05: 13h15-17h Sinh Ho\u1ea1t &#8211; Ch\u00f9a\/Pagode Thi\u1ec7n Minh<\/p>\n<p>Dim 17\/05: 13h15-17h Sinh Ho\u1ea1t &#8211; Ch\u00f9a\/Pagode Thi\u1ec7n Minh<\/p>\n<p><strong>Dim 24\/05: 09h30 Ph\u1eadt \u0110\u1ea3n\/V\u00e9sak \u2013 Ch\u00f9a\/Pagode Valence <\/strong><\/p>\n<p><strong>Dim 07\/06: 09h30 Ph\u1eadt \u0110\u1ea3n\/V\u00e9sak &#8211; Ch\u00f9a\/Pagode Thi\u1ec7n Minh <\/strong><\/p>\n<p>WE 20-21\/06 Week end sp\u00e9cial Ch\u00f9a Valence<\/p>\n<p>Dim 12\/07: 08h30 Pique-Nique G\u0110PT (Lac)<\/p>\n","protected":false},"excerpt":{"rendered":"<p>Ch\u01b0\u01a1ng tr\u00ecnh sinh ho\u1ea1t : 13h30 -&gt; 17h15 \u00a013g30\u00a0: l\u1ec5 Ph\u1eadt \u2013 c\u00e9r\u00e9monie g\u0111pt, m\u00e9ditation 14g00\u00a0: Ph\u1eadt Ph\u00e1p (Th\u1ea7y QVi\u00ean &#8211; Ch\u00fa Long &#8211; Anh \u2026 <a class=\"continue-reading-link\" href=\"https:\/\/www.pagodethienminh.fr\/?page_id=4493\">Continue \u00e0 lire <span class=\"meta-nav\">&rarr; <\/span><\/a><\/p>\n","protected":false},"author":1,"featured_media":0,"parent":4325,"menu_order":5,"comment_status":"closed","ping_status":"closed","template":"template-onecolumn.php","meta":{"_mc_calendar":[],"footnotes":""},"class_list":["post-4493","page","type-page","status-publish","hentry"],"_links":{"self":[{"href":"https:\/\/www.pagodethienminh.fr\/index.php?rest_route=\/wp\/v2\/pages\/4493","targetHints":{"allow":["GET"]}}],"collection":[{"href":"https:\/\/www.pagodethienminh.fr\/index.php?rest_route=\/wp\/v2\/pages"}],"about":[{"href":"https:\/\/www.pagodethienminh.fr\/index.php?rest_route=\/wp\/v2\/types\/page"}],"author":[{"embeddable":true,"href":"https:\/\/www.pagodethienminh.fr\/index.php?rest_route=\/wp\/v2\/users\/1"}],"replies":[{"embeddable":true,"href":"https:\/\/www.pagodethienminh.fr\/index.php?rest_route=%2Fwp%2Fv2%2Fcomments&post=4493"}],"version-history":[{"count":2,"href":"https:\/\/www.pagodethienminh.fr\/index.php?rest_route=\/wp\/v2\/pages\/4493\/revisions"}],"predecessor-version":[{"id":4826,"href":"https:\/\/www.pagodethienminh.fr\/index.php?rest_route=\/wp\/v2\/pages\/4493\/revisions\/4826"}],"up":[{"embeddable":true,"href":"https:\/\/www.pagodethienminh.fr\/index.php?rest_route=\/wp\/v2\/pages\/4325"}],"wp:attachment":[{"href":"https:\/\/www.pagodethienminh.fr\/index.php?rest_route=%2Fwp%2Fv2%2Fmedia&parent=4493"}],"curies":[{"name":"wp","href":"https:\/\/api.w.org\/{rel}","templated":true}]}}