{"id":4485,"date":"2014-11-12T07:58:13","date_gmt":"2014-11-12T07:58:13","guid":{"rendered":"http:\/\/www.pagodethienminh.fr\/?page_id=4485"},"modified":"2014-11-12T07:58:13","modified_gmt":"2014-11-12T07:58:13","slug":"thanh-nien-phap-bo-nha-sang-viet-nam-di-tu","status":"publish","type":"page","link":"https:\/\/www.pagodethienminh.fr\/?page_id=4485","title":{"rendered":"Thanh ni\u00ean Ph\u00e1p b\u1ecf nh\u00e0 sang Vi\u1ec7t Nam \u0111i tu"},"content":{"rendered":"<div><\/div>\n<div><\/div>\n<div><\/div>\n<div><a href=\"http:\/\/quangduc.com\/images\/file\/GPCj_-_L0QgBAFdZ\/thich-truc-thai-hoi-02.jpg\"><img loading=\"lazy\" decoding=\"async\" class=\"imglazy imgcontent\" title=\"thich-truc-thai-hoi-02\" src=\"http:\/\/quangduc.com\/images\/file\/GPCj_-_L0QgBAFdZ\/thich-truc-thai-hoi-02.jpg\" alt=\"thich-truc-thai-hoi-02\" width=\"600\" height=\"409\" data-info=\"600,409\" data-original=\"\/images\/file\/GPCj_-_L0QgBAFdZ\/thich-truc-thai-hoi-02.jpg\" \/><\/a><\/div>\n<div>http:\/\/quangduc.com\/a54643\/cau-chuyen-ve-chang-thanh-nien-phap-bo-nha-sang-viet-nam-di-tu<br clear=\"none\" \/><br clear=\"none\" \/><\/div>\n<div><\/div>\n<div><b>C\u00c2U CHUY\u1ec6N V\u1ec0 CH\u00c0NG THANH NI\u00caN PH\u00c1P<br \/>\nB\u1ece NH\u00c0 SANG VI\u1ec6T NAM \u0110I TU<\/p>\n<p><\/b>T\u1ed1t nghi\u1ec7p \u0111\u1ea1i h\u1ecdc, \u0111ang l\u00e0m gi\u00e1m \u0111\u1ed1c \u0111i\u1ec1u h\u00e0nh cho m\u1ed9t c\u00f4ng ty chuy\u00ean v\u1ec1 m\u00e1y t\u00ednh v\u1edbi ti\u1ec1n l\u01b0\u01a1ng l\u00ean \u0111\u1ebfn v\u00e0i tr\u0103m ng\u00e0n \u0111\u00f4 la m\u1ed9t n\u0103m, th\u1ebf nh\u01b0ng, James Christopher, m\u1ed9t thanh ni\u00ean Ph\u00e1p v\u1eabn quy\u1ebft \u0111\u1ecbnh b\u1ecf vi\u1ec7c sang Vi\u1ec7t Nam \u0111i tu.<b><br \/>\n<\/b><\/div>\n<div><br clear=\"none\" \/>* Quy\u1ebft h\u1ecdc ti\u1ebfng Vi\u1ec7t \u0111\u1ec3\u2026 \u0111i tu<br clear=\"none\" \/><br clear=\"none\" \/>Quy \u0111\u1ecbnh \u0111\u1ed1i v\u1edbi c\u00e1c ch\u01b0 t\u0103ng \u0111ang tu h\u00e0nh \u1edf Thi\u1ec1n vi\u1ec7n Tr\u00fac L\u00e2m \u0110\u00e0 L\u1ea1t kh\u00e1 nghi\u00eam ng\u1eb7t, truy\u1ec1n h\u00ecnh v\u00e0 internet ho\u00e0n to\u00e0n b\u1ecb c\u1ea5m tuy\u1ec7t. To\u00e0n b\u1ed9 khu thi\u1ec1n vi\u1ec7n h\u01a1n m\u1ed9t ch\u1ee5c ha v\u1edbi tr\u00ean 150 ch\u01b0 t\u0103ng ch\u1ec9 c\u00f3 duy nh\u1ea5t m\u1ed9t chi\u1ebfc \u0111i\u1ec7n tho\u1ea1i \u0111\u1ec3 b\u00e0n d\u00f9ng l\u00e0m \u0111\u1ea7u m\u1ed1i li\u00ean l\u1ea1c v\u1edbi b\u00ean ngo\u00e0i.<br clear=\"none\" \/><br clear=\"none\" \/>Ph\u1ea3i nhi\u1ec1u l\u1ea7n g\u1ecdi \u0111i\u1ec7n xin ph\u00e9p, cu\u1ed1i c\u00f9ng ch\u00fang t\u00f4i m\u1edbi \u0111\u01b0\u1ee3c th\u01b0\u1ee3ng t\u1ecda Th\u00edch Th\u00f4ng Ph\u01b0\u01a1ng &#8211; tr\u1ee5 tr\u00ec Thi\u1ec1n vi\u1ec7n Tr\u00fac L\u00e2m \u0110\u00e0 L\u1ea1t cho ph\u00e9p ti\u1ebfp x\u00fac v\u1edbi ch\u00e0ng thanh ni\u00ean n\u00f3i tr\u00ean.<br clear=\"none\" \/><br clear=\"none\" \/>T\u1ee5c danh c\u1ee7a anh l\u00e0 James Christopher, nh\u00e0 \u1edf th\u1ee7 \u0111\u00f4 Paris, Ph\u00e1p. Th\u1ebf nh\u01b0ng, \u0111\u00e3 t\u1eeb l\u00e2u r\u1ed3i, k\u1ec3 t\u1eeb ng\u00e0y \u0111\u1eb7t ch\u00e2n \u0111\u1ebfn Thi\u1ec1n vi\u1ec7n Tr\u00fac L\u00e2m c\u00e1ch \u0111\u00e2y 4 n\u0103m, anh d\u01b0\u1eddng nh\u01b0 \u0111\u00e3 qu\u00ean m\u1ea5t \u201ct\u00ean c\u00fang c\u01a1m\u201d c\u1ee7a m\u00ecnh.<br clear=\"none\" \/><br clear=\"none\" \/>V\u1edbi m\u1ed9t kh\u1ea3 n\u0103ng ti\u1ebfng Vi\u1ec7t kh\u00e1 t\u1ed1t, anh b\u1ea3o b\u00e2y gi\u1edd anh \u0111\u00e3 l\u00e0 m\u1ed9t sa-di, ph\u00e1p danh l\u00e0 Th\u00edch Tr\u00fac Th\u00e1i H\u1ed9i v\u00e0 \u0111\u1ec1 ngh\u1ecb ch\u00fang t\u00f4i h\u00e3y x\u01b0ng h\u00f4 b\u1eb1ng c\u00e1i t\u00ean Vi\u1ec7t Nam \u1ea5y.<br clear=\"none\" \/><br clear=\"none\" \/>N\u00f3i v\u1ec1 c\u0103n duy\u00ean d\u1eabn \u0111\u1ebfn vi\u1ec7c xu\u1ea5t gia, s\u01b0 Th\u00edch Tr\u00fac Th\u00e1i H\u1ed9i cho bi\u1ebft, m\u1eb7c d\u00f9 s\u1ed1ng \u1edf Ph\u01b0\u01a1ng T\u00e2y, n\u01a1i c\u00f3 \u0111a s\u1ed1 ng\u01b0\u1eddi d\u00e2n theo \u0111\u1ea1o Thi\u00ean ch\u00faa gi\u00e1o song ngay t\u1eeb nh\u1ecf Th\u00e1i H\u1ed9i l\u1ea1i c\u00f3 t\u01b0 t\u01b0\u1edfng h\u01b0\u1edbng v\u1ec1 Ph\u1eadt gi\u00e1o. V\u00e0 s\u1ef1 b\u00ed \u1ea9n c\u1ee7a m\u1ed9t t\u00f4n gi\u00e1o \u0111\u1ebfn t\u1eeb Ph\u01b0\u01a1ng \u0110\u00f4ng c\u1ee9 ng\u00e0y m\u1ed9t l\u1edbn d\u1ea7n trong t\u00e2m t\u01b0\u1edfng c\u1ee7a Th\u00e1i H\u1ed9i. \u0110\u1ec3 gi\u1ea3i t\u1ecfa \u201cc\u01a1n kh\u00e1t\u201d th\u00f4ng tin v\u1ec1 Ph\u1eadt gi\u00e1o, sau gi\u1edd h\u1ecdc anh l\u00ean m\u1ea1ng t\u00ecm hi\u1ec3u v\u00e0 trong m\u1ed9t l\u1ea7n t\u00ecnh c\u1edd Th\u00e1i H\u1ed9i bi\u1ebft \u0111\u1ebfn thi\u1ec1n ph\u00e1i Tr\u00fac L\u00e2m. C\u0169ng t\u1eeb \u0111\u00f3 \u00fd ngh\u0129 ph\u1ea3i t\u00ecm v\u1ec1 n\u01a1i ph\u00e1t xu\u1ea5t c\u1ee7a Thi\u1ec1n ph\u00e1i n\u00e0y c\u1ee9 cu\u1ed1n h\u00fat Th\u00e1i H\u1ed9i, tuy nhi\u00ean anh v\u1eabn ch\u01b0a th\u1ec3 th\u1ef1c hi\u1ec7n ngay t\u1ee9c th\u00ec. M\u1ed9t ph\u1ea7n v\u00ec \u0111i\u1ec1u ki\u1ec7n kinh t\u1ebf kh\u00f4ng cho ph\u00e9p, m\u1ed9t ph\u1ea7n l\u00e0 do gia \u0111\u00ecnh ph\u1ea3n \u0111\u1ed1i b\u1edfi anh l\u00e0 con trai duy nh\u1ea5t trong gia \u0111\u00ecnh.<br clear=\"none\" \/><br clear=\"none\" \/>Sau nhi\u1ec1u n\u0103m g\u00e1c l\u1ea1i d\u1ef1 \u0111\u1ecbnh \u0111\u1ec3 h\u1ecdc t\u1eadp v\u00e0 l\u00e0m vi\u1ec7c, \u0111\u1ebfn n\u0103m 2007, Th\u00e1i H\u1ed9i quy\u1ebft \u0111\u1ecbnh th\u1ef1c hi\u1ec7n \u01b0\u1edbc m\u01a1 c\u1ee7a m\u00ecnh, khi n\u00e0y anh \u0111\u00e3 l\u00e0 gi\u00e1m \u0111\u1ed1c \u0111i\u1ec1u h\u00e0nh c\u1ee7a m\u1ed9t c\u00f4ng ty m\u00e1y t\u00ednh \u1edf Ph\u00e1p v\u1edbi ti\u1ec1n l\u01b0\u01a1ng tr\u00ean 100 ng\u00e0n \u0111\u00f4 la\/n\u0103m.<br clear=\"none\" \/><br clear=\"none\" \/>\u0110\u1ec3 th\u1ef1c hi\u1ec7n \u01b0\u1edbc m\u01a1 n\u00e0y, sau gi\u1edd l\u00e0m vi\u1ec7c Th\u00e1i H\u1ed9i \u00e2m th\u1ea7m \u0111\u1ebfn m\u1ed9t trung t\u00e2m \u0111\u00e0o t\u1ea1o ngo\u1ea1i ng\u1eef \u0111\u1ec3 h\u1ecdc ti\u1ebfng Vi\u1ec7t. Th\u1ea5y anh h\u1ecdc m\u1ed9t ngo\u1ea1i ng\u1eef t\u01b0\u01a1ng \u0111\u1ed1i l\u1ea1, nhi\u1ec1u ng\u01b0\u1eddi b\u1ea1n tra h\u1ecfi th\u00ec anh n\u1eeda th\u1eadt n\u1eeda \u0111\u00f9a : \u201cT\u1edb h\u1ecdc \u0111\u1ec3 qua Vi\u1ec7t Nam \u0111i\u2026tu\u201d. Nghe xong, m\u1ecdi ng\u01b0\u1eddi c\u01b0\u1eddi x\u00f2a b\u1edfi t\u00ednh anh hay b\u00f4ng \u0111\u00f9a, th\u1eadt gi\u1ea3 l\u1eabn l\u1ed9n n\u00ean ch\u1eb3ng ai tin!<br clear=\"none\" \/><br clear=\"none\" \/>* \u201cTu \u1edf Vi\u1ec7t Nam bao gi\u1edd ch\u1ebft m\u1edbi th\u00f4i\u201d<br clear=\"none\" \/><br clear=\"none\" \/>Ng\u00e0y ti\u1ec5n Th\u00e1i H\u1ed9i ra s\u00e2n bay \u0111\u1ec3 \u0111\u1ebfn m\u1ed9t v\u00f9ng \u0111\u1ea5t xa l\u1ea1 m\u00e0 anh ch\u01b0a m\u1ed9t l\u1ea7n \u0111\u1eb7t ch\u00e2n \u0111\u1ebfn, ng\u01b0\u1eddi m\u1eb9 kh\u00f3c nh\u01b0 m\u01b0a. \u0110\u1ec3 tr\u1ea5n an, Th\u00e1i H\u1ed9i h\u1ee9a ch\u1ec9 qua Vi\u1ec7t Nam tu t\u1eadp m\u1ed9t th\u1eddi gian r\u1ed3i v\u1ec1!<br clear=\"none\" \/><br clear=\"none\" \/>V\u1eeba \u0111\u1eb7t ch\u00e2n \u0111\u1ebfn s\u00e2n bay qu\u1ed1c t\u1ebf T\u00e2n S\u01a1n Nh\u1ea5t, Th\u00e1i H\u1ed9i l\u1eadp t\u1ee9c h\u1ecfi th\u0103m \u0111\u01b0\u1eddng v\u1ec1 Thi\u1ec1n vi\u1ec7n Tr\u00fac L\u00e2m \u0110\u00e0 L\u1ea1t. Th\u1ea5y m\u1ed9t ng\u01b0\u1eddi n\u01b0\u1edbc ngo\u00e0i v\u1edbi d\u00e1ng ng\u01b0\u1eddi v\u1ea1m v\u1ee1 g\u1ea7n 100kg, r\u00e2u t\u00f3c x\u1ed3m xo\u00e0m n\u00ean s\u01b0 th\u1ea7y c\u0169ng ng\u00e1n ng\u1ea1i. Tuy nhi\u00ean, v\u1edbi quan \u0111i\u1ec3m s\u1eb5n s\u00e0ng thu n\u1ea1p b\u1ea5t k\u1ef3 ai c\u00f3 t\u00e2m h\u01b0\u1edbng Ph\u1eadt, c\u1ed9ng v\u1edbi vi\u1ec7c Th\u00e1i H\u1ed9i gi\u1ecfi ti\u1ebfng Vi\u1ec7t n\u00ean cu\u1ed1i c\u00f9ng s\u01b0 th\u1ea7y \u0111\u00e3 b\u1ecb thuy\u1ebft ph\u1ee5c v\u00e0 ch\u1ea5p nh\u1eadn cho anh tham gia \u0111\u1ea1o tr\u00e0ng.<br clear=\"none\" \/><br clear=\"none\" \/>M\u1ed9t ng\u00e0y cu\u1ed1i n\u0103m 2012, t\u1ee9c g\u1ea7n hai n\u0103m sau ng\u00e0y tr\u1edf th\u00e0nh Ph\u1eadt t\u1eed c\u1ee7a \u0111\u1ea1o tr\u00e0ng Thi\u1ec1n vi\u1ec7n Tr\u00fac L\u00e2m \u0110\u00e0 L\u1ea1t, Th\u00e1i H\u1ed9i \u0111\u00e3 xin ph\u00e9p th\u1ea7y cho m\u00ecnh \u0111\u01b0\u1ee3c xu\u1ed1ng t\u00f3c quy y, tr\u1edf th\u00e0nh m\u1ed9t th\u1ea7y tu th\u1eadt s\u1ef1. Sau nhi\u1ec1u ng\u00e0y thuy\u1ebft gi\u1ea3ng v\u1ec1 nh\u1eefng quy \u0111\u1ecbnh t\u01b0\u01a1ng \u0111\u1ed1i ng\u1eb7t ngh\u00e8o \u0111\u1ed1i v\u1edbi ch\u00fang t\u0103ng m\u00e0 v\u1eabn kh\u00f4ng nh\u1eadn \u0111\u01b0\u1ee3c s\u1ef1 thay \u0111\u1ed5i \u00fd \u0111\u1ecbnh t\u1eeb Th\u00e1i H\u1ed9i, cu\u1ed1i c\u00f9ng th\u01b0\u1ee3ng t\u1ecda Th\u00edch Th\u00f4ng Ph\u01b0\u01a1ng \u0111\u00e3 tr\u1ef1c ti\u1ebfp ra tay quy y, thu n\u1ea1p Th\u00e1i H\u1ed9i l\u00e0m m\u00f4n \u0111\u1ed3.<br clear=\"none\" \/><\/p>\n<p><a href=\"http:\/\/quangduc.com\/images\/file\/WlHJ_e_L0QgBAEE_\/thich-truc-thai-hoi.jpg\"><img loading=\"lazy\" decoding=\"async\" class=\"imglazy imgcontent\" title=\"thich-truc-thai-hoi\" src=\"http:\/\/quangduc.com\/images\/file\/WlHJ_e_L0QgBAEE_\/thich-truc-thai-hoi.jpg\" alt=\"thich-truc-thai-hoi\" width=\"600\" height=\"300\" data-info=\"600,300\" data-original=\"\/images\/file\/WlHJ_e_L0QgBAEE_\/thich-truc-thai-hoi.jpg\" \/><\/a><br clear=\"none\" \/>Nh\u1edb l\u1ea1i nh\u1eefng ng\u00e0y m\u1edbi sang Vi\u1ec7t Nam gia nh\u1eadp \u0111\u1ea1o tr\u00e0ng, s\u01b0 Th\u00edch Tr\u00fac Th\u00e1i H\u1ed9i chia s\u1ebb: \u201cL\u00fac \u1edf b\u00ean Ph\u00e1p, l\u00e0 gi\u00e1m \u0111\u1ed1c n\u00ean s\u01b0 ng\u1ee7 d\u1eady r\u1ea5t mu\u1ed9n. Th\u1ebf nh\u01b0ng khi qua \u0111\u00e2y tham gia \u0111\u1ea1o tr\u00e0ng m\u00ecnh bu\u1ed9c ph\u1ea3i theo quy \u0111\u1ecbnh c\u1ee7a nh\u00e0 ch\u00f9a ph\u1ea3i th\u1ee9c d\u1eady t\u1eeb l\u00fac 3 gi\u1edd s\u00e1ng \u0111\u1ec3 t\u1ee5ng kinh v\u00e0 sau \u0111\u00f3 l\u00e0 thi\u1ec1n n\u00ean c\u0169ng h\u01a1i m\u1ec7t m\u1ecfi. Tuy nhi\u00ean, do quy\u1ebft t\u00e2m trong m\u00ecnh v\u00e0o th\u1eddi \u0111i\u1ec3m \u0111\u00f3 r\u1ea5t l\u1edbn n\u00ean cu\u1ed1i c\u00f9ng m\u00ecnh \u0111\u00e3 v\u01b0\u1ee3t qua. L\u00e2u d\u1ea7n th\u00e0nh quen v\u00e0 b\u00e2y gi\u1edd th\u00ec v\u1edbi s\u01b0 chuy\u1ec7n ng\u00e0y t\u1ee5ng kinh 3 l\u1ea7n, thi\u1ec1n 6-7 ti\u1ebfng \u0111\u1ed3ng h\u1ed3 kh\u00f4ng c\u00f2n l\u00e0 vi\u1ec7c kh\u00f3 n\u1eefa\u201d.<br clear=\"none\" \/><br clear=\"none\" \/>Ngo\u00e0i vi\u1ec7c thay \u0111\u1ed5i gi\u1edd gi\u1ea5c, vi\u1ec7c chuy\u1ec3n t\u1eeb ch\u1ebf \u0111\u1ed9 \u0103n m\u1eb7n sang \u0103n chay \u0111\u1ed1i v\u1edbi s\u01b0 Th\u00e1i H\u1ed9i c\u0169ng l\u00e0 m\u1ed9t c\u00f4ng vi\u1ec7c v\u00f4 c\u00f9ng kh\u00f3 kh\u0103n. \u201cT\u1eeb nh\u1ecf m\u00ecnh \u0111\u00e3 quen \u0103n b\u00e1nh m\u1ef3, b\u01a1\u2026 nh\u01b0ng khi qua \u0111\u00e2y ch\u1ec9 \u0111\u01b0\u1ee3c \u0103n c\u01a1m, rau v\u00e0 \u0111\u1eadu h\u1ee7 n\u00ean m\u00ecnh b\u1ecb ki\u1ec7t s\u1ee9c m\u1ed9t th\u1eddi gian. Ch\u1ec9 trong v\u00f2ng 1 th\u00e1ng, m\u00ecnh \u0111\u00e3 gi\u1ea3m t\u1eeb 90kg xu\u1ed1ng c\u00f2n 70kg. Ban \u0111\u1ea7u c\u0169ng m\u1ec7t nh\u01b0ng gi\u1edd th\u00ec s\u01b0 c\u1ea3m th\u1ea5y v\u00f3c d\u00e1ng n\u00e0y l\u00e0 chu\u1ea9n m\u00e0 m\u00ecnh c\u1ea3m th\u1ea5y kh\u1ecfe h\u01a1n l\u00fac tr\u01b0\u1edbc\u2026\u201d, s\u01b0 Th\u00e1i H\u1ed9i cho bi\u1ebft th\u00eam.<br clear=\"none\" \/><br clear=\"none\" \/>Khi n\u00f3i v\u1ec1 gia \u0111\u00ecnh m\u00ecnh b\u00ean Ph\u00e1p, s\u01b0 Th\u00e1i H\u1ed9i cho bi\u1ebft t\u1eeb ng\u00e0y qua Vi\u1ec7t Nam \u0111\u1ebfn nay, s\u01b0 \u0111\u00e3 \u0111\u01b0\u1ee3c s\u01b0 th\u1ea7y cho v\u1ec1 th\u0103m nh\u00e0 4 l\u1ea7n. L\u1ea7n v\u1ec1 m\u1edbi nh\u1ea5t c\u00e1ch \u0111\u00e2y 4 th\u00e1ng, th\u1ea5y m\u1eb9 v\u1eabn kh\u1ecfe s\u01b0 vui l\u1eafm. S\u01b0 Th\u00e1i H\u1ed9i b\u1ea3o, c\u0169ng mu\u1ed1n v\u1ec1 th\u0103m m\u1eb9 th\u01b0\u1eddng xuy\u00ean h\u01a1n nh\u01b0ng v\u00e9 m\u00e1y bay t\u1eeb Vi\u1ec7t Nam v\u1ec1 Ph\u00e1p \u0111\u1eaft qu\u00e1, s\u01b0 kh\u00f4ng \u0111\u1ee7 ti\u1ec1n!<br clear=\"none\" \/><br clear=\"none\" \/>Khi \u0111\u01b0\u1ee3c h\u1ecfi \u0111i tu th\u00ec l\u1ea5y \u0111\u00e2u ra nhi\u1ec1u ti\u1ec1n \u0111\u1ec3 v\u1ec1 th\u0103m qu\u00ea, s\u01b0 Th\u00e1i H\u1ed9i cho bi\u1ebft \u0111\u00f3 l\u00e0 tr\u00edch ra t\u1eeb ph\u1ea7n l\u00e3i c\u00f3 \u0111\u01b0\u1ee3c t\u1eeb s\u1ed1 ti\u1ec1n d\u00e0nh d\u1ee5m khi c\u00f2n \u0111i l\u00e0m, ph\u1ea7n c\u00f2n l\u1ea1i d\u00e0nh cho m\u1eb9 d\u01b0\u1ee1ng gi\u00e0.<br clear=\"none\" \/><br clear=\"none\" \/>Tr\u01b0\u1edbc khi chia tay v\u1edbi ch\u00fang t\u00f4i, s\u01b0 Th\u00edch Tr\u00fac Th\u00e1i H\u1ed9i cho bi\u1ebft t\u1eeb l\u00e2u \u0111\u00e3 xem Vi\u1ec7t Nam l\u00e0 qu\u00ea h\u01b0\u01a1ng th\u1ee9 hai c\u1ee7a m\u00ecnh v\u00e0 \u201cs\u1ebd tu \u1edf \u0111\u00e2y cho \u0111\u1ebfn khi n\u00e0o ch\u1ebft m\u1edbi th\u00f4i\u201d. \u0110\u1ed3ng th\u1eddi, s\u01b0 c\u0169ng kh\u00f4ng qu\u00ean nh\u1edd ch\u00fang t\u00f4i cho xin m\u1ea5y t\u1ea5m \u1ea3nh g\u1eedi v\u1ec1 cho m\u1eb9, b\u1edfi theo quan ni\u1ec7m c\u1ee7a v\u1ecb sa-di n\u00e0y, hi\u1ebfu k\u00ednh cha m\u1eb9 c\u0169ng l\u00e0 m\u1ed9t trong nh\u1eefng b\u1ed5n ph\u1eadn c\u1ee7a ng\u01b0\u1eddi tu s\u0129 ch\u00e2n ch\u00ednh. V\u00e0 \u0111\u00f3 c\u0169ng ch\u00ednh l\u00e0 mong mu\u1ed1n c\u1ee7a s\u01b0 khi chia tay n\u01b0\u1edbc Ph\u00e1p \u0111\u1ec3 \u0111\u1ebfn Thi\u1ec1n vi\u1ec7n Tr\u00fac L\u00e2m tu h\u00e0nh.<\/div>\n","protected":false},"excerpt":{"rendered":"<p>http:\/\/quangduc.com\/a54643\/cau-chuyen-ve-chang-thanh-nien-phap-bo-nha-sang-viet-nam-di-tu C\u00c2U CHUY\u1ec6N V\u1ec0 CH\u00c0NG THANH NI\u00caN PH\u00c1P B\u1ece NH\u00c0 SANG VI\u1ec6T NAM \u0110I TU T\u1ed1t nghi\u1ec7p \u0111\u1ea1i h\u1ecdc, \u0111ang l\u00e0m gi\u00e1m \u0111\u1ed1c \u0111i\u1ec1u h\u00e0nh \u2026 <a class=\"continue-reading-link\" href=\"https:\/\/www.pagodethienminh.fr\/?page_id=4485\">Continue \u00e0 lire <span class=\"meta-nav\">&rarr; <\/span><\/a><\/p>\n","protected":false},"author":1,"featured_media":0,"parent":1338,"menu_order":0,"comment_status":"closed","ping_status":"closed","template":"template-onecolumn.php","meta":{"_mc_calendar":[],"footnotes":""},"class_list":["post-4485","page","type-page","status-publish","hentry"],"_links":{"self":[{"href":"https:\/\/www.pagodethienminh.fr\/index.php?rest_route=\/wp\/v2\/pages\/4485","targetHints":{"allow":["GET"]}}],"collection":[{"href":"https:\/\/www.pagodethienminh.fr\/index.php?rest_route=\/wp\/v2\/pages"}],"about":[{"href":"https:\/\/www.pagodethienminh.fr\/index.php?rest_route=\/wp\/v2\/types\/page"}],"author":[{"embeddable":true,"href":"https:\/\/www.pagodethienminh.fr\/index.php?rest_route=\/wp\/v2\/users\/1"}],"replies":[{"embeddable":true,"href":"https:\/\/www.pagodethienminh.fr\/index.php?rest_route=%2Fwp%2Fv2%2Fcomments&post=4485"}],"version-history":[{"count":1,"href":"https:\/\/www.pagodethienminh.fr\/index.php?rest_route=\/wp\/v2\/pages\/4485\/revisions"}],"predecessor-version":[{"id":4486,"href":"https:\/\/www.pagodethienminh.fr\/index.php?rest_route=\/wp\/v2\/pages\/4485\/revisions\/4486"}],"up":[{"embeddable":true,"href":"https:\/\/www.pagodethienminh.fr\/index.php?rest_route=\/wp\/v2\/pages\/1338"}],"wp:attachment":[{"href":"https:\/\/www.pagodethienminh.fr\/index.php?rest_route=%2Fwp%2Fv2%2Fmedia&parent=4485"}],"curies":[{"name":"wp","href":"https:\/\/api.w.org\/{rel}","templated":true}]}}