{"id":4433,"date":"2014-10-18T09:41:08","date_gmt":"2014-10-18T09:41:08","guid":{"rendered":"http:\/\/www.pagodethienminh.fr\/?page_id=4433"},"modified":"2014-10-18T09:41:08","modified_gmt":"2014-10-18T09:41:08","slug":"tu-cai-mieng-la-tu-hon-nua-doi-nguoi-nghiep-khau","status":"publish","type":"page","link":"https:\/\/www.pagodethienminh.fr\/?page_id=4433","title":{"rendered":"Tu c\u00e1i mi\u1ec7ng l\u00e0 tu h\u01a1n n\u1eeda \u0111\u1eddi ng\u01b0\u1eddi (nghi\u1ec7p kh\u1ea9u)"},"content":{"rendered":"<div class=\"teaser\">Ch\u00fang ta mu\u1ed1n tu h\u00e0nh \u0111\u01b0\u1ee3c tinh t\u1ea5n v\u00e0 th\u00e0nh t\u1ef1u th\u00ec ph\u1ea3i tr\u00e1nh nh\u1eefng chuy\u1ec7n th\u1ecb phi, v\u00ec th\u1ecb phi m\u1ea5t r\u1ea5t nhi\u1ec1u th\u1eddi gian m\u1ed9t c\u00e1ch v\u00f4 \u00edch, m\u00e0 l\u1ea1i g\u00e2y t\u1ea1o r\u1ea5t nhi\u1ec1u nghi\u1ec7p kh\u1ea9u, oan tr\u00e1i.<\/div>\n<div class=\"image\"><img loading=\"lazy\" decoding=\"async\" class=\"aligncenter\" src=\"http:\/\/www.phatgiaonguyenthuy.com\/pictures\/medium_wmr1374746560.jpg\" alt=\"Tu c\u00e1i mi\u1ec7ng l\u00e0 tu h\u01a1n n\u1eeda \u0111\u1eddi ng\u01b0\u1eddi (nghi\u1ec7p kh\u1ea9u)\" width=\"300\" height=\"250\" \/><\/div>\n<div id=\"detail\">\n<div>Nghi\u1ec7p l\u00e0 h\u00e0nh \u0111\u1ed9ng t\u1ea1o t\u00e1c nhi\u1ec1u l\u1ea7n c\u00f3 ch\u1ee7 \u00fd, c\u00f9a Th\u00e2n, Mi\u1ec7ng v\u00e0 \u00dd, nguy\u00ean nh\u00e2n \u0111\u01b0a t\u1edbi qu\u1ea3 b\u00e1o, c\u1ea3 hai \u201cnghi\u1ec7p\u201d v\u00e0 \u201cqu\u1ea3 b\u00e1o\u201d t\u1ea1o th\u00e0nh\u201d lu\u1eadt nh\u00e2n qu\u1ea3\u201d, tu\u1ea7n ho\u00e0n kh\u00f4ng d\u1ee9t, \u0111\u01b0a con ng\u01b0\u1eddi lu\u00e2n h\u1ed3i.<\/div>\n<div><\/div>\n<div>C\u1ed1 kinh v\u00e2n:\u00a0<em>\u201cph\u00f9 s\u0129 x\u1eed th\u1ebf, ph\u1ee7 t\u1ea1i kh\u1ea9u trung, s\u1edf d\u0129 tr\u1ea1m th\u00e2n, do k\u1ef3 \u00e1c ng\u00f4n\u201d<\/em>, ngh\u0129a l\u00e0: X\u00e9t ng\u01b0\u1eddi \u1edf \u0111\u1eddi, b\u00faa \u0111\u1ec3 trong mi\u1ec7ng, s\u1edf d\u0129 gi\u1ebft ng\u01b0\u1eddi, do l\u1eddi n\u00f3i \u00e1c.<\/div>\n<div><\/div>\n<div>C\u1ed5 nh\u00e2n c\u0169ng c\u00f3 d\u1ea1y:\u00a0<em>\u201cB\u1ec7nh t\u00f9ng kh\u1ea9u nh\u1eadp, ho\u1ea1 t\u00f9ng kh\u1ea9u xu\u1ea5t\u201d<\/em>, ngh\u0129a l\u00e0: B\u1ec7nh t\u1eeb c\u00e1i mi\u1ec7ng do \u0103n u\u1ed1ng m\u00e0 \u0111em v\u00e0o, h\u1ecda c\u0169ng t\u1eeb c\u00e1i mi\u1ec7ng do n\u00f3i chuy\u1ec7n th\u1ecb phi m\u00e0 t\u1ea1o ra. Ph\u1eadt d\u1ea1y trong m\u01b0\u1eddi ( 10 ) c\u00e1i nghi\u1ec7p c\u1ee7a con ng\u01b0\u1eddi th\u00ec trong \u0111\u00f3 c\u00e1i mi\u1ec7ng \u0111\u00e3 chi\u1ebfm b\u1ed1n ( 4 ) g\u1ea7n m\u1ed9t n\u1eeda:<\/div>\n<div><\/div>\n<div>1\/ Chuy\u1ec7n kh\u00f4ng n\u00f3i c\u00f3, chuy\u1ec7n c\u00f3 n\u00f3i kh\u00f4ng<\/div>\n<div>2\/ N\u00f3i l\u1eddi hung \u00e1c<\/div>\n<div>3\/ N\u00f3i l\u01b0\u1ee1i \u0111\u00f4i chi\u1ec1u<\/div>\n<div>4\/ N\u00f3i l\u1eddi th\u00eau d\u1ec7t.<\/div>\n<div><\/div>\n<div>Nh\u01b0ng trong cu\u1ed9c s\u1ed1ng h\u1eb1ng ng\u00e0y ngo\u00e0i b\u1ed1n \u0111i\u1ec1u tr\u00ean, c\u00e1i mi\u1ec7ng c\u00f2n t\u1ea1o th\u00eam nhi\u1ec1u nghi\u1ec7p n\u1eefa nh\u01b0:<\/div>\n<div><\/div>\n<div>5\/ \u0102n u\u1ed1ng c\u1ea7u k\u1ef3<\/div>\n<div>6\/ Ph\u00ea b\u00ecnh, khen ch\u00ea<\/div>\n<div>7\/ R\u00eau rao l\u1ed7i c\u1ee7a m\u1ecdi ng\u01b0\u1eddi (T\u1ee9 ch\u00fang), to\u00e0n l\u00e0 nh\u1eefng \u0111i\u1ec1u t\u1ed5n ph\u01b0\u1edbc v\u00e0 t\u1ed9i ph\u1ea3i \u0111o\u1ea1 v\u00e0o \u0111\u1ecba ng\u1ee5c, c\u0169ng nh\u01b0 l\u00e0m m\u00edch l\u00f2ng, g\u00e2y m\u00e2u thu\u1eabn, h\u1eadn th\u00f9 gi\u1ebft h\u1ea1i l\u1eabn nhau m\u00e0 th\u00f4i.<\/div>\n<div><\/div>\n<div>Do v\u1eady kinh c\u0169ng d\u1ea1y, trong sinh ho\u1ea1t h\u1eb1ng ng\u00e0y c\u00f3 4 h\u1ea1ng ng\u01b0\u1eddi ch\u00fang ta n\u00ean tr\u00e1nh:<\/div>\n<div><\/div>\n<div>1\/ Hay n\u00f3i l\u1ed7i k\u1ebb kh\u00e1c<\/div>\n<div>2\/ Hay n\u00f3i chuy\u1ec7n m\u00ea t\u00edn, t\u00e0 ki\u1ebfn<\/div>\n<div>3\/ Mi\u1ec7ng t\u1ed1t, b\u1ee5ng x\u1ea5u (kh\u1ea9u Ph\u1eadt, t\u00e2m x\u00e0)<\/div>\n<div>4\/ L\u00e0m \u00edt k\u1ec3 nhi\u1ec1u. T\u1eeb c\u00e1i mi\u1ec7ng m\u00e0 ta c\u00f3 th\u1ec3 bi\u1ebft t\u00e2m \u00fd v\u00e0 \u0111\u00e1nh gi\u00e1 \u0111\u01b0\u1ee3c ng\u01b0\u1eddi kh\u00e1c, \u0111\u1ec3 c\u00f3 c\u00e1ch \u1ee9ng x\u1eed th\u00edch nghi.<\/div>\n<div><\/div>\n<div>C\u1ee7a c\u1ea3i d\u00f9 to l\u1edbn nh\u01b0 n\u00fai, nh\u01b0ng c\u00e1i mi\u1ec7ng \u0103n l\u00e2u ng\u00e0y c\u0169ng h\u1ebft. Ph\u01b0\u1edbc \u0111\u1ee9c d\u00f9 c\u1ef1c kh\u1ed5 gieo t\u1ea1o nhi\u1ec1u \u0111\u1eddi, nh\u01b0ng do c\u00e1i mi\u1ec7ng t\u1ea1o nghi\u1ec7p, ph\u00ea b\u00ecnh, ch\u1ec9 tr\u00edch, n\u00f3i l\u1eddi \u00e1c&#8230; th\u00ec trong gi\u00e2y ph\u00fat c\u0169ng c\u00f3 th\u1ec3 ti\u00eau tan.<\/div>\n<div><\/div>\n<div>Ng\u01b0\u1eddi x\u01b0a c\u0169ng c\u00f3 d\u1ea1y:\u00a0<em>\u201c Kh\u1ea9u khai th\u1ea7n kh\u00ed t\u00e1n. Thi\u1ec7t \u0111\u1ed9ng th\u1ecb phi sanh\u201d<\/em>, t\u1ee9c l\u00e0 m\u1edf mi\u1ec7ng nhi\u1ec1u l\u1eddi s\u1ebd hao t\u1ed7n th\u1ea7n kh\u00ed, l\u01b0\u1ee1i \u0111\u1ed9ng th\u01b0\u1eddng n\u00f3i chuy\u1ec7n ph\u1ea3i tr\u00e1i, h\u01a1n thua, \u0111\u1eb9p x\u1ea5u, khen ch\u00ea&#8230;\u0111\u1ec3 r\u1ed3i ph\u1ea3i tranh \u0111\u1ea5u, m\u1ea1 l\u1ecb l\u1eabn nhau khi\u1ebfn sanh ra l\u1eafm chuy\u1ec7n th\u01b0\u01a1ng t\u00e2m.<\/div>\n<div><\/div>\n<div>\u0110\u1ea5y l\u00e0 ch\u1ec9 n\u00f3i s\u01a1 qua nh\u1eefng \u0111i\u1ec1u tai h\u1ea1i th\u01b0\u1eddng x\u1ea3y ra h\u1eb1ng ng\u00e0y c\u1ee7a c\u00e1i mi\u1ec7ng, c\u00f2n l\u1ea1i su\u1ed1t trong m\u1ed9t \u0111\u1eddi ng\u01b0\u1eddi, do tho\u1ea3 th\u00edch cho c\u00e1i mi\u1ec7ng m\u00e0 ch\u00fang ta \u0111\u00e3 t\u1ea1o kh\u00f4ng bi\u1ebft bao t\u1ed9i l\u1ed7i. Do v\u1eady m\u00e0 T\u00e2y ph\u01b0\u01a1ng c\u0169ng c\u00f3 d\u1ea1y:\u00a0<em>\u201dTr\u01b0\u1edbc khi n\u00f3i ph\u1ea3i u\u1ed1ng l\u01b0\u1ee1i b\u1ea3y l\u1ea7n\u201d<\/em>\u00a0l\u00e0 v\u1eady.<\/div>\n<div><\/div>\n<div>C\u0169ng c\u00f3 k\u1ec7 r\u1eb1ng:<\/div>\n<div><\/div>\n<div><em>\u201cTr\u0103m n\u0103m v\u1eadt \u0111\u1ed5i sao d\u1eddi,\u00a0<\/em><\/div>\n<div><em>M\u1ed9t c\u00e2u qu\u00fd gi\u00e1 mu\u00f4n \u0111\u1eddi con ghi.\u00a0<\/em><\/div>\n<div><em>M\u1edf l\u1eddi tr\u01b0\u1edbc ph\u1ea3i x\u00e9t suy,<\/em><\/div>\n<div><em>R\u1eb1ng ta c\u1ea5t ti\u1ebfng \u00edch chi ch\u0103ng l\u00e0\u201d.<\/em><\/div>\n<div><\/div>\n<div>L\u1ea1i c\u00f3 th\u01a1:<\/div>\n<div><\/div>\n<div><em>\u201cL\u1eddi n\u00f3i \u0111\u1ed5i tr\u1eafng thay \u0111en,<\/em><\/div>\n<div><em>Thi\u00ean \u0111\u00e0ng, \u0111i\u1ea1 ng\u1ee5c bon chen l\u1ed1i v\u00e0o?<\/em><\/div>\n<div><em>Tr\u1ef1c ng\u00f4n t\u00e2m ch\u1eb3ng lao xao.<\/em><\/div>\n<div><em>Gi\u1eef t\u00e2m thi\u1ec1n \u0111\u1ecbnh bi\u1ebft bao an l\u00e0nh.\u201d<\/em><\/div>\n<div><\/div>\n<div>L\u00e0m \u01a1n hay b\u1ecb m\u1eafc o\u00e1n, c\u0169ng do c\u00e1i mi\u1ec7ng n\u1ea7y hay k\u1ec3 c\u00f4ng, m\u1eafng nhi\u1ebfc, n\u00f3i s\u1ec9 nh\u1ee5c ng\u01b0\u1eddi:<\/div>\n<div><\/div>\n<div><em>\u201cTh\u1ea7n kh\u1ea9u n\u00f3 h\u1ea1i x\u00e1c ph\u00e0m,<\/em><\/div>\n<div><em>Ng\u01b0\u1eddi n\u00e0o n\u00f3i qu\u00e1 h\u1ecda l\u00e0m kh\u1ed5 th\u00e2n.<\/em><\/div>\n<div><em>L\u1ee1 ch\u00e2n g\u01b0\u1ee3ng \u0111\u01b0\u1ee3c \u0111\u1ee1 l\u00ean.\u00a0<\/em><\/div>\n<div><em>L\u1ee1 mi\u1ec7ng g\u00e2y h\u1ecda ph\u1ea3i \u0111\u1ec1n tr\u1ea3 th\u00f4i&#8221;\u00a0<\/em><\/div>\n<div><\/div>\n<div>C\u00e1i mi\u1ec7ng n\u1ea7y r\u1ea5t tai h\u1ea1i, \u0103n u\u1ed1ng th\u00ec c\u1ea7u k\u1ef3 mu\u1ed1n nu\u1ed1t v\u00e0o nh\u1eefng m\u00f3n ngon v\u1eadt l\u1ea1 cho kh\u00f3ai kh\u1ea9u, v\u1eeba hao t\u1ed1n ti\u1ec1n c\u1ee7a, v\u1eeba \u0111em b\u1ec7nh v\u00e0o th\u00e2n, v\u00ec \u0111\u1ed9ng th\u1ef1c v\u1eadt b\u00e2y gi\u1edd s\u1ea3n xu\u1ea5t ch\u1ea1y theo l\u1ee3i nhu\u1eadn n\u00ean s\u1eed d\u1ee5ng h\u00f3a ch\u1ea5t r\u1ea5t nhi\u1ec1u, n\u1ebfu kh\u00f4ng bi\u1ebft ki\u00eang c\u1eef th\u00ec b\u1ec7nh nan y mang v\u00e0o th\u00e2n, \u0111\u1ec3 t\u1ef1 l\u00e0m kh\u1ed5 m\u00ecnh v\u00e0 l\u00e0m kh\u1ed5 bao ng\u01b0\u1eddi, ph\u1ea3i lo ch\u1ea1y ch\u1eefa, l\u00e0 chuy\u1ec7n \u0111\u01b0\u01a1ng nhi\u00ean.<\/div>\n<div><\/div>\n<div>C\u00e1i mi\u1ec7ng c\u0169ng c\u00f3 nhi\u1ec1u c\u00e1i l\u1ee3i: d\u00f9ng \u0111\u1ec3 \u0103n u\u1ed1ng t\u1ed1t, nu\u00f4i d\u01b0\u1ee1ng c\u01a1 th\u1ec3, d\u00f9ng \u0111\u1ec3 n\u00f3i n\u0103ng giao ti\u1ebfp trong h\u1eb1ng ng\u00e0y, t\u1ea1o m\u1ed1i th\u00e2m t\u00ecnh, giao h\u1ea3o h\u00e0i h\u00f2a, th\u00f4ng hi\u1ec3u l\u1eabn nhau, d\u00f9ng \u0111\u1ec3 thuy\u1ebft gi\u1ea3ng, t\u1ee5ng ni\u1ec7m, d\u1ea1y h\u1ecdc, truy\u1ec1n ki\u1ebfn th\u1ee9c v\u00e0 nh\u1eefng \u0111i\u1ec1u l\u1ee3i \u00edch \u0111\u1ebfn \u0111\u01b0\u1ee3c nhi\u1ec1u ng\u01b0\u1eddi.<\/div>\n<div><\/div>\n<div>\u0110\u1ecdc c\u00e2u chuy\u1ec7n trong Qu\u1ed1c v\u0103n Gi\u00e1o khoa th\u01b0 sau \u0111\u00e2y s\u1ebd th\u1ea5y \u0111\u01b0\u1ee3c s\u1ef1 l\u1ee3i h\u1ea1i v\u1ec1 c\u00e1i mi\u1ec7ng, l\u01b0\u1ee1i:<\/div>\n<div><\/div>\n<div><em>M\u1ed9t h\u00f4m \u00f4ng ph\u00fa h\u1ed9 ra l\u1ec7nh cho ng\u01b0\u1eddi l\u00e0m gi\u1ebft heo v\u00e0 ch\u1ecdn ph\u1ea7n qu\u00ed nh\u1ea5t c\u1ee7a con heo l\u00e0m cho \u00f4ng m\u1ed9t m\u00f3n \u0103n. Ng\u01b0\u1eddi l\u00e0m v\u00e2ng l\u1eddi v\u00e0 sau \u0111\u00f3 d\u00e2ng cho \u00f4ng m\u1ed9t m\u00f3n \u0103n m\u00e0 ph\u1ea7n qu\u00ed nh\u1ea5t l\u00e0 c\u00e1i l\u01b0\u1ee1i heo. \u00d4ng ph\u00fa h\u1ed9 h\u1ecfi t\u1ea1i sao th\u00ec ng\u01b0\u1eddi l\u00e0m tr\u1ea3 l\u1eddi r\u1eb1ng c\u00e1i l\u01b0\u1ee1i l\u00e0 b\u1ed9 ph\u1eadn qu\u00ed nh\u1ea5t, v\u00ec nh\u1edd c\u00e1i l\u01b0\u1ee1i m\u00e0 con ng\u01b0\u1eddi c\u00f3 th\u1ec3 di\u1ec5n \u0111\u1ea1t nh\u1eefng t\u00ecnh c\u1ea3m ch\u00e2n th\u00e0nh, nh\u1eefng \u00fd t\u01b0\u1edfng cao si\u00eau, \u00edch n\u01b0\u1edbc l\u1ee3i d\u00e2n v\u00e0 c\u00f3 \u00edch cho nh\u00e2n lo\u1ea1i.<\/em><\/div>\n<div><\/div>\n<div><em>\u00cdt l\u00e2u sau, \u00f4ng ph\u00fa h\u1ed9 l\u1ea1i ra l\u1ec7nh cho ng\u01b0\u1eddi l\u00e0m gi\u1ebft heo v\u00e0 ch\u1ecdn m\u1ed9t b\u1ed9 ph\u1eadn x\u1ea5u xa nh\u1ea5t l\u00e0m cho \u00f4ng m\u1ed9t m\u00f3n \u0103n. Ng\u01b0\u1eddi l\u00e0m v\u00e2ng l\u1eddi v\u00e0 sau \u0111\u00f3 d\u00e2ng cho \u00f4ng ph\u00fa h\u1ed9 m\u1ed9t d\u0129a \u0111\u1ed3 \u0103n m\u00e0 b\u1ed9 ph\u1eadn x\u1ea5u xa nh\u1ea5t l\u1ea1i c\u0169ng l\u00e0 c\u00e1i l\u01b0\u1ee1i heo. \u00d4ng ph\u00fa h\u1ed9 h\u1ecfi t\u1ea1i sao, ng\u01b0\u1eddi l\u00e0m b\u00e8n tr\u1ea3 l\u1eddi r\u1eb1ng v\u00ec c\u00e1i l\u01b0\u1ee1i c\u00f3 th\u1ec3 n\u00f3i l\u00ean nh\u1eefng l\u1eddi n\u00f3i x\u1ea5u xa nh\u1ea5t t\u00e0n \u00e1c nh\u1ea5t l\u00e0m tan n\u00e1t gia \u0111\u00ecnh x\u00e3 h\u1ed9i v\u00e0 c\u00f3 th\u1ec3 khuynh \u0111\u1ea3o n\u01b0\u1edbc nh\u00e0 ngay c\u1ea3 l\u00e0m h\u1ea1i cho nh\u00e2n lo\u1ea1i. \u00d4ng ph\u00fa h\u1ed9 v\u00f4 c\u00f9ng ng\u1ee3i khen s\u1ef1 th\u00f4ng minh c\u1ee7a ng\u01b0\u1eddi l\u00e0m.<\/em><\/div>\n<div><\/div>\n<div>Th\u1eadt l\u00e0 c\u00e1i l\u01b0\u1ee1i kh\u00f4ng x\u01b0\u01a1ng nhi\u1ec1u \u0111\u01b0\u1eddng l\u1eafc l\u00e9o. Ng\u01b0\u1eddi x\u01b0a c\u0169ng c\u00f3 n\u00f3i\u00a0<em>\u201cNh\u1ee9t ng\u00f4n kh\u1ea3 d\u0129 h\u01b0ng bang, nh\u1ee9t ng\u00f4n kh\u1ea3 d\u0129 t\u00e1n bang\u201d,<\/em>\u00a0ngh\u0129a l\u00e0 m\u1ed9t l\u1eddi n\u00f3i c\u00f3 th\u1ec3 x\u00e2y d\u1ef1ng n\u01b0\u1edbc nh\u00e0, m\u00e0 c\u0169ng c\u00f3 th\u1ec3 l\u00e0m tan n\u00e1t n\u01b0\u1edbc nh\u00e0.<\/div>\n<div><\/div>\n<div>L\u01b0\u1ee3c s\u01a1 qua nh\u1eefng \u0111i\u1ec1u l\u1ee3i h\u1ea1i, th\u00ec ch\u00fang ta \u0111\u00e3 th\u1ea7y c\u00e1i mi\u1ec7ng, l\u01b0\u1ee1i c\u1ee7a ng\u01b0\u1eddi th\u1ebf gian \u0111i\u1ec1u h\u1ea1i s\u1ebd nhi\u1ec1u h\u01a1n \u0111i\u1ec1u l\u1ee3i r\u1ed3i. T\u1ea1o h\u00f3a sinh ra con ng\u01b0\u1eddi c\u00f3 hai l\u1ed5 tai, nh\u01b0ng ch\u1ec9 c\u00f3 m\u1ed9t c\u00e1i mi\u1ec7ng, cho n\u00ean ph\u1ea3i nghe nhi\u1ec1u h\u01a1n n\u00f3i, m\u1edbi \u0111\u00fang v\u1edbi t\u1ef1 nhi\u00ean, \u0111\u01b0\u1ee3c th\u00e2n ng\u01b0\u1eddi l\u00e0 kh\u00f3, c\u00f3 \u0111\u1ea7y \u0111\u1ee7 l\u1ee5c c\u0103n v\u00e0 mi\u1ec7ng l\u01b0\u1ee1i tr\u1ecdn v\u1eb9n l\u00e0 ph\u01b0\u1edbc \u0111\u1ee9c qu\u00e1 r\u1ed3i, h\u00e3y nh\u00e2n v\u1ed1n ph\u01b0\u1edbc b\u00e1u n\u1ea7y m\u00e0 gieo tr\u1ed3ng th\u00eam ph\u01b0\u1edbc \u0111\u1ee9c ra n\u1eefa, th\u00ec m\u1edbi l\u00e0 ng\u01b0\u1eddi kh\u00f4n, b\u1edfi v\u1eady ph\u1ea3i lo:\u00a0<strong>Tu c\u00e1i mi\u1ec7ng l\u00e0 \u0111i\u1ec1u c\u1ea7n thi\u1ebft nh\u1ea5t v\u00e0 xem nh\u01b0 tu h\u01a1n n\u1eeda \u0111\u1eddi ng\u01b0\u1eddi r\u1ed3i.\u00a0<\/strong><\/div>\n<div><\/div>\n<div>C\u00f3 l\u1eddi d\u1ea1y d\u1ea1y:<\/div>\n<div><\/div>\n<div><em>\u201c Ng\u01b0\u1eddi kh\u00f4n n\u00f3i \u00edt nghe nhi\u1ec1u,<\/em><\/div>\n<div><em>L\u1ef1a l\u1eddi \u0111\u1ed1i \u0111\u00e1p, l\u1ef1a \u0111i\u1ec1u h\u1ecfi han,<\/em><\/div>\n<div><em>Tr\u01b0\u1edbc ng\u01b0\u1eddi hi\u1ec3u r\u00f5 kh\u00f4n ngoan.\u00a0<\/em><\/div>\n<div><em>Nh\u01b0\u1eddng tr\u00ean m\u1ed9t b\u01b0\u1edbc r\u1ed9ng \u0111\u01b0\u1eddng d\u1ec3 \u0111i.<\/em><\/div>\n<div><em>Vi\u1ec7c ng\u01b0\u1eddi ch\u1edb n\u00f3i l\u00e0m chi.<\/em><\/div>\n<div><em>Chuy\u1ec7n m\u00ecnh m\u00ecnh bi\u1ebft, v\u1eady th\u00ec m\u1edbi kh\u00f4n\u201d<\/em><\/div>\n<div><\/div>\n<div>Ng\u01b0\u1eddi \u0111\u1eddi c\u0169ng c\u00f3 c\u00e2u:<\/div>\n<div><\/div>\n<div><em>\u201c Chim kh\u00f4n h\u00e1t ti\u1ebfng r\u1ea3nh rang.<\/em><\/div>\n<div><em>Ng\u01b0\u1eddi kh\u00f4n n\u00f3i ti\u1ebfng d\u1ecbu d\u00e0ng d\u1ec5 nghe.\u00a0<\/em><\/div>\n<div><em>Nghe r\u1ed3i t\u1ecf ng\u1ed9 B\u1ed3 \u0111\u1ec1.\u00a0<\/em><\/div>\n<div><em>Khuy\u00ean ng\u01b0\u1eddi ni\u1ec7m Ph\u1eadt \u0111\u1ed3ng v\u1ec1 T\u00e2y ph\u01b0\u01a1ng\u201d.<\/em><\/div>\n<div><\/div>\n<div>L\u1ea1i c\u0169ng c\u00f3 th\u01a1:<\/div>\n<div><\/div>\n<div><em>\u201cB\u1edbt \u0111i l\u1eddi n\u00f3i th\u1ecb phi,\u00a0<\/em><\/div>\n<div><em>B\u1edbt \u0111i t\u1ed9i l\u1ed7i s\u00e2n si \u0111au bu\u1ed3n\u00a0<\/em><\/div>\n<div><em>Th\u00eam c\u00e2u ni\u1ec7m Ph\u1eadt nhi\u1ec1u h\u01a1n.\u00a0<\/em><\/div>\n<div><em>Ph\u01b0\u1edbc \u0111i\u1ec1n th\u00eam l\u1edbn t\u00e2m h\u1ed3n th\u00eam vui&#8221;\u00a0<\/em><\/div>\n<div><\/div>\n<div>V\u00e0:<\/div>\n<div><\/div>\n<div><em>\u201c\u00cdt n\u00f3i m\u1ed9t c\u00e2u chuy\u1ec7n,<\/em><\/div>\n<div><em>Ni\u1ec7m nhi\u1ec1u m\u1ed9t c\u00e2u Ph\u1eadt,<\/em><\/div>\n<div><em>\u0110\u00e1nh ch\u1ebft \u0111\u01b0\u1ee3c v\u1ecdng ni\u1ec7m,<\/em><\/div>\n<div><em>Ph\u00e1p th\u00e2n ta hi\u1ec7n ti\u1ec1n\u201d.<\/em><\/div>\n<div><\/div>\n<div>Trong kinh Ph\u00e1p C\u00fa, Ph\u1eadt c\u00f3 d\u1ea1y:<\/div>\n<div><\/div>\n<div><em>&#8211; \u201c D\u1ea7u n\u00f3i ng\u00e0n ng\u00e0n l\u1eddi, Nh\u01b0ng kh\u00f4ng g\u00ec l\u1ee3i \u00edch, t\u1ed1t h\u01a1n m\u1ed9t c\u00e2u ngh\u0129a, nghe xong \u0111\u01b0\u1ee3c t\u1ecbnh l\u1ea1c\u201d<\/em>. PC 100.<\/div>\n<div><\/div>\n<div>hay:<\/div>\n<div><\/div>\n<div><em>&#8211; \u201c Kh\u00f4ng ph\u1ea3i v\u00ec n\u00f3i nhi\u1ec1u, m\u1edbi x\u1ee9ng danh b\u1eadc tr\u00ed, an \u1ed5n kh\u00f4ng o\u00e1n s\u1ee3, th\u1eadt \u0111\u00e1ng g\u1ecdi b\u1eadc tr\u00ed\u201d<\/em>\u00a0PC 258<\/div>\n<div><\/div>\n<div><em>&#8211; \u201c Kh\u00f4ng ph\u1ea3i v\u00ec n\u00f3i nhi\u1ec1u, l\u00e0 th\u1ecd tr\u00ec ch\u00e1nh ph\u00e1p, ng\u01b0\u1eddi nghe \u00edt di\u1ec7u ph\u00e1p, nh\u01b0ng tr\u1ef1c nh\u1eadn vi\u00ean dung, ch\u00e1nh ph\u00e1p kh\u00f4ng bu\u00f4ng lung, l\u00e0 th\u1ecd tr\u00ec Ph\u1eadt Ph\u00e1p\u201d<\/em>. PC 259.<\/div>\n<div><\/div>\n<div>Ph\u1eadt c\u0169ng c\u00f3 d\u1ea1y:\u00a0<em>\u201cL\u00e0m thinh nh\u01b0 ch\u00e1nh ph\u00e1p, n\u00f3i n\u0103ng nh\u01b0 ch\u00e1nh ph\u00e1p\u201d<\/em>\u00a0l\u00e0 nh\u01b0 v\u1eady.<\/div>\n<div><\/div>\n<div>L\u00e0 ng\u01b0\u1eddi tu, m\u1ed9t l\u1eddi n\u00f3i ra ph\u1ea3i gi\u00fap cho nhi\u1ec1u ng\u01b0\u1eddi th\u00f4ng hi\u1ec3u, an l\u1ea1c, l\u1ee3i \u00edch th\u00ec ch\u00fang ta kh\u00f4ng ti\u1ebfc l\u1eddi, ph\u01b0\u1edbc \u0111\u1ee9c c\u0169ng r\u1ea5t v\u00f4 bi\u00ean, nh\u01b0ng r\u1ea5t ph\u1ea3i c\u1ea9n ng\u00f4n, c\u1ea9n ng\u1eef khi ph\u1ea3i n\u00f3i ra nh\u1eefng l\u1eddi khi\u1ebfn ng\u01b0\u1eddi kh\u00e1c ph\u1ea3i kh\u1ed5 \u0111au, thi\u1ec7t h\u1ea1i, th\u00ec ch\u00fang ta s\u1ebd ph\u1ea3i g\u1eb7t h\u00e1i nh\u1eefng \u0111i\u1ec1u t\u01b0\u01a1ng \u1ee9ng.<\/div>\n<div><\/div>\n<div>T\u1ea1o Ph\u01b0\u1edbc \u0111\u1ee9c c\u1ea3 m\u1ed9t \u0111\u1eddi, nh\u01b0ng ch\u1ec9 c\u1ea7n m\u1ed9t l\u1eddi \u00e1c kh\u1ea9u n\u00f3i ra l\u00e0 ti\u00eau tan trong gi\u00e2y ph\u00fat.\u00a0<em>\u201cL\u1eddi n\u00f3i kh\u00f4ng m\u1ea5t ti\u1ec1n mua, l\u1ef1a l\u1eddi m\u00e0 n\u00f3i cho v\u1eeba l\u00f2ng nhau\u201d.<\/em>\u00a0Nh\u1ea5t l\u00e0 ch\u00fang ta mu\u1ed1n tu h\u00e0nh \u0111\u01b0\u1ee3c tinh t\u1ea5n v\u00e0 th\u00e0nh t\u1ef1u th\u00ec ph\u1ea3i tr\u00e1nh nh\u1eefng chuy\u1ec7n th\u1ecb phi, v\u00ec th\u1ecb phi m\u1ea5t r\u1ea5t nhi\u1ec1u th\u1eddi gian m\u1ed9t c\u00e1ch v\u00f4 \u00edch, m\u00e0 l\u1ea1i g\u00e2y t\u1ea1o r\u1ea5t nhi\u1ec1u nghi\u1ec7p kh\u1ea9u, oan tr\u00e1i.<\/div>\n<div><\/div>\n<div>C\u00f3 b\u00e0i th\u01a1 r\u1ea5t hay:<\/div>\n<div><\/div>\n<div><em>\u201cL\u1eddi qua ti\u1ebfng l\u1ea1i &#8211; gi\u1ea3i quy\u1ebft chi \u0111\u00e2u? Sao kh\u00f4ng d\u1eebng l\u1ea1i &#8211; k\u1ebbo h\u1ed1 th\u00eam s\u00e2u.<\/em><\/div>\n<div><em>L\u1eddi qua ti\u1ebfng l\u1ea1i &#8211; \u0111\u01b0a ta \u0111\u1ebfn \u0111\u00e2u? Sao kh\u00f4ng th\u1edf nh\u1eb9 &#8211; m\u0129m c\u01b0\u1eddi nh\u00ecn nhau.<\/em><\/div>\n<div><em>L\u1eddi qua ti\u1ebfng l\u1ea1i &#8211; \u0111\u01b0a ta \u0111\u1ebfn \u0111\u00e2u ? Sao kh\u00f4ng d\u1eebng l\u1ea1i &#8211; th\u1edf nh\u1eb9 v\u00e0 s\u00e2u.\u201d<\/em><\/div>\n<div><\/div>\n<div>Xin lu\u00f4n nh\u1edb cho r\u1eb1ng:<\/div>\n<div><\/div>\n<div><em>\u201c Tr\u0103m n\u0103m bia \u0111\u00e1 th\u00ec m\u00f2n, ng\u00e0n n\u0103m bia mi\u1ec7ng v\u1eabn con tr\u01a1 tr\u01a1\u201d<\/em><\/div>\n<div><\/div>\n<div>v\u00e0:<\/div>\n<div><\/div>\n<div><em>Ai \u01a1i ! \u00cdt n\u00f3i l\u00e0 v\u00e0ng<\/em><\/div>\n<div><em>N\u00f3i nhi\u1ec1u t\u1ed9i l\u1ed7i tr\u00e1i ngang c\u0169ng nhi\u1ec1u<\/em><\/div>\n<div><em>Chi b\u1eb1ng \u00edt n\u00f3i bao nhi\u00eau<\/em><\/div>\n<div><em>Kh\u1ecfi \u0111i\u1ec1u phi\u1ec1n n\u00e3o, kh\u1ecfi \u0111i\u1ec1u th\u1ecb phi<\/em><\/div>\n<div><em>H\u1eb1ng ng\u00e0y tam nghi\u1ec7p v\u00f4 vi<\/em><\/div>\n<div><em>Kh\u00f4ng tranh nh\u00e2n qu\u1ea3 c\u00f3 g\u00ec \u0111\u1ea3o \u0111i\u00ean<\/em><\/div>\n<div><em>Kh\u00f4ng nghi\u1ec7p ch\u01b0\u1edbng ch\u1eb3ng l\u1ee5y phi\u1ec1n v\u00f4 \u01b0u,<\/em><\/div>\n<div><em>v\u00f4 n\u00e3o n\u01b0\u01a1ng thuy\u1ec1n ti\u00eau dao.<\/em><\/div>\n<div><\/div>\n<div>L\u1ee3i h\u1ea1i nh\u01b0 v\u1eady \u0111\u1ea5y, n\u00ean m\u1ed7i ch\u00fang h\u00e3y mau lo tu c\u00e1i mi\u1ec7ng v\u1eady.<\/div>\n<div><\/div>\n<div>Trong cu\u1ed9c s\u1ed1ng h\u1eb1ng ng\u00e0y ch\u00fang ta th\u01b0\u1eddng \u0111\u1ed1i \u0111\u00e3i v\u1edbi nhau, c\u00e1i mi\u1ec7ng ph\u1ea3i lu\u00f4n m\u1ec9m c\u01b0\u1eddi, nh\u1ea1y l\u1eddi xin l\u1ed7i v\u00e0 tr\u1ecdng l\u1eddi c\u1ea3m \u01a1n. Ph\u1ea3i t\u01b0\u01a1ng k\u00ednh, d\u00f9ng \u00e1i ng\u1eef, kh\u00f4ng ti\u1ebfc l\u1eddi khen, t\u00e1n d\u01b0\u01a1ng, ca t\u1ee5ng, truy\u1ec1n rao nh\u1eefng ng\u01b0\u1eddi t\u1ed1t, vi\u1ec7c t\u1ed1t, nh\u1eefng \u0111i\u1ec1u hay, l\u1ebd ph\u1ea3i \u0111\u1ec3 nh\u00e2n nh\u1eefng \u0111i\u1ec3n h\u00ecnh t\u1ed1t \u0111\u1eb9p ra th\u00eam l\u00e0m t\u00f4 th\u1eafm cu\u1ed9c \u0111\u1eddi. Ph\u1ea3i r\u1ea5t d\u00e8 d\u1eb7t ti\u1ebfng ch\u00ea. N\u00ean \u0103n chay \u0111\u1ec3 b\u1ea3o v\u1ec7 m\u00f4i tr\u01b0\u1eddng v\u00e0 c\u1ee9u tinh c\u1ea7u. Kh\u00f4ng n\u00f3i d\u1ed1i, m\u00e0 ph\u1ea3i n\u00f3i nh\u1eefng l\u1eddi ch\u00e2n th\u1eadt. Kh\u00f4ng d\u1ed1i g\u1ea1t, ta s\u1ebd nh\u1eadn \u0111\u01b0\u1ee3c nhi\u1ec1u uy th\u1ebf, ti\u1ebfng t\u0103m. Kh\u00f4ng n\u00f3i l\u1eddi th\u00eau d\u1ec7t, m\u00e0 n\u00f3i nh\u1eefng l\u1eddi trung th\u1ef1c, s\u1ebd \u0111\u01b0\u1ee3c nhi\u1ec1u ng\u01b0\u1eddi k\u00ednh m\u1ebfn. Kh\u00f4ng n\u00f3i l\u1eddi \u0111\u00e2m th\u1ecdc, m\u00e0 n\u00f3i l\u1eddi ho\u00e0 h\u1ee3p s\u1ebd \u0111\u01b0\u1ee3c nhi\u1ec1u ng\u01b0\u1eddi \u1ee7ng h\u1ed9. Kh\u00f4ng n\u00f3i l\u1eddi th\u00f4 \u00e1c, m\u00e0 n\u00f3i to\u00e0n nh\u1eefng l\u1eddi h\u00f2a nh\u00e3, th\u01b0\u01a1ng y\u00eau, s\u1ebd c\u00f3 cu\u1ed9c s\u1ed1ng cao sang. \u0110\u1ea5y l\u00e0 nh\u1eefng ph\u00e1p tu cho c\u00e1i mi\u1ec7ng, r\u1ea5t hay, r\u1ea5t b\u1ed5 \u00edch, ch\u00fang ta c\u1ea7n th\u1ef1c hi\u1ec7n theo, \u0111\u1ec3 g\u1eb7t h\u00e1i \u0111\u01b0\u1ee3c nhi\u1ec1u ph\u01b0\u1edbc \u0111\u1ee9c, l\u00fac \u0111\u00f3 cu\u1ed9c \u0111\u1eddi, gia \u0111\u00ecnh v\u00e0 x\u00e3 h\u1ed9i, trong hi\u1ec7n t\u1ea1i \u0111\u01b0\u1ee3c thanh b\u00ecnh, an \u0111\u1eb9p v\u00e0 t\u01b0\u01a1ng lai s\u1ebd sanh v\u00e0o n\u01a1i an l\u1ea1c, th\u1eadt h\u1ea1nh ph\u00fac n\u00e0o b\u1eb1ng.<\/div>\n<div><\/div>\n<div><\/div>\n<div>Th\u01a1 v\u1ec1 NGHI\u1ec6P KH\u1ea8U<\/div>\n<div><\/div>\n<div><em>Kinh d\u1ea1y c\u00e1i mi\u1ec7ng t\u1ed9i l\u1ed7i v\u00f4 c\u00f9ng<\/em><\/div>\n<div><em>Nghi\u1ec7p kh\u1ea9u c\u00f3 b\u1ed1n, n\u00f3i chung r\u1ea5t nhi\u1ec1u<\/em><\/div>\n<div><em>L\u1eddi th\u1eddi hung \u00e1c, l\u01b0\u1ee1i l\u1ea1i \u0111\u00f4i chi\u1ec1u<\/em><\/div>\n<div><em>Chuy\u1ec7n kh\u00f4ng n\u00f3i c\u00f3, c\u00f3 th\u1eddi n\u00f3i kh\u00f4ng<\/em><\/div>\n<div><\/div>\n<div><em>Nhi\u1ec1u l\u1eddi th\u00eau d\u1ec7t, l\u1eafm chuy\u1ec7n vi\u1ec5n v\u00f4ng<\/em><\/div>\n<div><em>\u0110\u00e2m b\u00ec th\u00f3c n\u1ecd th\u1ecdc b\u00ec g\u1ea1o kia\u00a0<\/em><\/div>\n<div><em>Khi\u1ebfn cho bao k\u1ebb ch\u1ecbu c\u1ea3nh chia l\u00eca<\/em><\/div>\n<div><em>N\u00e1t tan nh\u00e0 c\u1eeda gia \u0111\u00ecnh th\u1ea3m th\u01b0\u01a1ng<\/em><\/div>\n<div><\/div>\n<div><em>L\u1ea1i th\u00eam rao l\u1ed7i t\u1ee9 ch\u00fang b\u1ed1n ph\u01b0\u01a1ng<\/em><\/div>\n<div><em>Tr\u01b0\u1edbc m\u1eb7t khen n\u1ecbnh sau l\u01b0ng ch\u00ea c\u01b0\u1eddi<\/em><\/div>\n<div><em>Th\u01b0\u01a1ng thay ng\u01b0\u1eddi l\u1ea1i bi\u1ebfn th\u00e0nh \u0111\u01b0\u1eddi \u01b0\u01a1i<\/em><\/div>\n<div><em>\u0110\u1ec3 cho \u0111\u00e1nh m\u1ea5t t\u00ecnh ng\u01b0\u1eddi trong ta.<\/em><\/div>\n<div><\/div>\n<div><em>C\u00e1i mi\u1ec7ng \u0103n u\u1ed1ng r\u1ea5t \u0111\u1ed5i xa hoa<\/em><\/div>\n<div><em>Gi\u1ebft bao lo\u00e0i v\u1eadt \u0111\u1ec3 m\u00e0 nu\u00f4i th\u00e2n<\/em><\/div>\n<div><em>Nh\u1eadu nh\u1eb9t say kh\u01b0\u1edbt nh\u01b0 k\u1ebb ngu \u0111\u1ea7n<\/em><\/div>\n<div><em>Th\u00e2n m\u00ecnh ph\u00e1 ho\u1ea1i b\u1ec7nh t\u00ecnh ph\u1ea3i mang.<\/em><\/div>\n<div><\/div>\n<div><em>Ung th\u01b0 \u0111\u1ed9t qu\u1ef5 b\u1ec7nh g\u00fat r\u00f5 r\u00e0ng<\/em><\/div>\n<div><em>Nh\u00e0 h\u00e0ng \u0103n u\u1ed1ng c\u1ea7u k\u1ef3 nh\u1eabn t\u00e2m<\/em><\/div>\n<div><em>Quan \u0111i\u1ec3m h\u01b0\u1edfng th\u1ee5 t\u1ea1o m\u1ecdi l\u1ed7i l\u1ea7m<\/em><\/div>\n<div><em>C\u0169ng t\u1eeb c\u00e1i mi\u1ec7ng \u0103n c\u00e0ng n\u00f3i xi\u00ean.<\/em><\/div>\n<div><\/div>\n<div><em>H\u1ecda tai l\u1ea1i \u0111\u1ebfn l\u1eafm chuy\u1ec7n n\u00e3o phi\u1ec1n<\/em><\/div>\n<div><em>L\u1ee1 l\u1eddi m\u1ed9t ti\u1ebfng h\u1eadn th\u00f9 ng\u00e0n n\u0103m<\/em><\/div>\n<div><em>L\u00f2ng ta trong s\u00e1ng t\u1ee3 \u00e1nh tr\u0103ng r\u1eb1m\u00a0<\/em><\/div>\n<div><em>Chi\u1ebfu soi nh\u00e2n th\u1ebf t\u1ecf \u0111\u01b0\u1eddng quy-y.<\/em><\/div>\n<div><\/div>\n<div><em>Khi\u00eam cung \u0111\u1ed1i \u0111\u00e3i t\u00f4n tr\u1ecdng l\u1ec5 nghi<\/em><\/div>\n<div><em>Nh\u1ea1y l\u1eddi xin l\u1ed7i tr\u1ecdng l\u1eddi c\u1ea3m \u01a1n<\/em><\/div>\n<div><em>Nh\u00e2n v\u0103n \u0111\u1eb9p tuy\u1ec7t c\u00f2n c\u00f3 n\u00e0o h\u01a1n<\/em><\/div>\n<div><em>T\u00e1n d\u01b0\u01a1ng ca t\u1ee5ng tr\u1ecdng ng\u01b0\u1eddi h\u01a1n ta.<\/em><\/div>\n<div><\/div>\n<div><em>Mi\u1ec7ng c\u01b0\u1eddi t\u01b0\u01a1i \u0111\u1eb9p thanh tho\u00e1t nh\u01b0 hoa\u00a0<\/em><\/div>\n<div><em>Th\u00e0nh ng\u01b0\u1eddi cao q\u00fay tr\u00ean \u0111\u1eddi t\u00f4n vinh\u00a0<\/em><\/div>\n<div><em>Kh\u1ea9u nghi\u1ec7p kh\u00f4ng t\u1ed1t nay bi\u1ebfn th\u00e0nh xinh<\/em><\/div>\n<div><em>\u0102n s\u1ea1ch n\u00f3i \u0111\u1eb9p thanh b\u00ecnh hoan ca.<\/em><\/div>\n<div><\/div>\n<div class=\"clear\"><\/div>\n<\/div>\n<div id=\"alias\"><b>Vi\u00ean Th\u00e0nh<\/b><\/div>\n","protected":false},"excerpt":{"rendered":"<p>Ch\u00fang ta mu\u1ed1n tu h\u00e0nh \u0111\u01b0\u1ee3c tinh t\u1ea5n v\u00e0 th\u00e0nh t\u1ef1u th\u00ec ph\u1ea3i tr\u00e1nh nh\u1eefng chuy\u1ec7n th\u1ecb phi, v\u00ec th\u1ecb phi m\u1ea5t r\u1ea5t nhi\u1ec1u th\u1eddi \u2026 <a class=\"continue-reading-link\" href=\"https:\/\/www.pagodethienminh.fr\/?page_id=4433\">Continue \u00e0 lire <span class=\"meta-nav\">&rarr; <\/span><\/a><\/p>\n","protected":false},"author":1,"featured_media":0,"parent":1599,"menu_order":0,"comment_status":"closed","ping_status":"closed","template":"template-onecolumn.php","meta":{"_mc_calendar":[],"footnotes":""},"class_list":["post-4433","page","type-page","status-publish","hentry"],"_links":{"self":[{"href":"https:\/\/www.pagodethienminh.fr\/index.php?rest_route=\/wp\/v2\/pages\/4433","targetHints":{"allow":["GET"]}}],"collection":[{"href":"https:\/\/www.pagodethienminh.fr\/index.php?rest_route=\/wp\/v2\/pages"}],"about":[{"href":"https:\/\/www.pagodethienminh.fr\/index.php?rest_route=\/wp\/v2\/types\/page"}],"author":[{"embeddable":true,"href":"https:\/\/www.pagodethienminh.fr\/index.php?rest_route=\/wp\/v2\/users\/1"}],"replies":[{"embeddable":true,"href":"https:\/\/www.pagodethienminh.fr\/index.php?rest_route=%2Fwp%2Fv2%2Fcomments&post=4433"}],"version-history":[{"count":1,"href":"https:\/\/www.pagodethienminh.fr\/index.php?rest_route=\/wp\/v2\/pages\/4433\/revisions"}],"predecessor-version":[{"id":4434,"href":"https:\/\/www.pagodethienminh.fr\/index.php?rest_route=\/wp\/v2\/pages\/4433\/revisions\/4434"}],"up":[{"embeddable":true,"href":"https:\/\/www.pagodethienminh.fr\/index.php?rest_route=\/wp\/v2\/pages\/1599"}],"wp:attachment":[{"href":"https:\/\/www.pagodethienminh.fr\/index.php?rest_route=%2Fwp%2Fv2%2Fmedia&parent=4433"}],"curies":[{"name":"wp","href":"https:\/\/api.w.org\/{rel}","templated":true}]}}