{"id":4402,"date":"2014-10-07T09:30:18","date_gmt":"2014-10-07T09:30:18","guid":{"rendered":"http:\/\/www.pagodethienminh.fr\/?page_id=4402"},"modified":"2014-10-07T09:30:18","modified_gmt":"2014-10-07T09:30:18","slug":"phat-phap-thanhthieu","status":"publish","type":"page","link":"https:\/\/www.pagodethienminh.fr\/?page_id=4402","title":{"rendered":"Ph\u1eadt Ph\u00e1p Thanh\/Thi\u1ebfu"},"content":{"rendered":"<table border=\"1\" width=\"450\" cellspacing=\"0\" cellpadding=\"0\">\n<tbody>\n<tr>\n<td style=\"text-align: center;\"><span style=\"text-decoration: underline;\"><strong>Ng\u00e0y\/Date<\/strong><\/span><\/td>\n<td style=\"text-align: center;\"><strong><span style=\"text-decoration: underline;\">\u0110\u1ec1 t\u00e0i\/Th\u00e8me<\/span><\/strong><\/td>\n<td style=\"text-align: center;\"><strong><span style=\"text-decoration: underline;\">T\u00e0i li\u1ec7u\/Archives<\/span><\/strong><\/td>\n<\/tr>\n<tr>\n<td>21\/09\/2014 : 14h10-15h00<\/td>\n<td>Tam Quy &#8211; Trois Joyaux<\/td>\n<td>P.P. G\u0110PT Thi\u1ebfu B\u1eadc H\u01b0\u1edbng Thi\u1ec7n<\/td>\n<\/tr>\n<tr>\n<td>05\/10\/2014 : 14h15-15h05<\/td>\n<td>T\u1ee9 nhi\u1ebfp ph\u00e1p &#8211; Quatre actions b\u00e9n\u00e9fiques des bodhisattvas<\/td>\n<td>P.P. G\u0110PT Thi\u1ebfu B\u1eadc Trung Thi\u1ec7n<\/td>\n<\/tr>\n<tr>\n<td>05\/10\/2014 : 15h30-16h10<\/td>\n<td>M\u1ee5c \u0111\u00edch-Ch\u00e2m ng\u00f4n-\u0110i\u1ec1u lu\u1eadt G\u0110PT \/ But-Devise-R\u00e8gles G\u0110PT<\/td>\n<td>P.P. G\u0110PT Thi\u1ebfu B\u1eadc H\u01b0\u1edbng Thi\u1ec7n<\/td>\n<\/tr>\n<\/tbody>\n<\/table>\n","protected":false},"excerpt":{"rendered":"<p>Ng\u00e0y\/Date \u0110\u1ec1 t\u00e0i\/Th\u00e8me T\u00e0i li\u1ec7u\/Archives 21\/09\/2014 : 14h10-15h00 Tam Quy &#8211; Trois Joyaux P.P. G\u0110PT Thi\u1ebfu B\u1eadc H\u01b0\u1edbng Thi\u1ec7n 05\/10\/2014 : 14h15-15h05 T\u1ee9 nhi\u1ebfp ph\u00e1p \u2026 <a class=\"continue-reading-link\" href=\"https:\/\/www.pagodethienminh.fr\/?page_id=4402\">Continue \u00e0 lire <span class=\"meta-nav\">&rarr; <\/span><\/a><\/p>\n","protected":false},"author":1,"featured_media":0,"parent":104,"menu_order":0,"comment_status":"closed","ping_status":"closed","template":"template-onecolumn.php","meta":{"_mc_calendar":[],"footnotes":""},"class_list":["post-4402","page","type-page","status-publish","hentry"],"_links":{"self":[{"href":"https:\/\/www.pagodethienminh.fr\/index.php?rest_route=\/wp\/v2\/pages\/4402","targetHints":{"allow":["GET"]}}],"collection":[{"href":"https:\/\/www.pagodethienminh.fr\/index.php?rest_route=\/wp\/v2\/pages"}],"about":[{"href":"https:\/\/www.pagodethienminh.fr\/index.php?rest_route=\/wp\/v2\/types\/page"}],"author":[{"embeddable":true,"href":"https:\/\/www.pagodethienminh.fr\/index.php?rest_route=\/wp\/v2\/users\/1"}],"replies":[{"embeddable":true,"href":"https:\/\/www.pagodethienminh.fr\/index.php?rest_route=%2Fwp%2Fv2%2Fcomments&post=4402"}],"version-history":[{"count":1,"href":"https:\/\/www.pagodethienminh.fr\/index.php?rest_route=\/wp\/v2\/pages\/4402\/revisions"}],"predecessor-version":[{"id":4406,"href":"https:\/\/www.pagodethienminh.fr\/index.php?rest_route=\/wp\/v2\/pages\/4402\/revisions\/4406"}],"up":[{"embeddable":true,"href":"https:\/\/www.pagodethienminh.fr\/index.php?rest_route=\/wp\/v2\/pages\/104"}],"wp:attachment":[{"href":"https:\/\/www.pagodethienminh.fr\/index.php?rest_route=%2Fwp%2Fv2%2Fmedia&parent=4402"}],"curies":[{"name":"wp","href":"https:\/\/api.w.org\/{rel}","templated":true}]}}