{"id":440,"date":"2011-05-03T20:47:30","date_gmt":"2011-05-03T20:47:30","guid":{"rendered":"http:\/\/www.pagodethienminh.fr\/?page_id=440"},"modified":"2013-03-14T08:12:07","modified_gmt":"2013-03-14T08:12:07","slug":"p-d%e1%ba%a3nh-l%e1%bb%85-tri-an","status":"publish","type":"page","link":"https:\/\/www.pagodethienminh.fr\/?page_id=440","title":{"rendered":"\u0110\u1ea3nh L\u1ec5 Tri \u00c2n"},"content":{"rendered":"<h1 style=\"text-align: center;\">\u0110\u1ea3nh L\u1ec5 Tri \u00c2n<\/h1>\n<div style=\"text-align: center;\">T. Nguy\u00ean D\u0169ng<\/div>\n<div style=\"text-align: center;\"><a href=\"https:\/\/www.pagodethienminh.fr\/?attachment_id=443\" rel=\"attachment wp-att-443\"><img loading=\"lazy\" decoding=\"async\" class=\"aligncenter size-medium wp-image-443\" title=\"B\u1ed3 T\u00e1t\" alt=\"\" src=\"https:\/\/www.pagodethienminh.fr\/wp-content\/uploads\/2011\/05\/Phat-hinh-09-290x300.jpg\" width=\"290\" height=\"300\" srcset=\"https:\/\/www.pagodethienminh.fr\/wp-content\/uploads\/2011\/05\/Phat-hinh-09-290x300.jpg 290w, https:\/\/www.pagodethienminh.fr\/wp-content\/uploads\/2011\/05\/Phat-hinh-09-145x150.jpg 145w, https:\/\/www.pagodethienminh.fr\/wp-content\/uploads\/2011\/05\/Phat-hinh-09.jpg 698w\" sizes=\"auto, (max-width: 290px) 100vw, 290px\" \/><\/a><\/div>\n<p style=\"text-align: justify;\">Ng\u01b0\u1ee1ng b\u00e1i b\u1ea1ch Ch\u01b0 T\u00f4n Tr\u01b0\u1edfng L\u00e3o, Ch\u01b0 H\u00f2a Th\u01b0\u1ee3ng, Ch\u01b0 Th\u01b0\u1ee3ng T\u1ecda, \u0110\u1ea1i \u0110\u1ee9c, T\u0103ng, Ni.<\/p>\n<p style=\"text-align: justify;\">K\u00ednh l\u1ec5 H\u00f2a Th\u01b0\u1ee3ng th\u01b0\u1ee3ng T\u1ecbnh h\u1ea1 Gi\u00e1c, \u0111\u01b0\u01a1ng vi S\u00e1m Ch\u1ee7 \u0110\u00e0n Tr\u00e0ng Ng\u1ecdc Ph\u1eadt H\u00f2a B\u00ecnh Th\u1ebf Gi\u1edbi.<\/p>\n<p style=\"text-align: justify; padding-left: 60px;\"><strong><em>Tr\u1eddi \u0110\u00f4ng B\u1eafc Ng\u1eadp Tr\u00e0n M\u00e2y<\/em><\/strong><br \/>\n<strong><em>Ki\u1ebft T\u01b0\u1eddng M\u1ed9t \u00c1n B\u1ee7a V\u00e2y N\u0103m M\u00e0u<\/em><\/strong><br \/>\n<strong><em>Thi\u00ean Th\u00f9y B\u1ea3o C\u00e1i Ph\u00fan Ch\u00e2u<\/em><\/strong><br \/>\n<strong><em>Tr\u00f9ng Tr\u00f9ng \u0110i\u1ec7p \u0110i\u1ec7p Ni\u1ec7m C\u00e2u Ph\u1eadt \u0110\u00e0<\/em><\/strong><br \/>\n<strong><em>Ph\u1eadt V\u1ec1 D\u00e2ng Th\u00e1nh V\u0103n Ca<\/em><\/strong><br \/>\n<strong><em>Ng\u1ecdc Minh Ch\u00e2u Chi\u1ebfu \u00cd A Cung \u0110\u00e0n<\/em><\/strong><br \/>\n<strong><em>Tan, Chu\u00f4ng, Kh\u00e1nh, M\u00f5, L\u1ecdng T\u00e0ng<\/em><\/strong><br \/>\n<strong><em>L\u01b0 H\u01b0\u01a1ng B\u00e1t N\u01b0\u1edbc L\u1ea1i C\u00e0ng K\u00ednh Cung<\/em><\/strong><br \/>\n<strong><em>Ph\u1eadt V\u1ec1 L\u1ec5 T\u1ed5 Ph\u00e9p Khung<\/em><\/strong><br \/>\n<strong><em>L\u1ea1y Th\u1ea7y N\u0103m V\u00f3c Cho C\u00f9ng M\u1ed9t Khi<\/em><\/strong><br \/>\n<strong><em>D\u1eabu Tr\u0103m Ng\u00e0n Vi\u1ec7c B\u1eadn Th\u00ec.<\/em><\/strong><br \/>\n<strong><em>Ch\u1ec9 Xin Tr\u00ean M\u1eb7t T\u1eeb Bi N\u1ee5 C\u01b0\u1eddi<\/em><\/strong><\/p>\n<p style=\"text-align: justify;\"><strong>\u201cNh\u1ea5t T\u0103ng \u0110\u00e1o, Nh\u1ea5t Ph\u1eadt Lai\u201d <\/strong>c\u00e2u n\u00f3i n\u00e0y t\u1eeb t\u1ea5m b\u00e9 con \u0111\u00e3 nghe, nh\u01b0ng ch\u01b0a th\u1ea5u hi\u1ec3u c\u00f9ng ngh\u0129a. \u201cM\u1ed9t V\u1ecb T\u0103ng \u0111\u1ebfn nh\u00e0 nh\u01b0 m\u1ed9t V\u1ecb Ph\u1eadt \u0111\u1ea3n sanh.\u201d Sau khi t\u1ee5ng xong 3 b\u1ed9 L\u01b0\u01a1ng Ho\u00e0ng B\u1ea3o S\u00e1m t\u1ea1i \u0110\u00e0n Tr\u00e0ng Linh S\u01a1n, con m\u1edbi th\u1ea5m th\u00eda c\u00e2u n\u00f3i n\u00e0y qua m\u1ed9t b\u00e0i k\u1ec7\u00a0<strong><em>Th\u00e1n T\u0103ng B\u1ea3o<\/em><\/strong>.<\/p>\n<p style=\"text-align: justify; padding-left: 60px;\"><strong><em>T\u0103ng B\u1ea3o B\u1ea5t T\u01b0 Ngh\u00ec,<\/em><\/strong><br \/>\n<strong><em>Th\u00e2n Phi Tam Nhu\u1ebf,<\/em><\/strong><br \/>\n<strong><em>Tam Nhu\u1ebf V\u00e2n Y,<\/em><\/strong><br \/>\n<strong><em>Ph\u00f9 B\u00f4i Ch\u1ea5n T\u00edch S\u00e1t Na Th\u00ec,<\/em><\/strong><br \/>\n<strong><em>Ph\u00f3 C\u1ea3m \u1ee8ng Qu\u1ea7n Ky,<\/em><\/strong><br \/>\n<strong><em>Kham T\u00e1c Nh\u00e2n Gian C\u00f4ng \u0110\u1ee9c Ch\u1ee7,<\/em><\/strong><br \/>\n<strong><em>Ki\u00ean Tr\u00ec Gi\u1edbi H\u1ea1nh,<\/em><\/strong><br \/>\n<strong><em>Gi\u1edbi H\u1ea1nh V\u00f4 Vi,<\/em><\/strong><br \/>\n<strong><em>Ng\u00e3 Ki\u00ean Kh\u1ec3 Th\u1ee7 Nguy\u1ec7n Di\u00eau Tri,<\/em><\/strong><br \/>\n<strong><em>Ch\u1ea5n T\u00edch Tr\u01b0\u1ee3ng \u0110\u1ec1 Hu\u1ec1,<\/em><\/strong><br \/>\n<strong><em>Quy Y Th\u01b0\u1eddng Tr\u1ee5 T\u0103ng Gi\u00e0 Da<\/em><\/strong><br \/>\n<strong><em>Minh Minh L\u1ee5c Th\u00f4ng T\u0103ng Gi\u00e0 Da.<\/em><\/strong><\/p>\n<p style=\"text-align: justify;\">Trong 15 ng\u00e0y Gia Tr\u00ec \u0110\u00e0n Tr\u00e0ng L\u01b0\u01a1ng Ho\u00e0ng B\u1ea3o S\u00e1m trong \u0110\u1ea1i L\u1ec5 Cung Nghinh Chi\u00eam B\u00e1i Ng\u1ecdc Ph\u1eadt t\u1ea1i Ch\u00f9a Linh S\u01a1n.<\/p>\n<p style=\"text-align: justify;\">V\u00ec Gi\u1edbi Lu\u1eadt c\u1ee7a Ph\u1eadt \u0110\u00e0 nghi\u00eam t\u1ecbnh.<\/p>\n<p style=\"text-align: justify;\">T\u0103ng, Ni H\u1eefu Ph\u00e1p T\u1eafc Lu\u1eadt Nghi.<\/p>\n<p style=\"text-align: justify;\">V\u00e0 \u0111\u00e2y c\u0169ng l\u00e0 m\u00f9a An C\u01b0 Ki\u1ebft H\u1ea1, n\u00ean H\u00f2a Th\u01b0\u1ee3ng S\u00e1m Ch\u1ee7 \u0111\u00e3 d\u1ea1y qu\u00fd Th\u01b0\u1ee3ng T\u1ecda, qu\u00fd \u0110\u1ea1i \u0110\u1ee9c trong Ban Kinh S\u01b0 ph\u1ea3i Ki\u1ebft Gi\u1edbi \u1edf t\u1ea1i Thi\u1ebfu L\u00e2m Thi\u1ec1n T\u1ef1 T\u1ed5 \u0110\u00ecnh.<\/p>\n<p style=\"text-align: justify;\">Trong 15 ng\u00e0y H\u00f2a Th\u01b0\u1ee3ng th\u01b0\u1ee3ng T\u1ecbnh h\u1ea1 Gi\u00e1c l\u00e0m \u0110\u00e0n Ch\u1ee7 \u0111\u1ec3 h\u01b0\u1edbng d\u1eabn Ch\u01b0 Huynh \u0110\u1ec7 trong Ban Kinh S\u01b0 Tu, H\u1ecdc v\u00e0 l\u00e0m Ph\u00e1p S\u1ef1 t\u1ea1i \u0110\u00e0n Tr\u00e0ng Ng\u1ecdc Ph\u1eadt t\u1ea1i Linh S\u01a1n Ni T\u1ef1.<\/p>\n<p style=\"text-align: justify;\">Trong 15 ng\u00e0y H\u00f2a Th\u01b0\u1ee3ng \u0110\u00e0n Ch\u1ee7 c\u00f9ng Ban Kinh S\u01b0 m\u1ed7i bu\u1ed5i s\u00e1ng sau khi C\u00f4ng Phu, u\u1ed1ng tr\u00e0, ti\u1ec3u th\u1ef1c xong l\u00e0 \u0111\u1ebfn \u0110\u00e0n Tr\u00e0ng Linh S\u01a1n \u0111\u1ec3 tr\u00ec ni\u1ec7m.<\/p>\n<p style=\"text-align: justify;\">Tuy th\u1eddi gian hi\u1ebfm hoi, nh\u01b0ng v\u00ec th\u01b0\u01a1ng t\u01b0\u1edfng \u0111\u1ebfn Ch\u01b0 Huynh \u0110\u1ec7 n\u00ean H\u00f2a Th\u01b0\u1ee3ng v\u00e0 Ban Kinh S\u01b0 \u0111\u00e3 nh\u1ecbn \u0103n tr\u01b0a \u0111\u1ec3 k\u1ecbp th\u1eddi gian \u0111\u1ebfn t\u1ee5ng kinh c\u1ea7u nguy\u1ec7n v\u00e0 th\u0103m vi\u1ebfng.<\/p>\n<p style=\"text-align: justify;\">Ch\u00f9a Ph\u01b0\u1edbc Long do HT. Th\u00edch Minh \u0110\u1ee9c l\u00e0m Vi\u1ec7n Ch\u1ee7<br \/>\nCh\u00f9a Ph\u1ed5 Hi\u1ec1n do TT. Th\u00edch Thi\u1ec7n Hu\u1ec7 l\u00e0m Vi\u1ec7n Ch\u1ee7<br \/>\nCh\u00f9a H\u01b0\u01a1ng S\u01a1n do \u0110\u0110. Th\u00edch Nguy\u00ean D\u0169ng l\u00e0m Vi\u1ec7n Ch\u1ee7<br \/>\nCh\u00f9a Vi\u1ec7t Nam, \u0110\u0110. Th\u00edch T\u00e2m H\u1ef7<br \/>\nCh\u00f9a Hu\u00ea L\u00e2m do SC. Th\u00edch N\u1eef Nh\u01b0 Ch\u00e1nh l\u00e0m Vi\u1ec7n Ch\u1ee7 \u2026<\/p>\n<p style=\"text-align: justify;\">\u0110\u1ea1o t\u00ecnh v\u00f4 ng\u00e3 v\u1ecb tha n\u00e0y \u0111\u00e2u ph\u1ea3i d\u1ec5 t\u00ecm n\u01a1i m\u1ed9t v\u1ecb H\u00f2a Th\u01b0\u1ee3ng g\u1ea7n 70 tu\u1ed5i, t\u1ee5i con \u0111\u01b0\u1ee3c H\u00f2a Th\u01b0\u1ee3ng th\u01b0\u01a1ng v\u00e0 cho t\u1ea5t c\u1ea3 anh, em t\u1ee5i con l\u00e0m S\u01b0 \u0110\u1ec7 c\u1ee7a H\u00f2a Th\u01b0\u1ee3ng.<\/p>\n<p style=\"text-align: justify;\">Trong 15 ng\u00e0y qua ch\u00fang con \u0111i t\u00ecm n\u00e9t bu\u1ed3n, hay gi\u1eadn \u1edf H\u00f2a Th\u01b0\u1ee3ng nh\u01b0ng t\u00ecm ho\u00e0i m\u00e0 kh\u00f4ng th\u1ea5y.<\/p>\n<p style=\"text-align: justify;\">H\u00f2a Th\u01b0\u1ee3ng \u0111\u1ea1o cao \u0111\u1ee9c tr\u1ecdng vang danh n\u0103m ch\u00e2u b\u1ed1n b\u1ec3. \u0110i b\u00ean H\u00f2a Th\u01b0\u1ee3ng ch\u00fang con t\u1eadn m\u1eaft th\u1ea5y bao nhi\u00eau k\u1ebb giang h\u1ed3 \u0103n ch\u01a1i sa \u0111\u1ecda; c\u00f3 nh\u1eefng canh b\u1ea1c \u00edt th\u00ec v\u00e0i ch\u1ee5c ng\u00e0n \u0111\u00f4, nhi\u1ec1u th\u00ec thua c\u1ea3 v\u00e0i tri\u1ec7u. Nh\u1eefng k\u1ebb \u0111\u00f3 khi g\u1eb7p H\u00f2a Th\u01b0\u1ee3ng \u0111\u00e3 ph\u1ee7 ph\u1ee5c. V\u00e0 v\u1edbi l\u00f2ng T\u1eeb Bi H\u00f2a Th\u01b0\u1ee3ng \u0111\u00e3 ra tay gi\u1ea3i \u201c<em>b\u00f9a m\u00ea thu\u1ed1c l\u00fa<\/em>\u201d cho nh\u1eefng k\u1ebb \u0111\u00f3 v\u00e0 l\u00e0m cho t\u1ec9nh ng\u1ed9 kh\u00f4ng c\u00f2n d\u00e1m \u0111i casino n\u1eefa.<\/p>\n<p style=\"text-align: justify;\">B\u1ea5t c\u1ee9 m\u1ed9t vi\u1ec7c g\u00ec d\u00f9 vui hay bu\u1ed3n \u1edf t\u1ea1i \u0110\u00e0n Tr\u00e0ng, H\u00f2a Th\u01b0\u1ee3ng \u0111\u1ec1u n\u00f3i v\u1edbi t\u1ee5i con l\u00e0: \u201cTh\u00f4i m\u00e0! \u0110\u1ec3 Huynh n\u00f3i cho em nghe\u2026\u201d v\u00e0 sau \u0111\u00f3 H\u00f2a Th\u01b0\u1ee3ng c\u00f9ng t\u1ee5i con c\u01b0\u1eddi vui hoan h\u1ef7.<\/p>\n<p style=\"text-align: justify;\">Ng\u1ecdc Ph\u1eadt Th\u00e1nh T\u01b0\u1ee3ng trang nghi\u00eam nh\u01b0 nh\u01b0 b\u1ea5t \u0111\u1ed9ng m\u1eb7c cho th\u1ebf th\u00e1i nh\u00e2n t\u00ecnh ph\u00e2n bua \u0111\u00fang, sai, h\u01a1n, thi\u1ec7t.<\/p>\n<p style=\"text-align: justify;\">Ng\u1ecdc Ph\u1eadt n\u01a1i tr\u00e1i tim c\u1ee7a m\u1ed9t \u0110\u1ea1i Huynh H\u00f2a Th\u01b0\u1ee3ng l\u00e0m cho \u0111\u00e1m S\u01b0 \u0110\u1ec7 t\u1ee5i con th\u00e1n ph\u1ee5c ng\u00e0n \u0111\u1eddi.<\/p>\n<p style=\"text-align: justify;\">Th\u00e1nh T\u01b0\u1ee3ng Ng\u1ecdc Ph\u1eadt \u0111\u01b0\u1ee3c cung nghinh v\u1ec1 mi\u1ec1n \u0110\u00f4ng B\u1eafc Hoa K\u1ef3 \u0111\u00e3 th\u00e0nh t\u1ef1u vi\u00ean m\u00e3n. Gi\u1edd n\u00e0y, Th\u00e1nh T\u01b0\u1ee3ng l\u1ea1i ti\u1ebfp t\u1ee5c \u0111\u1ebfn Canada ch\u00f9a Ph\u00e1p V\u00e2n v\u00e0 \u0111\u1ebfn nhi\u1ec1u \u0110\u1ea1o Tr\u00e0ng kh\u00e1c.<\/p>\n<p style=\"text-align: justify;\">H\u00f4m nay \u0111\u00e2y, t\u1ee5i con m\u1edbi c\u00f3 t\u00ed th\u1eddi gian \u0111\u1ec3 ghi l\u1ea1i m\u1ea5y l\u1eddi t\u00e2m kh\u1ea3m c\u1ee7a m\u00ecnh. Ng\u01b0\u1ee1ng mong H\u00f2a Th\u01b0\u1ee3ng \u0110\u1ea1i Huynh t\u1eeb bi tha th\u1ee9 cho nh\u1eefng thi\u1ebfu s\u00f3t c\u1ee7a t\u1ee5i con khi nghinh ti\u1ebfp H\u00f2a Th\u01b0\u1ee3ng t\u1ea1i Thi\u1ebfu L\u00e2m Thi\u1ec1n T\u1ef1 T\u1ed5 \u0110\u00ecnh c\u0169ng nh\u01b0 t\u1ea1i \u0110\u00e0n Tr\u00e0ng Linh S\u01a1n Ni T\u1ef1.<\/p>\n<p style=\"text-align: justify;\">Ch\u00fang con xin h\u1ee9a s\u1ebd c\u1ed1 g\u1eafng tu h\u1ecdc theo h\u1ea1nh nguy\u1ec7n c\u1ee7a H\u00f2a Th\u01b0\u1ee3ng V\u00f4 Ng\u00e3 V\u1ecb Tha v\u00e0 d\u1ed1c l\u00f2ng v\u00ec \u0110\u1ea1o. Coi Tr\u1ecdng nh\u00e2n ngh\u0129a xem th\u01b0\u1eddng l\u1ee3i danh.<\/p>\n<p style=\"text-align: justify;\"><strong>KI\u1ebeN L\u1ee2I KI\u1ebeN DANH NH\u01af NH\u00c3N TRUNG TR\u01af\u1edaC TI\u1ebeT<\/strong><br \/>\n<strong>NG\u1ed8 THANH NG\u1ed8 S\u1eaeC T\u1ee2 TH\u1ea0CH TH\u01af\u1ee2NG T\u00c0I HOA<\/strong><\/p>\n<p style=\"text-align: justify;\">Ng\u01b0\u1ee1ng nguy\u1ec7n H\u00f2a Th\u01b0\u1ee3ng t\u1eeb m\u1eabn c\u1ed1, \u0111\u1ea1i t\u1eeb m\u1eabn c\u1ed1.<\/p>\n<p style=\"text-align: right;\"><strong><em>\u0110\u1ec7 T\u1eed Ngu Nh\u00e2n<\/em><\/strong><br \/>\n<strong><em>Th\u00edch Nguy\u00ean D\u0169ng<\/em><\/strong><\/p>\n<p style=\"text-align: right;\">Tr\u1ee5 Tr\u00ec<\/p>\n<p style=\"text-align: right;\">Thi\u1ebfu L\u00e2m Thi\u1ec1n T\u1ef1 T\u1ed5 \u0110\u00ecnh<br \/>\nH\u01b0\u01a1ng S\u01a1n Th\u1ea3o Am<br \/>\nV\u0129nh Minh T\u1ef1 Vi\u1ec7n Thi\u1ec1n \u0110\u01b0\u1eddng<\/p>\n<p style=\"text-align: right;\"><strong><em>Ki\u1ec1n Th\u00e0nh Kh\u1ec3 Th\u1ee7<\/em><\/strong><\/p>\n","protected":false},"excerpt":{"rendered":"<p>\u0110\u1ea3nh L\u1ec5 Tri \u00c2n T. Nguy\u00ean D\u0169ng Ng\u01b0\u1ee1ng b\u00e1i b\u1ea1ch Ch\u01b0 T\u00f4n Tr\u01b0\u1edfng L\u00e3o, Ch\u01b0 H\u00f2a Th\u01b0\u1ee3ng, Ch\u01b0 Th\u01b0\u1ee3ng T\u1ecda, \u0110\u1ea1i \u0110\u1ee9c, T\u0103ng, Ni. K\u00ednh \u2026 <a class=\"continue-reading-link\" href=\"https:\/\/www.pagodethienminh.fr\/?page_id=440\">Continue \u00e0 lire <span class=\"meta-nav\">&rarr; <\/span><\/a><\/p>\n","protected":false},"author":1,"featured_media":0,"parent":1599,"menu_order":4,"comment_status":"closed","ping_status":"closed","template":"template-onecolumn.php","meta":{"_mc_calendar":[],"footnotes":""},"class_list":["post-440","page","type-page","status-publish","hentry"],"_links":{"self":[{"href":"https:\/\/www.pagodethienminh.fr\/index.php?rest_route=\/wp\/v2\/pages\/440","targetHints":{"allow":["GET"]}}],"collection":[{"href":"https:\/\/www.pagodethienminh.fr\/index.php?rest_route=\/wp\/v2\/pages"}],"about":[{"href":"https:\/\/www.pagodethienminh.fr\/index.php?rest_route=\/wp\/v2\/types\/page"}],"author":[{"embeddable":true,"href":"https:\/\/www.pagodethienminh.fr\/index.php?rest_route=\/wp\/v2\/users\/1"}],"replies":[{"embeddable":true,"href":"https:\/\/www.pagodethienminh.fr\/index.php?rest_route=%2Fwp%2Fv2%2Fcomments&post=440"}],"version-history":[{"count":13,"href":"https:\/\/www.pagodethienminh.fr\/index.php?rest_route=\/wp\/v2\/pages\/440\/revisions"}],"predecessor-version":[{"id":3375,"href":"https:\/\/www.pagodethienminh.fr\/index.php?rest_route=\/wp\/v2\/pages\/440\/revisions\/3375"}],"up":[{"embeddable":true,"href":"https:\/\/www.pagodethienminh.fr\/index.php?rest_route=\/wp\/v2\/pages\/1599"}],"wp:attachment":[{"href":"https:\/\/www.pagodethienminh.fr\/index.php?rest_route=%2Fwp%2Fv2%2Fmedia&parent=440"}],"curies":[{"name":"wp","href":"https:\/\/api.w.org\/{rel}","templated":true}]}}