{"id":4382,"date":"2014-10-03T15:27:18","date_gmt":"2014-10-03T15:27:18","guid":{"rendered":"http:\/\/www.pagodethienminh.fr\/?page_id=4382"},"modified":"2014-10-03T15:27:18","modified_gmt":"2014-10-03T15:27:18","slug":"muoi-phuong-chu-phat","status":"publish","type":"page","link":"https:\/\/www.pagodethienminh.fr\/?page_id=4382","title":{"rendered":"M\u01af\u1edcI PH\u01af\u01a0NG CH\u01af PH\u1eacT"},"content":{"rendered":"<p>http:\/\/www.lesyminhtung.net\/index.php?option=com_content&#038;view=article&#038;id=426:muoi-phuong-chu-phat&#038;catid=25:trang-nha&#038;Itemid=1<\/p>\n<p>Theo Ph\u1eadt gi\u00e1o Nguy\u00ean th\u1ee7y th\u00ec kh\u00f4ng th\u1ec3 c\u00f3 2 \u0111\u1ee9c Ph\u1eadt c\u00f9ng xu\u1ea5t hi\u1ec7n n\u00ean ch\u1ee7 tr\u01b0\u01a1ng thuy\u1ebft \u201cNh\u1ea5t Ph\u1eadt\u201d, \u0111\u00f3 l\u00e0 ch\u1ec9 c\u00f3 duy nh\u1ea5t Ph\u1eadt Th\u00edch Ca trong th\u1ebf gi\u1edbi n\u00e0y m\u00e0 kh\u00f4ng h\u1ec1 c\u00f3 Ph\u1eadt A Di \u0110\u00e0, Ph\u1eadt D\u01b0\u1ee3c S\u01b0 v\u00e0 d\u0129 nhi\u00ean kh\u00f4ng c\u00f3 B\u1ed3 T\u00e1t Qu\u00e1n Th\u1ebf \u00c2m, \u0110\u1ea1i Th\u1ebf Ch\u00ed, V\u0103n Th\u00f9 hay Ph\u1ed5 Hi\u1ec1n trong h\u1ec7 Nguy\u00ean th\u1ee7y. Nh\u01b0ng Ph\u1eadt gi\u00e1o \u0110\u1ea1i th\u1eeba gi\u1edbi thi\u1ec7u gi\u00e1o l\u00fd Ph\u00e1p th\u00e2n th\u01b0\u1eddng tr\u1ee5 v\u0129nh h\u1eb1ng cho n\u00ean c\u00f3 nhi\u1ec1u v\u1ecb Ph\u1eadt xu\u1ea5t hi\u1ec7n c\u00f9ng l\u00fac, ph\u00eda T\u00e2y c\u00f3 Ph\u1eadt A Di \u0110\u00e0,<\/p>\n<p>ph\u00eda \u0110\u00f4ng c\u00f3 Ph\u1eadt A S\u00fac v\u00e0 v\u00f4 s\u1ed1 Ph\u1eadt t\u1ed3n t\u1ea1i m\u00e0 kinh \u0111i\u1ec3n g\u1ecdi l\u00e0 \u201cTh\u1eadp ph\u01b0\u01a1ng h\u1eb1ng sa ch\u01b0 Ph\u1eadt\u201d. Ch\u1eb3ng nh\u1eefng th\u1ebf, tam th\u1ebf ch\u01b0 Ph\u1eadt c\u00f3 1000 v\u1ecb Ph\u1eadt trong qu\u00e1 kh\u1ee9, 1000 v\u1ecb Ph\u1eadt \u1edf hi\u1ec7n t\u1ea1i v\u00e0 1000 v\u1ecb Ph\u1eadt \u1edf v\u1ecb lai. T\u1ed5ng c\u1ed9ng 3 ki\u1ebfp l\u00e0 3000 v\u1ecb Ph\u1eadt. Tuy c\u00f3 h\u1eb1ng sa ch\u01b0 Ph\u1eadt trong m\u01b0\u1eddi ph\u01b0\u01a1ng ph\u00e1p gi\u1edbi, nh\u01b0ng \u0111\u00e2y ch\u1ec9 l\u00e0 bi\u1ec3u t\u01b0\u1ee3ng cho nh\u1eefng \u0111\u1ee9c n\u0103ng, l\u00fd th\u1ec3 c\u1ee7a Ph\u1eadt t\u00e1nh.<\/p>\n<p>Th\u1eadp ph\u01b0\u01a1ng l\u00e0: \u0110\u00f4ng, T\u00e2y, Nam, B\u1eafc, \u0110\u00f4ng B\u1eafc, \u0110\u00f4ng Nam, T\u00e2y B\u1eafc,T\u00e2y Nam, ph\u01b0\u01a1ng tr\u00ean, ph\u01b0\u01a1ng d\u01b0\u1edbi. \u00dd c\u1ee7a Th\u1eadp ph\u01b0\u01a1ng ch\u01b0 Ph\u1eadt l\u00e0 t\u1ea5t c\u1ea3 c\u00e1c v\u1ecb Ph\u1eadt \u1edf kh\u1eafp m\u1ecdi n\u01a1i trong c\u00e0n kh\u00f4n v\u0169 tr\u1ee5.<\/p>\n<p>Kinh A Di \u0110\u00e0 vi\u1ebft r\u1eb1ng:<\/p>\n<p>-X\u00e1-L\u1ee3i-Ph\u1ea5t! Nh\u01b0 Ta h\u00f4m nay ng\u1ee3i khen c\u00f4ng \u0111\u1ee9c l\u1ee3i \u00edch ch\u1eb3ng -th\u1ec3 ngh\u0129 b\u00e0n c\u1ee7a \u0111\u1ee9c Ph\u1eadt A Di \u0110\u00e0, ph\u01b0\u01a1ng \u0110\u00f4ng c\u0169ng c\u00f3 \u0111\u1ee9c A-S\u00fac-B\u1ec7-Ph\u1eadt, Tu-Di-T\u01b0\u1edbng Ph\u1eadt, \u0110\u1ea1i-Tu-Di Ph\u1eadt, Tu-Di-Quang Ph\u1eadt, Di\u1ec7u-\u00c2m Ph\u1eadt; H\u1eb1ng h\u00e0 sa s\u1ed1 nh\u1eefng \u0111\u1ee9c Ph\u1eadt nh\u01b0 th\u1ebf \u0111\u1ec1u \u1edf t\u1ea1i n\u01b0\u1edbc m\u00ecnh, hi\u1ec7n ra t\u01b0\u1edbng l\u01b0\u1ee1i r\u1ed9ng d\u00e0i tr\u00f9m kh\u1eafp c\u00f5i Tam thi\u00ean \u0110\u1ea1i thi\u00ean m\u00e0 n\u00f3i l\u1eddi th\u00e0nh th\u1eadt r\u1eb1ng: &#8220;Ch\u00fang sanh c\u00e1c ng\u01b0\u01a1i ph\u1ea3i n\u00ean tin kinh: X\u01b0ng T\u00e1n B\u1ea5t Kh\u1ea3 T\u01b0 Ngh\u1ecb C\u00f4ng \u0110\u1ee9c Nh\u1ea5t Thi\u1ebft Ch\u01b0 Ph\u1eadt S\u1edf H\u1ed9 Ni\u1ec7m N\u00e0y&#8221;.<\/p>\n<p>-X\u00e1-L\u1ee3i-Ph\u1ea5t! Th\u1ebf gi\u1edbi ph\u01b0\u01a1ng Nam, c\u00f3 \u0111\u1ee9c Nh\u1eadt- Nguy\u1ec7t-\u0110\u0103ng Ph\u1eadt, Danh-V\u0103n-Quang Ph\u1eadt, \u0110\u1ea1i-Di\u1ec7m-Ki\u00ean Ph\u1eadt, Tu Di-\u0110\u0103ng Ph\u1eadt, V\u00f4-L\u01b0\u1ee3ng-Tinh-T\u1ea5n Ph\u1eadt&#8230; H\u1eb1ng h\u00e0 sa s\u1ed1 nh\u1eefng \u0111\u1ee9c Ph\u1eadt nh\u01b0 th\u1ebf, \u0111\u1ec1u t\u1ea1i n\u01b0\u1edbc m\u00ecnh, hi\u1ec7n ra t\u01b0\u1edbng l\u01b0\u1ee1i r\u1ed9ng d\u00e0i tr\u00f9m kh\u1eafp c\u00f5i tam thi\u00ean \u0111\u1ea1i thi\u00ean m\u00e0 n\u00f3i l\u1eddi th\u00e0nh th\u1eadt r\u1eb1ng: &#8220;Ch\u00fang sanh c\u00e1c ng\u01b0\u01a1i ph\u1ea3i n\u00ean tin kinh: X\u01b0ng T\u00e1n B\u1ea5t Kh\u1ea3 T\u01b0 Ngh\u1ecb C\u00f4ng \u0110\u1ee9c Nh\u1ea5t Thi\u1ebft Ch\u01b0 Ph\u1eadt S\u1edf H\u1ed9 Ni\u1ec7m N\u00e0y&#8221;.<\/p>\n<p>-X\u00e1-L\u1ee3i-Ph\u1ea5t! Th\u1ebf gi\u1edbi ph\u01b0\u01a1ng T\u00e2y, c\u00f3 \u0111\u1ee9c V\u00f4 L\u01b0\u1ee3ng-Th\u1ecd Ph\u1eadt, V\u00f4-L\u01b0\u1ee3ng-T\u01b0\u1edbng Ph\u1eadt, V\u00f4-L\u01b0\u1ee3ng-Tr\u00e0ng Ph\u1eadt, \u0110\u1ea1i Quang Ph\u1eadt, \u0110\u1ea1i-Minh Ph\u1eadt, B\u1eedu-T\u01b0\u1edbng Ph\u1eadt, T\u1ecbnh-Quang Ph\u1eadt&#8230; H\u1eb1ng h\u00e0 sa s\u1ed1 nh\u1eefng \u0111\u1ee9c Ph\u1eadt nh\u01b0 th\u1ebf, \u0111\u1ec1u t\u1ea1i n\u01b0\u1edbc m\u00ecnh, hi\u1ec7n ra t\u01b0\u1edbng l\u01b0\u1ee1i r\u1ed9ng d\u00e0i tr\u00f9m kh\u1eafp c\u00f5i tam thi\u00ean \u0111\u1ea1i thi\u00ean m\u00e0 n\u00f3i l\u1eddi th\u00e0nh th\u1eadt r\u1eb1ng: &#8220;Ch\u00fang sanh c\u00e1c ng\u01b0\u01a1i ph\u1ea3i n\u00ean tin kinh: X\u01b0ng T\u00e1n B\u1ea5t Kh\u1ea3 T\u01b0 Ngh\u1ecb C\u00f4ng \u0110\u1ee9c Nh\u1ea5t Thi\u1ebft Ch\u01b0 Ph\u1eadt S\u1edf H\u1ed9 Ni\u1ec7m N\u00e0y&#8221;.<\/p>\n<p>-X\u00e1-L\u1ee3i-Ph\u1ea5t! Th\u1ebf gi\u1edbi ph\u01b0\u01a1ng B\u1eafc, c\u00f3 \u0111\u1ee9c Di\u1ec7m-Ki\u00ean-Ph\u1eadt, T\u1ed1i-Th\u1eafng-\u00c2m Ph\u1eadt, Nan-Tr\u1edf Ph\u1eadt, Nh\u1ef1t-Sanh Ph\u1eadt, V\u00f5ng-Minh Ph\u1eadt&#8230; H\u1eb1ng h\u00e0 sa s\u1ed1 nh\u1eefng \u0111\u1ee9c Ph\u1eadt nh\u01b0 th\u1ebf, \u0111\u1ec1u t\u1ea1i n\u01b0\u1edbc m\u00ecnh, hi\u1ec7n ra t\u01b0\u1edbng l\u01b0\u1ee1i r\u1ed9ng d\u00e0i tr\u00f9m kh\u1eafp c\u00f5i tam thi\u00ean \u0111\u1ea1i thi\u00ean m\u00e0 n\u00f3i l\u1eddi th\u00e0nh th\u1eadt r\u1eb1ng: &#8220;Ch\u00fang sanh c\u00e1c ng\u01b0\u01a1i ph\u1ea3i n\u00ean tin kinh: X\u01b0ng T\u00e1n B\u1ea5t Kh\u1ea3 T\u01b0 Ngh\u1ecb C\u00f4ng \u0110\u1ee9c Nh\u1ea5t Thi\u1ebft Ch\u01b0 Ph\u1eadt S\u1edf H\u1ed9 Ni\u1ec7m N\u00e0y&#8221;.<\/p>\n<p>-X\u00e1-L\u1ee3i-Ph\u1ea5t! Th\u1ebf gi\u1edbi ph\u01b0\u01a1ng d\u01b0\u1edbi, c\u00f3 \u0111\u1ee9c S\u01b0-T\u1eed Ph\u1eadt, Danh-V\u0103n Ph\u1eadt, Danh-Quang Ph\u1eadt, \u0110\u1ea1t-M\u1ea1 Ph\u1eadt, Ph\u00e1p-Tr\u00e0ng Ph\u1eadt, Tr\u00ec-Ph\u00e1p Ph\u1eadt&#8230; H\u1eb1ng h\u00e0 sa s\u1ed1 nh\u1eefng \u0111\u1ee9c Ph\u1eadt nh\u01b0 th\u1ebf, \u0111\u1ec1u t\u1ea1i n\u01b0\u1edbc m\u00ecnh, hi\u1ec7n ra t\u01b0\u1edbng l\u01b0\u1ee1i r\u1ed9ng d\u00e0i tr\u00f9m kh\u1eafp c\u00f5i tam thi\u00ean \u0111\u1ea1i thi\u00ean m\u00e0 n\u00f3i l\u1eddi th\u00e0nh th\u1eadt r\u1eb1ng: &#8220;Ch\u00fang sanh c\u00e1c ng\u01b0\u01a1i ph\u1ea3i n\u00ean tin Kinh: X\u01b0ng T\u00e1n B\u1ea5t Kh\u1ea3 T\u01b0 Ngh\u1ecb C\u00f4ng \u0110\u1ee9c Nh\u1ea5t Thi\u1ebft Ch\u01b0 Ph\u1eadt S\u1edf H\u1ed9 Ni\u1ec7m N\u00e0y&#8221;.<\/p>\n<p>-X\u00e1-L\u1ee3i-Ph\u1ea5t! Th\u1ebf gi\u1edbi ph\u01b0\u01a1ng tr\u00ean, c\u00f3 \u0111\u1ee9c Ph\u1ea1m-\u00c2m Ph\u1eadt, T\u00fa-V\u01b0\u01a1ng Ph\u1eadt, H\u01b0\u01a1ng-Th\u01b0\u1ee3ng Ph\u1eadt, H\u01b0\u01a1ng-Quang Ph\u1eadt, \u0110\u1ea1i-Di\u1ec7m-Ki\u00ean Ph\u1eadt, T\u1ea1p-S\u1eafc B\u1eedu-Hoa-Nghi\u00eam-Th\u00e2n Ph\u1eadt, Ta La-Th\u1ecd-V\u01b0\u01a1ng Ph\u1eadt, B\u1eedu-Hoa \u0110\u1ee9c Ph\u1eadt, Ki\u1ebfn-Nh\u1ea5t-Thi\u1ebft-Ngh\u0129a Ph\u1eadt, Nh\u01b0-Tu-Di-S\u01a1n Ph\u1eadt&#8230; H\u1eb1ng h\u00e0 sa s\u1ed1 nh\u1eefng \u0111\u1ee9c Ph\u1eadt nh\u01b0 th\u1ebf, \u0111\u1ec1u t\u1ea1i n\u01b0\u1edbc m\u00ecnh, hi\u1ec7n ra t\u01b0\u1edbng l\u01b0\u1ee1i r\u1ed9ng d\u00e0i tr\u00f9m kh\u1eafp c\u00f5i tam thi\u00ean \u0111\u1ea1i thi\u00ean m\u00e0 n\u00f3i l\u1eddi th\u00e0nh th\u1eadt r\u1eb1ng: &#8220;Ch\u00fang sanh c\u00e1c ng\u01b0\u01a1i ph\u1ea3i n\u00ean tin Kinh: X\u01b0ng T\u00e1n B\u1ea5t Kh\u1ea3 T\u01b0 Ngh\u1ecb C\u00f4ng \u0110\u1ee9c Nh\u1ea5t Thi\u1ebft Ch\u01b0 Ph\u1eadt S\u1edf H\u1ed9 Ni\u1ec7m N\u00e0y&#8221;.<\/p>\n<p>T\u00f3m l\u1ea1i, d\u1ef1a theo Ph\u1eadt gi\u00e1o \u0110\u1ea1i th\u1eeba c\u00f3 h\u1eb1ng h\u00e0 sa s\u1ed1 ch\u01b0 Ph\u1eadt trong m\u01b0\u1eddi ph\u01b0\u01a1ng th\u1ebf gi\u1edbi, nh\u01b0ng \u0111\u1eb7c bi\u1ec7t nh\u1ea5t l\u00e0:<\/p>\n<p>1)Ph\u01b0\u01a1ng \u0110\u00f4ng: \u0111\u1ee9c A-S\u00fac-B\u1ec7-Ph\u1eadt t\u1ee9c l\u00e0 B\u1ea5t \u0110\u1ed9ng Nh\u01b0 Lai. A S\u00fac ngh\u0129a l\u00e0 V\u00f4 \u0110\u1ed9ng cho n\u00ean Ph\u1eadt A S\u00fac l\u00e0 v\u1ecb Ph\u1eadt t\u01b0\u1ee3ng tr\u01b0ng cho t\u00e2m ki\u00ean \u0111\u1ecbnh, d\u1eefng dung tr\u01b0\u1edbc b\u00e1t kh\u1ed5, tam kh\u1ed5, kh\u00f4ng bao gi\u1edd b\u1ecb gi\u00f3 l\u1ee5c tr\u1ea7n lung chuy\u1ec3n.<\/p>\n<p>2)Ph\u01b0\u01a1ng Nam: \u0111\u1ee9c Nh\u1eadt- Nguy\u1ec7t-\u0110\u0103ng Ph\u1eadt t\u1ee9c l\u00e0 Nh\u1eadt Nguy\u1ec7t Quang Nh\u01b0 Lai. Nh\u1eadt l\u00e0 m\u1eb7t tr\u1eddi, nguy\u1ec7t l\u00e0 m\u1eb7t tr\u0103ng v\u00e0 \u0111\u0103ng l\u00e0 \u0111\u00e8n cho n\u00ean Nh\u1eadt Nguy\u1ec7t Quang Nh\u01b0 Lai l\u00e0 v\u1ecb Ph\u1eadt c\u00f3 tr\u00ed tu\u1ec7 s\u00e1ng ng\u1eddi kh\u00f4ng bao gi\u1edd t\u1eaft c\u0169ng nh\u01b0 \u00e1nh s\u00e1ng c\u1ee7a m\u1eb7t tr\u1eddi, m\u1eb7t tr\u0103ng v\u00e0 \u00e1nh \u0111\u00e8n.<\/p>\n<p>3)Ph\u01b0\u01a1ng T\u00e2y: \u0111\u1ee9c Ph\u1eadt A Di \u0110\u00e0 t\u1ee9c l\u00e0 V\u00f4 L\u01b0\u1ee3ng Th\u1ecd Nh\u01b0 Lai.<\/p>\n<p>V\u00f4 L\u01b0\u1ee3ng Th\u1ecd Ph\u1eadt t\u1ee9c l\u00e0 Ph\u1eadt A Di \u0110\u00e0. V\u00f4 L\u01b0\u1ee3ng Quang l\u00e0 ch\u1ec9 cho \u00e1nh s\u00e1ng chi\u1ebfu s\u00e1ng r\u1ed9ng r\u00e3i kh\u1eafp kh\u00f4ng gian v\u00f4 c\u00f9ng v\u00f4 t\u1eadn. N\u00f3i c\u00e1ch kh\u00e1c \u00e1nh s\u00e1ng chi\u1ebfu t\u1edbi \u0111\u00e2u l\u00e0 kh\u00f4ng gian t\u1edbi \u0111\u00f3 hay kh\u00f4ng gian t\u1edbi \u0111\u00e2u th\u00ec \u00e1nh s\u00e1ng t\u1edbi \u0111\u00f3. Do \u0111\u00f3 V\u00f4 L\u01b0\u1ee3ng Quang l\u00e0 ch\u1ec9 cho v\u1ec1 m\u1eb7t kh\u00f4ng gian. C\u00f2n V\u00f4 L\u01b0\u1ee3ng Th\u1ecd l\u00e0 bi\u1ec3u t\u01b0\u1ee3ng cho th\u1eddi gian. V\u00f4 L\u01b0\u1ee3ng Th\u1ecd l\u00e0 s\u1ed1ng l\u00e2u v\u00f4 l\u01b0\u1ee3ng ngh\u0129a l\u00e0 su\u1ed1t trong chi\u1ec1u d\u00e0i c\u1ee7a qu\u00e1 kh\u1ee9 v\u00e0 m\u00e3i m\u00e3i cho v\u1ecb lai m\u00e0 Ph\u1eadt A Di \u0110\u00e0 v\u1eabn c\u00f2n s\u1ed1ng. N\u00f3i c\u00e1ch kh\u00e1c c\u00f3 th\u1eddi gian l\u00e0 c\u00f3 Ph\u1eadt A Di \u0110\u00e0. V\u1eady Ph\u1eadt A Di \u0110\u00e0 l\u00e0 Ph\u1eadt bi\u1ec3u t\u01b0\u1ee3ng cho c\u1ea3 kh\u00f4ng gian v\u00e0 th\u1eddi gian. Nh\u01b0ng trong th\u1ebf gian c\u00e1i g\u00ec l\u00e0 bi\u1ec3u t\u01b0\u1ee3ng cho kh\u00f4ng gian v\u00e0 th\u1eddi gian? \u0110\u00f3 ch\u00ednh l\u00e0 v\u0169 tr\u1ee5. Th\u1ebf th\u00ec Ph\u1eadt A Di \u0110\u00e0 l\u00e0 bi\u1ec3u t\u01b0\u1ee3ng c\u1ee7a v\u0169 tr\u1ee5. N\u00f3i c\u00e1ch kh\u00e1c Ph\u1eadt A Di \u0110\u00e0 l\u00e0 \u00e1m ch\u1ec9 cho kh\u00f4ng gian thanh t\u1ecbnh tr\u00f9m kh\u1eafp m\u01b0\u1eddi ph\u01b0\u01a1ng v\u00e0 th\u1eddi gian thanh t\u1ecbnh su\u1ed1t ba \u0111\u1eddi. \u0110\u00f3 ch\u00ednh l\u00e0 t\u1ef1 t\u00e1nh thanh t\u1ecbnh b\u1ea3n nhi\u00ean (ch\u01a1n t\u00e2m, Ph\u1eadt t\u00e1nh) tr\u00f9m kh\u1eafp kh\u00f4ng gian v\u00e0 su\u1ed1t c\u1ea3 chi\u1ec1u d\u00e0i c\u1ee7a qu\u00e1 kh\u1ee9, hi\u1ec7n t\u1ea1i v\u00e0 v\u1ecb lai. V\u1eady ch\u00fang sinh hi\u1ec7n gi\u1edd l\u00e0 \u0111ang \u1edf trong ph\u00e1p th\u00e2n thanh t\u1ecbnh c\u1ee7a Ph\u1eadt A Di \u0110\u00e0.<\/p>\n<p>4)Ph\u01b0\u01a1ng B\u1eafc: \u0111\u1ee9c Di\u1ec7m-Ki\u00ean-Ph\u1eadt t\u1ee9c l\u00e0 V\u00f4 L\u01b0\u1ee3ng Quang Nghi\u00eam Th\u00f4ng \u0110\u1ea1t Gi\u00e1c Hu\u1ec7 Nh\u01b0 Lai. Di\u1ec7m l\u00e0 l\u1eeda t\u1ee9c l\u00e0 bi\u1ec3u t\u01b0\u1ee3ng cho tr\u00ed tu\u1ec7. Ki\u00ean l\u00e0 hai c\u00e1i vai d\u00f9ng \u0111\u1ec3 bi\u1ec3u th\u1ecb cho Quy\u1ec1n Tr\u00ed v\u00e0 Th\u1eadt Tr\u00ed. D\u1ef1a theo Ph\u1eadt gi\u00e1o \u0110\u1ea1i th\u1eeba, \u0110\u1ee9c Ph\u1eadt c\u00f3 l\u00fac n\u00f3i quy\u1ec1n (th\u00ed d\u1ee5, kh\u00f4ng th\u1eadt) v\u00e0 c\u00f3 l\u00fac Ph\u1eadt n\u00f3i th\u1eadt v\u00ec th\u1ebf ng\u01b0\u1eddi \u0111\u1ec7 t\u1eed Ph\u1eadt ph\u1ea3i c\u00f3 \u0111\u1ee7 tr\u00ed tu\u1ec7 \u0111\u1ec3 nh\u1eadn bi\u1ebft.<\/p>\n<p>5)\u1ede ph\u01b0\u01a1ng d\u01b0\u1edbi: \u0111\u1ee9c S\u01b0-T\u1eed Ph\u1eadt. S\u01b0 t\u1eed t\u01b0\u1ee3ng tr\u01b0ng cho Ch\u00e1nh Ph\u00e1p cho n\u00ean S\u01b0 t\u1eed h\u1ed1ng l\u00e0 t\u01b0\u1ee3ng tr\u01b0ng cho Ph\u1eadt thuy\u1ebft ph\u00e1p.<\/p>\n<p>6)\u1ede ph\u01b0\u01a1ng tr\u00ean: \u0111\u1ee9c Ph\u1ea1m-\u00c2m Ph\u1eadt t\u1ee9c l\u00e0 Ph\u1ea1m \u00c2m Nh\u01b0 Lai.<\/p>\n<p>7)H\u01b0\u1edbng \u0110\u00f4ng Nam: T\u1ed1i Th\u01b0\u1ee3ng Qu\u1ea3ng \u0110\u1ea1i V\u00e2n L\u00f4i \u00c2m V\u01b0\u01a1ng Nh\u01b0 Lai.<\/p>\n<p>8)H\u01b0\u1edbng T\u00e2y Nam: T\u1ed1i Th\u01b0\u1ee3ng Nh\u1eadt Quang Danh X\u01b0ng C\u00f4ng \u0110\u1ee9c Nh\u01b0 Lai.<\/p>\n<p>9)H\u01b0\u1edbng T\u00e2y B\u1eafc: V\u00f4 L\u01b0\u1ee3ng C\u00f4ng \u0110\u1ee9c H\u1ecfa V\u01b0\u01a1ng Quang Minh Nh\u01b0 Lai.<\/p>\n<p>10)H\u01b0\u1edbng \u0110\u00f4ng B\u1eafc: V\u00f4 S\u1ed1 B\u00e1ch Thi\u00ean C\u00e2u Chi Qu\u1ea3ng Hu\u1ec7 Nh\u01b0 Lai.<\/p>\n<p>TH\u1eacP PH\u00c1P GI\u1edaI<\/p>\n<p>1.Ph\u00e1p gi\u1edbi c\u1ee7a\u00a0Ph\u1eadt.<\/p>\n<p>2. Ph\u00e1p gi\u1edbi c\u1ee7a B\u1ed3 T\u00e1t.<\/p>\n<p>3. Ph\u00e1p gi\u1edbi c\u1ee7a Duy\u00ean Gi\u00e1c.<\/p>\n<p>4. Ph\u00e1p gi\u1edbi c\u1ee7a Thanh V\u0103n.<\/p>\n<p>5. Ph\u00e1p gi\u1edbi c\u1ee7a ch\u01b0 Thi\u00ean.<\/p>\n<p>6. Ph\u00e1p gi\u1edbi c\u1ee7a lo\u00e0i ng\u01b0\u1eddi.<\/p>\n<p>7. Ph\u00e1p gi\u1edbi c\u1ee7a A Tu La.<\/p>\n<p>8. Ph\u00e1p gi\u1edbi c\u1ee7a s\u00fac sinh.<\/p>\n<p>9. Ph\u00e1p gi\u1edbi c\u1ee7a ng\u1ea1 qu\u1ef7.<\/p>\n<p>10. Ph\u00e1p gi\u1edbi c\u1ee7a \u0111\u1ecba ng\u1ee5c.<\/p>\n<p>T\u00e2m th\u1ee9c con ng\u01b0\u1eddi bi\u1ebfn \u0111\u1ed5i kh\u00f4n l\u01b0\u1eddng t\u1eebng s\u00e1t na, t\u1eebng gi\u00e2y, t\u1eebng ph\u00fat, duy\u00ean theo ngo\u1ea1i c\u1ea3nh do \u0111\u00f3 c\u1ee9 m\u1ed7i t\u00e2m ni\u1ec7m thay \u0111\u1ed5i ch\u00fang ta \u0111ang s\u1ed1ng m\u1ed9t trong m\u01b0\u1eddi c\u1ea3nh gi\u1edbi t\u01b0\u01a1ng \u1ee9ng v\u1edbi t\u00e2m ni\u1ec7m \u0111\u00f3 cho n\u00ean c\u00f3 l\u00fac ch\u00fang ta an l\u1ea1c, c\u00f3 l\u00fac ch\u00fang ta \u0111au kh\u1ed5. V\u00ec th\u1ebf n\u1ebfu ch\u00fang sinh bi\u1ebft s\u1ed1ng trong t\u1ec9nh th\u1ee9c ch\u00e1nh ni\u1ec7m \u0111\u1ec3 ki\u1ec3m so\u00e1t nh\u1eefng bi\u1ebfn h\u00e0nh c\u1ee7a th\u00e2n, th\u1ecd, t\u00e2m, ph\u00e1p th\u00ec ch\u1eafc ch\u1eafn s\u1ebd c\u00f3 an l\u1ea1c, kh\u00f4ng r\u01a1i v\u00e0o c\u1ea3nh kh\u1ed5.<\/p>\n<p>&nbsp;<\/p>\n<p>L\u00ea S\u1ef9 Minh T\u00f9ng<\/p>\n","protected":false},"excerpt":{"rendered":"<p>http:\/\/www.lesyminhtung.net\/index.php?option=com_content&#038;view=article&#038;id=426:muoi-phuong-chu-phat&#038;catid=25:trang-nha&#038;Itemid=1 Theo Ph\u1eadt gi\u00e1o Nguy\u00ean th\u1ee7y th\u00ec kh\u00f4ng th\u1ec3 c\u00f3 2 \u0111\u1ee9c Ph\u1eadt c\u00f9ng xu\u1ea5t hi\u1ec7n n\u00ean ch\u1ee7 tr\u01b0\u01a1ng thuy\u1ebft \u201cNh\u1ea5t Ph\u1eadt\u201d, \u0111\u00f3 l\u00e0 ch\u1ec9 \u2026 <a class=\"continue-reading-link\" href=\"https:\/\/www.pagodethienminh.fr\/?page_id=4382\">Continue \u00e0 lire <span class=\"meta-nav\">&rarr; <\/span><\/a><\/p>\n","protected":false},"author":1,"featured_media":0,"parent":35,"menu_order":0,"comment_status":"closed","ping_status":"closed","template":"template-onecolumn.php","meta":{"_mc_calendar":[],"footnotes":""},"class_list":["post-4382","page","type-page","status-publish","hentry"],"_links":{"self":[{"href":"https:\/\/www.pagodethienminh.fr\/index.php?rest_route=\/wp\/v2\/pages\/4382","targetHints":{"allow":["GET"]}}],"collection":[{"href":"https:\/\/www.pagodethienminh.fr\/index.php?rest_route=\/wp\/v2\/pages"}],"about":[{"href":"https:\/\/www.pagodethienminh.fr\/index.php?rest_route=\/wp\/v2\/types\/page"}],"author":[{"embeddable":true,"href":"https:\/\/www.pagodethienminh.fr\/index.php?rest_route=\/wp\/v2\/users\/1"}],"replies":[{"embeddable":true,"href":"https:\/\/www.pagodethienminh.fr\/index.php?rest_route=%2Fwp%2Fv2%2Fcomments&post=4382"}],"version-history":[{"count":1,"href":"https:\/\/www.pagodethienminh.fr\/index.php?rest_route=\/wp\/v2\/pages\/4382\/revisions"}],"predecessor-version":[{"id":4383,"href":"https:\/\/www.pagodethienminh.fr\/index.php?rest_route=\/wp\/v2\/pages\/4382\/revisions\/4383"}],"up":[{"embeddable":true,"href":"https:\/\/www.pagodethienminh.fr\/index.php?rest_route=\/wp\/v2\/pages\/35"}],"wp:attachment":[{"href":"https:\/\/www.pagodethienminh.fr\/index.php?rest_route=%2Fwp%2Fv2%2Fmedia&parent=4382"}],"curies":[{"name":"wp","href":"https:\/\/api.w.org\/{rel}","templated":true}]}}